{"id":974,"date":"2017-01-23T14:12:05","date_gmt":"2017-01-23T14:12:05","guid":{"rendered":"http:\/\/rentalpanda.es\/produkt\/flaschenwaermer-glaeschenwaermer\/"},"modified":"2025-02-12T04:13:35","modified_gmt":"2025-02-12T04:13:35","slug":"calentador-bebe-para-alquilar-mallorca","status":"publish","type":"product","link":"https:\/\/rentalpanda.es\/es\/produkt\/flaschenwaermer-glaeschenwaermer\/","title":{"rendered":"Calienta Biberones: Port\u00e1til Philips"},"content":{"rendered":"<h2><strong>Calienta Biberones: Port\u00e1til Philips<\/strong><\/h2>\n<p>\u00a1El n\u00famero 1 recomend\u00f3 el calentador de alimentos y biberones seg\u00fan lo votado por las madres! El calentador el\u00e9ctrico de alimentos para beb\u00e9s es perfecto para sus biberones, contenedores de alimentos o frascos. Momias y pap\u00e1s: s\u00e9 inteligente en Mallorca: entrega tu comida para beb\u00e9s y calienta con nuestro biber\u00f3n y calentador de comida para beb\u00e9s. En solo unos minutos, tendr\u00e1 la temperatura perfecta con la comida del beb\u00e9 calentada suave y uniformemente, sin que alguna parte se enfr\u00ede o caliente demasiado.<\/p>\n<h2>Calienta Biberones Port\u00e1til<\/h2>\n<p>\u00a1RentalPanda significa conveniencia para ustedes como padres! R\u00e1pido y f\u00e1cil de usar: el biber\u00f3n y el calientaplatos calientan 125 ml de leche a temperatura ambiente en solo unos 4 minutos. Simplemente agregue agua y seleccione la configuraci\u00f3n, no habr\u00e1 sobrecalentamiento, lo que ayudar\u00e1 a proteger a su beb\u00e9.<\/p>\n<h3>Beneficios Calienta Biberones: Port\u00e1til Philips<\/h3>\n<ul>\n<li>R\u00e1pido y f\u00e1cil de usar<\/li>\n<li>R\u00e1pido y f\u00e1cil de usar<\/li>\n<li>Se calienta suave y uniformemente<\/li>\n<li>Para botellas, envases de alimentos y tarritos.<\/li>\n<\/ul>\n<h3>Calienta Biberones: Detalles T\u00e9cnicos<\/h3>\n<p>Peso: 0.5kg<br \/>\nDimensiones AAP: 15x13x13cm<\/p>\n<p>Para biberones, envases de alimentos y tarritos para beb\u00e9s.<\/p>","protected":false},"excerpt":{"rendered":"<p>\u00a1Calienta biberones para cualquier tipo de leche o alimentos para beb\u00e9s en solo unos minutos! \u00a1Sea cual sea el clima, sus peque\u00f1os ahora pueden comer a la temperatura adecuada! Para biberones o tarritos.<\/p>","protected":false},"featured_media":14327,"comment_status":"open","ping_status":"closed","template":"","meta":[],"product_brand":[],"product_cat":[87,99,90],"product_tag":[151,152],"class_list":{"0":"post-974","1":"product","2":"type-product","3":"status-publish","4":"has-post-thumbnail","6":"product_cat-baby-kind","7":"product_cat-essen","8":"product_cat-mieten","9":"product_tag-flaschenwaermer","10":"product_tag-glaeschenwaermer","12":"first","13":"instock","14":"taxable","15":"shipping-taxable","16":"purchasable","17":"product-type-simple"},"yoast_head":"<!-- This site is optimized with the Yoast SEO plugin v27.1.1 - https:\/\/yoast.com\/product\/yoast-seo-wordpress\/ -->\n<title>Babyartikel Mieten Mallorca: Flaschenw\u00e4rmer | RentalPanda.es<\/title>\n<meta name=\"description\" content=\"Auch im Urlaub auf Mallorca stressfrei die Kleinen versorgen, mit dem Flaschenw\u00e4rmer von Philips AVENT kein Problem. Jetzt g\u00fcnstig mieten!\" \/>\n<meta name=\"robots\" content=\"index, follow, max-snippet:-1, max-image-preview:large, max-video-preview:-1\" \/>\n<link rel=\"canonical\" href=\"https:\/\/rentalpanda.es\/es\/producto\/calentador-bebe-para-alquilar-mallorca\/\" \/>\n<meta property=\"og:locale\" content=\"es_ES\" \/>\n<meta property=\"og:type\" content=\"article\" \/>\n<meta property=\"og:title\" content=\"Babyartikel Mieten Mallorca: Flaschenw\u00e4rmer | RentalPanda.es\" \/>\n<meta property=\"og:description\" content=\"Auch im Urlaub auf Mallorca stressfrei die Kleinen versorgen, mit dem Flaschenw\u00e4rmer von Philips AVENT kein Problem. Jetzt g\u00fcnstig mieten!\" \/>\n<meta property=\"og:url\" content=\"https:\/\/rentalpanda.es\/es\/producto\/calentador-bebe-para-alquilar-mallorca\/\" \/>\n<meta property=\"og:site_name\" content=\"RentalPanda.es\" \/>\n<meta property=\"article:publisher\" content=\"https:\/\/www.facebook.com\/rentalpandamallorca\" \/>\n<meta property=\"article:modified_time\" content=\"2025-02-12T04:13:35+00:00\" \/>\n<meta property=\"og:image\" content=\"https:\/\/rentalpanda.es\/wp-content\/uploads\/2017\/01\/flaschenwaermer-1.png\" \/>\n\t<meta property=\"og:image:width\" content=\"427\" \/>\n\t<meta property=\"og:image:height\" content=\"480\" \/>\n\t<meta property=\"og:image:type\" content=\"image\/png\" \/>\n<meta name=\"twitter:card\" content=\"summary_large_image\" \/>\n<meta name=\"twitter:label1\" content=\"Tiempo de lectura\" \/>\n\t<meta name=\"twitter:data1\" content=\"2 minutos\" \/>\n<script type=\"application\/ld+json\" class=\"yoast-schema-graph\">{\"@context\":\"https:\/\/schema.org\",\"@graph\":[{\"@type\":\"WebPage\",\"@id\":\"https:\/\/rentalpanda.es\/produkt\/flaschenwaermer-glaeschenwaermer\/\",\"url\":\"https:\/\/rentalpanda.es\/produkt\/flaschenwaermer-glaeschenwaermer\/\",\"name\":\"Babyartikel Mieten Mallorca: Flaschenw\u00e4rmer | RentalPanda.es\",\"isPartOf\":{\"@id\":\"https:\/\/rentalpanda.es\/en\/#website\"},\"primaryImageOfPage\":{\"@id\":\"https:\/\/rentalpanda.es\/produkt\/flaschenwaermer-glaeschenwaermer\/#primaryimage\"},\"image\":{\"@id\":\"https:\/\/rentalpanda.es\/produkt\/flaschenwaermer-glaeschenwaermer\/#primaryimage\"},\"thumbnailUrl\":\"https:\/\/rentalpanda.es\/wp-content\/uploads\/2017\/01\/flaschenwaermer-1.png\",\"datePublished\":\"2017-01-23T14:12:05+00:00\",\"dateModified\":\"2025-02-12T04:13:35+00:00\",\"description\":\"Auch im Urlaub auf Mallorca stressfrei die Kleinen versorgen, mit dem Flaschenw\u00e4rmer von Philips AVENT kein Problem. Jetzt g\u00fcnstig mieten!\",\"breadcrumb\":{\"@id\":\"https:\/\/rentalpanda.es\/produkt\/flaschenwaermer-glaeschenwaermer\/#breadcrumb\"},\"inLanguage\":\"es\",\"potentialAction\":[{\"@type\":\"ReadAction\",\"target\":[\"https:\/\/rentalpanda.es\/produkt\/flaschenwaermer-glaeschenwaermer\/\"]}]},{\"@type\":\"ImageObject\",\"inLanguage\":\"es\",\"@id\":\"https:\/\/rentalpanda.es\/produkt\/flaschenwaermer-glaeschenwaermer\/#primaryimage\",\"url\":\"https:\/\/rentalpanda.es\/wp-content\/uploads\/2017\/01\/flaschenwaermer-1.png\",\"contentUrl\":\"https:\/\/rentalpanda.es\/wp-content\/uploads\/2017\/01\/flaschenwaermer-1.png\",\"width\":427,\"height\":480,\"caption\":\"flaschenw\u00e4rmer\"},{\"@type\":\"BreadcrumbList\",\"@id\":\"https:\/\/rentalpanda.es\/produkt\/flaschenwaermer-glaeschenwaermer\/#breadcrumb\",\"itemListElement\":[{\"@type\":\"ListItem\",\"position\":1,\"name\":\"Startseite\",\"item\":\"https:\/\/rentalpanda.es\/\"},{\"@type\":\"ListItem\",\"position\":2,\"name\":\"Shop\",\"item\":\"https:\/\/rentalpanda.es\/shop\/\"},{\"@type\":\"ListItem\",\"position\":3,\"name\":\"Philips AVENT Flaschenw\u00e4rmer\"}]},{\"@type\":\"WebSite\",\"@id\":\"https:\/\/rentalpanda.es\/en\/#website\",\"url\":\"https:\/\/rentalpanda.es\/en\/\",\"name\":\"RentalPanda.es\",\"description\":\"Baby, Beach &amp; Holiday Gear for Rent\",\"publisher\":{\"@id\":\"https:\/\/rentalpanda.es\/en\/#organization\"},\"potentialAction\":[{\"@type\":\"SearchAction\",\"target\":{\"@type\":\"EntryPoint\",\"urlTemplate\":\"https:\/\/rentalpanda.es\/en\/?s={search_term_string}\"},\"query-input\":{\"@type\":\"PropertyValueSpecification\",\"valueRequired\":true,\"valueName\":\"search_term_string\"}}],\"inLanguage\":\"es\"},{\"@type\":\"Organization\",\"@id\":\"https:\/\/rentalpanda.es\/en\/#organization\",\"name\":\"Rentalpanda.es\",\"url\":\"https:\/\/rentalpanda.es\/en\/\",\"logo\":{\"@type\":\"ImageObject\",\"inLanguage\":\"es\",\"@id\":\"https:\/\/rentalpanda.es\/en\/#\/schema\/logo\/image\/\",\"url\":\"https:\/\/rentalpanda.es\/wp-content\/uploads\/2017\/02\/rentalpanda-logo-webseite-end.png\",\"contentUrl\":\"https:\/\/rentalpanda.es\/wp-content\/uploads\/2017\/02\/rentalpanda-logo-webseite-end.png\",\"width\":260,\"height\":71,\"caption\":\"Rentalpanda.es\"},\"image\":{\"@id\":\"https:\/\/rentalpanda.es\/en\/#\/schema\/logo\/image\/\"},\"sameAs\":[\"https:\/\/www.facebook.com\/rentalpandamallorca\"]}]}<\/script>\n<!-- \/ Yoast SEO plugin. -->","yoast_head_json":{"title":"Calienta Biberones Port\u00e1til en Mallorca | RentalPanda.es","description":"Alquila el calentador de biberones Philips AVENT en Mallorca. F\u00e1cil, fiable y con entrega en tu alojamiento.","robots":{"index":"index","follow":"follow","max-snippet":"max-snippet:-1","max-image-preview":"max-image-preview:large","max-video-preview":"max-video-preview:-1"},"canonical":"https:\/\/rentalpanda.es\/es\/producto\/calentador-bebe-para-alquilar-mallorca\/","og_locale":"es_ES","og_type":"article","og_title":"Babyartikel Mieten Mallorca: Flaschenw\u00e4rmer | RentalPanda.es","og_description":"Auch im Urlaub auf Mallorca stressfrei die Kleinen versorgen, mit dem Flaschenw\u00e4rmer von Philips AVENT kein Problem. Jetzt g\u00fcnstig mieten!","og_url":"https:\/\/rentalpanda.es\/es\/producto\/calentador-bebe-para-alquilar-mallorca\/","og_site_name":"RentalPanda.es","article_publisher":"https:\/\/www.facebook.com\/rentalpandamallorca","article_modified_time":"2025-02-12T04:13:35+00:00","og_image":[{"width":427,"height":480,"url":"https:\/\/rentalpanda.es\/wp-content\/uploads\/2017\/01\/flaschenwaermer-1.png","type":"image\/png"}],"twitter_card":"summary_large_image","twitter_misc":{"Tiempo de lectura":"2 minutos"},"schema":{"@context":"https:\/\/schema.org","@graph":[{"@type":"WebPage","@id":"https:\/\/rentalpanda.es\/produkt\/flaschenwaermer-glaeschenwaermer\/","url":"https:\/\/rentalpanda.es\/produkt\/flaschenwaermer-glaeschenwaermer\/","name":"Calienta Biberones Port\u00e1til en Mallorca | RentalPanda.es","isPartOf":{"@id":"https:\/\/rentalpanda.es\/en\/#website"},"primaryImageOfPage":{"@id":"https:\/\/rentalpanda.es\/produkt\/flaschenwaermer-glaeschenwaermer\/#primaryimage"},"image":{"@id":"https:\/\/rentalpanda.es\/produkt\/flaschenwaermer-glaeschenwaermer\/#primaryimage"},"thumbnailUrl":"https:\/\/rentalpanda.es\/wp-content\/uploads\/2017\/01\/flaschenwaermer-1.png","datePublished":"2017-01-23T14:12:05+00:00","dateModified":"2025-02-12T04:13:35+00:00","description":"Alquila el calentador de biberones Philips AVENT en Mallorca. F\u00e1cil, fiable y con entrega en tu alojamiento.","breadcrumb":{"@id":"https:\/\/rentalpanda.es\/produkt\/flaschenwaermer-glaeschenwaermer\/#breadcrumb"},"inLanguage":"es","potentialAction":[{"@type":"ReadAction","target":["https:\/\/rentalpanda.es\/produkt\/flaschenwaermer-glaeschenwaermer\/"]}]},{"@type":"ImageObject","inLanguage":"es","@id":"https:\/\/rentalpanda.es\/produkt\/flaschenwaermer-glaeschenwaermer\/#primaryimage","url":"https:\/\/rentalpanda.es\/wp-content\/uploads\/2017\/01\/flaschenwaermer-1.png","contentUrl":"https:\/\/rentalpanda.es\/wp-content\/uploads\/2017\/01\/flaschenwaermer-1.png","width":427,"height":480,"caption":"flaschenw\u00e4rmer"},{"@type":"BreadcrumbList","@id":"https:\/\/rentalpanda.es\/produkt\/flaschenwaermer-glaeschenwaermer\/#breadcrumb","itemListElement":[{"@type":"ListItem","position":1,"name":"Startseite","item":"https:\/\/rentalpanda.es\/"},{"@type":"ListItem","position":2,"name":"Shop","item":"https:\/\/rentalpanda.es\/shop\/"},{"@type":"ListItem","position":3,"name":"Philips AVENT Flaschenw\u00e4rmer"}]},{"@type":"WebSite","@id":"https:\/\/rentalpanda.es\/en\/#website","url":"https:\/\/rentalpanda.es\/en\/","name":"RentalPanda.es","description":"Baby, Beach &amp; Holiday Gear for Rent","publisher":{"@id":"https:\/\/rentalpanda.es\/en\/#organization"},"potentialAction":[{"@type":"SearchAction","target":{"@type":"EntryPoint","urlTemplate":"https:\/\/rentalpanda.es\/en\/?s={search_term_string}"},"query-input":{"@type":"PropertyValueSpecification","valueRequired":true,"valueName":"search_term_string"}}],"inLanguage":"es"},{"@type":"Organization","@id":"https:\/\/rentalpanda.es\/en\/#organization","name":"Rentalpanda.es","url":"https:\/\/rentalpanda.es\/en\/","logo":{"@type":"ImageObject","inLanguage":"es","@id":"https:\/\/rentalpanda.es\/en\/#\/schema\/logo\/image\/","url":"https:\/\/rentalpanda.es\/wp-content\/uploads\/2017\/02\/rentalpanda-logo-webseite-end.png","contentUrl":"https:\/\/rentalpanda.es\/wp-content\/uploads\/2017\/02\/rentalpanda-logo-webseite-end.png","width":260,"height":71,"caption":"Rentalpanda.es"},"image":{"@id":"https:\/\/rentalpanda.es\/en\/#\/schema\/logo\/image\/"},"sameAs":["https:\/\/www.facebook.com\/rentalpandamallorca"]}]}},"_links":{"self":[{"href":"https:\/\/rentalpanda.es\/es\/wp-json\/wp\/v2\/product\/974","targetHints":{"allow":["GET"]}}],"collection":[{"href":"https:\/\/rentalpanda.es\/es\/wp-json\/wp\/v2\/product"}],"about":[{"href":"https:\/\/rentalpanda.es\/es\/wp-json\/wp\/v2\/types\/product"}],"replies":[{"embeddable":true,"href":"https:\/\/rentalpanda.es\/es\/wp-json\/wp\/v2\/comments?post=974"}],"wp:featuredmedia":[{"embeddable":true,"href":"https:\/\/rentalpanda.es\/es\/wp-json\/wp\/v2\/media\/14327"}],"wp:attachment":[{"href":"https:\/\/rentalpanda.es\/es\/wp-json\/wp\/v2\/media?parent=974"}],"wp:term":[{"taxonomy":"product_brand","embeddable":true,"href":"https:\/\/rentalpanda.es\/es\/wp-json\/wp\/v2\/product_brand?post=974"},{"taxonomy":"product_cat","embeddable":true,"href":"https:\/\/rentalpanda.es\/es\/wp-json\/wp\/v2\/product_cat?post=974"},{"taxonomy":"product_tag","embeddable":true,"href":"https:\/\/rentalpanda.es\/es\/wp-json\/wp\/v2\/product_tag?post=974"}],"curies":[{"name":"wp","href":"https:\/\/api.w.org\/{rel}","templated":true}]}}