{"id":953,"date":"2017-01-23T13:50:12","date_gmt":"2017-01-23T13:50:12","guid":{"rendered":"http:\/\/rentalpanda.es\/produkt\/dampf-sterilisator-fuer-mikrowelle\/"},"modified":"2025-02-27T06:48:23","modified_gmt":"2025-02-27T06:48:23","slug":"vapor-esterilizador-alquilar-mallorca","status":"publish","type":"product","link":"https:\/\/rentalpanda.es\/es\/produkt\/dampf-sterilisator-fuer-mikrowelle\/","title":{"rendered":"Esterilizador Biberones Para Microondas"},"content":{"rendered":"<h2>Esterilizador Biberones<\/h2>\n<p>\u00a1Est\u00e9 seguro en su casa de vacaciones en Mallorca con RentalPanda.es y esterilice efectivamente los accesorios de su beb\u00e9! A trav\u00e9s de la esterilizaci\u00f3n, su beb\u00e9 est\u00e1 protegido de bacterias da\u00f1inas, hasta que el sistema inmunitario sea lo suficientemente fuerte como para funcionar por s\u00ed solo. Los estudios han demostrado que los beb\u00e9s necesitan hasta un a\u00f1o para desarrollar un sistema inmunitario similar al de los adultos. Durante este tiempo, la esterilizaci\u00f3n de biberones, bombas de leche y chupetes protege a su beb\u00e9 permanentemente.<\/p>\n<h2>Esterilizador Biberones Microonda<\/h2>\n<p>La esterilizaci\u00f3n con vapor es un proceso r\u00e1pido y eficiente y funciona sin productos qu\u00edmicos. El esterilizador a vapor para microondas ha sido dise\u00f1ado para usarse con la mayor\u00eda de las microondas. Perfecto para viajar, ya sea en un viaje corto o en vacaciones y vacaciones m\u00e1s largas. El contenido del esterilizador permanece est\u00e9ril durante 24 horas con la tapa sin abrir.<\/p>\n<h3>Beneficios Esterilizador Biberones<\/h3>\n<ul>\n<li>Esterilizado en 2 minutos.<\/li>\n<li>El contenido permanece est\u00e9ril durante 24 horas.<\/li>\n<li>Para 4 botellas + maniqu\u00edes<\/li>\n<li>Libre de qu\u00edmicos<\/li>\n<\/ul>\n<h3>Esterilizador Biberones: Detalles T\u00e9cnicos<\/h3>\n<p>Peso: 0.7kg<br \/>\nDimensiones AAP: 16x28x28cm<\/p>\n<p>Para esterilizar botellas, envases de alimentos, chupetes y accesorios.<\/p>","protected":false},"excerpt":{"rendered":"<p>\u00a1La manera perfecta de limpiar y esterilizar sus biberones! Con el esterilizador biberones, en pocos minutos las botellas, los chupetes, los accesorios y las piezas peque\u00f1as se esterilizan en el microondas mediante una desinfecci\u00f3n ecol\u00f3gica con vapor de agua y sin productos qu\u00edmicos desagradables.<\/p>","protected":false},"featured_media":14330,"comment_status":"open","ping_status":"closed","template":"","meta":[],"product_brand":[],"product_cat":[87,99,90,100],"product_tag":[150,153],"class_list":{"0":"post-953","1":"product","2":"type-product","3":"status-publish","4":"has-post-thumbnail","6":"product_cat-baby-kind","7":"product_cat-essen","8":"product_cat-mieten","9":"product_cat-sicherheit","10":"product_tag-sterilisator-baby","11":"product_tag-sterilisierer","13":"first","14":"instock","15":"taxable","16":"shipping-taxable","17":"purchasable","18":"product-type-simple"},"yoast_head":"<!-- This site is optimized with the Yoast SEO plugin v27.1.1 - https:\/\/yoast.com\/product\/yoast-seo-wordpress\/ -->\n<title>Babyartikel Mieten Mallorca: Dampfsterilisator | RentalPanda.es<\/title>\n<meta name=\"description\" content=\"Gerade im Urlaub lieber auf Nummer sicher gehen: Dampfsterilisator f\u00fcr Babyflaschen und Schnuller mit Hei\u00dfdesinfektion in der Mikrowelle.\" \/>\n<meta name=\"robots\" content=\"index, follow, max-snippet:-1, max-image-preview:large, max-video-preview:-1\" \/>\n<link rel=\"canonical\" href=\"https:\/\/rentalpanda.es\/es\/producto\/vapor-esterilizador-alquilar-mallorca\/\" \/>\n<meta property=\"og:locale\" content=\"es_ES\" \/>\n<meta property=\"og:type\" content=\"article\" \/>\n<meta property=\"og:title\" content=\"Babyartikel Mieten Mallorca: Dampfsterilisator | RentalPanda.es\" \/>\n<meta property=\"og:description\" content=\"Gerade im Urlaub lieber auf Nummer sicher gehen: Dampfsterilisator f\u00fcr Babyflaschen und Schnuller mit Hei\u00dfdesinfektion in der Mikrowelle.\" \/>\n<meta property=\"og:url\" content=\"https:\/\/rentalpanda.es\/es\/producto\/vapor-esterilizador-alquilar-mallorca\/\" \/>\n<meta property=\"og:site_name\" content=\"RentalPanda.es\" \/>\n<meta property=\"article:publisher\" content=\"https:\/\/www.facebook.com\/rentalpandamallorca\" \/>\n<meta property=\"article:modified_time\" content=\"2025-02-27T06:48:23+00:00\" \/>\n<meta property=\"og:image\" content=\"https:\/\/rentalpanda.es\/wp-content\/uploads\/2017\/01\/dampfsterilisator-mallorca.png\" \/>\n\t<meta property=\"og:image:width\" content=\"427\" \/>\n\t<meta property=\"og:image:height\" content=\"480\" \/>\n\t<meta property=\"og:image:type\" content=\"image\/png\" \/>\n<meta name=\"twitter:card\" content=\"summary_large_image\" \/>\n<meta name=\"twitter:label1\" content=\"Tiempo de lectura\" \/>\n\t<meta name=\"twitter:data1\" content=\"2 minutos\" \/>\n<script type=\"application\/ld+json\" class=\"yoast-schema-graph\">{\"@context\":\"https:\/\/schema.org\",\"@graph\":[{\"@type\":\"WebPage\",\"@id\":\"https:\/\/rentalpanda.es\/produkt\/dampf-sterilisator-fuer-mikrowelle\/\",\"url\":\"https:\/\/rentalpanda.es\/produkt\/dampf-sterilisator-fuer-mikrowelle\/\",\"name\":\"Babyartikel Mieten Mallorca: Dampfsterilisator | RentalPanda.es\",\"isPartOf\":{\"@id\":\"https:\/\/rentalpanda.es\/en\/#website\"},\"primaryImageOfPage\":{\"@id\":\"https:\/\/rentalpanda.es\/produkt\/dampf-sterilisator-fuer-mikrowelle\/#primaryimage\"},\"image\":{\"@id\":\"https:\/\/rentalpanda.es\/produkt\/dampf-sterilisator-fuer-mikrowelle\/#primaryimage\"},\"thumbnailUrl\":\"https:\/\/rentalpanda.es\/wp-content\/uploads\/2017\/01\/dampfsterilisator-mallorca.png\",\"datePublished\":\"2017-01-23T13:50:12+00:00\",\"dateModified\":\"2025-02-27T06:48:23+00:00\",\"description\":\"Gerade im Urlaub lieber auf Nummer sicher gehen: Dampfsterilisator f\u00fcr Babyflaschen und Schnuller mit Hei\u00dfdesinfektion in der Mikrowelle.\",\"breadcrumb\":{\"@id\":\"https:\/\/rentalpanda.es\/produkt\/dampf-sterilisator-fuer-mikrowelle\/#breadcrumb\"},\"inLanguage\":\"es\",\"potentialAction\":[{\"@type\":\"ReadAction\",\"target\":[\"https:\/\/rentalpanda.es\/produkt\/dampf-sterilisator-fuer-mikrowelle\/\"]}]},{\"@type\":\"ImageObject\",\"inLanguage\":\"es\",\"@id\":\"https:\/\/rentalpanda.es\/produkt\/dampf-sterilisator-fuer-mikrowelle\/#primaryimage\",\"url\":\"https:\/\/rentalpanda.es\/wp-content\/uploads\/2017\/01\/dampfsterilisator-mallorca.png\",\"contentUrl\":\"https:\/\/rentalpanda.es\/wp-content\/uploads\/2017\/01\/dampfsterilisator-mallorca.png\",\"width\":427,\"height\":480,\"caption\":\"dampfsterilisator-mallorca\"},{\"@type\":\"BreadcrumbList\",\"@id\":\"https:\/\/rentalpanda.es\/produkt\/dampf-sterilisator-fuer-mikrowelle\/#breadcrumb\",\"itemListElement\":[{\"@type\":\"ListItem\",\"position\":1,\"name\":\"Startseite\",\"item\":\"https:\/\/rentalpanda.es\/\"},{\"@type\":\"ListItem\",\"position\":2,\"name\":\"Shop\",\"item\":\"https:\/\/rentalpanda.es\/shop\/\"},{\"@type\":\"ListItem\",\"position\":3,\"name\":\"Phillips AVENT Dampfsterilisator\"}]},{\"@type\":\"WebSite\",\"@id\":\"https:\/\/rentalpanda.es\/en\/#website\",\"url\":\"https:\/\/rentalpanda.es\/en\/\",\"name\":\"RentalPanda.es\",\"description\":\"Baby, Beach &amp; Holiday Gear for Rent\",\"publisher\":{\"@id\":\"https:\/\/rentalpanda.es\/en\/#organization\"},\"potentialAction\":[{\"@type\":\"SearchAction\",\"target\":{\"@type\":\"EntryPoint\",\"urlTemplate\":\"https:\/\/rentalpanda.es\/en\/?s={search_term_string}\"},\"query-input\":{\"@type\":\"PropertyValueSpecification\",\"valueRequired\":true,\"valueName\":\"search_term_string\"}}],\"inLanguage\":\"es\"},{\"@type\":\"Organization\",\"@id\":\"https:\/\/rentalpanda.es\/en\/#organization\",\"name\":\"Rentalpanda.es\",\"url\":\"https:\/\/rentalpanda.es\/en\/\",\"logo\":{\"@type\":\"ImageObject\",\"inLanguage\":\"es\",\"@id\":\"https:\/\/rentalpanda.es\/en\/#\/schema\/logo\/image\/\",\"url\":\"https:\/\/rentalpanda.es\/wp-content\/uploads\/2017\/02\/rentalpanda-logo-webseite-end.png\",\"contentUrl\":\"https:\/\/rentalpanda.es\/wp-content\/uploads\/2017\/02\/rentalpanda-logo-webseite-end.png\",\"width\":260,\"height\":71,\"caption\":\"Rentalpanda.es\"},\"image\":{\"@id\":\"https:\/\/rentalpanda.es\/en\/#\/schema\/logo\/image\/\"},\"sameAs\":[\"https:\/\/www.facebook.com\/rentalpandamallorca\"]}]}<\/script>\n<!-- \/ Yoast SEO plugin. -->","yoast_head_json":{"title":"Esterilisador Biberones: Alquilar en Mallorca | RentalPanda.es","description":"Alquila esterilizador de vapor para biberones y chupetes en Mallorca. R\u00e1pido, seguro y perfecto para vacaciones. Entrega incluida.","robots":{"index":"index","follow":"follow","max-snippet":"max-snippet:-1","max-image-preview":"max-image-preview:large","max-video-preview":"max-video-preview:-1"},"canonical":"https:\/\/rentalpanda.es\/es\/producto\/vapor-esterilizador-alquilar-mallorca\/","og_locale":"es_ES","og_type":"article","og_title":"Babyartikel Mieten Mallorca: Dampfsterilisator | RentalPanda.es","og_description":"Gerade im Urlaub lieber auf Nummer sicher gehen: Dampfsterilisator f\u00fcr Babyflaschen und Schnuller mit Hei\u00dfdesinfektion in der Mikrowelle.","og_url":"https:\/\/rentalpanda.es\/es\/producto\/vapor-esterilizador-alquilar-mallorca\/","og_site_name":"RentalPanda.es","article_publisher":"https:\/\/www.facebook.com\/rentalpandamallorca","article_modified_time":"2025-02-27T06:48:23+00:00","og_image":[{"width":427,"height":480,"url":"https:\/\/rentalpanda.es\/wp-content\/uploads\/2017\/01\/dampfsterilisator-mallorca.png","type":"image\/png"}],"twitter_card":"summary_large_image","twitter_misc":{"Tiempo de lectura":"2 minutos"},"schema":{"@context":"https:\/\/schema.org","@graph":[{"@type":"WebPage","@id":"https:\/\/rentalpanda.es\/produkt\/dampf-sterilisator-fuer-mikrowelle\/","url":"https:\/\/rentalpanda.es\/produkt\/dampf-sterilisator-fuer-mikrowelle\/","name":"Esterilisador Biberones: Alquilar en Mallorca | RentalPanda.es","isPartOf":{"@id":"https:\/\/rentalpanda.es\/en\/#website"},"primaryImageOfPage":{"@id":"https:\/\/rentalpanda.es\/produkt\/dampf-sterilisator-fuer-mikrowelle\/#primaryimage"},"image":{"@id":"https:\/\/rentalpanda.es\/produkt\/dampf-sterilisator-fuer-mikrowelle\/#primaryimage"},"thumbnailUrl":"https:\/\/rentalpanda.es\/wp-content\/uploads\/2017\/01\/dampfsterilisator-mallorca.png","datePublished":"2017-01-23T13:50:12+00:00","dateModified":"2025-02-27T06:48:23+00:00","description":"Alquila esterilizador de vapor para biberones y chupetes en Mallorca. R\u00e1pido, seguro y perfecto para vacaciones. Entrega incluida.","breadcrumb":{"@id":"https:\/\/rentalpanda.es\/produkt\/dampf-sterilisator-fuer-mikrowelle\/#breadcrumb"},"inLanguage":"es","potentialAction":[{"@type":"ReadAction","target":["https:\/\/rentalpanda.es\/produkt\/dampf-sterilisator-fuer-mikrowelle\/"]}]},{"@type":"ImageObject","inLanguage":"es","@id":"https:\/\/rentalpanda.es\/produkt\/dampf-sterilisator-fuer-mikrowelle\/#primaryimage","url":"https:\/\/rentalpanda.es\/wp-content\/uploads\/2017\/01\/dampfsterilisator-mallorca.png","contentUrl":"https:\/\/rentalpanda.es\/wp-content\/uploads\/2017\/01\/dampfsterilisator-mallorca.png","width":427,"height":480,"caption":"dampfsterilisator-mallorca"},{"@type":"BreadcrumbList","@id":"https:\/\/rentalpanda.es\/produkt\/dampf-sterilisator-fuer-mikrowelle\/#breadcrumb","itemListElement":[{"@type":"ListItem","position":1,"name":"Startseite","item":"https:\/\/rentalpanda.es\/"},{"@type":"ListItem","position":2,"name":"Shop","item":"https:\/\/rentalpanda.es\/shop\/"},{"@type":"ListItem","position":3,"name":"Phillips AVENT Dampfsterilisator"}]},{"@type":"WebSite","@id":"https:\/\/rentalpanda.es\/en\/#website","url":"https:\/\/rentalpanda.es\/en\/","name":"RentalPanda.es","description":"Baby, Beach &amp; Holiday Gear for Rent","publisher":{"@id":"https:\/\/rentalpanda.es\/en\/#organization"},"potentialAction":[{"@type":"SearchAction","target":{"@type":"EntryPoint","urlTemplate":"https:\/\/rentalpanda.es\/en\/?s={search_term_string}"},"query-input":{"@type":"PropertyValueSpecification","valueRequired":true,"valueName":"search_term_string"}}],"inLanguage":"es"},{"@type":"Organization","@id":"https:\/\/rentalpanda.es\/en\/#organization","name":"Rentalpanda.es","url":"https:\/\/rentalpanda.es\/en\/","logo":{"@type":"ImageObject","inLanguage":"es","@id":"https:\/\/rentalpanda.es\/en\/#\/schema\/logo\/image\/","url":"https:\/\/rentalpanda.es\/wp-content\/uploads\/2017\/02\/rentalpanda-logo-webseite-end.png","contentUrl":"https:\/\/rentalpanda.es\/wp-content\/uploads\/2017\/02\/rentalpanda-logo-webseite-end.png","width":260,"height":71,"caption":"Rentalpanda.es"},"image":{"@id":"https:\/\/rentalpanda.es\/en\/#\/schema\/logo\/image\/"},"sameAs":["https:\/\/www.facebook.com\/rentalpandamallorca"]}]}},"_links":{"self":[{"href":"https:\/\/rentalpanda.es\/es\/wp-json\/wp\/v2\/product\/953","targetHints":{"allow":["GET"]}}],"collection":[{"href":"https:\/\/rentalpanda.es\/es\/wp-json\/wp\/v2\/product"}],"about":[{"href":"https:\/\/rentalpanda.es\/es\/wp-json\/wp\/v2\/types\/product"}],"replies":[{"embeddable":true,"href":"https:\/\/rentalpanda.es\/es\/wp-json\/wp\/v2\/comments?post=953"}],"wp:featuredmedia":[{"embeddable":true,"href":"https:\/\/rentalpanda.es\/es\/wp-json\/wp\/v2\/media\/14330"}],"wp:attachment":[{"href":"https:\/\/rentalpanda.es\/es\/wp-json\/wp\/v2\/media?parent=953"}],"wp:term":[{"taxonomy":"product_brand","embeddable":true,"href":"https:\/\/rentalpanda.es\/es\/wp-json\/wp\/v2\/product_brand?post=953"},{"taxonomy":"product_cat","embeddable":true,"href":"https:\/\/rentalpanda.es\/es\/wp-json\/wp\/v2\/product_cat?post=953"},{"taxonomy":"product_tag","embeddable":true,"href":"https:\/\/rentalpanda.es\/es\/wp-json\/wp\/v2\/product_tag?post=953"}],"curies":[{"name":"wp","href":"https:\/\/api.w.org\/{rel}","templated":true}]}}