{"id":932,"date":"2017-01-23T13:19:33","date_gmt":"2017-01-23T13:19:33","guid":{"rendered":"http:\/\/rentalpanda.es\/produkt\/sitzerhoehung-fuers-auto\/"},"modified":"2026-04-23T05:00:43","modified_gmt":"2026-04-23T04:00:43","slug":"elevador-coche-para-alquilar-mallorca","status":"publish","type":"product","link":"https:\/\/rentalpanda.es\/es\/produkt\/sitzerhoehung-fuers-auto\/","title":{"rendered":"Asiento Elevador"},"content":{"rendered":"<h2><strong>Elevador Coche Ni\u00f1os<\/strong><\/h2>\n<p>Conduzca con seguridad con sus hijos en las carreteras de Mallorca con los asientos elevados de RentalPanda.<strong> Se puede usar para ni\u00f1os con una altura minima de 125 cm, que se sientan en un asiento para el autom\u00f3vil o en un asiento elevado.<\/strong>El asiento elevador combina comodidad y practicidad, porque es ideal para un cambio r\u00e1pido y f\u00e1cil entre diferentes veh\u00edculos.<\/p>\n<h2>Elevador Coche Ni\u00f1os: Mallorca Seguridad<\/h2>\n<p>Adem\u00e1s, la posici\u00f3n elevada para sentarse hace que la conducci\u00f3n sea m\u00e1s segura para los ni\u00f1os, y el producto es muy pr\u00e1ctico debido a su peso muy ligero y construcci\u00f3n compacta. El asiento elevador simplemente se fija sobre el cintur\u00f3n est\u00e1ndar de 3 puntos del autom\u00f3vil. Los reposabrazos aseguran una posici\u00f3n c\u00f3moda para sentarse para su hijo durante los recorridos cortos y largos por Mallorca. \u00a1Aqu\u00ed vamos!<\/p>\n<h3>Beneficios Elevador Coche Ni\u00f1os:<\/h3>\n<ul>\n<li>Conducci\u00f3n segura con ni\u00f1os<\/li>\n<li>C\u00f3modos reposabrazos<\/li>\n<li>Estable y resistente<\/li>\n<li>Instalaci\u00f3n r\u00e1pida y f\u00e1cil.<\/li>\n<\/ul>\n<h3>Elevador Coche Ni\u00f1os: Detalles T\u00e9cnicos<\/h3>\n<p>Peso: 0.9kg<br \/>\nDimensiones AAP: 20x43x45cm<br \/>\nMaterial exterior: 100% poli\u00e9ster.<br \/>\nCorresponde a la norma de seguridad R129<\/p>\n<p>Adecuado para ni\u00f1os con una altura minima de 125 cm.<\/p>","protected":false},"excerpt":{"rendered":"<table>\n<tbody>\n<tr>\n<th>Altura Ni\u00f1o\/a<\/th>\n<td>125 cm \u2013 150 cm<\/td>\n<\/tr>\n<tr>\n<th>Fijaci\u00f3n<\/th>\n<td>Cintur\u00f3n<\/td>\n<\/tr>\n<tr>\n<th>Sentido de Viaje<\/th>\n<td>Marcha<\/td>\n<\/tr>\n<tr>\n<th>Homologaci\u00f3n<\/th>\n<td>R129<\/td>\n<\/tr>\n<\/tbody>\n<\/table>\n<p>Un elevador coche ni\u00f1os para conducir de forma segura en Mallorca. Con este asiento elevado, tus peque\u00f1os podr\u00e1n sentarse c\u00f3modamente. El asiento est\u00e1 hecho de un pl\u00e1stico especial, que tiene una forma ergon\u00f3mica y, por lo tanto, no cansa al ni\u00f1o, incluso durante los viajes largos.<\/p>\n<p>TENGA EN CUENTA: D\u00eda de llegada + d\u00eda de salida = 2 d\u00edas completos de alquiler (ni el 1er ni el \u00faltimo d\u00eda, los productos se pueden alquilar en otro lugar).<\/p>","protected":false},"featured_media":22853,"comment_status":"open","ping_status":"closed","template":"","meta":[],"product_brand":[],"product_cat":[567,87,90,100],"product_tag":[149,143,824],"class_list":{"0":"post-932","1":"product","2":"type-product","3":"status-publish","4":"has-post-thumbnail","6":"product_cat-autositze","7":"product_cat-baby-kind","8":"product_cat-mieten","9":"product_cat-sicherheit","10":"product_tag-autositz","11":"product_tag-sitzerhoehung","12":"product_tag-sitzerhoehung-auto","14":"first","15":"instock","16":"taxable","17":"shipping-taxable","18":"purchasable","19":"product-type-simple"},"yoast_head":"<!-- This site is optimized with the Yoast SEO plugin v27.1.1 - https:\/\/yoast.com\/product\/yoast-seo-wordpress\/ -->\n<title>Kinderartikel Mieten Mallorca: Sitzerh\u00f6hung Auto | RentalPanda.es<\/title>\n<meta name=\"description\" content=\"Auto-Sitzerh\u00f6hung im Urlaub auf Mallorca mieten. Sehr bequemer Sitzkomfort f\u00fcr dein Kind. Online reservieren und im Urlaub Geld sparen.\" \/>\n<meta name=\"robots\" content=\"index, follow, max-snippet:-1, max-image-preview:large, max-video-preview:-1\" \/>\n<link rel=\"canonical\" href=\"https:\/\/rentalpanda.es\/es\/producto\/elevador-coche-para-alquilar-mallorca\/\" \/>\n<meta property=\"og:locale\" content=\"es_ES\" \/>\n<meta property=\"og:type\" content=\"article\" \/>\n<meta property=\"og:title\" content=\"Kinderartikel Mieten Mallorca: Sitzerh\u00f6hung Auto | RentalPanda.es\" \/>\n<meta property=\"og:description\" content=\"Auto-Sitzerh\u00f6hung im Urlaub auf Mallorca mieten. Sehr bequemer Sitzkomfort f\u00fcr dein Kind. Online reservieren und im Urlaub Geld sparen.\" \/>\n<meta property=\"og:url\" content=\"https:\/\/rentalpanda.es\/es\/producto\/elevador-coche-para-alquilar-mallorca\/\" \/>\n<meta property=\"og:site_name\" content=\"RentalPanda.es\" \/>\n<meta property=\"article:publisher\" content=\"https:\/\/www.facebook.com\/rentalpandamallorca\" \/>\n<meta property=\"article:modified_time\" content=\"2026-04-23T04:00:43+00:00\" \/>\n<meta property=\"og:image\" content=\"https:\/\/rentalpanda.es\/wp-content\/uploads\/2017\/01\/sitzerhohung-autositz-mallorca.png\" \/>\n\t<meta property=\"og:image:width\" content=\"427\" \/>\n\t<meta property=\"og:image:height\" content=\"480\" \/>\n\t<meta property=\"og:image:type\" content=\"image\/png\" \/>\n<meta name=\"twitter:card\" content=\"summary_large_image\" \/>\n<meta name=\"twitter:label1\" content=\"Tiempo de lectura\" \/>\n\t<meta name=\"twitter:data1\" content=\"2 minutos\" \/>\n<script type=\"application\/ld+json\" class=\"yoast-schema-graph\">{\"@context\":\"https:\/\/schema.org\",\"@graph\":[{\"@type\":\"WebPage\",\"@id\":\"https:\/\/rentalpanda.es\/produkt\/sitzerhoehung-fuers-auto\/\",\"url\":\"https:\/\/rentalpanda.es\/produkt\/sitzerhoehung-fuers-auto\/\",\"name\":\"Kinderartikel Mieten Mallorca: Sitzerh\u00f6hung Auto | RentalPanda.es\",\"isPartOf\":{\"@id\":\"https:\/\/rentalpanda.es\/en\/#website\"},\"primaryImageOfPage\":{\"@id\":\"https:\/\/rentalpanda.es\/produkt\/sitzerhoehung-fuers-auto\/#primaryimage\"},\"image\":{\"@id\":\"https:\/\/rentalpanda.es\/produkt\/sitzerhoehung-fuers-auto\/#primaryimage\"},\"thumbnailUrl\":\"https:\/\/rentalpanda.es\/wp-content\/uploads\/2017\/01\/sitzerhohung-autositz-mallorca.png\",\"datePublished\":\"2017-01-23T13:19:33+00:00\",\"dateModified\":\"2026-04-23T04:00:43+00:00\",\"description\":\"Auto-Sitzerh\u00f6hung im Urlaub auf Mallorca mieten. Sehr bequemer Sitzkomfort f\u00fcr dein Kind. Online reservieren und im Urlaub Geld sparen.\",\"breadcrumb\":{\"@id\":\"https:\/\/rentalpanda.es\/produkt\/sitzerhoehung-fuers-auto\/#breadcrumb\"},\"inLanguage\":\"es\",\"potentialAction\":[{\"@type\":\"ReadAction\",\"target\":[\"https:\/\/rentalpanda.es\/produkt\/sitzerhoehung-fuers-auto\/\"]}]},{\"@type\":\"ImageObject\",\"inLanguage\":\"es\",\"@id\":\"https:\/\/rentalpanda.es\/produkt\/sitzerhoehung-fuers-auto\/#primaryimage\",\"url\":\"https:\/\/rentalpanda.es\/wp-content\/uploads\/2017\/01\/sitzerhohung-autositz-mallorca.png\",\"contentUrl\":\"https:\/\/rentalpanda.es\/wp-content\/uploads\/2017\/01\/sitzerhohung-autositz-mallorca.png\",\"width\":427,\"height\":480,\"caption\":\"sitzerh\u00f6hung-autositz-mallorca\"},{\"@type\":\"BreadcrumbList\",\"@id\":\"https:\/\/rentalpanda.es\/produkt\/sitzerhoehung-fuers-auto\/#breadcrumb\",\"itemListElement\":[{\"@type\":\"ListItem\",\"position\":1,\"name\":\"Startseite\",\"item\":\"https:\/\/rentalpanda.es\/\"},{\"@type\":\"ListItem\",\"position\":2,\"name\":\"Shop\",\"item\":\"https:\/\/rentalpanda.es\/shop\/\"},{\"@type\":\"ListItem\",\"position\":3,\"name\":\"Sitzerh\u00f6hung f\u00fcrs Auto: Mallorca Auto-Sitzerh\u00f6hung\"}]},{\"@type\":\"WebSite\",\"@id\":\"https:\/\/rentalpanda.es\/en\/#website\",\"url\":\"https:\/\/rentalpanda.es\/en\/\",\"name\":\"RentalPanda.es\",\"description\":\"Baby, Beach &amp; Holiday Gear for Rent\",\"publisher\":{\"@id\":\"https:\/\/rentalpanda.es\/en\/#organization\"},\"potentialAction\":[{\"@type\":\"SearchAction\",\"target\":{\"@type\":\"EntryPoint\",\"urlTemplate\":\"https:\/\/rentalpanda.es\/en\/?s={search_term_string}\"},\"query-input\":{\"@type\":\"PropertyValueSpecification\",\"valueRequired\":true,\"valueName\":\"search_term_string\"}}],\"inLanguage\":\"es\"},{\"@type\":\"Organization\",\"@id\":\"https:\/\/rentalpanda.es\/en\/#organization\",\"name\":\"Rentalpanda.es\",\"url\":\"https:\/\/rentalpanda.es\/en\/\",\"logo\":{\"@type\":\"ImageObject\",\"inLanguage\":\"es\",\"@id\":\"https:\/\/rentalpanda.es\/en\/#\/schema\/logo\/image\/\",\"url\":\"https:\/\/rentalpanda.es\/wp-content\/uploads\/2017\/02\/rentalpanda-logo-webseite-end.png\",\"contentUrl\":\"https:\/\/rentalpanda.es\/wp-content\/uploads\/2017\/02\/rentalpanda-logo-webseite-end.png\",\"width\":260,\"height\":71,\"caption\":\"Rentalpanda.es\"},\"image\":{\"@id\":\"https:\/\/rentalpanda.es\/en\/#\/schema\/logo\/image\/\"},\"sameAs\":[\"https:\/\/www.facebook.com\/rentalpandamallorca\"]}]}<\/script>\n<!-- \/ Yoast SEO plugin. -->","yoast_head_json":{"title":"Alquilar Elevador Coche Ni\u00f1os Mallorca | RentalPanda.es","description":"Alquila un elevador coche para ni\u00f1os en Mallorca. Reserva online y ahorra en tu viaje. Elevador infantil c\u00f3modo, seguro y perfecto para moverse en coche por la isla.","robots":{"index":"index","follow":"follow","max-snippet":"max-snippet:-1","max-image-preview":"max-image-preview:large","max-video-preview":"max-video-preview:-1"},"canonical":"https:\/\/rentalpanda.es\/es\/producto\/elevador-coche-para-alquilar-mallorca\/","og_locale":"es_ES","og_type":"article","og_title":"Kinderartikel Mieten Mallorca: Sitzerh\u00f6hung Auto | RentalPanda.es","og_description":"Auto-Sitzerh\u00f6hung im Urlaub auf Mallorca mieten. Sehr bequemer Sitzkomfort f\u00fcr dein Kind. Online reservieren und im Urlaub Geld sparen.","og_url":"https:\/\/rentalpanda.es\/es\/producto\/elevador-coche-para-alquilar-mallorca\/","og_site_name":"RentalPanda.es","article_publisher":"https:\/\/www.facebook.com\/rentalpandamallorca","article_modified_time":"2026-04-23T04:00:43+00:00","og_image":[{"width":427,"height":480,"url":"https:\/\/rentalpanda.es\/wp-content\/uploads\/2017\/01\/sitzerhohung-autositz-mallorca.png","type":"image\/png"}],"twitter_card":"summary_large_image","twitter_misc":{"Tiempo de lectura":"2 minutos"},"schema":{"@context":"https:\/\/schema.org","@graph":[{"@type":"WebPage","@id":"https:\/\/rentalpanda.es\/produkt\/sitzerhoehung-fuers-auto\/","url":"https:\/\/rentalpanda.es\/produkt\/sitzerhoehung-fuers-auto\/","name":"Alquilar Elevador Coche Ni\u00f1os Mallorca | RentalPanda.es","isPartOf":{"@id":"https:\/\/rentalpanda.es\/en\/#website"},"primaryImageOfPage":{"@id":"https:\/\/rentalpanda.es\/produkt\/sitzerhoehung-fuers-auto\/#primaryimage"},"image":{"@id":"https:\/\/rentalpanda.es\/produkt\/sitzerhoehung-fuers-auto\/#primaryimage"},"thumbnailUrl":"https:\/\/rentalpanda.es\/wp-content\/uploads\/2017\/01\/sitzerhohung-autositz-mallorca.png","datePublished":"2017-01-23T13:19:33+00:00","dateModified":"2026-04-23T04:00:43+00:00","description":"Alquila un elevador coche para ni\u00f1os en Mallorca. Reserva online y ahorra en tu viaje. Elevador infantil c\u00f3modo, seguro y perfecto para moverse en coche por la isla.","breadcrumb":{"@id":"https:\/\/rentalpanda.es\/produkt\/sitzerhoehung-fuers-auto\/#breadcrumb"},"inLanguage":"es","potentialAction":[{"@type":"ReadAction","target":["https:\/\/rentalpanda.es\/produkt\/sitzerhoehung-fuers-auto\/"]}]},{"@type":"ImageObject","inLanguage":"es","@id":"https:\/\/rentalpanda.es\/produkt\/sitzerhoehung-fuers-auto\/#primaryimage","url":"https:\/\/rentalpanda.es\/wp-content\/uploads\/2017\/01\/sitzerhohung-autositz-mallorca.png","contentUrl":"https:\/\/rentalpanda.es\/wp-content\/uploads\/2017\/01\/sitzerhohung-autositz-mallorca.png","width":427,"height":480,"caption":"sitzerh\u00f6hung-autositz-mallorca"},{"@type":"BreadcrumbList","@id":"https:\/\/rentalpanda.es\/produkt\/sitzerhoehung-fuers-auto\/#breadcrumb","itemListElement":[{"@type":"ListItem","position":1,"name":"Startseite","item":"https:\/\/rentalpanda.es\/"},{"@type":"ListItem","position":2,"name":"Shop","item":"https:\/\/rentalpanda.es\/shop\/"},{"@type":"ListItem","position":3,"name":"Sitzerh\u00f6hung f\u00fcrs Auto: Mallorca Auto-Sitzerh\u00f6hung"}]},{"@type":"WebSite","@id":"https:\/\/rentalpanda.es\/en\/#website","url":"https:\/\/rentalpanda.es\/en\/","name":"RentalPanda.es","description":"Baby, Beach &amp; Holiday Gear for Rent","publisher":{"@id":"https:\/\/rentalpanda.es\/en\/#organization"},"potentialAction":[{"@type":"SearchAction","target":{"@type":"EntryPoint","urlTemplate":"https:\/\/rentalpanda.es\/en\/?s={search_term_string}"},"query-input":{"@type":"PropertyValueSpecification","valueRequired":true,"valueName":"search_term_string"}}],"inLanguage":"es"},{"@type":"Organization","@id":"https:\/\/rentalpanda.es\/en\/#organization","name":"Rentalpanda.es","url":"https:\/\/rentalpanda.es\/en\/","logo":{"@type":"ImageObject","inLanguage":"es","@id":"https:\/\/rentalpanda.es\/en\/#\/schema\/logo\/image\/","url":"https:\/\/rentalpanda.es\/wp-content\/uploads\/2017\/02\/rentalpanda-logo-webseite-end.png","contentUrl":"https:\/\/rentalpanda.es\/wp-content\/uploads\/2017\/02\/rentalpanda-logo-webseite-end.png","width":260,"height":71,"caption":"Rentalpanda.es"},"image":{"@id":"https:\/\/rentalpanda.es\/en\/#\/schema\/logo\/image\/"},"sameAs":["https:\/\/www.facebook.com\/rentalpandamallorca"]}]}},"_links":{"self":[{"href":"https:\/\/rentalpanda.es\/es\/wp-json\/wp\/v2\/product\/932","targetHints":{"allow":["GET"]}}],"collection":[{"href":"https:\/\/rentalpanda.es\/es\/wp-json\/wp\/v2\/product"}],"about":[{"href":"https:\/\/rentalpanda.es\/es\/wp-json\/wp\/v2\/types\/product"}],"replies":[{"embeddable":true,"href":"https:\/\/rentalpanda.es\/es\/wp-json\/wp\/v2\/comments?post=932"}],"wp:featuredmedia":[{"embeddable":true,"href":"https:\/\/rentalpanda.es\/es\/wp-json\/wp\/v2\/media\/22853"}],"wp:attachment":[{"href":"https:\/\/rentalpanda.es\/es\/wp-json\/wp\/v2\/media?parent=932"}],"wp:term":[{"taxonomy":"product_brand","embeddable":true,"href":"https:\/\/rentalpanda.es\/es\/wp-json\/wp\/v2\/product_brand?post=932"},{"taxonomy":"product_cat","embeddable":true,"href":"https:\/\/rentalpanda.es\/es\/wp-json\/wp\/v2\/product_cat?post=932"},{"taxonomy":"product_tag","embeddable":true,"href":"https:\/\/rentalpanda.es\/es\/wp-json\/wp\/v2\/product_tag?post=932"}],"curies":[{"name":"wp","href":"https:\/\/api.w.org\/{rel}","templated":true}]}}