{"id":8070,"date":"2018-12-19T19:24:58","date_gmt":"2018-12-19T19:24:58","guid":{"rendered":"https:\/\/rentalpanda.es\/?post_type=product&#038;p=8070"},"modified":"2026-02-11T04:21:22","modified_gmt":"2026-02-11T04:21:22","slug":"hauck-silla-paseo-alquilar-mallorca","status":"publish","type":"product","link":"https:\/\/rentalpanda.es\/es\/produkt\/hauck-kinderwagen-mieten-mallorca\/","title":{"rendered":"Silla de Paseo Ligera"},"content":{"rendered":"<h2><strong>Silla de Paseo Ligera en Mallorca<\/strong><\/h2>\n<p>Este espacioso y robusto cochecito RentalPanda es el compa\u00f1ero ideal para sus vacaciones en Mallorca. Se puede plegar f\u00e1cilmente con una sola mano y, por lo tanto, cabe incluso en el coche de alquiler m\u00e1s peque\u00f1o (\u00a1el lazo de liberaci\u00f3n tambi\u00e9n es un pr\u00e1ctico asa de transporte!). Las amplias y reclinables superficies reclinables y de asiento ofrecen una libertad de movimiento y espacio para la cabeza \u00f3ptimos. El respaldo se puede llevar a la posici\u00f3n acostada, el reposapi\u00e9s es ajustable. El gran toldo solar es extensible, se puede colocar sobre el ni\u00f1o y protege eficazmente contra la radiaci\u00f3n UV.<\/p>\n<h2>Alquilar Silla de Paseo Ligera en Mallorca<\/h2>\n<p>El arn\u00e9s acolchado de 5 puntos y la barra de seguridad brindan mucha seguridad. En la gran cesta de compras debajo del asiento hay suficiente espacio para los utensilios de su beb\u00e9. Este moderno cochecito tiene un asa de empuje agradablemente suave, que puede ajustarse hasta 30 cm de altura y adaptarse individualmente al tama\u00f1o del cuerpo. Por lo tanto, tanto los padres grandes como los peque\u00f1os pueden caminar con sus hijos en Mallorca de manera c\u00f3moda y amigable para la espalda.<\/p>\n<h3><strong>Beneficios Silla de Paseo Ligera<\/strong><\/h3>\n<ul>\n<li>Plegable en solo 1 segundo<\/li>\n<li>Ocupa poco espacio en tu coche de alquiler<\/li>\n<li>Superficies acolchadas suaves, mano de obra robusta<\/li>\n<li>Empu\u00f1adura regulable en altura<\/li>\n<li>Gran toldo con protecci\u00f3n UV<\/li>\n<\/ul>\n<h3><strong>Silla de paseo ligera: Datos t\u00e9cnicos<\/strong><\/h3>\n<p>Peso: 9.4kg<br \/>\nDimensi\u00f3n abierta AAP: 92x54x104cm<br \/>\nDimensiones plegadas AAP: 30x84x54cm<br \/>\nDimensi\u00f3n del asiento: 86x36 cm<br \/>\nMaterial: aluminio, poli\u00e9ster.<\/p>\n<p>Para beb\u00e9s y ni\u00f1os de 1 a 4 a\u00f1os, con un peso de hasta 25 kg.<\/p>","protected":false},"excerpt":{"rendered":"<p>Nunca ha sido tan r\u00e1pido y f\u00e1cil: \u00a1en solo 1 segundo, tu Silla de Paseo Ligera se dobla con una sola mano! Bien pensado, hecho en Alemania.<\/p>\n<p>TENGA EN CUENTA: D\u00eda de llegada + d\u00eda de salida = 2 d\u00edas completos de alquiler (ni el 1er ni el \u00faltimo d\u00eda, los productos se pueden alquilar en otro lugar).<\/p>","protected":false},"featured_media":14248,"comment_status":"open","ping_status":"closed","template":"","meta":[],"product_brand":[],"product_cat":[87,568,90],"product_tag":[187,186,833,832],"class_list":{"0":"post-8070","1":"product","2":"type-product","3":"status-publish","4":"has-post-thumbnail","6":"product_cat-baby-kind","7":"product_cat-kinderwagen","8":"product_cat-mieten","9":"product_tag-buggy","10":"product_tag-kinderwagen","11":"product_tag-kinderwagen-miete","12":"product_tag-miete","14":"first","15":"instock","16":"taxable","17":"shipping-taxable","18":"purchasable","19":"product-type-simple"},"yoast_head":"<!-- This site is optimized with the Yoast SEO plugin v27.1.1 - https:\/\/yoast.com\/product\/yoast-seo-wordpress\/ -->\n<title>Kinderwagen Miete Mallorca: Buggy Mieten | RentalPanda.es<\/title>\n<meta name=\"description\" content=\"Die praktische Kinderwagen Miete auf Mallorca: Mit dem Buggy bist du im Urlaub immer mobil und kannst deinen Kinderwagen zuhause lassen!\" \/>\n<meta name=\"robots\" content=\"index, follow, max-snippet:-1, max-image-preview:large, max-video-preview:-1\" \/>\n<link rel=\"canonical\" href=\"https:\/\/rentalpanda.es\/es\/producto\/hauck-silla-paseo-alquilar-mallorca\/\" \/>\n<meta property=\"og:locale\" content=\"es_ES\" \/>\n<meta property=\"og:type\" content=\"article\" \/>\n<meta property=\"og:title\" content=\"Kinderwagen Miete Mallorca: Buggy Mieten | RentalPanda.es\" \/>\n<meta property=\"og:description\" content=\"Die praktische Kinderwagen Miete auf Mallorca: Mit dem Buggy bist du im Urlaub immer mobil und kannst deinen Kinderwagen zuhause lassen!\" \/>\n<meta property=\"og:url\" content=\"https:\/\/rentalpanda.es\/es\/producto\/hauck-silla-paseo-alquilar-mallorca\/\" \/>\n<meta property=\"og:site_name\" content=\"RentalPanda.es\" \/>\n<meta property=\"article:publisher\" content=\"https:\/\/www.facebook.com\/rentalpandamallorca\" \/>\n<meta property=\"article:modified_time\" content=\"2026-02-11T04:21:22+00:00\" \/>\n<meta property=\"og:image\" content=\"https:\/\/rentalpanda.es\/wp-content\/uploads\/2018\/12\/hauck-kinderwagen-de.png\" \/>\n\t<meta property=\"og:image:width\" content=\"427\" \/>\n\t<meta property=\"og:image:height\" content=\"480\" \/>\n\t<meta property=\"og:image:type\" content=\"image\/png\" \/>\n<meta name=\"twitter:card\" content=\"summary_large_image\" \/>\n<meta name=\"twitter:label1\" content=\"Tiempo de lectura\" \/>\n\t<meta name=\"twitter:data1\" content=\"2 minutos\" \/>\n<script type=\"application\/ld+json\" class=\"yoast-schema-graph\">{\"@context\":\"https:\/\/schema.org\",\"@graph\":[{\"@type\":\"WebPage\",\"@id\":\"https:\/\/rentalpanda.es\/produkt\/hauck-kinderwagen-mieten-mallorca\/\",\"url\":\"https:\/\/rentalpanda.es\/produkt\/hauck-kinderwagen-mieten-mallorca\/\",\"name\":\"Kinderwagen Miete Mallorca: Buggy Mieten | RentalPanda.es\",\"isPartOf\":{\"@id\":\"https:\/\/rentalpanda.es\/en\/#website\"},\"primaryImageOfPage\":{\"@id\":\"https:\/\/rentalpanda.es\/produkt\/hauck-kinderwagen-mieten-mallorca\/#primaryimage\"},\"image\":{\"@id\":\"https:\/\/rentalpanda.es\/produkt\/hauck-kinderwagen-mieten-mallorca\/#primaryimage\"},\"thumbnailUrl\":\"https:\/\/rentalpanda.es\/wp-content\/uploads\/2018\/12\/hauck-kinderwagen-de.png\",\"datePublished\":\"2018-12-19T19:24:58+00:00\",\"dateModified\":\"2026-02-11T04:21:22+00:00\",\"description\":\"Die praktische Kinderwagen Miete auf Mallorca: Mit dem Buggy bist du im Urlaub immer mobil und kannst deinen Kinderwagen zuhause lassen!\",\"breadcrumb\":{\"@id\":\"https:\/\/rentalpanda.es\/produkt\/hauck-kinderwagen-mieten-mallorca\/#breadcrumb\"},\"inLanguage\":\"es\",\"potentialAction\":[{\"@type\":\"ReadAction\",\"target\":[\"https:\/\/rentalpanda.es\/produkt\/hauck-kinderwagen-mieten-mallorca\/\"]}]},{\"@type\":\"ImageObject\",\"inLanguage\":\"es\",\"@id\":\"https:\/\/rentalpanda.es\/produkt\/hauck-kinderwagen-mieten-mallorca\/#primaryimage\",\"url\":\"https:\/\/rentalpanda.es\/wp-content\/uploads\/2018\/12\/hauck-kinderwagen-de.png\",\"contentUrl\":\"https:\/\/rentalpanda.es\/wp-content\/uploads\/2018\/12\/hauck-kinderwagen-de.png\",\"width\":427,\"height\":480,\"caption\":\"hauck_kinderwagen\"},{\"@type\":\"BreadcrumbList\",\"@id\":\"https:\/\/rentalpanda.es\/produkt\/hauck-kinderwagen-mieten-mallorca\/#breadcrumb\",\"itemListElement\":[{\"@type\":\"ListItem\",\"position\":1,\"name\":\"Startseite\",\"item\":\"https:\/\/rentalpanda.es\/\"},{\"@type\":\"ListItem\",\"position\":2,\"name\":\"Shop\",\"item\":\"https:\/\/rentalpanda.es\/shop\/\"},{\"@type\":\"ListItem\",\"position\":3,\"name\":\"Kinderwagen Miete bis 4 Jahre\"}]},{\"@type\":\"WebSite\",\"@id\":\"https:\/\/rentalpanda.es\/en\/#website\",\"url\":\"https:\/\/rentalpanda.es\/en\/\",\"name\":\"RentalPanda.es\",\"description\":\"Baby, Beach &amp; Holiday Gear for Rent\",\"publisher\":{\"@id\":\"https:\/\/rentalpanda.es\/en\/#organization\"},\"potentialAction\":[{\"@type\":\"SearchAction\",\"target\":{\"@type\":\"EntryPoint\",\"urlTemplate\":\"https:\/\/rentalpanda.es\/en\/?s={search_term_string}\"},\"query-input\":{\"@type\":\"PropertyValueSpecification\",\"valueRequired\":true,\"valueName\":\"search_term_string\"}}],\"inLanguage\":\"es\"},{\"@type\":\"Organization\",\"@id\":\"https:\/\/rentalpanda.es\/en\/#organization\",\"name\":\"Rentalpanda.es\",\"url\":\"https:\/\/rentalpanda.es\/en\/\",\"logo\":{\"@type\":\"ImageObject\",\"inLanguage\":\"es\",\"@id\":\"https:\/\/rentalpanda.es\/en\/#\/schema\/logo\/image\/\",\"url\":\"https:\/\/rentalpanda.es\/wp-content\/uploads\/2017\/02\/rentalpanda-logo-webseite-end.png\",\"contentUrl\":\"https:\/\/rentalpanda.es\/wp-content\/uploads\/2017\/02\/rentalpanda-logo-webseite-end.png\",\"width\":260,\"height\":71,\"caption\":\"Rentalpanda.es\"},\"image\":{\"@id\":\"https:\/\/rentalpanda.es\/en\/#\/schema\/logo\/image\/\"},\"sameAs\":[\"https:\/\/www.facebook.com\/rentalpandamallorca\"]}]}<\/script>\n<!-- \/ Yoast SEO plugin. -->","yoast_head_json":{"title":"Silla de Paseo Ligera en Mallorca | RentalPanda.es","description":"Carrito de beb\u00e9 pr\u00e1ctico para alquilar en Mallorca: \u00a1Mantente m\u00f3vil en tus vacaciones con nuestro buggy y deja el cochecito en casa!","robots":{"index":"index","follow":"follow","max-snippet":"max-snippet:-1","max-image-preview":"max-image-preview:large","max-video-preview":"max-video-preview:-1"},"canonical":"https:\/\/rentalpanda.es\/es\/producto\/hauck-silla-paseo-alquilar-mallorca\/","og_locale":"es_ES","og_type":"article","og_title":"Kinderwagen Miete Mallorca: Buggy Mieten | RentalPanda.es","og_description":"Die praktische Kinderwagen Miete auf Mallorca: Mit dem Buggy bist du im Urlaub immer mobil und kannst deinen Kinderwagen zuhause lassen!","og_url":"https:\/\/rentalpanda.es\/es\/producto\/hauck-silla-paseo-alquilar-mallorca\/","og_site_name":"RentalPanda.es","article_publisher":"https:\/\/www.facebook.com\/rentalpandamallorca","article_modified_time":"2026-02-11T04:21:22+00:00","og_image":[{"width":427,"height":480,"url":"https:\/\/rentalpanda.es\/wp-content\/uploads\/2018\/12\/hauck-kinderwagen-de.png","type":"image\/png"}],"twitter_card":"summary_large_image","twitter_misc":{"Tiempo de lectura":"2 minutos"},"schema":{"@context":"https:\/\/schema.org","@graph":[{"@type":"WebPage","@id":"https:\/\/rentalpanda.es\/produkt\/hauck-kinderwagen-mieten-mallorca\/","url":"https:\/\/rentalpanda.es\/produkt\/hauck-kinderwagen-mieten-mallorca\/","name":"Silla de Paseo Ligera en Mallorca | RentalPanda.es","isPartOf":{"@id":"https:\/\/rentalpanda.es\/en\/#website"},"primaryImageOfPage":{"@id":"https:\/\/rentalpanda.es\/produkt\/hauck-kinderwagen-mieten-mallorca\/#primaryimage"},"image":{"@id":"https:\/\/rentalpanda.es\/produkt\/hauck-kinderwagen-mieten-mallorca\/#primaryimage"},"thumbnailUrl":"https:\/\/rentalpanda.es\/wp-content\/uploads\/2018\/12\/hauck-kinderwagen-de.png","datePublished":"2018-12-19T19:24:58+00:00","dateModified":"2026-02-11T04:21:22+00:00","description":"Carrito de beb\u00e9 pr\u00e1ctico para alquilar en Mallorca: \u00a1Mantente m\u00f3vil en tus vacaciones con nuestro buggy y deja el cochecito en casa!","breadcrumb":{"@id":"https:\/\/rentalpanda.es\/produkt\/hauck-kinderwagen-mieten-mallorca\/#breadcrumb"},"inLanguage":"es","potentialAction":[{"@type":"ReadAction","target":["https:\/\/rentalpanda.es\/produkt\/hauck-kinderwagen-mieten-mallorca\/"]}]},{"@type":"ImageObject","inLanguage":"es","@id":"https:\/\/rentalpanda.es\/produkt\/hauck-kinderwagen-mieten-mallorca\/#primaryimage","url":"https:\/\/rentalpanda.es\/wp-content\/uploads\/2018\/12\/hauck-kinderwagen-de.png","contentUrl":"https:\/\/rentalpanda.es\/wp-content\/uploads\/2018\/12\/hauck-kinderwagen-de.png","width":427,"height":480,"caption":"hauck_kinderwagen"},{"@type":"BreadcrumbList","@id":"https:\/\/rentalpanda.es\/produkt\/hauck-kinderwagen-mieten-mallorca\/#breadcrumb","itemListElement":[{"@type":"ListItem","position":1,"name":"Startseite","item":"https:\/\/rentalpanda.es\/"},{"@type":"ListItem","position":2,"name":"Shop","item":"https:\/\/rentalpanda.es\/shop\/"},{"@type":"ListItem","position":3,"name":"Kinderwagen Miete bis 4 Jahre"}]},{"@type":"WebSite","@id":"https:\/\/rentalpanda.es\/en\/#website","url":"https:\/\/rentalpanda.es\/en\/","name":"RentalPanda.es","description":"Baby, Beach &amp; Holiday Gear for Rent","publisher":{"@id":"https:\/\/rentalpanda.es\/en\/#organization"},"potentialAction":[{"@type":"SearchAction","target":{"@type":"EntryPoint","urlTemplate":"https:\/\/rentalpanda.es\/en\/?s={search_term_string}"},"query-input":{"@type":"PropertyValueSpecification","valueRequired":true,"valueName":"search_term_string"}}],"inLanguage":"es"},{"@type":"Organization","@id":"https:\/\/rentalpanda.es\/en\/#organization","name":"Rentalpanda.es","url":"https:\/\/rentalpanda.es\/en\/","logo":{"@type":"ImageObject","inLanguage":"es","@id":"https:\/\/rentalpanda.es\/en\/#\/schema\/logo\/image\/","url":"https:\/\/rentalpanda.es\/wp-content\/uploads\/2017\/02\/rentalpanda-logo-webseite-end.png","contentUrl":"https:\/\/rentalpanda.es\/wp-content\/uploads\/2017\/02\/rentalpanda-logo-webseite-end.png","width":260,"height":71,"caption":"Rentalpanda.es"},"image":{"@id":"https:\/\/rentalpanda.es\/en\/#\/schema\/logo\/image\/"},"sameAs":["https:\/\/www.facebook.com\/rentalpandamallorca"]}]}},"_links":{"self":[{"href":"https:\/\/rentalpanda.es\/es\/wp-json\/wp\/v2\/product\/8070","targetHints":{"allow":["GET"]}}],"collection":[{"href":"https:\/\/rentalpanda.es\/es\/wp-json\/wp\/v2\/product"}],"about":[{"href":"https:\/\/rentalpanda.es\/es\/wp-json\/wp\/v2\/types\/product"}],"replies":[{"embeddable":true,"href":"https:\/\/rentalpanda.es\/es\/wp-json\/wp\/v2\/comments?post=8070"}],"wp:featuredmedia":[{"embeddable":true,"href":"https:\/\/rentalpanda.es\/es\/wp-json\/wp\/v2\/media\/14248"}],"wp:attachment":[{"href":"https:\/\/rentalpanda.es\/es\/wp-json\/wp\/v2\/media?parent=8070"}],"wp:term":[{"taxonomy":"product_brand","embeddable":true,"href":"https:\/\/rentalpanda.es\/es\/wp-json\/wp\/v2\/product_brand?post=8070"},{"taxonomy":"product_cat","embeddable":true,"href":"https:\/\/rentalpanda.es\/es\/wp-json\/wp\/v2\/product_cat?post=8070"},{"taxonomy":"product_tag","embeddable":true,"href":"https:\/\/rentalpanda.es\/es\/wp-json\/wp\/v2\/product_tag?post=8070"}],"curies":[{"name":"wp","href":"https:\/\/api.w.org\/{rel}","templated":true}]}}