{"id":7732,"date":"2018-10-18T14:58:46","date_gmt":"2018-10-18T14:58:46","guid":{"rendered":"https:\/\/rentalpanda.es\/?post_type=product&#038;p=7732"},"modified":"2026-03-26T03:26:32","modified_gmt":"2026-03-26T02:26:32","slug":"osann-silla-coche-portabebe-alquilar-mallorca","status":"publish","type":"product","link":"https:\/\/rentalpanda.es\/es\/produkt\/osann-babyschale-mieten-mallorca\/","title":{"rendered":"Silla Coche Portabeb\u00e9"},"content":{"rendered":"<h2>Alquiler de Sillas de Beb\u00e9 en Mallorca: A Contramarcha &amp; Maxi-Cosi<\/h2>\n<p>Esta silla de beb\u00e9 extremadamente segura destaca por su construcci\u00f3n de doble pared y sus laterales ampliados en la zona de la cabeza, ofreciendo una protecci\u00f3n \u00f3ptima contra impactos laterales. Esta nueva silla de beb\u00e9 de Rentalpanda.es ha sido dise\u00f1ada especialmente para reci\u00e9n nacidos: tu beb\u00e9 viaja sujeto con un arn\u00e9s de 3 puntos en el asiento trasero o en el asiento del acompa\u00f1ante, siempre en sentido contrario a la marcha (a contramarcha).<\/p>\n<h3>Para vacaciones con coche: Silla Portabeb\u00e9<\/h3>\n<p>El techo solar y los cojines del cintur\u00f3n y la almohadilla tambi\u00e9n brindan una agradable sensaci\u00f3n de seguridad. El silla portabeb\u00e9 tambi\u00e9n tiene una funci\u00f3n basculante que tambi\u00e9n puede detener con la ayuda del asa de transporte ajustable. Un silla de coche beb\u00e9 perfecto para tus vacacciones en Mallorca ha sido probado y aprobado seg\u00fan el est\u00e1ndar de la UE ECE R44 \/ 04 y ha sido calificado como \"bueno\" en la prueba de asiento para ni\u00f1os ADAC.<\/p>\n<h4><strong>Beneficios de la Silla Portabeb\u00e9 Coche<\/strong><\/h4>\n<ul>\n<li>Protecci\u00f3n segura contra impactos laterales<\/li>\n<li>F\u00e1cil manejo e instalaci\u00f3n en el autom\u00f3vil.<\/li>\n<li>Aprobado por la UE<\/li>\n<li>Pr\u00e1ctica funci\u00f3n de balanceo fuera del autom\u00f3vil.<\/li>\n<\/ul>\n<p><strong>Detalles T\u00e9cnicos:<\/strong><\/p>\n<p>Peso: 3.7kg<br \/>\nDimensiones AAP: 47x40x70cm<br \/>\nMaterial: poli\u00e9ster<\/p>\n<p>Adecuado para beb\u00e9s desde el nacimiento hasta los 15 meses (0-13 kg, grupo ECE 0+).<\/p>","protected":false},"excerpt":{"rendered":"<table>\n<tbody>\n<tr>\n<th>Altura Ni\u00f1o\/a<\/th>\n<td>40 cm \u2013 87 cm<\/td>\n<\/tr>\n<tr>\n<th>Fijaci\u00f3n<\/th>\n<td>Cintur\u00f3n<\/td>\n<\/tr>\n<tr>\n<th>Sentido de Viaje<\/th>\n<td>Contramarcha<\/td>\n<\/tr>\n<tr>\n<th>Homologaci\u00f3n<\/th>\n<td>R129<\/td>\n<\/tr>\n<\/tbody>\n<\/table>\n<p>Alquile un Silla Portabeb\u00e9 Coche para tu beb\u00e9 de alta calidad, probado con el est\u00e1ndar de seguridad Europa, con un confort \u00f3ptimo y la m\u00e1xima seguridad. Silla de coche portabeb\u00e9.<\/p>\n<p>TENGA EN CUENTA: D\u00eda de llegada + d\u00eda de salida = 2 d\u00edas completos de alquiler (ni el 1er ni el \u00faltimo d\u00eda, los productos se pueden alquilar en otro lugar).<\/p>","protected":false},"featured_media":22811,"comment_status":"open","ping_status":"closed","template":"","meta":[],"product_brand":[],"product_cat":[567,87,90,100],"product_tag":[149,564,849,563,161,850,571],"class_list":{"0":"post-7732","1":"product","2":"type-product","3":"status-publish","4":"has-post-thumbnail","6":"product_cat-autositze","7":"product_cat-baby-kind","8":"product_cat-mieten","9":"product_cat-sicherheit","10":"product_tag-autositz","11":"product_tag-babyschale","12":"product_tag-babyschale-mieten","13":"product_tag-gruppe-0","14":"product_tag-kindersitz-auto","15":"product_tag-maxi-cosi-leihen","16":"product_tag-reboarder","18":"first","19":"instock","20":"featured","21":"taxable","22":"shipping-taxable","23":"purchasable","24":"product-type-simple"},"yoast_head":"<!-- This site is optimized with the Yoast SEO plugin v27.1.1 - https:\/\/yoast.com\/product\/yoast-seo-wordpress\/ -->\n<title>Babyschale Mieten: Mallorca Reboarder | RentalPanda.es<\/title>\n<meta name=\"description\" content=\"Babyschale mieten einfach gemacht: Dein Baby auf Mallorca in einem Reboarder, f\u00fcr sicheres Fahren im Urlaub. Dampfsterilisiert, mit Lieferung zum Flughafen.\" \/>\n<meta name=\"robots\" content=\"index, follow, max-snippet:-1, max-image-preview:large, max-video-preview:-1\" \/>\n<link rel=\"canonical\" href=\"https:\/\/rentalpanda.es\/es\/producto\/osann-silla-coche-portabebe-alquilar-mallorca\/\" \/>\n<meta property=\"og:locale\" content=\"es_ES\" \/>\n<meta property=\"og:type\" content=\"article\" \/>\n<meta property=\"og:title\" content=\"Babyschale Mieten: Mallorca Reboarder | RentalPanda.es\" \/>\n<meta property=\"og:description\" content=\"Babyschale mieten einfach gemacht: Dein Baby auf Mallorca in einem Reboarder, f\u00fcr sicheres Fahren im Urlaub. Dampfsterilisiert, mit Lieferung zum Flughafen.\" \/>\n<meta property=\"og:url\" content=\"https:\/\/rentalpanda.es\/es\/producto\/osann-silla-coche-portabebe-alquilar-mallorca\/\" \/>\n<meta property=\"og:site_name\" content=\"RentalPanda.es\" \/>\n<meta property=\"article:publisher\" content=\"https:\/\/www.facebook.com\/rentalpandamallorca\" \/>\n<meta property=\"article:modified_time\" content=\"2026-03-26T02:26:32+00:00\" \/>\n<meta property=\"og:image\" content=\"https:\/\/rentalpanda.es\/wp-content\/uploads\/2018\/10\/maxicosi_babyschale_mieten_Mallorca.png\" \/>\n\t<meta property=\"og:image:width\" content=\"427\" \/>\n\t<meta property=\"og:image:height\" content=\"480\" \/>\n\t<meta property=\"og:image:type\" content=\"image\/png\" \/>\n<meta name=\"twitter:card\" content=\"summary_large_image\" \/>\n<meta name=\"twitter:label1\" content=\"Tiempo de lectura\" \/>\n\t<meta name=\"twitter:data1\" content=\"1 minuto\" \/>\n<script type=\"application\/ld+json\" class=\"yoast-schema-graph\">{\"@context\":\"https:\/\/schema.org\",\"@graph\":[{\"@type\":\"WebPage\",\"@id\":\"https:\/\/rentalpanda.es\/produkt\/osann-babyschale-mieten-mallorca\/\",\"url\":\"https:\/\/rentalpanda.es\/produkt\/osann-babyschale-mieten-mallorca\/\",\"name\":\"Babyschale Mieten: Mallorca Reboarder | RentalPanda.es\",\"isPartOf\":{\"@id\":\"https:\/\/rentalpanda.es\/en\/#website\"},\"primaryImageOfPage\":{\"@id\":\"https:\/\/rentalpanda.es\/produkt\/osann-babyschale-mieten-mallorca\/#primaryimage\"},\"image\":{\"@id\":\"https:\/\/rentalpanda.es\/produkt\/osann-babyschale-mieten-mallorca\/#primaryimage\"},\"thumbnailUrl\":\"https:\/\/rentalpanda.es\/wp-content\/uploads\/2018\/10\/maxicosi_babyschale_mieten_Mallorca.png\",\"datePublished\":\"2018-10-18T14:58:46+00:00\",\"dateModified\":\"2026-03-26T02:26:32+00:00\",\"description\":\"Babyschale mieten einfach gemacht: Dein Baby auf Mallorca in einem Reboarder, f\u00fcr sicheres Fahren im Urlaub. Dampfsterilisiert, mit Lieferung zum Flughafen.\",\"breadcrumb\":{\"@id\":\"https:\/\/rentalpanda.es\/produkt\/osann-babyschale-mieten-mallorca\/#breadcrumb\"},\"inLanguage\":\"es\",\"potentialAction\":[{\"@type\":\"ReadAction\",\"target\":[\"https:\/\/rentalpanda.es\/produkt\/osann-babyschale-mieten-mallorca\/\"]}]},{\"@type\":\"ImageObject\",\"inLanguage\":\"es\",\"@id\":\"https:\/\/rentalpanda.es\/produkt\/osann-babyschale-mieten-mallorca\/#primaryimage\",\"url\":\"https:\/\/rentalpanda.es\/wp-content\/uploads\/2018\/10\/maxicosi_babyschale_mieten_Mallorca.png\",\"contentUrl\":\"https:\/\/rentalpanda.es\/wp-content\/uploads\/2018\/10\/maxicosi_babyschale_mieten_Mallorca.png\",\"width\":427,\"height\":480,\"caption\":\"maxicosi_babyschale_mieten_Mallorca\"},{\"@type\":\"BreadcrumbList\",\"@id\":\"https:\/\/rentalpanda.es\/produkt\/osann-babyschale-mieten-mallorca\/#breadcrumb\",\"itemListElement\":[{\"@type\":\"ListItem\",\"position\":1,\"name\":\"Startseite\",\"item\":\"https:\/\/rentalpanda.es\/\"},{\"@type\":\"ListItem\",\"position\":2,\"name\":\"Shop\",\"item\":\"https:\/\/rentalpanda.es\/shop\/\"},{\"@type\":\"ListItem\",\"position\":3,\"name\":\"Babyschale Mieten: OSANN Reboarder Mallorca\"}]},{\"@type\":\"WebSite\",\"@id\":\"https:\/\/rentalpanda.es\/en\/#website\",\"url\":\"https:\/\/rentalpanda.es\/en\/\",\"name\":\"RentalPanda.es\",\"description\":\"Baby, Beach &amp; Holiday Gear for Rent\",\"publisher\":{\"@id\":\"https:\/\/rentalpanda.es\/en\/#organization\"},\"potentialAction\":[{\"@type\":\"SearchAction\",\"target\":{\"@type\":\"EntryPoint\",\"urlTemplate\":\"https:\/\/rentalpanda.es\/en\/?s={search_term_string}\"},\"query-input\":{\"@type\":\"PropertyValueSpecification\",\"valueRequired\":true,\"valueName\":\"search_term_string\"}}],\"inLanguage\":\"es\"},{\"@type\":\"Organization\",\"@id\":\"https:\/\/rentalpanda.es\/en\/#organization\",\"name\":\"Rentalpanda.es\",\"url\":\"https:\/\/rentalpanda.es\/en\/\",\"logo\":{\"@type\":\"ImageObject\",\"inLanguage\":\"es\",\"@id\":\"https:\/\/rentalpanda.es\/en\/#\/schema\/logo\/image\/\",\"url\":\"https:\/\/rentalpanda.es\/wp-content\/uploads\/2017\/02\/rentalpanda-logo-webseite-end.png\",\"contentUrl\":\"https:\/\/rentalpanda.es\/wp-content\/uploads\/2017\/02\/rentalpanda-logo-webseite-end.png\",\"width\":260,\"height\":71,\"caption\":\"Rentalpanda.es\"},\"image\":{\"@id\":\"https:\/\/rentalpanda.es\/en\/#\/schema\/logo\/image\/\"},\"sameAs\":[\"https:\/\/www.facebook.com\/rentalpandamallorca\"]}]}<\/script>\n<!-- \/ Yoast SEO plugin. -->","yoast_head_json":{"title":"Alquilar Silla de Coche Portabeb\u00e9 Mallorca | RentalPanda.es","description":"Alquilar una silla de coche para beb\u00e9 f\u00e1cilmente en Mallorca: Mant\u00e9n a tu beb\u00e9 seguro en vacaciones con una silla reboarder. Esterilizada al vapor y con entrega en el aeropuerto.","robots":{"index":"index","follow":"follow","max-snippet":"max-snippet:-1","max-image-preview":"max-image-preview:large","max-video-preview":"max-video-preview:-1"},"canonical":"https:\/\/rentalpanda.es\/es\/producto\/osann-silla-coche-portabebe-alquilar-mallorca\/","og_locale":"es_ES","og_type":"article","og_title":"Babyschale Mieten: Mallorca Reboarder | RentalPanda.es","og_description":"Babyschale mieten einfach gemacht: Dein Baby auf Mallorca in einem Reboarder, f\u00fcr sicheres Fahren im Urlaub. Dampfsterilisiert, mit Lieferung zum Flughafen.","og_url":"https:\/\/rentalpanda.es\/es\/producto\/osann-silla-coche-portabebe-alquilar-mallorca\/","og_site_name":"RentalPanda.es","article_publisher":"https:\/\/www.facebook.com\/rentalpandamallorca","article_modified_time":"2026-03-26T02:26:32+00:00","og_image":[{"width":427,"height":480,"url":"https:\/\/rentalpanda.es\/wp-content\/uploads\/2018\/10\/maxicosi_babyschale_mieten_Mallorca.png","type":"image\/png"}],"twitter_card":"summary_large_image","twitter_misc":{"Tiempo de lectura":"1 minuto"},"schema":{"@context":"https:\/\/schema.org","@graph":[{"@type":"WebPage","@id":"https:\/\/rentalpanda.es\/produkt\/osann-babyschale-mieten-mallorca\/","url":"https:\/\/rentalpanda.es\/produkt\/osann-babyschale-mieten-mallorca\/","name":"Alquilar Silla de Coche Portabeb\u00e9 Mallorca | RentalPanda.es","isPartOf":{"@id":"https:\/\/rentalpanda.es\/en\/#website"},"primaryImageOfPage":{"@id":"https:\/\/rentalpanda.es\/produkt\/osann-babyschale-mieten-mallorca\/#primaryimage"},"image":{"@id":"https:\/\/rentalpanda.es\/produkt\/osann-babyschale-mieten-mallorca\/#primaryimage"},"thumbnailUrl":"https:\/\/rentalpanda.es\/wp-content\/uploads\/2018\/10\/maxicosi_babyschale_mieten_Mallorca.png","datePublished":"2018-10-18T14:58:46+00:00","dateModified":"2026-03-26T02:26:32+00:00","description":"Alquilar una silla de coche para beb\u00e9 f\u00e1cilmente en Mallorca: Mant\u00e9n a tu beb\u00e9 seguro en vacaciones con una silla reboarder. Esterilizada al vapor y con entrega en el aeropuerto.","breadcrumb":{"@id":"https:\/\/rentalpanda.es\/produkt\/osann-babyschale-mieten-mallorca\/#breadcrumb"},"inLanguage":"es","potentialAction":[{"@type":"ReadAction","target":["https:\/\/rentalpanda.es\/produkt\/osann-babyschale-mieten-mallorca\/"]}]},{"@type":"ImageObject","inLanguage":"es","@id":"https:\/\/rentalpanda.es\/produkt\/osann-babyschale-mieten-mallorca\/#primaryimage","url":"https:\/\/rentalpanda.es\/wp-content\/uploads\/2018\/10\/maxicosi_babyschale_mieten_Mallorca.png","contentUrl":"https:\/\/rentalpanda.es\/wp-content\/uploads\/2018\/10\/maxicosi_babyschale_mieten_Mallorca.png","width":427,"height":480,"caption":"maxicosi_babyschale_mieten_Mallorca"},{"@type":"BreadcrumbList","@id":"https:\/\/rentalpanda.es\/produkt\/osann-babyschale-mieten-mallorca\/#breadcrumb","itemListElement":[{"@type":"ListItem","position":1,"name":"Startseite","item":"https:\/\/rentalpanda.es\/"},{"@type":"ListItem","position":2,"name":"Shop","item":"https:\/\/rentalpanda.es\/shop\/"},{"@type":"ListItem","position":3,"name":"Babyschale Mieten: OSANN Reboarder Mallorca"}]},{"@type":"WebSite","@id":"https:\/\/rentalpanda.es\/en\/#website","url":"https:\/\/rentalpanda.es\/en\/","name":"RentalPanda.es","description":"Baby, Beach &amp; Holiday Gear for Rent","publisher":{"@id":"https:\/\/rentalpanda.es\/en\/#organization"},"potentialAction":[{"@type":"SearchAction","target":{"@type":"EntryPoint","urlTemplate":"https:\/\/rentalpanda.es\/en\/?s={search_term_string}"},"query-input":{"@type":"PropertyValueSpecification","valueRequired":true,"valueName":"search_term_string"}}],"inLanguage":"es"},{"@type":"Organization","@id":"https:\/\/rentalpanda.es\/en\/#organization","name":"Rentalpanda.es","url":"https:\/\/rentalpanda.es\/en\/","logo":{"@type":"ImageObject","inLanguage":"es","@id":"https:\/\/rentalpanda.es\/en\/#\/schema\/logo\/image\/","url":"https:\/\/rentalpanda.es\/wp-content\/uploads\/2017\/02\/rentalpanda-logo-webseite-end.png","contentUrl":"https:\/\/rentalpanda.es\/wp-content\/uploads\/2017\/02\/rentalpanda-logo-webseite-end.png","width":260,"height":71,"caption":"Rentalpanda.es"},"image":{"@id":"https:\/\/rentalpanda.es\/en\/#\/schema\/logo\/image\/"},"sameAs":["https:\/\/www.facebook.com\/rentalpandamallorca"]}]}},"_links":{"self":[{"href":"https:\/\/rentalpanda.es\/es\/wp-json\/wp\/v2\/product\/7732","targetHints":{"allow":["GET"]}}],"collection":[{"href":"https:\/\/rentalpanda.es\/es\/wp-json\/wp\/v2\/product"}],"about":[{"href":"https:\/\/rentalpanda.es\/es\/wp-json\/wp\/v2\/types\/product"}],"replies":[{"embeddable":true,"href":"https:\/\/rentalpanda.es\/es\/wp-json\/wp\/v2\/comments?post=7732"}],"wp:featuredmedia":[{"embeddable":true,"href":"https:\/\/rentalpanda.es\/es\/wp-json\/wp\/v2\/media\/22811"}],"wp:attachment":[{"href":"https:\/\/rentalpanda.es\/es\/wp-json\/wp\/v2\/media?parent=7732"}],"wp:term":[{"taxonomy":"product_brand","embeddable":true,"href":"https:\/\/rentalpanda.es\/es\/wp-json\/wp\/v2\/product_brand?post=7732"},{"taxonomy":"product_cat","embeddable":true,"href":"https:\/\/rentalpanda.es\/es\/wp-json\/wp\/v2\/product_cat?post=7732"},{"taxonomy":"product_tag","embeddable":true,"href":"https:\/\/rentalpanda.es\/es\/wp-json\/wp\/v2\/product_tag?post=7732"}],"curies":[{"name":"wp","href":"https:\/\/api.w.org\/{rel}","templated":true}]}}