{"id":765,"date":"2017-01-18T10:45:51","date_gmt":"2017-01-18T10:45:51","guid":{"rendered":"http:\/\/rentalpanda.es\/?post_type=product&#038;p=765"},"modified":"2025-12-07T06:23:58","modified_gmt":"2025-12-07T06:23:58","slug":"trona-para-alquilar-mallorca","status":"publish","type":"product","link":"https:\/\/rentalpanda.es\/es\/produkt\/hochstuhl-fuer-kleinkinder\/","title":{"rendered":"Trona IKEA para Ni\u00f1os Peque\u00f1os"},"content":{"rendered":"<h2><strong>Trona IKEA en Mallorca<\/strong><\/h2>\n<p>Esta trona cl\u00e1sica con bandeja est\u00e1 disponible para alquilar en RentalPanda.es para beb\u00e9s y ni\u00f1os peque\u00f1os hasta 3 a\u00f1os. De dise\u00f1o simple, ejecuci\u00f3n ingeniosa, as\u00ed como ecol\u00f3gica y ambientalmente racional, es completamente reciclable (en \u00faltima instancia, se utiliza para la generaci\u00f3n de energ\u00eda). Con la silla alta IKEA, sus peque\u00f1os pueden sentarse en la mesa en igualdad de condiciones y a la misma altura.<\/p>\n<h2>Alquilar Trona IKEA<\/h2>\n<p>Esto tambi\u00e9n hace una contribuci\u00f3n decisiva al desarrollo del comportamiento alimentario y social de su beb\u00e9. La silla no pesa mucho, por lo que se puede colocar f\u00e1cilmente en cualquier lugar de la habitaci\u00f3n. Es f\u00e1cil de desmontar y transportar, por lo que puede llevarlo a todas partes. Los bordes elevados evitan derrames en el suelo y es extremadamente f\u00e1cil de limpiar. \u00a1Un \"imprescindible\" para cualquier fiesta familiar en Mallorca!<\/p>\n<h3>Beneficios Trona IKEA<\/h3>\n<ul>\n<li>Promueve el comportamiento social<\/li>\n<li>Posici\u00f3n de asiento elevada y agradable<\/li>\n<li>Desmontaje f\u00e1cil<\/li>\n<li>Bajo peso<\/li>\n<li>Alta estabilidad<\/li>\n<\/ul>\n<h3>Trona IKEA: Detalles T\u00e9cnicos<\/h3>\n<p>Peso: 2.8kg<br \/>\nDimensiones AAP: 90x58x62cm<br \/>\nMaterial de asiento y bandeja: polipropileno<br \/>\nPolos materiales: acero<\/p>\n<p>Para beb\u00e9s y ni\u00f1os de 0.5-3 a\u00f1os.<\/p>","protected":false},"excerpt":{"rendered":"<p>A la hora de comer, su beb\u00e9 puede sentarse de manera segura y c\u00f3moda en esta<strong> trona IKEA<\/strong>confiable y f\u00e1cil de limpiar. La silla alta tiene esquinas redondeadas, un \u00e1rea de almacenamiento grande, un soporte seguro y estable, as\u00ed como un cintur\u00f3n de seguridad para la fijaci\u00f3n.<\/p>\n<p>TENGA EN CUENTA: D\u00eda de llegada + d\u00eda de salida = 2 d\u00edas completos de alquiler (ni el 1er ni el \u00faltimo d\u00eda, los productos se pueden alquilar en otro lugar).<\/p>","protected":false},"featured_media":14333,"comment_status":"open","ping_status":"closed","template":"","meta":[],"product_brand":[],"product_cat":[87,99,90,100],"product_tag":[144,879,145,878],"class_list":{"0":"post-765","1":"product","2":"type-product","3":"status-publish","4":"has-post-thumbnail","6":"product_cat-baby-kind","7":"product_cat-essen","8":"product_cat-mieten","9":"product_cat-sicherheit","10":"product_tag-hochstuhl","11":"product_tag-hochstuhl-ikea","12":"product_tag-ikea","13":"product_tag-ikea-hochstuhl","15":"first","16":"instock","17":"featured","18":"taxable","19":"shipping-taxable","20":"purchasable","21":"product-type-simple"},"yoast_head":"<!-- This site is optimized with the Yoast SEO plugin v27.1.1 - https:\/\/yoast.com\/product\/yoast-seo-wordpress\/ -->\n<title>Babyartikel Mieten Mallorca: IKEA Hochstuhl | RentalPanda.es<\/title>\n<meta name=\"description\" content=\"Auch auf Mallorca stressfrei die Kleinen versorgen, mit dem praktischen IKEA Hochstuhl. Jetzt g\u00fcnstig mieten und zum Hotel oder Flughafen liefern lassen!\" \/>\n<meta name=\"robots\" content=\"index, follow, max-snippet:-1, max-image-preview:large, max-video-preview:-1\" \/>\n<link rel=\"canonical\" href=\"https:\/\/rentalpanda.es\/es\/producto\/trona-para-alquilar-mallorca\/\" \/>\n<meta property=\"og:locale\" content=\"es_ES\" \/>\n<meta property=\"og:type\" content=\"article\" \/>\n<meta property=\"og:title\" content=\"Babyartikel Mieten Mallorca: IKEA Hochstuhl | RentalPanda.es\" \/>\n<meta property=\"og:description\" content=\"Auch auf Mallorca stressfrei die Kleinen versorgen, mit dem praktischen IKEA Hochstuhl. Jetzt g\u00fcnstig mieten und zum Hotel oder Flughafen liefern lassen!\" \/>\n<meta property=\"og:url\" content=\"https:\/\/rentalpanda.es\/es\/producto\/trona-para-alquilar-mallorca\/\" \/>\n<meta property=\"og:site_name\" content=\"RentalPanda.es\" \/>\n<meta property=\"article:publisher\" content=\"https:\/\/www.facebook.com\/rentalpandamallorca\" \/>\n<meta property=\"article:modified_time\" content=\"2025-12-07T06:23:58+00:00\" \/>\n<meta property=\"og:image\" content=\"https:\/\/rentalpanda.es\/wp-content\/uploads\/2017\/01\/hochstuhl-ikea-de.png\" \/>\n\t<meta property=\"og:image:width\" content=\"427\" \/>\n\t<meta property=\"og:image:height\" content=\"480\" \/>\n\t<meta property=\"og:image:type\" content=\"image\/png\" \/>\n<meta name=\"twitter:card\" content=\"summary_large_image\" \/>\n<meta name=\"twitter:label1\" content=\"Tiempo de lectura\" \/>\n\t<meta name=\"twitter:data1\" content=\"2 minutos\" \/>\n<script type=\"application\/ld+json\" class=\"yoast-schema-graph\">{\"@context\":\"https:\/\/schema.org\",\"@graph\":[{\"@type\":\"WebPage\",\"@id\":\"https:\/\/rentalpanda.es\/produkt\/hochstuhl-fuer-kleinkinder\/\",\"url\":\"https:\/\/rentalpanda.es\/produkt\/hochstuhl-fuer-kleinkinder\/\",\"name\":\"Babyartikel Mieten Mallorca: IKEA Hochstuhl | RentalPanda.es\",\"isPartOf\":{\"@id\":\"https:\/\/rentalpanda.es\/en\/#website\"},\"primaryImageOfPage\":{\"@id\":\"https:\/\/rentalpanda.es\/produkt\/hochstuhl-fuer-kleinkinder\/#primaryimage\"},\"image\":{\"@id\":\"https:\/\/rentalpanda.es\/produkt\/hochstuhl-fuer-kleinkinder\/#primaryimage\"},\"thumbnailUrl\":\"https:\/\/rentalpanda.es\/wp-content\/uploads\/2017\/01\/hochstuhl-ikea-de.png\",\"datePublished\":\"2017-01-18T10:45:51+00:00\",\"dateModified\":\"2025-12-07T06:23:58+00:00\",\"description\":\"Auch auf Mallorca stressfrei die Kleinen versorgen, mit dem praktischen IKEA Hochstuhl. Jetzt g\u00fcnstig mieten und zum Hotel oder Flughafen liefern lassen!\",\"breadcrumb\":{\"@id\":\"https:\/\/rentalpanda.es\/produkt\/hochstuhl-fuer-kleinkinder\/#breadcrumb\"},\"inLanguage\":\"es\",\"potentialAction\":[{\"@type\":\"ReadAction\",\"target\":[\"https:\/\/rentalpanda.es\/produkt\/hochstuhl-fuer-kleinkinder\/\"]}]},{\"@type\":\"ImageObject\",\"inLanguage\":\"es\",\"@id\":\"https:\/\/rentalpanda.es\/produkt\/hochstuhl-fuer-kleinkinder\/#primaryimage\",\"url\":\"https:\/\/rentalpanda.es\/wp-content\/uploads\/2017\/01\/hochstuhl-ikea-de.png\",\"contentUrl\":\"https:\/\/rentalpanda.es\/wp-content\/uploads\/2017\/01\/hochstuhl-ikea-de.png\",\"width\":427,\"height\":480,\"caption\":\"hochstuhl-ikea\"},{\"@type\":\"BreadcrumbList\",\"@id\":\"https:\/\/rentalpanda.es\/produkt\/hochstuhl-fuer-kleinkinder\/#breadcrumb\",\"itemListElement\":[{\"@type\":\"ListItem\",\"position\":1,\"name\":\"Startseite\",\"item\":\"https:\/\/rentalpanda.es\/\"},{\"@type\":\"ListItem\",\"position\":2,\"name\":\"Shop\",\"item\":\"https:\/\/rentalpanda.es\/shop\/\"},{\"@type\":\"ListItem\",\"position\":3,\"name\":\"IKEA Hochstuhl f\u00fcr Kleinkinder\"}]},{\"@type\":\"WebSite\",\"@id\":\"https:\/\/rentalpanda.es\/en\/#website\",\"url\":\"https:\/\/rentalpanda.es\/en\/\",\"name\":\"RentalPanda.es\",\"description\":\"Baby, Beach &amp; Holiday Gear for Rent\",\"publisher\":{\"@id\":\"https:\/\/rentalpanda.es\/en\/#organization\"},\"potentialAction\":[{\"@type\":\"SearchAction\",\"target\":{\"@type\":\"EntryPoint\",\"urlTemplate\":\"https:\/\/rentalpanda.es\/en\/?s={search_term_string}\"},\"query-input\":{\"@type\":\"PropertyValueSpecification\",\"valueRequired\":true,\"valueName\":\"search_term_string\"}}],\"inLanguage\":\"es\"},{\"@type\":\"Organization\",\"@id\":\"https:\/\/rentalpanda.es\/en\/#organization\",\"name\":\"Rentalpanda.es\",\"url\":\"https:\/\/rentalpanda.es\/en\/\",\"logo\":{\"@type\":\"ImageObject\",\"inLanguage\":\"es\",\"@id\":\"https:\/\/rentalpanda.es\/en\/#\/schema\/logo\/image\/\",\"url\":\"https:\/\/rentalpanda.es\/wp-content\/uploads\/2017\/02\/rentalpanda-logo-webseite-end.png\",\"contentUrl\":\"https:\/\/rentalpanda.es\/wp-content\/uploads\/2017\/02\/rentalpanda-logo-webseite-end.png\",\"width\":260,\"height\":71,\"caption\":\"Rentalpanda.es\"},\"image\":{\"@id\":\"https:\/\/rentalpanda.es\/en\/#\/schema\/logo\/image\/\"},\"sameAs\":[\"https:\/\/www.facebook.com\/rentalpandamallorca\"]}]}<\/script>\n<!-- \/ Yoast SEO plugin. -->","yoast_head_json":{"title":"Trona IKEA Ni\u00f1os para Alquilar en Mallorca | RentalPanda.es","description":"Alquila la pr\u00e1ctica trona IKEA para tu beb\u00e9. Ideal para comidas c\u00f3modas en el hotel o apartamento. \u00a1Entrega en hotel o Aeropuerto Palma!","robots":{"index":"index","follow":"follow","max-snippet":"max-snippet:-1","max-image-preview":"max-image-preview:large","max-video-preview":"max-video-preview:-1"},"canonical":"https:\/\/rentalpanda.es\/es\/producto\/trona-para-alquilar-mallorca\/","og_locale":"es_ES","og_type":"article","og_title":"Babyartikel Mieten Mallorca: IKEA Hochstuhl | RentalPanda.es","og_description":"Auch auf Mallorca stressfrei die Kleinen versorgen, mit dem praktischen IKEA Hochstuhl. Jetzt g\u00fcnstig mieten und zum Hotel oder Flughafen liefern lassen!","og_url":"https:\/\/rentalpanda.es\/es\/producto\/trona-para-alquilar-mallorca\/","og_site_name":"RentalPanda.es","article_publisher":"https:\/\/www.facebook.com\/rentalpandamallorca","article_modified_time":"2025-12-07T06:23:58+00:00","og_image":[{"width":427,"height":480,"url":"https:\/\/rentalpanda.es\/wp-content\/uploads\/2017\/01\/hochstuhl-ikea-de.png","type":"image\/png"}],"twitter_card":"summary_large_image","twitter_misc":{"Tiempo de lectura":"2 minutos"},"schema":{"@context":"https:\/\/schema.org","@graph":[{"@type":"WebPage","@id":"https:\/\/rentalpanda.es\/produkt\/hochstuhl-fuer-kleinkinder\/","url":"https:\/\/rentalpanda.es\/produkt\/hochstuhl-fuer-kleinkinder\/","name":"Trona IKEA Ni\u00f1os para Alquilar en Mallorca | RentalPanda.es","isPartOf":{"@id":"https:\/\/rentalpanda.es\/en\/#website"},"primaryImageOfPage":{"@id":"https:\/\/rentalpanda.es\/produkt\/hochstuhl-fuer-kleinkinder\/#primaryimage"},"image":{"@id":"https:\/\/rentalpanda.es\/produkt\/hochstuhl-fuer-kleinkinder\/#primaryimage"},"thumbnailUrl":"https:\/\/rentalpanda.es\/wp-content\/uploads\/2017\/01\/hochstuhl-ikea-de.png","datePublished":"2017-01-18T10:45:51+00:00","dateModified":"2025-12-07T06:23:58+00:00","description":"Alquila la pr\u00e1ctica trona IKEA para tu beb\u00e9. Ideal para comidas c\u00f3modas en el hotel o apartamento. \u00a1Entrega en hotel o Aeropuerto Palma!","breadcrumb":{"@id":"https:\/\/rentalpanda.es\/produkt\/hochstuhl-fuer-kleinkinder\/#breadcrumb"},"inLanguage":"es","potentialAction":[{"@type":"ReadAction","target":["https:\/\/rentalpanda.es\/produkt\/hochstuhl-fuer-kleinkinder\/"]}]},{"@type":"ImageObject","inLanguage":"es","@id":"https:\/\/rentalpanda.es\/produkt\/hochstuhl-fuer-kleinkinder\/#primaryimage","url":"https:\/\/rentalpanda.es\/wp-content\/uploads\/2017\/01\/hochstuhl-ikea-de.png","contentUrl":"https:\/\/rentalpanda.es\/wp-content\/uploads\/2017\/01\/hochstuhl-ikea-de.png","width":427,"height":480,"caption":"hochstuhl-ikea"},{"@type":"BreadcrumbList","@id":"https:\/\/rentalpanda.es\/produkt\/hochstuhl-fuer-kleinkinder\/#breadcrumb","itemListElement":[{"@type":"ListItem","position":1,"name":"Startseite","item":"https:\/\/rentalpanda.es\/"},{"@type":"ListItem","position":2,"name":"Shop","item":"https:\/\/rentalpanda.es\/shop\/"},{"@type":"ListItem","position":3,"name":"IKEA Hochstuhl f\u00fcr Kleinkinder"}]},{"@type":"WebSite","@id":"https:\/\/rentalpanda.es\/en\/#website","url":"https:\/\/rentalpanda.es\/en\/","name":"RentalPanda.es","description":"Baby, Beach &amp; Holiday Gear for Rent","publisher":{"@id":"https:\/\/rentalpanda.es\/en\/#organization"},"potentialAction":[{"@type":"SearchAction","target":{"@type":"EntryPoint","urlTemplate":"https:\/\/rentalpanda.es\/en\/?s={search_term_string}"},"query-input":{"@type":"PropertyValueSpecification","valueRequired":true,"valueName":"search_term_string"}}],"inLanguage":"es"},{"@type":"Organization","@id":"https:\/\/rentalpanda.es\/en\/#organization","name":"Rentalpanda.es","url":"https:\/\/rentalpanda.es\/en\/","logo":{"@type":"ImageObject","inLanguage":"es","@id":"https:\/\/rentalpanda.es\/en\/#\/schema\/logo\/image\/","url":"https:\/\/rentalpanda.es\/wp-content\/uploads\/2017\/02\/rentalpanda-logo-webseite-end.png","contentUrl":"https:\/\/rentalpanda.es\/wp-content\/uploads\/2017\/02\/rentalpanda-logo-webseite-end.png","width":260,"height":71,"caption":"Rentalpanda.es"},"image":{"@id":"https:\/\/rentalpanda.es\/en\/#\/schema\/logo\/image\/"},"sameAs":["https:\/\/www.facebook.com\/rentalpandamallorca"]}]}},"_links":{"self":[{"href":"https:\/\/rentalpanda.es\/es\/wp-json\/wp\/v2\/product\/765","targetHints":{"allow":["GET"]}}],"collection":[{"href":"https:\/\/rentalpanda.es\/es\/wp-json\/wp\/v2\/product"}],"about":[{"href":"https:\/\/rentalpanda.es\/es\/wp-json\/wp\/v2\/types\/product"}],"replies":[{"embeddable":true,"href":"https:\/\/rentalpanda.es\/es\/wp-json\/wp\/v2\/comments?post=765"}],"wp:featuredmedia":[{"embeddable":true,"href":"https:\/\/rentalpanda.es\/es\/wp-json\/wp\/v2\/media\/14333"}],"wp:attachment":[{"href":"https:\/\/rentalpanda.es\/es\/wp-json\/wp\/v2\/media?parent=765"}],"wp:term":[{"taxonomy":"product_brand","embeddable":true,"href":"https:\/\/rentalpanda.es\/es\/wp-json\/wp\/v2\/product_brand?post=765"},{"taxonomy":"product_cat","embeddable":true,"href":"https:\/\/rentalpanda.es\/es\/wp-json\/wp\/v2\/product_cat?post=765"},{"taxonomy":"product_tag","embeddable":true,"href":"https:\/\/rentalpanda.es\/es\/wp-json\/wp\/v2\/product_tag?post=765"}],"curies":[{"name":"wp","href":"https:\/\/api.w.org\/{rel}","templated":true}]}}