{"id":7639,"date":"2018-10-05T10:11:26","date_gmt":"2018-10-05T10:11:26","guid":{"rendered":"https:\/\/rentalpanda.es\/?post_type=product&#038;p=7639"},"modified":"2026-01-27T06:37:58","modified_gmt":"2026-01-27T06:37:58","slug":"alquilar-cuna-con-cambiador-mallorca","status":"publish","type":"product","link":"https:\/\/rentalpanda.es\/es\/produkt\/hauck-reisebett-mit-wickelauflage-mieten-mallorca\/","title":{"rendered":"HAUCK++ Cuna de Viaje con Cambiador y Doble Altura"},"content":{"rendered":"<h2><strong>Cuna de Viaje HAUCK<\/strong><\/h2>\n<p>La cuna de viaje HAUCK++ con cambiador y doble altura (altura ajustable opcional) es perfecta para sus vacaciones en Mallorca. Para las noches o como una pr\u00e1ctica segunda cama en su casa de vacaciones. Con \u00e9l est\u00e1s bien equipado, porque tiene todo lo que necesitas para tu beb\u00e9.<\/p>\n<p>El pr\u00e1ctico cambiador que se fija en la cuna de viaje le permite envolver a su beb\u00e9 de una manera c\u00f3moda y relajada. \u00a1Tiene una segunda \u00e1rea de acostarse elevada opcional donde su beb\u00e9 est\u00e1 completamente seguro, y puede llevarlo dentro o fuera sin tensiones en la espalda!<\/p>\n<h2>HAUCK cuna de viaje en Mallorca<\/h2>\n<p>\u00a1El HAUCK++ Sleep Center no solo es ideal para dormir, sino tambi\u00e9n para jugar (por ejemplo, como un playpen)! A trav\u00e9s de la ventana de visualizaci\u00f3n, ve a su hijo en cualquier momento y la salida lateral garantiza una gran diversi\u00f3n de gateo.<\/p>\n<p>Con solo unos simples pasos, su cuna de viaje de Mallorca de RentalPanda se configura o se pliega, y con la ayuda de las ruedas se puede mover f\u00e1cilmente a cualquier habitaci\u00f3n. Viene con un colch\u00f3n lavable y s\u00e1banas ajustables. La cuna de viaje es casi nueva o est\u00e1 completamente limpia y esterilizada.<\/p>\n<h3>Beneficios de la Hauck cuna de viaje<\/h3>\n<ul>\n<li>Con cambio de top<\/li>\n<li>Con altura ajustable - doble altura<\/li>\n<li>Plegable con bolsa de transporte<\/li>\n<li>Muy estable - \u00a1Calidad alemana!<\/li>\n<li>Se puede usar como corralito<\/li>\n<\/ul>\n<h3>Hauck Cuna de Viaje: Detalles t\u00e9cnicos<\/h3>\n<p>Peso: 9.1kg<br \/>\nDimensiones construidas AAP: 82x68x125cm<br \/>\nDimensiones de dormir: 120x60cm<br \/>\nMaterial: poli\u00e9ster<\/p>\n<p>Para beb\u00e9s y ni\u00f1os a partir de 1 mes, hasta 16 kg.<\/p>","protected":false},"excerpt":{"rendered":"<p>Perfecto para sus peque\u00f1os en Mallorca: <strong>Cuna de viaje HAUCK++<\/strong> c\u00f3moda, estable y segura (plegable) con cambiador, ventana de visualizaci\u00f3n, \u00e1rea de descanso ajustable en altura. Adecuado como corralito. El precio incluye colch\u00f3n y dos s\u00e1banas ajustables.<\/p>\n<p>TENGA EN CUENTA: D\u00eda de llegada + d\u00eda de salida = 2 d\u00edas completos de alquiler (ni el 1er ni el \u00faltimo d\u00eda, los productos se pueden alquilar en otro lugar).<\/p>","protected":false},"featured_media":22893,"comment_status":"open","ping_status":"closed","template":"","meta":[],"product_brand":[],"product_cat":[87,90,98,100],"product_tag":[897,158,159,157,561],"class_list":{"0":"post-7639","1":"product","2":"type-product","3":"status-publish","4":"has-post-thumbnail","6":"product_cat-baby-kind","7":"product_cat-mieten","8":"product_cat-schlafen","9":"product_cat-sicherheit","10":"product_tag-baby-reisebett","11":"product_tag-babybett","12":"product_tag-laufstall","13":"product_tag-reisebett","14":"product_tag-wickeltisch","16":"first","17":"instock","18":"featured","19":"taxable","20":"shipping-taxable","21":"purchasable","22":"product-type-simple"},"yoast_head":"<!-- This site is optimized with the Yoast SEO plugin v27.1.1 - https:\/\/yoast.com\/product\/yoast-seo-wordpress\/ -->\n<title>Baby Reisebett mit Wickeltisch &amp; Matratze | RentalPanda.es<\/title>\n<meta name=\"description\" content=\"Ideal zum Mieten f\u00fcr dein Urlaubsdomizil: Baby Reisebett von HAUCK f\u00fcr deine Kleinen, inklusive Wickelunterlage, Matratze und Spannbettlaken!\" \/>\n<meta name=\"robots\" content=\"index, follow, max-snippet:-1, max-image-preview:large, max-video-preview:-1\" \/>\n<link rel=\"canonical\" href=\"https:\/\/rentalpanda.es\/es\/producto\/alquilar-cuna-con-cambiador-mallorca\/\" \/>\n<meta property=\"og:locale\" content=\"es_ES\" \/>\n<meta property=\"og:type\" content=\"article\" \/>\n<meta property=\"og:title\" content=\"Baby Reisebett mit Wickeltisch &amp; Matratze | RentalPanda.es\" \/>\n<meta property=\"og:description\" content=\"Ideal zum Mieten f\u00fcr dein Urlaubsdomizil: Baby Reisebett von HAUCK f\u00fcr deine Kleinen, inklusive Wickelunterlage, Matratze und Spannbettlaken!\" \/>\n<meta property=\"og:url\" content=\"https:\/\/rentalpanda.es\/es\/producto\/alquilar-cuna-con-cambiador-mallorca\/\" \/>\n<meta property=\"og:site_name\" content=\"RentalPanda.es\" \/>\n<meta property=\"article:publisher\" content=\"https:\/\/www.facebook.com\/rentalpandamallorca\" \/>\n<meta property=\"article:modified_time\" content=\"2026-01-27T06:37:58+00:00\" \/>\n<meta property=\"og:image\" content=\"https:\/\/rentalpanda.es\/wp-content\/uploads\/2018\/10\/hauck_reisebett-mieten-mallorca-1.png\" \/>\n\t<meta property=\"og:image:width\" content=\"427\" \/>\n\t<meta property=\"og:image:height\" content=\"480\" \/>\n\t<meta property=\"og:image:type\" content=\"image\/png\" \/>\n<meta name=\"twitter:card\" content=\"summary_large_image\" \/>\n<meta name=\"twitter:label1\" content=\"Tiempo de lectura\" \/>\n\t<meta name=\"twitter:data1\" content=\"2 minutos\" \/>\n<script type=\"application\/ld+json\" class=\"yoast-schema-graph\">{\"@context\":\"https:\/\/schema.org\",\"@graph\":[{\"@type\":\"WebPage\",\"@id\":\"https:\/\/rentalpanda.es\/produkt\/hauck-reisebett-mit-wickelauflage-mieten-mallorca\/\",\"url\":\"https:\/\/rentalpanda.es\/produkt\/hauck-reisebett-mit-wickelauflage-mieten-mallorca\/\",\"name\":\"Baby Reisebett mit Wickeltisch & Matratze | RentalPanda.es\",\"isPartOf\":{\"@id\":\"https:\/\/rentalpanda.es\/en\/#website\"},\"primaryImageOfPage\":{\"@id\":\"https:\/\/rentalpanda.es\/produkt\/hauck-reisebett-mit-wickelauflage-mieten-mallorca\/#primaryimage\"},\"image\":{\"@id\":\"https:\/\/rentalpanda.es\/produkt\/hauck-reisebett-mit-wickelauflage-mieten-mallorca\/#primaryimage\"},\"thumbnailUrl\":\"https:\/\/rentalpanda.es\/wp-content\/uploads\/2018\/10\/hauck_reisebett-mieten-mallorca-1.png\",\"datePublished\":\"2018-10-05T10:11:26+00:00\",\"dateModified\":\"2026-01-27T06:37:58+00:00\",\"description\":\"Ideal zum Mieten f\u00fcr dein Urlaubsdomizil: Baby Reisebett von HAUCK f\u00fcr deine Kleinen, inklusive Wickelunterlage, Matratze und Spannbettlaken!\",\"breadcrumb\":{\"@id\":\"https:\/\/rentalpanda.es\/produkt\/hauck-reisebett-mit-wickelauflage-mieten-mallorca\/#breadcrumb\"},\"inLanguage\":\"es\",\"potentialAction\":[{\"@type\":\"ReadAction\",\"target\":[\"https:\/\/rentalpanda.es\/produkt\/hauck-reisebett-mit-wickelauflage-mieten-mallorca\/\"]}]},{\"@type\":\"ImageObject\",\"inLanguage\":\"es\",\"@id\":\"https:\/\/rentalpanda.es\/produkt\/hauck-reisebett-mit-wickelauflage-mieten-mallorca\/#primaryimage\",\"url\":\"https:\/\/rentalpanda.es\/wp-content\/uploads\/2018\/10\/hauck_reisebett-mieten-mallorca-1.png\",\"contentUrl\":\"https:\/\/rentalpanda.es\/wp-content\/uploads\/2018\/10\/hauck_reisebett-mieten-mallorca-1.png\",\"width\":427,\"height\":480,\"caption\":\"hauck_reisebett-mieten-mallorca\"},{\"@type\":\"BreadcrumbList\",\"@id\":\"https:\/\/rentalpanda.es\/produkt\/hauck-reisebett-mit-wickelauflage-mieten-mallorca\/#breadcrumb\",\"itemListElement\":[{\"@type\":\"ListItem\",\"position\":1,\"name\":\"Startseite\",\"item\":\"https:\/\/rentalpanda.es\/\"},{\"@type\":\"ListItem\",\"position\":2,\"name\":\"Shop\",\"item\":\"https:\/\/rentalpanda.es\/shop\/\"},{\"@type\":\"ListItem\",\"position\":3,\"name\":\"HAUCK++ Baby Reisebett mit Wickeltisch\"}]},{\"@type\":\"WebSite\",\"@id\":\"https:\/\/rentalpanda.es\/en\/#website\",\"url\":\"https:\/\/rentalpanda.es\/en\/\",\"name\":\"RentalPanda.es\",\"description\":\"Baby, Beach &amp; Holiday Gear for Rent\",\"publisher\":{\"@id\":\"https:\/\/rentalpanda.es\/en\/#organization\"},\"potentialAction\":[{\"@type\":\"SearchAction\",\"target\":{\"@type\":\"EntryPoint\",\"urlTemplate\":\"https:\/\/rentalpanda.es\/en\/?s={search_term_string}\"},\"query-input\":{\"@type\":\"PropertyValueSpecification\",\"valueRequired\":true,\"valueName\":\"search_term_string\"}}],\"inLanguage\":\"es\"},{\"@type\":\"Organization\",\"@id\":\"https:\/\/rentalpanda.es\/en\/#organization\",\"name\":\"Rentalpanda.es\",\"url\":\"https:\/\/rentalpanda.es\/en\/\",\"logo\":{\"@type\":\"ImageObject\",\"inLanguage\":\"es\",\"@id\":\"https:\/\/rentalpanda.es\/en\/#\/schema\/logo\/image\/\",\"url\":\"https:\/\/rentalpanda.es\/wp-content\/uploads\/2017\/02\/rentalpanda-logo-webseite-end.png\",\"contentUrl\":\"https:\/\/rentalpanda.es\/wp-content\/uploads\/2017\/02\/rentalpanda-logo-webseite-end.png\",\"width\":260,\"height\":71,\"caption\":\"Rentalpanda.es\"},\"image\":{\"@id\":\"https:\/\/rentalpanda.es\/en\/#\/schema\/logo\/image\/\"},\"sameAs\":[\"https:\/\/www.facebook.com\/rentalpandamallorca\"]}]}<\/script>\n<!-- \/ Yoast SEO plugin. -->","yoast_head_json":{"title":"HAUCK Cuna de Viaje con Cambiador | RentalPanda.es","description":"La cuna de viaje perfecta para tus vacaciones en Mallorca: Alquila la cuna de viaje HAUCK para tus peque\u00f1os, incluye cambiador, colch\u00f3n y s\u00e1bana ajustable.","robots":{"index":"index","follow":"follow","max-snippet":"max-snippet:-1","max-image-preview":"max-image-preview:large","max-video-preview":"max-video-preview:-1"},"canonical":"https:\/\/rentalpanda.es\/es\/producto\/alquilar-cuna-con-cambiador-mallorca\/","og_locale":"es_ES","og_type":"article","og_title":"Baby Reisebett mit Wickeltisch & Matratze | RentalPanda.es","og_description":"Ideal zum Mieten f\u00fcr dein Urlaubsdomizil: Baby Reisebett von HAUCK f\u00fcr deine Kleinen, inklusive Wickelunterlage, Matratze und Spannbettlaken!","og_url":"https:\/\/rentalpanda.es\/es\/producto\/alquilar-cuna-con-cambiador-mallorca\/","og_site_name":"RentalPanda.es","article_publisher":"https:\/\/www.facebook.com\/rentalpandamallorca","article_modified_time":"2026-01-27T06:37:58+00:00","og_image":[{"width":427,"height":480,"url":"https:\/\/rentalpanda.es\/wp-content\/uploads\/2018\/10\/hauck_reisebett-mieten-mallorca-1.png","type":"image\/png"}],"twitter_card":"summary_large_image","twitter_misc":{"Tiempo de lectura":"2 minutos"},"schema":{"@context":"https:\/\/schema.org","@graph":[{"@type":"WebPage","@id":"https:\/\/rentalpanda.es\/produkt\/hauck-reisebett-mit-wickelauflage-mieten-mallorca\/","url":"https:\/\/rentalpanda.es\/produkt\/hauck-reisebett-mit-wickelauflage-mieten-mallorca\/","name":"HAUCK Cuna de Viaje con Cambiador | RentalPanda.es","isPartOf":{"@id":"https:\/\/rentalpanda.es\/en\/#website"},"primaryImageOfPage":{"@id":"https:\/\/rentalpanda.es\/produkt\/hauck-reisebett-mit-wickelauflage-mieten-mallorca\/#primaryimage"},"image":{"@id":"https:\/\/rentalpanda.es\/produkt\/hauck-reisebett-mit-wickelauflage-mieten-mallorca\/#primaryimage"},"thumbnailUrl":"https:\/\/rentalpanda.es\/wp-content\/uploads\/2018\/10\/hauck_reisebett-mieten-mallorca-1.png","datePublished":"2018-10-05T10:11:26+00:00","dateModified":"2026-01-27T06:37:58+00:00","description":"La cuna de viaje perfecta para tus vacaciones en Mallorca: Alquila la cuna de viaje HAUCK para tus peque\u00f1os, incluye cambiador, colch\u00f3n y s\u00e1bana ajustable.","breadcrumb":{"@id":"https:\/\/rentalpanda.es\/produkt\/hauck-reisebett-mit-wickelauflage-mieten-mallorca\/#breadcrumb"},"inLanguage":"es","potentialAction":[{"@type":"ReadAction","target":["https:\/\/rentalpanda.es\/produkt\/hauck-reisebett-mit-wickelauflage-mieten-mallorca\/"]}]},{"@type":"ImageObject","inLanguage":"es","@id":"https:\/\/rentalpanda.es\/produkt\/hauck-reisebett-mit-wickelauflage-mieten-mallorca\/#primaryimage","url":"https:\/\/rentalpanda.es\/wp-content\/uploads\/2018\/10\/hauck_reisebett-mieten-mallorca-1.png","contentUrl":"https:\/\/rentalpanda.es\/wp-content\/uploads\/2018\/10\/hauck_reisebett-mieten-mallorca-1.png","width":427,"height":480,"caption":"hauck_reisebett-mieten-mallorca"},{"@type":"BreadcrumbList","@id":"https:\/\/rentalpanda.es\/produkt\/hauck-reisebett-mit-wickelauflage-mieten-mallorca\/#breadcrumb","itemListElement":[{"@type":"ListItem","position":1,"name":"Startseite","item":"https:\/\/rentalpanda.es\/"},{"@type":"ListItem","position":2,"name":"Shop","item":"https:\/\/rentalpanda.es\/shop\/"},{"@type":"ListItem","position":3,"name":"HAUCK++ Baby Reisebett mit Wickeltisch"}]},{"@type":"WebSite","@id":"https:\/\/rentalpanda.es\/en\/#website","url":"https:\/\/rentalpanda.es\/en\/","name":"RentalPanda.es","description":"Baby, Beach &amp; Holiday Gear for Rent","publisher":{"@id":"https:\/\/rentalpanda.es\/en\/#organization"},"potentialAction":[{"@type":"SearchAction","target":{"@type":"EntryPoint","urlTemplate":"https:\/\/rentalpanda.es\/en\/?s={search_term_string}"},"query-input":{"@type":"PropertyValueSpecification","valueRequired":true,"valueName":"search_term_string"}}],"inLanguage":"es"},{"@type":"Organization","@id":"https:\/\/rentalpanda.es\/en\/#organization","name":"Rentalpanda.es","url":"https:\/\/rentalpanda.es\/en\/","logo":{"@type":"ImageObject","inLanguage":"es","@id":"https:\/\/rentalpanda.es\/en\/#\/schema\/logo\/image\/","url":"https:\/\/rentalpanda.es\/wp-content\/uploads\/2017\/02\/rentalpanda-logo-webseite-end.png","contentUrl":"https:\/\/rentalpanda.es\/wp-content\/uploads\/2017\/02\/rentalpanda-logo-webseite-end.png","width":260,"height":71,"caption":"Rentalpanda.es"},"image":{"@id":"https:\/\/rentalpanda.es\/en\/#\/schema\/logo\/image\/"},"sameAs":["https:\/\/www.facebook.com\/rentalpandamallorca"]}]}},"_links":{"self":[{"href":"https:\/\/rentalpanda.es\/es\/wp-json\/wp\/v2\/product\/7639","targetHints":{"allow":["GET"]}}],"collection":[{"href":"https:\/\/rentalpanda.es\/es\/wp-json\/wp\/v2\/product"}],"about":[{"href":"https:\/\/rentalpanda.es\/es\/wp-json\/wp\/v2\/types\/product"}],"replies":[{"embeddable":true,"href":"https:\/\/rentalpanda.es\/es\/wp-json\/wp\/v2\/comments?post=7639"}],"wp:featuredmedia":[{"embeddable":true,"href":"https:\/\/rentalpanda.es\/es\/wp-json\/wp\/v2\/media\/22893"}],"wp:attachment":[{"href":"https:\/\/rentalpanda.es\/es\/wp-json\/wp\/v2\/media?parent=7639"}],"wp:term":[{"taxonomy":"product_brand","embeddable":true,"href":"https:\/\/rentalpanda.es\/es\/wp-json\/wp\/v2\/product_brand?post=7639"},{"taxonomy":"product_cat","embeddable":true,"href":"https:\/\/rentalpanda.es\/es\/wp-json\/wp\/v2\/product_cat?post=7639"},{"taxonomy":"product_tag","embeddable":true,"href":"https:\/\/rentalpanda.es\/es\/wp-json\/wp\/v2\/product_tag?post=7639"}],"curies":[{"name":"wp","href":"https:\/\/api.w.org\/{rel}","templated":true}]}}