{"id":7142,"date":"2018-05-03T16:44:42","date_gmt":"2018-05-03T16:44:42","guid":{"rendered":"https:\/\/rentalpanda.es\/?post_type=product&#038;p=7142"},"modified":"2026-05-03T05:15:31","modified_gmt":"2026-05-03T04:15:31","slug":"kinderkraft-3in1-cochechito-silla-coche-bebe-alquilar-mallorca","status":"publish","type":"product","link":"https:\/\/rentalpanda.es\/es\/produkt\/kinderkraft-kombi-kinderwagen-babyschale\/","title":{"rendered":"3 en 1 Carrito + Silla Coche Portabeb\u00e9"},"content":{"rendered":"<h2><strong>Carrito 3 en 1 Maxi Cosi<\/strong><\/h2>\n<p>Nuevo en Rentalpanda Mallorca: \u00a1el cochecito para alquilar para tu beb\u00e9! Este multisistema 3in1 bien pensado para beb\u00e9s (incluido el asiento de autom\u00f3vil similar a Maxi-Cosi) combina funcionalidad con dise\u00f1o moderno: f\u00e1cil de manejar, c\u00f3modo y adecuado para cualquier clima. El cochecito con portabeb\u00e9 es ideal para sus vacaciones familiares en Mallorca con su reci\u00e9n nacido: es plegable y liviano, lo que lo hace muy f\u00e1cil de transportar. La buena funcionalidad es ventajosa, porque el asiento de la carriola se puede ajustar en tres posiciones estables: acostado, semirreclinado y sentado, todo con un solo movimiento de la mano.<\/p>\n<h2>3 en 1 Carrito Portabeb\u00e9<\/h2>\n<p>El tema de la seguridad es una prioridad: el cochecito cumple con el est\u00e1ndar de seguridad de la UE EN1888 y est\u00e1 equipado con cinturones de seguridad de 5 puntos. Otras caracter\u00edsticas incluyen: manija ajustable en altura, ruedas delanteras giratorias (autodireccionales) con opci\u00f3n de bloqueo, freno de doble cara en las ruedas traseras, saco de dormir para las piernas, cubierta para la lluvia, cesta grande, mosquitera, cubierta para el sol.<\/p>\n<p>El precio de alquiler que se muestra aqu\u00ed incluye la silla de coche (similar a la silla de coche \u201eMaxi-Cosi\u201c).<\/p>\n<h3>Beneficios 3 en 1 Carrito:<\/h3>\n<ul>\n<li>3 en 1: cochecito para reci\u00e9n nacidos, cochecito y silla coche de beb\u00e9 (similar a Maxi Cosi)<\/li>\n<li>Dise\u00f1o robusto, s\u00f3lido y atractivo.<\/li>\n<li>Plegable, peso ligero<\/li>\n<li>M\u00e1xima seguridad<\/li>\n<li>\u00a1Tu beb\u00e9 yace completamente plano!<\/li>\n<\/ul>\n<h3>Carrito con Sillita de Beb\u00e9 y Asiento de Coche \u2013 Detalles T\u00e9cnicos:<\/h3>\n<p>Peso: 12kg.<br \/>\nDimensiones AAP: 91x61x105cm<br \/>\nMateriales: aluminio, materiales sint\u00e9ticos de alta calidad.<\/p>\n<p>Para beb\u00e9s y ni\u00f1os peque\u00f1os de hasta 13 kg de peso.<\/p>","protected":false},"excerpt":{"rendered":"<table>\n<tbody>\n<tr>\n<th>Altura Ni\u00f1o\/a<\/th>\n<td>40 cm \u2013 87 cm<\/td>\n<\/tr>\n<tr>\n<th>Fijaci\u00f3n<\/th>\n<td>Cintur\u00f3n<\/td>\n<\/tr>\n<tr>\n<th>Sentido de Viaje<\/th>\n<td>Contramarcha<\/td>\n<\/tr>\n<tr>\n<th>Homologaci\u00f3n<\/th>\n<td>R129<\/td>\n<\/tr>\n<\/tbody>\n<\/table>\n<p>Alquile un <strong>3 en 1 Carrito<\/strong> para reci\u00e9n nacidos y beb\u00e9s: cochecito para acostarse completamente plano, cochecito estilo Buggy, y silla de coche para beb\u00e9 estilo portab\u00e9be (similar a Maxi Cosi). Dise\u00f1o moderno y mano de obra muy robusta.<\/p>\n<p>TENGA EN CUENTA: D\u00eda de llegada + d\u00eda de salida = 2 d\u00edas completos de alquiler (ni el 1er ni el \u00faltimo d\u00eda, los productos se pueden alquilar en otro lugar).<\/p>","protected":false},"featured_media":22842,"comment_status":"open","ping_status":"closed","template":"","meta":[],"product_brand":[],"product_cat":[567,87,568,90,100],"product_tag":[559,187,900,186],"class_list":{"0":"post-7142","1":"product","2":"type-product","3":"status-publish","4":"has-post-thumbnail","6":"product_cat-autositze","7":"product_cat-baby-kind","8":"product_cat-kinderwagen","9":"product_cat-mieten","10":"product_cat-sicherheit","11":"product_tag-autoschale","12":"product_tag-buggy","13":"product_tag-kinderkraft-kinderwagen-3-in-1","14":"product_tag-kinderwagen","16":"first","17":"instock","18":"featured","19":"taxable","20":"shipping-taxable","21":"purchasable","22":"product-type-simple"},"yoast_head":"<!-- This site is optimized with the Yoast SEO plugin v27.1.1 - https:\/\/yoast.com\/product\/yoast-seo-wordpress\/ -->\n<title>Kinderwagen 3 in 1 Mieten Mallorca | RentalPanda.es<\/title>\n<meta name=\"description\" content=\"Lass deinen teuren Kinderwagen lieber zuhause und miete bei RentalPanda einen Kinderwagen 3in1 mit Babywanne, Sportwagen und Maxi-Cosi-Autositz!\" \/>\n<meta name=\"robots\" content=\"index, follow, max-snippet:-1, max-image-preview:large, max-video-preview:-1\" \/>\n<link rel=\"canonical\" href=\"https:\/\/rentalpanda.es\/es\/producto\/kinderkraft-3in1-cochechito-silla-coche-bebe-alquilar-mallorca\/\" \/>\n<meta property=\"og:locale\" content=\"es_ES\" \/>\n<meta property=\"og:type\" content=\"article\" \/>\n<meta property=\"og:title\" content=\"Kinderwagen 3 in 1 Mieten Mallorca | RentalPanda.es\" \/>\n<meta property=\"og:description\" content=\"Lass deinen teuren Kinderwagen lieber zuhause und miete bei RentalPanda einen Kinderwagen 3in1 mit Babywanne, Sportwagen und Maxi-Cosi-Autositz!\" \/>\n<meta property=\"og:url\" content=\"https:\/\/rentalpanda.es\/es\/producto\/kinderkraft-3in1-cochechito-silla-coche-bebe-alquilar-mallorca\/\" \/>\n<meta property=\"og:site_name\" content=\"RentalPanda.es\" \/>\n<meta property=\"article:publisher\" content=\"https:\/\/www.facebook.com\/rentalpandamallorca\" \/>\n<meta property=\"article:modified_time\" content=\"2026-05-03T04:15:31+00:00\" \/>\n<meta property=\"og:image\" content=\"https:\/\/rentalpanda.es\/wp-content\/uploads\/2018\/05\/kinderkraft_mallorca-kinderwagen_3in1_mieten-1.png\" \/>\n\t<meta property=\"og:image:width\" content=\"427\" \/>\n\t<meta property=\"og:image:height\" content=\"480\" \/>\n\t<meta property=\"og:image:type\" content=\"image\/png\" \/>\n<meta name=\"twitter:card\" content=\"summary_large_image\" \/>\n<meta name=\"twitter:label1\" content=\"Tiempo de lectura\" \/>\n\t<meta name=\"twitter:data1\" content=\"2 minutos\" \/>\n<script type=\"application\/ld+json\" class=\"yoast-schema-graph\">{\"@context\":\"https:\/\/schema.org\",\"@graph\":[{\"@type\":\"WebPage\",\"@id\":\"https:\/\/rentalpanda.es\/produkt\/kinderkraft-kombi-kinderwagen-babyschale\/\",\"url\":\"https:\/\/rentalpanda.es\/produkt\/kinderkraft-kombi-kinderwagen-babyschale\/\",\"name\":\"Kinderwagen 3 in 1 Mieten Mallorca | RentalPanda.es\",\"isPartOf\":{\"@id\":\"https:\/\/rentalpanda.es\/en\/#website\"},\"primaryImageOfPage\":{\"@id\":\"https:\/\/rentalpanda.es\/produkt\/kinderkraft-kombi-kinderwagen-babyschale\/#primaryimage\"},\"image\":{\"@id\":\"https:\/\/rentalpanda.es\/produkt\/kinderkraft-kombi-kinderwagen-babyschale\/#primaryimage\"},\"thumbnailUrl\":\"https:\/\/rentalpanda.es\/wp-content\/uploads\/2018\/05\/kinderkraft_mallorca-kinderwagen_3in1_mieten-1.png\",\"datePublished\":\"2018-05-03T16:44:42+00:00\",\"dateModified\":\"2026-05-03T04:15:31+00:00\",\"description\":\"Lass deinen teuren Kinderwagen lieber zuhause und miete bei RentalPanda einen Kinderwagen 3in1 mit Babywanne, Sportwagen und Maxi-Cosi-Autositz!\",\"breadcrumb\":{\"@id\":\"https:\/\/rentalpanda.es\/produkt\/kinderkraft-kombi-kinderwagen-babyschale\/#breadcrumb\"},\"inLanguage\":\"es\",\"potentialAction\":[{\"@type\":\"ReadAction\",\"target\":[\"https:\/\/rentalpanda.es\/produkt\/kinderkraft-kombi-kinderwagen-babyschale\/\"]}]},{\"@type\":\"ImageObject\",\"inLanguage\":\"es\",\"@id\":\"https:\/\/rentalpanda.es\/produkt\/kinderkraft-kombi-kinderwagen-babyschale\/#primaryimage\",\"url\":\"https:\/\/rentalpanda.es\/wp-content\/uploads\/2018\/05\/kinderkraft_mallorca-kinderwagen_3in1_mieten-1.png\",\"contentUrl\":\"https:\/\/rentalpanda.es\/wp-content\/uploads\/2018\/05\/kinderkraft_mallorca-kinderwagen_3in1_mieten-1.png\",\"width\":427,\"height\":480,\"caption\":\"kinderkraft_mallorca-kinderwagen_3in1_mieten\"},{\"@type\":\"BreadcrumbList\",\"@id\":\"https:\/\/rentalpanda.es\/produkt\/kinderkraft-kombi-kinderwagen-babyschale\/#breadcrumb\",\"itemListElement\":[{\"@type\":\"ListItem\",\"position\":1,\"name\":\"Startseite\",\"item\":\"https:\/\/rentalpanda.es\/\"},{\"@type\":\"ListItem\",\"position\":2,\"name\":\"Shop\",\"item\":\"https:\/\/rentalpanda.es\/shop\/\"},{\"@type\":\"ListItem\",\"position\":3,\"name\":\"Kinderwagen 3 in 1 mit Babyschale\"}]},{\"@type\":\"WebSite\",\"@id\":\"https:\/\/rentalpanda.es\/en\/#website\",\"url\":\"https:\/\/rentalpanda.es\/en\/\",\"name\":\"RentalPanda.es\",\"description\":\"Baby, Beach &amp; Holiday Gear for Rent\",\"publisher\":{\"@id\":\"https:\/\/rentalpanda.es\/en\/#organization\"},\"potentialAction\":[{\"@type\":\"SearchAction\",\"target\":{\"@type\":\"EntryPoint\",\"urlTemplate\":\"https:\/\/rentalpanda.es\/en\/?s={search_term_string}\"},\"query-input\":{\"@type\":\"PropertyValueSpecification\",\"valueRequired\":true,\"valueName\":\"search_term_string\"}}],\"inLanguage\":\"es\"},{\"@type\":\"Organization\",\"@id\":\"https:\/\/rentalpanda.es\/en\/#organization\",\"name\":\"Rentalpanda.es\",\"url\":\"https:\/\/rentalpanda.es\/en\/\",\"logo\":{\"@type\":\"ImageObject\",\"inLanguage\":\"es\",\"@id\":\"https:\/\/rentalpanda.es\/en\/#\/schema\/logo\/image\/\",\"url\":\"https:\/\/rentalpanda.es\/wp-content\/uploads\/2017\/02\/rentalpanda-logo-webseite-end.png\",\"contentUrl\":\"https:\/\/rentalpanda.es\/wp-content\/uploads\/2017\/02\/rentalpanda-logo-webseite-end.png\",\"width\":260,\"height\":71,\"caption\":\"Rentalpanda.es\"},\"image\":{\"@id\":\"https:\/\/rentalpanda.es\/en\/#\/schema\/logo\/image\/\"},\"sameAs\":[\"https:\/\/www.facebook.com\/rentalpandamallorca\"]}]}<\/script>\n<!-- \/ Yoast SEO plugin. -->","yoast_head_json":{"title":"Kinderwagen 3 in 1 Mieten Mallorca | RentalPanda.es","description":"Lass deinen teuren Kinderwagen lieber zuhause und miete bei RentalPanda einen Kinderwagen 3in1 mit Babywanne, Sportwagen und Maxi-Cosi-Autositz!","robots":{"index":"index","follow":"follow","max-snippet":"max-snippet:-1","max-image-preview":"max-image-preview:large","max-video-preview":"max-video-preview:-1"},"canonical":"https:\/\/rentalpanda.es\/es\/producto\/kinderkraft-3in1-cochechito-silla-coche-bebe-alquilar-mallorca\/","og_locale":"es_ES","og_type":"article","og_title":"Kinderwagen 3 in 1 Mieten Mallorca | RentalPanda.es","og_description":"Lass deinen teuren Kinderwagen lieber zuhause und miete bei RentalPanda einen Kinderwagen 3in1 mit Babywanne, Sportwagen und Maxi-Cosi-Autositz!","og_url":"https:\/\/rentalpanda.es\/es\/producto\/kinderkraft-3in1-cochechito-silla-coche-bebe-alquilar-mallorca\/","og_site_name":"RentalPanda.es","article_publisher":"https:\/\/www.facebook.com\/rentalpandamallorca","article_modified_time":"2026-05-03T04:15:31+00:00","og_image":[{"width":427,"height":480,"url":"https:\/\/rentalpanda.es\/wp-content\/uploads\/2018\/05\/kinderkraft_mallorca-kinderwagen_3in1_mieten-1.png","type":"image\/png"}],"twitter_card":"summary_large_image","twitter_misc":{"Tiempo de lectura":"2 minutos"},"schema":{"@context":"https:\/\/schema.org","@graph":[{"@type":"WebPage","@id":"https:\/\/rentalpanda.es\/produkt\/kinderkraft-kombi-kinderwagen-babyschale\/","url":"https:\/\/rentalpanda.es\/produkt\/kinderkraft-kombi-kinderwagen-babyschale\/","name":"Kinderwagen 3 in 1 Mieten Mallorca | RentalPanda.es","isPartOf":{"@id":"https:\/\/rentalpanda.es\/en\/#website"},"primaryImageOfPage":{"@id":"https:\/\/rentalpanda.es\/produkt\/kinderkraft-kombi-kinderwagen-babyschale\/#primaryimage"},"image":{"@id":"https:\/\/rentalpanda.es\/produkt\/kinderkraft-kombi-kinderwagen-babyschale\/#primaryimage"},"thumbnailUrl":"https:\/\/rentalpanda.es\/wp-content\/uploads\/2018\/05\/kinderkraft_mallorca-kinderwagen_3in1_mieten-1.png","datePublished":"2018-05-03T16:44:42+00:00","dateModified":"2026-05-03T04:15:31+00:00","description":"Lass deinen teuren Kinderwagen lieber zuhause und miete bei RentalPanda einen Kinderwagen 3in1 mit Babywanne, Sportwagen und Maxi-Cosi-Autositz!","breadcrumb":{"@id":"https:\/\/rentalpanda.es\/produkt\/kinderkraft-kombi-kinderwagen-babyschale\/#breadcrumb"},"inLanguage":"es","potentialAction":[{"@type":"ReadAction","target":["https:\/\/rentalpanda.es\/produkt\/kinderkraft-kombi-kinderwagen-babyschale\/"]}]},{"@type":"ImageObject","inLanguage":"es","@id":"https:\/\/rentalpanda.es\/produkt\/kinderkraft-kombi-kinderwagen-babyschale\/#primaryimage","url":"https:\/\/rentalpanda.es\/wp-content\/uploads\/2018\/05\/kinderkraft_mallorca-kinderwagen_3in1_mieten-1.png","contentUrl":"https:\/\/rentalpanda.es\/wp-content\/uploads\/2018\/05\/kinderkraft_mallorca-kinderwagen_3in1_mieten-1.png","width":427,"height":480,"caption":"kinderkraft_mallorca-kinderwagen_3in1_mieten"},{"@type":"BreadcrumbList","@id":"https:\/\/rentalpanda.es\/produkt\/kinderkraft-kombi-kinderwagen-babyschale\/#breadcrumb","itemListElement":[{"@type":"ListItem","position":1,"name":"Startseite","item":"https:\/\/rentalpanda.es\/"},{"@type":"ListItem","position":2,"name":"Shop","item":"https:\/\/rentalpanda.es\/shop\/"},{"@type":"ListItem","position":3,"name":"Kinderwagen 3 in 1 mit Babyschale"}]},{"@type":"WebSite","@id":"https:\/\/rentalpanda.es\/en\/#website","url":"https:\/\/rentalpanda.es\/en\/","name":"RentalPanda.es","description":"Baby, Beach &amp; Holiday Gear for Rent","publisher":{"@id":"https:\/\/rentalpanda.es\/en\/#organization"},"potentialAction":[{"@type":"SearchAction","target":{"@type":"EntryPoint","urlTemplate":"https:\/\/rentalpanda.es\/en\/?s={search_term_string}"},"query-input":{"@type":"PropertyValueSpecification","valueRequired":true,"valueName":"search_term_string"}}],"inLanguage":"es"},{"@type":"Organization","@id":"https:\/\/rentalpanda.es\/en\/#organization","name":"Rentalpanda.es","url":"https:\/\/rentalpanda.es\/en\/","logo":{"@type":"ImageObject","inLanguage":"es","@id":"https:\/\/rentalpanda.es\/en\/#\/schema\/logo\/image\/","url":"https:\/\/rentalpanda.es\/wp-content\/uploads\/2017\/02\/rentalpanda-logo-webseite-end.png","contentUrl":"https:\/\/rentalpanda.es\/wp-content\/uploads\/2017\/02\/rentalpanda-logo-webseite-end.png","width":260,"height":71,"caption":"Rentalpanda.es"},"image":{"@id":"https:\/\/rentalpanda.es\/en\/#\/schema\/logo\/image\/"},"sameAs":["https:\/\/www.facebook.com\/rentalpandamallorca"]}]}},"_links":{"self":[{"href":"https:\/\/rentalpanda.es\/es\/wp-json\/wp\/v2\/product\/7142","targetHints":{"allow":["GET"]}}],"collection":[{"href":"https:\/\/rentalpanda.es\/es\/wp-json\/wp\/v2\/product"}],"about":[{"href":"https:\/\/rentalpanda.es\/es\/wp-json\/wp\/v2\/types\/product"}],"replies":[{"embeddable":true,"href":"https:\/\/rentalpanda.es\/es\/wp-json\/wp\/v2\/comments?post=7142"}],"wp:featuredmedia":[{"embeddable":true,"href":"https:\/\/rentalpanda.es\/es\/wp-json\/wp\/v2\/media\/22842"}],"wp:attachment":[{"href":"https:\/\/rentalpanda.es\/es\/wp-json\/wp\/v2\/media?parent=7142"}],"wp:term":[{"taxonomy":"product_brand","embeddable":true,"href":"https:\/\/rentalpanda.es\/es\/wp-json\/wp\/v2\/product_brand?post=7142"},{"taxonomy":"product_cat","embeddable":true,"href":"https:\/\/rentalpanda.es\/es\/wp-json\/wp\/v2\/product_cat?post=7142"},{"taxonomy":"product_tag","embeddable":true,"href":"https:\/\/rentalpanda.es\/es\/wp-json\/wp\/v2\/product_tag?post=7142"}],"curies":[{"name":"wp","href":"https:\/\/api.w.org\/{rel}","templated":true}]}}