{"id":6902,"date":"2018-04-17T08:51:46","date_gmt":"2018-04-17T08:51:46","guid":{"rendered":"https:\/\/rentalpanda.es\/?post_type=product&#038;p=6902"},"modified":"2026-02-18T05:40:12","modified_gmt":"2026-02-18T05:40:12","slug":"alquiler-portabebe-mallorca","status":"publish","type":"product","link":"https:\/\/rentalpanda.es\/es\/produkt\/kindertrage-kinderkraxe-mieten-mallorca\/","title":{"rendered":"MONTIS MOVE Portabeb\u00e9s"},"content":{"rendered":"<h2><strong>Portabeb\u00e9s Alquila Mallorca<\/strong><\/h2>\n<p>Alquila tu portabeb\u00e9s \/ mochila para llevar a tu hijo en Rentalpanda.es en Mallorca para caminatas y excursiones relajadas y largas en familia. El ganador en relaci\u00f3n calidad-precio del modelo MONTIS MOVE es extremadamente vers\u00e1til y c\u00f3modo, ofreciendo un asiento seguro y c\u00f3modo para tu hijo gracias al respaldo acolchado, las correas de seguridad de 4 puntos, el coj\u00edn del asiento ajustable en altura y los reposapi\u00e9s de aluminio plegables.<\/p>\n<h2>Renta de Portabeb\u00e9s en Mallorca<\/h2>\n<p>Debido a las amplias correas (en hombros, pecho y lumbar), el portabeb\u00e9s MONTIS se ajusta de manera absolutamente segura. La forma ergon\u00f3mica de la espalda es ajustable de manera individual y se adapta a cualquier tipo de espalda. Adem\u00e1s, varios bolsillos proporcionan un amplio espacio de almacenamiento para las cosas necesarias durante tus agradables caminatas en Mallorca. Un canal de ventilaci\u00f3n a lo largo de la columna vertebral, revestido con material antial\u00e9rgico y que absorbe el sudor, asegura que no se acumule calor molesto. Y si durante tus vacaciones en Mallorca te sorprende la lluvia, no hay problema, porque la capa exterior del portabeb\u00e9s \/ mochila para llevar al ni\u00f1o en alquiler es impermeable, y tambi\u00e9n cuenta con una cubierta repelente al agua (que tambi\u00e9n protege del sol).<\/p>\n<h3>Beneficios portabeb\u00e9s:<\/h3>\n<ul>\n<li>Caminatas c\u00f3modas en Mallorca con ni\u00f1os.<\/li>\n<li>Mucho espacio de almacenamiento y forma ergon\u00f3mica.<\/li>\n<li>Ajustable de manera individual y PLEGABLE.<\/li>\n<li>M\u00e1ximo confort y excelente calidad.<\/li>\n<\/ul>\n<h3>Detalles t\u00e9cnicos portabeb\u00e9s Mallorca:<\/h3>\n<p>Peso: 2.2kg.<br \/>\nDimensiones Alto x Ancho x Profundo: 80x37x27cm.<br \/>\nMateriales: aluminio, poli\u00e9ster.<\/p>\n<p>Adecuado para beb\u00e9s y ni\u00f1os de hasta 25kg.<\/p>","protected":false},"excerpt":{"rendered":"<p>Un ganador en relaci\u00f3n calidad-precio en la prueba, el vers\u00e1til y plegable portabeb\u00e9s MONTIS Move Portabeb\u00e9s con respaldo acolchado, capa exterior impermeable y mucho espacio de almacenamiento, para tus peque\u00f1os de hasta 25 kg.<\/p>\n<p>TENGA EN CUENTA: D\u00eda de llegada + d\u00eda de salida = 2 d\u00edas completos de alquiler (ni el 1er ni el \u00faltimo d\u00eda, los productos se pueden alquilar en otro lugar).<\/p>","protected":false},"featured_media":14693,"comment_status":"open","ping_status":"closed","template":"","meta":[],"product_brand":[],"product_cat":[1276,87,90],"product_tag":[556,555,854,855],"class_list":{"0":"post-6902","1":"product","2":"type-product","3":"status-publish","4":"has-post-thumbnail","6":"product_cat-abenteuer","7":"product_cat-baby-kind","8":"product_cat-mieten","9":"product_tag-kinderkraxe","10":"product_tag-kindertrage","11":"product_tag-kindertrage-mieten","12":"product_tag-kindertrage-mieten-mallorca","14":"first","15":"instock","16":"taxable","17":"shipping-taxable","18":"purchasable","19":"product-type-simple"},"yoast_head":"<!-- This site is optimized with the Yoast SEO plugin v27.1.1 - https:\/\/yoast.com\/product\/yoast-seo-wordpress\/ -->\n<title>Kindertrage Mieten Mallorca: Kinderkraxe von RentalPanda<\/title>\n<meta name=\"description\" content=\"Du wanderst gerne und das mit Kleinkind? Kindertrage mieten: Mallorca von seiner sch\u00f6nsten Seite zu Fu\u00df erobern! Mit gepolsteter R\u00fcckenlehne, super bequem!\" \/>\n<meta name=\"robots\" content=\"index, follow, max-snippet:-1, max-image-preview:large, max-video-preview:-1\" \/>\n<link rel=\"canonical\" href=\"https:\/\/rentalpanda.es\/es\/producto\/alquiler-portabebe-mallorca\/\" \/>\n<meta property=\"og:locale\" content=\"es_ES\" \/>\n<meta property=\"og:type\" content=\"article\" \/>\n<meta property=\"og:title\" content=\"Kindertrage Mieten Mallorca: Kinderkraxe von RentalPanda\" \/>\n<meta property=\"og:description\" content=\"Du wanderst gerne und das mit Kleinkind? Kindertrage mieten: Mallorca von seiner sch\u00f6nsten Seite zu Fu\u00df erobern! Mit gepolsteter R\u00fcckenlehne, super bequem!\" \/>\n<meta property=\"og:url\" content=\"https:\/\/rentalpanda.es\/es\/producto\/alquiler-portabebe-mallorca\/\" \/>\n<meta property=\"og:site_name\" content=\"RentalPanda.es\" \/>\n<meta property=\"article:publisher\" content=\"https:\/\/www.facebook.com\/rentalpandamallorca\" \/>\n<meta property=\"article:modified_time\" content=\"2026-02-18T05:40:12+00:00\" \/>\n<meta property=\"og:image\" content=\"https:\/\/rentalpanda.es\/wp-content\/uploads\/2018\/04\/kindertrage-mieten-mallorca.png\" \/>\n\t<meta property=\"og:image:width\" content=\"427\" \/>\n\t<meta property=\"og:image:height\" content=\"480\" \/>\n\t<meta property=\"og:image:type\" content=\"image\/png\" \/>\n<meta name=\"twitter:card\" content=\"summary_large_image\" \/>\n<meta name=\"twitter:label1\" content=\"Tiempo de lectura\" \/>\n\t<meta name=\"twitter:data1\" content=\"2 minutos\" \/>\n<script type=\"application\/ld+json\" class=\"yoast-schema-graph\">{\"@context\":\"https:\/\/schema.org\",\"@graph\":[{\"@type\":\"WebPage\",\"@id\":\"https:\/\/rentalpanda.es\/produkt\/kindertrage-kinderkraxe-mieten-mallorca\/\",\"url\":\"https:\/\/rentalpanda.es\/produkt\/kindertrage-kinderkraxe-mieten-mallorca\/\",\"name\":\"Kindertrage Mieten Mallorca: Kinderkraxe von RentalPanda\",\"isPartOf\":{\"@id\":\"https:\/\/rentalpanda.es\/en\/#website\"},\"primaryImageOfPage\":{\"@id\":\"https:\/\/rentalpanda.es\/produkt\/kindertrage-kinderkraxe-mieten-mallorca\/#primaryimage\"},\"image\":{\"@id\":\"https:\/\/rentalpanda.es\/produkt\/kindertrage-kinderkraxe-mieten-mallorca\/#primaryimage\"},\"thumbnailUrl\":\"https:\/\/rentalpanda.es\/wp-content\/uploads\/2018\/04\/kindertrage-mieten-mallorca.png\",\"datePublished\":\"2018-04-17T08:51:46+00:00\",\"dateModified\":\"2026-02-18T05:40:12+00:00\",\"description\":\"Du wanderst gerne und das mit Kleinkind? Kindertrage mieten: Mallorca von seiner sch\u00f6nsten Seite zu Fu\u00df erobern! Mit gepolsteter R\u00fcckenlehne, super bequem!\",\"breadcrumb\":{\"@id\":\"https:\/\/rentalpanda.es\/produkt\/kindertrage-kinderkraxe-mieten-mallorca\/#breadcrumb\"},\"inLanguage\":\"es\",\"potentialAction\":[{\"@type\":\"ReadAction\",\"target\":[\"https:\/\/rentalpanda.es\/produkt\/kindertrage-kinderkraxe-mieten-mallorca\/\"]}]},{\"@type\":\"ImageObject\",\"inLanguage\":\"es\",\"@id\":\"https:\/\/rentalpanda.es\/produkt\/kindertrage-kinderkraxe-mieten-mallorca\/#primaryimage\",\"url\":\"https:\/\/rentalpanda.es\/wp-content\/uploads\/2018\/04\/kindertrage-mieten-mallorca.png\",\"contentUrl\":\"https:\/\/rentalpanda.es\/wp-content\/uploads\/2018\/04\/kindertrage-mieten-mallorca.png\",\"width\":427,\"height\":480,\"caption\":\"kindertrage-mieten-mallorca\"},{\"@type\":\"BreadcrumbList\",\"@id\":\"https:\/\/rentalpanda.es\/produkt\/kindertrage-kinderkraxe-mieten-mallorca\/#breadcrumb\",\"itemListElement\":[{\"@type\":\"ListItem\",\"position\":1,\"name\":\"Startseite\",\"item\":\"https:\/\/rentalpanda.es\/\"},{\"@type\":\"ListItem\",\"position\":2,\"name\":\"Shop\",\"item\":\"https:\/\/rentalpanda.es\/shop\/\"},{\"@type\":\"ListItem\",\"position\":3,\"name\":\"MONTIS MOVE Kindertrage Mieten Mallorca \/ Kinderkraxe\"}]},{\"@type\":\"WebSite\",\"@id\":\"https:\/\/rentalpanda.es\/en\/#website\",\"url\":\"https:\/\/rentalpanda.es\/en\/\",\"name\":\"RentalPanda.es\",\"description\":\"Baby, Beach &amp; Holiday Gear for Rent\",\"publisher\":{\"@id\":\"https:\/\/rentalpanda.es\/en\/#organization\"},\"potentialAction\":[{\"@type\":\"SearchAction\",\"target\":{\"@type\":\"EntryPoint\",\"urlTemplate\":\"https:\/\/rentalpanda.es\/en\/?s={search_term_string}\"},\"query-input\":{\"@type\":\"PropertyValueSpecification\",\"valueRequired\":true,\"valueName\":\"search_term_string\"}}],\"inLanguage\":\"es\"},{\"@type\":\"Organization\",\"@id\":\"https:\/\/rentalpanda.es\/en\/#organization\",\"name\":\"Rentalpanda.es\",\"url\":\"https:\/\/rentalpanda.es\/en\/\",\"logo\":{\"@type\":\"ImageObject\",\"inLanguage\":\"es\",\"@id\":\"https:\/\/rentalpanda.es\/en\/#\/schema\/logo\/image\/\",\"url\":\"https:\/\/rentalpanda.es\/wp-content\/uploads\/2017\/02\/rentalpanda-logo-webseite-end.png\",\"contentUrl\":\"https:\/\/rentalpanda.es\/wp-content\/uploads\/2017\/02\/rentalpanda-logo-webseite-end.png\",\"width\":260,\"height\":71,\"caption\":\"Rentalpanda.es\"},\"image\":{\"@id\":\"https:\/\/rentalpanda.es\/en\/#\/schema\/logo\/image\/\"},\"sameAs\":[\"https:\/\/www.facebook.com\/rentalpandamallorca\"]}]}<\/script>\n<!-- \/ Yoast SEO plugin. -->","yoast_head_json":{"title":"Alquiler de Art\u00edculos para Beb\u00e9s en Mallorca: Portabeb\u00e9s | RentalPanda.es","description":"\u00bfTe gusta hacer senderismo con tu peque\u00f1o? Alquila una mochila portabeb\u00e9s en Mallorca: \u00a1Descubre los paisajes m\u00e1s bellos de Mallorca a pie! Con respaldo acolchado para m\u00e1xima comodidad.","robots":{"index":"index","follow":"follow","max-snippet":"max-snippet:-1","max-image-preview":"max-image-preview:large","max-video-preview":"max-video-preview:-1"},"canonical":"https:\/\/rentalpanda.es\/es\/producto\/alquiler-portabebe-mallorca\/","og_locale":"es_ES","og_type":"article","og_title":"Kindertrage Mieten Mallorca: Kinderkraxe von RentalPanda","og_description":"Du wanderst gerne und das mit Kleinkind? Kindertrage mieten: Mallorca von seiner sch\u00f6nsten Seite zu Fu\u00df erobern! Mit gepolsteter R\u00fcckenlehne, super bequem!","og_url":"https:\/\/rentalpanda.es\/es\/producto\/alquiler-portabebe-mallorca\/","og_site_name":"RentalPanda.es","article_publisher":"https:\/\/www.facebook.com\/rentalpandamallorca","article_modified_time":"2026-02-18T05:40:12+00:00","og_image":[{"width":427,"height":480,"url":"https:\/\/rentalpanda.es\/wp-content\/uploads\/2018\/04\/kindertrage-mieten-mallorca.png","type":"image\/png"}],"twitter_card":"summary_large_image","twitter_misc":{"Tiempo de lectura":"2 minutos"},"schema":{"@context":"https:\/\/schema.org","@graph":[{"@type":"WebPage","@id":"https:\/\/rentalpanda.es\/produkt\/kindertrage-kinderkraxe-mieten-mallorca\/","url":"https:\/\/rentalpanda.es\/produkt\/kindertrage-kinderkraxe-mieten-mallorca\/","name":"Alquiler de Art\u00edculos para Beb\u00e9s en Mallorca: Portabeb\u00e9s | RentalPanda.es","isPartOf":{"@id":"https:\/\/rentalpanda.es\/en\/#website"},"primaryImageOfPage":{"@id":"https:\/\/rentalpanda.es\/produkt\/kindertrage-kinderkraxe-mieten-mallorca\/#primaryimage"},"image":{"@id":"https:\/\/rentalpanda.es\/produkt\/kindertrage-kinderkraxe-mieten-mallorca\/#primaryimage"},"thumbnailUrl":"https:\/\/rentalpanda.es\/wp-content\/uploads\/2018\/04\/kindertrage-mieten-mallorca.png","datePublished":"2018-04-17T08:51:46+00:00","dateModified":"2026-02-18T05:40:12+00:00","description":"\u00bfTe gusta hacer senderismo con tu peque\u00f1o? Alquila una mochila portabeb\u00e9s en Mallorca: \u00a1Descubre los paisajes m\u00e1s bellos de Mallorca a pie! Con respaldo acolchado para m\u00e1xima comodidad.","breadcrumb":{"@id":"https:\/\/rentalpanda.es\/produkt\/kindertrage-kinderkraxe-mieten-mallorca\/#breadcrumb"},"inLanguage":"es","potentialAction":[{"@type":"ReadAction","target":["https:\/\/rentalpanda.es\/produkt\/kindertrage-kinderkraxe-mieten-mallorca\/"]}]},{"@type":"ImageObject","inLanguage":"es","@id":"https:\/\/rentalpanda.es\/produkt\/kindertrage-kinderkraxe-mieten-mallorca\/#primaryimage","url":"https:\/\/rentalpanda.es\/wp-content\/uploads\/2018\/04\/kindertrage-mieten-mallorca.png","contentUrl":"https:\/\/rentalpanda.es\/wp-content\/uploads\/2018\/04\/kindertrage-mieten-mallorca.png","width":427,"height":480,"caption":"kindertrage-mieten-mallorca"},{"@type":"BreadcrumbList","@id":"https:\/\/rentalpanda.es\/produkt\/kindertrage-kinderkraxe-mieten-mallorca\/#breadcrumb","itemListElement":[{"@type":"ListItem","position":1,"name":"Startseite","item":"https:\/\/rentalpanda.es\/"},{"@type":"ListItem","position":2,"name":"Shop","item":"https:\/\/rentalpanda.es\/shop\/"},{"@type":"ListItem","position":3,"name":"MONTIS MOVE Kindertrage Mieten Mallorca \/ Kinderkraxe"}]},{"@type":"WebSite","@id":"https:\/\/rentalpanda.es\/en\/#website","url":"https:\/\/rentalpanda.es\/en\/","name":"RentalPanda.es","description":"Baby, Beach &amp; Holiday Gear for Rent","publisher":{"@id":"https:\/\/rentalpanda.es\/en\/#organization"},"potentialAction":[{"@type":"SearchAction","target":{"@type":"EntryPoint","urlTemplate":"https:\/\/rentalpanda.es\/en\/?s={search_term_string}"},"query-input":{"@type":"PropertyValueSpecification","valueRequired":true,"valueName":"search_term_string"}}],"inLanguage":"es"},{"@type":"Organization","@id":"https:\/\/rentalpanda.es\/en\/#organization","name":"Rentalpanda.es","url":"https:\/\/rentalpanda.es\/en\/","logo":{"@type":"ImageObject","inLanguage":"es","@id":"https:\/\/rentalpanda.es\/en\/#\/schema\/logo\/image\/","url":"https:\/\/rentalpanda.es\/wp-content\/uploads\/2017\/02\/rentalpanda-logo-webseite-end.png","contentUrl":"https:\/\/rentalpanda.es\/wp-content\/uploads\/2017\/02\/rentalpanda-logo-webseite-end.png","width":260,"height":71,"caption":"Rentalpanda.es"},"image":{"@id":"https:\/\/rentalpanda.es\/en\/#\/schema\/logo\/image\/"},"sameAs":["https:\/\/www.facebook.com\/rentalpandamallorca"]}]}},"_links":{"self":[{"href":"https:\/\/rentalpanda.es\/es\/wp-json\/wp\/v2\/product\/6902","targetHints":{"allow":["GET"]}}],"collection":[{"href":"https:\/\/rentalpanda.es\/es\/wp-json\/wp\/v2\/product"}],"about":[{"href":"https:\/\/rentalpanda.es\/es\/wp-json\/wp\/v2\/types\/product"}],"replies":[{"embeddable":true,"href":"https:\/\/rentalpanda.es\/es\/wp-json\/wp\/v2\/comments?post=6902"}],"wp:featuredmedia":[{"embeddable":true,"href":"https:\/\/rentalpanda.es\/es\/wp-json\/wp\/v2\/media\/14693"}],"wp:attachment":[{"href":"https:\/\/rentalpanda.es\/es\/wp-json\/wp\/v2\/media?parent=6902"}],"wp:term":[{"taxonomy":"product_brand","embeddable":true,"href":"https:\/\/rentalpanda.es\/es\/wp-json\/wp\/v2\/product_brand?post=6902"},{"taxonomy":"product_cat","embeddable":true,"href":"https:\/\/rentalpanda.es\/es\/wp-json\/wp\/v2\/product_cat?post=6902"},{"taxonomy":"product_tag","embeddable":true,"href":"https:\/\/rentalpanda.es\/es\/wp-json\/wp\/v2\/product_tag?post=6902"}],"curies":[{"name":"wp","href":"https:\/\/api.w.org\/{rel}","templated":true}]}}