{"id":6677,"date":"2018-03-22T14:26:16","date_gmt":"2018-03-22T14:26:16","guid":{"rendered":"https:\/\/rentalpanda.es\/?post_type=product&#038;p=6677"},"modified":"2026-04-23T05:39:23","modified_gmt":"2026-04-23T04:39:23","slug":"besrey-alquiler-cochecito-recien-nacidos-mallorca","status":"publish","type":"product","link":"https:\/\/rentalpanda.es\/es\/produkt\/besrey-kombi-kinderwagen-mieten-mallorca\/","title":{"rendered":"Cochecito Plegable para Reci\u00e9n Nacidos"},"content":{"rendered":"<h2><strong>Cochecito Plegable para Reci\u00e9n Nacidos<\/strong><\/h2>\n<p>Para que incluso los m\u00e1s peque\u00f1os no tengan que renunciar al m\u00e1ximo confort durante sus vacaciones en Mallorca. Ahora puedes alquilar este pr\u00e1ctico y c\u00f3modo sistema 2 en 1 en Mallorca con Rentalpanda.es. Tu beb\u00e9 puede ir completamente tumbado en el capazo, sobre un colch\u00f3n con regulaci\u00f3n de temperatura, rodeado de ventanas de ventilaci\u00f3n y visibilidad que se pueden cerrar. El carrito se pliega f\u00e1cilmente gracias al pr\u00e1ctico sistema \u201ceasy-click\u201d, por lo que cabe en casi cualquier coche de alquiler en Mallorca. La capota y el manillar se ajustan en varias posiciones seguras, y el freno de estacionamiento con un solo toque garantiza una sujeci\u00f3n firme.<\/p>\n<h2>Cochecito \/ Buggy para Reci\u00e9n Nacidos<\/h2>\n<p>El parasol y la manija de empuje se pueden colocar en varias posiciones estables, el freno de estacionamiento de un toque asegura un soporte seguro. En general, uno nota que la seguridad y la estabilidad son lo primero, tanto en posici\u00f3n acostada como sentada (tambi\u00e9n ajustable en la direcci\u00f3n de desplazamiento u opuesta).<\/p>\n<p>\u00bfTambi\u00e9n necesitas una sillita de beb\u00e9 para el coche? Entonces quiz\u00e1 te interese m\u00e1s nuestro set de carrito 3 en 1: por solo unos pocos euros m\u00e1s, tambi\u00e9n incluye la silla de coche para beb\u00e9.<br \/>\n<a href=\"https:\/\/rentalpanda.es\/es\/producto\/kinderkraft-3in1-cochechito-silla-coche-bebe-alquilar-mallorca\/\">Kinderkraft 3en1 Alquiler Mallorca<\/a><\/p>\n<h3>Ventajas del Buggy:<\/h3>\n<ul>\n<li>El bebe esta completamente plano<\/li>\n<li>Calidad segura y resistente<\/li>\n<li>Plegable<\/li>\n<li>Techo solar y sistema de ventilaci\u00f3n<\/li>\n<li>Gran cesta de la compra<\/li>\n<li>Sistema 2 en 1 incl. buggy (silla de paseo)<\/li>\n<\/ul>\n<h3>Cochecito Plegable para Reci\u00e9n Nacidos \u2013 Detalles T\u00e9cnicos:<\/h3>\n<p>Peso: 10kg<br \/>\nDimensiones abierto AAP: 111x67x94cm<br \/>\nDimensiones contra\u00eddas AAP: 38x101x67cm<br \/>\nSuperficie de mentira: 83x38cm<br \/>\nMateriales: aluminio, EVA, caucho.<\/p>\n<p>Adecuado para beb\u00e9s y ni\u00f1os peque\u00f1os de 0 a 2 a\u00f1os con m\u00e1x. 15kg.<\/p>","protected":false},"excerpt":{"rendered":"<p>\u00a1Tu <strong>buggy<\/strong> para unas vacaciones relajantes en Mallorca. El sistema de silla de paseo 2 en 1 para reci\u00e9n nacidos, tambi\u00e9n se puede usar como buggy!<\/p>\n<p>TENGA EN CUENTA: D\u00eda de llegada + d\u00eda de salida = 2 d\u00edas completos de alquiler (ni el 1er ni el \u00faltimo d\u00eda, los productos se pueden alquilar en otro lugar).<\/p>","protected":false},"featured_media":14223,"comment_status":"open","ping_status":"closed","template":"","meta":[],"product_brand":[],"product_cat":[87,568,90],"product_tag":[911,910,187,186],"class_list":{"0":"post-6677","1":"product","2":"type-product","3":"status-publish","4":"has-post-thumbnail","6":"product_cat-baby-kind","7":"product_cat-kinderwagen","8":"product_cat-mieten","9":"product_tag-besrey","10":"product_tag-besrey-buggy","11":"product_tag-buggy","12":"product_tag-kinderwagen","14":"first","15":"instock","16":"featured","17":"taxable","18":"shipping-taxable","19":"purchasable","20":"product-type-simple"},"yoast_head":"<!-- This site is optimized with the Yoast SEO plugin v27.1.1 - https:\/\/yoast.com\/product\/yoast-seo-wordpress\/ -->\n<title>Buggy Kinderwagen Mieten: Mit Babyschale 0-2 Jahre | RentalPanda<\/title>\n<meta name=\"description\" content=\"Lass deinen Kinderwagen lieber zuhause und miete dir bei RentalPanda Buggy mit Babyschale. F\u00fcr einen entspannten Urlaub auf Mallorca!\" \/>\n<meta name=\"robots\" content=\"index, follow, max-snippet:-1, max-image-preview:large, max-video-preview:-1\" \/>\n<link rel=\"canonical\" href=\"https:\/\/rentalpanda.es\/es\/producto\/besrey-alquiler-cochecito-recien-nacidos-mallorca\/\" \/>\n<meta property=\"og:locale\" content=\"es_ES\" \/>\n<meta property=\"og:type\" content=\"article\" \/>\n<meta property=\"og:title\" content=\"Buggy Kinderwagen Mieten: Mit Babyschale 0-2 Jahre | RentalPanda\" \/>\n<meta property=\"og:description\" content=\"Lass deinen Kinderwagen lieber zuhause und miete dir bei RentalPanda Buggy mit Babyschale. F\u00fcr einen entspannten Urlaub auf Mallorca!\" \/>\n<meta property=\"og:url\" content=\"https:\/\/rentalpanda.es\/es\/producto\/besrey-alquiler-cochecito-recien-nacidos-mallorca\/\" \/>\n<meta property=\"og:site_name\" content=\"RentalPanda.es\" \/>\n<meta property=\"article:publisher\" content=\"https:\/\/www.facebook.com\/rentalpandamallorca\" \/>\n<meta property=\"article:modified_time\" content=\"2026-04-23T04:39:23+00:00\" \/>\n<meta property=\"og:image\" content=\"https:\/\/rentalpanda.es\/wp-content\/uploads\/2018\/03\/besrey-kinderwagen-de.png\" \/>\n\t<meta property=\"og:image:width\" content=\"427\" \/>\n\t<meta property=\"og:image:height\" content=\"480\" \/>\n\t<meta property=\"og:image:type\" content=\"image\/png\" \/>\n<meta name=\"twitter:card\" content=\"summary_large_image\" \/>\n<meta name=\"twitter:label1\" content=\"Tiempo de lectura\" \/>\n\t<meta name=\"twitter:data1\" content=\"2 minutos\" \/>\n<script type=\"application\/ld+json\" class=\"yoast-schema-graph\">{\"@context\":\"https:\/\/schema.org\",\"@graph\":[{\"@type\":\"WebPage\",\"@id\":\"https:\/\/rentalpanda.es\/produkt\/besrey-kombi-kinderwagen-mieten-mallorca\/\",\"url\":\"https:\/\/rentalpanda.es\/produkt\/besrey-kombi-kinderwagen-mieten-mallorca\/\",\"name\":\"Buggy Kinderwagen Mieten: Mit Babyschale 0-2 Jahre | RentalPanda\",\"isPartOf\":{\"@id\":\"https:\/\/rentalpanda.es\/en\/#website\"},\"primaryImageOfPage\":{\"@id\":\"https:\/\/rentalpanda.es\/produkt\/besrey-kombi-kinderwagen-mieten-mallorca\/#primaryimage\"},\"image\":{\"@id\":\"https:\/\/rentalpanda.es\/produkt\/besrey-kombi-kinderwagen-mieten-mallorca\/#primaryimage\"},\"thumbnailUrl\":\"https:\/\/rentalpanda.es\/wp-content\/uploads\/2018\/03\/besrey-kinderwagen-de.png\",\"datePublished\":\"2018-03-22T14:26:16+00:00\",\"dateModified\":\"2026-04-23T04:39:23+00:00\",\"description\":\"Lass deinen Kinderwagen lieber zuhause und miete dir bei RentalPanda Buggy mit Babyschale. F\u00fcr einen entspannten Urlaub auf Mallorca!\",\"breadcrumb\":{\"@id\":\"https:\/\/rentalpanda.es\/produkt\/besrey-kombi-kinderwagen-mieten-mallorca\/#breadcrumb\"},\"inLanguage\":\"es\",\"potentialAction\":[{\"@type\":\"ReadAction\",\"target\":[\"https:\/\/rentalpanda.es\/produkt\/besrey-kombi-kinderwagen-mieten-mallorca\/\"]}]},{\"@type\":\"ImageObject\",\"inLanguage\":\"es\",\"@id\":\"https:\/\/rentalpanda.es\/produkt\/besrey-kombi-kinderwagen-mieten-mallorca\/#primaryimage\",\"url\":\"https:\/\/rentalpanda.es\/wp-content\/uploads\/2018\/03\/besrey-kinderwagen-de.png\",\"contentUrl\":\"https:\/\/rentalpanda.es\/wp-content\/uploads\/2018\/03\/besrey-kinderwagen-de.png\",\"width\":427,\"height\":480,\"caption\":\"besrey_kinderwagen\"},{\"@type\":\"BreadcrumbList\",\"@id\":\"https:\/\/rentalpanda.es\/produkt\/besrey-kombi-kinderwagen-mieten-mallorca\/#breadcrumb\",\"itemListElement\":[{\"@type\":\"ListItem\",\"position\":1,\"name\":\"Startseite\",\"item\":\"https:\/\/rentalpanda.es\/\"},{\"@type\":\"ListItem\",\"position\":2,\"name\":\"Shop\",\"item\":\"https:\/\/rentalpanda.es\/shop\/\"},{\"@type\":\"ListItem\",\"position\":3,\"name\":\"Buggy Kombi-Kinderwagen mit Babyschale 2in1\"}]},{\"@type\":\"WebSite\",\"@id\":\"https:\/\/rentalpanda.es\/en\/#website\",\"url\":\"https:\/\/rentalpanda.es\/en\/\",\"name\":\"RentalPanda.es\",\"description\":\"Baby, Beach &amp; Holiday Gear for Rent\",\"publisher\":{\"@id\":\"https:\/\/rentalpanda.es\/en\/#organization\"},\"potentialAction\":[{\"@type\":\"SearchAction\",\"target\":{\"@type\":\"EntryPoint\",\"urlTemplate\":\"https:\/\/rentalpanda.es\/en\/?s={search_term_string}\"},\"query-input\":{\"@type\":\"PropertyValueSpecification\",\"valueRequired\":true,\"valueName\":\"search_term_string\"}}],\"inLanguage\":\"es\"},{\"@type\":\"Organization\",\"@id\":\"https:\/\/rentalpanda.es\/en\/#organization\",\"name\":\"Rentalpanda.es\",\"url\":\"https:\/\/rentalpanda.es\/en\/\",\"logo\":{\"@type\":\"ImageObject\",\"inLanguage\":\"es\",\"@id\":\"https:\/\/rentalpanda.es\/en\/#\/schema\/logo\/image\/\",\"url\":\"https:\/\/rentalpanda.es\/wp-content\/uploads\/2017\/02\/rentalpanda-logo-webseite-end.png\",\"contentUrl\":\"https:\/\/rentalpanda.es\/wp-content\/uploads\/2017\/02\/rentalpanda-logo-webseite-end.png\",\"width\":260,\"height\":71,\"caption\":\"Rentalpanda.es\"},\"image\":{\"@id\":\"https:\/\/rentalpanda.es\/en\/#\/schema\/logo\/image\/\"},\"sameAs\":[\"https:\/\/www.facebook.com\/rentalpandamallorca\"]}]}<\/script>\n<!-- \/ Yoast SEO plugin. -->","yoast_head_json":{"title":"Alquiler Cochecito Reci\u00e9n Nacidos 2en1 | RentalPanda.es","description":"Lass deinen Kinderwagen lieber zuhause und miete dir bei RentalPanda Buggy mit Babyschale. F\u00fcr einen entspannten Urlaub auf Mallorca!","robots":{"index":"index","follow":"follow","max-snippet":"max-snippet:-1","max-image-preview":"max-image-preview:large","max-video-preview":"max-video-preview:-1"},"canonical":"https:\/\/rentalpanda.es\/es\/producto\/besrey-alquiler-cochecito-recien-nacidos-mallorca\/","og_locale":"es_ES","og_type":"article","og_title":"Buggy Kinderwagen Mieten: Mit Babyschale 0-2 Jahre | RentalPanda","og_description":"Lass deinen Kinderwagen lieber zuhause und miete dir bei RentalPanda Buggy mit Babyschale. F\u00fcr einen entspannten Urlaub auf Mallorca!","og_url":"https:\/\/rentalpanda.es\/es\/producto\/besrey-alquiler-cochecito-recien-nacidos-mallorca\/","og_site_name":"RentalPanda.es","article_publisher":"https:\/\/www.facebook.com\/rentalpandamallorca","article_modified_time":"2026-04-23T04:39:23+00:00","og_image":[{"width":427,"height":480,"url":"https:\/\/rentalpanda.es\/wp-content\/uploads\/2018\/03\/besrey-kinderwagen-de.png","type":"image\/png"}],"twitter_card":"summary_large_image","twitter_misc":{"Tiempo de lectura":"2 minutos"},"schema":{"@context":"https:\/\/schema.org","@graph":[{"@type":"WebPage","@id":"https:\/\/rentalpanda.es\/produkt\/besrey-kombi-kinderwagen-mieten-mallorca\/","url":"https:\/\/rentalpanda.es\/produkt\/besrey-kombi-kinderwagen-mieten-mallorca\/","name":"Alquiler Cochecito Reci\u00e9n Nacidos 2en1 | RentalPanda.es","isPartOf":{"@id":"https:\/\/rentalpanda.es\/en\/#website"},"primaryImageOfPage":{"@id":"https:\/\/rentalpanda.es\/produkt\/besrey-kombi-kinderwagen-mieten-mallorca\/#primaryimage"},"image":{"@id":"https:\/\/rentalpanda.es\/produkt\/besrey-kombi-kinderwagen-mieten-mallorca\/#primaryimage"},"thumbnailUrl":"https:\/\/rentalpanda.es\/wp-content\/uploads\/2018\/03\/besrey-kinderwagen-de.png","datePublished":"2018-03-22T14:26:16+00:00","dateModified":"2026-04-23T04:39:23+00:00","description":"Lass deinen Kinderwagen lieber zuhause und miete dir bei RentalPanda Buggy mit Babyschale. F\u00fcr einen entspannten Urlaub auf Mallorca!","breadcrumb":{"@id":"https:\/\/rentalpanda.es\/produkt\/besrey-kombi-kinderwagen-mieten-mallorca\/#breadcrumb"},"inLanguage":"es","potentialAction":[{"@type":"ReadAction","target":["https:\/\/rentalpanda.es\/produkt\/besrey-kombi-kinderwagen-mieten-mallorca\/"]}]},{"@type":"ImageObject","inLanguage":"es","@id":"https:\/\/rentalpanda.es\/produkt\/besrey-kombi-kinderwagen-mieten-mallorca\/#primaryimage","url":"https:\/\/rentalpanda.es\/wp-content\/uploads\/2018\/03\/besrey-kinderwagen-de.png","contentUrl":"https:\/\/rentalpanda.es\/wp-content\/uploads\/2018\/03\/besrey-kinderwagen-de.png","width":427,"height":480,"caption":"besrey_kinderwagen"},{"@type":"BreadcrumbList","@id":"https:\/\/rentalpanda.es\/produkt\/besrey-kombi-kinderwagen-mieten-mallorca\/#breadcrumb","itemListElement":[{"@type":"ListItem","position":1,"name":"Startseite","item":"https:\/\/rentalpanda.es\/"},{"@type":"ListItem","position":2,"name":"Shop","item":"https:\/\/rentalpanda.es\/shop\/"},{"@type":"ListItem","position":3,"name":"Buggy Kombi-Kinderwagen mit Babyschale 2in1"}]},{"@type":"WebSite","@id":"https:\/\/rentalpanda.es\/en\/#website","url":"https:\/\/rentalpanda.es\/en\/","name":"RentalPanda.es","description":"Baby, Beach &amp; Holiday Gear for Rent","publisher":{"@id":"https:\/\/rentalpanda.es\/en\/#organization"},"potentialAction":[{"@type":"SearchAction","target":{"@type":"EntryPoint","urlTemplate":"https:\/\/rentalpanda.es\/en\/?s={search_term_string}"},"query-input":{"@type":"PropertyValueSpecification","valueRequired":true,"valueName":"search_term_string"}}],"inLanguage":"es"},{"@type":"Organization","@id":"https:\/\/rentalpanda.es\/en\/#organization","name":"Rentalpanda.es","url":"https:\/\/rentalpanda.es\/en\/","logo":{"@type":"ImageObject","inLanguage":"es","@id":"https:\/\/rentalpanda.es\/en\/#\/schema\/logo\/image\/","url":"https:\/\/rentalpanda.es\/wp-content\/uploads\/2017\/02\/rentalpanda-logo-webseite-end.png","contentUrl":"https:\/\/rentalpanda.es\/wp-content\/uploads\/2017\/02\/rentalpanda-logo-webseite-end.png","width":260,"height":71,"caption":"Rentalpanda.es"},"image":{"@id":"https:\/\/rentalpanda.es\/en\/#\/schema\/logo\/image\/"},"sameAs":["https:\/\/www.facebook.com\/rentalpandamallorca"]}]}},"_links":{"self":[{"href":"https:\/\/rentalpanda.es\/es\/wp-json\/wp\/v2\/product\/6677","targetHints":{"allow":["GET"]}}],"collection":[{"href":"https:\/\/rentalpanda.es\/es\/wp-json\/wp\/v2\/product"}],"about":[{"href":"https:\/\/rentalpanda.es\/es\/wp-json\/wp\/v2\/types\/product"}],"replies":[{"embeddable":true,"href":"https:\/\/rentalpanda.es\/es\/wp-json\/wp\/v2\/comments?post=6677"}],"wp:featuredmedia":[{"embeddable":true,"href":"https:\/\/rentalpanda.es\/es\/wp-json\/wp\/v2\/media\/14223"}],"wp:attachment":[{"href":"https:\/\/rentalpanda.es\/es\/wp-json\/wp\/v2\/media?parent=6677"}],"wp:term":[{"taxonomy":"product_brand","embeddable":true,"href":"https:\/\/rentalpanda.es\/es\/wp-json\/wp\/v2\/product_brand?post=6677"},{"taxonomy":"product_cat","embeddable":true,"href":"https:\/\/rentalpanda.es\/es\/wp-json\/wp\/v2\/product_cat?post=6677"},{"taxonomy":"product_tag","embeddable":true,"href":"https:\/\/rentalpanda.es\/es\/wp-json\/wp\/v2\/product_tag?post=6677"}],"curies":[{"name":"wp","href":"https:\/\/api.w.org\/{rel}","templated":true}]}}