{"id":6236,"date":"2018-01-29T10:12:11","date_gmt":"2018-01-29T10:12:11","guid":{"rendered":"https:\/\/rentalpanda.es\/?post_type=product&#038;p=6236"},"modified":"2025-02-24T00:59:17","modified_gmt":"2025-02-24T00:59:17","slug":"pukylino-bicicleta","status":"publish","type":"product","link":"https:\/\/rentalpanda.es\/es\/produkt\/pukylino-laufrad-kleinkind-1-jahr\/","title":{"rendered":"Bicicleta PUKYLINO para Ni\u00f1os Peque\u00f1os (&gt; 1 a\u00f1o)"},"content":{"rendered":"<h2><strong>Bicicleta PUKYLINO para Ni\u00f1os Peque\u00f1os<\/strong><\/h2>\n<p>La conocida bicicleta de equilibrio Pukylino de la marca Puky fue desarrollada especialmente para ni\u00f1os peque\u00f1os que acaban de comenzar a caminar, pero que ya han desarrollado alegr\u00eda e inter\u00e9s en moverse. \u00a1La bicicleta de equilibrio infantil de Rentalpanda Mallorca es la manera perfecta de moverse en la isla y les dar\u00e1 a sus hijos un verdadero placer!<\/p>\n<h2>PUKYLINO Bici para Ni\u00f1os<\/h2>\n<p>El veh\u00edculo entrena los movimientos de los ni\u00f1os que a\u00fan est\u00e1n en desarrollo, c\u00f3mo ascender y descender, as\u00ed como empujar y conducir. Es igualmente propicio para coordinar incluso los movimientos de las piernas y planificar los cambios de direcci\u00f3n. El Pukylino tambi\u00e9n es realmente liviano con solo 2.5 kg y, por lo tanto, se puede tomar en cualquier lugar de Mallorca. Con asiento ergon\u00f3mico y asas de seguridad.<\/p>\n<h3>Beneficios PUKYLINO Bici para Ni\u00f1os<\/h3>\n<ul>\n<li>Muy divertido para los ni\u00f1os.<\/li>\n<li>Materiales de alta calidad y mano de obra alemana.<\/li>\n<li>Entrena los patrones de coordinaci\u00f3n y movimiento.<\/li>\n<li>Muy ligero pero estable<\/li>\n<\/ul>\n<h3>Bicicleta PUKYLINO para Ni\u00f1os: Detalles t\u00e9cnicos<\/h3>\n<p>Peso: 2.5kg.<br \/>\nDimensi\u00f3n AAP: 26x22x51cm<\/p>\n<p>Adecuado para ni\u00f1os de 1-3 a\u00f1os y un m\u00e1ximo de 20 kg.<\/p>","protected":false},"excerpt":{"rendered":"<p>Con la popular bicicleta de equilibrio Pukylino, incluso los m\u00e1s peque\u00f1os se divertir\u00e1n mucho. Entrena coordinaci\u00f3n, movimiento y equilibrio, y tiene la probada alta calidad PUKY.<\/p>\n<p>TENGA EN CUENTA: D\u00eda de llegada + d\u00eda de salida = 2 d\u00edas completos de alquiler (ni el 1er ni el \u00faltimo d\u00eda, los productos se pueden alquilar en otro lugar).<\/p>","protected":false},"featured_media":14446,"comment_status":"open","ping_status":"closed","template":"","meta":[],"product_brand":[],"product_cat":[87,90,97],"product_tag":[179,162,549],"class_list":{"0":"post-6236","1":"product","2":"type-product","3":"status-publish","4":"has-post-thumbnail","6":"product_cat-baby-kind","7":"product_cat-mieten","8":"product_cat-spielen","9":"product_tag-kinderroller","10":"product_tag-laufrad","11":"product_tag-rutscher","13":"first","14":"instock","15":"taxable","16":"shipping-taxable","17":"purchasable","18":"product-type-simple"},"yoast_head":"<!-- This site is optimized with the Yoast SEO plugin v27.1.1 - https:\/\/yoast.com\/product\/yoast-seo-wordpress\/ -->\n<title>Spielzeug Mieten Mallorca: Pukylino Laufrad | RentalPanda.es<\/title>\n<meta name=\"description\" content=\"Miete f\u00fcr dein Kleinkind ab 1 Jahr im Urlaub auf Mallorca das Pukylino Laufrad - Spielspa\u00df garantiert! Au\u00dferdem viele weitere Mietartikel f\u00fcr Baby &amp; Kind!\" \/>\n<meta name=\"robots\" content=\"index, follow, max-snippet:-1, max-image-preview:large, max-video-preview:-1\" \/>\n<link rel=\"canonical\" href=\"https:\/\/rentalpanda.es\/es\/producto\/pukylino-bicicleta\/\" \/>\n<meta property=\"og:locale\" content=\"es_ES\" \/>\n<meta property=\"og:type\" content=\"article\" \/>\n<meta property=\"og:title\" content=\"Spielzeug Mieten Mallorca: Pukylino Laufrad | RentalPanda.es\" \/>\n<meta property=\"og:description\" content=\"Miete f\u00fcr dein Kleinkind ab 1 Jahr im Urlaub auf Mallorca das Pukylino Laufrad - Spielspa\u00df garantiert! Au\u00dferdem viele weitere Mietartikel f\u00fcr Baby &amp; Kind!\" \/>\n<meta property=\"og:url\" content=\"https:\/\/rentalpanda.es\/es\/producto\/pukylino-bicicleta\/\" \/>\n<meta property=\"og:site_name\" content=\"RentalPanda.es\" \/>\n<meta property=\"article:publisher\" content=\"https:\/\/www.facebook.com\/rentalpandamallorca\" \/>\n<meta property=\"article:modified_time\" content=\"2025-02-24T00:59:17+00:00\" \/>\n<meta property=\"og:image\" content=\"https:\/\/rentalpanda.es\/wp-content\/uploads\/2018\/01\/pukylino-de.png\" \/>\n\t<meta property=\"og:image:width\" content=\"427\" \/>\n\t<meta property=\"og:image:height\" content=\"480\" \/>\n\t<meta property=\"og:image:type\" content=\"image\/png\" \/>\n<meta name=\"twitter:card\" content=\"summary_large_image\" \/>\n<meta name=\"twitter:label1\" content=\"Tiempo de lectura\" \/>\n\t<meta name=\"twitter:data1\" content=\"2 minutos\" \/>\n<script type=\"application\/ld+json\" class=\"yoast-schema-graph\">{\"@context\":\"https:\/\/schema.org\",\"@graph\":[{\"@type\":\"WebPage\",\"@id\":\"https:\/\/rentalpanda.es\/produkt\/pukylino-laufrad-kleinkind-1-jahr\/\",\"url\":\"https:\/\/rentalpanda.es\/produkt\/pukylino-laufrad-kleinkind-1-jahr\/\",\"name\":\"Spielzeug Mieten Mallorca: Pukylino Laufrad | RentalPanda.es\",\"isPartOf\":{\"@id\":\"https:\/\/rentalpanda.es\/en\/#website\"},\"primaryImageOfPage\":{\"@id\":\"https:\/\/rentalpanda.es\/produkt\/pukylino-laufrad-kleinkind-1-jahr\/#primaryimage\"},\"image\":{\"@id\":\"https:\/\/rentalpanda.es\/produkt\/pukylino-laufrad-kleinkind-1-jahr\/#primaryimage\"},\"thumbnailUrl\":\"https:\/\/rentalpanda.es\/wp-content\/uploads\/2018\/01\/pukylino-de.png\",\"datePublished\":\"2018-01-29T10:12:11+00:00\",\"dateModified\":\"2025-02-24T00:59:17+00:00\",\"description\":\"Miete f\u00fcr dein Kleinkind ab 1 Jahr im Urlaub auf Mallorca das Pukylino Laufrad - Spielspa\u00df garantiert! Au\u00dferdem viele weitere Mietartikel f\u00fcr Baby & Kind!\",\"breadcrumb\":{\"@id\":\"https:\/\/rentalpanda.es\/produkt\/pukylino-laufrad-kleinkind-1-jahr\/#breadcrumb\"},\"inLanguage\":\"es\",\"potentialAction\":[{\"@type\":\"ReadAction\",\"target\":[\"https:\/\/rentalpanda.es\/produkt\/pukylino-laufrad-kleinkind-1-jahr\/\"]}]},{\"@type\":\"ImageObject\",\"inLanguage\":\"es\",\"@id\":\"https:\/\/rentalpanda.es\/produkt\/pukylino-laufrad-kleinkind-1-jahr\/#primaryimage\",\"url\":\"https:\/\/rentalpanda.es\/wp-content\/uploads\/2018\/01\/pukylino-de.png\",\"contentUrl\":\"https:\/\/rentalpanda.es\/wp-content\/uploads\/2018\/01\/pukylino-de.png\",\"width\":427,\"height\":480,\"caption\":\"pukylino\"},{\"@type\":\"BreadcrumbList\",\"@id\":\"https:\/\/rentalpanda.es\/produkt\/pukylino-laufrad-kleinkind-1-jahr\/#breadcrumb\",\"itemListElement\":[{\"@type\":\"ListItem\",\"position\":1,\"name\":\"Startseite\",\"item\":\"https:\/\/rentalpanda.es\/\"},{\"@type\":\"ListItem\",\"position\":2,\"name\":\"Shop\",\"item\":\"https:\/\/rentalpanda.es\/shop\/\"},{\"@type\":\"ListItem\",\"position\":3,\"name\":\"PUKYLINO Laufrad f\u00fcr Kleinkinder ab 1 Jahr\"}]},{\"@type\":\"WebSite\",\"@id\":\"https:\/\/rentalpanda.es\/en\/#website\",\"url\":\"https:\/\/rentalpanda.es\/en\/\",\"name\":\"RentalPanda.es\",\"description\":\"Baby, Beach &amp; Holiday Gear for Rent\",\"publisher\":{\"@id\":\"https:\/\/rentalpanda.es\/en\/#organization\"},\"potentialAction\":[{\"@type\":\"SearchAction\",\"target\":{\"@type\":\"EntryPoint\",\"urlTemplate\":\"https:\/\/rentalpanda.es\/en\/?s={search_term_string}\"},\"query-input\":{\"@type\":\"PropertyValueSpecification\",\"valueRequired\":true,\"valueName\":\"search_term_string\"}}],\"inLanguage\":\"es\"},{\"@type\":\"Organization\",\"@id\":\"https:\/\/rentalpanda.es\/en\/#organization\",\"name\":\"Rentalpanda.es\",\"url\":\"https:\/\/rentalpanda.es\/en\/\",\"logo\":{\"@type\":\"ImageObject\",\"inLanguage\":\"es\",\"@id\":\"https:\/\/rentalpanda.es\/en\/#\/schema\/logo\/image\/\",\"url\":\"https:\/\/rentalpanda.es\/wp-content\/uploads\/2017\/02\/rentalpanda-logo-webseite-end.png\",\"contentUrl\":\"https:\/\/rentalpanda.es\/wp-content\/uploads\/2017\/02\/rentalpanda-logo-webseite-end.png\",\"width\":260,\"height\":71,\"caption\":\"Rentalpanda.es\"},\"image\":{\"@id\":\"https:\/\/rentalpanda.es\/en\/#\/schema\/logo\/image\/\"},\"sameAs\":[\"https:\/\/www.facebook.com\/rentalpandamallorca\"]}]}<\/script>\n<!-- \/ Yoast SEO plugin. -->","yoast_head_json":{"title":"Alquiler Bicicleta PUKYLINO para Ni\u00f1os en | RentalPanda.esMallorca","description":"Alquila el correpasillos PUKYlino para beb\u00e9s desde 1 a\u00f1o en Mallorca. Diversi\u00f3n segura en vacaciones. Tambi\u00e9n alquiler de juguetes y art\u00edculos infantiles.","robots":{"index":"index","follow":"follow","max-snippet":"max-snippet:-1","max-image-preview":"max-image-preview:large","max-video-preview":"max-video-preview:-1"},"canonical":"https:\/\/rentalpanda.es\/es\/producto\/pukylino-bicicleta\/","og_locale":"es_ES","og_type":"article","og_title":"Spielzeug Mieten Mallorca: Pukylino Laufrad | RentalPanda.es","og_description":"Miete f\u00fcr dein Kleinkind ab 1 Jahr im Urlaub auf Mallorca das Pukylino Laufrad - Spielspa\u00df garantiert! Au\u00dferdem viele weitere Mietartikel f\u00fcr Baby & Kind!","og_url":"https:\/\/rentalpanda.es\/es\/producto\/pukylino-bicicleta\/","og_site_name":"RentalPanda.es","article_publisher":"https:\/\/www.facebook.com\/rentalpandamallorca","article_modified_time":"2025-02-24T00:59:17+00:00","og_image":[{"width":427,"height":480,"url":"https:\/\/rentalpanda.es\/wp-content\/uploads\/2018\/01\/pukylino-de.png","type":"image\/png"}],"twitter_card":"summary_large_image","twitter_misc":{"Tiempo de lectura":"2 minutos"},"schema":{"@context":"https:\/\/schema.org","@graph":[{"@type":"WebPage","@id":"https:\/\/rentalpanda.es\/produkt\/pukylino-laufrad-kleinkind-1-jahr\/","url":"https:\/\/rentalpanda.es\/produkt\/pukylino-laufrad-kleinkind-1-jahr\/","name":"Alquiler Bicicleta PUKYLINO para Ni\u00f1os en | RentalPanda.esMallorca","isPartOf":{"@id":"https:\/\/rentalpanda.es\/en\/#website"},"primaryImageOfPage":{"@id":"https:\/\/rentalpanda.es\/produkt\/pukylino-laufrad-kleinkind-1-jahr\/#primaryimage"},"image":{"@id":"https:\/\/rentalpanda.es\/produkt\/pukylino-laufrad-kleinkind-1-jahr\/#primaryimage"},"thumbnailUrl":"https:\/\/rentalpanda.es\/wp-content\/uploads\/2018\/01\/pukylino-de.png","datePublished":"2018-01-29T10:12:11+00:00","dateModified":"2025-02-24T00:59:17+00:00","description":"Alquila el correpasillos PUKYlino para beb\u00e9s desde 1 a\u00f1o en Mallorca. Diversi\u00f3n segura en vacaciones. Tambi\u00e9n alquiler de juguetes y art\u00edculos infantiles.","breadcrumb":{"@id":"https:\/\/rentalpanda.es\/produkt\/pukylino-laufrad-kleinkind-1-jahr\/#breadcrumb"},"inLanguage":"es","potentialAction":[{"@type":"ReadAction","target":["https:\/\/rentalpanda.es\/produkt\/pukylino-laufrad-kleinkind-1-jahr\/"]}]},{"@type":"ImageObject","inLanguage":"es","@id":"https:\/\/rentalpanda.es\/produkt\/pukylino-laufrad-kleinkind-1-jahr\/#primaryimage","url":"https:\/\/rentalpanda.es\/wp-content\/uploads\/2018\/01\/pukylino-de.png","contentUrl":"https:\/\/rentalpanda.es\/wp-content\/uploads\/2018\/01\/pukylino-de.png","width":427,"height":480,"caption":"pukylino"},{"@type":"BreadcrumbList","@id":"https:\/\/rentalpanda.es\/produkt\/pukylino-laufrad-kleinkind-1-jahr\/#breadcrumb","itemListElement":[{"@type":"ListItem","position":1,"name":"Startseite","item":"https:\/\/rentalpanda.es\/"},{"@type":"ListItem","position":2,"name":"Shop","item":"https:\/\/rentalpanda.es\/shop\/"},{"@type":"ListItem","position":3,"name":"PUKYLINO Laufrad f\u00fcr Kleinkinder ab 1 Jahr"}]},{"@type":"WebSite","@id":"https:\/\/rentalpanda.es\/en\/#website","url":"https:\/\/rentalpanda.es\/en\/","name":"RentalPanda.es","description":"Baby, Beach &amp; Holiday Gear for Rent","publisher":{"@id":"https:\/\/rentalpanda.es\/en\/#organization"},"potentialAction":[{"@type":"SearchAction","target":{"@type":"EntryPoint","urlTemplate":"https:\/\/rentalpanda.es\/en\/?s={search_term_string}"},"query-input":{"@type":"PropertyValueSpecification","valueRequired":true,"valueName":"search_term_string"}}],"inLanguage":"es"},{"@type":"Organization","@id":"https:\/\/rentalpanda.es\/en\/#organization","name":"Rentalpanda.es","url":"https:\/\/rentalpanda.es\/en\/","logo":{"@type":"ImageObject","inLanguage":"es","@id":"https:\/\/rentalpanda.es\/en\/#\/schema\/logo\/image\/","url":"https:\/\/rentalpanda.es\/wp-content\/uploads\/2017\/02\/rentalpanda-logo-webseite-end.png","contentUrl":"https:\/\/rentalpanda.es\/wp-content\/uploads\/2017\/02\/rentalpanda-logo-webseite-end.png","width":260,"height":71,"caption":"Rentalpanda.es"},"image":{"@id":"https:\/\/rentalpanda.es\/en\/#\/schema\/logo\/image\/"},"sameAs":["https:\/\/www.facebook.com\/rentalpandamallorca"]}]}},"_links":{"self":[{"href":"https:\/\/rentalpanda.es\/es\/wp-json\/wp\/v2\/product\/6236","targetHints":{"allow":["GET"]}}],"collection":[{"href":"https:\/\/rentalpanda.es\/es\/wp-json\/wp\/v2\/product"}],"about":[{"href":"https:\/\/rentalpanda.es\/es\/wp-json\/wp\/v2\/types\/product"}],"replies":[{"embeddable":true,"href":"https:\/\/rentalpanda.es\/es\/wp-json\/wp\/v2\/comments?post=6236"}],"wp:featuredmedia":[{"embeddable":true,"href":"https:\/\/rentalpanda.es\/es\/wp-json\/wp\/v2\/media\/14446"}],"wp:attachment":[{"href":"https:\/\/rentalpanda.es\/es\/wp-json\/wp\/v2\/media?parent=6236"}],"wp:term":[{"taxonomy":"product_brand","embeddable":true,"href":"https:\/\/rentalpanda.es\/es\/wp-json\/wp\/v2\/product_brand?post=6236"},{"taxonomy":"product_cat","embeddable":true,"href":"https:\/\/rentalpanda.es\/es\/wp-json\/wp\/v2\/product_cat?post=6236"},{"taxonomy":"product_tag","embeddable":true,"href":"https:\/\/rentalpanda.es\/es\/wp-json\/wp\/v2\/product_tag?post=6236"}],"curies":[{"name":"wp","href":"https:\/\/api.w.org\/{rel}","templated":true}]}}