{"id":5521,"date":"2017-06-22T09:29:25","date_gmt":"2017-06-22T09:29:25","guid":{"rendered":"https:\/\/rentalpanda.es\/?post_type=product&#038;p=5521\/"},"modified":"2026-02-11T06:15:00","modified_gmt":"2026-02-11T06:15:00","slug":"chicco-silla-paseo-gemelar","status":"publish","type":"product","link":"https:\/\/rentalpanda.es\/es\/produkt\/zwillings-kinderwagen-chicco\/","title":{"rendered":"Silla de Paseo Gemelar en Mallorca"},"content":{"rendered":"<h2><strong>Silla de Paseo Gemelar<\/strong><\/h2>\n<p>\u00bfQuieres ir de vacaciones a Mallorca y tener gemelos o ni\u00f1os con poca diferencia de edad? Simplemente deje su cochecito, silla de paseo o silla de paseo en casa y contrate este cochecito gemelar de RentalPanda. Ofrece la m\u00e1xima comodidad de asiento para sus peque\u00f1os y, al mismo tiempo, es muy pr\u00e1ctico. Ambos respaldos acolchados se pueden ajustar individualmente en 4 posiciones diferentes, hasta la posici\u00f3n acostada.<\/p>\n<h2><strong>Silla de Paseo Gemelar<\/strong><\/h2>\n<p>La silla de paseo de alquiler para gemelos se puede usar desde el nacimiento hasta los 4 a\u00f1os, y tambi\u00e9n es un verdadero punto de atracci\u00f3n, ya que se ha prestado especial atenci\u00f3n al dise\u00f1o de color. La silla de empuje doble es muy liviana, f\u00e1cilmente plegable, ahorra espacio y tiene un clip de seguridad resistente y una gran canasta de almacenamiento.<\/p>\n<h3>Beneficios Silla de Paseo Gemelar<\/h3>\n<ul>\n<li>Pr\u00e1ctico, f\u00e1cil de usar.<\/li>\n<li>Asientos muy c\u00f3modos<\/li>\n<li>Dise\u00f1o elegante<\/li>\n<li>Ahorro de espacio<\/li>\n<li>Bajo peso<\/li>\n<\/ul>\n<h3>Silla de Paseo Gemelar: Detalles t\u00e9cnicos<\/h3>\n<p>Peso: 12,9 kg<br \/>\nDimensiones abierto AAP: 108x82x72cm<br \/>\nDimensi\u00f3n plegada: 105x38cm<\/p>\n<p>Adecuado para ni\u00f1os de 0 a 4 a\u00f1os con un peso m\u00e1ximo de 20 kg.<\/p>","protected":false},"excerpt":{"rendered":"<p>Para sus queridos gemelos o ni\u00f1os con poca diferencia de edad, elija nuestra popular Silla de Paseo Gemelar. Ofrece la m\u00e1xima comodidad y, al mismo tiempo, es extremadamente pr\u00e1ctico en el manejo.<\/p>\n<p>TENGA EN CUENTA: D\u00eda de llegada + d\u00eda de salida = 2 d\u00edas completos de alquiler (ni el 1er ni el \u00faltimo d\u00eda, los productos se pueden alquilar en otro lugar).<\/p>","protected":false},"featured_media":22912,"comment_status":"open","ping_status":"closed","template":"","meta":[],"product_brand":[],"product_cat":[87,568,90],"product_tag":[187,538,822,537,823],"class_list":{"0":"post-5521","1":"product","2":"type-product","3":"status-publish","4":"has-post-thumbnail","6":"product_cat-baby-kind","7":"product_cat-kinderwagen","8":"product_cat-mieten","9":"product_tag-buggy","10":"product_tag-geschwister-kinderwagen","11":"product_tag-zwillings-buggy","12":"product_tag-zwillings-kinderwagen","13":"product_tag-zwillingsbuggy","15":"first","16":"instock","17":"taxable","18":"shipping-taxable","19":"purchasable","20":"product-type-simple"},"yoast_head":"<!-- This site is optimized with the Yoast SEO plugin v27.1.1 - https:\/\/yoast.com\/product\/yoast-seo-wordpress\/ -->\n<title>Zwillings-Buggy Mieten Mallorca: Zwillings-Kinderwagen<\/title>\n<meta name=\"description\" content=\"Der g\u00fcnstige Kinderwagenverleih auf Mallorca - mit unserem Zwillings-Buggy bist du auch im Urlaub mit deinen beiden Kleinen immer mobil!\" \/>\n<meta name=\"robots\" content=\"index, follow, max-snippet:-1, max-image-preview:large, max-video-preview:-1\" \/>\n<link rel=\"canonical\" href=\"https:\/\/rentalpanda.es\/es\/producto\/chicco-silla-paseo-gemelar\/\" \/>\n<meta property=\"og:locale\" content=\"es_ES\" \/>\n<meta property=\"og:type\" content=\"article\" \/>\n<meta property=\"og:title\" content=\"Zwillings-Buggy Mieten Mallorca: Zwillings-Kinderwagen\" \/>\n<meta property=\"og:description\" content=\"Der g\u00fcnstige Kinderwagenverleih auf Mallorca - mit unserem Zwillings-Buggy bist du auch im Urlaub mit deinen beiden Kleinen immer mobil!\" \/>\n<meta property=\"og:url\" content=\"https:\/\/rentalpanda.es\/es\/producto\/chicco-silla-paseo-gemelar\/\" \/>\n<meta property=\"og:site_name\" content=\"RentalPanda.es\" \/>\n<meta property=\"article:publisher\" content=\"https:\/\/www.facebook.com\/rentalpandamallorca\" \/>\n<meta property=\"article:modified_time\" content=\"2026-02-11T06:15:00+00:00\" \/>\n<meta property=\"og:image\" content=\"https:\/\/rentalpanda.es\/wp-content\/uploads\/2017\/06\/zwillings-Kinderwagen-mieten-Mallorca.png\" \/>\n\t<meta property=\"og:image:width\" content=\"427\" \/>\n\t<meta property=\"og:image:height\" content=\"480\" \/>\n\t<meta property=\"og:image:type\" content=\"image\/png\" \/>\n<meta name=\"twitter:card\" content=\"summary_large_image\" \/>\n<meta name=\"twitter:label1\" content=\"Tiempo de lectura\" \/>\n\t<meta name=\"twitter:data1\" content=\"1 minuto\" \/>\n<script type=\"application\/ld+json\" class=\"yoast-schema-graph\">{\"@context\":\"https:\/\/schema.org\",\"@graph\":[{\"@type\":\"WebPage\",\"@id\":\"https:\/\/rentalpanda.es\/produkt\/zwillings-kinderwagen-chicco\/\",\"url\":\"https:\/\/rentalpanda.es\/produkt\/zwillings-kinderwagen-chicco\/\",\"name\":\"Zwillings-Buggy Mieten Mallorca: Zwillings-Kinderwagen\",\"isPartOf\":{\"@id\":\"https:\/\/rentalpanda.es\/en\/#website\"},\"primaryImageOfPage\":{\"@id\":\"https:\/\/rentalpanda.es\/produkt\/zwillings-kinderwagen-chicco\/#primaryimage\"},\"image\":{\"@id\":\"https:\/\/rentalpanda.es\/produkt\/zwillings-kinderwagen-chicco\/#primaryimage\"},\"thumbnailUrl\":\"https:\/\/rentalpanda.es\/wp-content\/uploads\/2017\/06\/zwillings-Kinderwagen-mieten-Mallorca.png\",\"datePublished\":\"2017-06-22T09:29:25+00:00\",\"dateModified\":\"2026-02-11T06:15:00+00:00\",\"description\":\"Der g\u00fcnstige Kinderwagenverleih auf Mallorca - mit unserem Zwillings-Buggy bist du auch im Urlaub mit deinen beiden Kleinen immer mobil!\",\"breadcrumb\":{\"@id\":\"https:\/\/rentalpanda.es\/produkt\/zwillings-kinderwagen-chicco\/#breadcrumb\"},\"inLanguage\":\"es\",\"potentialAction\":[{\"@type\":\"ReadAction\",\"target\":[\"https:\/\/rentalpanda.es\/produkt\/zwillings-kinderwagen-chicco\/\"]}]},{\"@type\":\"ImageObject\",\"inLanguage\":\"es\",\"@id\":\"https:\/\/rentalpanda.es\/produkt\/zwillings-kinderwagen-chicco\/#primaryimage\",\"url\":\"https:\/\/rentalpanda.es\/wp-content\/uploads\/2017\/06\/zwillings-Kinderwagen-mieten-Mallorca.png\",\"contentUrl\":\"https:\/\/rentalpanda.es\/wp-content\/uploads\/2017\/06\/zwillings-Kinderwagen-mieten-Mallorca.png\",\"width\":427,\"height\":480,\"caption\":\"zwillings-Kinderwagen-mieten-Mallorca\"},{\"@type\":\"BreadcrumbList\",\"@id\":\"https:\/\/rentalpanda.es\/produkt\/zwillings-kinderwagen-chicco\/#breadcrumb\",\"itemListElement\":[{\"@type\":\"ListItem\",\"position\":1,\"name\":\"Startseite\",\"item\":\"https:\/\/rentalpanda.es\/\"},{\"@type\":\"ListItem\",\"position\":2,\"name\":\"Shop\",\"item\":\"https:\/\/rentalpanda.es\/shop\/\"},{\"@type\":\"ListItem\",\"position\":3,\"name\":\"Zwillings-Kinderwagen Mallorca: Zwillings Buggy\"}]},{\"@type\":\"WebSite\",\"@id\":\"https:\/\/rentalpanda.es\/en\/#website\",\"url\":\"https:\/\/rentalpanda.es\/en\/\",\"name\":\"RentalPanda.es\",\"description\":\"Baby, Beach &amp; Holiday Gear for Rent\",\"publisher\":{\"@id\":\"https:\/\/rentalpanda.es\/en\/#organization\"},\"potentialAction\":[{\"@type\":\"SearchAction\",\"target\":{\"@type\":\"EntryPoint\",\"urlTemplate\":\"https:\/\/rentalpanda.es\/en\/?s={search_term_string}\"},\"query-input\":{\"@type\":\"PropertyValueSpecification\",\"valueRequired\":true,\"valueName\":\"search_term_string\"}}],\"inLanguage\":\"es\"},{\"@type\":\"Organization\",\"@id\":\"https:\/\/rentalpanda.es\/en\/#organization\",\"name\":\"Rentalpanda.es\",\"url\":\"https:\/\/rentalpanda.es\/en\/\",\"logo\":{\"@type\":\"ImageObject\",\"inLanguage\":\"es\",\"@id\":\"https:\/\/rentalpanda.es\/en\/#\/schema\/logo\/image\/\",\"url\":\"https:\/\/rentalpanda.es\/wp-content\/uploads\/2017\/02\/rentalpanda-logo-webseite-end.png\",\"contentUrl\":\"https:\/\/rentalpanda.es\/wp-content\/uploads\/2017\/02\/rentalpanda-logo-webseite-end.png\",\"width\":260,\"height\":71,\"caption\":\"Rentalpanda.es\"},\"image\":{\"@id\":\"https:\/\/rentalpanda.es\/en\/#\/schema\/logo\/image\/\"},\"sameAs\":[\"https:\/\/www.facebook.com\/rentalpandamallorca\"]}]}<\/script>\n<!-- \/ Yoast SEO plugin. -->","yoast_head_json":{"title":"Alquiler Silla de Paseo Gemelar en Mallorca | RentalPanda.es","description":"Alquila un cochecito gemelar en Mallorca. Ideal para gemelos o dos peques. Carritos y art\u00edculos infantiles a buen precio para tus vacaciones.","robots":{"index":"index","follow":"follow","max-snippet":"max-snippet:-1","max-image-preview":"max-image-preview:large","max-video-preview":"max-video-preview:-1"},"canonical":"https:\/\/rentalpanda.es\/es\/producto\/chicco-silla-paseo-gemelar\/","og_locale":"es_ES","og_type":"article","og_title":"Zwillings-Buggy Mieten Mallorca: Zwillings-Kinderwagen","og_description":"Der g\u00fcnstige Kinderwagenverleih auf Mallorca - mit unserem Zwillings-Buggy bist du auch im Urlaub mit deinen beiden Kleinen immer mobil!","og_url":"https:\/\/rentalpanda.es\/es\/producto\/chicco-silla-paseo-gemelar\/","og_site_name":"RentalPanda.es","article_publisher":"https:\/\/www.facebook.com\/rentalpandamallorca","article_modified_time":"2026-02-11T06:15:00+00:00","og_image":[{"width":427,"height":480,"url":"https:\/\/rentalpanda.es\/wp-content\/uploads\/2017\/06\/zwillings-Kinderwagen-mieten-Mallorca.png","type":"image\/png"}],"twitter_card":"summary_large_image","twitter_misc":{"Tiempo de lectura":"1 minuto"},"schema":{"@context":"https:\/\/schema.org","@graph":[{"@type":"WebPage","@id":"https:\/\/rentalpanda.es\/produkt\/zwillings-kinderwagen-chicco\/","url":"https:\/\/rentalpanda.es\/produkt\/zwillings-kinderwagen-chicco\/","name":"Alquiler Silla de Paseo Gemelar en Mallorca | RentalPanda.es","isPartOf":{"@id":"https:\/\/rentalpanda.es\/en\/#website"},"primaryImageOfPage":{"@id":"https:\/\/rentalpanda.es\/produkt\/zwillings-kinderwagen-chicco\/#primaryimage"},"image":{"@id":"https:\/\/rentalpanda.es\/produkt\/zwillings-kinderwagen-chicco\/#primaryimage"},"thumbnailUrl":"https:\/\/rentalpanda.es\/wp-content\/uploads\/2017\/06\/zwillings-Kinderwagen-mieten-Mallorca.png","datePublished":"2017-06-22T09:29:25+00:00","dateModified":"2026-02-11T06:15:00+00:00","description":"Alquila un cochecito gemelar en Mallorca. Ideal para gemelos o dos peques. Carritos y art\u00edculos infantiles a buen precio para tus vacaciones.","breadcrumb":{"@id":"https:\/\/rentalpanda.es\/produkt\/zwillings-kinderwagen-chicco\/#breadcrumb"},"inLanguage":"es","potentialAction":[{"@type":"ReadAction","target":["https:\/\/rentalpanda.es\/produkt\/zwillings-kinderwagen-chicco\/"]}]},{"@type":"ImageObject","inLanguage":"es","@id":"https:\/\/rentalpanda.es\/produkt\/zwillings-kinderwagen-chicco\/#primaryimage","url":"https:\/\/rentalpanda.es\/wp-content\/uploads\/2017\/06\/zwillings-Kinderwagen-mieten-Mallorca.png","contentUrl":"https:\/\/rentalpanda.es\/wp-content\/uploads\/2017\/06\/zwillings-Kinderwagen-mieten-Mallorca.png","width":427,"height":480,"caption":"zwillings-Kinderwagen-mieten-Mallorca"},{"@type":"BreadcrumbList","@id":"https:\/\/rentalpanda.es\/produkt\/zwillings-kinderwagen-chicco\/#breadcrumb","itemListElement":[{"@type":"ListItem","position":1,"name":"Startseite","item":"https:\/\/rentalpanda.es\/"},{"@type":"ListItem","position":2,"name":"Shop","item":"https:\/\/rentalpanda.es\/shop\/"},{"@type":"ListItem","position":3,"name":"Zwillings-Kinderwagen Mallorca: Zwillings Buggy"}]},{"@type":"WebSite","@id":"https:\/\/rentalpanda.es\/en\/#website","url":"https:\/\/rentalpanda.es\/en\/","name":"RentalPanda.es","description":"Baby, Beach &amp; Holiday Gear for Rent","publisher":{"@id":"https:\/\/rentalpanda.es\/en\/#organization"},"potentialAction":[{"@type":"SearchAction","target":{"@type":"EntryPoint","urlTemplate":"https:\/\/rentalpanda.es\/en\/?s={search_term_string}"},"query-input":{"@type":"PropertyValueSpecification","valueRequired":true,"valueName":"search_term_string"}}],"inLanguage":"es"},{"@type":"Organization","@id":"https:\/\/rentalpanda.es\/en\/#organization","name":"Rentalpanda.es","url":"https:\/\/rentalpanda.es\/en\/","logo":{"@type":"ImageObject","inLanguage":"es","@id":"https:\/\/rentalpanda.es\/en\/#\/schema\/logo\/image\/","url":"https:\/\/rentalpanda.es\/wp-content\/uploads\/2017\/02\/rentalpanda-logo-webseite-end.png","contentUrl":"https:\/\/rentalpanda.es\/wp-content\/uploads\/2017\/02\/rentalpanda-logo-webseite-end.png","width":260,"height":71,"caption":"Rentalpanda.es"},"image":{"@id":"https:\/\/rentalpanda.es\/en\/#\/schema\/logo\/image\/"},"sameAs":["https:\/\/www.facebook.com\/rentalpandamallorca"]}]}},"_links":{"self":[{"href":"https:\/\/rentalpanda.es\/es\/wp-json\/wp\/v2\/product\/5521","targetHints":{"allow":["GET"]}}],"collection":[{"href":"https:\/\/rentalpanda.es\/es\/wp-json\/wp\/v2\/product"}],"about":[{"href":"https:\/\/rentalpanda.es\/es\/wp-json\/wp\/v2\/types\/product"}],"replies":[{"embeddable":true,"href":"https:\/\/rentalpanda.es\/es\/wp-json\/wp\/v2\/comments?post=5521"}],"wp:featuredmedia":[{"embeddable":true,"href":"https:\/\/rentalpanda.es\/es\/wp-json\/wp\/v2\/media\/22912"}],"wp:attachment":[{"href":"https:\/\/rentalpanda.es\/es\/wp-json\/wp\/v2\/media?parent=5521"}],"wp:term":[{"taxonomy":"product_brand","embeddable":true,"href":"https:\/\/rentalpanda.es\/es\/wp-json\/wp\/v2\/product_brand?post=5521"},{"taxonomy":"product_cat","embeddable":true,"href":"https:\/\/rentalpanda.es\/es\/wp-json\/wp\/v2\/product_cat?post=5521"},{"taxonomy":"product_tag","embeddable":true,"href":"https:\/\/rentalpanda.es\/es\/wp-json\/wp\/v2\/product_tag?post=5521"}],"curies":[{"name":"wp","href":"https:\/\/api.w.org\/{rel}","templated":true}]}}