{"id":5323,"date":"2017-06-10T11:39:51","date_gmt":"2017-06-10T11:39:51","guid":{"rendered":"https:\/\/rentalpanda.es\/?post_type=product&#038;p=5323\/"},"modified":"2026-02-11T05:50:35","modified_gmt":"2026-02-11T05:50:35","slug":"chicco-silla-de-paseo-alquilar-mallorca","status":"publish","type":"product","link":"https:\/\/rentalpanda.es\/es\/produkt\/kinderwagen-buggy-chicco\/","title":{"rendered":"Cochecito Compacto Mallorca"},"content":{"rendered":"<h2><strong>Cochecito Compacto en Mallorca<\/strong><\/h2>\n<p>Con este cochecito compacto, seguramente te ver\u00e1n en Mallorca, ya que es la combinaci\u00f3n perfecta de funcionalidad y dise\u00f1o. Ya sea en gris, rojo, azul o rosa, \u00a1el buggy es un verdadero punto de atracci\u00f3n! El marco, la tela y las cubiertas de las ruedas se sostienen en el color del asiento, el asiento ancho y suave es acogedor y c\u00f3modo. Las 4 ruedas flexibles aseguran una direcci\u00f3n \u00f3ptima y son ideales para dominar sus d\u00edas de excursiones en Mallorca.<\/p>\n<h2>Mallorca Cochecito Compacto para Alquilar<\/h2>\n<p>Gracias al pr\u00e1ctico mecanismo de plegado, puede plegarse de forma compacta y transportarse a todas partes con las asas acolchadas. El respaldo es ajustable en 4 posiciones, as\u00ed como el soporte variable ajustable para las piernas. La silla de paseo est\u00e1 haciendo caminatas, visitas a la playa y explorando una experiencia excelente y c\u00f3moda para el ni\u00f1o! Viene con correa delantera plegable y acolchada, protecci\u00f3n contra la lluvia, hombreras y cesta.<\/p>\n<h3>Beneficios de Alquiler Cochecito Compacto:<\/h3>\n<ul>\n<li>Comportamiento \u00f3ptimo de direcci\u00f3n<\/li>\n<li>Funcionalidad y buen dise\u00f1o<\/li>\n<li>Bajo peso<\/li>\n<li>Ahorro de espacio<\/li>\n<li>Plegado r\u00e1pido y muy peque\u00f1o<\/li>\n<\/ul>\n<h3>Detalles t\u00e9cnicos<\/h3>\n<p>Peso: 7,9 kg<br \/>\nDimensiones abierto AAP: 108x47x82cm<br \/>\nDimensiones contra\u00eddas AAP: 105x26x41cm<br \/>\nDi\u00e1metro del ruedas: 15 cm<\/p>\n<p>Para ni\u00f1os desde el nacimiento hasta 15 kg.<\/p>","protected":false},"excerpt":{"rendered":"<p>Buggy s\u00faper ligero y f\u00e1cilmente plegable cochecito compacto con 4 ruedas. Ahorra espacio, con un dise\u00f1o moderno y elegante, diferentes colores.<\/p>\n<p>TENGA EN CUENTA: D\u00eda de llegada + d\u00eda de salida = 2 d\u00edas completos de alquiler (ni el 1er ni el \u00faltimo d\u00eda, los productos se pueden alquilar en otro lugar).<\/p>","protected":false},"featured_media":22932,"comment_status":"open","ping_status":"closed","template":"","meta":[],"product_brand":[],"product_cat":[87,568,90],"product_tag":[187,853,186,1267],"class_list":{"0":"post-5323","1":"product","2":"type-product","3":"status-publish","4":"has-post-thumbnail","6":"product_cat-baby-kind","7":"product_cat-kinderwagen","8":"product_cat-mieten","9":"product_tag-buggy","10":"product_tag-buggy-mieten","11":"product_tag-kinderwagen","12":"product_tag-kinderwagen-mieten-mallorca","14":"first","15":"instock","16":"featured","17":"taxable","18":"shipping-taxable","19":"purchasable","20":"product-type-simple"},"yoast_head":"<!-- This site is optimized with the Yoast SEO plugin v27.1.1 - https:\/\/yoast.com\/product\/yoast-seo-wordpress\/ -->\n<title>Buggy Mieten: Mallorca Kinderwagen | RentalPanda.es<\/title>\n<meta name=\"description\" content=\"Jetzt einfach Buggy mieten auf Mallorca: Mit dem Sport-Kinderwagen bist du im Urlaub mobil und kannst deinen Buggy zuhause lassen! Mieten statt mitbringen!\" \/>\n<meta name=\"robots\" content=\"index, follow, max-snippet:-1, max-image-preview:large, max-video-preview:-1\" \/>\n<link rel=\"canonical\" href=\"https:\/\/rentalpanda.es\/es\/producto\/chicco-silla-de-paseo-alquilar-mallorca\/\" \/>\n<meta property=\"og:locale\" content=\"es_ES\" \/>\n<meta property=\"og:type\" content=\"article\" \/>\n<meta property=\"og:title\" content=\"Buggy Mieten: Mallorca Kinderwagen | RentalPanda.es\" \/>\n<meta property=\"og:description\" content=\"Jetzt einfach Buggy mieten auf Mallorca: Mit dem Sport-Kinderwagen bist du im Urlaub mobil und kannst deinen Buggy zuhause lassen! Mieten statt mitbringen!\" \/>\n<meta property=\"og:url\" content=\"https:\/\/rentalpanda.es\/es\/producto\/chicco-silla-de-paseo-alquilar-mallorca\/\" \/>\n<meta property=\"og:site_name\" content=\"RentalPanda.es\" \/>\n<meta property=\"article:publisher\" content=\"https:\/\/www.facebook.com\/rentalpandamallorca\" \/>\n<meta property=\"article:modified_time\" content=\"2026-02-11T05:50:35+00:00\" \/>\n<meta property=\"og:image\" content=\"https:\/\/rentalpanda.es\/wp-content\/uploads\/2017\/06\/Silla_de-Paseo-Ligera-Mallorca.png\" \/>\n\t<meta property=\"og:image:width\" content=\"427\" \/>\n\t<meta property=\"og:image:height\" content=\"480\" \/>\n\t<meta property=\"og:image:type\" content=\"image\/png\" \/>\n<meta name=\"twitter:card\" content=\"summary_large_image\" \/>\n<meta name=\"twitter:label1\" content=\"Tiempo de lectura\" \/>\n\t<meta name=\"twitter:data1\" content=\"1 minuto\" \/>\n<script type=\"application\/ld+json\" class=\"yoast-schema-graph\">{\"@context\":\"https:\/\/schema.org\",\"@graph\":[{\"@type\":\"WebPage\",\"@id\":\"https:\/\/rentalpanda.es\/produkt\/kinderwagen-buggy-chicco\/\",\"url\":\"https:\/\/rentalpanda.es\/produkt\/kinderwagen-buggy-chicco\/\",\"name\":\"Buggy Mieten: Mallorca Kinderwagen | RentalPanda.es\",\"isPartOf\":{\"@id\":\"https:\/\/rentalpanda.es\/en\/#website\"},\"primaryImageOfPage\":{\"@id\":\"https:\/\/rentalpanda.es\/produkt\/kinderwagen-buggy-chicco\/#primaryimage\"},\"image\":{\"@id\":\"https:\/\/rentalpanda.es\/produkt\/kinderwagen-buggy-chicco\/#primaryimage\"},\"thumbnailUrl\":\"https:\/\/rentalpanda.es\/wp-content\/uploads\/2017\/06\/Silla_de-Paseo-Ligera-Mallorca.png\",\"datePublished\":\"2017-06-10T11:39:51+00:00\",\"dateModified\":\"2026-02-11T05:50:35+00:00\",\"description\":\"Jetzt einfach Buggy mieten auf Mallorca: Mit dem Sport-Kinderwagen bist du im Urlaub mobil und kannst deinen Buggy zuhause lassen! Mieten statt mitbringen!\",\"breadcrumb\":{\"@id\":\"https:\/\/rentalpanda.es\/produkt\/kinderwagen-buggy-chicco\/#breadcrumb\"},\"inLanguage\":\"es\",\"potentialAction\":[{\"@type\":\"ReadAction\",\"target\":[\"https:\/\/rentalpanda.es\/produkt\/kinderwagen-buggy-chicco\/\"]}]},{\"@type\":\"ImageObject\",\"inLanguage\":\"es\",\"@id\":\"https:\/\/rentalpanda.es\/produkt\/kinderwagen-buggy-chicco\/#primaryimage\",\"url\":\"https:\/\/rentalpanda.es\/wp-content\/uploads\/2017\/06\/Silla_de-Paseo-Ligera-Mallorca.png\",\"contentUrl\":\"https:\/\/rentalpanda.es\/wp-content\/uploads\/2017\/06\/Silla_de-Paseo-Ligera-Mallorca.png\",\"width\":427,\"height\":480,\"caption\":\"Silla_de-Paseo-Ligera-Mallorca\"},{\"@type\":\"BreadcrumbList\",\"@id\":\"https:\/\/rentalpanda.es\/produkt\/kinderwagen-buggy-chicco\/#breadcrumb\",\"itemListElement\":[{\"@type\":\"ListItem\",\"position\":1,\"name\":\"Startseite\",\"item\":\"https:\/\/rentalpanda.es\/\"},{\"@type\":\"ListItem\",\"position\":2,\"name\":\"Shop\",\"item\":\"https:\/\/rentalpanda.es\/shop\/\"},{\"@type\":\"ListItem\",\"position\":3,\"name\":\"Buggy Mieten: Sportwagen Mallorca\"}]},{\"@type\":\"WebSite\",\"@id\":\"https:\/\/rentalpanda.es\/en\/#website\",\"url\":\"https:\/\/rentalpanda.es\/en\/\",\"name\":\"RentalPanda.es\",\"description\":\"Baby, Beach &amp; Holiday Gear for Rent\",\"publisher\":{\"@id\":\"https:\/\/rentalpanda.es\/en\/#organization\"},\"potentialAction\":[{\"@type\":\"SearchAction\",\"target\":{\"@type\":\"EntryPoint\",\"urlTemplate\":\"https:\/\/rentalpanda.es\/en\/?s={search_term_string}\"},\"query-input\":{\"@type\":\"PropertyValueSpecification\",\"valueRequired\":true,\"valueName\":\"search_term_string\"}}],\"inLanguage\":\"es\"},{\"@type\":\"Organization\",\"@id\":\"https:\/\/rentalpanda.es\/en\/#organization\",\"name\":\"Rentalpanda.es\",\"url\":\"https:\/\/rentalpanda.es\/en\/\",\"logo\":{\"@type\":\"ImageObject\",\"inLanguage\":\"es\",\"@id\":\"https:\/\/rentalpanda.es\/en\/#\/schema\/logo\/image\/\",\"url\":\"https:\/\/rentalpanda.es\/wp-content\/uploads\/2017\/02\/rentalpanda-logo-webseite-end.png\",\"contentUrl\":\"https:\/\/rentalpanda.es\/wp-content\/uploads\/2017\/02\/rentalpanda-logo-webseite-end.png\",\"width\":260,\"height\":71,\"caption\":\"Rentalpanda.es\"},\"image\":{\"@id\":\"https:\/\/rentalpanda.es\/en\/#\/schema\/logo\/image\/\"},\"sameAs\":[\"https:\/\/www.facebook.com\/rentalpandamallorca\"]}]}<\/script>\n<!-- \/ Yoast SEO plugin. -->","yoast_head_json":{"title":"Cochecito Compacto en Mallorca | RentalPanda.es","description":"Alquila cochecito compacto en Mallorca. Comodidad para tu beb\u00e9, menos equipaje para ti. Reserva f\u00e1cil y r\u00e1pida online. \u00a1Viaja ligero!","robots":{"index":"index","follow":"follow","max-snippet":"max-snippet:-1","max-image-preview":"max-image-preview:large","max-video-preview":"max-video-preview:-1"},"canonical":"https:\/\/rentalpanda.es\/es\/producto\/chicco-silla-de-paseo-alquilar-mallorca\/","og_locale":"es_ES","og_type":"article","og_title":"Buggy Mieten: Mallorca Kinderwagen | RentalPanda.es","og_description":"Jetzt einfach Buggy mieten auf Mallorca: Mit dem Sport-Kinderwagen bist du im Urlaub mobil und kannst deinen Buggy zuhause lassen! Mieten statt mitbringen!","og_url":"https:\/\/rentalpanda.es\/es\/producto\/chicco-silla-de-paseo-alquilar-mallorca\/","og_site_name":"RentalPanda.es","article_publisher":"https:\/\/www.facebook.com\/rentalpandamallorca","article_modified_time":"2026-02-11T05:50:35+00:00","og_image":[{"width":427,"height":480,"url":"https:\/\/rentalpanda.es\/wp-content\/uploads\/2017\/06\/Silla_de-Paseo-Ligera-Mallorca.png","type":"image\/png"}],"twitter_card":"summary_large_image","twitter_misc":{"Tiempo de lectura":"1 minuto"},"schema":{"@context":"https:\/\/schema.org","@graph":[{"@type":"WebPage","@id":"https:\/\/rentalpanda.es\/produkt\/kinderwagen-buggy-chicco\/","url":"https:\/\/rentalpanda.es\/produkt\/kinderwagen-buggy-chicco\/","name":"Cochecito Compacto en Mallorca | RentalPanda.es","isPartOf":{"@id":"https:\/\/rentalpanda.es\/en\/#website"},"primaryImageOfPage":{"@id":"https:\/\/rentalpanda.es\/produkt\/kinderwagen-buggy-chicco\/#primaryimage"},"image":{"@id":"https:\/\/rentalpanda.es\/produkt\/kinderwagen-buggy-chicco\/#primaryimage"},"thumbnailUrl":"https:\/\/rentalpanda.es\/wp-content\/uploads\/2017\/06\/Silla_de-Paseo-Ligera-Mallorca.png","datePublished":"2017-06-10T11:39:51+00:00","dateModified":"2026-02-11T05:50:35+00:00","description":"Alquila cochecito compacto en Mallorca. Comodidad para tu beb\u00e9, menos equipaje para ti. Reserva f\u00e1cil y r\u00e1pida online. \u00a1Viaja ligero!","breadcrumb":{"@id":"https:\/\/rentalpanda.es\/produkt\/kinderwagen-buggy-chicco\/#breadcrumb"},"inLanguage":"es","potentialAction":[{"@type":"ReadAction","target":["https:\/\/rentalpanda.es\/produkt\/kinderwagen-buggy-chicco\/"]}]},{"@type":"ImageObject","inLanguage":"es","@id":"https:\/\/rentalpanda.es\/produkt\/kinderwagen-buggy-chicco\/#primaryimage","url":"https:\/\/rentalpanda.es\/wp-content\/uploads\/2017\/06\/Silla_de-Paseo-Ligera-Mallorca.png","contentUrl":"https:\/\/rentalpanda.es\/wp-content\/uploads\/2017\/06\/Silla_de-Paseo-Ligera-Mallorca.png","width":427,"height":480,"caption":"Silla_de-Paseo-Ligera-Mallorca"},{"@type":"BreadcrumbList","@id":"https:\/\/rentalpanda.es\/produkt\/kinderwagen-buggy-chicco\/#breadcrumb","itemListElement":[{"@type":"ListItem","position":1,"name":"Startseite","item":"https:\/\/rentalpanda.es\/"},{"@type":"ListItem","position":2,"name":"Shop","item":"https:\/\/rentalpanda.es\/shop\/"},{"@type":"ListItem","position":3,"name":"Buggy Mieten: Sportwagen Mallorca"}]},{"@type":"WebSite","@id":"https:\/\/rentalpanda.es\/en\/#website","url":"https:\/\/rentalpanda.es\/en\/","name":"RentalPanda.es","description":"Baby, Beach &amp; Holiday Gear for Rent","publisher":{"@id":"https:\/\/rentalpanda.es\/en\/#organization"},"potentialAction":[{"@type":"SearchAction","target":{"@type":"EntryPoint","urlTemplate":"https:\/\/rentalpanda.es\/en\/?s={search_term_string}"},"query-input":{"@type":"PropertyValueSpecification","valueRequired":true,"valueName":"search_term_string"}}],"inLanguage":"es"},{"@type":"Organization","@id":"https:\/\/rentalpanda.es\/en\/#organization","name":"Rentalpanda.es","url":"https:\/\/rentalpanda.es\/en\/","logo":{"@type":"ImageObject","inLanguage":"es","@id":"https:\/\/rentalpanda.es\/en\/#\/schema\/logo\/image\/","url":"https:\/\/rentalpanda.es\/wp-content\/uploads\/2017\/02\/rentalpanda-logo-webseite-end.png","contentUrl":"https:\/\/rentalpanda.es\/wp-content\/uploads\/2017\/02\/rentalpanda-logo-webseite-end.png","width":260,"height":71,"caption":"Rentalpanda.es"},"image":{"@id":"https:\/\/rentalpanda.es\/en\/#\/schema\/logo\/image\/"},"sameAs":["https:\/\/www.facebook.com\/rentalpandamallorca"]}]}},"_links":{"self":[{"href":"https:\/\/rentalpanda.es\/es\/wp-json\/wp\/v2\/product\/5323","targetHints":{"allow":["GET"]}}],"collection":[{"href":"https:\/\/rentalpanda.es\/es\/wp-json\/wp\/v2\/product"}],"about":[{"href":"https:\/\/rentalpanda.es\/es\/wp-json\/wp\/v2\/types\/product"}],"replies":[{"embeddable":true,"href":"https:\/\/rentalpanda.es\/es\/wp-json\/wp\/v2\/comments?post=5323"}],"wp:featuredmedia":[{"embeddable":true,"href":"https:\/\/rentalpanda.es\/es\/wp-json\/wp\/v2\/media\/22932"}],"wp:attachment":[{"href":"https:\/\/rentalpanda.es\/es\/wp-json\/wp\/v2\/media?parent=5323"}],"wp:term":[{"taxonomy":"product_brand","embeddable":true,"href":"https:\/\/rentalpanda.es\/es\/wp-json\/wp\/v2\/product_brand?post=5323"},{"taxonomy":"product_cat","embeddable":true,"href":"https:\/\/rentalpanda.es\/es\/wp-json\/wp\/v2\/product_cat?post=5323"},{"taxonomy":"product_tag","embeddable":true,"href":"https:\/\/rentalpanda.es\/es\/wp-json\/wp\/v2\/product_tag?post=5323"}],"curies":[{"name":"wp","href":"https:\/\/api.w.org\/{rel}","templated":true}]}}