{"id":5182,"date":"2017-05-19T19:07:08","date_gmt":"2017-05-19T19:07:08","guid":{"rendered":"http:\/\/rentalpanda.es\/produkt\/baby-pool\/"},"modified":"2026-02-18T05:41:41","modified_gmt":"2026-02-18T05:41:41","slug":"piscina-para-bebes","status":"publish","type":"product","link":"https:\/\/rentalpanda.es\/es\/produkt\/baby-pool\/","title":{"rendered":"NABAIJI Piscina para Beb\u00e9s"},"content":{"rendered":"<h2><strong>Piscina para Beb\u00e9s NABAJI<\/strong><\/h2>\n<p>\u00a1Ingeniosa, se monta instant\u00e1neamente sin necesidad de inflado, te ofrece m\u00e1xima seguridad y diversi\u00f3n! En serio: cuando tienes ni\u00f1os peque\u00f1os sabes que es una pesadilla: el beb\u00e9 cae al agua y se ahoga. O simplemente se arrastra a la velocidad del rayo hacia el agua. \u00a1y no puedes detenerlo!<\/p>\n<h2>Alquiler de Piscina para Beb\u00e9s: NABAJI<\/h2>\n<p>Esos pensamientos desaparecen con nuestra piscina para beb\u00e9s Nabaiji, que garantiza a tu beb\u00e9 mucha diversi\u00f3n con el agua, pero al mismo tiempo lo mantiene alejado de otros peligros. La Piscina para Beb\u00e9s se puede plegar f\u00e1cilmente despu\u00e9s de su uso y pesa casi nada. \u00a1Cabe en cualquier bolsa de playa, ir a Mallorca con ni\u00f1os peque\u00f1os se hizo f\u00e1cil!<\/p>\n<h3>Beneficios de la Piscina para Beb\u00e9s Nabaji:<\/h3>\n<ul>\n<li>Diversi\u00f3n enorme en la playa para los m\u00e1s peque\u00f1os<\/li>\n<li>Muy ligero<\/li>\n<li>Plegable, no necesita inflado<\/li>\n<li>Cabe en cualquier bolsa<\/li>\n<\/ul>\n<h3>Detalles T\u00e9cnicos del Alquiler de Piscina para Beb\u00e9s:<\/h3>\n<p>Peso: 0.4kg<br \/>\nDi\u00e1metro: 65cm<br \/>\nAltura lateral: 19cm<br \/>\nCapacidad: 60 litros<br \/>\nMaterial: Polietileno, PVC, Poli\u00e9ster<\/p>\n<p>Adecuada para beb\u00e9s y ni\u00f1os peque\u00f1os de 1 a 3 a\u00f1os.<\/p>","protected":false},"excerpt":{"rendered":"<p>Perfecta en el hotel o en la playa: \u00a1tu ser querido tiene su propia agua para chapotear, y al mismo tiempo no se arrastra hacia el agua profunda!<\/p>\n<p>TENGA EN CUENTA: D\u00eda de llegada + d\u00eda de salida = 2 d\u00edas completos de alquiler (ni el 1er ni el \u00faltimo d\u00eda, los productos se pueden alquilar en otro lugar).<\/p>","protected":false},"featured_media":14449,"comment_status":"open","ping_status":"closed","template":"","meta":[],"product_brand":[],"product_cat":[87,90,88],"product_tag":[518,166,500],"class_list":{"0":"post-5182","1":"product","2":"type-product","3":"status-publish","4":"has-post-thumbnail","6":"product_cat-baby-kind","7":"product_cat-mieten","8":"product_cat-strand","9":"product_tag-baby-pool","10":"product_tag-spielzeug","11":"product_tag-strandspielzeug","13":"first","14":"instock","15":"featured","16":"taxable","17":"shipping-taxable","18":"purchasable","19":"product-type-simple"},"yoast_head":"<!-- This site is optimized with the Yoast SEO plugin v27.1.1 - https:\/\/yoast.com\/product\/yoast-seo-wordpress\/ -->\n<title>Strand-Spielzeug Mieten Mallorca: Baby Pool | Rentalpanda.es<\/title>\n<meta name=\"description\" content=\"Miete f\u00fcr dein Baby im Urlaub auf Mallorca einen praktischen Baby-Pool ohne Aufblasen. Perfekt im Garten, Pool oder Strand. Mit Lieferung.\" \/>\n<meta name=\"robots\" content=\"index, follow, max-snippet:-1, max-image-preview:large, max-video-preview:-1\" \/>\n<link rel=\"canonical\" href=\"https:\/\/rentalpanda.es\/es\/producto\/piscina-para-bebes\/\" \/>\n<meta property=\"og:locale\" content=\"es_ES\" \/>\n<meta property=\"og:type\" content=\"article\" \/>\n<meta property=\"og:title\" content=\"Strand-Spielzeug Mieten Mallorca: Baby Pool | Rentalpanda.es\" \/>\n<meta property=\"og:description\" content=\"Miete f\u00fcr dein Baby im Urlaub auf Mallorca einen praktischen Baby-Pool ohne Aufblasen. Perfekt im Garten, Pool oder Strand. Mit Lieferung.\" \/>\n<meta property=\"og:url\" content=\"https:\/\/rentalpanda.es\/es\/producto\/piscina-para-bebes\/\" \/>\n<meta property=\"og:site_name\" content=\"RentalPanda.es\" \/>\n<meta property=\"article:publisher\" content=\"https:\/\/www.facebook.com\/rentalpandamallorca\" \/>\n<meta property=\"article:modified_time\" content=\"2026-02-18T05:41:41+00:00\" \/>\n<meta property=\"og:image\" content=\"https:\/\/rentalpanda.es\/wp-content\/uploads\/2017\/05\/babypool-de.png\" \/>\n\t<meta property=\"og:image:width\" content=\"427\" \/>\n\t<meta property=\"og:image:height\" content=\"480\" \/>\n\t<meta property=\"og:image:type\" content=\"image\/png\" \/>\n<meta name=\"twitter:card\" content=\"summary_large_image\" \/>\n<meta name=\"twitter:label1\" content=\"Tiempo de lectura\" \/>\n\t<meta name=\"twitter:data1\" content=\"1 minuto\" \/>\n<script type=\"application\/ld+json\" class=\"yoast-schema-graph\">{\"@context\":\"https:\/\/schema.org\",\"@graph\":[{\"@type\":\"WebPage\",\"@id\":\"https:\/\/rentalpanda.es\/produkt\/baby-pool\/\",\"url\":\"https:\/\/rentalpanda.es\/produkt\/baby-pool\/\",\"name\":\"Strand-Spielzeug Mieten Mallorca: Baby Pool | Rentalpanda.es\",\"isPartOf\":{\"@id\":\"https:\/\/rentalpanda.es\/en\/#website\"},\"primaryImageOfPage\":{\"@id\":\"https:\/\/rentalpanda.es\/produkt\/baby-pool\/#primaryimage\"},\"image\":{\"@id\":\"https:\/\/rentalpanda.es\/produkt\/baby-pool\/#primaryimage\"},\"thumbnailUrl\":\"https:\/\/rentalpanda.es\/wp-content\/uploads\/2017\/05\/babypool-de.png\",\"datePublished\":\"2017-05-19T19:07:08+00:00\",\"dateModified\":\"2026-02-18T05:41:41+00:00\",\"description\":\"Miete f\u00fcr dein Baby im Urlaub auf Mallorca einen praktischen Baby-Pool ohne Aufblasen. Perfekt im Garten, Pool oder Strand. Mit Lieferung.\",\"breadcrumb\":{\"@id\":\"https:\/\/rentalpanda.es\/produkt\/baby-pool\/#breadcrumb\"},\"inLanguage\":\"es\",\"potentialAction\":[{\"@type\":\"ReadAction\",\"target\":[\"https:\/\/rentalpanda.es\/produkt\/baby-pool\/\"]}]},{\"@type\":\"ImageObject\",\"inLanguage\":\"es\",\"@id\":\"https:\/\/rentalpanda.es\/produkt\/baby-pool\/#primaryimage\",\"url\":\"https:\/\/rentalpanda.es\/wp-content\/uploads\/2017\/05\/babypool-de.png\",\"contentUrl\":\"https:\/\/rentalpanda.es\/wp-content\/uploads\/2017\/05\/babypool-de.png\",\"width\":427,\"height\":480,\"caption\":\"nabaji_babypool\"},{\"@type\":\"BreadcrumbList\",\"@id\":\"https:\/\/rentalpanda.es\/produkt\/baby-pool\/#breadcrumb\",\"itemListElement\":[{\"@type\":\"ListItem\",\"position\":1,\"name\":\"Startseite\",\"item\":\"https:\/\/rentalpanda.es\/\"},{\"@type\":\"ListItem\",\"position\":2,\"name\":\"Shop\",\"item\":\"https:\/\/rentalpanda.es\/shop\/\"},{\"@type\":\"ListItem\",\"position\":3,\"name\":\"NABAIJI Baby Pool f\u00fcr die Kleinsten\"}]},{\"@type\":\"WebSite\",\"@id\":\"https:\/\/rentalpanda.es\/en\/#website\",\"url\":\"https:\/\/rentalpanda.es\/en\/\",\"name\":\"RentalPanda.es\",\"description\":\"Baby, Beach &amp; Holiday Gear for Rent\",\"publisher\":{\"@id\":\"https:\/\/rentalpanda.es\/en\/#organization\"},\"potentialAction\":[{\"@type\":\"SearchAction\",\"target\":{\"@type\":\"EntryPoint\",\"urlTemplate\":\"https:\/\/rentalpanda.es\/en\/?s={search_term_string}\"},\"query-input\":{\"@type\":\"PropertyValueSpecification\",\"valueRequired\":true,\"valueName\":\"search_term_string\"}}],\"inLanguage\":\"es\"},{\"@type\":\"Organization\",\"@id\":\"https:\/\/rentalpanda.es\/en\/#organization\",\"name\":\"Rentalpanda.es\",\"url\":\"https:\/\/rentalpanda.es\/en\/\",\"logo\":{\"@type\":\"ImageObject\",\"inLanguage\":\"es\",\"@id\":\"https:\/\/rentalpanda.es\/en\/#\/schema\/logo\/image\/\",\"url\":\"https:\/\/rentalpanda.es\/wp-content\/uploads\/2017\/02\/rentalpanda-logo-webseite-end.png\",\"contentUrl\":\"https:\/\/rentalpanda.es\/wp-content\/uploads\/2017\/02\/rentalpanda-logo-webseite-end.png\",\"width\":260,\"height\":71,\"caption\":\"Rentalpanda.es\"},\"image\":{\"@id\":\"https:\/\/rentalpanda.es\/en\/#\/schema\/logo\/image\/\"},\"sameAs\":[\"https:\/\/www.facebook.com\/rentalpandamallorca\"]}]}<\/script>\n<!-- \/ Yoast SEO plugin. -->","yoast_head_json":{"title":"Piscina para Beb\u00e9s Alquiler en Mallorca | Rentalpanda.es","description":"Alquila piscina para beb\u00e9 sin hinchar en Mallorca. Perfecta para playa, jard\u00edn o piscina. Ligera, segura y con entrega incluida. \u00a1Reserva ya!","robots":{"index":"index","follow":"follow","max-snippet":"max-snippet:-1","max-image-preview":"max-image-preview:large","max-video-preview":"max-video-preview:-1"},"canonical":"https:\/\/rentalpanda.es\/es\/producto\/piscina-para-bebes\/","og_locale":"es_ES","og_type":"article","og_title":"Strand-Spielzeug Mieten Mallorca: Baby Pool | Rentalpanda.es","og_description":"Miete f\u00fcr dein Baby im Urlaub auf Mallorca einen praktischen Baby-Pool ohne Aufblasen. Perfekt im Garten, Pool oder Strand. Mit Lieferung.","og_url":"https:\/\/rentalpanda.es\/es\/producto\/piscina-para-bebes\/","og_site_name":"RentalPanda.es","article_publisher":"https:\/\/www.facebook.com\/rentalpandamallorca","article_modified_time":"2026-02-18T05:41:41+00:00","og_image":[{"width":427,"height":480,"url":"https:\/\/rentalpanda.es\/wp-content\/uploads\/2017\/05\/babypool-de.png","type":"image\/png"}],"twitter_card":"summary_large_image","twitter_misc":{"Tiempo de lectura":"1 minuto"},"schema":{"@context":"https:\/\/schema.org","@graph":[{"@type":"WebPage","@id":"https:\/\/rentalpanda.es\/produkt\/baby-pool\/","url":"https:\/\/rentalpanda.es\/produkt\/baby-pool\/","name":"Piscina para Beb\u00e9s Alquiler en Mallorca | Rentalpanda.es","isPartOf":{"@id":"https:\/\/rentalpanda.es\/en\/#website"},"primaryImageOfPage":{"@id":"https:\/\/rentalpanda.es\/produkt\/baby-pool\/#primaryimage"},"image":{"@id":"https:\/\/rentalpanda.es\/produkt\/baby-pool\/#primaryimage"},"thumbnailUrl":"https:\/\/rentalpanda.es\/wp-content\/uploads\/2017\/05\/babypool-de.png","datePublished":"2017-05-19T19:07:08+00:00","dateModified":"2026-02-18T05:41:41+00:00","description":"Alquila piscina para beb\u00e9 sin hinchar en Mallorca. Perfecta para playa, jard\u00edn o piscina. Ligera, segura y con entrega incluida. \u00a1Reserva ya!","breadcrumb":{"@id":"https:\/\/rentalpanda.es\/produkt\/baby-pool\/#breadcrumb"},"inLanguage":"es","potentialAction":[{"@type":"ReadAction","target":["https:\/\/rentalpanda.es\/produkt\/baby-pool\/"]}]},{"@type":"ImageObject","inLanguage":"es","@id":"https:\/\/rentalpanda.es\/produkt\/baby-pool\/#primaryimage","url":"https:\/\/rentalpanda.es\/wp-content\/uploads\/2017\/05\/babypool-de.png","contentUrl":"https:\/\/rentalpanda.es\/wp-content\/uploads\/2017\/05\/babypool-de.png","width":427,"height":480,"caption":"nabaji_babypool"},{"@type":"BreadcrumbList","@id":"https:\/\/rentalpanda.es\/produkt\/baby-pool\/#breadcrumb","itemListElement":[{"@type":"ListItem","position":1,"name":"Startseite","item":"https:\/\/rentalpanda.es\/"},{"@type":"ListItem","position":2,"name":"Shop","item":"https:\/\/rentalpanda.es\/shop\/"},{"@type":"ListItem","position":3,"name":"NABAIJI Baby Pool f\u00fcr die Kleinsten"}]},{"@type":"WebSite","@id":"https:\/\/rentalpanda.es\/en\/#website","url":"https:\/\/rentalpanda.es\/en\/","name":"RentalPanda.es","description":"Baby, Beach &amp; Holiday Gear for Rent","publisher":{"@id":"https:\/\/rentalpanda.es\/en\/#organization"},"potentialAction":[{"@type":"SearchAction","target":{"@type":"EntryPoint","urlTemplate":"https:\/\/rentalpanda.es\/en\/?s={search_term_string}"},"query-input":{"@type":"PropertyValueSpecification","valueRequired":true,"valueName":"search_term_string"}}],"inLanguage":"es"},{"@type":"Organization","@id":"https:\/\/rentalpanda.es\/en\/#organization","name":"Rentalpanda.es","url":"https:\/\/rentalpanda.es\/en\/","logo":{"@type":"ImageObject","inLanguage":"es","@id":"https:\/\/rentalpanda.es\/en\/#\/schema\/logo\/image\/","url":"https:\/\/rentalpanda.es\/wp-content\/uploads\/2017\/02\/rentalpanda-logo-webseite-end.png","contentUrl":"https:\/\/rentalpanda.es\/wp-content\/uploads\/2017\/02\/rentalpanda-logo-webseite-end.png","width":260,"height":71,"caption":"Rentalpanda.es"},"image":{"@id":"https:\/\/rentalpanda.es\/en\/#\/schema\/logo\/image\/"},"sameAs":["https:\/\/www.facebook.com\/rentalpandamallorca"]}]}},"_links":{"self":[{"href":"https:\/\/rentalpanda.es\/es\/wp-json\/wp\/v2\/product\/5182","targetHints":{"allow":["GET"]}}],"collection":[{"href":"https:\/\/rentalpanda.es\/es\/wp-json\/wp\/v2\/product"}],"about":[{"href":"https:\/\/rentalpanda.es\/es\/wp-json\/wp\/v2\/types\/product"}],"replies":[{"embeddable":true,"href":"https:\/\/rentalpanda.es\/es\/wp-json\/wp\/v2\/comments?post=5182"}],"wp:featuredmedia":[{"embeddable":true,"href":"https:\/\/rentalpanda.es\/es\/wp-json\/wp\/v2\/media\/14449"}],"wp:attachment":[{"href":"https:\/\/rentalpanda.es\/es\/wp-json\/wp\/v2\/media?parent=5182"}],"wp:term":[{"taxonomy":"product_brand","embeddable":true,"href":"https:\/\/rentalpanda.es\/es\/wp-json\/wp\/v2\/product_brand?post=5182"},{"taxonomy":"product_cat","embeddable":true,"href":"https:\/\/rentalpanda.es\/es\/wp-json\/wp\/v2\/product_cat?post=5182"},{"taxonomy":"product_tag","embeddable":true,"href":"https:\/\/rentalpanda.es\/es\/wp-json\/wp\/v2\/product_tag?post=5182"}],"curies":[{"name":"wp","href":"https:\/\/api.w.org\/{rel}","templated":true}]}}