{"id":4686,"date":"2017-03-17T11:23:14","date_gmt":"2017-03-17T11:23:14","guid":{"rendered":"http:\/\/rentalpanda.es\/produkt\/grosser-strand-kipplaster\/"},"modified":"2025-02-24T01:11:55","modified_gmt":"2025-02-24T01:11:55","slug":"juegetes-camion-playa","status":"publish","type":"product","link":"https:\/\/rentalpanda.es\/es\/produkt\/grosser-strand-kipplaster\/","title":{"rendered":"Cami\u00f3n Juguete Playa (38 cm)"},"content":{"rendered":"<h2><strong>Cami\u00f3n Juguete Playa (38cm)<\/strong><\/h2>\n<p>\u00a1Un gran juguete de playa que es muy divertido! \u00a1Incluso si este cami\u00f3n de juguete es arrojado, no se rompe! Se ha fabricado correctamente en Alemania y no hay piezas de pl\u00e1stico peque\u00f1as que se puedan romper y tragar. El port\u00f3n trasero se puede abrir y cerrar por medio de cerraduras f\u00e1ciles de operar.<\/p>\n<h2>Grande Cami\u00f3n Juguete Playa en Mallorca<\/h2>\n<p>El \u00e1rea de carga se puede desbloquear e inclinar hacia atr\u00e1s, \u00a1diversi\u00f3n real en las playas de Mallorca garantizada! Incluso puede cargar juguetes m\u00e1s peque\u00f1os, o mucha arena, en el \u00e1rea de carga. \u00a1Tus peque\u00f1os tendr\u00e1n su alegr\u00eda garantizada!<\/p>\n<h3>Beneficios Cami\u00f3n Juguete Playa (38cm)<\/h3>\n<ul>\n<li>Diversi\u00f3n extra en la playa con este genial cami\u00f3n de playa<\/li>\n<li>Alta calidad y robusto<\/li>\n<li>Bellamente colorido<\/li>\n<li>Mucha arena cabe en el \u00e1rea de carga<\/li>\n<\/ul>\n<h3>Grande Cami\u00f3n Juguete Playa: Detalles t\u00e9cnicos<\/h3>\n<p>Peso: 0.6kg<br \/>\nDimensiones AAP: 26x25x38cm<br \/>\nMaterial: Pl\u00e1stico<\/p>\n<p>Apto para ni\u00f1os a partir de 1,5 a\u00f1os.<\/p>","protected":false},"excerpt":{"rendered":"<p>Colorido cami\u00f3n juguete playa fabricado en Alemania, un gran juguete de playa para tus peque\u00f1os. Muy duradero, con una gran \u00e1rea de carga que se puede inclinar hacia atr\u00e1s.<\/p>\n<p>TENGA EN CUENTA: D\u00eda de llegada + d\u00eda de salida = 2 d\u00edas completos de alquiler (ni el 1er ni el \u00faltimo d\u00eda, los productos se pueden alquilar en otro lugar).<\/p>","protected":false},"featured_media":14452,"comment_status":"open","ping_status":"closed","template":"","meta":[],"product_brand":[],"product_cat":[87,90,97,88],"product_tag":[166,500],"class_list":{"0":"post-4686","1":"product","2":"type-product","3":"status-publish","4":"has-post-thumbnail","6":"product_cat-baby-kind","7":"product_cat-mieten","8":"product_cat-spielen","9":"product_cat-strand","10":"product_tag-spielzeug","11":"product_tag-strandspielzeug","13":"first","14":"instock","15":"taxable","16":"shipping-taxable","17":"purchasable","18":"product-type-simple"},"yoast_head":"<!-- This site is optimized with the Yoast SEO plugin v27.1.1 - https:\/\/yoast.com\/product\/yoast-seo-wordpress\/ -->\n<title>Strandspielzeug Mieten Mallorca: WADER Kipplaster | RentalPanda<\/title>\n<meta name=\"description\" content=\"Miete f\u00fcr dein Kind im Urlaub auf Mallorca einen gro\u00dfen Kipplaster f\u00fcr den Strand - Spielspa\u00df garantiert! Viele weitere Mietartikel f\u00fcr Baby &amp; Kind!\" \/>\n<meta name=\"robots\" content=\"index, follow, max-snippet:-1, max-image-preview:large, max-video-preview:-1\" \/>\n<link rel=\"canonical\" href=\"https:\/\/rentalpanda.es\/es\/producto\/juegetes-camion-playa\/\" \/>\n<meta property=\"og:locale\" content=\"es_ES\" \/>\n<meta property=\"og:type\" content=\"article\" \/>\n<meta property=\"og:title\" content=\"Strandspielzeug Mieten Mallorca: WADER Kipplaster | RentalPanda\" \/>\n<meta property=\"og:description\" content=\"Miete f\u00fcr dein Kind im Urlaub auf Mallorca einen gro\u00dfen Kipplaster f\u00fcr den Strand - Spielspa\u00df garantiert! Viele weitere Mietartikel f\u00fcr Baby &amp; Kind!\" \/>\n<meta property=\"og:url\" content=\"https:\/\/rentalpanda.es\/es\/producto\/juegetes-camion-playa\/\" \/>\n<meta property=\"og:site_name\" content=\"RentalPanda.es\" \/>\n<meta property=\"article:publisher\" content=\"https:\/\/www.facebook.com\/rentalpandamallorca\" \/>\n<meta property=\"article:modified_time\" content=\"2025-02-24T01:11:55+00:00\" \/>\n<meta property=\"og:image\" content=\"https:\/\/rentalpanda.es\/wp-content\/uploads\/2017\/03\/kipplaster-de.png\" \/>\n\t<meta property=\"og:image:width\" content=\"427\" \/>\n\t<meta property=\"og:image:height\" content=\"480\" \/>\n\t<meta property=\"og:image:type\" content=\"image\/png\" \/>\n<meta name=\"twitter:card\" content=\"summary_large_image\" \/>\n<meta name=\"twitter:label1\" content=\"Tiempo de lectura\" \/>\n\t<meta name=\"twitter:data1\" content=\"1 minuto\" \/>\n<script type=\"application\/ld+json\" class=\"yoast-schema-graph\">{\"@context\":\"https:\/\/schema.org\",\"@graph\":[{\"@type\":\"WebPage\",\"@id\":\"https:\/\/rentalpanda.es\/produkt\/grosser-strand-kipplaster\/\",\"url\":\"https:\/\/rentalpanda.es\/produkt\/grosser-strand-kipplaster\/\",\"name\":\"Strandspielzeug Mieten Mallorca: WADER Kipplaster | RentalPanda\",\"isPartOf\":{\"@id\":\"https:\/\/rentalpanda.es\/en\/#website\"},\"primaryImageOfPage\":{\"@id\":\"https:\/\/rentalpanda.es\/produkt\/grosser-strand-kipplaster\/#primaryimage\"},\"image\":{\"@id\":\"https:\/\/rentalpanda.es\/produkt\/grosser-strand-kipplaster\/#primaryimage\"},\"thumbnailUrl\":\"https:\/\/rentalpanda.es\/wp-content\/uploads\/2017\/03\/kipplaster-de.png\",\"datePublished\":\"2017-03-17T11:23:14+00:00\",\"dateModified\":\"2025-02-24T01:11:55+00:00\",\"description\":\"Miete f\u00fcr dein Kind im Urlaub auf Mallorca einen gro\u00dfen Kipplaster f\u00fcr den Strand - Spielspa\u00df garantiert! Viele weitere Mietartikel f\u00fcr Baby & Kind!\",\"breadcrumb\":{\"@id\":\"https:\/\/rentalpanda.es\/produkt\/grosser-strand-kipplaster\/#breadcrumb\"},\"inLanguage\":\"es\",\"potentialAction\":[{\"@type\":\"ReadAction\",\"target\":[\"https:\/\/rentalpanda.es\/produkt\/grosser-strand-kipplaster\/\"]}]},{\"@type\":\"ImageObject\",\"inLanguage\":\"es\",\"@id\":\"https:\/\/rentalpanda.es\/produkt\/grosser-strand-kipplaster\/#primaryimage\",\"url\":\"https:\/\/rentalpanda.es\/wp-content\/uploads\/2017\/03\/kipplaster-de.png\",\"contentUrl\":\"https:\/\/rentalpanda.es\/wp-content\/uploads\/2017\/03\/kipplaster-de.png\",\"width\":427,\"height\":480,\"caption\":\"wader_kipplaster\"},{\"@type\":\"BreadcrumbList\",\"@id\":\"https:\/\/rentalpanda.es\/produkt\/grosser-strand-kipplaster\/#breadcrumb\",\"itemListElement\":[{\"@type\":\"ListItem\",\"position\":1,\"name\":\"Startseite\",\"item\":\"https:\/\/rentalpanda.es\/\"},{\"@type\":\"ListItem\",\"position\":2,\"name\":\"Shop\",\"item\":\"https:\/\/rentalpanda.es\/shop\/\"},{\"@type\":\"ListItem\",\"position\":3,\"name\":\"WADER Gro\u00dfer Strand-Kipplaster (38cm)\"}]},{\"@type\":\"WebSite\",\"@id\":\"https:\/\/rentalpanda.es\/en\/#website\",\"url\":\"https:\/\/rentalpanda.es\/en\/\",\"name\":\"RentalPanda.es\",\"description\":\"Baby, Beach &amp; Holiday Gear for Rent\",\"publisher\":{\"@id\":\"https:\/\/rentalpanda.es\/en\/#organization\"},\"potentialAction\":[{\"@type\":\"SearchAction\",\"target\":{\"@type\":\"EntryPoint\",\"urlTemplate\":\"https:\/\/rentalpanda.es\/en\/?s={search_term_string}\"},\"query-input\":{\"@type\":\"PropertyValueSpecification\",\"valueRequired\":true,\"valueName\":\"search_term_string\"}}],\"inLanguage\":\"es\"},{\"@type\":\"Organization\",\"@id\":\"https:\/\/rentalpanda.es\/en\/#organization\",\"name\":\"Rentalpanda.es\",\"url\":\"https:\/\/rentalpanda.es\/en\/\",\"logo\":{\"@type\":\"ImageObject\",\"inLanguage\":\"es\",\"@id\":\"https:\/\/rentalpanda.es\/en\/#\/schema\/logo\/image\/\",\"url\":\"https:\/\/rentalpanda.es\/wp-content\/uploads\/2017\/02\/rentalpanda-logo-webseite-end.png\",\"contentUrl\":\"https:\/\/rentalpanda.es\/wp-content\/uploads\/2017\/02\/rentalpanda-logo-webseite-end.png\",\"width\":260,\"height\":71,\"caption\":\"Rentalpanda.es\"},\"image\":{\"@id\":\"https:\/\/rentalpanda.es\/en\/#\/schema\/logo\/image\/\"},\"sameAs\":[\"https:\/\/www.facebook.com\/rentalpandamallorca\"]}]}<\/script>\n<!-- \/ Yoast SEO plugin. -->","yoast_head_json":{"title":"Cami\u00f3n Juguete Playa Alquiler Mallorca | RentalPanda.es","description":"Alquila cami\u00f3n volquete grande para la playa en Mallorca. Ideal para jugar en la arena. M\u00e1s juguetes y art\u00edculos infantiles disponibles. \u00a1Reserva ya!","robots":{"index":"index","follow":"follow","max-snippet":"max-snippet:-1","max-image-preview":"max-image-preview:large","max-video-preview":"max-video-preview:-1"},"canonical":"https:\/\/rentalpanda.es\/es\/producto\/juegetes-camion-playa\/","og_locale":"es_ES","og_type":"article","og_title":"Strandspielzeug Mieten Mallorca: WADER Kipplaster | RentalPanda","og_description":"Miete f\u00fcr dein Kind im Urlaub auf Mallorca einen gro\u00dfen Kipplaster f\u00fcr den Strand - Spielspa\u00df garantiert! Viele weitere Mietartikel f\u00fcr Baby & Kind!","og_url":"https:\/\/rentalpanda.es\/es\/producto\/juegetes-camion-playa\/","og_site_name":"RentalPanda.es","article_publisher":"https:\/\/www.facebook.com\/rentalpandamallorca","article_modified_time":"2025-02-24T01:11:55+00:00","og_image":[{"width":427,"height":480,"url":"https:\/\/rentalpanda.es\/wp-content\/uploads\/2017\/03\/kipplaster-de.png","type":"image\/png"}],"twitter_card":"summary_large_image","twitter_misc":{"Tiempo de lectura":"1 minuto"},"schema":{"@context":"https:\/\/schema.org","@graph":[{"@type":"WebPage","@id":"https:\/\/rentalpanda.es\/produkt\/grosser-strand-kipplaster\/","url":"https:\/\/rentalpanda.es\/produkt\/grosser-strand-kipplaster\/","name":"Cami\u00f3n Juguete Playa Alquiler Mallorca | RentalPanda.es","isPartOf":{"@id":"https:\/\/rentalpanda.es\/en\/#website"},"primaryImageOfPage":{"@id":"https:\/\/rentalpanda.es\/produkt\/grosser-strand-kipplaster\/#primaryimage"},"image":{"@id":"https:\/\/rentalpanda.es\/produkt\/grosser-strand-kipplaster\/#primaryimage"},"thumbnailUrl":"https:\/\/rentalpanda.es\/wp-content\/uploads\/2017\/03\/kipplaster-de.png","datePublished":"2017-03-17T11:23:14+00:00","dateModified":"2025-02-24T01:11:55+00:00","description":"Alquila cami\u00f3n volquete grande para la playa en Mallorca. Ideal para jugar en la arena. M\u00e1s juguetes y art\u00edculos infantiles disponibles. \u00a1Reserva ya!","breadcrumb":{"@id":"https:\/\/rentalpanda.es\/produkt\/grosser-strand-kipplaster\/#breadcrumb"},"inLanguage":"es","potentialAction":[{"@type":"ReadAction","target":["https:\/\/rentalpanda.es\/produkt\/grosser-strand-kipplaster\/"]}]},{"@type":"ImageObject","inLanguage":"es","@id":"https:\/\/rentalpanda.es\/produkt\/grosser-strand-kipplaster\/#primaryimage","url":"https:\/\/rentalpanda.es\/wp-content\/uploads\/2017\/03\/kipplaster-de.png","contentUrl":"https:\/\/rentalpanda.es\/wp-content\/uploads\/2017\/03\/kipplaster-de.png","width":427,"height":480,"caption":"wader_kipplaster"},{"@type":"BreadcrumbList","@id":"https:\/\/rentalpanda.es\/produkt\/grosser-strand-kipplaster\/#breadcrumb","itemListElement":[{"@type":"ListItem","position":1,"name":"Startseite","item":"https:\/\/rentalpanda.es\/"},{"@type":"ListItem","position":2,"name":"Shop","item":"https:\/\/rentalpanda.es\/shop\/"},{"@type":"ListItem","position":3,"name":"WADER Gro\u00dfer Strand-Kipplaster (38cm)"}]},{"@type":"WebSite","@id":"https:\/\/rentalpanda.es\/en\/#website","url":"https:\/\/rentalpanda.es\/en\/","name":"RentalPanda.es","description":"Baby, Beach &amp; Holiday Gear for Rent","publisher":{"@id":"https:\/\/rentalpanda.es\/en\/#organization"},"potentialAction":[{"@type":"SearchAction","target":{"@type":"EntryPoint","urlTemplate":"https:\/\/rentalpanda.es\/en\/?s={search_term_string}"},"query-input":{"@type":"PropertyValueSpecification","valueRequired":true,"valueName":"search_term_string"}}],"inLanguage":"es"},{"@type":"Organization","@id":"https:\/\/rentalpanda.es\/en\/#organization","name":"Rentalpanda.es","url":"https:\/\/rentalpanda.es\/en\/","logo":{"@type":"ImageObject","inLanguage":"es","@id":"https:\/\/rentalpanda.es\/en\/#\/schema\/logo\/image\/","url":"https:\/\/rentalpanda.es\/wp-content\/uploads\/2017\/02\/rentalpanda-logo-webseite-end.png","contentUrl":"https:\/\/rentalpanda.es\/wp-content\/uploads\/2017\/02\/rentalpanda-logo-webseite-end.png","width":260,"height":71,"caption":"Rentalpanda.es"},"image":{"@id":"https:\/\/rentalpanda.es\/en\/#\/schema\/logo\/image\/"},"sameAs":["https:\/\/www.facebook.com\/rentalpandamallorca"]}]}},"_links":{"self":[{"href":"https:\/\/rentalpanda.es\/es\/wp-json\/wp\/v2\/product\/4686","targetHints":{"allow":["GET"]}}],"collection":[{"href":"https:\/\/rentalpanda.es\/es\/wp-json\/wp\/v2\/product"}],"about":[{"href":"https:\/\/rentalpanda.es\/es\/wp-json\/wp\/v2\/types\/product"}],"replies":[{"embeddable":true,"href":"https:\/\/rentalpanda.es\/es\/wp-json\/wp\/v2\/comments?post=4686"}],"wp:featuredmedia":[{"embeddable":true,"href":"https:\/\/rentalpanda.es\/es\/wp-json\/wp\/v2\/media\/14452"}],"wp:attachment":[{"href":"https:\/\/rentalpanda.es\/es\/wp-json\/wp\/v2\/media?parent=4686"}],"wp:term":[{"taxonomy":"product_brand","embeddable":true,"href":"https:\/\/rentalpanda.es\/es\/wp-json\/wp\/v2\/product_brand?post=4686"},{"taxonomy":"product_cat","embeddable":true,"href":"https:\/\/rentalpanda.es\/es\/wp-json\/wp\/v2\/product_cat?post=4686"},{"taxonomy":"product_tag","embeddable":true,"href":"https:\/\/rentalpanda.es\/es\/wp-json\/wp\/v2\/product_tag?post=4686"}],"curies":[{"name":"wp","href":"https:\/\/api.w.org\/{rel}","templated":true}]}}