{"id":4584,"date":"2017-03-16T21:33:28","date_gmt":"2017-03-16T21:33:28","guid":{"rendered":"http:\/\/rentalpanda.es\/produkt\/kinderwagen-jogger\/"},"modified":"2026-02-26T06:15:28","modified_gmt":"2026-02-26T06:15:28","slug":"buggy-jogger-alquilar-mallorca","status":"publish","type":"product","link":"https:\/\/rentalpanda.es\/es\/produkt\/kinderwagen-jogger\/","title":{"rendered":"Hauck Runner Carro 3 Ruedas"},"content":{"rendered":"<h2>HAUCK Runner Carro 3 Ruedas<\/h2>\n<p>Un silla de paseo para beb\u00e9s y ni\u00f1os especialmente flexible y popular para mayor comodidad en sus vacaciones en Mallorca. El toldo ajustable le brinda a su hijo m\u00e1s paz y relajaci\u00f3n, ya que protege eficazmente contra el ruido, el sol, el viento e incluso la lluvia ocasional. Tambi\u00e9n es ajustable y tiene una ventana de visualizaci\u00f3n bloqueable. El robusto marco de acero tubular del jogger para beb\u00e9s con sus ruedas de aire grandes y f\u00e1ciles de correr ofrece una comodidad de conducci\u00f3n c\u00f3moda incluso en caminos irregulares.<\/p>\n<h3>Alquilar HAUCK Runner Carro en Mallorca<\/h3>\n<p>Gracias a la rueda delantera giratoria de 360 \u200b\u200b\u00b0, el buggy se puede controlar de manera muy flexible. Se sujeta una correa para la mu\u00f1eca al mango de empuje ajustable en altura y se coloca alrededor de la mano, lo que es especialmente \u00fatil cuando se baja cuesta abajo. El respaldo se puede ajustar a la posici\u00f3n acostada. El arn\u00e9s de 5 puntos y una correa de seguridad desmontable aseguran una sujeci\u00f3n muy firme al asiento.<\/p>\n<p>&gt;&gt; Dependiendo de la disponibilidad, recibir\u00e1 el Knorr Joggy S o el Hauck Runner. Ambas carriolas tienen las mismas caracter\u00edsticas t\u00e9cnicas.<\/p>\n<h4><strong>Beneficios HAUCK Runner Carro:<\/strong><\/h4>\n<ul>\n<li>Cintur\u00f3n de seguridad de 5 puntos acolchado<\/li>\n<li>Amplia red de compras<\/li>\n<li>Empu\u00f1adura regulable en altura<\/li>\n<li>Respaldo bloqueable<\/li>\n<li>Grandes ruedas de aire para cada terreno<\/li>\n<li>La rueda delantera gira 360 grados y se puede bloquear<\/li>\n<li>Con capota para dormir y visera solar<\/li>\n<\/ul>\n<p><strong>Carro HAUCK Runner: Datos t\u00e9cnicos<\/strong><\/p>\n<p>Peso: 10.0kg<br \/>\nDimensiones AAP: 90x46x94cm<br \/>\nDi\u00e1metro de las ruedas: 30 cm.<\/p>\n<p>Apto para ni\u00f1os de hasta 20 kg.<\/p>","protected":false},"excerpt":{"rendered":"<p>El <strong>HAUCK Runner \/ Jogger Carro<\/strong> para ni\u00f1os peque\u00f1os y ni\u00f1os hasta 20kg con gran comodidad de manejo y movilidad flexible. Con grandes ruedas de aire, tambi\u00e9n ideal para la playa.<\/p>\n<p>TENGA EN CUENTA: D\u00eda de llegada + d\u00eda de salida = 2 d\u00edas completos de alquiler (ni el 1er ni el \u00faltimo d\u00eda, los productos se pueden alquilar en otro lugar).<\/p>","protected":false},"featured_media":22937,"comment_status":"open","ping_status":"closed","template":"","meta":[],"product_brand":[],"product_cat":[87,568,90],"product_tag":[187,857,498,186,1267],"class_list":{"0":"post-4584","1":"product","2":"type-product","3":"status-publish","4":"has-post-thumbnail","6":"product_cat-baby-kind","7":"product_cat-kinderwagen","8":"product_cat-mieten","9":"product_tag-buggy","10":"product_tag-hauck-jogger","11":"product_tag-jogger","12":"product_tag-kinderwagen","13":"product_tag-kinderwagen-mieten-mallorca","15":"first","16":"instock","17":"taxable","18":"shipping-taxable","19":"purchasable","20":"product-type-simple"},"yoast_head":"<!-- This site is optimized with the Yoast SEO plugin v27.1.1 - https:\/\/yoast.com\/product\/yoast-seo-wordpress\/ -->\n<title>Kinderwagen Mieten Mallorca: Baby-Jogger | Hauck Jogger<\/title>\n<meta name=\"description\" content=\"Dein Buggyverleih auf Mallorca: Mobil im Urlaub, der Hauck Jogger mit 3 gro\u00dfen Luftr\u00e4dern macht&#039;s m\u00f6glich. Ideal auch f\u00fcr den Strand = Stressfreier Urlaub!\" \/>\n<meta name=\"robots\" content=\"index, follow, max-snippet:-1, max-image-preview:large, max-video-preview:-1\" \/>\n<link rel=\"canonical\" href=\"https:\/\/rentalpanda.es\/es\/producto\/buggy-jogger-alquilar-mallorca\/\" \/>\n<meta property=\"og:locale\" content=\"es_ES\" \/>\n<meta property=\"og:type\" content=\"article\" \/>\n<meta property=\"og:title\" content=\"Kinderwagen Mieten Mallorca: Baby-Jogger | Hauck Jogger\" \/>\n<meta property=\"og:description\" content=\"Dein Buggyverleih auf Mallorca: Mobil im Urlaub, der Hauck Jogger mit 3 gro\u00dfen Luftr\u00e4dern macht&#039;s m\u00f6glich. Ideal auch f\u00fcr den Strand = Stressfreier Urlaub!\" \/>\n<meta property=\"og:url\" content=\"https:\/\/rentalpanda.es\/es\/producto\/buggy-jogger-alquilar-mallorca\/\" \/>\n<meta property=\"og:site_name\" content=\"RentalPanda.es\" \/>\n<meta property=\"article:publisher\" content=\"https:\/\/www.facebook.com\/rentalpandamallorca\" \/>\n<meta property=\"article:modified_time\" content=\"2026-02-26T06:15:28+00:00\" \/>\n<meta property=\"og:image\" content=\"https:\/\/rentalpanda.es\/wp-content\/uploads\/2017\/03\/hauck-runner-jogger-mieten-mallorca.png\" \/>\n\t<meta property=\"og:image:width\" content=\"427\" \/>\n\t<meta property=\"og:image:height\" content=\"480\" \/>\n\t<meta property=\"og:image:type\" content=\"image\/png\" \/>\n<meta name=\"twitter:card\" content=\"summary_large_image\" \/>\n<meta name=\"twitter:label1\" content=\"Tiempo de lectura\" \/>\n\t<meta name=\"twitter:data1\" content=\"2 minutos\" \/>\n<script type=\"application\/ld+json\" class=\"yoast-schema-graph\">{\"@context\":\"https:\/\/schema.org\",\"@graph\":[{\"@type\":\"WebPage\",\"@id\":\"https:\/\/rentalpanda.es\/produkt\/kinderwagen-jogger\/\",\"url\":\"https:\/\/rentalpanda.es\/produkt\/kinderwagen-jogger\/\",\"name\":\"Kinderwagen Mieten Mallorca: Baby-Jogger | Hauck Jogger\",\"isPartOf\":{\"@id\":\"https:\/\/rentalpanda.es\/en\/#website\"},\"primaryImageOfPage\":{\"@id\":\"https:\/\/rentalpanda.es\/produkt\/kinderwagen-jogger\/#primaryimage\"},\"image\":{\"@id\":\"https:\/\/rentalpanda.es\/produkt\/kinderwagen-jogger\/#primaryimage\"},\"thumbnailUrl\":\"https:\/\/rentalpanda.es\/wp-content\/uploads\/2017\/03\/hauck-runner-jogger-mieten-mallorca.png\",\"datePublished\":\"2017-03-16T21:33:28+00:00\",\"dateModified\":\"2026-02-26T06:15:28+00:00\",\"description\":\"Dein Buggyverleih auf Mallorca: Mobil im Urlaub, der Hauck Jogger mit 3 gro\u00dfen Luftr\u00e4dern macht's m\u00f6glich. Ideal auch f\u00fcr den Strand = Stressfreier Urlaub!\",\"breadcrumb\":{\"@id\":\"https:\/\/rentalpanda.es\/produkt\/kinderwagen-jogger\/#breadcrumb\"},\"inLanguage\":\"es\",\"potentialAction\":[{\"@type\":\"ReadAction\",\"target\":[\"https:\/\/rentalpanda.es\/produkt\/kinderwagen-jogger\/\"]}]},{\"@type\":\"ImageObject\",\"inLanguage\":\"es\",\"@id\":\"https:\/\/rentalpanda.es\/produkt\/kinderwagen-jogger\/#primaryimage\",\"url\":\"https:\/\/rentalpanda.es\/wp-content\/uploads\/2017\/03\/hauck-runner-jogger-mieten-mallorca.png\",\"contentUrl\":\"https:\/\/rentalpanda.es\/wp-content\/uploads\/2017\/03\/hauck-runner-jogger-mieten-mallorca.png\",\"width\":427,\"height\":480,\"caption\":\"hauck-runner-jogger-mieten-mallorca\"},{\"@type\":\"BreadcrumbList\",\"@id\":\"https:\/\/rentalpanda.es\/produkt\/kinderwagen-jogger\/#breadcrumb\",\"itemListElement\":[{\"@type\":\"ListItem\",\"position\":1,\"name\":\"Startseite\",\"item\":\"https:\/\/rentalpanda.es\/\"},{\"@type\":\"ListItem\",\"position\":2,\"name\":\"Shop\",\"item\":\"https:\/\/rentalpanda.es\/shop\/\"},{\"@type\":\"ListItem\",\"position\":3,\"name\":\"HAUCK Baby-Jogger mit 3 R\u00e4dern | Hauck Jogger\"}]},{\"@type\":\"WebSite\",\"@id\":\"https:\/\/rentalpanda.es\/en\/#website\",\"url\":\"https:\/\/rentalpanda.es\/en\/\",\"name\":\"RentalPanda.es\",\"description\":\"Baby, Beach &amp; Holiday Gear for Rent\",\"publisher\":{\"@id\":\"https:\/\/rentalpanda.es\/en\/#organization\"},\"potentialAction\":[{\"@type\":\"SearchAction\",\"target\":{\"@type\":\"EntryPoint\",\"urlTemplate\":\"https:\/\/rentalpanda.es\/en\/?s={search_term_string}\"},\"query-input\":{\"@type\":\"PropertyValueSpecification\",\"valueRequired\":true,\"valueName\":\"search_term_string\"}}],\"inLanguage\":\"es\"},{\"@type\":\"Organization\",\"@id\":\"https:\/\/rentalpanda.es\/en\/#organization\",\"name\":\"Rentalpanda.es\",\"url\":\"https:\/\/rentalpanda.es\/en\/\",\"logo\":{\"@type\":\"ImageObject\",\"inLanguage\":\"es\",\"@id\":\"https:\/\/rentalpanda.es\/en\/#\/schema\/logo\/image\/\",\"url\":\"https:\/\/rentalpanda.es\/wp-content\/uploads\/2017\/02\/rentalpanda-logo-webseite-end.png\",\"contentUrl\":\"https:\/\/rentalpanda.es\/wp-content\/uploads\/2017\/02\/rentalpanda-logo-webseite-end.png\",\"width\":260,\"height\":71,\"caption\":\"Rentalpanda.es\"},\"image\":{\"@id\":\"https:\/\/rentalpanda.es\/en\/#\/schema\/logo\/image\/\"},\"sameAs\":[\"https:\/\/www.facebook.com\/rentalpandamallorca\"]}]}<\/script>\n<!-- \/ Yoast SEO plugin. -->","yoast_head_json":{"title":"Hauck Runner Carro 3 Ruedas en Mallorca | RentalPanda.es","description":"Alquila el HAUCK Jogger en Mallorca \u2013 carrito con 3 ruedas grandes ideal para la playa. Vacaciones m\u00f3viles y sin estr\u00e9s con tu peque. \u00a1Reserva ahora!","robots":{"index":"index","follow":"follow","max-snippet":"max-snippet:-1","max-image-preview":"max-image-preview:large","max-video-preview":"max-video-preview:-1"},"canonical":"https:\/\/rentalpanda.es\/es\/producto\/buggy-jogger-alquilar-mallorca\/","og_locale":"es_ES","og_type":"article","og_title":"Kinderwagen Mieten Mallorca: Baby-Jogger | Hauck Jogger","og_description":"Dein Buggyverleih auf Mallorca: Mobil im Urlaub, der Hauck Jogger mit 3 gro\u00dfen Luftr\u00e4dern macht's m\u00f6glich. Ideal auch f\u00fcr den Strand = Stressfreier Urlaub!","og_url":"https:\/\/rentalpanda.es\/es\/producto\/buggy-jogger-alquilar-mallorca\/","og_site_name":"RentalPanda.es","article_publisher":"https:\/\/www.facebook.com\/rentalpandamallorca","article_modified_time":"2026-02-26T06:15:28+00:00","og_image":[{"width":427,"height":480,"url":"https:\/\/rentalpanda.es\/wp-content\/uploads\/2017\/03\/hauck-runner-jogger-mieten-mallorca.png","type":"image\/png"}],"twitter_card":"summary_large_image","twitter_misc":{"Tiempo de lectura":"2 minutos"},"schema":{"@context":"https:\/\/schema.org","@graph":[{"@type":"WebPage","@id":"https:\/\/rentalpanda.es\/produkt\/kinderwagen-jogger\/","url":"https:\/\/rentalpanda.es\/produkt\/kinderwagen-jogger\/","name":"Hauck Runner Carro 3 Ruedas en Mallorca | RentalPanda.es","isPartOf":{"@id":"https:\/\/rentalpanda.es\/en\/#website"},"primaryImageOfPage":{"@id":"https:\/\/rentalpanda.es\/produkt\/kinderwagen-jogger\/#primaryimage"},"image":{"@id":"https:\/\/rentalpanda.es\/produkt\/kinderwagen-jogger\/#primaryimage"},"thumbnailUrl":"https:\/\/rentalpanda.es\/wp-content\/uploads\/2017\/03\/hauck-runner-jogger-mieten-mallorca.png","datePublished":"2017-03-16T21:33:28+00:00","dateModified":"2026-02-26T06:15:28+00:00","description":"Alquila el HAUCK Jogger en Mallorca \u2013 carrito con 3 ruedas grandes ideal para la playa. Vacaciones m\u00f3viles y sin estr\u00e9s con tu peque. \u00a1Reserva ahora!","breadcrumb":{"@id":"https:\/\/rentalpanda.es\/produkt\/kinderwagen-jogger\/#breadcrumb"},"inLanguage":"es","potentialAction":[{"@type":"ReadAction","target":["https:\/\/rentalpanda.es\/produkt\/kinderwagen-jogger\/"]}]},{"@type":"ImageObject","inLanguage":"es","@id":"https:\/\/rentalpanda.es\/produkt\/kinderwagen-jogger\/#primaryimage","url":"https:\/\/rentalpanda.es\/wp-content\/uploads\/2017\/03\/hauck-runner-jogger-mieten-mallorca.png","contentUrl":"https:\/\/rentalpanda.es\/wp-content\/uploads\/2017\/03\/hauck-runner-jogger-mieten-mallorca.png","width":427,"height":480,"caption":"hauck-runner-jogger-mieten-mallorca"},{"@type":"BreadcrumbList","@id":"https:\/\/rentalpanda.es\/produkt\/kinderwagen-jogger\/#breadcrumb","itemListElement":[{"@type":"ListItem","position":1,"name":"Startseite","item":"https:\/\/rentalpanda.es\/"},{"@type":"ListItem","position":2,"name":"Shop","item":"https:\/\/rentalpanda.es\/shop\/"},{"@type":"ListItem","position":3,"name":"HAUCK Baby-Jogger mit 3 R\u00e4dern | Hauck Jogger"}]},{"@type":"WebSite","@id":"https:\/\/rentalpanda.es\/en\/#website","url":"https:\/\/rentalpanda.es\/en\/","name":"RentalPanda.es","description":"Baby, Beach &amp; Holiday Gear for Rent","publisher":{"@id":"https:\/\/rentalpanda.es\/en\/#organization"},"potentialAction":[{"@type":"SearchAction","target":{"@type":"EntryPoint","urlTemplate":"https:\/\/rentalpanda.es\/en\/?s={search_term_string}"},"query-input":{"@type":"PropertyValueSpecification","valueRequired":true,"valueName":"search_term_string"}}],"inLanguage":"es"},{"@type":"Organization","@id":"https:\/\/rentalpanda.es\/en\/#organization","name":"Rentalpanda.es","url":"https:\/\/rentalpanda.es\/en\/","logo":{"@type":"ImageObject","inLanguage":"es","@id":"https:\/\/rentalpanda.es\/en\/#\/schema\/logo\/image\/","url":"https:\/\/rentalpanda.es\/wp-content\/uploads\/2017\/02\/rentalpanda-logo-webseite-end.png","contentUrl":"https:\/\/rentalpanda.es\/wp-content\/uploads\/2017\/02\/rentalpanda-logo-webseite-end.png","width":260,"height":71,"caption":"Rentalpanda.es"},"image":{"@id":"https:\/\/rentalpanda.es\/en\/#\/schema\/logo\/image\/"},"sameAs":["https:\/\/www.facebook.com\/rentalpandamallorca"]}]}},"_links":{"self":[{"href":"https:\/\/rentalpanda.es\/es\/wp-json\/wp\/v2\/product\/4584","targetHints":{"allow":["GET"]}}],"collection":[{"href":"https:\/\/rentalpanda.es\/es\/wp-json\/wp\/v2\/product"}],"about":[{"href":"https:\/\/rentalpanda.es\/es\/wp-json\/wp\/v2\/types\/product"}],"replies":[{"embeddable":true,"href":"https:\/\/rentalpanda.es\/es\/wp-json\/wp\/v2\/comments?post=4584"}],"wp:featuredmedia":[{"embeddable":true,"href":"https:\/\/rentalpanda.es\/es\/wp-json\/wp\/v2\/media\/22937"}],"wp:attachment":[{"href":"https:\/\/rentalpanda.es\/es\/wp-json\/wp\/v2\/media?parent=4584"}],"wp:term":[{"taxonomy":"product_brand","embeddable":true,"href":"https:\/\/rentalpanda.es\/es\/wp-json\/wp\/v2\/product_brand?post=4584"},{"taxonomy":"product_cat","embeddable":true,"href":"https:\/\/rentalpanda.es\/es\/wp-json\/wp\/v2\/product_cat?post=4584"},{"taxonomy":"product_tag","embeddable":true,"href":"https:\/\/rentalpanda.es\/es\/wp-json\/wp\/v2\/product_tag?post=4584"}],"curies":[{"name":"wp","href":"https:\/\/api.w.org\/{rel}","templated":true}]}}