{"id":3195,"date":"2017-02-26T11:51:08","date_gmt":"2017-02-26T11:51:08","guid":{"rendered":"http:\/\/rentalpanda.es\/produkt\/strand-set-family\/"},"modified":"2025-03-05T02:39:57","modified_gmt":"2025-03-05T02:39:57","slug":"playa-set-familia","status":"publish","type":"product","link":"https:\/\/rentalpanda.es\/es\/produkt\/strand-set-family\/","title":{"rendered":"Playa Set Familia"},"content":{"rendered":"<p>La Playa Set Familia incluye los siguientes 4 productos:<\/p>\n<ul>\n<li>1 <a href=\"https:\/\/rentalpanda.es\/es\/producto\/tienda-playa-alquilar-mallorca\/\">Tienda de Playa Decathlon<\/a><\/li>\n<li>1 <a href=\"https:\/\/rentalpanda.es\/es\/producto\/manta-de-playa\/\">Manta de Playa XXL<\/a><\/li>\n<li>1 <a href=\"https:\/\/rentalpanda.es\/es\/producto\/esterilla-de-playa\/\">Esterilla de Playa con Respaldo<\/a> mit R\u00fcckenlehne<\/li>\n<li>Sombrilla de Playa con clavija de anclaje\/porta sombrilla<\/li>\n<\/ul>","protected":false},"excerpt":{"rendered":"<p>Nuestro Playa Set Familia consta de 1x Tienda de Playa Decathlon, 1x Manta de Playa XXL, 1x Esterilla de Playa con respaldo, as\u00ed como 1x Sombrilla con pica\/soporte de anclaje.<\/p>\n<p>TENGA EN CUENTA: D\u00eda de llegada + d\u00eda de salida = 2 d\u00edas completos de alquiler (ni el 1er ni el \u00faltimo d\u00eda, los productos se pueden alquilar en otro lugar).<\/p>","protected":false},"featured_media":14700,"comment_status":"open","ping_status":"closed","template":"","meta":[],"product_brand":[],"product_cat":[90,91,88],"product_tag":[484,195,199,194,192],"class_list":{"0":"post-3195","1":"product","2":"type-product","3":"status-publish","4":"has-post-thumbnail","6":"product_cat-mieten","7":"product_cat-sets-packages","8":"product_cat-strand","9":"product_tag-strand-set","10":"product_tag-stranddecke","11":"product_tag-strandliege","12":"product_tag-strandmatte","13":"product_tag-strandmuschel","15":"first","16":"instock","17":"featured","18":"taxable","19":"shipping-taxable","20":"purchasable","21":"product-type-simple"},"yoast_head":"<!-- This site is optimized with the Yoast SEO plugin v27.1.1 - https:\/\/yoast.com\/product\/yoast-seo-wordpress\/ -->\n<title>Strand-Set Mieten Mallorca: Beach Set Family | RentalPanda.es<\/title>\n<meta name=\"description\" content=\"Der Strandsachen-Verleih auf Mallorca: das Strand Set Family besteht aus 1 Strandmuschel, 1 Liegematte, 1 Stranddecke + 1 Schirm.\" \/>\n<meta name=\"robots\" content=\"index, follow, max-snippet:-1, max-image-preview:large, max-video-preview:-1\" \/>\n<link rel=\"canonical\" href=\"https:\/\/rentalpanda.es\/es\/producto\/playa-set-familia\/\" \/>\n<meta property=\"og:locale\" content=\"es_ES\" \/>\n<meta property=\"og:type\" content=\"article\" \/>\n<meta property=\"og:title\" content=\"Strand-Set Mieten Mallorca: Beach Set Family | RentalPanda.es\" \/>\n<meta property=\"og:description\" content=\"Der Strandsachen-Verleih auf Mallorca: das Strand Set Family besteht aus 1 Strandmuschel, 1 Liegematte, 1 Stranddecke + 1 Schirm.\" \/>\n<meta property=\"og:url\" content=\"https:\/\/rentalpanda.es\/es\/producto\/playa-set-familia\/\" \/>\n<meta property=\"og:site_name\" content=\"RentalPanda.es\" \/>\n<meta property=\"article:publisher\" content=\"https:\/\/www.facebook.com\/rentalpandamallorca\" \/>\n<meta property=\"article:modified_time\" content=\"2025-03-05T02:39:57+00:00\" \/>\n<meta property=\"og:image\" content=\"https:\/\/rentalpanda.es\/wp-content\/uploads\/2017\/02\/strand-set-family.png\" \/>\n\t<meta property=\"og:image:width\" content=\"427\" \/>\n\t<meta property=\"og:image:height\" content=\"480\" \/>\n\t<meta property=\"og:image:type\" content=\"image\/png\" \/>\n<meta name=\"twitter:card\" content=\"summary_large_image\" \/>\n<meta name=\"twitter:label1\" content=\"Tiempo de lectura\" \/>\n\t<meta name=\"twitter:data1\" content=\"1 minuto\" \/>\n<script type=\"application\/ld+json\" class=\"yoast-schema-graph\">{\"@context\":\"https:\/\/schema.org\",\"@graph\":[{\"@type\":\"WebPage\",\"@id\":\"https:\/\/rentalpanda.es\/produkt\/strand-set-family\/\",\"url\":\"https:\/\/rentalpanda.es\/produkt\/strand-set-family\/\",\"name\":\"Strand-Set Mieten Mallorca: Beach Set Family | RentalPanda.es\",\"isPartOf\":{\"@id\":\"https:\/\/rentalpanda.es\/en\/#website\"},\"primaryImageOfPage\":{\"@id\":\"https:\/\/rentalpanda.es\/produkt\/strand-set-family\/#primaryimage\"},\"image\":{\"@id\":\"https:\/\/rentalpanda.es\/produkt\/strand-set-family\/#primaryimage\"},\"thumbnailUrl\":\"https:\/\/rentalpanda.es\/wp-content\/uploads\/2017\/02\/strand-set-family.png\",\"datePublished\":\"2017-02-26T11:51:08+00:00\",\"dateModified\":\"2025-03-05T02:39:57+00:00\",\"description\":\"Der Strandsachen-Verleih auf Mallorca: das Strand Set Family besteht aus 1 Strandmuschel, 1 Liegematte, 1 Stranddecke + 1 Schirm.\",\"breadcrumb\":{\"@id\":\"https:\/\/rentalpanda.es\/produkt\/strand-set-family\/#breadcrumb\"},\"inLanguage\":\"es\",\"potentialAction\":[{\"@type\":\"ReadAction\",\"target\":[\"https:\/\/rentalpanda.es\/produkt\/strand-set-family\/\"]}]},{\"@type\":\"ImageObject\",\"inLanguage\":\"es\",\"@id\":\"https:\/\/rentalpanda.es\/produkt\/strand-set-family\/#primaryimage\",\"url\":\"https:\/\/rentalpanda.es\/wp-content\/uploads\/2017\/02\/strand-set-family.png\",\"contentUrl\":\"https:\/\/rentalpanda.es\/wp-content\/uploads\/2017\/02\/strand-set-family.png\",\"width\":427,\"height\":480,\"caption\":\"strand-set-family\"},{\"@type\":\"BreadcrumbList\",\"@id\":\"https:\/\/rentalpanda.es\/produkt\/strand-set-family\/#breadcrumb\",\"itemListElement\":[{\"@type\":\"ListItem\",\"position\":1,\"name\":\"Startseite\",\"item\":\"https:\/\/rentalpanda.es\/\"},{\"@type\":\"ListItem\",\"position\":2,\"name\":\"Shop\",\"item\":\"https:\/\/rentalpanda.es\/shop\/\"},{\"@type\":\"ListItem\",\"position\":3,\"name\":\"Strand Set Family\"}]},{\"@type\":\"WebSite\",\"@id\":\"https:\/\/rentalpanda.es\/en\/#website\",\"url\":\"https:\/\/rentalpanda.es\/en\/\",\"name\":\"RentalPanda.es\",\"description\":\"Baby, Beach &amp; Holiday Gear for Rent\",\"publisher\":{\"@id\":\"https:\/\/rentalpanda.es\/en\/#organization\"},\"potentialAction\":[{\"@type\":\"SearchAction\",\"target\":{\"@type\":\"EntryPoint\",\"urlTemplate\":\"https:\/\/rentalpanda.es\/en\/?s={search_term_string}\"},\"query-input\":{\"@type\":\"PropertyValueSpecification\",\"valueRequired\":true,\"valueName\":\"search_term_string\"}}],\"inLanguage\":\"es\"},{\"@type\":\"Organization\",\"@id\":\"https:\/\/rentalpanda.es\/en\/#organization\",\"name\":\"Rentalpanda.es\",\"url\":\"https:\/\/rentalpanda.es\/en\/\",\"logo\":{\"@type\":\"ImageObject\",\"inLanguage\":\"es\",\"@id\":\"https:\/\/rentalpanda.es\/en\/#\/schema\/logo\/image\/\",\"url\":\"https:\/\/rentalpanda.es\/wp-content\/uploads\/2017\/02\/rentalpanda-logo-webseite-end.png\",\"contentUrl\":\"https:\/\/rentalpanda.es\/wp-content\/uploads\/2017\/02\/rentalpanda-logo-webseite-end.png\",\"width\":260,\"height\":71,\"caption\":\"Rentalpanda.es\"},\"image\":{\"@id\":\"https:\/\/rentalpanda.es\/en\/#\/schema\/logo\/image\/\"},\"sameAs\":[\"https:\/\/www.facebook.com\/rentalpandamallorca\"]}]}<\/script>\n<!-- \/ Yoast SEO plugin. -->","yoast_head_json":{"title":"Alquiler Mallorca: Playa Set Familia | RentalPanda.es","description":"Alquila el Set Familiar de playa en Mallorca: tienda, tumbona, manta y sombrilla. Ideal para disfrutar c\u00f3modo y protegido en la playa. \u00a1Reserva ya!","robots":{"index":"index","follow":"follow","max-snippet":"max-snippet:-1","max-image-preview":"max-image-preview:large","max-video-preview":"max-video-preview:-1"},"canonical":"https:\/\/rentalpanda.es\/es\/producto\/playa-set-familia\/","og_locale":"es_ES","og_type":"article","og_title":"Strand-Set Mieten Mallorca: Beach Set Family | RentalPanda.es","og_description":"Der Strandsachen-Verleih auf Mallorca: das Strand Set Family besteht aus 1 Strandmuschel, 1 Liegematte, 1 Stranddecke + 1 Schirm.","og_url":"https:\/\/rentalpanda.es\/es\/producto\/playa-set-familia\/","og_site_name":"RentalPanda.es","article_publisher":"https:\/\/www.facebook.com\/rentalpandamallorca","article_modified_time":"2025-03-05T02:39:57+00:00","og_image":[{"width":427,"height":480,"url":"https:\/\/rentalpanda.es\/wp-content\/uploads\/2017\/02\/strand-set-family.png","type":"image\/png"}],"twitter_card":"summary_large_image","twitter_misc":{"Tiempo de lectura":"1 minuto"},"schema":{"@context":"https:\/\/schema.org","@graph":[{"@type":"WebPage","@id":"https:\/\/rentalpanda.es\/produkt\/strand-set-family\/","url":"https:\/\/rentalpanda.es\/produkt\/strand-set-family\/","name":"Alquiler Mallorca: Playa Set Familia | RentalPanda.es","isPartOf":{"@id":"https:\/\/rentalpanda.es\/en\/#website"},"primaryImageOfPage":{"@id":"https:\/\/rentalpanda.es\/produkt\/strand-set-family\/#primaryimage"},"image":{"@id":"https:\/\/rentalpanda.es\/produkt\/strand-set-family\/#primaryimage"},"thumbnailUrl":"https:\/\/rentalpanda.es\/wp-content\/uploads\/2017\/02\/strand-set-family.png","datePublished":"2017-02-26T11:51:08+00:00","dateModified":"2025-03-05T02:39:57+00:00","description":"Alquila el Set Familiar de playa en Mallorca: tienda, tumbona, manta y sombrilla. Ideal para disfrutar c\u00f3modo y protegido en la playa. \u00a1Reserva ya!","breadcrumb":{"@id":"https:\/\/rentalpanda.es\/produkt\/strand-set-family\/#breadcrumb"},"inLanguage":"es","potentialAction":[{"@type":"ReadAction","target":["https:\/\/rentalpanda.es\/produkt\/strand-set-family\/"]}]},{"@type":"ImageObject","inLanguage":"es","@id":"https:\/\/rentalpanda.es\/produkt\/strand-set-family\/#primaryimage","url":"https:\/\/rentalpanda.es\/wp-content\/uploads\/2017\/02\/strand-set-family.png","contentUrl":"https:\/\/rentalpanda.es\/wp-content\/uploads\/2017\/02\/strand-set-family.png","width":427,"height":480,"caption":"strand-set-family"},{"@type":"BreadcrumbList","@id":"https:\/\/rentalpanda.es\/produkt\/strand-set-family\/#breadcrumb","itemListElement":[{"@type":"ListItem","position":1,"name":"Startseite","item":"https:\/\/rentalpanda.es\/"},{"@type":"ListItem","position":2,"name":"Shop","item":"https:\/\/rentalpanda.es\/shop\/"},{"@type":"ListItem","position":3,"name":"Strand Set Family"}]},{"@type":"WebSite","@id":"https:\/\/rentalpanda.es\/en\/#website","url":"https:\/\/rentalpanda.es\/en\/","name":"RentalPanda.es","description":"Baby, Beach &amp; Holiday Gear for Rent","publisher":{"@id":"https:\/\/rentalpanda.es\/en\/#organization"},"potentialAction":[{"@type":"SearchAction","target":{"@type":"EntryPoint","urlTemplate":"https:\/\/rentalpanda.es\/en\/?s={search_term_string}"},"query-input":{"@type":"PropertyValueSpecification","valueRequired":true,"valueName":"search_term_string"}}],"inLanguage":"es"},{"@type":"Organization","@id":"https:\/\/rentalpanda.es\/en\/#organization","name":"Rentalpanda.es","url":"https:\/\/rentalpanda.es\/en\/","logo":{"@type":"ImageObject","inLanguage":"es","@id":"https:\/\/rentalpanda.es\/en\/#\/schema\/logo\/image\/","url":"https:\/\/rentalpanda.es\/wp-content\/uploads\/2017\/02\/rentalpanda-logo-webseite-end.png","contentUrl":"https:\/\/rentalpanda.es\/wp-content\/uploads\/2017\/02\/rentalpanda-logo-webseite-end.png","width":260,"height":71,"caption":"Rentalpanda.es"},"image":{"@id":"https:\/\/rentalpanda.es\/en\/#\/schema\/logo\/image\/"},"sameAs":["https:\/\/www.facebook.com\/rentalpandamallorca"]}]}},"_links":{"self":[{"href":"https:\/\/rentalpanda.es\/es\/wp-json\/wp\/v2\/product\/3195","targetHints":{"allow":["GET"]}}],"collection":[{"href":"https:\/\/rentalpanda.es\/es\/wp-json\/wp\/v2\/product"}],"about":[{"href":"https:\/\/rentalpanda.es\/es\/wp-json\/wp\/v2\/types\/product"}],"replies":[{"embeddable":true,"href":"https:\/\/rentalpanda.es\/es\/wp-json\/wp\/v2\/comments?post=3195"}],"wp:featuredmedia":[{"embeddable":true,"href":"https:\/\/rentalpanda.es\/es\/wp-json\/wp\/v2\/media\/14700"}],"wp:attachment":[{"href":"https:\/\/rentalpanda.es\/es\/wp-json\/wp\/v2\/media?parent=3195"}],"wp:term":[{"taxonomy":"product_brand","embeddable":true,"href":"https:\/\/rentalpanda.es\/es\/wp-json\/wp\/v2\/product_brand?post=3195"},{"taxonomy":"product_cat","embeddable":true,"href":"https:\/\/rentalpanda.es\/es\/wp-json\/wp\/v2\/product_cat?post=3195"},{"taxonomy":"product_tag","embeddable":true,"href":"https:\/\/rentalpanda.es\/es\/wp-json\/wp\/v2\/product_tag?post=3195"}],"curies":[{"name":"wp","href":"https:\/\/api.w.org\/{rel}","templated":true}]}}