{"id":22960,"date":"2026-02-04T07:34:04","date_gmt":"2026-02-04T07:34:04","guid":{"rendered":"https:\/\/rentalpanda.es\/?post_type=product&#038;p=22960"},"modified":"2026-02-04T08:51:33","modified_gmt":"2026-02-04T08:51:33","slug":"silla-de-ruedas-xxl-alquiler-mallorca","status":"publish","type":"product","link":"https:\/\/rentalpanda.es\/es\/produkt\/rollstuhl-xxl-mieten-mallorca\/","title":{"rendered":"Silla de Ruedas XXL Mallorca"},"content":{"rendered":"<h2 data-start=\"349\" data-end=\"426\"><strong data-start=\"352\" data-end=\"426\">Silla de Ruedas Extra Ancha XXL: C\u00f3moda, Plegable y Segura<\/strong><\/h2>\n<p data-start=\"428\" data-end=\"892\">Esta silla de ruedas plegable con asiento extra ancho est\u00e1 pensada para ofrecer mayor comodidad, estabilidad y libertad de movimiento. Con 56 cm de ancho \u00fatil, proporciona mucho m\u00e1s espacio que los modelos est\u00e1ndar, siendo ideal tanto para uso diario como para vacaciones. Su estructura de acero garantiza resistencia y seguridad en interiores y exteriores.<\/p>\n<hr data-start=\"894\" data-end=\"897\" \/>\n<h2 data-start=\"899\" data-end=\"971\">Silla de ruedas plegable de alta resistencia<\/h2>\n<p data-start=\"973\" data-end=\"1399\">Die hochfeste Stahlstruktur macht den Rollstuhl besonders belastbar und langlebig. Gleichzeitig l\u00e4sst er sich platzsparend zusammenklappen und leicht transportieren. Abklapp- und abnehmbare Arm- und Fu\u00dfst\u00fctzen erleichtern das Ein- und Aussteigen sowie den Transfer. Die gepolsterten Sitz- und R\u00fcckenfl\u00e4chen sorgen f\u00fcr zus\u00e4tzlichen Komfort, w\u00e4hrend die herausnehmbare Polsterung mit Klettverschluss die Reinigung einfach macht.<\/p>\n<p data-start=\"1401\" data-end=\"1644\">Las ruedas traseras neum\u00e1ticas de 60 cm aseguran un desplazamiento suave incluso en superficies irregulares. Incluye sistema de freno en ambas ruedas y sistema antivuelco trasero para m\u00e1xima seguridad.<\/p>\n<hr data-start=\"1646\" data-end=\"1649\" \/>\n<h3 data-start=\"1651\" data-end=\"1714\"><strong data-start=\"1654\" data-end=\"1714\">Ventajas de la silla de ruedas extra ancha<\/strong><\/h3>\n<p data-start=\"1716\" data-end=\"2204\">\u2022 Asiento extra ancho: 56 cm \u00fatiles<br data-start=\"1756\" data-end=\"1759\" \/>\u2022 Silla plegable y f\u00e1cil de transportar<br data-start=\"1824\" data-end=\"1827\" \/>\u2022 Estructura de acero resistente<br data-start=\"1874\" data-end=\"1877\" \/>\u2022 Reposabrazos y reposapi\u00e9s desmontables<br data-start=\"1927\" data-end=\"1930\" \/>\u2022 Asiento y respaldo acolchados<br data-start=\"1977\" data-end=\"1980\" \/>\u2022 Ruedas traseras neum\u00e1ticas de 60 cm<br data-start=\"2023\" data-end=\"2026\" \/>\u2022 Sistema de frenado doble<br data-start=\"2076\" data-end=\"2079\" \/>\u2022 Sistema antivuelco trasero<br data-start=\"2117\" data-end=\"2120\" \/>\u2022 Bolsillo trasero portadocumentos<br data-start=\"2167\" data-end=\"2170\" \/>\u2022 Soporta hasta 125 kg<\/p>\n<hr data-start=\"2206\" data-end=\"2209\" \/>\n<h3 data-start=\"2211\" data-end=\"2262\">Silla Ruedas Extra Ancha: Caracter\u00edsticas T\u00e9cnicas<\/h3>\n<p data-start=\"2264\" data-end=\"2614\">Altura total: 96 cm<br data-start=\"2285\" data-end=\"2288\" \/>Ancho total: 76 cm<br data-start=\"2311\" data-end=\"2314\" \/>Profundidad: 86\u2013124 cm<br data-start=\"2340\" data-end=\"2343\" \/>Asiento: 45 cm profundo \u00d7 56 cm ancho<br data-start=\"2398\" data-end=\"2401\" \/>Respaldo: 42 cm alto \u00d7 56 cm ancho<br data-start=\"2457\" data-end=\"2460\" \/>Plegada: 37 \u00d7 85 \u00d7 96 cm<br data-start=\"2516\" data-end=\"2519\" \/>Di\u00e1metro ruedas traseras: 60 cm<br data-start=\"2551\" data-end=\"2554\" \/>Peso: 23 kg<br data-start=\"2577\" data-end=\"2580\" \/>Peso m\u00e1ximo del usuario: 125 kg<\/p>\n<hr data-start=\"2690\" data-end=\"2693\" \/>\n<h4 data-start=\"2695\" data-end=\"2763\"><strong data-start=\"2698\" data-end=\"2763\">Por qu\u00e9 elegir esta silla de ruedas extra ancha en Mallorca<\/strong><\/h4>\n<p data-start=\"2765\" data-end=\"3112\">Ideal para viajes, rehabilitaci\u00f3n o uso diario, esta silla de ruedas ofrece comodidad superior, seguridad y facilidad de uso. Una soluci\u00f3n fiable para quienes necesitan m\u00e1s espacio sin renunciar a la movilidad.<\/p>","protected":false},"excerpt":{"rendered":"<p>Una <strong>Silla de Ruedas Plegable XXL<\/strong> con extra ancha que ofrece gran comodidad y movilidad segura. Estructura de acero resistente, ruedas traseras neum\u00e1ticas grandes y sistema de freno fiable, es ideal para paseos tranquilos en Mallorca.<\/p>\n<p>TENGA EN CUENTA: D\u00eda de llegada + d\u00eda de salida = 2 d\u00edas completos de alquiler (ni el 1er ni el \u00faltimo d\u00eda, los productos se pueden alquilar en otro lugar).<\/p>","protected":false},"featured_media":22961,"comment_status":"open","ping_status":"closed","template":"","meta":[],"product_brand":[],"product_cat":[90,148,502],"product_tag":[510,1006,1005,1268],"class_list":{"0":"post-22960","1":"product","2":"type-product","3":"status-publish","4":"has-post-thumbnail","6":"product_cat-mieten","7":"product_cat-mobilitaet","8":"product_cat-mobilitaet-alltagshilfen","9":"product_tag-rollstuhl","10":"product_tag-rollstuhl-mallorca","11":"product_tag-rollstuhl-mieten","12":"product_tag-rollstuhl-verleih-mallorca","14":"first","15":"instock","16":"taxable","17":"shipping-taxable","18":"purchasable","19":"product-type-simple"},"yoast_head":"<!-- This site is optimized with the Yoast SEO plugin v27.1.1 - https:\/\/yoast.com\/product\/yoast-seo-wordpress\/ -->\n<title>Rollstuhl XXL Mieten Mallorca | RentalPanda.es<\/title>\n<meta name=\"description\" content=\"XXL-Rollstuhl-Verleih: Auf Mallorca sicher &amp; super bequem an der Strandpromenade nutzen oder im Hotel. Extra breite Sitzfl\u00e4che &amp; faltbar!\" \/>\n<meta name=\"robots\" content=\"index, follow, max-snippet:-1, max-image-preview:large, max-video-preview:-1\" \/>\n<link rel=\"canonical\" href=\"https:\/\/rentalpanda.es\/es\/producto\/silla-de-ruedas-xxl-alquiler-mallorca\/\" \/>\n<meta property=\"og:locale\" content=\"es_ES\" \/>\n<meta property=\"og:type\" content=\"article\" \/>\n<meta property=\"og:title\" content=\"Rollstuhl XXL Mieten Mallorca | RentalPanda.es\" \/>\n<meta property=\"og:description\" content=\"XXL-Rollstuhl-Verleih: Auf Mallorca sicher &amp; super bequem an der Strandpromenade nutzen oder im Hotel. Extra breite Sitzfl\u00e4che &amp; faltbar!\" \/>\n<meta property=\"og:url\" content=\"https:\/\/rentalpanda.es\/es\/producto\/silla-de-ruedas-xxl-alquiler-mallorca\/\" \/>\n<meta property=\"og:site_name\" content=\"RentalPanda.es\" \/>\n<meta property=\"article:publisher\" content=\"https:\/\/www.facebook.com\/rentalpandamallorca\" \/>\n<meta property=\"article:modified_time\" content=\"2026-02-04T08:51:33+00:00\" \/>\n<meta property=\"og:image\" content=\"https:\/\/rentalpanda.es\/wp-content\/uploads\/2026\/02\/Rollstuhl-xxl_mieten_Mallorca.png\" \/>\n\t<meta property=\"og:image:width\" content=\"427\" \/>\n\t<meta property=\"og:image:height\" content=\"480\" \/>\n\t<meta property=\"og:image:type\" content=\"image\/png\" \/>\n<meta name=\"twitter:card\" content=\"summary_large_image\" \/>\n<meta name=\"twitter:label1\" content=\"Tiempo de lectura\" \/>\n\t<meta name=\"twitter:data1\" content=\"2 minutos\" \/>\n<script type=\"application\/ld+json\" class=\"yoast-schema-graph\">{\"@context\":\"https:\/\/schema.org\",\"@graph\":[{\"@type\":\"WebPage\",\"@id\":\"https:\/\/rentalpanda.es\/produkt\/rollstuhl-xxl-mieten-mallorca\/\",\"url\":\"https:\/\/rentalpanda.es\/produkt\/rollstuhl-xxl-mieten-mallorca\/\",\"name\":\"Rollstuhl XXL Mieten Mallorca | RentalPanda.es\",\"isPartOf\":{\"@id\":\"https:\/\/rentalpanda.es\/en\/#website\"},\"primaryImageOfPage\":{\"@id\":\"https:\/\/rentalpanda.es\/produkt\/rollstuhl-xxl-mieten-mallorca\/#primaryimage\"},\"image\":{\"@id\":\"https:\/\/rentalpanda.es\/produkt\/rollstuhl-xxl-mieten-mallorca\/#primaryimage\"},\"thumbnailUrl\":\"https:\/\/rentalpanda.es\/wp-content\/uploads\/2026\/02\/Rollstuhl-xxl_mieten_Mallorca.png\",\"datePublished\":\"2026-02-04T07:34:04+00:00\",\"dateModified\":\"2026-02-04T08:51:33+00:00\",\"description\":\"XXL-Rollstuhl-Verleih: Auf Mallorca sicher & super bequem an der Strandpromenade nutzen oder im Hotel. Extra breite Sitzfl\u00e4che & faltbar!\",\"breadcrumb\":{\"@id\":\"https:\/\/rentalpanda.es\/produkt\/rollstuhl-xxl-mieten-mallorca\/#breadcrumb\"},\"inLanguage\":\"es\",\"potentialAction\":[{\"@type\":\"ReadAction\",\"target\":[\"https:\/\/rentalpanda.es\/produkt\/rollstuhl-xxl-mieten-mallorca\/\"]}]},{\"@type\":\"ImageObject\",\"inLanguage\":\"es\",\"@id\":\"https:\/\/rentalpanda.es\/produkt\/rollstuhl-xxl-mieten-mallorca\/#primaryimage\",\"url\":\"https:\/\/rentalpanda.es\/wp-content\/uploads\/2026\/02\/Rollstuhl-xxl_mieten_Mallorca.png\",\"contentUrl\":\"https:\/\/rentalpanda.es\/wp-content\/uploads\/2026\/02\/Rollstuhl-xxl_mieten_Mallorca.png\",\"width\":427,\"height\":480,\"caption\":\"Rollstuhl-xxl_mieten_Mallorca\"},{\"@type\":\"BreadcrumbList\",\"@id\":\"https:\/\/rentalpanda.es\/produkt\/rollstuhl-xxl-mieten-mallorca\/#breadcrumb\",\"itemListElement\":[{\"@type\":\"ListItem\",\"position\":1,\"name\":\"Startseite\",\"item\":\"https:\/\/rentalpanda.es\/\"},{\"@type\":\"ListItem\",\"position\":2,\"name\":\"Shop\",\"item\":\"https:\/\/rentalpanda.es\/shop\/\"},{\"@type\":\"ListItem\",\"position\":3,\"name\":\"Rollstuhl XXL Mieten Mallorca\"}]},{\"@type\":\"WebSite\",\"@id\":\"https:\/\/rentalpanda.es\/en\/#website\",\"url\":\"https:\/\/rentalpanda.es\/en\/\",\"name\":\"RentalPanda.es\",\"description\":\"Baby, Beach &amp; Holiday Gear for Rent\",\"publisher\":{\"@id\":\"https:\/\/rentalpanda.es\/en\/#organization\"},\"potentialAction\":[{\"@type\":\"SearchAction\",\"target\":{\"@type\":\"EntryPoint\",\"urlTemplate\":\"https:\/\/rentalpanda.es\/en\/?s={search_term_string}\"},\"query-input\":{\"@type\":\"PropertyValueSpecification\",\"valueRequired\":true,\"valueName\":\"search_term_string\"}}],\"inLanguage\":\"es\"},{\"@type\":\"Organization\",\"@id\":\"https:\/\/rentalpanda.es\/en\/#organization\",\"name\":\"Rentalpanda.es\",\"url\":\"https:\/\/rentalpanda.es\/en\/\",\"logo\":{\"@type\":\"ImageObject\",\"inLanguage\":\"es\",\"@id\":\"https:\/\/rentalpanda.es\/en\/#\/schema\/logo\/image\/\",\"url\":\"https:\/\/rentalpanda.es\/wp-content\/uploads\/2017\/02\/rentalpanda-logo-webseite-end.png\",\"contentUrl\":\"https:\/\/rentalpanda.es\/wp-content\/uploads\/2017\/02\/rentalpanda-logo-webseite-end.png\",\"width\":260,\"height\":71,\"caption\":\"Rentalpanda.es\"},\"image\":{\"@id\":\"https:\/\/rentalpanda.es\/en\/#\/schema\/logo\/image\/\"},\"sameAs\":[\"https:\/\/www.facebook.com\/rentalpandamallorca\"]}]}<\/script>\n<!-- \/ Yoast SEO plugin. -->","yoast_head_json":{"title":"Silla de Ruedas XXL Mallorca - Alquiler |  RentalPanda.es","description":"Alquiler de Silla de Ruedas XXL en Mallorca: segura y muy c\u00f3moda para usar en el paseo mar\u00edtimo o en el hotel. Asiento extra ancho y plegable!","robots":{"index":"index","follow":"follow","max-snippet":"max-snippet:-1","max-image-preview":"max-image-preview:large","max-video-preview":"max-video-preview:-1"},"canonical":"https:\/\/rentalpanda.es\/es\/producto\/silla-de-ruedas-xxl-alquiler-mallorca\/","og_locale":"es_ES","og_type":"article","og_title":"Rollstuhl XXL Mieten Mallorca | RentalPanda.es","og_description":"XXL-Rollstuhl-Verleih: Auf Mallorca sicher & super bequem an der Strandpromenade nutzen oder im Hotel. Extra breite Sitzfl\u00e4che & faltbar!","og_url":"https:\/\/rentalpanda.es\/es\/producto\/silla-de-ruedas-xxl-alquiler-mallorca\/","og_site_name":"RentalPanda.es","article_publisher":"https:\/\/www.facebook.com\/rentalpandamallorca","article_modified_time":"2026-02-04T08:51:33+00:00","og_image":[{"width":427,"height":480,"url":"https:\/\/rentalpanda.es\/wp-content\/uploads\/2026\/02\/Rollstuhl-xxl_mieten_Mallorca.png","type":"image\/png"}],"twitter_card":"summary_large_image","twitter_misc":{"Tiempo de lectura":"2 minutos"},"schema":{"@context":"https:\/\/schema.org","@graph":[{"@type":"WebPage","@id":"https:\/\/rentalpanda.es\/produkt\/rollstuhl-xxl-mieten-mallorca\/","url":"https:\/\/rentalpanda.es\/produkt\/rollstuhl-xxl-mieten-mallorca\/","name":"Silla de Ruedas XXL Mallorca - Alquiler |  RentalPanda.es","isPartOf":{"@id":"https:\/\/rentalpanda.es\/en\/#website"},"primaryImageOfPage":{"@id":"https:\/\/rentalpanda.es\/produkt\/rollstuhl-xxl-mieten-mallorca\/#primaryimage"},"image":{"@id":"https:\/\/rentalpanda.es\/produkt\/rollstuhl-xxl-mieten-mallorca\/#primaryimage"},"thumbnailUrl":"https:\/\/rentalpanda.es\/wp-content\/uploads\/2026\/02\/Rollstuhl-xxl_mieten_Mallorca.png","datePublished":"2026-02-04T07:34:04+00:00","dateModified":"2026-02-04T08:51:33+00:00","description":"Alquiler de Silla de Ruedas XXL en Mallorca: segura y muy c\u00f3moda para usar en el paseo mar\u00edtimo o en el hotel. Asiento extra ancho y plegable!","breadcrumb":{"@id":"https:\/\/rentalpanda.es\/produkt\/rollstuhl-xxl-mieten-mallorca\/#breadcrumb"},"inLanguage":"es","potentialAction":[{"@type":"ReadAction","target":["https:\/\/rentalpanda.es\/produkt\/rollstuhl-xxl-mieten-mallorca\/"]}]},{"@type":"ImageObject","inLanguage":"es","@id":"https:\/\/rentalpanda.es\/produkt\/rollstuhl-xxl-mieten-mallorca\/#primaryimage","url":"https:\/\/rentalpanda.es\/wp-content\/uploads\/2026\/02\/Rollstuhl-xxl_mieten_Mallorca.png","contentUrl":"https:\/\/rentalpanda.es\/wp-content\/uploads\/2026\/02\/Rollstuhl-xxl_mieten_Mallorca.png","width":427,"height":480,"caption":"Rollstuhl-xxl_mieten_Mallorca"},{"@type":"BreadcrumbList","@id":"https:\/\/rentalpanda.es\/produkt\/rollstuhl-xxl-mieten-mallorca\/#breadcrumb","itemListElement":[{"@type":"ListItem","position":1,"name":"Startseite","item":"https:\/\/rentalpanda.es\/"},{"@type":"ListItem","position":2,"name":"Shop","item":"https:\/\/rentalpanda.es\/shop\/"},{"@type":"ListItem","position":3,"name":"Rollstuhl XXL Mieten Mallorca"}]},{"@type":"WebSite","@id":"https:\/\/rentalpanda.es\/en\/#website","url":"https:\/\/rentalpanda.es\/en\/","name":"RentalPanda.es","description":"Baby, Beach &amp; Holiday Gear for Rent","publisher":{"@id":"https:\/\/rentalpanda.es\/en\/#organization"},"potentialAction":[{"@type":"SearchAction","target":{"@type":"EntryPoint","urlTemplate":"https:\/\/rentalpanda.es\/en\/?s={search_term_string}"},"query-input":{"@type":"PropertyValueSpecification","valueRequired":true,"valueName":"search_term_string"}}],"inLanguage":"es"},{"@type":"Organization","@id":"https:\/\/rentalpanda.es\/en\/#organization","name":"Rentalpanda.es","url":"https:\/\/rentalpanda.es\/en\/","logo":{"@type":"ImageObject","inLanguage":"es","@id":"https:\/\/rentalpanda.es\/en\/#\/schema\/logo\/image\/","url":"https:\/\/rentalpanda.es\/wp-content\/uploads\/2017\/02\/rentalpanda-logo-webseite-end.png","contentUrl":"https:\/\/rentalpanda.es\/wp-content\/uploads\/2017\/02\/rentalpanda-logo-webseite-end.png","width":260,"height":71,"caption":"Rentalpanda.es"},"image":{"@id":"https:\/\/rentalpanda.es\/en\/#\/schema\/logo\/image\/"},"sameAs":["https:\/\/www.facebook.com\/rentalpandamallorca"]}]}},"_links":{"self":[{"href":"https:\/\/rentalpanda.es\/es\/wp-json\/wp\/v2\/product\/22960","targetHints":{"allow":["GET"]}}],"collection":[{"href":"https:\/\/rentalpanda.es\/es\/wp-json\/wp\/v2\/product"}],"about":[{"href":"https:\/\/rentalpanda.es\/es\/wp-json\/wp\/v2\/types\/product"}],"replies":[{"embeddable":true,"href":"https:\/\/rentalpanda.es\/es\/wp-json\/wp\/v2\/comments?post=22960"}],"wp:featuredmedia":[{"embeddable":true,"href":"https:\/\/rentalpanda.es\/es\/wp-json\/wp\/v2\/media\/22961"}],"wp:attachment":[{"href":"https:\/\/rentalpanda.es\/es\/wp-json\/wp\/v2\/media?parent=22960"}],"wp:term":[{"taxonomy":"product_brand","embeddable":true,"href":"https:\/\/rentalpanda.es\/es\/wp-json\/wp\/v2\/product_brand?post=22960"},{"taxonomy":"product_cat","embeddable":true,"href":"https:\/\/rentalpanda.es\/es\/wp-json\/wp\/v2\/product_cat?post=22960"},{"taxonomy":"product_tag","embeddable":true,"href":"https:\/\/rentalpanda.es\/es\/wp-json\/wp\/v2\/product_tag?post=22960"}],"curies":[{"name":"wp","href":"https:\/\/api.w.org\/{rel}","templated":true}]}}