{"id":22677,"date":"2025-12-21T01:52:20","date_gmt":"2025-12-21T01:52:20","guid":{"rendered":"https:\/\/rentalpanda.es\/?post_type=product&#038;p=22677"},"modified":"2026-03-20T06:28:51","modified_gmt":"2026-03-20T05:28:51","slug":"alquiler-triciclo-infantil-mallorca","status":"publish","type":"product","link":"https:\/\/rentalpanda.es\/es\/produkt\/dreirad-kinder-mieten-mallorca\/","title":{"rendered":"Triciclo Infantil Alquiler Mallorca"},"content":{"rendered":"<h2 data-start=\"1181\" data-end=\"1241\"><strong>Alquiler de triciclo infantil en Mallorca: Flexible e ideal para tus vacaciones<\/strong><\/h2>\n<p data-start=\"1243\" data-end=\"1529\">Este triciclo infantil ofrece infinidad de opciones de configuraci\u00f3n y se adapta en todo momento a las necesidades de tu hijo. Desde los 9 meses puede usarse como un c\u00f3modo triciclo con empujador. M\u00e1s adelante, se convierte en su primer triciclo con pedales \u2013 perfecto para aprender a pedalear y girar de forma divertida. Gracias a los dos manillares (el del ni\u00f1o y la barra empujadora para padres), puedes intervenir cuando quieras y guiar con total seguridad. Con o sin movimiento en los pedales: este triciclo hace que cada paseo en tus vacaciones por Mallorca sea una gozada.<\/p>\n<h2 data-start=\"1181\" data-end=\"1241\">Triciclo para Ni\u00f1os con confort y seguridad: Disfruta tranquilo en Mallorca<\/h2>\n<p data-start=\"1980\" data-end=\"2221\">El triciclo destaca por sus empu\u00f1aduras antideslizantes, pensadas especialmente para manitas peque\u00f1as. Un bot\u00f3n de timbre integrado a\u00f1ade diversi\u00f3n extra al paseo. La funci\u00f3n de rueda libre permite que tu hijo pedalee sin que avance el triciclo \u2013 ideal cuando t\u00fa empujas y \u00e9l quiere \"participar\". Para mayor comodidad, cuenta con un reposapi\u00e9s plegable que se abre o cierra f\u00e1cilmente, incluso en marcha. Si el ni\u00f1o se cansa, puede apoyar los pies c\u00f3modamente.<br \/>\nLa barra empujadora para padres es regulable en altura sin necesidad de herramientas. Una gran capota ajustable y desmontable protege de forma fiable del sol, el viento o una llovizna ligera \u2013 perfecta para el tiempo variable de Mallorca.<\/p>\n<h3 data-start=\"2806\" data-end=\"2862\"><strong>Ventajas del alquiler de triciclo infantil en Mallorca:<\/strong><\/h3>\n<p data-start=\"2864\" data-end=\"3307\">\u2022 Apto para ni\u00f1os de 9 meses hasta aproximadamente 5 a\u00f1os<br data-start=\"2799\" data-end=\"2802\" \/>\u2022 Crece con el ni\u00f1o: de triciclo con empujador a primer triciclo con pedales<br data-start=\"2864\" data-end=\"2867\" \/>\u2022 Pedalear con o sin tracci\u00f3n gracias a la rueda libre<br data-start=\"2928\" data-end=\"2931\" \/>\u2022 Ruedas grandes antipinchazos para un rodaje suave<br data-start=\"2982\" data-end=\"2985\" \/>\u2022 Empu\u00f1aduras antideslizantes y timbre para diversi\u00f3n segura<br data-start=\"3037\" data-end=\"3040\" \/>\u2022 Reposapi\u00e9s plegable para los m\u00e1s peque\u00f1os<br data-start=\"3081\" data-end=\"3084\" \/>\u2022 Barra empujadora regulable en altura<br data-start=\"3138\" data-end=\"3141\" \/>\u2022 Capota ajustable y desmontable contra sol y viento<br data-start=\"3191\" data-end=\"3194\" \/>\u2022 Incluye accesorios pr\u00e1cticos (bolsa, cesta, portabebidas)<\/p>\n<h3 data-start=\"3314\" data-end=\"3360\">Alquiler triciclo infantil Mallorca: Detalles t\u00e9cnicos<\/h3>\n<p data-start=\"3362\" data-end=\"3461\">Edad del ni\u00f1o: 9 meses \u2013 5 a\u00f1os<br data-start=\"3369\" data-end=\"3372\" \/>Peso del producto: 8,44 kg<br data-start=\"3441\" data-end=\"3444\" \/>Altura barra empujadora: 103,5 cm \/ 108,5 cm<br \/>\nIncluido: Bolsa, cesta grande, timbre, portabebidas<\/p>\n<p data-start=\"3491\" data-end=\"3549\">Dimensiones totales: 92 \u00d7 50 \u00d7 115 cm<br \/>\nRueda delantera: 24,5 cm \/ Ruedas traseras: 20 cm<br \/>\nManillar: 40 \u00d7 57 cm<br data-start=\"3591\" data-end=\"3594\" \/>Asiento: 17 \u00d7 27 cm<br data-start=\"3612\" data-end=\"3615\" \/>Respaldo: 31 \u00d7 30 cm<br data-start=\"3640\" data-end=\"3643\" \/>Reposapi\u00e9s: 10 \u00d7 5 cm<\/p>\n<hr data-start=\"3539\" data-end=\"3542\" \/>\n<h2 data-start=\"3544\" data-end=\"3602\">Por qu\u00e9 este triciclo es perfecto para tus vacaciones en Mallorca<\/h2>\n<p data-start=\"3807\" data-end=\"4088\">Ya sea un paseo relajado por el paseo mar\u00edtimo, una excursi\u00f3n por el pueblo o los primeros intentos de conducci\u00f3n en caminos seguros \u2013 este triciclo ofrece justo lo que las familias necesitan en vacaciones: seguridad que genera confianza, confort que encanta a los ni\u00f1os y flexibilidad que los padres valoran.<\/p>\n<p data-start=\"4090\" data-end=\"4221\">Un triciclo que crece con tu hijo, que anticipa sus necesidades y que hace que las vacaciones en Mallorca sean a\u00fan m\u00e1s relajadas y divertidas para peque\u00f1os y grandes aventureros. \u2600\ufe0f\ud83d\udeb2<\/p>","protected":false},"excerpt":{"rendered":"<p data-start=\"310\" data-end=\"681\">Vers\u00e1til, seguro e ideal para las vacaciones: El <strong data-start=\"359\" data-end=\"401\">Triciclo Infantil de Alquiler en Mallorca<\/strong> es el compa\u00f1ero perfecto para peque\u00f1os exploradores de 9 meses hasta aproximadamente 5 a\u00f1os. Gracias a sus numerosas opciones de ajuste y transformaci\u00f3n, el triciclo crece con tu hijo: desde un c\u00f3modo triciclo con empujador para los m\u00e1s peque\u00f1os hasta el primer triciclo con pedales para los mayores. Ruedas grandes antipinchazos, accesorios pr\u00e1cticos y un equipamiento de seguridad bien pensado lo convierten en la opci\u00f3n ideal para paseos, caminatas por el paseo mar\u00edtimo y d\u00edas relajados de vacaciones en Mallorca.<\/p>\n<p data-start=\"876\" data-end=\"1024\">TEN EN CUENTA: D\u00eda de llegada + d\u00eda de salida = 2 d\u00edas completos de alquiler (los productos no pueden alquilarse a otras personas ni el primer ni el \u00faltimo d\u00eda).<\/p>","protected":false},"featured_media":22678,"comment_status":"open","ping_status":"closed","template":"","meta":[],"product_brand":[],"product_cat":[87,568,90,97],"product_tag":[1227,1222,1224,1228,1226,1223,1225],"class_list":{"0":"post-22677","1":"product","2":"type-product","3":"status-publish","4":"has-post-thumbnail","6":"product_cat-baby-kind","7":"product_cat-kinderwagen","8":"product_cat-mieten","9":"product_cat-spielen","10":"product_tag-baby-dreirad-urlaub-mallorca","11":"product_tag-dreirad-kinder-mieten-mallorca","12":"product_tag-dreirad-mieten-mallorca","13":"product_tag-dreirad-mieten-palma","14":"product_tag-dreirad-mit-schiebestange-mallorca","15":"product_tag-kinder-dreirad-verleih-mallorca","16":"product_tag-kinderfahrzeug-mieten-mallorca","18":"first","19":"instock","20":"taxable","21":"shipping-taxable","22":"purchasable","23":"product-type-simple"},"yoast_head":"<!-- This site is optimized with the Yoast SEO plugin v27.1.1 - https:\/\/yoast.com\/product\/yoast-seo-wordpress\/ -->\n<title>Kinder-Dreirad Mieten f\u00fcr den Mallorca-Urlaub | RentalPanda.es<\/title>\n<meta name=\"description\" content=\"Dreirad f\u00fcr Kinder auf Mallorca (9 Monate bis 5 Jahre). Mit Schiebestange, Sonnenschutz &amp; Zubeh\u00f6r. Ideal f\u00fcr Familienausfl\u00fcge an Promenade &amp; Strand.\" \/>\n<meta name=\"robots\" content=\"index, follow, max-snippet:-1, max-image-preview:large, max-video-preview:-1\" \/>\n<link rel=\"canonical\" href=\"https:\/\/rentalpanda.es\/es\/producto\/alquiler-triciclo-infantil-mallorca\/\" \/>\n<meta property=\"og:locale\" content=\"es_ES\" \/>\n<meta property=\"og:type\" content=\"article\" \/>\n<meta property=\"og:title\" content=\"Kinder-Dreirad Mieten f\u00fcr den Mallorca-Urlaub | RentalPanda.es\" \/>\n<meta property=\"og:description\" content=\"Dreirad f\u00fcr Kinder auf Mallorca (9 Monate bis 5 Jahre). Mit Schiebestange, Sonnenschutz &amp; Zubeh\u00f6r. Ideal f\u00fcr Familienausfl\u00fcge an Promenade &amp; Strand.\" \/>\n<meta property=\"og:url\" content=\"https:\/\/rentalpanda.es\/es\/producto\/alquiler-triciclo-infantil-mallorca\/\" \/>\n<meta property=\"og:site_name\" content=\"RentalPanda.es\" \/>\n<meta property=\"article:publisher\" content=\"https:\/\/www.facebook.com\/rentalpandamallorca\" \/>\n<meta property=\"article:modified_time\" content=\"2026-03-20T05:28:51+00:00\" \/>\n<meta property=\"og:image\" content=\"https:\/\/rentalpanda.es\/wp-content\/uploads\/2025\/12\/dreirad-kinder-mieten-mallorca.jpg\" \/>\n\t<meta property=\"og:image:width\" content=\"427\" \/>\n\t<meta property=\"og:image:height\" content=\"480\" \/>\n\t<meta property=\"og:image:type\" content=\"image\/jpeg\" \/>\n<meta name=\"twitter:card\" content=\"summary_large_image\" \/>\n<meta name=\"twitter:label1\" content=\"Tiempo de lectura\" \/>\n\t<meta name=\"twitter:data1\" content=\"2 minutos\" \/>\n<script type=\"application\/ld+json\" class=\"yoast-schema-graph\">{\"@context\":\"https:\/\/schema.org\",\"@graph\":[{\"@type\":\"WebPage\",\"@id\":\"https:\/\/rentalpanda.es\/produkt\/dreirad-kinder-mieten-mallorca\/\",\"url\":\"https:\/\/rentalpanda.es\/produkt\/dreirad-kinder-mieten-mallorca\/\",\"name\":\"Kinder-Dreirad Mieten f\u00fcr den Mallorca-Urlaub | RentalPanda.es\",\"isPartOf\":{\"@id\":\"https:\/\/rentalpanda.es\/en\/#website\"},\"primaryImageOfPage\":{\"@id\":\"https:\/\/rentalpanda.es\/produkt\/dreirad-kinder-mieten-mallorca\/#primaryimage\"},\"image\":{\"@id\":\"https:\/\/rentalpanda.es\/produkt\/dreirad-kinder-mieten-mallorca\/#primaryimage\"},\"thumbnailUrl\":\"https:\/\/rentalpanda.es\/wp-content\/uploads\/2025\/12\/dreirad-kinder-mieten-mallorca.jpg\",\"datePublished\":\"2025-12-21T01:52:20+00:00\",\"dateModified\":\"2026-03-20T05:28:51+00:00\",\"description\":\"Dreirad f\u00fcr Kinder auf Mallorca (9 Monate bis 5 Jahre). Mit Schiebestange, Sonnenschutz & Zubeh\u00f6r. Ideal f\u00fcr Familienausfl\u00fcge an Promenade & Strand.\",\"breadcrumb\":{\"@id\":\"https:\/\/rentalpanda.es\/produkt\/dreirad-kinder-mieten-mallorca\/#breadcrumb\"},\"inLanguage\":\"es\",\"potentialAction\":[{\"@type\":\"ReadAction\",\"target\":[\"https:\/\/rentalpanda.es\/produkt\/dreirad-kinder-mieten-mallorca\/\"]}]},{\"@type\":\"ImageObject\",\"inLanguage\":\"es\",\"@id\":\"https:\/\/rentalpanda.es\/produkt\/dreirad-kinder-mieten-mallorca\/#primaryimage\",\"url\":\"https:\/\/rentalpanda.es\/wp-content\/uploads\/2025\/12\/dreirad-kinder-mieten-mallorca.jpg\",\"contentUrl\":\"https:\/\/rentalpanda.es\/wp-content\/uploads\/2025\/12\/dreirad-kinder-mieten-mallorca.jpg\",\"width\":427,\"height\":480,\"caption\":\"dreirad-kinder-mieten-mallorca\"},{\"@type\":\"BreadcrumbList\",\"@id\":\"https:\/\/rentalpanda.es\/produkt\/dreirad-kinder-mieten-mallorca\/#breadcrumb\",\"itemListElement\":[{\"@type\":\"ListItem\",\"position\":1,\"name\":\"Startseite\",\"item\":\"https:\/\/rentalpanda.es\/\"},{\"@type\":\"ListItem\",\"position\":2,\"name\":\"Shop\",\"item\":\"https:\/\/rentalpanda.es\/shop\/\"},{\"@type\":\"ListItem\",\"position\":3,\"name\":\"Dreirad Kinder Mieten Mallorca\"}]},{\"@type\":\"WebSite\",\"@id\":\"https:\/\/rentalpanda.es\/en\/#website\",\"url\":\"https:\/\/rentalpanda.es\/en\/\",\"name\":\"RentalPanda.es\",\"description\":\"Baby, Beach &amp; Holiday Gear for Rent\",\"publisher\":{\"@id\":\"https:\/\/rentalpanda.es\/en\/#organization\"},\"potentialAction\":[{\"@type\":\"SearchAction\",\"target\":{\"@type\":\"EntryPoint\",\"urlTemplate\":\"https:\/\/rentalpanda.es\/en\/?s={search_term_string}\"},\"query-input\":{\"@type\":\"PropertyValueSpecification\",\"valueRequired\":true,\"valueName\":\"search_term_string\"}}],\"inLanguage\":\"es\"},{\"@type\":\"Organization\",\"@id\":\"https:\/\/rentalpanda.es\/en\/#organization\",\"name\":\"Rentalpanda.es\",\"url\":\"https:\/\/rentalpanda.es\/en\/\",\"logo\":{\"@type\":\"ImageObject\",\"inLanguage\":\"es\",\"@id\":\"https:\/\/rentalpanda.es\/en\/#\/schema\/logo\/image\/\",\"url\":\"https:\/\/rentalpanda.es\/wp-content\/uploads\/2017\/02\/rentalpanda-logo-webseite-end.png\",\"contentUrl\":\"https:\/\/rentalpanda.es\/wp-content\/uploads\/2017\/02\/rentalpanda-logo-webseite-end.png\",\"width\":260,\"height\":71,\"caption\":\"Rentalpanda.es\"},\"image\":{\"@id\":\"https:\/\/rentalpanda.es\/en\/#\/schema\/logo\/image\/\"},\"sameAs\":[\"https:\/\/www.facebook.com\/rentalpandamallorca\"]}]}<\/script>\n<!-- \/ Yoast SEO plugin. -->","yoast_head_json":{"title":"Alquiler Triciclo Infantil Mallorca Vacaciones | RentalPanda.es","description":"Triciclo infantil en Mallorca (de 9 meses a 5 a\u00f1os). Con barra empujadora, capota solar y accesorios. Ideal para paseos familiares por el paseo mar\u00edtimo y la playa.","robots":{"index":"index","follow":"follow","max-snippet":"max-snippet:-1","max-image-preview":"max-image-preview:large","max-video-preview":"max-video-preview:-1"},"canonical":"https:\/\/rentalpanda.es\/es\/producto\/alquiler-triciclo-infantil-mallorca\/","og_locale":"es_ES","og_type":"article","og_title":"Kinder-Dreirad Mieten f\u00fcr den Mallorca-Urlaub | RentalPanda.es","og_description":"Dreirad f\u00fcr Kinder auf Mallorca (9 Monate bis 5 Jahre). Mit Schiebestange, Sonnenschutz & Zubeh\u00f6r. Ideal f\u00fcr Familienausfl\u00fcge an Promenade & Strand.","og_url":"https:\/\/rentalpanda.es\/es\/producto\/alquiler-triciclo-infantil-mallorca\/","og_site_name":"RentalPanda.es","article_publisher":"https:\/\/www.facebook.com\/rentalpandamallorca","article_modified_time":"2026-03-20T05:28:51+00:00","og_image":[{"width":427,"height":480,"url":"https:\/\/rentalpanda.es\/wp-content\/uploads\/2025\/12\/dreirad-kinder-mieten-mallorca.jpg","type":"image\/jpeg"}],"twitter_card":"summary_large_image","twitter_misc":{"Tiempo de lectura":"2 minutos"},"schema":{"@context":"https:\/\/schema.org","@graph":[{"@type":"WebPage","@id":"https:\/\/rentalpanda.es\/produkt\/dreirad-kinder-mieten-mallorca\/","url":"https:\/\/rentalpanda.es\/produkt\/dreirad-kinder-mieten-mallorca\/","name":"Alquiler Triciclo Infantil Mallorca Vacaciones | RentalPanda.es","isPartOf":{"@id":"https:\/\/rentalpanda.es\/en\/#website"},"primaryImageOfPage":{"@id":"https:\/\/rentalpanda.es\/produkt\/dreirad-kinder-mieten-mallorca\/#primaryimage"},"image":{"@id":"https:\/\/rentalpanda.es\/produkt\/dreirad-kinder-mieten-mallorca\/#primaryimage"},"thumbnailUrl":"https:\/\/rentalpanda.es\/wp-content\/uploads\/2025\/12\/dreirad-kinder-mieten-mallorca.jpg","datePublished":"2025-12-21T01:52:20+00:00","dateModified":"2026-03-20T05:28:51+00:00","description":"Triciclo infantil en Mallorca (de 9 meses a 5 a\u00f1os). Con barra empujadora, capota solar y accesorios. Ideal para paseos familiares por el paseo mar\u00edtimo y la playa.","breadcrumb":{"@id":"https:\/\/rentalpanda.es\/produkt\/dreirad-kinder-mieten-mallorca\/#breadcrumb"},"inLanguage":"es","potentialAction":[{"@type":"ReadAction","target":["https:\/\/rentalpanda.es\/produkt\/dreirad-kinder-mieten-mallorca\/"]}]},{"@type":"ImageObject","inLanguage":"es","@id":"https:\/\/rentalpanda.es\/produkt\/dreirad-kinder-mieten-mallorca\/#primaryimage","url":"https:\/\/rentalpanda.es\/wp-content\/uploads\/2025\/12\/dreirad-kinder-mieten-mallorca.jpg","contentUrl":"https:\/\/rentalpanda.es\/wp-content\/uploads\/2025\/12\/dreirad-kinder-mieten-mallorca.jpg","width":427,"height":480,"caption":"dreirad-kinder-mieten-mallorca"},{"@type":"BreadcrumbList","@id":"https:\/\/rentalpanda.es\/produkt\/dreirad-kinder-mieten-mallorca\/#breadcrumb","itemListElement":[{"@type":"ListItem","position":1,"name":"Startseite","item":"https:\/\/rentalpanda.es\/"},{"@type":"ListItem","position":2,"name":"Shop","item":"https:\/\/rentalpanda.es\/shop\/"},{"@type":"ListItem","position":3,"name":"Dreirad Kinder Mieten Mallorca"}]},{"@type":"WebSite","@id":"https:\/\/rentalpanda.es\/en\/#website","url":"https:\/\/rentalpanda.es\/en\/","name":"RentalPanda.es","description":"Baby, Beach &amp; Holiday Gear for Rent","publisher":{"@id":"https:\/\/rentalpanda.es\/en\/#organization"},"potentialAction":[{"@type":"SearchAction","target":{"@type":"EntryPoint","urlTemplate":"https:\/\/rentalpanda.es\/en\/?s={search_term_string}"},"query-input":{"@type":"PropertyValueSpecification","valueRequired":true,"valueName":"search_term_string"}}],"inLanguage":"es"},{"@type":"Organization","@id":"https:\/\/rentalpanda.es\/en\/#organization","name":"Rentalpanda.es","url":"https:\/\/rentalpanda.es\/en\/","logo":{"@type":"ImageObject","inLanguage":"es","@id":"https:\/\/rentalpanda.es\/en\/#\/schema\/logo\/image\/","url":"https:\/\/rentalpanda.es\/wp-content\/uploads\/2017\/02\/rentalpanda-logo-webseite-end.png","contentUrl":"https:\/\/rentalpanda.es\/wp-content\/uploads\/2017\/02\/rentalpanda-logo-webseite-end.png","width":260,"height":71,"caption":"Rentalpanda.es"},"image":{"@id":"https:\/\/rentalpanda.es\/en\/#\/schema\/logo\/image\/"},"sameAs":["https:\/\/www.facebook.com\/rentalpandamallorca"]}]}},"_links":{"self":[{"href":"https:\/\/rentalpanda.es\/es\/wp-json\/wp\/v2\/product\/22677","targetHints":{"allow":["GET"]}}],"collection":[{"href":"https:\/\/rentalpanda.es\/es\/wp-json\/wp\/v2\/product"}],"about":[{"href":"https:\/\/rentalpanda.es\/es\/wp-json\/wp\/v2\/types\/product"}],"replies":[{"embeddable":true,"href":"https:\/\/rentalpanda.es\/es\/wp-json\/wp\/v2\/comments?post=22677"}],"wp:featuredmedia":[{"embeddable":true,"href":"https:\/\/rentalpanda.es\/es\/wp-json\/wp\/v2\/media\/22678"}],"wp:attachment":[{"href":"https:\/\/rentalpanda.es\/es\/wp-json\/wp\/v2\/media?parent=22677"}],"wp:term":[{"taxonomy":"product_brand","embeddable":true,"href":"https:\/\/rentalpanda.es\/es\/wp-json\/wp\/v2\/product_brand?post=22677"},{"taxonomy":"product_cat","embeddable":true,"href":"https:\/\/rentalpanda.es\/es\/wp-json\/wp\/v2\/product_cat?post=22677"},{"taxonomy":"product_tag","embeddable":true,"href":"https:\/\/rentalpanda.es\/es\/wp-json\/wp\/v2\/product_tag?post=22677"}],"curies":[{"name":"wp","href":"https:\/\/api.w.org\/{rel}","templated":true}]}}