{"id":2142,"date":"2017-02-14T09:55:05","date_gmt":"2017-02-14T09:55:05","guid":{"rendered":"http:\/\/rentalpanda.es\/produkt\/kuehlboxen-16-24-oder-40-liter-ohne-strom\/"},"modified":"2026-01-29T03:16:44","modified_gmt":"2026-01-29T03:16:44","slug":"nevera-portatil","status":"publish","type":"product","link":"https:\/\/rentalpanda.es\/es\/produkt\/kuehlboxen-16-24-oder-40-liter-ohne-strom\/","title":{"rendered":"Nevera Port\u00e1til 24 Litros (sin electricidad)"},"content":{"rendered":"<h2><strong>Alquila tu Nevera Port\u00e1til en Mallorca<\/strong><\/h2>\n<p>\u00a1Ya est\u00e9s en la playa en Mallorca, o planeando un viaje prolongado por la isla con un coche de alquiler, en alg\u00fan momento querr\u00e1s algo fr\u00edo para comer o beber! Con RentalPanda.es ahora puedes alquilar una pr\u00e1ctica nevera port\u00e1til, con cerradura y m\u00f3vil, para toda tu estancia aqu\u00ed. Te proporcionaremos los bloques de hielo (t\u00fa tendr\u00e1s que congelarlos).<\/p>\n<h2>Nevera portatil en Mallorca<\/h2>\n<p>Puedes llevar la nevera a cualquier sitio gracias a su asa ergon\u00f3mica y s\u00faper c\u00f3moda. Tiene capacidad para 24 litros, ideal para familias peque\u00f1as. \u00a1Refr\u00e9scate donde vayas y ten siempre algo fresquito a mano!<\/p>\n<h3>Beneficios del Alquiler de Neveras Port\u00e1tiles:<\/h3>\n<ul>\n<li>Bebidas fr\u00edas dondequiera que est\u00e9s<\/li>\n<li>F\u00e1cil de llevar<\/li>\n<li>Bloques de refrigeraci\u00f3n incluidos<\/li>\n<li>Con asas de transporte<\/li>\n<li>Aislamiento de la m\u00e1s alta calidad<\/li>\n<\/ul>\n<h3><strong>Nevera Port\u00e1til: Detalles T\u00e9cnicos<\/strong><\/h3>\n<p>Peso: 1,9kg<br \/>\nDimensiones ALTxANCxPROF: 39x26x39cm<br \/>\nMaterial de aislamiento: Poliestireno<br \/>\nMaterial de la capa exterior: Polipropileno<\/p>\n<p>Adecuadas para la playa y para excursiones y tours. Bloques de hielo incluidos en el precio del alquiler.<\/p>","protected":false},"excerpt":{"rendered":"<p>S\u00faper pr\u00e1ctico en la playa o de excursi\u00f3n cuando de repente te entra hambre o ganas de algo fresquito. Nevera port\u00e1til de 24 litros de capacidad, y los acumuladores de fr\u00edo que encajan perfectamente vienen incluidos y ya est\u00e1n en el precio del alquiler.<\/p>\n<p>TENGA EN CUENTA: D\u00eda de llegada + d\u00eda de salida = 2 d\u00edas completos de alquiler (ni el 1er ni el \u00faltimo d\u00eda, los productos se pueden alquilar en otro lugar).<\/p>","protected":false},"featured_media":14707,"comment_status":"open","ping_status":"closed","template":"","meta":[],"product_brand":[],"product_cat":[90,88],"product_tag":[249,250,251],"class_list":{"0":"post-2142","1":"product","2":"type-product","3":"status-publish","4":"has-post-thumbnail","6":"product_cat-mieten","7":"product_cat-strand","8":"product_tag-kuehlbox","9":"product_tag-kuehltasche","10":"product_tag-thermobox","12":"first","13":"instock","14":"taxable","15":"shipping-taxable","16":"purchasable","17":"product-type-simple"},"yoast_head":"<!-- This site is optimized with the Yoast SEO plugin v27.1.1 - https:\/\/yoast.com\/product\/yoast-seo-wordpress\/ -->\n<title>Urlaubsprodukte Mieten auf Mallorca: K\u00fchlboxen | RentalPanda.es<\/title>\n<meta name=\"description\" content=\"Miete dir f\u00fcr deinen n\u00e4chsten Urlaub auf Mallorca eine praktische K\u00fchlbox und genie\u00dfe immer k\u00fchle Getr\u00e4nke, ob am Strand oder unterwegs!\" \/>\n<meta name=\"robots\" content=\"index, follow, max-snippet:-1, max-image-preview:large, max-video-preview:-1\" \/>\n<link rel=\"canonical\" href=\"https:\/\/rentalpanda.es\/es\/producto\/nevera-portatil\/\" \/>\n<meta property=\"og:locale\" content=\"es_ES\" \/>\n<meta property=\"og:type\" content=\"article\" \/>\n<meta property=\"og:title\" content=\"Urlaubsprodukte Mieten auf Mallorca: K\u00fchlboxen | RentalPanda.es\" \/>\n<meta property=\"og:description\" content=\"Miete dir f\u00fcr deinen n\u00e4chsten Urlaub auf Mallorca eine praktische K\u00fchlbox und genie\u00dfe immer k\u00fchle Getr\u00e4nke, ob am Strand oder unterwegs!\" \/>\n<meta property=\"og:url\" content=\"https:\/\/rentalpanda.es\/es\/producto\/nevera-portatil\/\" \/>\n<meta property=\"og:site_name\" content=\"RentalPanda.es\" \/>\n<meta property=\"article:publisher\" content=\"https:\/\/www.facebook.com\/rentalpandamallorca\" \/>\n<meta property=\"article:modified_time\" content=\"2026-01-29T03:16:44+00:00\" \/>\n<meta property=\"og:image\" content=\"https:\/\/rentalpanda.es\/wp-content\/uploads\/2017\/02\/kuehlbox-mieten-mallorca-1.png\" \/>\n\t<meta property=\"og:image:width\" content=\"427\" \/>\n\t<meta property=\"og:image:height\" content=\"480\" \/>\n\t<meta property=\"og:image:type\" content=\"image\/png\" \/>\n<meta name=\"twitter:card\" content=\"summary_large_image\" \/>\n<meta name=\"twitter:label1\" content=\"Tiempo de lectura\" \/>\n\t<meta name=\"twitter:data1\" content=\"1 minuto\" \/>\n<script type=\"application\/ld+json\" class=\"yoast-schema-graph\">{\"@context\":\"https:\/\/schema.org\",\"@graph\":[{\"@type\":\"WebPage\",\"@id\":\"https:\/\/rentalpanda.es\/produkt\/kuehlboxen-16-24-oder-40-liter-ohne-strom\/\",\"url\":\"https:\/\/rentalpanda.es\/produkt\/kuehlboxen-16-24-oder-40-liter-ohne-strom\/\",\"name\":\"Urlaubsprodukte Mieten auf Mallorca: K\u00fchlboxen | RentalPanda.es\",\"isPartOf\":{\"@id\":\"https:\/\/rentalpanda.es\/en\/#website\"},\"primaryImageOfPage\":{\"@id\":\"https:\/\/rentalpanda.es\/produkt\/kuehlboxen-16-24-oder-40-liter-ohne-strom\/#primaryimage\"},\"image\":{\"@id\":\"https:\/\/rentalpanda.es\/produkt\/kuehlboxen-16-24-oder-40-liter-ohne-strom\/#primaryimage\"},\"thumbnailUrl\":\"https:\/\/rentalpanda.es\/wp-content\/uploads\/2017\/02\/kuehlbox-mieten-mallorca-1.png\",\"datePublished\":\"2017-02-14T09:55:05+00:00\",\"dateModified\":\"2026-01-29T03:16:44+00:00\",\"description\":\"Miete dir f\u00fcr deinen n\u00e4chsten Urlaub auf Mallorca eine praktische K\u00fchlbox und genie\u00dfe immer k\u00fchle Getr\u00e4nke, ob am Strand oder unterwegs!\",\"breadcrumb\":{\"@id\":\"https:\/\/rentalpanda.es\/produkt\/kuehlboxen-16-24-oder-40-liter-ohne-strom\/#breadcrumb\"},\"inLanguage\":\"es\",\"potentialAction\":[{\"@type\":\"ReadAction\",\"target\":[\"https:\/\/rentalpanda.es\/produkt\/kuehlboxen-16-24-oder-40-liter-ohne-strom\/\"]}]},{\"@type\":\"ImageObject\",\"inLanguage\":\"es\",\"@id\":\"https:\/\/rentalpanda.es\/produkt\/kuehlboxen-16-24-oder-40-liter-ohne-strom\/#primaryimage\",\"url\":\"https:\/\/rentalpanda.es\/wp-content\/uploads\/2017\/02\/kuehlbox-mieten-mallorca-1.png\",\"contentUrl\":\"https:\/\/rentalpanda.es\/wp-content\/uploads\/2017\/02\/kuehlbox-mieten-mallorca-1.png\",\"width\":427,\"height\":480,\"caption\":\"k\u00fchlbox-mieten-mallorca\"},{\"@type\":\"BreadcrumbList\",\"@id\":\"https:\/\/rentalpanda.es\/produkt\/kuehlboxen-16-24-oder-40-liter-ohne-strom\/#breadcrumb\",\"itemListElement\":[{\"@type\":\"ListItem\",\"position\":1,\"name\":\"Startseite\",\"item\":\"https:\/\/rentalpanda.es\/\"},{\"@type\":\"ListItem\",\"position\":2,\"name\":\"Shop\",\"item\":\"https:\/\/rentalpanda.es\/shop\/\"},{\"@type\":\"ListItem\",\"position\":3,\"name\":\"K\u00fchlbox 24 Liter (ohne Strom)\"}]},{\"@type\":\"WebSite\",\"@id\":\"https:\/\/rentalpanda.es\/en\/#website\",\"url\":\"https:\/\/rentalpanda.es\/en\/\",\"name\":\"RentalPanda.es\",\"description\":\"Baby, Beach &amp; Holiday Gear for Rent\",\"publisher\":{\"@id\":\"https:\/\/rentalpanda.es\/en\/#organization\"},\"potentialAction\":[{\"@type\":\"SearchAction\",\"target\":{\"@type\":\"EntryPoint\",\"urlTemplate\":\"https:\/\/rentalpanda.es\/en\/?s={search_term_string}\"},\"query-input\":{\"@type\":\"PropertyValueSpecification\",\"valueRequired\":true,\"valueName\":\"search_term_string\"}}],\"inLanguage\":\"es\"},{\"@type\":\"Organization\",\"@id\":\"https:\/\/rentalpanda.es\/en\/#organization\",\"name\":\"Rentalpanda.es\",\"url\":\"https:\/\/rentalpanda.es\/en\/\",\"logo\":{\"@type\":\"ImageObject\",\"inLanguage\":\"es\",\"@id\":\"https:\/\/rentalpanda.es\/en\/#\/schema\/logo\/image\/\",\"url\":\"https:\/\/rentalpanda.es\/wp-content\/uploads\/2017\/02\/rentalpanda-logo-webseite-end.png\",\"contentUrl\":\"https:\/\/rentalpanda.es\/wp-content\/uploads\/2017\/02\/rentalpanda-logo-webseite-end.png\",\"width\":260,\"height\":71,\"caption\":\"Rentalpanda.es\"},\"image\":{\"@id\":\"https:\/\/rentalpanda.es\/en\/#\/schema\/logo\/image\/\"},\"sameAs\":[\"https:\/\/www.facebook.com\/rentalpandamallorca\"]}]}<\/script>\n<!-- \/ Yoast SEO plugin. -->","yoast_head_json":{"title":"Alquiler Mallorca: Nevera Port\u00e1til | RentalPanda.es","description":"Alquila una pr\u00e1ctica nevera port\u00e1til para tus pr\u00f3ximas vacaciones en Mallorca \u2013 \u00a1Disfruta siempre de bebidas frescas en la playa o de excursi\u00f3n!","robots":{"index":"index","follow":"follow","max-snippet":"max-snippet:-1","max-image-preview":"max-image-preview:large","max-video-preview":"max-video-preview:-1"},"canonical":"https:\/\/rentalpanda.es\/es\/producto\/nevera-portatil\/","og_locale":"es_ES","og_type":"article","og_title":"Urlaubsprodukte Mieten auf Mallorca: K\u00fchlboxen | RentalPanda.es","og_description":"Miete dir f\u00fcr deinen n\u00e4chsten Urlaub auf Mallorca eine praktische K\u00fchlbox und genie\u00dfe immer k\u00fchle Getr\u00e4nke, ob am Strand oder unterwegs!","og_url":"https:\/\/rentalpanda.es\/es\/producto\/nevera-portatil\/","og_site_name":"RentalPanda.es","article_publisher":"https:\/\/www.facebook.com\/rentalpandamallorca","article_modified_time":"2026-01-29T03:16:44+00:00","og_image":[{"width":427,"height":480,"url":"https:\/\/rentalpanda.es\/wp-content\/uploads\/2017\/02\/kuehlbox-mieten-mallorca-1.png","type":"image\/png"}],"twitter_card":"summary_large_image","twitter_misc":{"Tiempo de lectura":"1 minuto"},"schema":{"@context":"https:\/\/schema.org","@graph":[{"@type":"WebPage","@id":"https:\/\/rentalpanda.es\/produkt\/kuehlboxen-16-24-oder-40-liter-ohne-strom\/","url":"https:\/\/rentalpanda.es\/produkt\/kuehlboxen-16-24-oder-40-liter-ohne-strom\/","name":"Alquiler Mallorca: Nevera Port\u00e1til | RentalPanda.es","isPartOf":{"@id":"https:\/\/rentalpanda.es\/en\/#website"},"primaryImageOfPage":{"@id":"https:\/\/rentalpanda.es\/produkt\/kuehlboxen-16-24-oder-40-liter-ohne-strom\/#primaryimage"},"image":{"@id":"https:\/\/rentalpanda.es\/produkt\/kuehlboxen-16-24-oder-40-liter-ohne-strom\/#primaryimage"},"thumbnailUrl":"https:\/\/rentalpanda.es\/wp-content\/uploads\/2017\/02\/kuehlbox-mieten-mallorca-1.png","datePublished":"2017-02-14T09:55:05+00:00","dateModified":"2026-01-29T03:16:44+00:00","description":"Alquila una pr\u00e1ctica nevera port\u00e1til para tus pr\u00f3ximas vacaciones en Mallorca \u2013 \u00a1Disfruta siempre de bebidas frescas en la playa o de excursi\u00f3n!","breadcrumb":{"@id":"https:\/\/rentalpanda.es\/produkt\/kuehlboxen-16-24-oder-40-liter-ohne-strom\/#breadcrumb"},"inLanguage":"es","potentialAction":[{"@type":"ReadAction","target":["https:\/\/rentalpanda.es\/produkt\/kuehlboxen-16-24-oder-40-liter-ohne-strom\/"]}]},{"@type":"ImageObject","inLanguage":"es","@id":"https:\/\/rentalpanda.es\/produkt\/kuehlboxen-16-24-oder-40-liter-ohne-strom\/#primaryimage","url":"https:\/\/rentalpanda.es\/wp-content\/uploads\/2017\/02\/kuehlbox-mieten-mallorca-1.png","contentUrl":"https:\/\/rentalpanda.es\/wp-content\/uploads\/2017\/02\/kuehlbox-mieten-mallorca-1.png","width":427,"height":480,"caption":"k\u00fchlbox-mieten-mallorca"},{"@type":"BreadcrumbList","@id":"https:\/\/rentalpanda.es\/produkt\/kuehlboxen-16-24-oder-40-liter-ohne-strom\/#breadcrumb","itemListElement":[{"@type":"ListItem","position":1,"name":"Startseite","item":"https:\/\/rentalpanda.es\/"},{"@type":"ListItem","position":2,"name":"Shop","item":"https:\/\/rentalpanda.es\/shop\/"},{"@type":"ListItem","position":3,"name":"K\u00fchlbox 24 Liter (ohne Strom)"}]},{"@type":"WebSite","@id":"https:\/\/rentalpanda.es\/en\/#website","url":"https:\/\/rentalpanda.es\/en\/","name":"RentalPanda.es","description":"Baby, Beach &amp; Holiday Gear for Rent","publisher":{"@id":"https:\/\/rentalpanda.es\/en\/#organization"},"potentialAction":[{"@type":"SearchAction","target":{"@type":"EntryPoint","urlTemplate":"https:\/\/rentalpanda.es\/en\/?s={search_term_string}"},"query-input":{"@type":"PropertyValueSpecification","valueRequired":true,"valueName":"search_term_string"}}],"inLanguage":"es"},{"@type":"Organization","@id":"https:\/\/rentalpanda.es\/en\/#organization","name":"Rentalpanda.es","url":"https:\/\/rentalpanda.es\/en\/","logo":{"@type":"ImageObject","inLanguage":"es","@id":"https:\/\/rentalpanda.es\/en\/#\/schema\/logo\/image\/","url":"https:\/\/rentalpanda.es\/wp-content\/uploads\/2017\/02\/rentalpanda-logo-webseite-end.png","contentUrl":"https:\/\/rentalpanda.es\/wp-content\/uploads\/2017\/02\/rentalpanda-logo-webseite-end.png","width":260,"height":71,"caption":"Rentalpanda.es"},"image":{"@id":"https:\/\/rentalpanda.es\/en\/#\/schema\/logo\/image\/"},"sameAs":["https:\/\/www.facebook.com\/rentalpandamallorca"]}]}},"_links":{"self":[{"href":"https:\/\/rentalpanda.es\/es\/wp-json\/wp\/v2\/product\/2142","targetHints":{"allow":["GET"]}}],"collection":[{"href":"https:\/\/rentalpanda.es\/es\/wp-json\/wp\/v2\/product"}],"about":[{"href":"https:\/\/rentalpanda.es\/es\/wp-json\/wp\/v2\/types\/product"}],"replies":[{"embeddable":true,"href":"https:\/\/rentalpanda.es\/es\/wp-json\/wp\/v2\/comments?post=2142"}],"wp:featuredmedia":[{"embeddable":true,"href":"https:\/\/rentalpanda.es\/es\/wp-json\/wp\/v2\/media\/14707"}],"wp:attachment":[{"href":"https:\/\/rentalpanda.es\/es\/wp-json\/wp\/v2\/media?parent=2142"}],"wp:term":[{"taxonomy":"product_brand","embeddable":true,"href":"https:\/\/rentalpanda.es\/es\/wp-json\/wp\/v2\/product_brand?post=2142"},{"taxonomy":"product_cat","embeddable":true,"href":"https:\/\/rentalpanda.es\/es\/wp-json\/wp\/v2\/product_cat?post=2142"},{"taxonomy":"product_tag","embeddable":true,"href":"https:\/\/rentalpanda.es\/es\/wp-json\/wp\/v2\/product_tag?post=2142"}],"curies":[{"name":"wp","href":"https:\/\/api.w.org\/{rel}","templated":true}]}}