{"id":1985,"date":"2017-02-12T20:11:31","date_gmt":"2017-02-12T20:11:31","guid":{"rendered":"http:\/\/rentalpanda.es\/produkt\/scooter-roller-fuer-kinder-2-4-jahre\/"},"modified":"2025-03-05T02:39:47","modified_gmt":"2025-03-05T02:39:47","slug":"patinete-ninos-2-4-anos-mallorca","status":"publish","type":"product","link":"https:\/\/rentalpanda.es\/es\/produkt\/scooter-roller-fuer-kinder-2-4-jahre\/","title":{"rendered":"Patinete Ni\u00f1os de 2-4 a\u00f1os"},"content":{"rendered":"<h2><strong>Patinete Ni\u00f1os de 2-4 a\u00f1os Mallorca Para Alquilar<\/strong><\/h2>\n<p>Este patinete muy popular para los m\u00e1s peque\u00f1os de 2 a 4 a\u00f1os tambi\u00e9n se llama \"rueda libre\" y ha sido dise\u00f1ado espec\u00edficamente para el desarrollo y la formaci\u00f3n de habilidades de equilibrio y coordinaci\u00f3n de ni\u00f1os a partir de los 2 a\u00f1os. \u00a1Tus peque\u00f1os se divertir\u00e1n mucho haciendo ejercicio en movimiento!<\/p>\n<p>El scooter para ni\u00f1os con 3 ruedas es perfecto para entrenar el equilibrio, que no est\u00e1 completamente desarrollado en los primeros a\u00f1os de vida. Las dos ruedas delanteras aseguran una estabilidad muy alta, lo que hace que sea m\u00e1s f\u00e1cil aprender a conducir de manera coordinada y segura.<\/p>\n<h2>Patinete para Ni\u00f1os de 2-4 a\u00f1os<\/h2>\n<p>El manillar es regulable en altura (45-60 cm) y existe la opci\u00f3n de bloquear la direcci\u00f3n, para que los padres puedan manejar y controlar mejor el scooter. La barra de direcci\u00f3n se puede desmontar muy r\u00e1pidamente y se puede sujetar debajo del cuerpo del scooter, lo que garantiza un transporte muy f\u00e1cil a cualquier lugar. El scooter es extremadamente liviano (solo 1.5 kg), por lo que su peque\u00f1o puede empujarlo si lo desea. \u00a1Incluso puede elegir el color favorito de la banda de rodadura de sus peque\u00f1os! RentalPanda proporciona gratuitamente un casco de seguridad con certificaci\u00f3n T\u00dcV de Alemania.<\/p>\n<h3>Beneficios Patinete Ni\u00f1os<\/h3>\n<ul>\n<li>Mucha diversi\u00f3n<\/li>\n<li>Compacto y plegable<\/li>\n<li>Solo 1.5 kg de peso<\/li>\n<li>Seguro y estable<\/li>\n<\/ul>\n<h3>Technische Details Kinder Roller:<\/h3>\n<p>Peso: 1.5kg<br \/>\nDimensiones con manillar alto AAP: 60x26x56<br \/>\nDimensiones con manillar bajo AAP: 45x26x56<br \/>\nBanda de rodadura: 30x10 cm<br \/>\nDi\u00e1metro de las ruedas delanteras: 125 mm.<br \/>\nDi\u00e1metro de la rueda trasera: 100 mm<\/p>\n<p>Adecuado para ni\u00f1os de 2 a 4 a\u00f1os con un peso m\u00e1ximo de 20 kg. RentalPanda proporciona gratuitamente un casco de seguridad con certificaci\u00f3n T\u00dcV de Alemania.<\/p>","protected":false},"excerpt":{"rendered":"<p>\u00a1Los peque\u00f1os tambi\u00e9n necesitan divertirse movi\u00e9ndose de vacaciones! Este patinete ni\u00f1os es s\u00faper genial y se usa para entrenar el equilibrio, ya que se dirige cambiando el peso de izquierda a derecha. Compacto y liviano, es f\u00e1cil de transportar y le dar\u00e1 a su hijo horas de placer.<\/p>\n<p>TENGA EN CUENTA: D\u00eda de llegada + d\u00eda de salida = 2 d\u00edas completos de alquiler (ni el 1er ni el \u00faltimo d\u00eda, los productos se pueden alquilar en otro lugar).<\/p>","protected":false},"featured_media":14458,"comment_status":"open","ping_status":"closed","template":"","meta":[],"product_brand":[],"product_cat":[87,90,97],"product_tag":[179,835,834,178,836,180],"class_list":{"0":"post-1985","1":"product","2":"type-product","3":"status-publish","4":"has-post-thumbnail","6":"product_cat-baby-kind","7":"product_cat-mieten","8":"product_cat-spielen","9":"product_tag-kinderroller","10":"product_tag-mallorca","11":"product_tag-mieten","12":"product_tag-roller","13":"product_tag-roller-mieten-mallorca","14":"product_tag-scooter","16":"first","17":"instock","18":"featured","19":"taxable","20":"shipping-taxable","21":"purchasable","22":"product-type-simple"},"yoast_head":"<!-- This site is optimized with the Yoast SEO plugin v27.1.1 - https:\/\/yoast.com\/product\/yoast-seo-wordpress\/ -->\n<title>Mieten Mallorca: Roller f\u00fcr Kleine (2-4 Jahre) | RentalPanda.es<\/title>\n<meta name=\"description\" content=\"Jetzt Roller Mieten Mallorca f\u00fcr dein Kind im Urlaub, inklusive Sicherheitshelm. Totaler Scooter-Spa\u00df! Noch viel mehr zum Mieten f\u00fcr Baby &amp; Kind!\" \/>\n<meta name=\"robots\" content=\"index, follow, max-snippet:-1, max-image-preview:large, max-video-preview:-1\" \/>\n<link rel=\"canonical\" href=\"https:\/\/rentalpanda.es\/es\/producto\/patinete-ninos-2-4-anos-mallorca\/\" \/>\n<meta property=\"og:locale\" content=\"es_ES\" \/>\n<meta property=\"og:type\" content=\"article\" \/>\n<meta property=\"og:title\" content=\"Mieten Mallorca: Roller f\u00fcr Kleine (2-4 Jahre) | RentalPanda.es\" \/>\n<meta property=\"og:description\" content=\"Jetzt Roller Mieten Mallorca f\u00fcr dein Kind im Urlaub, inklusive Sicherheitshelm. Totaler Scooter-Spa\u00df! Noch viel mehr zum Mieten f\u00fcr Baby &amp; Kind!\" \/>\n<meta property=\"og:url\" content=\"https:\/\/rentalpanda.es\/es\/producto\/patinete-ninos-2-4-anos-mallorca\/\" \/>\n<meta property=\"og:site_name\" content=\"RentalPanda.es\" \/>\n<meta property=\"article:publisher\" content=\"https:\/\/www.facebook.com\/rentalpandamallorca\" \/>\n<meta property=\"article:modified_time\" content=\"2025-03-05T02:39:47+00:00\" \/>\n<meta property=\"og:image\" content=\"https:\/\/rentalpanda.es\/wp-content\/uploads\/2017\/02\/scooter-fuer-kleine-de.png\" \/>\n\t<meta property=\"og:image:width\" content=\"427\" \/>\n\t<meta property=\"og:image:height\" content=\"480\" \/>\n\t<meta property=\"og:image:type\" content=\"image\/png\" \/>\n<meta name=\"twitter:card\" content=\"summary_large_image\" \/>\n<meta name=\"twitter:label1\" content=\"Tiempo de lectura\" \/>\n\t<meta name=\"twitter:data1\" content=\"2 minutos\" \/>\n<script type=\"application\/ld+json\" class=\"yoast-schema-graph\">{\"@context\":\"https:\/\/schema.org\",\"@graph\":[{\"@type\":\"WebPage\",\"@id\":\"https:\/\/rentalpanda.es\/produkt\/scooter-roller-fuer-kinder-2-4-jahre\/\",\"url\":\"https:\/\/rentalpanda.es\/produkt\/scooter-roller-fuer-kinder-2-4-jahre\/\",\"name\":\"Mieten Mallorca: Roller f\u00fcr Kleine (2-4 Jahre) | RentalPanda.es\",\"isPartOf\":{\"@id\":\"https:\/\/rentalpanda.es\/en\/#website\"},\"primaryImageOfPage\":{\"@id\":\"https:\/\/rentalpanda.es\/produkt\/scooter-roller-fuer-kinder-2-4-jahre\/#primaryimage\"},\"image\":{\"@id\":\"https:\/\/rentalpanda.es\/produkt\/scooter-roller-fuer-kinder-2-4-jahre\/#primaryimage\"},\"thumbnailUrl\":\"https:\/\/rentalpanda.es\/wp-content\/uploads\/2017\/02\/scooter-fuer-kleine-de.png\",\"datePublished\":\"2017-02-12T20:11:31+00:00\",\"dateModified\":\"2025-03-05T02:39:47+00:00\",\"description\":\"Jetzt Roller Mieten Mallorca f\u00fcr dein Kind im Urlaub, inklusive Sicherheitshelm. Totaler Scooter-Spa\u00df! Noch viel mehr zum Mieten f\u00fcr Baby & Kind!\",\"breadcrumb\":{\"@id\":\"https:\/\/rentalpanda.es\/produkt\/scooter-roller-fuer-kinder-2-4-jahre\/#breadcrumb\"},\"inLanguage\":\"es\",\"potentialAction\":[{\"@type\":\"ReadAction\",\"target\":[\"https:\/\/rentalpanda.es\/produkt\/scooter-roller-fuer-kinder-2-4-jahre\/\"]}]},{\"@type\":\"ImageObject\",\"inLanguage\":\"es\",\"@id\":\"https:\/\/rentalpanda.es\/produkt\/scooter-roller-fuer-kinder-2-4-jahre\/#primaryimage\",\"url\":\"https:\/\/rentalpanda.es\/wp-content\/uploads\/2017\/02\/scooter-fuer-kleine-de.png\",\"contentUrl\":\"https:\/\/rentalpanda.es\/wp-content\/uploads\/2017\/02\/scooter-fuer-kleine-de.png\",\"width\":427,\"height\":480,\"caption\":\"roller_mieten_mallorca_kinder\"},{\"@type\":\"BreadcrumbList\",\"@id\":\"https:\/\/rentalpanda.es\/produkt\/scooter-roller-fuer-kinder-2-4-jahre\/#breadcrumb\",\"itemListElement\":[{\"@type\":\"ListItem\",\"position\":1,\"name\":\"Startseite\",\"item\":\"https:\/\/rentalpanda.es\/\"},{\"@type\":\"ListItem\",\"position\":2,\"name\":\"Shop\",\"item\":\"https:\/\/rentalpanda.es\/shop\/\"},{\"@type\":\"ListItem\",\"position\":3,\"name\":\"Scooter f\u00fcr Kleine (2-4 Jahre) Roller Mieten Mallorca\"}]},{\"@type\":\"WebSite\",\"@id\":\"https:\/\/rentalpanda.es\/en\/#website\",\"url\":\"https:\/\/rentalpanda.es\/en\/\",\"name\":\"RentalPanda.es\",\"description\":\"Baby, Beach &amp; Holiday Gear for Rent\",\"publisher\":{\"@id\":\"https:\/\/rentalpanda.es\/en\/#organization\"},\"potentialAction\":[{\"@type\":\"SearchAction\",\"target\":{\"@type\":\"EntryPoint\",\"urlTemplate\":\"https:\/\/rentalpanda.es\/en\/?s={search_term_string}\"},\"query-input\":{\"@type\":\"PropertyValueSpecification\",\"valueRequired\":true,\"valueName\":\"search_term_string\"}}],\"inLanguage\":\"es\"},{\"@type\":\"Organization\",\"@id\":\"https:\/\/rentalpanda.es\/en\/#organization\",\"name\":\"Rentalpanda.es\",\"url\":\"https:\/\/rentalpanda.es\/en\/\",\"logo\":{\"@type\":\"ImageObject\",\"inLanguage\":\"es\",\"@id\":\"https:\/\/rentalpanda.es\/en\/#\/schema\/logo\/image\/\",\"url\":\"https:\/\/rentalpanda.es\/wp-content\/uploads\/2017\/02\/rentalpanda-logo-webseite-end.png\",\"contentUrl\":\"https:\/\/rentalpanda.es\/wp-content\/uploads\/2017\/02\/rentalpanda-logo-webseite-end.png\",\"width\":260,\"height\":71,\"caption\":\"Rentalpanda.es\"},\"image\":{\"@id\":\"https:\/\/rentalpanda.es\/en\/#\/schema\/logo\/image\/\"},\"sameAs\":[\"https:\/\/www.facebook.com\/rentalpandamallorca\"]}]}<\/script>\n<!-- \/ Yoast SEO plugin. -->","yoast_head_json":{"title":"Alquiler Mallorca: Patinete Ni\u00f1os de 2-4 a\u00f1os | RentalPanda.es","description":"Alquila un patinete en Mallorca para tu hijo durante las vacaciones. \u00a1Casco de seguridad incluido! Diversi\u00f3n total con patinetes para ni\u00f1os en Mallorca.","robots":{"index":"index","follow":"follow","max-snippet":"max-snippet:-1","max-image-preview":"max-image-preview:large","max-video-preview":"max-video-preview:-1"},"canonical":"https:\/\/rentalpanda.es\/es\/producto\/patinete-ninos-2-4-anos-mallorca\/","og_locale":"es_ES","og_type":"article","og_title":"Mieten Mallorca: Roller f\u00fcr Kleine (2-4 Jahre) | RentalPanda.es","og_description":"Jetzt Roller Mieten Mallorca f\u00fcr dein Kind im Urlaub, inklusive Sicherheitshelm. Totaler Scooter-Spa\u00df! Noch viel mehr zum Mieten f\u00fcr Baby & Kind!","og_url":"https:\/\/rentalpanda.es\/es\/producto\/patinete-ninos-2-4-anos-mallorca\/","og_site_name":"RentalPanda.es","article_publisher":"https:\/\/www.facebook.com\/rentalpandamallorca","article_modified_time":"2025-03-05T02:39:47+00:00","og_image":[{"width":427,"height":480,"url":"https:\/\/rentalpanda.es\/wp-content\/uploads\/2017\/02\/scooter-fuer-kleine-de.png","type":"image\/png"}],"twitter_card":"summary_large_image","twitter_misc":{"Tiempo de lectura":"2 minutos"},"schema":{"@context":"https:\/\/schema.org","@graph":[{"@type":"WebPage","@id":"https:\/\/rentalpanda.es\/produkt\/scooter-roller-fuer-kinder-2-4-jahre\/","url":"https:\/\/rentalpanda.es\/produkt\/scooter-roller-fuer-kinder-2-4-jahre\/","name":"Alquiler Mallorca: Patinete Ni\u00f1os de 2-4 a\u00f1os | RentalPanda.es","isPartOf":{"@id":"https:\/\/rentalpanda.es\/en\/#website"},"primaryImageOfPage":{"@id":"https:\/\/rentalpanda.es\/produkt\/scooter-roller-fuer-kinder-2-4-jahre\/#primaryimage"},"image":{"@id":"https:\/\/rentalpanda.es\/produkt\/scooter-roller-fuer-kinder-2-4-jahre\/#primaryimage"},"thumbnailUrl":"https:\/\/rentalpanda.es\/wp-content\/uploads\/2017\/02\/scooter-fuer-kleine-de.png","datePublished":"2017-02-12T20:11:31+00:00","dateModified":"2025-03-05T02:39:47+00:00","description":"Alquila un patinete en Mallorca para tu hijo durante las vacaciones. \u00a1Casco de seguridad incluido! Diversi\u00f3n total con patinetes para ni\u00f1os en Mallorca.","breadcrumb":{"@id":"https:\/\/rentalpanda.es\/produkt\/scooter-roller-fuer-kinder-2-4-jahre\/#breadcrumb"},"inLanguage":"es","potentialAction":[{"@type":"ReadAction","target":["https:\/\/rentalpanda.es\/produkt\/scooter-roller-fuer-kinder-2-4-jahre\/"]}]},{"@type":"ImageObject","inLanguage":"es","@id":"https:\/\/rentalpanda.es\/produkt\/scooter-roller-fuer-kinder-2-4-jahre\/#primaryimage","url":"https:\/\/rentalpanda.es\/wp-content\/uploads\/2017\/02\/scooter-fuer-kleine-de.png","contentUrl":"https:\/\/rentalpanda.es\/wp-content\/uploads\/2017\/02\/scooter-fuer-kleine-de.png","width":427,"height":480,"caption":"roller_mieten_mallorca_kinder"},{"@type":"BreadcrumbList","@id":"https:\/\/rentalpanda.es\/produkt\/scooter-roller-fuer-kinder-2-4-jahre\/#breadcrumb","itemListElement":[{"@type":"ListItem","position":1,"name":"Startseite","item":"https:\/\/rentalpanda.es\/"},{"@type":"ListItem","position":2,"name":"Shop","item":"https:\/\/rentalpanda.es\/shop\/"},{"@type":"ListItem","position":3,"name":"Scooter f\u00fcr Kleine (2-4 Jahre) Roller Mieten Mallorca"}]},{"@type":"WebSite","@id":"https:\/\/rentalpanda.es\/en\/#website","url":"https:\/\/rentalpanda.es\/en\/","name":"RentalPanda.es","description":"Baby, Beach &amp; Holiday Gear for Rent","publisher":{"@id":"https:\/\/rentalpanda.es\/en\/#organization"},"potentialAction":[{"@type":"SearchAction","target":{"@type":"EntryPoint","urlTemplate":"https:\/\/rentalpanda.es\/en\/?s={search_term_string}"},"query-input":{"@type":"PropertyValueSpecification","valueRequired":true,"valueName":"search_term_string"}}],"inLanguage":"es"},{"@type":"Organization","@id":"https:\/\/rentalpanda.es\/en\/#organization","name":"Rentalpanda.es","url":"https:\/\/rentalpanda.es\/en\/","logo":{"@type":"ImageObject","inLanguage":"es","@id":"https:\/\/rentalpanda.es\/en\/#\/schema\/logo\/image\/","url":"https:\/\/rentalpanda.es\/wp-content\/uploads\/2017\/02\/rentalpanda-logo-webseite-end.png","contentUrl":"https:\/\/rentalpanda.es\/wp-content\/uploads\/2017\/02\/rentalpanda-logo-webseite-end.png","width":260,"height":71,"caption":"Rentalpanda.es"},"image":{"@id":"https:\/\/rentalpanda.es\/en\/#\/schema\/logo\/image\/"},"sameAs":["https:\/\/www.facebook.com\/rentalpandamallorca"]}]}},"_links":{"self":[{"href":"https:\/\/rentalpanda.es\/es\/wp-json\/wp\/v2\/product\/1985","targetHints":{"allow":["GET"]}}],"collection":[{"href":"https:\/\/rentalpanda.es\/es\/wp-json\/wp\/v2\/product"}],"about":[{"href":"https:\/\/rentalpanda.es\/es\/wp-json\/wp\/v2\/types\/product"}],"replies":[{"embeddable":true,"href":"https:\/\/rentalpanda.es\/es\/wp-json\/wp\/v2\/comments?post=1985"}],"wp:featuredmedia":[{"embeddable":true,"href":"https:\/\/rentalpanda.es\/es\/wp-json\/wp\/v2\/media\/14458"}],"wp:attachment":[{"href":"https:\/\/rentalpanda.es\/es\/wp-json\/wp\/v2\/media?parent=1985"}],"wp:term":[{"taxonomy":"product_brand","embeddable":true,"href":"https:\/\/rentalpanda.es\/es\/wp-json\/wp\/v2\/product_brand?post=1985"},{"taxonomy":"product_cat","embeddable":true,"href":"https:\/\/rentalpanda.es\/es\/wp-json\/wp\/v2\/product_cat?post=1985"},{"taxonomy":"product_tag","embeddable":true,"href":"https:\/\/rentalpanda.es\/es\/wp-json\/wp\/v2\/product_tag?post=1985"}],"curies":[{"name":"wp","href":"https:\/\/api.w.org\/{rel}","templated":true}]}}