{"id":1767,"date":"2017-02-08T09:27:03","date_gmt":"2017-02-08T09:27:03","guid":{"rendered":"http:\/\/rentalpanda.es\/produkt\/strandstuhl-flach-mit-armlehnen\/"},"modified":"2025-03-03T03:29:20","modified_gmt":"2025-03-03T03:29:20","slug":"sillas-de-playa-plegables","status":"publish","type":"product","link":"https:\/\/rentalpanda.es\/es\/produkt\/strandstuhl-flach-mit-armlehnen\/","title":{"rendered":"Sillas de Playa Plegables: Alquiler en Mallorca"},"content":{"rendered":"<h2><strong>Alquiler de Sillas de Playa en Mallorca<\/strong><\/h2>\n<p>Para ahorrar tiempo, dinero y nervios, deber\u00edas considerar alquilar sillas de playa, tiendas de playa y conjuntos completos de playa para toda la duraci\u00f3n de tus vacaciones en Mallorca. En RentalPanda.es Baby, Beach &amp; Holiday Gear encontrar\u00e1s exactamente lo que necesitas para hacer felices a ti y a tu familia durante las vacaciones.<\/p>\n<h2>Sillas de Playa Plegables: Relajaci\u00f3n en Mallorca<\/h2>\n<p>Esta silla de playa pr\u00e1ctica, funcional y s\u00faper c\u00f3moda con reposabrazos es muy ligera y, gracias a sus asas de transporte, f\u00e1cil de llevar a cualquier lugar. El respaldo se puede ajustar en varias posiciones diferentes y puede ser utilizada por personas m\u00e1s bajas, o tal vez tus hijos, incluso como una zona reclinable para una peque\u00f1a siesta.<\/p>\n<h3>Beneficios del Alquiler de Sillas de Playa:<\/h3>\n<ul>\n<li>C\u00f3moda, ligera y robusta<\/li>\n<li>Plegable y port\u00e1til<\/li>\n<li>Comodidad extra al sentarse relajadamente<\/li>\n<li>Tambi\u00e9n adecuada para acostarse<\/li>\n<\/ul>\n<h3>Detalles T\u00e9cnicos de la Silla de Playa Plegable:<\/h3>\n<p>Peso: 2.3 kg<br \/>\nDimensiones montada (Alto x Ancho x Profundidad): 80x60x60 cm<br \/>\nMaterial: Aluminio y Poli\u00e9ster<\/p>\n<p>Peso m\u00e1ximo: 100 kg. Alquila tu silla de playa plegable, o renta el <a href=\"https:\/\/rentalpanda.es\/es\/producto\/playa-set-familia\/\">Playa Set Familia<\/a> con 2 sillas de playa + sombrilla + mesa de playa.<\/p>","protected":false},"excerpt":{"rendered":"<p>Una silla de playa muy c\u00f3moda en alquiler con reposabrazos. Gracias a su bajo peso, es ideal para cualquier lugar y superficie. Ajustable a varias posiciones: Con las <strong>Sillas de Playa<\/strong> puedes acostarte completamente para una relajaci\u00f3n total!<\/p>\n<p>TENGA EN CUENTA: D\u00eda de llegada + d\u00eda de salida = 2 d\u00edas completos de alquiler (ni el 1er ni el \u00faltimo d\u00eda, los productos se pueden alquilar en otro lugar).<\/p>","protected":false},"featured_media":1787,"comment_status":"open","ping_status":"closed","template":"","meta":[],"product_brand":[],"product_cat":[90,88],"product_tag":[199,856,198],"class_list":{"0":"post-1767","1":"product","2":"type-product","3":"status-publish","4":"has-post-thumbnail","6":"product_cat-mieten","7":"product_cat-strand","8":"product_tag-strandliege","9":"product_tag-strandliege-mieten","10":"product_tag-strandstuhl","12":"first","13":"instock","14":"taxable","15":"shipping-taxable","16":"purchasable","17":"product-type-simple"},"yoast_head":"<!-- This site is optimized with the Yoast SEO plugin v27.1.1 - https:\/\/yoast.com\/product\/yoast-seo-wordpress\/ -->\n<title>Strandliege Mieten: Mallorca Strandstuhl | RentalPanda.es<\/title>\n<meta name=\"description\" content=\"Eine Strandliege mieten auf Mallorca, f\u00fcr die gesamte Urlaubszeit? Ja, so l\u00e4sst sich viel Geld sparen! Lieferung ins Hotel\/Finca, oder zum Flughafen.\" \/>\n<meta name=\"robots\" content=\"index, follow, max-snippet:-1, max-image-preview:large, max-video-preview:-1\" \/>\n<link rel=\"canonical\" href=\"https:\/\/rentalpanda.es\/es\/producto\/sillas-de-playa-plegables\/\" \/>\n<meta property=\"og:locale\" content=\"es_ES\" \/>\n<meta property=\"og:type\" content=\"article\" \/>\n<meta property=\"og:title\" content=\"Strandliege Mieten: Mallorca Strandstuhl | RentalPanda.es\" \/>\n<meta property=\"og:description\" content=\"Eine Strandliege mieten auf Mallorca, f\u00fcr die gesamte Urlaubszeit? Ja, so l\u00e4sst sich viel Geld sparen! Lieferung ins Hotel\/Finca, oder zum Flughafen.\" \/>\n<meta property=\"og:url\" content=\"https:\/\/rentalpanda.es\/es\/producto\/sillas-de-playa-plegables\/\" \/>\n<meta property=\"og:site_name\" content=\"RentalPanda.es\" \/>\n<meta property=\"article:publisher\" content=\"https:\/\/www.facebook.com\/rentalpandamallorca\" \/>\n<meta property=\"article:modified_time\" content=\"2025-03-03T03:29:20+00:00\" \/>\n<meta property=\"og:image\" content=\"https:\/\/rentalpanda.es\/wp-content\/uploads\/2017\/02\/strandstuhl-flach-mit-lehne.png\" \/>\n\t<meta property=\"og:image:width\" content=\"427\" \/>\n\t<meta property=\"og:image:height\" content=\"480\" \/>\n\t<meta property=\"og:image:type\" content=\"image\/png\" \/>\n<meta name=\"twitter:card\" content=\"summary_large_image\" \/>\n<meta name=\"twitter:label1\" content=\"Tiempo de lectura\" \/>\n\t<meta name=\"twitter:data1\" content=\"1 minuto\" \/>\n<script type=\"application\/ld+json\" class=\"yoast-schema-graph\">{\"@context\":\"https:\/\/schema.org\",\"@graph\":[{\"@type\":\"WebPage\",\"@id\":\"https:\/\/rentalpanda.es\/produkt\/strandstuhl-flach-mit-armlehnen\/\",\"url\":\"https:\/\/rentalpanda.es\/produkt\/strandstuhl-flach-mit-armlehnen\/\",\"name\":\"Strandliege Mieten: Mallorca Strandstuhl | RentalPanda.es\",\"isPartOf\":{\"@id\":\"https:\/\/rentalpanda.es\/en\/#website\"},\"primaryImageOfPage\":{\"@id\":\"https:\/\/rentalpanda.es\/produkt\/strandstuhl-flach-mit-armlehnen\/#primaryimage\"},\"image\":{\"@id\":\"https:\/\/rentalpanda.es\/produkt\/strandstuhl-flach-mit-armlehnen\/#primaryimage\"},\"thumbnailUrl\":\"https:\/\/rentalpanda.es\/wp-content\/uploads\/2017\/02\/strandstuhl-flach-mit-lehne.png\",\"datePublished\":\"2017-02-08T09:27:03+00:00\",\"dateModified\":\"2025-03-03T03:29:20+00:00\",\"description\":\"Eine Strandliege mieten auf Mallorca, f\u00fcr die gesamte Urlaubszeit? Ja, so l\u00e4sst sich viel Geld sparen! Lieferung ins Hotel\/Finca, oder zum Flughafen.\",\"breadcrumb\":{\"@id\":\"https:\/\/rentalpanda.es\/produkt\/strandstuhl-flach-mit-armlehnen\/#breadcrumb\"},\"inLanguage\":\"es\",\"potentialAction\":[{\"@type\":\"ReadAction\",\"target\":[\"https:\/\/rentalpanda.es\/produkt\/strandstuhl-flach-mit-armlehnen\/\"]}]},{\"@type\":\"ImageObject\",\"inLanguage\":\"es\",\"@id\":\"https:\/\/rentalpanda.es\/produkt\/strandstuhl-flach-mit-armlehnen\/#primaryimage\",\"url\":\"https:\/\/rentalpanda.es\/wp-content\/uploads\/2017\/02\/strandstuhl-flach-mit-lehne.png\",\"contentUrl\":\"https:\/\/rentalpanda.es\/wp-content\/uploads\/2017\/02\/strandstuhl-flach-mit-lehne.png\",\"width\":427,\"height\":480,\"caption\":\"Strandstuhl mit Armlehne mieten auf Mallorca\"},{\"@type\":\"BreadcrumbList\",\"@id\":\"https:\/\/rentalpanda.es\/produkt\/strandstuhl-flach-mit-armlehnen\/#breadcrumb\",\"itemListElement\":[{\"@type\":\"ListItem\",\"position\":1,\"name\":\"Startseite\",\"item\":\"https:\/\/rentalpanda.es\/\"},{\"@type\":\"ListItem\",\"position\":2,\"name\":\"Shop\",\"item\":\"https:\/\/rentalpanda.es\/shop\/\"},{\"@type\":\"ListItem\",\"position\":3,\"name\":\"Strandstuhl Flach (mit Armlehnen) Strandliege Mieten\"}]},{\"@type\":\"WebSite\",\"@id\":\"https:\/\/rentalpanda.es\/en\/#website\",\"url\":\"https:\/\/rentalpanda.es\/en\/\",\"name\":\"RentalPanda.es\",\"description\":\"Baby, Beach &amp; Holiday Gear for Rent\",\"publisher\":{\"@id\":\"https:\/\/rentalpanda.es\/en\/#organization\"},\"potentialAction\":[{\"@type\":\"SearchAction\",\"target\":{\"@type\":\"EntryPoint\",\"urlTemplate\":\"https:\/\/rentalpanda.es\/en\/?s={search_term_string}\"},\"query-input\":{\"@type\":\"PropertyValueSpecification\",\"valueRequired\":true,\"valueName\":\"search_term_string\"}}],\"inLanguage\":\"es\"},{\"@type\":\"Organization\",\"@id\":\"https:\/\/rentalpanda.es\/en\/#organization\",\"name\":\"Rentalpanda.es\",\"url\":\"https:\/\/rentalpanda.es\/en\/\",\"logo\":{\"@type\":\"ImageObject\",\"inLanguage\":\"es\",\"@id\":\"https:\/\/rentalpanda.es\/en\/#\/schema\/logo\/image\/\",\"url\":\"https:\/\/rentalpanda.es\/wp-content\/uploads\/2017\/02\/rentalpanda-logo-webseite-end.png\",\"contentUrl\":\"https:\/\/rentalpanda.es\/wp-content\/uploads\/2017\/02\/rentalpanda-logo-webseite-end.png\",\"width\":260,\"height\":71,\"caption\":\"Rentalpanda.es\"},\"image\":{\"@id\":\"https:\/\/rentalpanda.es\/en\/#\/schema\/logo\/image\/\"},\"sameAs\":[\"https:\/\/www.facebook.com\/rentalpandamallorca\"]}]}<\/script>\n<!-- \/ Yoast SEO plugin. -->","yoast_head_json":{"title":"Silla de Playa Plegable: Alquiler en Mallorca | RentalPanda.es","description":"Alquiler econ\u00f3mico de tumbonas con entrega directa a hotel, finca o aeropuerto. Rel\u00e1jate durante toda la vacaciones sin preocupaciones.","robots":{"index":"index","follow":"follow","max-snippet":"max-snippet:-1","max-image-preview":"max-image-preview:large","max-video-preview":"max-video-preview:-1"},"canonical":"https:\/\/rentalpanda.es\/es\/producto\/sillas-de-playa-plegables\/","og_locale":"es_ES","og_type":"article","og_title":"Strandliege Mieten: Mallorca Strandstuhl | RentalPanda.es","og_description":"Eine Strandliege mieten auf Mallorca, f\u00fcr die gesamte Urlaubszeit? Ja, so l\u00e4sst sich viel Geld sparen! Lieferung ins Hotel\/Finca, oder zum Flughafen.","og_url":"https:\/\/rentalpanda.es\/es\/producto\/sillas-de-playa-plegables\/","og_site_name":"RentalPanda.es","article_publisher":"https:\/\/www.facebook.com\/rentalpandamallorca","article_modified_time":"2025-03-03T03:29:20+00:00","og_image":[{"width":427,"height":480,"url":"https:\/\/rentalpanda.es\/wp-content\/uploads\/2017\/02\/strandstuhl-flach-mit-lehne.png","type":"image\/png"}],"twitter_card":"summary_large_image","twitter_misc":{"Tiempo de lectura":"1 minuto"},"schema":{"@context":"https:\/\/schema.org","@graph":[{"@type":"WebPage","@id":"https:\/\/rentalpanda.es\/produkt\/strandstuhl-flach-mit-armlehnen\/","url":"https:\/\/rentalpanda.es\/produkt\/strandstuhl-flach-mit-armlehnen\/","name":"Silla de Playa Plegable: Alquiler en Mallorca | RentalPanda.es","isPartOf":{"@id":"https:\/\/rentalpanda.es\/en\/#website"},"primaryImageOfPage":{"@id":"https:\/\/rentalpanda.es\/produkt\/strandstuhl-flach-mit-armlehnen\/#primaryimage"},"image":{"@id":"https:\/\/rentalpanda.es\/produkt\/strandstuhl-flach-mit-armlehnen\/#primaryimage"},"thumbnailUrl":"https:\/\/rentalpanda.es\/wp-content\/uploads\/2017\/02\/strandstuhl-flach-mit-lehne.png","datePublished":"2017-02-08T09:27:03+00:00","dateModified":"2025-03-03T03:29:20+00:00","description":"Alquiler econ\u00f3mico de tumbonas con entrega directa a hotel, finca o aeropuerto. Rel\u00e1jate durante toda la vacaciones sin preocupaciones.","breadcrumb":{"@id":"https:\/\/rentalpanda.es\/produkt\/strandstuhl-flach-mit-armlehnen\/#breadcrumb"},"inLanguage":"es","potentialAction":[{"@type":"ReadAction","target":["https:\/\/rentalpanda.es\/produkt\/strandstuhl-flach-mit-armlehnen\/"]}]},{"@type":"ImageObject","inLanguage":"es","@id":"https:\/\/rentalpanda.es\/produkt\/strandstuhl-flach-mit-armlehnen\/#primaryimage","url":"https:\/\/rentalpanda.es\/wp-content\/uploads\/2017\/02\/strandstuhl-flach-mit-lehne.png","contentUrl":"https:\/\/rentalpanda.es\/wp-content\/uploads\/2017\/02\/strandstuhl-flach-mit-lehne.png","width":427,"height":480,"caption":"Strandstuhl mit Armlehne mieten auf Mallorca"},{"@type":"BreadcrumbList","@id":"https:\/\/rentalpanda.es\/produkt\/strandstuhl-flach-mit-armlehnen\/#breadcrumb","itemListElement":[{"@type":"ListItem","position":1,"name":"Startseite","item":"https:\/\/rentalpanda.es\/"},{"@type":"ListItem","position":2,"name":"Shop","item":"https:\/\/rentalpanda.es\/shop\/"},{"@type":"ListItem","position":3,"name":"Strandstuhl Flach (mit Armlehnen) Strandliege Mieten"}]},{"@type":"WebSite","@id":"https:\/\/rentalpanda.es\/en\/#website","url":"https:\/\/rentalpanda.es\/en\/","name":"RentalPanda.es","description":"Baby, Beach &amp; Holiday Gear for Rent","publisher":{"@id":"https:\/\/rentalpanda.es\/en\/#organization"},"potentialAction":[{"@type":"SearchAction","target":{"@type":"EntryPoint","urlTemplate":"https:\/\/rentalpanda.es\/en\/?s={search_term_string}"},"query-input":{"@type":"PropertyValueSpecification","valueRequired":true,"valueName":"search_term_string"}}],"inLanguage":"es"},{"@type":"Organization","@id":"https:\/\/rentalpanda.es\/en\/#organization","name":"Rentalpanda.es","url":"https:\/\/rentalpanda.es\/en\/","logo":{"@type":"ImageObject","inLanguage":"es","@id":"https:\/\/rentalpanda.es\/en\/#\/schema\/logo\/image\/","url":"https:\/\/rentalpanda.es\/wp-content\/uploads\/2017\/02\/rentalpanda-logo-webseite-end.png","contentUrl":"https:\/\/rentalpanda.es\/wp-content\/uploads\/2017\/02\/rentalpanda-logo-webseite-end.png","width":260,"height":71,"caption":"Rentalpanda.es"},"image":{"@id":"https:\/\/rentalpanda.es\/en\/#\/schema\/logo\/image\/"},"sameAs":["https:\/\/www.facebook.com\/rentalpandamallorca"]}]}},"_links":{"self":[{"href":"https:\/\/rentalpanda.es\/es\/wp-json\/wp\/v2\/product\/1767","targetHints":{"allow":["GET"]}}],"collection":[{"href":"https:\/\/rentalpanda.es\/es\/wp-json\/wp\/v2\/product"}],"about":[{"href":"https:\/\/rentalpanda.es\/es\/wp-json\/wp\/v2\/types\/product"}],"replies":[{"embeddable":true,"href":"https:\/\/rentalpanda.es\/es\/wp-json\/wp\/v2\/comments?post=1767"}],"wp:featuredmedia":[{"embeddable":true,"href":"https:\/\/rentalpanda.es\/es\/wp-json\/wp\/v2\/media\/1787"}],"wp:attachment":[{"href":"https:\/\/rentalpanda.es\/es\/wp-json\/wp\/v2\/media?parent=1767"}],"wp:term":[{"taxonomy":"product_brand","embeddable":true,"href":"https:\/\/rentalpanda.es\/es\/wp-json\/wp\/v2\/product_brand?post=1767"},{"taxonomy":"product_cat","embeddable":true,"href":"https:\/\/rentalpanda.es\/es\/wp-json\/wp\/v2\/product_cat?post=1767"},{"taxonomy":"product_tag","embeddable":true,"href":"https:\/\/rentalpanda.es\/es\/wp-json\/wp\/v2\/product_tag?post=1767"}],"curies":[{"name":"wp","href":"https:\/\/api.w.org\/{rel}","templated":true}]}}