{"id":17658,"date":"2024-08-16T03:24:56","date_gmt":"2024-08-16T03:24:56","guid":{"rendered":"https:\/\/rentalpanda.es\/?post_type=product&#038;p=17658"},"modified":"2025-08-27T09:55:39","modified_gmt":"2025-08-27T09:55:39","slug":"scooter-movilidad-mallorca","status":"publish","type":"product","link":"https:\/\/rentalpanda.es\/es\/produkt\/elektromobil-mieten-mallorca\/","title":{"rendered":"Alquila Scooter de Movilidad en Mallorca"},"content":{"rendered":"<h2><strong>Alquila un Scooter de Movilidad en Mallorca para Personas Mayores<\/strong><\/h2>\n<p>El scooter de movilidad para alquilar en Mallorca: Pr\u00e1ctico, compacto y f\u00e1cil de desmontar y plegar. Cabe f\u00e1cilmente en el maletero de cualquier coche y se puede llevar a cualquier lugar. No es ni demasiado grande ni demasiado peque\u00f1o: \u00a1justo lo que necesitas para el uso diario!<\/p>\n<h2>Movilidad Mallorca: \u00a1Tu scooter de movilidad para una verdadera libertad!<\/h2>\n<p>El motor del Mobility Scooter Mallorca ofrece 500 vatios de potencia, permiti\u00e9ndote viajar a una velocidad m\u00e1xima de 8 km\/h, c\u00f3modo y seguro. El asiento se puede girar y ajustar en profundidad para mayor comodidad. El reposacabezas tambi\u00e9n es ajustable en altura. Adem\u00e1s, cuenta con un juego completo de luces y espejos, asegurando que siempre seas visible y tengas una vista clara.<\/p>\n<h3><strong>Alquila un Scooter de Movilidad en Mallorca: Los Beneficios<\/strong><\/h3>\n<p>Asientos ajustables<br \/>\nReposacabezas ajustable en altura<br \/>\nLuces para buena visibilidad<br \/>\nEspejos retrovisores<\/p>\n<h3>Scooter de Movilidad en Mallorca: Detalles T\u00e9cnicos<\/h3>\n<p>Longitud total: 119 cm<br \/>\nAncho: 63 cm<br \/>\nAltura: 120 cm<br \/>\nPeso total: 100 kg<br \/>\nCapacidad de carga m\u00e1xima: 135 kg<br \/>\nAutonom\u00eda de la bater\u00eda: 35-45 km<br \/>\nVelocidad m\u00e1xima: 8 km\/h<\/p>\n<p><em>\u00a1Alquila una silla de ruedas el\u00e9ctrica en Mallorca con RentalPanda!<\/em><\/p>","protected":false},"excerpt":{"rendered":"<p>\u00bfQuieres alquilar un <strong>scooter de movilidad el\u00e9ctrico en Mallorca?<\/strong>\u00a1Tiene un asiento ajustable y se puede conducir hasta 40 km con una sola carga de bater\u00eda!<\/p>","protected":false},"featured_media":17719,"comment_status":"open","ping_status":"closed","template":"","meta":[],"product_brand":[],"product_cat":[90,502],"product_tag":[1021],"class_list":{"0":"post-17658","1":"product","2":"type-product","3":"status-publish","4":"has-post-thumbnail","6":"product_cat-mieten","7":"product_cat-mobilitaet-alltagshilfen","8":"product_tag-elektromobil-mieten-mallorca","10":"first","11":"instock","12":"sold-individually","13":"taxable","14":"shipping-taxable","15":"purchasable","16":"product-type-simple"},"yoast_head":"<!-- This site is optimized with the Yoast SEO plugin v27.1.1 - https:\/\/yoast.com\/product\/yoast-seo-wordpress\/ -->\n<title>Elektromobil Mieten Mallorca | RentalPanda.es<\/title>\n<meta name=\"description\" content=\"Miete ein Elektromobil auf Mallorca: Mobility Scooter leicht &amp; zusammenklappbar. 500W Motor, 8 km\/h schnell, 40 km Reichweite. Ideal f\u00fcr Senioren!\" \/>\n<meta name=\"robots\" content=\"index, follow, max-snippet:-1, max-image-preview:large, max-video-preview:-1\" \/>\n<link rel=\"canonical\" href=\"https:\/\/rentalpanda.es\/es\/producto\/scooter-movilidad-mallorca\/\" \/>\n<meta property=\"og:locale\" content=\"es_ES\" \/>\n<meta property=\"og:type\" content=\"article\" \/>\n<meta property=\"og:title\" content=\"Elektromobil Mieten Mallorca | RentalPanda.es\" \/>\n<meta property=\"og:description\" content=\"Miete ein Elektromobil auf Mallorca: Mobility Scooter leicht &amp; zusammenklappbar. 500W Motor, 8 km\/h schnell, 40 km Reichweite. Ideal f\u00fcr Senioren!\" \/>\n<meta property=\"og:url\" content=\"https:\/\/rentalpanda.es\/es\/producto\/scooter-movilidad-mallorca\/\" \/>\n<meta property=\"og:site_name\" content=\"RentalPanda.es\" \/>\n<meta property=\"article:publisher\" content=\"https:\/\/www.facebook.com\/rentalpandamallorca\" \/>\n<meta property=\"article:modified_time\" content=\"2025-08-27T09:55:39+00:00\" \/>\n<meta property=\"og:image\" content=\"https:\/\/rentalpanda.es\/wp-content\/uploads\/2024\/08\/elektromobil-mieten-mallorca.png\" \/>\n\t<meta property=\"og:image:width\" content=\"427\" \/>\n\t<meta property=\"og:image:height\" content=\"480\" \/>\n\t<meta property=\"og:image:type\" content=\"image\/png\" \/>\n<meta name=\"twitter:card\" content=\"summary_large_image\" \/>\n<meta name=\"twitter:label1\" content=\"Tiempo de lectura\" \/>\n\t<meta name=\"twitter:data1\" content=\"1 minuto\" \/>\n<script type=\"application\/ld+json\" class=\"yoast-schema-graph\">{\"@context\":\"https:\/\/schema.org\",\"@graph\":[{\"@type\":\"WebPage\",\"@id\":\"https:\/\/rentalpanda.es\/produkt\/elektromobil-mieten-mallorca\/\",\"url\":\"https:\/\/rentalpanda.es\/produkt\/elektromobil-mieten-mallorca\/\",\"name\":\"Elektromobil Mieten Mallorca | RentalPanda.es\",\"isPartOf\":{\"@id\":\"https:\/\/rentalpanda.es\/en\/#website\"},\"primaryImageOfPage\":{\"@id\":\"https:\/\/rentalpanda.es\/produkt\/elektromobil-mieten-mallorca\/#primaryimage\"},\"image\":{\"@id\":\"https:\/\/rentalpanda.es\/produkt\/elektromobil-mieten-mallorca\/#primaryimage\"},\"thumbnailUrl\":\"https:\/\/rentalpanda.es\/wp-content\/uploads\/2024\/08\/elektromobil-mieten-mallorca.png\",\"datePublished\":\"2024-08-16T03:24:56+00:00\",\"dateModified\":\"2025-08-27T09:55:39+00:00\",\"description\":\"Miete ein Elektromobil auf Mallorca: Mobility Scooter leicht & zusammenklappbar. 500W Motor, 8 km\/h schnell, 40 km Reichweite. Ideal f\u00fcr Senioren!\",\"breadcrumb\":{\"@id\":\"https:\/\/rentalpanda.es\/produkt\/elektromobil-mieten-mallorca\/#breadcrumb\"},\"inLanguage\":\"es\",\"potentialAction\":[{\"@type\":\"ReadAction\",\"target\":[\"https:\/\/rentalpanda.es\/produkt\/elektromobil-mieten-mallorca\/\"]}]},{\"@type\":\"ImageObject\",\"inLanguage\":\"es\",\"@id\":\"https:\/\/rentalpanda.es\/produkt\/elektromobil-mieten-mallorca\/#primaryimage\",\"url\":\"https:\/\/rentalpanda.es\/wp-content\/uploads\/2024\/08\/elektromobil-mieten-mallorca.png\",\"contentUrl\":\"https:\/\/rentalpanda.es\/wp-content\/uploads\/2024\/08\/elektromobil-mieten-mallorca.png\",\"width\":427,\"height\":480,\"caption\":\"elektromobil-mieten-mallorca\"},{\"@type\":\"BreadcrumbList\",\"@id\":\"https:\/\/rentalpanda.es\/produkt\/elektromobil-mieten-mallorca\/#breadcrumb\",\"itemListElement\":[{\"@type\":\"ListItem\",\"position\":1,\"name\":\"Startseite\",\"item\":\"https:\/\/rentalpanda.es\/\"},{\"@type\":\"ListItem\",\"position\":2,\"name\":\"Shop\",\"item\":\"https:\/\/rentalpanda.es\/shop\/\"},{\"@type\":\"ListItem\",\"position\":3,\"name\":\"Elektromobil Mieten Mallorca\"}]},{\"@type\":\"WebSite\",\"@id\":\"https:\/\/rentalpanda.es\/en\/#website\",\"url\":\"https:\/\/rentalpanda.es\/en\/\",\"name\":\"RentalPanda.es\",\"description\":\"Baby, Beach &amp; Holiday Gear for Rent\",\"publisher\":{\"@id\":\"https:\/\/rentalpanda.es\/en\/#organization\"},\"potentialAction\":[{\"@type\":\"SearchAction\",\"target\":{\"@type\":\"EntryPoint\",\"urlTemplate\":\"https:\/\/rentalpanda.es\/en\/?s={search_term_string}\"},\"query-input\":{\"@type\":\"PropertyValueSpecification\",\"valueRequired\":true,\"valueName\":\"search_term_string\"}}],\"inLanguage\":\"es\"},{\"@type\":\"Organization\",\"@id\":\"https:\/\/rentalpanda.es\/en\/#organization\",\"name\":\"Rentalpanda.es\",\"url\":\"https:\/\/rentalpanda.es\/en\/\",\"logo\":{\"@type\":\"ImageObject\",\"inLanguage\":\"es\",\"@id\":\"https:\/\/rentalpanda.es\/en\/#\/schema\/logo\/image\/\",\"url\":\"https:\/\/rentalpanda.es\/wp-content\/uploads\/2017\/02\/rentalpanda-logo-webseite-end.png\",\"contentUrl\":\"https:\/\/rentalpanda.es\/wp-content\/uploads\/2017\/02\/rentalpanda-logo-webseite-end.png\",\"width\":260,\"height\":71,\"caption\":\"Rentalpanda.es\"},\"image\":{\"@id\":\"https:\/\/rentalpanda.es\/en\/#\/schema\/logo\/image\/\"},\"sameAs\":[\"https:\/\/www.facebook.com\/rentalpandamallorca\"]}]}<\/script>\n<!-- \/ Yoast SEO plugin. -->","yoast_head_json":{"title":"Alquiler Scooter de Movilidad en Mallorca | RentalPanda.es","description":"Alquila un scooter el\u00e9ctrico en Mallorca: Scooter de movilidad ligero y plegable. Motor de 500W, velocidad de 8 km\/h, autonom\u00eda de 40 km. \u00a1Ideal para personas mayores!","robots":{"index":"index","follow":"follow","max-snippet":"max-snippet:-1","max-image-preview":"max-image-preview:large","max-video-preview":"max-video-preview:-1"},"canonical":"https:\/\/rentalpanda.es\/es\/producto\/scooter-movilidad-mallorca\/","og_locale":"es_ES","og_type":"article","og_title":"Elektromobil Mieten Mallorca | RentalPanda.es","og_description":"Miete ein Elektromobil auf Mallorca: Mobility Scooter leicht & zusammenklappbar. 500W Motor, 8 km\/h schnell, 40 km Reichweite. Ideal f\u00fcr Senioren!","og_url":"https:\/\/rentalpanda.es\/es\/producto\/scooter-movilidad-mallorca\/","og_site_name":"RentalPanda.es","article_publisher":"https:\/\/www.facebook.com\/rentalpandamallorca","article_modified_time":"2025-08-27T09:55:39+00:00","og_image":[{"width":427,"height":480,"url":"https:\/\/rentalpanda.es\/wp-content\/uploads\/2024\/08\/elektromobil-mieten-mallorca.png","type":"image\/png"}],"twitter_card":"summary_large_image","twitter_misc":{"Tiempo de lectura":"1 minuto"},"schema":{"@context":"https:\/\/schema.org","@graph":[{"@type":"WebPage","@id":"https:\/\/rentalpanda.es\/produkt\/elektromobil-mieten-mallorca\/","url":"https:\/\/rentalpanda.es\/produkt\/elektromobil-mieten-mallorca\/","name":"Alquiler Scooter de Movilidad en Mallorca | RentalPanda.es","isPartOf":{"@id":"https:\/\/rentalpanda.es\/en\/#website"},"primaryImageOfPage":{"@id":"https:\/\/rentalpanda.es\/produkt\/elektromobil-mieten-mallorca\/#primaryimage"},"image":{"@id":"https:\/\/rentalpanda.es\/produkt\/elektromobil-mieten-mallorca\/#primaryimage"},"thumbnailUrl":"https:\/\/rentalpanda.es\/wp-content\/uploads\/2024\/08\/elektromobil-mieten-mallorca.png","datePublished":"2024-08-16T03:24:56+00:00","dateModified":"2025-08-27T09:55:39+00:00","description":"Alquila un scooter el\u00e9ctrico en Mallorca: Scooter de movilidad ligero y plegable. Motor de 500W, velocidad de 8 km\/h, autonom\u00eda de 40 km. \u00a1Ideal para personas mayores!","breadcrumb":{"@id":"https:\/\/rentalpanda.es\/produkt\/elektromobil-mieten-mallorca\/#breadcrumb"},"inLanguage":"es","potentialAction":[{"@type":"ReadAction","target":["https:\/\/rentalpanda.es\/produkt\/elektromobil-mieten-mallorca\/"]}]},{"@type":"ImageObject","inLanguage":"es","@id":"https:\/\/rentalpanda.es\/produkt\/elektromobil-mieten-mallorca\/#primaryimage","url":"https:\/\/rentalpanda.es\/wp-content\/uploads\/2024\/08\/elektromobil-mieten-mallorca.png","contentUrl":"https:\/\/rentalpanda.es\/wp-content\/uploads\/2024\/08\/elektromobil-mieten-mallorca.png","width":427,"height":480,"caption":"elektromobil-mieten-mallorca"},{"@type":"BreadcrumbList","@id":"https:\/\/rentalpanda.es\/produkt\/elektromobil-mieten-mallorca\/#breadcrumb","itemListElement":[{"@type":"ListItem","position":1,"name":"Startseite","item":"https:\/\/rentalpanda.es\/"},{"@type":"ListItem","position":2,"name":"Shop","item":"https:\/\/rentalpanda.es\/shop\/"},{"@type":"ListItem","position":3,"name":"Elektromobil Mieten Mallorca"}]},{"@type":"WebSite","@id":"https:\/\/rentalpanda.es\/en\/#website","url":"https:\/\/rentalpanda.es\/en\/","name":"RentalPanda.es","description":"Baby, Beach &amp; Holiday Gear for Rent","publisher":{"@id":"https:\/\/rentalpanda.es\/en\/#organization"},"potentialAction":[{"@type":"SearchAction","target":{"@type":"EntryPoint","urlTemplate":"https:\/\/rentalpanda.es\/en\/?s={search_term_string}"},"query-input":{"@type":"PropertyValueSpecification","valueRequired":true,"valueName":"search_term_string"}}],"inLanguage":"es"},{"@type":"Organization","@id":"https:\/\/rentalpanda.es\/en\/#organization","name":"Rentalpanda.es","url":"https:\/\/rentalpanda.es\/en\/","logo":{"@type":"ImageObject","inLanguage":"es","@id":"https:\/\/rentalpanda.es\/en\/#\/schema\/logo\/image\/","url":"https:\/\/rentalpanda.es\/wp-content\/uploads\/2017\/02\/rentalpanda-logo-webseite-end.png","contentUrl":"https:\/\/rentalpanda.es\/wp-content\/uploads\/2017\/02\/rentalpanda-logo-webseite-end.png","width":260,"height":71,"caption":"Rentalpanda.es"},"image":{"@id":"https:\/\/rentalpanda.es\/en\/#\/schema\/logo\/image\/"},"sameAs":["https:\/\/www.facebook.com\/rentalpandamallorca"]}]}},"_links":{"self":[{"href":"https:\/\/rentalpanda.es\/es\/wp-json\/wp\/v2\/product\/17658","targetHints":{"allow":["GET"]}}],"collection":[{"href":"https:\/\/rentalpanda.es\/es\/wp-json\/wp\/v2\/product"}],"about":[{"href":"https:\/\/rentalpanda.es\/es\/wp-json\/wp\/v2\/types\/product"}],"replies":[{"embeddable":true,"href":"https:\/\/rentalpanda.es\/es\/wp-json\/wp\/v2\/comments?post=17658"}],"wp:featuredmedia":[{"embeddable":true,"href":"https:\/\/rentalpanda.es\/es\/wp-json\/wp\/v2\/media\/17719"}],"wp:attachment":[{"href":"https:\/\/rentalpanda.es\/es\/wp-json\/wp\/v2\/media?parent=17658"}],"wp:term":[{"taxonomy":"product_brand","embeddable":true,"href":"https:\/\/rentalpanda.es\/es\/wp-json\/wp\/v2\/product_brand?post=17658"},{"taxonomy":"product_cat","embeddable":true,"href":"https:\/\/rentalpanda.es\/es\/wp-json\/wp\/v2\/product_cat?post=17658"},{"taxonomy":"product_tag","embeddable":true,"href":"https:\/\/rentalpanda.es\/es\/wp-json\/wp\/v2\/product_tag?post=17658"}],"curies":[{"name":"wp","href":"https:\/\/api.w.org\/{rel}","templated":true}]}}