{"id":16662,"date":"2024-06-10T06:26:02","date_gmt":"2024-06-10T06:26:02","guid":{"rendered":"https:\/\/rentalpanda.es\/?post_type=product&#038;p=16662"},"modified":"2025-02-14T02:19:39","modified_gmt":"2025-02-14T02:19:39","slug":"alquiler-silla-de-ruedas-mallorca","status":"publish","type":"product","link":"https:\/\/rentalpanda.es\/es\/produkt\/rollstuhl-mieten-mallorca\/","title":{"rendered":"Alquiler de Sillas de Ruedas en Mallorca: Para Personas Mayores o con Movilidad Reducida"},"content":{"rendered":"<h2><b>Alquila Silla de Ruedas Plegable en Mallorca para M\u00e1xima Movilidad<\/b><\/h2>\n<p>Silla de ruedas f\u00e1cilmente almacenable para un transporte conveniente, que se puede plegar sin esfuerzo. Con un asiento ergon\u00f3mico y respaldo ajustable, permite ajustes individuales asegurando un confort \u00f3ptimo. La silla de ruedas puede ser completamente inmovilizada: Tire de la palanca de freno ubicada junto a la rueda y las ruedas quedar\u00e1n bloqueadas.<\/p>\n<h2>Alquiler en Mallorca: Silla de Ruedas con Reposapi\u00e9s Ajustables en Altura<\/h2>\n<p>La silla de ruedas extremadamente robusta cuenta con grandes ruedas autopropulsadas. Las ruedas traseras se pueden quitar usando un pasador y una tuerca, facilitando el almacenamiento y transporte. Los reposapi\u00e9s son plegables y ajustables en altura, y los reposabrazos son firmes y c\u00f3modos.<\/p>\n<h3><b>Alquilar una Silla de Ruedas en Mallorca: Los Beneficios<\/b><\/h3>\n<ul>\n<li>Plegable con un marco de acero<\/li>\n<li>Sistema de frenado manual<\/li>\n<li>Reposabrazos plegables para facilitar el acceso a la silla<\/li>\n<li>Reposapi\u00e9s ajustables en altura y plegables<\/li>\n<li>Bolsillo para documentos<\/li>\n<\/ul>\n<h3>Especificaciones T\u00e9cnicas de la Silla de Ruedas en Mallorca<\/h3>\n<p>Peso: 16 kg<br \/>\nDimensiones asiento: 48x40 cm<br \/>\nDimensiones desplegadas (Ancho x Alto): 65x91 cm<br \/>\nCarga m\u00e1xima: 110 kg<br \/>\nDi\u00e1metro rueda delantera: 20 cm<br \/>\nDi\u00e1metro rueda trasera: 60 cm<\/p>\n<p>\u00a1Alquila sillas de ruedas en Mallorca con RentalPanda!<\/p>","protected":false},"excerpt":{"rendered":"<p>La <strong>silla de ruedas plegable,<\/strong> ligera y robusta ofrece m\u00e1xima movilidad, seguridad y comodidad. Ideal para personas mayores o con problemas de movilidad.<\/p>\n<p>BITTE BEACHTEN: Anreise- und Abreisetag z\u00e4hlen jeweils als volle Miettage (weder am ersten noch am letzten Tag k\u00f6nnen die Produkte anderweitig vermietet werden).<\/p>","protected":false},"featured_media":16687,"comment_status":"open","ping_status":"closed","template":"","meta":[],"product_brand":[],"product_cat":[90,502],"product_tag":[510,1006,1005],"class_list":{"0":"post-16662","1":"product","2":"type-product","3":"status-publish","4":"has-post-thumbnail","6":"product_cat-mieten","7":"product_cat-mobilitaet-alltagshilfen","8":"product_tag-rollstuhl","9":"product_tag-rollstuhl-mallorca","10":"product_tag-rollstuhl-mieten","12":"first","13":"instock","14":"taxable","15":"shipping-taxable","16":"purchasable","17":"product-type-simple"},"yoast_head":"<!-- This site is optimized with the Yoast SEO plugin v27.1.1 - https:\/\/yoast.com\/product\/yoast-seo-wordpress\/ -->\n<title>Rollstuhl Mieten Mallorca: F\u00fcr Senioren &amp; Gehbehinderte<\/title>\n<meta name=\"description\" content=\"Miete deinen Rollstuhl auf Mallorca f\u00fcr barrierefreien Urlaub! Bequem, komfortabel und einfach zu reservieren. Erlebe Freiheit \u2013 buche jetzt!\" \/>\n<meta name=\"robots\" content=\"index, follow, max-snippet:-1, max-image-preview:large, max-video-preview:-1\" \/>\n<link rel=\"canonical\" href=\"https:\/\/rentalpanda.es\/es\/producto\/alquiler-silla-de-ruedas-mallorca\/\" \/>\n<meta property=\"og:locale\" content=\"es_ES\" \/>\n<meta property=\"og:type\" content=\"article\" \/>\n<meta property=\"og:title\" content=\"Rollstuhl Mieten Mallorca: F\u00fcr Senioren &amp; Gehbehinderte\" \/>\n<meta property=\"og:description\" content=\"Miete deinen Rollstuhl auf Mallorca f\u00fcr barrierefreien Urlaub! Bequem, komfortabel und einfach zu reservieren. Erlebe Freiheit \u2013 buche jetzt!\" \/>\n<meta property=\"og:url\" content=\"https:\/\/rentalpanda.es\/es\/producto\/alquiler-silla-de-ruedas-mallorca\/\" \/>\n<meta property=\"og:site_name\" content=\"RentalPanda.es\" \/>\n<meta property=\"article:publisher\" content=\"https:\/\/www.facebook.com\/rentalpandamallorca\" \/>\n<meta property=\"article:modified_time\" content=\"2025-02-14T02:19:39+00:00\" \/>\n<meta property=\"og:image\" content=\"https:\/\/rentalpanda.es\/wp-content\/uploads\/2024\/06\/rollstuhl_mieten_mallorca.png\" \/>\n\t<meta property=\"og:image:width\" content=\"427\" \/>\n\t<meta property=\"og:image:height\" content=\"480\" \/>\n\t<meta property=\"og:image:type\" content=\"image\/png\" \/>\n<meta name=\"twitter:card\" content=\"summary_large_image\" \/>\n<meta name=\"twitter:label1\" content=\"Tiempo de lectura\" \/>\n\t<meta name=\"twitter:data1\" content=\"2 minutos\" \/>\n<script type=\"application\/ld+json\" class=\"yoast-schema-graph\">{\"@context\":\"https:\/\/schema.org\",\"@graph\":[{\"@type\":\"WebPage\",\"@id\":\"https:\/\/rentalpanda.es\/produkt\/rollstuhl-mieten-mallorca\/\",\"url\":\"https:\/\/rentalpanda.es\/produkt\/rollstuhl-mieten-mallorca\/\",\"name\":\"Rollstuhl Mieten Mallorca: F\u00fcr Senioren & Gehbehinderte\",\"isPartOf\":{\"@id\":\"https:\/\/rentalpanda.es\/en\/#website\"},\"primaryImageOfPage\":{\"@id\":\"https:\/\/rentalpanda.es\/produkt\/rollstuhl-mieten-mallorca\/#primaryimage\"},\"image\":{\"@id\":\"https:\/\/rentalpanda.es\/produkt\/rollstuhl-mieten-mallorca\/#primaryimage\"},\"thumbnailUrl\":\"https:\/\/rentalpanda.es\/wp-content\/uploads\/2024\/06\/rollstuhl_mieten_mallorca.png\",\"datePublished\":\"2024-06-10T06:26:02+00:00\",\"dateModified\":\"2025-02-14T02:19:39+00:00\",\"description\":\"Miete deinen Rollstuhl auf Mallorca f\u00fcr barrierefreien Urlaub! Bequem, komfortabel und einfach zu reservieren. Erlebe Freiheit \u2013 buche jetzt!\",\"breadcrumb\":{\"@id\":\"https:\/\/rentalpanda.es\/produkt\/rollstuhl-mieten-mallorca\/#breadcrumb\"},\"inLanguage\":\"es\",\"potentialAction\":[{\"@type\":\"ReadAction\",\"target\":[\"https:\/\/rentalpanda.es\/produkt\/rollstuhl-mieten-mallorca\/\"]}]},{\"@type\":\"ImageObject\",\"inLanguage\":\"es\",\"@id\":\"https:\/\/rentalpanda.es\/produkt\/rollstuhl-mieten-mallorca\/#primaryimage\",\"url\":\"https:\/\/rentalpanda.es\/wp-content\/uploads\/2024\/06\/rollstuhl_mieten_mallorca.png\",\"contentUrl\":\"https:\/\/rentalpanda.es\/wp-content\/uploads\/2024\/06\/rollstuhl_mieten_mallorca.png\",\"width\":427,\"height\":480,\"caption\":\"rollstuhl_mieten_mallorca\"},{\"@type\":\"BreadcrumbList\",\"@id\":\"https:\/\/rentalpanda.es\/produkt\/rollstuhl-mieten-mallorca\/#breadcrumb\",\"itemListElement\":[{\"@type\":\"ListItem\",\"position\":1,\"name\":\"Startseite\",\"item\":\"https:\/\/rentalpanda.es\/\"},{\"@type\":\"ListItem\",\"position\":2,\"name\":\"Shop\",\"item\":\"https:\/\/rentalpanda.es\/shop\/\"},{\"@type\":\"ListItem\",\"position\":3,\"name\":\"Rollstuhl Vermietung Mallorca: F\u00fcr Senioren &#038; Gehbehinderte\"}]},{\"@type\":\"WebSite\",\"@id\":\"https:\/\/rentalpanda.es\/en\/#website\",\"url\":\"https:\/\/rentalpanda.es\/en\/\",\"name\":\"RentalPanda.es\",\"description\":\"Baby, Beach &amp; Holiday Gear for Rent\",\"publisher\":{\"@id\":\"https:\/\/rentalpanda.es\/en\/#organization\"},\"potentialAction\":[{\"@type\":\"SearchAction\",\"target\":{\"@type\":\"EntryPoint\",\"urlTemplate\":\"https:\/\/rentalpanda.es\/en\/?s={search_term_string}\"},\"query-input\":{\"@type\":\"PropertyValueSpecification\",\"valueRequired\":true,\"valueName\":\"search_term_string\"}}],\"inLanguage\":\"es\"},{\"@type\":\"Organization\",\"@id\":\"https:\/\/rentalpanda.es\/en\/#organization\",\"name\":\"Rentalpanda.es\",\"url\":\"https:\/\/rentalpanda.es\/en\/\",\"logo\":{\"@type\":\"ImageObject\",\"inLanguage\":\"es\",\"@id\":\"https:\/\/rentalpanda.es\/en\/#\/schema\/logo\/image\/\",\"url\":\"https:\/\/rentalpanda.es\/wp-content\/uploads\/2017\/02\/rentalpanda-logo-webseite-end.png\",\"contentUrl\":\"https:\/\/rentalpanda.es\/wp-content\/uploads\/2017\/02\/rentalpanda-logo-webseite-end.png\",\"width\":260,\"height\":71,\"caption\":\"Rentalpanda.es\"},\"image\":{\"@id\":\"https:\/\/rentalpanda.es\/en\/#\/schema\/logo\/image\/\"},\"sameAs\":[\"https:\/\/www.facebook.com\/rentalpandamallorca\"]}]}<\/script>\n<!-- \/ Yoast SEO plugin. -->","yoast_head_json":{"title":"Alquiler de Sillas de Ruedas en Mallorca | RentalPanda.es","description":"Alquila una silla de ruedas en Mallorca para unas vacaciones accesibles! C\u00f3moda, conveniente y f\u00e1cil de reservar. \u00a1Vive la libertad \u2013 reserva ahora!","robots":{"index":"index","follow":"follow","max-snippet":"max-snippet:-1","max-image-preview":"max-image-preview:large","max-video-preview":"max-video-preview:-1"},"canonical":"https:\/\/rentalpanda.es\/es\/producto\/alquiler-silla-de-ruedas-mallorca\/","og_locale":"es_ES","og_type":"article","og_title":"Rollstuhl Mieten Mallorca: F\u00fcr Senioren & Gehbehinderte","og_description":"Miete deinen Rollstuhl auf Mallorca f\u00fcr barrierefreien Urlaub! Bequem, komfortabel und einfach zu reservieren. Erlebe Freiheit \u2013 buche jetzt!","og_url":"https:\/\/rentalpanda.es\/es\/producto\/alquiler-silla-de-ruedas-mallorca\/","og_site_name":"RentalPanda.es","article_publisher":"https:\/\/www.facebook.com\/rentalpandamallorca","article_modified_time":"2025-02-14T02:19:39+00:00","og_image":[{"width":427,"height":480,"url":"https:\/\/rentalpanda.es\/wp-content\/uploads\/2024\/06\/rollstuhl_mieten_mallorca.png","type":"image\/png"}],"twitter_card":"summary_large_image","twitter_misc":{"Tiempo de lectura":"2 minutos"},"schema":{"@context":"https:\/\/schema.org","@graph":[{"@type":"WebPage","@id":"https:\/\/rentalpanda.es\/produkt\/rollstuhl-mieten-mallorca\/","url":"https:\/\/rentalpanda.es\/produkt\/rollstuhl-mieten-mallorca\/","name":"Alquiler de Sillas de Ruedas en Mallorca | RentalPanda.es","isPartOf":{"@id":"https:\/\/rentalpanda.es\/en\/#website"},"primaryImageOfPage":{"@id":"https:\/\/rentalpanda.es\/produkt\/rollstuhl-mieten-mallorca\/#primaryimage"},"image":{"@id":"https:\/\/rentalpanda.es\/produkt\/rollstuhl-mieten-mallorca\/#primaryimage"},"thumbnailUrl":"https:\/\/rentalpanda.es\/wp-content\/uploads\/2024\/06\/rollstuhl_mieten_mallorca.png","datePublished":"2024-06-10T06:26:02+00:00","dateModified":"2025-02-14T02:19:39+00:00","description":"Alquila una silla de ruedas en Mallorca para unas vacaciones accesibles! C\u00f3moda, conveniente y f\u00e1cil de reservar. \u00a1Vive la libertad \u2013 reserva ahora!","breadcrumb":{"@id":"https:\/\/rentalpanda.es\/produkt\/rollstuhl-mieten-mallorca\/#breadcrumb"},"inLanguage":"es","potentialAction":[{"@type":"ReadAction","target":["https:\/\/rentalpanda.es\/produkt\/rollstuhl-mieten-mallorca\/"]}]},{"@type":"ImageObject","inLanguage":"es","@id":"https:\/\/rentalpanda.es\/produkt\/rollstuhl-mieten-mallorca\/#primaryimage","url":"https:\/\/rentalpanda.es\/wp-content\/uploads\/2024\/06\/rollstuhl_mieten_mallorca.png","contentUrl":"https:\/\/rentalpanda.es\/wp-content\/uploads\/2024\/06\/rollstuhl_mieten_mallorca.png","width":427,"height":480,"caption":"rollstuhl_mieten_mallorca"},{"@type":"BreadcrumbList","@id":"https:\/\/rentalpanda.es\/produkt\/rollstuhl-mieten-mallorca\/#breadcrumb","itemListElement":[{"@type":"ListItem","position":1,"name":"Startseite","item":"https:\/\/rentalpanda.es\/"},{"@type":"ListItem","position":2,"name":"Shop","item":"https:\/\/rentalpanda.es\/shop\/"},{"@type":"ListItem","position":3,"name":"Rollstuhl Vermietung Mallorca: F\u00fcr Senioren &#038; Gehbehinderte"}]},{"@type":"WebSite","@id":"https:\/\/rentalpanda.es\/en\/#website","url":"https:\/\/rentalpanda.es\/en\/","name":"RentalPanda.es","description":"Baby, Beach &amp; Holiday Gear for Rent","publisher":{"@id":"https:\/\/rentalpanda.es\/en\/#organization"},"potentialAction":[{"@type":"SearchAction","target":{"@type":"EntryPoint","urlTemplate":"https:\/\/rentalpanda.es\/en\/?s={search_term_string}"},"query-input":{"@type":"PropertyValueSpecification","valueRequired":true,"valueName":"search_term_string"}}],"inLanguage":"es"},{"@type":"Organization","@id":"https:\/\/rentalpanda.es\/en\/#organization","name":"Rentalpanda.es","url":"https:\/\/rentalpanda.es\/en\/","logo":{"@type":"ImageObject","inLanguage":"es","@id":"https:\/\/rentalpanda.es\/en\/#\/schema\/logo\/image\/","url":"https:\/\/rentalpanda.es\/wp-content\/uploads\/2017\/02\/rentalpanda-logo-webseite-end.png","contentUrl":"https:\/\/rentalpanda.es\/wp-content\/uploads\/2017\/02\/rentalpanda-logo-webseite-end.png","width":260,"height":71,"caption":"Rentalpanda.es"},"image":{"@id":"https:\/\/rentalpanda.es\/en\/#\/schema\/logo\/image\/"},"sameAs":["https:\/\/www.facebook.com\/rentalpandamallorca"]}]}},"_links":{"self":[{"href":"https:\/\/rentalpanda.es\/es\/wp-json\/wp\/v2\/product\/16662","targetHints":{"allow":["GET"]}}],"collection":[{"href":"https:\/\/rentalpanda.es\/es\/wp-json\/wp\/v2\/product"}],"about":[{"href":"https:\/\/rentalpanda.es\/es\/wp-json\/wp\/v2\/types\/product"}],"replies":[{"embeddable":true,"href":"https:\/\/rentalpanda.es\/es\/wp-json\/wp\/v2\/comments?post=16662"}],"wp:featuredmedia":[{"embeddable":true,"href":"https:\/\/rentalpanda.es\/es\/wp-json\/wp\/v2\/media\/16687"}],"wp:attachment":[{"href":"https:\/\/rentalpanda.es\/es\/wp-json\/wp\/v2\/media?parent=16662"}],"wp:term":[{"taxonomy":"product_brand","embeddable":true,"href":"https:\/\/rentalpanda.es\/es\/wp-json\/wp\/v2\/product_brand?post=16662"},{"taxonomy":"product_cat","embeddable":true,"href":"https:\/\/rentalpanda.es\/es\/wp-json\/wp\/v2\/product_cat?post=16662"},{"taxonomy":"product_tag","embeddable":true,"href":"https:\/\/rentalpanda.es\/es\/wp-json\/wp\/v2\/product_tag?post=16662"}],"curies":[{"name":"wp","href":"https:\/\/api.w.org\/{rel}","templated":true}]}}