{"id":1665,"date":"2017-02-03T10:55:46","date_gmt":"2017-02-03T10:55:46","guid":{"rendered":"http:\/\/rentalpanda.es\/produkt\/baby-wippe-bouncer\/"},"modified":"2026-04-15T03:17:02","modified_gmt":"2026-04-15T02:17:02","slug":"hamaca-balancin-para-alquilar-mallorca","status":"publish","type":"product","link":"https:\/\/rentalpanda.es\/es\/produkt\/baby-wippe-bouncer\/","title":{"rendered":"Hamaca Balanc\u00edn Beb\u00e9"},"content":{"rendered":"<h2><strong>Hamaca Balanc\u00edn Beb\u00e9<\/strong><\/h2>\n<p>\u00a1Incluso durante las vacaciones, sus beb\u00e9s no deber\u00edan renunciar a la comodidad, la relajaci\u00f3n y la paz! Esta es la raz\u00f3n por la cual RentalPanda Mallorca le ofrece hamacas balancines para beb\u00e9s, que le dar\u00e1n a su beb\u00e9 m\u00e1s diversi\u00f3n para balancearse, jugar y descansar. La hamaca tiene un \u00e1rea reclinable bien acolchada para una comodidad c\u00f3moda y suave para sentarse y acostarse. \u00a1El sistema de resorte asegura que tu beb\u00e9 realmente pueda balancearse maravillosamente! La hamaca de alquiler es adecuado para beb\u00e9s desde el nacimiento y el asiento se puede reclinar.<\/p>\n<h2>Hamaca Balanc\u00edn Beb\u00e9: Alquilar en Mallorca<\/h2>\n<p>Debido al sistema de cintur\u00f3n, su beb\u00e9 siempre est\u00e1 muy seguro. Si su peque\u00f1o quiere tomar una siesta, el balanc\u00edn se puede arreglar f\u00e1cilmente y el respaldo se puede ajustar en cuatro posiciones diferentes. \u00a1Qu\u00e9 pr\u00e1ctico! Las asas de transporte le permiten transportar a su beb\u00e9 c\u00f3modamente en el subibaja en todas partes. La cubierta se limpia a fondo y se esteriliza con vapor antes de cada uso.<\/p>\n<h3>Beneficios Hamaca Balanc\u00edn Beb\u00e9 (Mallorca):<\/h3>\n<ul>\n<li>Genial para jugar y relajarse<\/li>\n<li>Descanso y sue\u00f1o c\u00f3modos<\/li>\n<li>Se puede usar en cualquier lugar<\/li>\n<li>Muy suave acolchado<\/li>\n<\/ul>\n<h3>Hamaca Balanc\u00edn Beb\u00e9: Detalles t\u00e9cnicos:<\/h3>\n<p>Peso: 3.5kg<br \/>\nDimensiones AAP: 42x62x78cm<\/p>\n<p>Adecuado para beb\u00e9s y ni\u00f1os peque\u00f1os con un peso entre 0-8 kg.<\/p>","protected":false},"excerpt":{"rendered":"<p><strong>Hamaca balanc\u00edn beb\u00e9<\/strong> para jugar, descansar y relajarse. Esta es una silla de beb\u00e9 c\u00f3moda con un \u00e1rea reclinable bien acolchada y un sistema de cintur\u00f3n seguro. Es ajustable en diferentes posiciones.<\/p>\n<p>TENGA EN CUENTA: D\u00eda de llegada + d\u00eda de salida = 2 d\u00edas completos de alquiler (ni el 1er ni el \u00faltimo d\u00eda, los productos se pueden alquilar en otro lugar).<\/p>","protected":false},"featured_media":22901,"comment_status":"open","ping_status":"closed","template":"","meta":[],"product_brand":[],"product_cat":[87,90,98,97],"product_tag":[858,200,1282],"class_list":{"0":"post-1665","1":"product","2":"type-product","3":"status-publish","4":"has-post-thumbnail","6":"product_cat-baby-kind","7":"product_cat-mieten","8":"product_cat-schlafen","9":"product_cat-spielen","10":"product_tag-baby-wippe","11":"product_tag-babywippe","12":"product_tag-babywippe-mieten-mallorca","14":"first","15":"instock","16":"taxable","17":"shipping-taxable","18":"purchasable","19":"product-type-simple"},"yoast_head":"<!-- This site is optimized with the Yoast SEO plugin v27.1.1 - https:\/\/yoast.com\/product\/yoast-seo-wordpress\/ -->\n<title>Babyartikel Mieten Mallorca: Baby Wippe Cozy | RentalPanda.es<\/title>\n<meta name=\"description\" content=\"Auch im Urlaub sollte es den Kleinen an nichts fehlen. Praktische Baby Wippe zum Relaxen oder f\u00fcr das Mittagsschl\u00e4fchen. Neue Produkte, dampf-sterilisiert.\" \/>\n<meta name=\"robots\" content=\"index, follow, max-snippet:-1, max-image-preview:large, max-video-preview:-1\" \/>\n<link rel=\"canonical\" href=\"https:\/\/rentalpanda.es\/es\/producto\/hamaca-balancin-para-alquilar-mallorca\/\" \/>\n<meta property=\"og:locale\" content=\"es_ES\" \/>\n<meta property=\"og:type\" content=\"article\" \/>\n<meta property=\"og:title\" content=\"Babyartikel Mieten Mallorca: Baby Wippe Cozy | RentalPanda.es\" \/>\n<meta property=\"og:description\" content=\"Auch im Urlaub sollte es den Kleinen an nichts fehlen. Praktische Baby Wippe zum Relaxen oder f\u00fcr das Mittagsschl\u00e4fchen. Neue Produkte, dampf-sterilisiert.\" \/>\n<meta property=\"og:url\" content=\"https:\/\/rentalpanda.es\/es\/producto\/hamaca-balancin-para-alquilar-mallorca\/\" \/>\n<meta property=\"og:site_name\" content=\"RentalPanda.es\" \/>\n<meta property=\"article:publisher\" content=\"https:\/\/www.facebook.com\/rentalpandamallorca\" \/>\n<meta property=\"article:modified_time\" content=\"2026-04-15T02:17:02+00:00\" \/>\n<meta property=\"og:image\" content=\"https:\/\/rentalpanda.es\/wp-content\/uploads\/2017\/02\/hamaca-balancin-alquiler-mallorca.png\" \/>\n\t<meta property=\"og:image:width\" content=\"427\" \/>\n\t<meta property=\"og:image:height\" content=\"480\" \/>\n\t<meta property=\"og:image:type\" content=\"image\/png\" \/>\n<meta name=\"twitter:card\" content=\"summary_large_image\" \/>\n<meta name=\"twitter:label1\" content=\"Tiempo de lectura\" \/>\n\t<meta name=\"twitter:data1\" content=\"2 minutos\" \/>\n<script type=\"application\/ld+json\" class=\"yoast-schema-graph\">{\"@context\":\"https:\/\/schema.org\",\"@graph\":[{\"@type\":\"WebPage\",\"@id\":\"https:\/\/rentalpanda.es\/produkt\/baby-wippe-bouncer\/\",\"url\":\"https:\/\/rentalpanda.es\/produkt\/baby-wippe-bouncer\/\",\"name\":\"Babyartikel Mieten Mallorca: Baby Wippe Cozy | RentalPanda.es\",\"isPartOf\":{\"@id\":\"https:\/\/rentalpanda.es\/en\/#website\"},\"primaryImageOfPage\":{\"@id\":\"https:\/\/rentalpanda.es\/produkt\/baby-wippe-bouncer\/#primaryimage\"},\"image\":{\"@id\":\"https:\/\/rentalpanda.es\/produkt\/baby-wippe-bouncer\/#primaryimage\"},\"thumbnailUrl\":\"https:\/\/rentalpanda.es\/wp-content\/uploads\/2017\/02\/hamaca-balancin-alquiler-mallorca.png\",\"datePublished\":\"2017-02-03T10:55:46+00:00\",\"dateModified\":\"2026-04-15T02:17:02+00:00\",\"description\":\"Auch im Urlaub sollte es den Kleinen an nichts fehlen. Praktische Baby Wippe zum Relaxen oder f\u00fcr das Mittagsschl\u00e4fchen. Neue Produkte, dampf-sterilisiert.\",\"breadcrumb\":{\"@id\":\"https:\/\/rentalpanda.es\/produkt\/baby-wippe-bouncer\/#breadcrumb\"},\"inLanguage\":\"es\",\"potentialAction\":[{\"@type\":\"ReadAction\",\"target\":[\"https:\/\/rentalpanda.es\/produkt\/baby-wippe-bouncer\/\"]}]},{\"@type\":\"ImageObject\",\"inLanguage\":\"es\",\"@id\":\"https:\/\/rentalpanda.es\/produkt\/baby-wippe-bouncer\/#primaryimage\",\"url\":\"https:\/\/rentalpanda.es\/wp-content\/uploads\/2017\/02\/hamaca-balancin-alquiler-mallorca.png\",\"contentUrl\":\"https:\/\/rentalpanda.es\/wp-content\/uploads\/2017\/02\/hamaca-balancin-alquiler-mallorca.png\",\"width\":427,\"height\":480,\"caption\":\"hamaca-balancin-alquiler-mallorca\"},{\"@type\":\"BreadcrumbList\",\"@id\":\"https:\/\/rentalpanda.es\/produkt\/baby-wippe-bouncer\/#breadcrumb\",\"itemListElement\":[{\"@type\":\"ListItem\",\"position\":1,\"name\":\"Startseite\",\"item\":\"https:\/\/rentalpanda.es\/\"},{\"@type\":\"ListItem\",\"position\":2,\"name\":\"Shop\",\"item\":\"https:\/\/rentalpanda.es\/shop\/\"},{\"@type\":\"ListItem\",\"position\":3,\"name\":\"Baby Wippe: Cozy Mallorca\"}]},{\"@type\":\"WebSite\",\"@id\":\"https:\/\/rentalpanda.es\/en\/#website\",\"url\":\"https:\/\/rentalpanda.es\/en\/\",\"name\":\"RentalPanda.es\",\"description\":\"Baby, Beach &amp; Holiday Gear for Rent\",\"publisher\":{\"@id\":\"https:\/\/rentalpanda.es\/en\/#organization\"},\"potentialAction\":[{\"@type\":\"SearchAction\",\"target\":{\"@type\":\"EntryPoint\",\"urlTemplate\":\"https:\/\/rentalpanda.es\/en\/?s={search_term_string}\"},\"query-input\":{\"@type\":\"PropertyValueSpecification\",\"valueRequired\":true,\"valueName\":\"search_term_string\"}}],\"inLanguage\":\"es\"},{\"@type\":\"Organization\",\"@id\":\"https:\/\/rentalpanda.es\/en\/#organization\",\"name\":\"Rentalpanda.es\",\"url\":\"https:\/\/rentalpanda.es\/en\/\",\"logo\":{\"@type\":\"ImageObject\",\"inLanguage\":\"es\",\"@id\":\"https:\/\/rentalpanda.es\/en\/#\/schema\/logo\/image\/\",\"url\":\"https:\/\/rentalpanda.es\/wp-content\/uploads\/2017\/02\/rentalpanda-logo-webseite-end.png\",\"contentUrl\":\"https:\/\/rentalpanda.es\/wp-content\/uploads\/2017\/02\/rentalpanda-logo-webseite-end.png\",\"width\":260,\"height\":71,\"caption\":\"Rentalpanda.es\"},\"image\":{\"@id\":\"https:\/\/rentalpanda.es\/en\/#\/schema\/logo\/image\/\"},\"sameAs\":[\"https:\/\/www.facebook.com\/rentalpandamallorca\"]}]}<\/script>\n<!-- \/ Yoast SEO plugin. -->","yoast_head_json":{"title":"Hamaca Balanc\u00edn Beb\u00e9: Alquilar en Mallorca | RentalPanda.es","description":"Alquila nueva hamaca para beb\u00e9 esterilizada al vapor en Mallorca. M\u00e1xima comodidad e higiene para tu beb\u00e9 durante las vacaciones.","robots":{"index":"index","follow":"follow","max-snippet":"max-snippet:-1","max-image-preview":"max-image-preview:large","max-video-preview":"max-video-preview:-1"},"canonical":"https:\/\/rentalpanda.es\/es\/producto\/hamaca-balancin-para-alquilar-mallorca\/","og_locale":"es_ES","og_type":"article","og_title":"Babyartikel Mieten Mallorca: Baby Wippe Cozy | RentalPanda.es","og_description":"Auch im Urlaub sollte es den Kleinen an nichts fehlen. Praktische Baby Wippe zum Relaxen oder f\u00fcr das Mittagsschl\u00e4fchen. Neue Produkte, dampf-sterilisiert.","og_url":"https:\/\/rentalpanda.es\/es\/producto\/hamaca-balancin-para-alquilar-mallorca\/","og_site_name":"RentalPanda.es","article_publisher":"https:\/\/www.facebook.com\/rentalpandamallorca","article_modified_time":"2026-04-15T02:17:02+00:00","og_image":[{"width":427,"height":480,"url":"https:\/\/rentalpanda.es\/wp-content\/uploads\/2017\/02\/hamaca-balancin-alquiler-mallorca.png","type":"image\/png"}],"twitter_card":"summary_large_image","twitter_misc":{"Tiempo de lectura":"2 minutos"},"schema":{"@context":"https:\/\/schema.org","@graph":[{"@type":"WebPage","@id":"https:\/\/rentalpanda.es\/produkt\/baby-wippe-bouncer\/","url":"https:\/\/rentalpanda.es\/produkt\/baby-wippe-bouncer\/","name":"Hamaca Balanc\u00edn Beb\u00e9: Alquilar en Mallorca | RentalPanda.es","isPartOf":{"@id":"https:\/\/rentalpanda.es\/en\/#website"},"primaryImageOfPage":{"@id":"https:\/\/rentalpanda.es\/produkt\/baby-wippe-bouncer\/#primaryimage"},"image":{"@id":"https:\/\/rentalpanda.es\/produkt\/baby-wippe-bouncer\/#primaryimage"},"thumbnailUrl":"https:\/\/rentalpanda.es\/wp-content\/uploads\/2017\/02\/hamaca-balancin-alquiler-mallorca.png","datePublished":"2017-02-03T10:55:46+00:00","dateModified":"2026-04-15T02:17:02+00:00","description":"Alquila nueva hamaca para beb\u00e9 esterilizada al vapor en Mallorca. M\u00e1xima comodidad e higiene para tu beb\u00e9 durante las vacaciones.","breadcrumb":{"@id":"https:\/\/rentalpanda.es\/produkt\/baby-wippe-bouncer\/#breadcrumb"},"inLanguage":"es","potentialAction":[{"@type":"ReadAction","target":["https:\/\/rentalpanda.es\/produkt\/baby-wippe-bouncer\/"]}]},{"@type":"ImageObject","inLanguage":"es","@id":"https:\/\/rentalpanda.es\/produkt\/baby-wippe-bouncer\/#primaryimage","url":"https:\/\/rentalpanda.es\/wp-content\/uploads\/2017\/02\/hamaca-balancin-alquiler-mallorca.png","contentUrl":"https:\/\/rentalpanda.es\/wp-content\/uploads\/2017\/02\/hamaca-balancin-alquiler-mallorca.png","width":427,"height":480,"caption":"hamaca-balancin-alquiler-mallorca"},{"@type":"BreadcrumbList","@id":"https:\/\/rentalpanda.es\/produkt\/baby-wippe-bouncer\/#breadcrumb","itemListElement":[{"@type":"ListItem","position":1,"name":"Startseite","item":"https:\/\/rentalpanda.es\/"},{"@type":"ListItem","position":2,"name":"Shop","item":"https:\/\/rentalpanda.es\/shop\/"},{"@type":"ListItem","position":3,"name":"Baby Wippe: Cozy Mallorca"}]},{"@type":"WebSite","@id":"https:\/\/rentalpanda.es\/en\/#website","url":"https:\/\/rentalpanda.es\/en\/","name":"RentalPanda.es","description":"Baby, Beach &amp; Holiday Gear for Rent","publisher":{"@id":"https:\/\/rentalpanda.es\/en\/#organization"},"potentialAction":[{"@type":"SearchAction","target":{"@type":"EntryPoint","urlTemplate":"https:\/\/rentalpanda.es\/en\/?s={search_term_string}"},"query-input":{"@type":"PropertyValueSpecification","valueRequired":true,"valueName":"search_term_string"}}],"inLanguage":"es"},{"@type":"Organization","@id":"https:\/\/rentalpanda.es\/en\/#organization","name":"Rentalpanda.es","url":"https:\/\/rentalpanda.es\/en\/","logo":{"@type":"ImageObject","inLanguage":"es","@id":"https:\/\/rentalpanda.es\/en\/#\/schema\/logo\/image\/","url":"https:\/\/rentalpanda.es\/wp-content\/uploads\/2017\/02\/rentalpanda-logo-webseite-end.png","contentUrl":"https:\/\/rentalpanda.es\/wp-content\/uploads\/2017\/02\/rentalpanda-logo-webseite-end.png","width":260,"height":71,"caption":"Rentalpanda.es"},"image":{"@id":"https:\/\/rentalpanda.es\/en\/#\/schema\/logo\/image\/"},"sameAs":["https:\/\/www.facebook.com\/rentalpandamallorca"]}]}},"_links":{"self":[{"href":"https:\/\/rentalpanda.es\/es\/wp-json\/wp\/v2\/product\/1665","targetHints":{"allow":["GET"]}}],"collection":[{"href":"https:\/\/rentalpanda.es\/es\/wp-json\/wp\/v2\/product"}],"about":[{"href":"https:\/\/rentalpanda.es\/es\/wp-json\/wp\/v2\/types\/product"}],"replies":[{"embeddable":true,"href":"https:\/\/rentalpanda.es\/es\/wp-json\/wp\/v2\/comments?post=1665"}],"wp:featuredmedia":[{"embeddable":true,"href":"https:\/\/rentalpanda.es\/es\/wp-json\/wp\/v2\/media\/22901"}],"wp:attachment":[{"href":"https:\/\/rentalpanda.es\/es\/wp-json\/wp\/v2\/media?parent=1665"}],"wp:term":[{"taxonomy":"product_brand","embeddable":true,"href":"https:\/\/rentalpanda.es\/es\/wp-json\/wp\/v2\/product_brand?post=1665"},{"taxonomy":"product_cat","embeddable":true,"href":"https:\/\/rentalpanda.es\/es\/wp-json\/wp\/v2\/product_cat?post=1665"},{"taxonomy":"product_tag","embeddable":true,"href":"https:\/\/rentalpanda.es\/es\/wp-json\/wp\/v2\/product_tag?post=1665"}],"curies":[{"name":"wp","href":"https:\/\/api.w.org\/{rel}","templated":true}]}}