{"id":16459,"date":"2024-06-04T03:27:51","date_gmt":"2024-06-04T03:27:51","guid":{"rendered":"https:\/\/rentalpanda.es\/?post_type=product&#038;p=16459"},"modified":"2026-01-27T02:46:56","modified_gmt":"2026-01-27T02:46:56","slug":"alquiler-andador-en-mallorca","status":"publish","type":"product","link":"https:\/\/rentalpanda.es\/es\/produkt\/rollator-gehhilfe-mieten-mallorca\/","title":{"rendered":"Alquiler Andador: Asistencia para Mayores en Mallorca"},"content":{"rendered":"<h2 class=\"western\"><strong>Andador \/ Ayuda para Caminar: Robusto y Ligero<\/strong><\/h2>\n<p>Gracias a su s\u00f3lida construcci\u00f3n de acero, este andador para adultos proporciona un alto nivel de seguridad y durabilidad sin sacrificar la ligereza. El dise\u00f1o est\u00e1 pensado para ser lo m\u00e1s liviano posible y ofrecer la m\u00e1xima comodidad. Este andador de alquiler para personas mayores garantiza la m\u00e1xima movilidad y seguridad para cada usuario.<\/p>\n<h2 class=\"western\">Andador Plegable y Ajustable en Altura con Asiento<\/h2>\n<p>La altura de este andador se puede ajustar individualmente (entre 84,2 cm y 96 cm) para adaptarse a la altura del usuario. Tambi\u00e9n cuenta con un eje central que facilita el plegado y el transporte, adem\u00e1s de asegurar un almacenamiento sin complicaciones. Cuando est\u00e1 plegado, el andador mide solo 14 cm, lo que permite transportarlo f\u00e1cilmente en el maletero de un coche. Gracias a sus asas ergon\u00f3micas y asiento acolchado de PVC, este andador ortop\u00e9dico proporciona comodidad no solo al moverse, sino tambi\u00e9n al descansar.<\/p>\n<h3><strong>Ayuda para Caminar (Andador) Alquiler Mallorca: Las Ventajas<\/strong><\/h3>\n<p>Dise\u00f1o duradero<br \/>\nMuy f\u00e1cil de manejar<br \/>\nCapacidad de carga m\u00e1xima de 100 kg<br \/>\nAsas ergon\u00f3micas<br \/>\nAsiento acolchado<\/p>\n<h3>Detalles T\u00e9cnicos del Andador:<\/h3>\n<p>Peso: 4,1 kg<br \/>\nDimensiones del asiento: 21x41 cm<br \/>\nDi\u00e1metro de las ruedas: 11,5 cm<br \/>\nMateriales: Acero, ruedas de goma maciza<\/p>\n<p>\u00a1Alquila un andador o ayuda para caminar en Mallorca con RentalPanda!<\/p>","protected":false},"excerpt":{"rendered":"<p><strong>Andador ligero y plegable<\/strong> de aluminio con altura ajustable, asas ergon\u00f3micas, asiento y ruedas de goma maciza y resistente. Ofrece comodidad y seguridad gracias a una excelente artesan\u00eda. \u00a1Muy ligero!<\/p>\n<p>TENGA EN CUENTA: D\u00eda de llegada + d\u00eda de salida = 2 d\u00edas completos de alquiler (ni el 1er ni el \u00faltimo d\u00eda, los productos se pueden alquilar en otro lugar).<\/p>","protected":false},"featured_media":16460,"comment_status":"open","ping_status":"closed","template":"","meta":[],"product_brand":[],"product_cat":[90,502],"product_tag":[503,992,989],"class_list":{"0":"post-16459","1":"product","2":"type-product","3":"status-publish","4":"has-post-thumbnail","6":"product_cat-mieten","7":"product_cat-mobilitaet-alltagshilfen","8":"product_tag-rollator","9":"product_tag-rollator-mallorca","10":"product_tag-rollator-mieten","12":"first","13":"instock","14":"taxable","15":"shipping-taxable","16":"purchasable","17":"product-type-simple"},"yoast_head":"<!-- This site is optimized with the Yoast SEO plugin v27.1.1 - https:\/\/yoast.com\/product\/yoast-seo-wordpress\/ -->\n<title>Rollator Gehhilfe Mieten: Mallorca Hilfe f\u00fcr Senioren<\/title>\n<meta name=\"description\" content=\"Miete eine stabile &amp; leichte Gehhilfe auf Mallorca: Bequemlichkeit und Mobilit\u00e4t f\u00fcr deine Ferien. H\u00f6henanpassbar, faltbar und mit Sitzfl\u00e4che.\" \/>\n<meta name=\"robots\" content=\"index, follow, max-snippet:-1, max-image-preview:large, max-video-preview:-1\" \/>\n<link rel=\"canonical\" href=\"https:\/\/rentalpanda.es\/es\/producto\/alquiler-andador-en-mallorca\/\" \/>\n<meta property=\"og:locale\" content=\"es_ES\" \/>\n<meta property=\"og:type\" content=\"article\" \/>\n<meta property=\"og:title\" content=\"Rollator Gehhilfe Mieten: Mallorca Hilfe f\u00fcr Senioren\" \/>\n<meta property=\"og:description\" content=\"Miete eine stabile &amp; leichte Gehhilfe auf Mallorca: Bequemlichkeit und Mobilit\u00e4t f\u00fcr deine Ferien. H\u00f6henanpassbar, faltbar und mit Sitzfl\u00e4che.\" \/>\n<meta property=\"og:url\" content=\"https:\/\/rentalpanda.es\/es\/producto\/alquiler-andador-en-mallorca\/\" \/>\n<meta property=\"og:site_name\" content=\"RentalPanda.es\" \/>\n<meta property=\"article:publisher\" content=\"https:\/\/www.facebook.com\/rentalpandamallorca\" \/>\n<meta property=\"article:modified_time\" content=\"2026-01-27T02:46:56+00:00\" \/>\n<meta property=\"og:image\" content=\"https:\/\/rentalpanda.es\/wp-content\/uploads\/2024\/06\/rollator-gehhilfe-mieten-mallorca.png\" \/>\n\t<meta property=\"og:image:width\" content=\"427\" \/>\n\t<meta property=\"og:image:height\" content=\"481\" \/>\n\t<meta property=\"og:image:type\" content=\"image\/png\" \/>\n<meta name=\"twitter:card\" content=\"summary_large_image\" \/>\n<meta name=\"twitter:label1\" content=\"Tiempo de lectura\" \/>\n\t<meta name=\"twitter:data1\" content=\"2 minutos\" \/>\n<script type=\"application\/ld+json\" class=\"yoast-schema-graph\">{\"@context\":\"https:\/\/schema.org\",\"@graph\":[{\"@type\":\"WebPage\",\"@id\":\"https:\/\/rentalpanda.es\/produkt\/rollator-gehhilfe-mieten-mallorca\/\",\"url\":\"https:\/\/rentalpanda.es\/produkt\/rollator-gehhilfe-mieten-mallorca\/\",\"name\":\"Rollator Gehhilfe Mieten: Mallorca Hilfe f\u00fcr Senioren\",\"isPartOf\":{\"@id\":\"https:\/\/rentalpanda.es\/en\/#website\"},\"primaryImageOfPage\":{\"@id\":\"https:\/\/rentalpanda.es\/produkt\/rollator-gehhilfe-mieten-mallorca\/#primaryimage\"},\"image\":{\"@id\":\"https:\/\/rentalpanda.es\/produkt\/rollator-gehhilfe-mieten-mallorca\/#primaryimage\"},\"thumbnailUrl\":\"https:\/\/rentalpanda.es\/wp-content\/uploads\/2024\/06\/rollator-gehhilfe-mieten-mallorca.png\",\"datePublished\":\"2024-06-04T03:27:51+00:00\",\"dateModified\":\"2026-01-27T02:46:56+00:00\",\"description\":\"Miete eine stabile & leichte Gehhilfe auf Mallorca: Bequemlichkeit und Mobilit\u00e4t f\u00fcr deine Ferien. H\u00f6henanpassbar, faltbar und mit Sitzfl\u00e4che.\",\"breadcrumb\":{\"@id\":\"https:\/\/rentalpanda.es\/produkt\/rollator-gehhilfe-mieten-mallorca\/#breadcrumb\"},\"inLanguage\":\"es\",\"potentialAction\":[{\"@type\":\"ReadAction\",\"target\":[\"https:\/\/rentalpanda.es\/produkt\/rollator-gehhilfe-mieten-mallorca\/\"]}]},{\"@type\":\"ImageObject\",\"inLanguage\":\"es\",\"@id\":\"https:\/\/rentalpanda.es\/produkt\/rollator-gehhilfe-mieten-mallorca\/#primaryimage\",\"url\":\"https:\/\/rentalpanda.es\/wp-content\/uploads\/2024\/06\/rollator-gehhilfe-mieten-mallorca.png\",\"contentUrl\":\"https:\/\/rentalpanda.es\/wp-content\/uploads\/2024\/06\/rollator-gehhilfe-mieten-mallorca.png\",\"width\":427,\"height\":481,\"caption\":\"rollator-gehhilfe-mieten-mallorca\"},{\"@type\":\"BreadcrumbList\",\"@id\":\"https:\/\/rentalpanda.es\/produkt\/rollator-gehhilfe-mieten-mallorca\/#breadcrumb\",\"itemListElement\":[{\"@type\":\"ListItem\",\"position\":1,\"name\":\"Startseite\",\"item\":\"https:\/\/rentalpanda.es\/\"},{\"@type\":\"ListItem\",\"position\":2,\"name\":\"Shop\",\"item\":\"https:\/\/rentalpanda.es\/shop\/\"},{\"@type\":\"ListItem\",\"position\":3,\"name\":\"Rollator Gehhilfe Mieten: Mallorca Hilfe f\u00fcr Senioren\"}]},{\"@type\":\"WebSite\",\"@id\":\"https:\/\/rentalpanda.es\/en\/#website\",\"url\":\"https:\/\/rentalpanda.es\/en\/\",\"name\":\"RentalPanda.es\",\"description\":\"Baby, Beach &amp; Holiday Gear for Rent\",\"publisher\":{\"@id\":\"https:\/\/rentalpanda.es\/en\/#organization\"},\"potentialAction\":[{\"@type\":\"SearchAction\",\"target\":{\"@type\":\"EntryPoint\",\"urlTemplate\":\"https:\/\/rentalpanda.es\/en\/?s={search_term_string}\"},\"query-input\":{\"@type\":\"PropertyValueSpecification\",\"valueRequired\":true,\"valueName\":\"search_term_string\"}}],\"inLanguage\":\"es\"},{\"@type\":\"Organization\",\"@id\":\"https:\/\/rentalpanda.es\/en\/#organization\",\"name\":\"Rentalpanda.es\",\"url\":\"https:\/\/rentalpanda.es\/en\/\",\"logo\":{\"@type\":\"ImageObject\",\"inLanguage\":\"es\",\"@id\":\"https:\/\/rentalpanda.es\/en\/#\/schema\/logo\/image\/\",\"url\":\"https:\/\/rentalpanda.es\/wp-content\/uploads\/2017\/02\/rentalpanda-logo-webseite-end.png\",\"contentUrl\":\"https:\/\/rentalpanda.es\/wp-content\/uploads\/2017\/02\/rentalpanda-logo-webseite-end.png\",\"width\":260,\"height\":71,\"caption\":\"Rentalpanda.es\"},\"image\":{\"@id\":\"https:\/\/rentalpanda.es\/en\/#\/schema\/logo\/image\/\"},\"sameAs\":[\"https:\/\/www.facebook.com\/rentalpandamallorca\"]}]}<\/script>\n<!-- \/ Yoast SEO plugin. -->","yoast_head_json":{"title":"Alquiler Andador: Asistencia para Mayores en Mallorca","description":"Alquila un andador ligero y resistente en Mallorca: Comodidad y movilidad para tus vacaciones. Ajustable en altura, plegable y con asiento. \u00a1Reserva ahora!","robots":{"index":"index","follow":"follow","max-snippet":"max-snippet:-1","max-image-preview":"max-image-preview:large","max-video-preview":"max-video-preview:-1"},"canonical":"https:\/\/rentalpanda.es\/es\/producto\/alquiler-andador-en-mallorca\/","og_locale":"es_ES","og_type":"article","og_title":"Rollator Gehhilfe Mieten: Mallorca Hilfe f\u00fcr Senioren","og_description":"Miete eine stabile & leichte Gehhilfe auf Mallorca: Bequemlichkeit und Mobilit\u00e4t f\u00fcr deine Ferien. H\u00f6henanpassbar, faltbar und mit Sitzfl\u00e4che.","og_url":"https:\/\/rentalpanda.es\/es\/producto\/alquiler-andador-en-mallorca\/","og_site_name":"RentalPanda.es","article_publisher":"https:\/\/www.facebook.com\/rentalpandamallorca","article_modified_time":"2026-01-27T02:46:56+00:00","og_image":[{"width":427,"height":481,"url":"https:\/\/rentalpanda.es\/wp-content\/uploads\/2024\/06\/rollator-gehhilfe-mieten-mallorca.png","type":"image\/png"}],"twitter_card":"summary_large_image","twitter_misc":{"Tiempo de lectura":"2 minutos"},"schema":{"@context":"https:\/\/schema.org","@graph":[{"@type":"WebPage","@id":"https:\/\/rentalpanda.es\/produkt\/rollator-gehhilfe-mieten-mallorca\/","url":"https:\/\/rentalpanda.es\/produkt\/rollator-gehhilfe-mieten-mallorca\/","name":"Alquiler Andador: Asistencia para Mayores en Mallorca","isPartOf":{"@id":"https:\/\/rentalpanda.es\/en\/#website"},"primaryImageOfPage":{"@id":"https:\/\/rentalpanda.es\/produkt\/rollator-gehhilfe-mieten-mallorca\/#primaryimage"},"image":{"@id":"https:\/\/rentalpanda.es\/produkt\/rollator-gehhilfe-mieten-mallorca\/#primaryimage"},"thumbnailUrl":"https:\/\/rentalpanda.es\/wp-content\/uploads\/2024\/06\/rollator-gehhilfe-mieten-mallorca.png","datePublished":"2024-06-04T03:27:51+00:00","dateModified":"2026-01-27T02:46:56+00:00","description":"Alquila un andador ligero y resistente en Mallorca: Comodidad y movilidad para tus vacaciones. Ajustable en altura, plegable y con asiento. \u00a1Reserva ahora!","breadcrumb":{"@id":"https:\/\/rentalpanda.es\/produkt\/rollator-gehhilfe-mieten-mallorca\/#breadcrumb"},"inLanguage":"es","potentialAction":[{"@type":"ReadAction","target":["https:\/\/rentalpanda.es\/produkt\/rollator-gehhilfe-mieten-mallorca\/"]}]},{"@type":"ImageObject","inLanguage":"es","@id":"https:\/\/rentalpanda.es\/produkt\/rollator-gehhilfe-mieten-mallorca\/#primaryimage","url":"https:\/\/rentalpanda.es\/wp-content\/uploads\/2024\/06\/rollator-gehhilfe-mieten-mallorca.png","contentUrl":"https:\/\/rentalpanda.es\/wp-content\/uploads\/2024\/06\/rollator-gehhilfe-mieten-mallorca.png","width":427,"height":481,"caption":"rollator-gehhilfe-mieten-mallorca"},{"@type":"BreadcrumbList","@id":"https:\/\/rentalpanda.es\/produkt\/rollator-gehhilfe-mieten-mallorca\/#breadcrumb","itemListElement":[{"@type":"ListItem","position":1,"name":"Startseite","item":"https:\/\/rentalpanda.es\/"},{"@type":"ListItem","position":2,"name":"Shop","item":"https:\/\/rentalpanda.es\/shop\/"},{"@type":"ListItem","position":3,"name":"Rollator Gehhilfe Mieten: Mallorca Hilfe f\u00fcr Senioren"}]},{"@type":"WebSite","@id":"https:\/\/rentalpanda.es\/en\/#website","url":"https:\/\/rentalpanda.es\/en\/","name":"RentalPanda.es","description":"Baby, Beach &amp; Holiday Gear for Rent","publisher":{"@id":"https:\/\/rentalpanda.es\/en\/#organization"},"potentialAction":[{"@type":"SearchAction","target":{"@type":"EntryPoint","urlTemplate":"https:\/\/rentalpanda.es\/en\/?s={search_term_string}"},"query-input":{"@type":"PropertyValueSpecification","valueRequired":true,"valueName":"search_term_string"}}],"inLanguage":"es"},{"@type":"Organization","@id":"https:\/\/rentalpanda.es\/en\/#organization","name":"Rentalpanda.es","url":"https:\/\/rentalpanda.es\/en\/","logo":{"@type":"ImageObject","inLanguage":"es","@id":"https:\/\/rentalpanda.es\/en\/#\/schema\/logo\/image\/","url":"https:\/\/rentalpanda.es\/wp-content\/uploads\/2017\/02\/rentalpanda-logo-webseite-end.png","contentUrl":"https:\/\/rentalpanda.es\/wp-content\/uploads\/2017\/02\/rentalpanda-logo-webseite-end.png","width":260,"height":71,"caption":"Rentalpanda.es"},"image":{"@id":"https:\/\/rentalpanda.es\/en\/#\/schema\/logo\/image\/"},"sameAs":["https:\/\/www.facebook.com\/rentalpandamallorca"]}]}},"_links":{"self":[{"href":"https:\/\/rentalpanda.es\/es\/wp-json\/wp\/v2\/product\/16459","targetHints":{"allow":["GET"]}}],"collection":[{"href":"https:\/\/rentalpanda.es\/es\/wp-json\/wp\/v2\/product"}],"about":[{"href":"https:\/\/rentalpanda.es\/es\/wp-json\/wp\/v2\/types\/product"}],"replies":[{"embeddable":true,"href":"https:\/\/rentalpanda.es\/es\/wp-json\/wp\/v2\/comments?post=16459"}],"wp:featuredmedia":[{"embeddable":true,"href":"https:\/\/rentalpanda.es\/es\/wp-json\/wp\/v2\/media\/16460"}],"wp:attachment":[{"href":"https:\/\/rentalpanda.es\/es\/wp-json\/wp\/v2\/media?parent=16459"}],"wp:term":[{"taxonomy":"product_brand","embeddable":true,"href":"https:\/\/rentalpanda.es\/es\/wp-json\/wp\/v2\/product_brand?post=16459"},{"taxonomy":"product_cat","embeddable":true,"href":"https:\/\/rentalpanda.es\/es\/wp-json\/wp\/v2\/product_cat?post=16459"},{"taxonomy":"product_tag","embeddable":true,"href":"https:\/\/rentalpanda.es\/es\/wp-json\/wp\/v2\/product_tag?post=16459"}],"curies":[{"name":"wp","href":"https:\/\/api.w.org\/{rel}","templated":true}]}}