{"id":1641,"date":"2017-02-03T10:29:49","date_gmt":"2017-02-03T10:29:49","guid":{"rendered":"http:\/\/rentalpanda.es\/produkt\/strand-liegematte-mit-rueckenlehne\/"},"modified":"2025-02-27T06:15:27","modified_gmt":"2025-02-27T06:15:27","slug":"esterilla-de-playa","status":"publish","type":"product","link":"https:\/\/rentalpanda.es\/es\/produkt\/strand-liegematte-mit-rueckenlehne\/","title":{"rendered":"Esterilla de Playa"},"content":{"rendered":"<h2><strong>Esterilla de Playa (Con Respaldo)<\/strong><\/h2>\n<p>\u00a1Con RentalPanda.es puedes alquilar puro relax para la playa! \u00a1Esta fant\u00e1stica esterilla de playa c\u00f3moda y plegable puede colocarse donde desees y es el acompa\u00f1ante perfecto para tus excursiones a la playa en Mallorca! La construcci\u00f3n ligera de tubo de acero proporciona un respaldo ajustable y confortable, que puede colocarse en varias posiciones; \u00a1permiti\u00e9ndote f\u00e1cilmente encontrar la posici\u00f3n relajante perfecta directamente en la arena!<\/p>\n<h2>Esterilla de Playa Acolchada para Mallorca<\/h2>\n<p>La esterilla\/colchoneta de playa est\u00e1 acolchada para mayor comodidad y las correas de velcro permiten plegar la esterilla f\u00e1cilmente. Gracias a las correas de hombro, puede transportarse pr\u00e1cticamente a cualquier lugar, y el compartimento de almacenamiento integrado con cremallera protege tus pertenencias de la arena y las miradas indiscretas. La cobertura es removible y se limpia y esteriliza a vapor antes de cada nuevo uso.<\/p>\n<h3>Beneficios de la esterilla de playa con respaldo<\/h3>\n<ul>\n<li>Respaldo ajustable<\/li>\n<li>Muy c\u00f3moda<\/li>\n<li>Acolchada y ligera<\/li>\n<li>Recu\u00e9state directamente en la arena<\/li>\n<li>Correa para transportar y compartimento de almacenamiento<\/li>\n<\/ul>\n<h3>Esterilla de Playa: Detalles T\u00e9cnicos<\/h3>\n<p>Peso: 1.3kg<br \/>\nDimensiones ALTxANCxPROF: 38x54x160cm<br \/>\nMaterial: 100% Poli\u00e9ster<br \/>\nMaterial del respaldo: Acero<\/p>\n<p>Apropiada para personas de cualquier edad y peso. Disponible en el conjunto\/paquete \"Beach Set 2\": 2x Tumbonas de Playa + Mesa de Playa + Sombrilla.<\/p>","protected":false},"excerpt":{"rendered":"<p>Una verdadera novedad para la playa: Recu\u00e9state c\u00f3modamente y bien acolchado sobre la arena, y encuentra tu posici\u00f3n perfecta con nuestra <strong>Esterilla de Playa.<\/strong>Altamente relajante y muy ligera, tambi\u00e9n viene con una correa para transportar y un compartimento de almacenamiento.<\/p>\n<p>TENGA EN CUENTA: D\u00eda de llegada + d\u00eda de salida = 2 d\u00edas completos de alquiler (ni el 1er ni el \u00faltimo d\u00eda, los productos se pueden alquilar en otro lugar).<\/p>","protected":false},"featured_media":14686,"comment_status":"open","ping_status":"closed","template":"","meta":[],"product_brand":[],"product_cat":[90,88],"product_tag":[860,859,199,194],"class_list":{"0":"post-1641","1":"product","2":"type-product","3":"status-publish","4":"has-post-thumbnail","6":"product_cat-mieten","7":"product_cat-strand","8":"product_tag-mieten-mallorca","9":"product_tag-strand-liegematte","10":"product_tag-strandliege","11":"product_tag-strandmatte","13":"first","14":"instock","15":"taxable","16":"shipping-taxable","17":"purchasable","18":"product-type-simple"},"yoast_head":"<!-- This site is optimized with the Yoast SEO plugin v27.1.1 - https:\/\/yoast.com\/product\/yoast-seo-wordpress\/ -->\n<title>Mallorca Mieten: Strand Liegematte + R\u00fcckenlehne | RentalPanda<\/title>\n<meta name=\"description\" content=\"Miete f\u00fcr deinen n\u00e4chsten Urlaub auf Mallorca eine praktische Strand-Liegematte und spare somit nicht nur Geld, sondern hab es immer + \u00fcberall bequem!\" \/>\n<meta name=\"robots\" content=\"index, follow, max-snippet:-1, max-image-preview:large, max-video-preview:-1\" \/>\n<link rel=\"canonical\" href=\"https:\/\/rentalpanda.es\/es\/producto\/esterilla-de-playa\/\" \/>\n<meta property=\"og:locale\" content=\"es_ES\" \/>\n<meta property=\"og:type\" content=\"article\" \/>\n<meta property=\"og:title\" content=\"Mallorca Mieten: Strand Liegematte + R\u00fcckenlehne | RentalPanda\" \/>\n<meta property=\"og:description\" content=\"Miete f\u00fcr deinen n\u00e4chsten Urlaub auf Mallorca eine praktische Strand-Liegematte und spare somit nicht nur Geld, sondern hab es immer + \u00fcberall bequem!\" \/>\n<meta property=\"og:url\" content=\"https:\/\/rentalpanda.es\/es\/producto\/esterilla-de-playa\/\" \/>\n<meta property=\"og:site_name\" content=\"RentalPanda.es\" \/>\n<meta property=\"article:publisher\" content=\"https:\/\/www.facebook.com\/rentalpandamallorca\" \/>\n<meta property=\"article:modified_time\" content=\"2025-02-27T06:15:27+00:00\" \/>\n<meta property=\"og:image\" content=\"https:\/\/rentalpanda.es\/wp-content\/uploads\/2017\/02\/strand-liegematte.png\" \/>\n\t<meta property=\"og:image:width\" content=\"427\" \/>\n\t<meta property=\"og:image:height\" content=\"480\" \/>\n\t<meta property=\"og:image:type\" content=\"image\/png\" \/>\n<meta name=\"twitter:card\" content=\"summary_large_image\" \/>\n<meta name=\"twitter:label1\" content=\"Tiempo de lectura\" \/>\n\t<meta name=\"twitter:data1\" content=\"2 minutos\" \/>\n<script type=\"application\/ld+json\" class=\"yoast-schema-graph\">{\"@context\":\"https:\/\/schema.org\",\"@graph\":[{\"@type\":\"WebPage\",\"@id\":\"https:\/\/rentalpanda.es\/produkt\/strand-liegematte-mit-rueckenlehne\/\",\"url\":\"https:\/\/rentalpanda.es\/produkt\/strand-liegematte-mit-rueckenlehne\/\",\"name\":\"Mallorca Mieten: Strand Liegematte + R\u00fcckenlehne | RentalPanda\",\"isPartOf\":{\"@id\":\"https:\/\/rentalpanda.es\/en\/#website\"},\"primaryImageOfPage\":{\"@id\":\"https:\/\/rentalpanda.es\/produkt\/strand-liegematte-mit-rueckenlehne\/#primaryimage\"},\"image\":{\"@id\":\"https:\/\/rentalpanda.es\/produkt\/strand-liegematte-mit-rueckenlehne\/#primaryimage\"},\"thumbnailUrl\":\"https:\/\/rentalpanda.es\/wp-content\/uploads\/2017\/02\/strand-liegematte.png\",\"datePublished\":\"2017-02-03T10:29:49+00:00\",\"dateModified\":\"2025-02-27T06:15:27+00:00\",\"description\":\"Miete f\u00fcr deinen n\u00e4chsten Urlaub auf Mallorca eine praktische Strand-Liegematte und spare somit nicht nur Geld, sondern hab es immer + \u00fcberall bequem!\",\"breadcrumb\":{\"@id\":\"https:\/\/rentalpanda.es\/produkt\/strand-liegematte-mit-rueckenlehne\/#breadcrumb\"},\"inLanguage\":\"es\",\"potentialAction\":[{\"@type\":\"ReadAction\",\"target\":[\"https:\/\/rentalpanda.es\/produkt\/strand-liegematte-mit-rueckenlehne\/\"]}]},{\"@type\":\"ImageObject\",\"inLanguage\":\"es\",\"@id\":\"https:\/\/rentalpanda.es\/produkt\/strand-liegematte-mit-rueckenlehne\/#primaryimage\",\"url\":\"https:\/\/rentalpanda.es\/wp-content\/uploads\/2017\/02\/strand-liegematte.png\",\"contentUrl\":\"https:\/\/rentalpanda.es\/wp-content\/uploads\/2017\/02\/strand-liegematte.png\",\"width\":427,\"height\":480,\"caption\":\"strand-liegematte\"},{\"@type\":\"BreadcrumbList\",\"@id\":\"https:\/\/rentalpanda.es\/produkt\/strand-liegematte-mit-rueckenlehne\/#breadcrumb\",\"itemListElement\":[{\"@type\":\"ListItem\",\"position\":1,\"name\":\"Startseite\",\"item\":\"https:\/\/rentalpanda.es\/\"},{\"@type\":\"ListItem\",\"position\":2,\"name\":\"Shop\",\"item\":\"https:\/\/rentalpanda.es\/shop\/\"},{\"@type\":\"ListItem\",\"position\":3,\"name\":\"Strand-Liegematte Mieten: Mit R\u00fcckenlehne\"}]},{\"@type\":\"WebSite\",\"@id\":\"https:\/\/rentalpanda.es\/en\/#website\",\"url\":\"https:\/\/rentalpanda.es\/en\/\",\"name\":\"RentalPanda.es\",\"description\":\"Baby, Beach &amp; Holiday Gear for Rent\",\"publisher\":{\"@id\":\"https:\/\/rentalpanda.es\/en\/#organization\"},\"potentialAction\":[{\"@type\":\"SearchAction\",\"target\":{\"@type\":\"EntryPoint\",\"urlTemplate\":\"https:\/\/rentalpanda.es\/en\/?s={search_term_string}\"},\"query-input\":{\"@type\":\"PropertyValueSpecification\",\"valueRequired\":true,\"valueName\":\"search_term_string\"}}],\"inLanguage\":\"es\"},{\"@type\":\"Organization\",\"@id\":\"https:\/\/rentalpanda.es\/en\/#organization\",\"name\":\"Rentalpanda.es\",\"url\":\"https:\/\/rentalpanda.es\/en\/\",\"logo\":{\"@type\":\"ImageObject\",\"inLanguage\":\"es\",\"@id\":\"https:\/\/rentalpanda.es\/en\/#\/schema\/logo\/image\/\",\"url\":\"https:\/\/rentalpanda.es\/wp-content\/uploads\/2017\/02\/rentalpanda-logo-webseite-end.png\",\"contentUrl\":\"https:\/\/rentalpanda.es\/wp-content\/uploads\/2017\/02\/rentalpanda-logo-webseite-end.png\",\"width\":260,\"height\":71,\"caption\":\"Rentalpanda.es\"},\"image\":{\"@id\":\"https:\/\/rentalpanda.es\/en\/#\/schema\/logo\/image\/\"},\"sameAs\":[\"https:\/\/www.facebook.com\/rentalpandamallorca\"]}]}<\/script>\n<!-- \/ Yoast SEO plugin. -->","yoast_head_json":{"title":"Alquiler Mallorca: Esterilla de Playa | RentalPanda","description":"Alquila esterilla de playa en Mallorca: c\u00f3moda, ligera y econ\u00f3mica. Ahorra y rel\u00e1jate en cualquier parte. \u00a1Alquiler de art\u00edculos en verano!","robots":{"index":"index","follow":"follow","max-snippet":"max-snippet:-1","max-image-preview":"max-image-preview:large","max-video-preview":"max-video-preview:-1"},"canonical":"https:\/\/rentalpanda.es\/es\/producto\/esterilla-de-playa\/","og_locale":"es_ES","og_type":"article","og_title":"Mallorca Mieten: Strand Liegematte + R\u00fcckenlehne | RentalPanda","og_description":"Miete f\u00fcr deinen n\u00e4chsten Urlaub auf Mallorca eine praktische Strand-Liegematte und spare somit nicht nur Geld, sondern hab es immer + \u00fcberall bequem!","og_url":"https:\/\/rentalpanda.es\/es\/producto\/esterilla-de-playa\/","og_site_name":"RentalPanda.es","article_publisher":"https:\/\/www.facebook.com\/rentalpandamallorca","article_modified_time":"2025-02-27T06:15:27+00:00","og_image":[{"width":427,"height":480,"url":"https:\/\/rentalpanda.es\/wp-content\/uploads\/2017\/02\/strand-liegematte.png","type":"image\/png"}],"twitter_card":"summary_large_image","twitter_misc":{"Tiempo de lectura":"2 minutos"},"schema":{"@context":"https:\/\/schema.org","@graph":[{"@type":"WebPage","@id":"https:\/\/rentalpanda.es\/produkt\/strand-liegematte-mit-rueckenlehne\/","url":"https:\/\/rentalpanda.es\/produkt\/strand-liegematte-mit-rueckenlehne\/","name":"Alquiler Mallorca: Esterilla de Playa | RentalPanda","isPartOf":{"@id":"https:\/\/rentalpanda.es\/en\/#website"},"primaryImageOfPage":{"@id":"https:\/\/rentalpanda.es\/produkt\/strand-liegematte-mit-rueckenlehne\/#primaryimage"},"image":{"@id":"https:\/\/rentalpanda.es\/produkt\/strand-liegematte-mit-rueckenlehne\/#primaryimage"},"thumbnailUrl":"https:\/\/rentalpanda.es\/wp-content\/uploads\/2017\/02\/strand-liegematte.png","datePublished":"2017-02-03T10:29:49+00:00","dateModified":"2025-02-27T06:15:27+00:00","description":"Alquila esterilla de playa en Mallorca: c\u00f3moda, ligera y econ\u00f3mica. Ahorra y rel\u00e1jate en cualquier parte. \u00a1Alquiler de art\u00edculos en verano!","breadcrumb":{"@id":"https:\/\/rentalpanda.es\/produkt\/strand-liegematte-mit-rueckenlehne\/#breadcrumb"},"inLanguage":"es","potentialAction":[{"@type":"ReadAction","target":["https:\/\/rentalpanda.es\/produkt\/strand-liegematte-mit-rueckenlehne\/"]}]},{"@type":"ImageObject","inLanguage":"es","@id":"https:\/\/rentalpanda.es\/produkt\/strand-liegematte-mit-rueckenlehne\/#primaryimage","url":"https:\/\/rentalpanda.es\/wp-content\/uploads\/2017\/02\/strand-liegematte.png","contentUrl":"https:\/\/rentalpanda.es\/wp-content\/uploads\/2017\/02\/strand-liegematte.png","width":427,"height":480,"caption":"strand-liegematte"},{"@type":"BreadcrumbList","@id":"https:\/\/rentalpanda.es\/produkt\/strand-liegematte-mit-rueckenlehne\/#breadcrumb","itemListElement":[{"@type":"ListItem","position":1,"name":"Startseite","item":"https:\/\/rentalpanda.es\/"},{"@type":"ListItem","position":2,"name":"Shop","item":"https:\/\/rentalpanda.es\/shop\/"},{"@type":"ListItem","position":3,"name":"Strand-Liegematte Mieten: Mit R\u00fcckenlehne"}]},{"@type":"WebSite","@id":"https:\/\/rentalpanda.es\/en\/#website","url":"https:\/\/rentalpanda.es\/en\/","name":"RentalPanda.es","description":"Baby, Beach &amp; Holiday Gear for Rent","publisher":{"@id":"https:\/\/rentalpanda.es\/en\/#organization"},"potentialAction":[{"@type":"SearchAction","target":{"@type":"EntryPoint","urlTemplate":"https:\/\/rentalpanda.es\/en\/?s={search_term_string}"},"query-input":{"@type":"PropertyValueSpecification","valueRequired":true,"valueName":"search_term_string"}}],"inLanguage":"es"},{"@type":"Organization","@id":"https:\/\/rentalpanda.es\/en\/#organization","name":"Rentalpanda.es","url":"https:\/\/rentalpanda.es\/en\/","logo":{"@type":"ImageObject","inLanguage":"es","@id":"https:\/\/rentalpanda.es\/en\/#\/schema\/logo\/image\/","url":"https:\/\/rentalpanda.es\/wp-content\/uploads\/2017\/02\/rentalpanda-logo-webseite-end.png","contentUrl":"https:\/\/rentalpanda.es\/wp-content\/uploads\/2017\/02\/rentalpanda-logo-webseite-end.png","width":260,"height":71,"caption":"Rentalpanda.es"},"image":{"@id":"https:\/\/rentalpanda.es\/en\/#\/schema\/logo\/image\/"},"sameAs":["https:\/\/www.facebook.com\/rentalpandamallorca"]}]}},"_links":{"self":[{"href":"https:\/\/rentalpanda.es\/es\/wp-json\/wp\/v2\/product\/1641","targetHints":{"allow":["GET"]}}],"collection":[{"href":"https:\/\/rentalpanda.es\/es\/wp-json\/wp\/v2\/product"}],"about":[{"href":"https:\/\/rentalpanda.es\/es\/wp-json\/wp\/v2\/types\/product"}],"replies":[{"embeddable":true,"href":"https:\/\/rentalpanda.es\/es\/wp-json\/wp\/v2\/comments?post=1641"}],"wp:featuredmedia":[{"embeddable":true,"href":"https:\/\/rentalpanda.es\/es\/wp-json\/wp\/v2\/media\/14686"}],"wp:attachment":[{"href":"https:\/\/rentalpanda.es\/es\/wp-json\/wp\/v2\/media?parent=1641"}],"wp:term":[{"taxonomy":"product_brand","embeddable":true,"href":"https:\/\/rentalpanda.es\/es\/wp-json\/wp\/v2\/product_brand?post=1641"},{"taxonomy":"product_cat","embeddable":true,"href":"https:\/\/rentalpanda.es\/es\/wp-json\/wp\/v2\/product_cat?post=1641"},{"taxonomy":"product_tag","embeddable":true,"href":"https:\/\/rentalpanda.es\/es\/wp-json\/wp\/v2\/product_tag?post=1641"}],"curies":[{"name":"wp","href":"https:\/\/api.w.org\/{rel}","templated":true}]}}