{"id":16333,"date":"2024-05-31T04:09:34","date_gmt":"2024-05-31T04:09:34","guid":{"rendered":"https:\/\/rentalpanda.es\/?post_type=product&#038;p=16333"},"modified":"2025-02-14T03:01:24","modified_gmt":"2025-02-14T03:01:24","slug":"andador-ortopedico-plegable","status":"publish","type":"product","link":"https:\/\/rentalpanda.es\/es\/produkt\/rollator-mieten-mallorca\/","title":{"rendered":"Andador ortop\u00e9dico plegable: Asistencia para Personas Mayores en Mallorca"},"content":{"rendered":"<h2 class=\"western\"><strong>Andador Ortop\u00e9dico: Altura ajustable para cada tama\u00f1o de cuerpo<\/strong><\/h2>\n<p>Gracias a su acabado en aluminio, este pr\u00e1ctico andador ortop\u00e9dico para personas mayores ofrece la durabilidad y ligereza t\u00edpica de este material. Los usuarios pueden moverse sin esfuerzo y con seguridad; es ajustable en altura y soporta hasta 110 kg. El andador pesa solo 6,8 kg, lo que lo hace muy f\u00e1cil de manejar. Las ruedas macizas y los radios de PVC proporcionan mayor estabilidad y seguridad.<\/p>\n<h2 class=\"western\">Andador plegable con freno de mano y asiento con respaldo<\/h2>\n<p>Al ser plegable, el andador se puede guardar f\u00e1cilmente en cualquier rinc\u00f3n y es f\u00e1cil de transportar. Para un ajuste m\u00e1ximo y comodidad, este andador ortop\u00e9dico se puede ajustar individualmente al tama\u00f1o del usuario. Tambi\u00e9n cuenta con una cesta pr\u00e1ctica para facilitar las compras o el transporte de objetos. Sus frenos de mano y manijas ergon\u00f3micas ayudan a distribuir y amortiguar el peso al caminar.<\/p>\n<h3><strong>Alquiler de Andador Ortop\u00e9dico: Las Ventajas<\/strong><\/h3>\n<ul>\n<li>Construcci\u00f3n ligera y robusta<\/li>\n<li>Plegable y que ahorra espacio<\/li>\n<li>Capacidad de carga m\u00e1xima de 110 kg<\/li>\n<li>Altura ajustable, 4 ruedas<\/li>\n<li>Cesta pr\u00e1ctica para compras<\/li>\n<\/ul>\n<h3 class=\"western\">Detalles T\u00e9cnicos:<\/h3>\n<p>Peso: 6,8 kg<br \/>\nDimensiones del asiento: 33x34 cm<br \/>\nDi\u00e1metro de las ruedas: 15 cm<br \/>\nMateriales: Aluminio, PVC<\/p>\n<p>\u00a1Alquila un andador o ayuda para caminar en Mallorca con RentalPanda!<\/p>","protected":false},"excerpt":{"rendered":"<p>Un <strong>Andador ortop\u00e9dico<\/strong>de aluminio ligero y plegable con altura ajustable, manijas ergon\u00f3micas, frenos de mano, asiento, cesta pr\u00e1ctica y ruedas macizas.<\/p>\n<p>TENGA EN CUENTA: D\u00eda de llegada + d\u00eda de salida = 2 d\u00edas completos de alquiler (ni el 1er ni el \u00faltimo d\u00eda, los productos se pueden alquilar en otro lugar).<\/p>","protected":false},"featured_media":16340,"comment_status":"open","ping_status":"closed","template":"","meta":[],"product_brand":[],"product_cat":[90,502],"product_tag":[991,990,503,992,989],"class_list":{"0":"post-16333","1":"product","2":"type-product","3":"status-publish","4":"has-post-thumbnail","6":"product_cat-mieten","7":"product_cat-mobilitaet-alltagshilfen","8":"product_tag-gehhilfe-mieten","9":"product_tag-gehwagen-mieten","10":"product_tag-rollator","11":"product_tag-rollator-mallorca","12":"product_tag-rollator-mieten","14":"first","15":"instock","16":"taxable","17":"shipping-taxable","18":"purchasable","19":"product-type-simple"},"yoast_head":"<!-- This site is optimized with the Yoast SEO plugin v27.1.1 - https:\/\/yoast.com\/product\/yoast-seo-wordpress\/ -->\n<title>Rollator Mieten: Mallorca Hilfe f\u00fcr Senioren - RentalPanda.es<\/title>\n<meta name=\"description\" content=\"High-End Rollator Mieten f\u00fcr Senioren auf Mallorca: Komfort und Mobilit\u00e4t f\u00fcr den Urlaub. H\u00f6henverstellbar, faltbar und zum Sitzen!\" \/>\n<meta name=\"robots\" content=\"index, follow, max-snippet:-1, max-image-preview:large, max-video-preview:-1\" \/>\n<link rel=\"canonical\" href=\"https:\/\/rentalpanda.es\/es\/producto\/andador-ortopedico-plegable\/\" \/>\n<meta property=\"og:locale\" content=\"es_ES\" \/>\n<meta property=\"og:type\" content=\"article\" \/>\n<meta property=\"og:title\" content=\"Rollator Mieten: Mallorca Hilfe f\u00fcr Senioren - RentalPanda.es\" \/>\n<meta property=\"og:description\" content=\"High-End Rollator Mieten f\u00fcr Senioren auf Mallorca: Komfort und Mobilit\u00e4t f\u00fcr den Urlaub. H\u00f6henverstellbar, faltbar und zum Sitzen!\" \/>\n<meta property=\"og:url\" content=\"https:\/\/rentalpanda.es\/es\/producto\/andador-ortopedico-plegable\/\" \/>\n<meta property=\"og:site_name\" content=\"RentalPanda.es\" \/>\n<meta property=\"article:publisher\" content=\"https:\/\/www.facebook.com\/rentalpandamallorca\" \/>\n<meta property=\"article:modified_time\" content=\"2025-02-14T03:01:24+00:00\" \/>\n<meta property=\"og:image\" content=\"https:\/\/rentalpanda.es\/wp-content\/uploads\/2024\/05\/rollator_mieten_mallorca.png\" \/>\n\t<meta property=\"og:image:width\" content=\"427\" \/>\n\t<meta property=\"og:image:height\" content=\"481\" \/>\n\t<meta property=\"og:image:type\" content=\"image\/png\" \/>\n<meta name=\"twitter:card\" content=\"summary_large_image\" \/>\n<meta name=\"twitter:label1\" content=\"Tiempo de lectura\" \/>\n\t<meta name=\"twitter:data1\" content=\"2 minutos\" \/>\n<script type=\"application\/ld+json\" class=\"yoast-schema-graph\">{\"@context\":\"https:\/\/schema.org\",\"@graph\":[{\"@type\":\"WebPage\",\"@id\":\"https:\/\/rentalpanda.es\/produkt\/rollator-mieten-mallorca\/\",\"url\":\"https:\/\/rentalpanda.es\/produkt\/rollator-mieten-mallorca\/\",\"name\":\"Rollator Mieten: Mallorca Hilfe f\u00fcr Senioren - RentalPanda.es\",\"isPartOf\":{\"@id\":\"https:\/\/rentalpanda.es\/en\/#website\"},\"primaryImageOfPage\":{\"@id\":\"https:\/\/rentalpanda.es\/produkt\/rollator-mieten-mallorca\/#primaryimage\"},\"image\":{\"@id\":\"https:\/\/rentalpanda.es\/produkt\/rollator-mieten-mallorca\/#primaryimage\"},\"thumbnailUrl\":\"https:\/\/rentalpanda.es\/wp-content\/uploads\/2024\/05\/rollator_mieten_mallorca.png\",\"datePublished\":\"2024-05-31T04:09:34+00:00\",\"dateModified\":\"2025-02-14T03:01:24+00:00\",\"description\":\"High-End Rollator Mieten f\u00fcr Senioren auf Mallorca: Komfort und Mobilit\u00e4t f\u00fcr den Urlaub. H\u00f6henverstellbar, faltbar und zum Sitzen!\",\"breadcrumb\":{\"@id\":\"https:\/\/rentalpanda.es\/produkt\/rollator-mieten-mallorca\/#breadcrumb\"},\"inLanguage\":\"es\",\"potentialAction\":[{\"@type\":\"ReadAction\",\"target\":[\"https:\/\/rentalpanda.es\/produkt\/rollator-mieten-mallorca\/\"]}]},{\"@type\":\"ImageObject\",\"inLanguage\":\"es\",\"@id\":\"https:\/\/rentalpanda.es\/produkt\/rollator-mieten-mallorca\/#primaryimage\",\"url\":\"https:\/\/rentalpanda.es\/wp-content\/uploads\/2024\/05\/rollator_mieten_mallorca.png\",\"contentUrl\":\"https:\/\/rentalpanda.es\/wp-content\/uploads\/2024\/05\/rollator_mieten_mallorca.png\",\"width\":427,\"height\":481,\"caption\":\"rollator_mieten_mallorca\"},{\"@type\":\"BreadcrumbList\",\"@id\":\"https:\/\/rentalpanda.es\/produkt\/rollator-mieten-mallorca\/#breadcrumb\",\"itemListElement\":[{\"@type\":\"ListItem\",\"position\":1,\"name\":\"Startseite\",\"item\":\"https:\/\/rentalpanda.es\/\"},{\"@type\":\"ListItem\",\"position\":2,\"name\":\"Shop\",\"item\":\"https:\/\/rentalpanda.es\/shop\/\"},{\"@type\":\"ListItem\",\"position\":3,\"name\":\"Rollator (Outdoor) Mieten: Mallorca Hilfe f\u00fcr Senioren\"}]},{\"@type\":\"WebSite\",\"@id\":\"https:\/\/rentalpanda.es\/en\/#website\",\"url\":\"https:\/\/rentalpanda.es\/en\/\",\"name\":\"RentalPanda.es\",\"description\":\"Baby, Beach &amp; Holiday Gear for Rent\",\"publisher\":{\"@id\":\"https:\/\/rentalpanda.es\/en\/#organization\"},\"potentialAction\":[{\"@type\":\"SearchAction\",\"target\":{\"@type\":\"EntryPoint\",\"urlTemplate\":\"https:\/\/rentalpanda.es\/en\/?s={search_term_string}\"},\"query-input\":{\"@type\":\"PropertyValueSpecification\",\"valueRequired\":true,\"valueName\":\"search_term_string\"}}],\"inLanguage\":\"es\"},{\"@type\":\"Organization\",\"@id\":\"https:\/\/rentalpanda.es\/en\/#organization\",\"name\":\"Rentalpanda.es\",\"url\":\"https:\/\/rentalpanda.es\/en\/\",\"logo\":{\"@type\":\"ImageObject\",\"inLanguage\":\"es\",\"@id\":\"https:\/\/rentalpanda.es\/en\/#\/schema\/logo\/image\/\",\"url\":\"https:\/\/rentalpanda.es\/wp-content\/uploads\/2017\/02\/rentalpanda-logo-webseite-end.png\",\"contentUrl\":\"https:\/\/rentalpanda.es\/wp-content\/uploads\/2017\/02\/rentalpanda-logo-webseite-end.png\",\"width\":260,\"height\":71,\"caption\":\"Rentalpanda.es\"},\"image\":{\"@id\":\"https:\/\/rentalpanda.es\/en\/#\/schema\/logo\/image\/\"},\"sameAs\":[\"https:\/\/www.facebook.com\/rentalpandamallorca\"]}]}<\/script>\n<!-- \/ Yoast SEO plugin. -->","yoast_head_json":{"title":"Andador Ortop\u00e9dico Plegable: Para Personas Mayores en Mallorca | RentalPanda.es","description":"Alquila un andador de alta gama para personas mayores en Mallorca: Comodidad y movilidad para tus vacaciones. Ajustable en altura, plegable y con asiento. \u00a1Reserva ahora!","robots":{"index":"index","follow":"follow","max-snippet":"max-snippet:-1","max-image-preview":"max-image-preview:large","max-video-preview":"max-video-preview:-1"},"canonical":"https:\/\/rentalpanda.es\/es\/producto\/andador-ortopedico-plegable\/","og_locale":"es_ES","og_type":"article","og_title":"Rollator Mieten: Mallorca Hilfe f\u00fcr Senioren - RentalPanda.es","og_description":"High-End Rollator Mieten f\u00fcr Senioren auf Mallorca: Komfort und Mobilit\u00e4t f\u00fcr den Urlaub. H\u00f6henverstellbar, faltbar und zum Sitzen!","og_url":"https:\/\/rentalpanda.es\/es\/producto\/andador-ortopedico-plegable\/","og_site_name":"RentalPanda.es","article_publisher":"https:\/\/www.facebook.com\/rentalpandamallorca","article_modified_time":"2025-02-14T03:01:24+00:00","og_image":[{"width":427,"height":481,"url":"https:\/\/rentalpanda.es\/wp-content\/uploads\/2024\/05\/rollator_mieten_mallorca.png","type":"image\/png"}],"twitter_card":"summary_large_image","twitter_misc":{"Tiempo de lectura":"2 minutos"},"schema":{"@context":"https:\/\/schema.org","@graph":[{"@type":"WebPage","@id":"https:\/\/rentalpanda.es\/produkt\/rollator-mieten-mallorca\/","url":"https:\/\/rentalpanda.es\/produkt\/rollator-mieten-mallorca\/","name":"Andador Ortop\u00e9dico Plegable: Para Personas Mayores en Mallorca | RentalPanda.es","isPartOf":{"@id":"https:\/\/rentalpanda.es\/en\/#website"},"primaryImageOfPage":{"@id":"https:\/\/rentalpanda.es\/produkt\/rollator-mieten-mallorca\/#primaryimage"},"image":{"@id":"https:\/\/rentalpanda.es\/produkt\/rollator-mieten-mallorca\/#primaryimage"},"thumbnailUrl":"https:\/\/rentalpanda.es\/wp-content\/uploads\/2024\/05\/rollator_mieten_mallorca.png","datePublished":"2024-05-31T04:09:34+00:00","dateModified":"2025-02-14T03:01:24+00:00","description":"Alquila un andador de alta gama para personas mayores en Mallorca: Comodidad y movilidad para tus vacaciones. Ajustable en altura, plegable y con asiento. \u00a1Reserva ahora!","breadcrumb":{"@id":"https:\/\/rentalpanda.es\/produkt\/rollator-mieten-mallorca\/#breadcrumb"},"inLanguage":"es","potentialAction":[{"@type":"ReadAction","target":["https:\/\/rentalpanda.es\/produkt\/rollator-mieten-mallorca\/"]}]},{"@type":"ImageObject","inLanguage":"es","@id":"https:\/\/rentalpanda.es\/produkt\/rollator-mieten-mallorca\/#primaryimage","url":"https:\/\/rentalpanda.es\/wp-content\/uploads\/2024\/05\/rollator_mieten_mallorca.png","contentUrl":"https:\/\/rentalpanda.es\/wp-content\/uploads\/2024\/05\/rollator_mieten_mallorca.png","width":427,"height":481,"caption":"rollator_mieten_mallorca"},{"@type":"BreadcrumbList","@id":"https:\/\/rentalpanda.es\/produkt\/rollator-mieten-mallorca\/#breadcrumb","itemListElement":[{"@type":"ListItem","position":1,"name":"Startseite","item":"https:\/\/rentalpanda.es\/"},{"@type":"ListItem","position":2,"name":"Shop","item":"https:\/\/rentalpanda.es\/shop\/"},{"@type":"ListItem","position":3,"name":"Rollator (Outdoor) Mieten: Mallorca Hilfe f\u00fcr Senioren"}]},{"@type":"WebSite","@id":"https:\/\/rentalpanda.es\/en\/#website","url":"https:\/\/rentalpanda.es\/en\/","name":"RentalPanda.es","description":"Baby, Beach &amp; Holiday Gear for Rent","publisher":{"@id":"https:\/\/rentalpanda.es\/en\/#organization"},"potentialAction":[{"@type":"SearchAction","target":{"@type":"EntryPoint","urlTemplate":"https:\/\/rentalpanda.es\/en\/?s={search_term_string}"},"query-input":{"@type":"PropertyValueSpecification","valueRequired":true,"valueName":"search_term_string"}}],"inLanguage":"es"},{"@type":"Organization","@id":"https:\/\/rentalpanda.es\/en\/#organization","name":"Rentalpanda.es","url":"https:\/\/rentalpanda.es\/en\/","logo":{"@type":"ImageObject","inLanguage":"es","@id":"https:\/\/rentalpanda.es\/en\/#\/schema\/logo\/image\/","url":"https:\/\/rentalpanda.es\/wp-content\/uploads\/2017\/02\/rentalpanda-logo-webseite-end.png","contentUrl":"https:\/\/rentalpanda.es\/wp-content\/uploads\/2017\/02\/rentalpanda-logo-webseite-end.png","width":260,"height":71,"caption":"Rentalpanda.es"},"image":{"@id":"https:\/\/rentalpanda.es\/en\/#\/schema\/logo\/image\/"},"sameAs":["https:\/\/www.facebook.com\/rentalpandamallorca"]}]}},"_links":{"self":[{"href":"https:\/\/rentalpanda.es\/es\/wp-json\/wp\/v2\/product\/16333","targetHints":{"allow":["GET"]}}],"collection":[{"href":"https:\/\/rentalpanda.es\/es\/wp-json\/wp\/v2\/product"}],"about":[{"href":"https:\/\/rentalpanda.es\/es\/wp-json\/wp\/v2\/types\/product"}],"replies":[{"embeddable":true,"href":"https:\/\/rentalpanda.es\/es\/wp-json\/wp\/v2\/comments?post=16333"}],"wp:featuredmedia":[{"embeddable":true,"href":"https:\/\/rentalpanda.es\/es\/wp-json\/wp\/v2\/media\/16340"}],"wp:attachment":[{"href":"https:\/\/rentalpanda.es\/es\/wp-json\/wp\/v2\/media?parent=16333"}],"wp:term":[{"taxonomy":"product_brand","embeddable":true,"href":"https:\/\/rentalpanda.es\/es\/wp-json\/wp\/v2\/product_brand?post=16333"},{"taxonomy":"product_cat","embeddable":true,"href":"https:\/\/rentalpanda.es\/es\/wp-json\/wp\/v2\/product_cat?post=16333"},{"taxonomy":"product_tag","embeddable":true,"href":"https:\/\/rentalpanda.es\/es\/wp-json\/wp\/v2\/product_tag?post=16333"}],"curies":[{"name":"wp","href":"https:\/\/api.w.org\/{rel}","templated":true}]}}