{"id":1531,"date":"2017-02-03T09:37:08","date_gmt":"2017-02-03T09:37:08","guid":{"rendered":"http:\/\/rentalpanda.es\/produkt\/familien-stranddecke-maxi-size\/"},"modified":"2025-02-27T06:21:24","modified_gmt":"2025-02-27T06:21:24","slug":"manta-de-playa","status":"publish","type":"product","link":"https:\/\/rentalpanda.es\/es\/produkt\/familien-stranddecke-maxi-size\/","title":{"rendered":"Manta de Playa XXL"},"content":{"rendered":"<h2><strong>Manta de Playa de Tama\u00f1o XXL<\/strong><\/h2>\n<p>Un problema com\u00fan en la playa es no tener toallas lo suficientemente grandes \u00a1y siempre terminar teniendo arena por todos lados! Las familias con ni\u00f1os especialmente disfrutan de tener suficiente espacio para jugar y recostarse, sin que la arena les cubra. RentalPanda Beach Equipment quiz\u00e1s tenga justo lo que necesitas: una gigantesca manta de playa Maxi hecha de material de paraca\u00eddas de alta calidad pero muy liviano.<\/p>\n<h2>Grande Manta de Playa para Mallorca<\/h2>\n<p>La enorme manta, apta para cualquier superficie, tiene un tama\u00f1o de 218x210cm y se seca muy r\u00e1pidamente al sol. Dado que la manta de playa es tan ligera, se sujeta con piquetas suministradas en la arena. Se transporta en una peque\u00f1a bolsa de transporte que ocupa muy poco espacio. Antes de cada alquiler, la manta se limpia a fondo y se esteriliza al vapor.<\/p>\n<h3>Beneficios de Manta de Playa XXL<\/h3>\n<ul>\n<li>Material de secado r\u00e1pido<\/li>\n<li>Muy ligero<\/li>\n<li>Almacenada en una peque\u00f1a bolsa<\/li>\n<li>Proporciona una gran \u00e1rea libre de arena para recostarse<\/li>\n<\/ul>\n<h3>Manta de Playa: Detalles T\u00e9cnicos<\/h3>\n<p>Peso: 0.5kg<br \/>\nDimensiones: 218x210cm<br \/>\nMaterial: Tela de paraca\u00eddas<\/p>\n<p>La manta de playa de tama\u00f1o maxi son adecuadas para todo tipo de amantes de la playa y familias.<\/p>","protected":false},"excerpt":{"rendered":"<p>Una <strong>Manta de Playa XXL<\/strong> de tama\u00f1o maxi para toda la familia. \u00a1Se acabaron las toallas peque\u00f1as que siempre est\u00e1n llenas de arena! Hecha de un material extremadamente ligero pero resistente. Se fija f\u00e1cilmente al suelo con 4 piquetas (incluidas).<\/p>\n<p>TENGA EN CUENTA: D\u00eda de llegada + d\u00eda de salida = 2 d\u00edas completos de alquiler (ni el 1er ni el \u00faltimo d\u00eda, los productos se pueden alquilar en otro lugar).<\/p>","protected":false},"featured_media":14683,"comment_status":"open","ping_status":"closed","template":"","meta":[],"product_brand":[],"product_cat":[90,88],"product_tag":[195,861,194],"class_list":{"0":"post-1531","1":"product","2":"type-product","3":"status-publish","4":"has-post-thumbnail","6":"product_cat-mieten","7":"product_cat-strand","8":"product_tag-stranddecke","9":"product_tag-stranddecke-xxl","10":"product_tag-strandmatte","12":"first","13":"instock","14":"taxable","15":"shipping-taxable","16":"purchasable","17":"product-type-simple"},"yoast_head":"<!-- This site is optimized with the Yoast SEO plugin v27.1.1 - https:\/\/yoast.com\/product\/yoast-seo-wordpress\/ -->\n<title>Mieten Mallorca: Stranddecke XXL | RentalPanda.es<\/title>\n<meta name=\"description\" content=\"Miete f\u00fcr deinen n\u00e4chsten Urlaub auf Mallorca diese praktische Stranddecke XXL f\u00fcr die ganze Familie. Plus viele weitere Strandsachen + Lieferung ins Hotel.\" \/>\n<meta name=\"robots\" content=\"index, follow, max-snippet:-1, max-image-preview:large, max-video-preview:-1\" \/>\n<link rel=\"canonical\" href=\"https:\/\/rentalpanda.es\/es\/producto\/manta-de-playa\/\" \/>\n<meta property=\"og:locale\" content=\"es_ES\" \/>\n<meta property=\"og:type\" content=\"article\" \/>\n<meta property=\"og:title\" content=\"Mieten Mallorca: Stranddecke XXL | RentalPanda.es\" \/>\n<meta property=\"og:description\" content=\"Miete f\u00fcr deinen n\u00e4chsten Urlaub auf Mallorca diese praktische Stranddecke XXL f\u00fcr die ganze Familie. Plus viele weitere Strandsachen + Lieferung ins Hotel.\" \/>\n<meta property=\"og:url\" content=\"https:\/\/rentalpanda.es\/es\/producto\/manta-de-playa\/\" \/>\n<meta property=\"og:site_name\" content=\"RentalPanda.es\" \/>\n<meta property=\"article:publisher\" content=\"https:\/\/www.facebook.com\/rentalpandamallorca\" \/>\n<meta property=\"article:modified_time\" content=\"2025-02-27T06:21:24+00:00\" \/>\n<meta property=\"og:image\" content=\"https:\/\/rentalpanda.es\/wp-content\/uploads\/2017\/02\/stranddecke-xxl.png\" \/>\n\t<meta property=\"og:image:width\" content=\"427\" \/>\n\t<meta property=\"og:image:height\" content=\"480\" \/>\n\t<meta property=\"og:image:type\" content=\"image\/png\" \/>\n<meta name=\"twitter:card\" content=\"summary_large_image\" \/>\n<meta name=\"twitter:label1\" content=\"Tiempo de lectura\" \/>\n\t<meta name=\"twitter:data1\" content=\"2 minutos\" \/>\n<script type=\"application\/ld+json\" class=\"yoast-schema-graph\">{\"@context\":\"https:\/\/schema.org\",\"@graph\":[{\"@type\":\"WebPage\",\"@id\":\"https:\/\/rentalpanda.es\/produkt\/familien-stranddecke-maxi-size\/\",\"url\":\"https:\/\/rentalpanda.es\/produkt\/familien-stranddecke-maxi-size\/\",\"name\":\"Mieten Mallorca: Stranddecke XXL | RentalPanda.es\",\"isPartOf\":{\"@id\":\"https:\/\/rentalpanda.es\/en\/#website\"},\"primaryImageOfPage\":{\"@id\":\"https:\/\/rentalpanda.es\/produkt\/familien-stranddecke-maxi-size\/#primaryimage\"},\"image\":{\"@id\":\"https:\/\/rentalpanda.es\/produkt\/familien-stranddecke-maxi-size\/#primaryimage\"},\"thumbnailUrl\":\"https:\/\/rentalpanda.es\/wp-content\/uploads\/2017\/02\/stranddecke-xxl.png\",\"datePublished\":\"2017-02-03T09:37:08+00:00\",\"dateModified\":\"2025-02-27T06:21:24+00:00\",\"description\":\"Miete f\u00fcr deinen n\u00e4chsten Urlaub auf Mallorca diese praktische Stranddecke XXL f\u00fcr die ganze Familie. Plus viele weitere Strandsachen + Lieferung ins Hotel.\",\"breadcrumb\":{\"@id\":\"https:\/\/rentalpanda.es\/produkt\/familien-stranddecke-maxi-size\/#breadcrumb\"},\"inLanguage\":\"es\",\"potentialAction\":[{\"@type\":\"ReadAction\",\"target\":[\"https:\/\/rentalpanda.es\/produkt\/familien-stranddecke-maxi-size\/\"]}]},{\"@type\":\"ImageObject\",\"inLanguage\":\"es\",\"@id\":\"https:\/\/rentalpanda.es\/produkt\/familien-stranddecke-maxi-size\/#primaryimage\",\"url\":\"https:\/\/rentalpanda.es\/wp-content\/uploads\/2017\/02\/stranddecke-xxl.png\",\"contentUrl\":\"https:\/\/rentalpanda.es\/wp-content\/uploads\/2017\/02\/stranddecke-xxl.png\",\"width\":427,\"height\":480,\"caption\":\"stranddecke-xxl\"},{\"@type\":\"BreadcrumbList\",\"@id\":\"https:\/\/rentalpanda.es\/produkt\/familien-stranddecke-maxi-size\/#breadcrumb\",\"itemListElement\":[{\"@type\":\"ListItem\",\"position\":1,\"name\":\"Startseite\",\"item\":\"https:\/\/rentalpanda.es\/\"},{\"@type\":\"ListItem\",\"position\":2,\"name\":\"Shop\",\"item\":\"https:\/\/rentalpanda.es\/shop\/\"},{\"@type\":\"ListItem\",\"position\":3,\"name\":\"Stranddecke XXL\"}]},{\"@type\":\"WebSite\",\"@id\":\"https:\/\/rentalpanda.es\/en\/#website\",\"url\":\"https:\/\/rentalpanda.es\/en\/\",\"name\":\"RentalPanda.es\",\"description\":\"Baby, Beach &amp; Holiday Gear for Rent\",\"publisher\":{\"@id\":\"https:\/\/rentalpanda.es\/en\/#organization\"},\"potentialAction\":[{\"@type\":\"SearchAction\",\"target\":{\"@type\":\"EntryPoint\",\"urlTemplate\":\"https:\/\/rentalpanda.es\/en\/?s={search_term_string}\"},\"query-input\":{\"@type\":\"PropertyValueSpecification\",\"valueRequired\":true,\"valueName\":\"search_term_string\"}}],\"inLanguage\":\"es\"},{\"@type\":\"Organization\",\"@id\":\"https:\/\/rentalpanda.es\/en\/#organization\",\"name\":\"Rentalpanda.es\",\"url\":\"https:\/\/rentalpanda.es\/en\/\",\"logo\":{\"@type\":\"ImageObject\",\"inLanguage\":\"es\",\"@id\":\"https:\/\/rentalpanda.es\/en\/#\/schema\/logo\/image\/\",\"url\":\"https:\/\/rentalpanda.es\/wp-content\/uploads\/2017\/02\/rentalpanda-logo-webseite-end.png\",\"contentUrl\":\"https:\/\/rentalpanda.es\/wp-content\/uploads\/2017\/02\/rentalpanda-logo-webseite-end.png\",\"width\":260,\"height\":71,\"caption\":\"Rentalpanda.es\"},\"image\":{\"@id\":\"https:\/\/rentalpanda.es\/en\/#\/schema\/logo\/image\/\"},\"sameAs\":[\"https:\/\/www.facebook.com\/rentalpandamallorca\"]}]}<\/script>\n<!-- \/ Yoast SEO plugin. -->","yoast_head_json":{"title":"Manta de Playa XXL Alquiler Mallorca | RentalPanda.es","description":"Alquilar Manta de Playa extra grande para toda la familia. Suave, resistente y con entrega directa al hotel. \u00a1Y muchos m\u00e1s art\u00edculos de playa disponibles!","robots":{"index":"index","follow":"follow","max-snippet":"max-snippet:-1","max-image-preview":"max-image-preview:large","max-video-preview":"max-video-preview:-1"},"canonical":"https:\/\/rentalpanda.es\/es\/producto\/manta-de-playa\/","og_locale":"es_ES","og_type":"article","og_title":"Mieten Mallorca: Stranddecke XXL | RentalPanda.es","og_description":"Miete f\u00fcr deinen n\u00e4chsten Urlaub auf Mallorca diese praktische Stranddecke XXL f\u00fcr die ganze Familie. Plus viele weitere Strandsachen + Lieferung ins Hotel.","og_url":"https:\/\/rentalpanda.es\/es\/producto\/manta-de-playa\/","og_site_name":"RentalPanda.es","article_publisher":"https:\/\/www.facebook.com\/rentalpandamallorca","article_modified_time":"2025-02-27T06:21:24+00:00","og_image":[{"width":427,"height":480,"url":"https:\/\/rentalpanda.es\/wp-content\/uploads\/2017\/02\/stranddecke-xxl.png","type":"image\/png"}],"twitter_card":"summary_large_image","twitter_misc":{"Tiempo de lectura":"2 minutos"},"schema":{"@context":"https:\/\/schema.org","@graph":[{"@type":"WebPage","@id":"https:\/\/rentalpanda.es\/produkt\/familien-stranddecke-maxi-size\/","url":"https:\/\/rentalpanda.es\/produkt\/familien-stranddecke-maxi-size\/","name":"Manta de Playa XXL Alquiler Mallorca | RentalPanda.es","isPartOf":{"@id":"https:\/\/rentalpanda.es\/en\/#website"},"primaryImageOfPage":{"@id":"https:\/\/rentalpanda.es\/produkt\/familien-stranddecke-maxi-size\/#primaryimage"},"image":{"@id":"https:\/\/rentalpanda.es\/produkt\/familien-stranddecke-maxi-size\/#primaryimage"},"thumbnailUrl":"https:\/\/rentalpanda.es\/wp-content\/uploads\/2017\/02\/stranddecke-xxl.png","datePublished":"2017-02-03T09:37:08+00:00","dateModified":"2025-02-27T06:21:24+00:00","description":"Alquilar Manta de Playa extra grande para toda la familia. Suave, resistente y con entrega directa al hotel. \u00a1Y muchos m\u00e1s art\u00edculos de playa disponibles!","breadcrumb":{"@id":"https:\/\/rentalpanda.es\/produkt\/familien-stranddecke-maxi-size\/#breadcrumb"},"inLanguage":"es","potentialAction":[{"@type":"ReadAction","target":["https:\/\/rentalpanda.es\/produkt\/familien-stranddecke-maxi-size\/"]}]},{"@type":"ImageObject","inLanguage":"es","@id":"https:\/\/rentalpanda.es\/produkt\/familien-stranddecke-maxi-size\/#primaryimage","url":"https:\/\/rentalpanda.es\/wp-content\/uploads\/2017\/02\/stranddecke-xxl.png","contentUrl":"https:\/\/rentalpanda.es\/wp-content\/uploads\/2017\/02\/stranddecke-xxl.png","width":427,"height":480,"caption":"stranddecke-xxl"},{"@type":"BreadcrumbList","@id":"https:\/\/rentalpanda.es\/produkt\/familien-stranddecke-maxi-size\/#breadcrumb","itemListElement":[{"@type":"ListItem","position":1,"name":"Startseite","item":"https:\/\/rentalpanda.es\/"},{"@type":"ListItem","position":2,"name":"Shop","item":"https:\/\/rentalpanda.es\/shop\/"},{"@type":"ListItem","position":3,"name":"Stranddecke XXL"}]},{"@type":"WebSite","@id":"https:\/\/rentalpanda.es\/en\/#website","url":"https:\/\/rentalpanda.es\/en\/","name":"RentalPanda.es","description":"Baby, Beach &amp; Holiday Gear for Rent","publisher":{"@id":"https:\/\/rentalpanda.es\/en\/#organization"},"potentialAction":[{"@type":"SearchAction","target":{"@type":"EntryPoint","urlTemplate":"https:\/\/rentalpanda.es\/en\/?s={search_term_string}"},"query-input":{"@type":"PropertyValueSpecification","valueRequired":true,"valueName":"search_term_string"}}],"inLanguage":"es"},{"@type":"Organization","@id":"https:\/\/rentalpanda.es\/en\/#organization","name":"Rentalpanda.es","url":"https:\/\/rentalpanda.es\/en\/","logo":{"@type":"ImageObject","inLanguage":"es","@id":"https:\/\/rentalpanda.es\/en\/#\/schema\/logo\/image\/","url":"https:\/\/rentalpanda.es\/wp-content\/uploads\/2017\/02\/rentalpanda-logo-webseite-end.png","contentUrl":"https:\/\/rentalpanda.es\/wp-content\/uploads\/2017\/02\/rentalpanda-logo-webseite-end.png","width":260,"height":71,"caption":"Rentalpanda.es"},"image":{"@id":"https:\/\/rentalpanda.es\/en\/#\/schema\/logo\/image\/"},"sameAs":["https:\/\/www.facebook.com\/rentalpandamallorca"]}]}},"_links":{"self":[{"href":"https:\/\/rentalpanda.es\/es\/wp-json\/wp\/v2\/product\/1531","targetHints":{"allow":["GET"]}}],"collection":[{"href":"https:\/\/rentalpanda.es\/es\/wp-json\/wp\/v2\/product"}],"about":[{"href":"https:\/\/rentalpanda.es\/es\/wp-json\/wp\/v2\/types\/product"}],"replies":[{"embeddable":true,"href":"https:\/\/rentalpanda.es\/es\/wp-json\/wp\/v2\/comments?post=1531"}],"wp:featuredmedia":[{"embeddable":true,"href":"https:\/\/rentalpanda.es\/es\/wp-json\/wp\/v2\/media\/14683"}],"wp:attachment":[{"href":"https:\/\/rentalpanda.es\/es\/wp-json\/wp\/v2\/media?parent=1531"}],"wp:term":[{"taxonomy":"product_brand","embeddable":true,"href":"https:\/\/rentalpanda.es\/es\/wp-json\/wp\/v2\/product_brand?post=1531"},{"taxonomy":"product_cat","embeddable":true,"href":"https:\/\/rentalpanda.es\/es\/wp-json\/wp\/v2\/product_cat?post=1531"},{"taxonomy":"product_tag","embeddable":true,"href":"https:\/\/rentalpanda.es\/es\/wp-json\/wp\/v2\/product_tag?post=1531"}],"curies":[{"name":"wp","href":"https:\/\/api.w.org\/{rel}","templated":true}]}}