{"id":1508,"date":"2017-02-02T13:03:55","date_gmt":"2017-02-02T13:03:55","guid":{"rendered":"http:\/\/rentalpanda.es\/produkt\/strandmuschel-quick-n-easy\/"},"modified":"2025-03-05T02:39:51","modified_gmt":"2025-03-05T02:39:51","slug":"tienda-playa-alquilar-mallorca","status":"publish","type":"product","link":"https:\/\/rentalpanda.es\/es\/produkt\/strandmuschel-quick-n-easy\/","title":{"rendered":"Tienda de Playa Decathlon"},"content":{"rendered":"<h2><strong>Tienda de Playa Decathlon para Alquilar<\/strong><\/h2>\n<p>\u00bfEst\u00e1s harto de alquilar sombrillas todos los d\u00edas en tu playa favorita de Mallorca? \u00bfCansado de pagar demasiado por las sillas de playa caras? \u00a1Entonces contrate sus sillas de playa, colchonetas y sombrillas directamente de RentalPanda.es, y t\u00f3melas durante todo el tiempo que est\u00e9 de vacaciones! \u00a1Ahorrar\u00e1 mucho dinero y podr\u00e1 obtener el mejor lugar en la playa que desee!<\/p>\n<h2>Mallorca Vacaciones: Tienda de Playa de Decathlon<\/h2>\n<p>Instalado en 3 segundos (\u00a1Pop-up!) y sujeto al suelo con clavijas en muy poco tiempo, es ideal para familias con ni\u00f1os o para cualquiera que busque protecci\u00f3n contra el viento y el sol. La tienda de playa Quechua lo protege de hasta el 95% de los da\u00f1inos rayos UVA y UVB. Gracias a la construcci\u00f3n autoportante, la tienda de la playa se puede colocar en cualquier lugar simplemente arroj\u00e1ndola al suelo y luego fij\u00e1ndola. \u00a1Disfruta de tus vacaciones al sol todo el tiempo!<\/p>\n<h3>Beneficios Tienda de Playa Decathlon<\/h3>\n<ul>\n<li>Protecci\u00f3n pr\u00e1ctica contra el sol y el viento.<\/li>\n<li>Alternativa a las pantallas y sillones reclinables caros<\/li>\n<li>Inmediatamente autosuficiente<\/li>\n<li>Protecci\u00f3n confiable contra los rayos UV.<\/li>\n<\/ul>\n<h3>Tienda de Playa: Detalles T\u00e9cnicos<\/h3>\n<p>Peso: 1.2kg<br \/>\nDimensiones configuradas AAP: 105x110x145cm<br \/>\nDimensiones embalado: 5x60cm<br \/>\nMaterial: poli\u00e9ster y fibra de vidrio<\/p>\n<p>Tiene capacidad para 1 adulto o 2 ni\u00f1os. M\u00f3vil adicional, se puede utilizar en cualquier superficie.<\/p>","protected":false},"excerpt":{"rendered":"<p>\u00a1La <strong>tienda de playa DECATHLON<\/strong> es perfecta para Mallorca! Protecci\u00f3n perfecta contra el viento, el sol y la arena para toda la familia. Adem\u00e1s, ahorras mucho dinero en lugar de pagar para sillas y sombrillas caras en las playas.<\/p>\n<p>TENGA EN CUENTA: D\u00eda de llegada + d\u00eda de salida = 2 d\u00edas completos de alquiler (ni el 1er ni el \u00faltimo d\u00eda, los productos se pueden alquilar en otro lugar).<\/p>","protected":false},"featured_media":14680,"comment_status":"open","ping_status":"closed","template":"","meta":[],"product_brand":[],"product_cat":[90,88],"product_tag":[191,845,192,193],"class_list":{"0":"post-1508","1":"product","2":"type-product","3":"status-publish","4":"has-post-thumbnail","6":"product_cat-mieten","7":"product_cat-strand","8":"product_tag-pop-up-muschel","9":"product_tag-quechua-strandmuschel","10":"product_tag-strandmuschel","11":"product_tag-strandzelt","13":"first","14":"instock","15":"featured","16":"taxable","17":"shipping-taxable","18":"purchasable","19":"product-type-simple"},"yoast_head":"<!-- This site is optimized with the Yoast SEO plugin v27.1.1 - https:\/\/yoast.com\/product\/yoast-seo-wordpress\/ -->\n<title>Sonnenschirm Mieten Mallorca: Quechua Strandmuschel | Panda<\/title>\n<meta name=\"description\" content=\"Miete dir f\u00fcr deinen Mallorca-Urlaub eine Quechua Strandmuschel - so hast du deinen Schatten immer dabei! Zusammengefaltet, praktisch, toll f\u00fcr Picknick!\" \/>\n<meta name=\"robots\" content=\"index, follow, max-snippet:-1, max-image-preview:large, max-video-preview:-1\" \/>\n<link rel=\"canonical\" href=\"https:\/\/rentalpanda.es\/es\/producto\/tienda-playa-alquilar-mallorca\/\" \/>\n<meta property=\"og:locale\" content=\"es_ES\" \/>\n<meta property=\"og:type\" content=\"article\" \/>\n<meta property=\"og:title\" content=\"Sonnenschirm Mieten Mallorca: Quechua Strandmuschel | Panda\" \/>\n<meta property=\"og:description\" content=\"Miete dir f\u00fcr deinen Mallorca-Urlaub eine Quechua Strandmuschel - so hast du deinen Schatten immer dabei! Zusammengefaltet, praktisch, toll f\u00fcr Picknick!\" \/>\n<meta property=\"og:url\" content=\"https:\/\/rentalpanda.es\/es\/producto\/tienda-playa-alquilar-mallorca\/\" \/>\n<meta property=\"og:site_name\" content=\"RentalPanda.es\" \/>\n<meta property=\"article:publisher\" content=\"https:\/\/www.facebook.com\/rentalpandamallorca\" \/>\n<meta property=\"article:modified_time\" content=\"2025-03-05T02:39:51+00:00\" \/>\n<meta property=\"og:image\" content=\"https:\/\/rentalpanda.es\/wp-content\/uploads\/2017\/02\/quechua-strandmuschel-1.png\" \/>\n\t<meta property=\"og:image:width\" content=\"427\" \/>\n\t<meta property=\"og:image:height\" content=\"480\" \/>\n\t<meta property=\"og:image:type\" content=\"image\/png\" \/>\n<meta name=\"twitter:card\" content=\"summary_large_image\" \/>\n<meta name=\"twitter:label1\" content=\"Tiempo de lectura\" \/>\n\t<meta name=\"twitter:data1\" content=\"2 minutos\" \/>\n<script type=\"application\/ld+json\" class=\"yoast-schema-graph\">{\"@context\":\"https:\/\/schema.org\",\"@graph\":[{\"@type\":\"WebPage\",\"@id\":\"https:\/\/rentalpanda.es\/produkt\/strandmuschel-quick-n-easy\/\",\"url\":\"https:\/\/rentalpanda.es\/produkt\/strandmuschel-quick-n-easy\/\",\"name\":\"Sonnenschirm Mieten Mallorca: Quechua Strandmuschel | Panda\",\"isPartOf\":{\"@id\":\"https:\/\/rentalpanda.es\/en\/#website\"},\"primaryImageOfPage\":{\"@id\":\"https:\/\/rentalpanda.es\/produkt\/strandmuschel-quick-n-easy\/#primaryimage\"},\"image\":{\"@id\":\"https:\/\/rentalpanda.es\/produkt\/strandmuschel-quick-n-easy\/#primaryimage\"},\"thumbnailUrl\":\"https:\/\/rentalpanda.es\/wp-content\/uploads\/2017\/02\/quechua-strandmuschel-1.png\",\"datePublished\":\"2017-02-02T13:03:55+00:00\",\"dateModified\":\"2025-03-05T02:39:51+00:00\",\"description\":\"Miete dir f\u00fcr deinen Mallorca-Urlaub eine Quechua Strandmuschel - so hast du deinen Schatten immer dabei! Zusammengefaltet, praktisch, toll f\u00fcr Picknick!\",\"breadcrumb\":{\"@id\":\"https:\/\/rentalpanda.es\/produkt\/strandmuschel-quick-n-easy\/#breadcrumb\"},\"inLanguage\":\"es\",\"potentialAction\":[{\"@type\":\"ReadAction\",\"target\":[\"https:\/\/rentalpanda.es\/produkt\/strandmuschel-quick-n-easy\/\"]}]},{\"@type\":\"ImageObject\",\"inLanguage\":\"es\",\"@id\":\"https:\/\/rentalpanda.es\/produkt\/strandmuschel-quick-n-easy\/#primaryimage\",\"url\":\"https:\/\/rentalpanda.es\/wp-content\/uploads\/2017\/02\/quechua-strandmuschel-1.png\",\"contentUrl\":\"https:\/\/rentalpanda.es\/wp-content\/uploads\/2017\/02\/quechua-strandmuschel-1.png\",\"width\":427,\"height\":480,\"caption\":\"quechua-strandmuschel\"},{\"@type\":\"BreadcrumbList\",\"@id\":\"https:\/\/rentalpanda.es\/produkt\/strandmuschel-quick-n-easy\/#breadcrumb\",\"itemListElement\":[{\"@type\":\"ListItem\",\"position\":1,\"name\":\"Startseite\",\"item\":\"https:\/\/rentalpanda.es\/\"},{\"@type\":\"ListItem\",\"position\":2,\"name\":\"Shop\",\"item\":\"https:\/\/rentalpanda.es\/shop\/\"},{\"@type\":\"ListItem\",\"position\":3,\"name\":\"Quechua Strandmuschel Quick\u2019n\u2018Easy\"}]},{\"@type\":\"WebSite\",\"@id\":\"https:\/\/rentalpanda.es\/en\/#website\",\"url\":\"https:\/\/rentalpanda.es\/en\/\",\"name\":\"RentalPanda.es\",\"description\":\"Baby, Beach &amp; Holiday Gear for Rent\",\"publisher\":{\"@id\":\"https:\/\/rentalpanda.es\/en\/#organization\"},\"potentialAction\":[{\"@type\":\"SearchAction\",\"target\":{\"@type\":\"EntryPoint\",\"urlTemplate\":\"https:\/\/rentalpanda.es\/en\/?s={search_term_string}\"},\"query-input\":{\"@type\":\"PropertyValueSpecification\",\"valueRequired\":true,\"valueName\":\"search_term_string\"}}],\"inLanguage\":\"es\"},{\"@type\":\"Organization\",\"@id\":\"https:\/\/rentalpanda.es\/en\/#organization\",\"name\":\"Rentalpanda.es\",\"url\":\"https:\/\/rentalpanda.es\/en\/\",\"logo\":{\"@type\":\"ImageObject\",\"inLanguage\":\"es\",\"@id\":\"https:\/\/rentalpanda.es\/en\/#\/schema\/logo\/image\/\",\"url\":\"https:\/\/rentalpanda.es\/wp-content\/uploads\/2017\/02\/rentalpanda-logo-webseite-end.png\",\"contentUrl\":\"https:\/\/rentalpanda.es\/wp-content\/uploads\/2017\/02\/rentalpanda-logo-webseite-end.png\",\"width\":260,\"height\":71,\"caption\":\"Rentalpanda.es\"},\"image\":{\"@id\":\"https:\/\/rentalpanda.es\/en\/#\/schema\/logo\/image\/\"},\"sameAs\":[\"https:\/\/www.facebook.com\/rentalpandamallorca\"]}]}<\/script>\n<!-- \/ Yoast SEO plugin. -->","yoast_head_json":{"title":"Alquiler Mallorca: Tienda de Playa Decathlon | RentalPanda.es","description":"Alquila tienda de playa Quechua en Mallorca. Plegable, ligera y perfecta para la playa o picnic. \u00a1Tu sombra port\u00e1til siempre contigo!","robots":{"index":"index","follow":"follow","max-snippet":"max-snippet:-1","max-image-preview":"max-image-preview:large","max-video-preview":"max-video-preview:-1"},"canonical":"https:\/\/rentalpanda.es\/es\/producto\/tienda-playa-alquilar-mallorca\/","og_locale":"es_ES","og_type":"article","og_title":"Sonnenschirm Mieten Mallorca: Quechua Strandmuschel | Panda","og_description":"Miete dir f\u00fcr deinen Mallorca-Urlaub eine Quechua Strandmuschel - so hast du deinen Schatten immer dabei! Zusammengefaltet, praktisch, toll f\u00fcr Picknick!","og_url":"https:\/\/rentalpanda.es\/es\/producto\/tienda-playa-alquilar-mallorca\/","og_site_name":"RentalPanda.es","article_publisher":"https:\/\/www.facebook.com\/rentalpandamallorca","article_modified_time":"2025-03-05T02:39:51+00:00","og_image":[{"width":427,"height":480,"url":"https:\/\/rentalpanda.es\/wp-content\/uploads\/2017\/02\/quechua-strandmuschel-1.png","type":"image\/png"}],"twitter_card":"summary_large_image","twitter_misc":{"Tiempo de lectura":"2 minutos"},"schema":{"@context":"https:\/\/schema.org","@graph":[{"@type":"WebPage","@id":"https:\/\/rentalpanda.es\/produkt\/strandmuschel-quick-n-easy\/","url":"https:\/\/rentalpanda.es\/produkt\/strandmuschel-quick-n-easy\/","name":"Alquiler Mallorca: Tienda de Playa Decathlon | RentalPanda.es","isPartOf":{"@id":"https:\/\/rentalpanda.es\/en\/#website"},"primaryImageOfPage":{"@id":"https:\/\/rentalpanda.es\/produkt\/strandmuschel-quick-n-easy\/#primaryimage"},"image":{"@id":"https:\/\/rentalpanda.es\/produkt\/strandmuschel-quick-n-easy\/#primaryimage"},"thumbnailUrl":"https:\/\/rentalpanda.es\/wp-content\/uploads\/2017\/02\/quechua-strandmuschel-1.png","datePublished":"2017-02-02T13:03:55+00:00","dateModified":"2025-03-05T02:39:51+00:00","description":"Alquila tienda de playa Quechua en Mallorca. Plegable, ligera y perfecta para la playa o picnic. \u00a1Tu sombra port\u00e1til siempre contigo!","breadcrumb":{"@id":"https:\/\/rentalpanda.es\/produkt\/strandmuschel-quick-n-easy\/#breadcrumb"},"inLanguage":"es","potentialAction":[{"@type":"ReadAction","target":["https:\/\/rentalpanda.es\/produkt\/strandmuschel-quick-n-easy\/"]}]},{"@type":"ImageObject","inLanguage":"es","@id":"https:\/\/rentalpanda.es\/produkt\/strandmuschel-quick-n-easy\/#primaryimage","url":"https:\/\/rentalpanda.es\/wp-content\/uploads\/2017\/02\/quechua-strandmuschel-1.png","contentUrl":"https:\/\/rentalpanda.es\/wp-content\/uploads\/2017\/02\/quechua-strandmuschel-1.png","width":427,"height":480,"caption":"quechua-strandmuschel"},{"@type":"BreadcrumbList","@id":"https:\/\/rentalpanda.es\/produkt\/strandmuschel-quick-n-easy\/#breadcrumb","itemListElement":[{"@type":"ListItem","position":1,"name":"Startseite","item":"https:\/\/rentalpanda.es\/"},{"@type":"ListItem","position":2,"name":"Shop","item":"https:\/\/rentalpanda.es\/shop\/"},{"@type":"ListItem","position":3,"name":"Quechua Strandmuschel Quick\u2019n\u2018Easy"}]},{"@type":"WebSite","@id":"https:\/\/rentalpanda.es\/en\/#website","url":"https:\/\/rentalpanda.es\/en\/","name":"RentalPanda.es","description":"Baby, Beach &amp; Holiday Gear for Rent","publisher":{"@id":"https:\/\/rentalpanda.es\/en\/#organization"},"potentialAction":[{"@type":"SearchAction","target":{"@type":"EntryPoint","urlTemplate":"https:\/\/rentalpanda.es\/en\/?s={search_term_string}"},"query-input":{"@type":"PropertyValueSpecification","valueRequired":true,"valueName":"search_term_string"}}],"inLanguage":"es"},{"@type":"Organization","@id":"https:\/\/rentalpanda.es\/en\/#organization","name":"Rentalpanda.es","url":"https:\/\/rentalpanda.es\/en\/","logo":{"@type":"ImageObject","inLanguage":"es","@id":"https:\/\/rentalpanda.es\/en\/#\/schema\/logo\/image\/","url":"https:\/\/rentalpanda.es\/wp-content\/uploads\/2017\/02\/rentalpanda-logo-webseite-end.png","contentUrl":"https:\/\/rentalpanda.es\/wp-content\/uploads\/2017\/02\/rentalpanda-logo-webseite-end.png","width":260,"height":71,"caption":"Rentalpanda.es"},"image":{"@id":"https:\/\/rentalpanda.es\/en\/#\/schema\/logo\/image\/"},"sameAs":["https:\/\/www.facebook.com\/rentalpandamallorca"]}]}},"_links":{"self":[{"href":"https:\/\/rentalpanda.es\/es\/wp-json\/wp\/v2\/product\/1508","targetHints":{"allow":["GET"]}}],"collection":[{"href":"https:\/\/rentalpanda.es\/es\/wp-json\/wp\/v2\/product"}],"about":[{"href":"https:\/\/rentalpanda.es\/es\/wp-json\/wp\/v2\/types\/product"}],"replies":[{"embeddable":true,"href":"https:\/\/rentalpanda.es\/es\/wp-json\/wp\/v2\/comments?post=1508"}],"wp:featuredmedia":[{"embeddable":true,"href":"https:\/\/rentalpanda.es\/es\/wp-json\/wp\/v2\/media\/14680"}],"wp:attachment":[{"href":"https:\/\/rentalpanda.es\/es\/wp-json\/wp\/v2\/media?parent=1508"}],"wp:term":[{"taxonomy":"product_brand","embeddable":true,"href":"https:\/\/rentalpanda.es\/es\/wp-json\/wp\/v2\/product_brand?post=1508"},{"taxonomy":"product_cat","embeddable":true,"href":"https:\/\/rentalpanda.es\/es\/wp-json\/wp\/v2\/product_cat?post=1508"},{"taxonomy":"product_tag","embeddable":true,"href":"https:\/\/rentalpanda.es\/es\/wp-json\/wp\/v2\/product_tag?post=1508"}],"curies":[{"name":"wp","href":"https:\/\/api.w.org\/{rel}","templated":true}]}}