{"id":1443,"date":"2017-02-02T11:38:55","date_gmt":"2017-02-02T11:38:55","guid":{"rendered":"http:\/\/rentalpanda.es\/produkt\/kinderwagen-nico\/"},"modified":"2024-05-31T01:13:36","modified_gmt":"2024-05-31T01:13:36","slug":"kinderwagen-nico","status":"publish","type":"product","link":"https:\/\/rentalpanda.es\/es\/produkt\/kinderwagen-nico\/","title":{"rendered":"Kinderwagen NICO"},"content":{"rendered":"<h2><strong>Kinderwagen Mieten Mallorca<\/strong><\/h2>\n<p>Warum solltest du dir die M\u00fche machen und deinen Kinderwagen extra in den Urlaub mitbringen, wenn du dir doch einfach bei RentalPanda.es einen mieten kannst? Dieser hochwertige Kinderwagen macht deine Ferien auf Mallorca mit Kindern erst so richtig entspannt. Der Kinderwagen ist spielend einfach zusammengeklappt, und somit sehr platzsparend, und passt in jeden Kofferraum.<\/p>\n<h2>Mallorca: Kinderwagen Miete<\/h2>\n<p>Der zu 100% aus Aluminium bestehende Rahmen in neuem Design verleiht dem Kinderwagen Stabilit\u00e4t, und wiegt trotzdem nur wenige Kilos. Eine Abdeckhaube ist vorhanden (mit Fenster), falls es mal regnen sollte. Die R\u00fcckenlehne ist in 3 Positionen verstellbar und im Korb (belastbar bis 4kg) ist ausreichend Platz zur Ablage. Mit bequemen Armlehnen und Gurtprotektoren sitzt dein Kleines entspannt und sicher bei jeder Fahrt!<\/p>\n<h3>Vorteile Kinderwagen Mieten Mallorca:<\/h3>\n<ul>\n<li>Estable y seguro<\/li>\n<li>Bajo peso<\/li>\n<li>Leicht zusammengeklappt<\/li>\n<li>Respaldo ajustable<\/li>\n<li>Dise\u00f1o elegante<\/li>\n<\/ul>\n<h3>Miet-Kinderwagen Technische Details:<\/h3>\n<p>Gewicht: 8.9kg<br \/>\nAbmessung ge\u00f6ffnet HBT: 104x59x90cm<br \/>\nAbmessung zusammengeklappt HBT: 91x59x28<\/p>\n<p>F\u00fcr Kleinkinder und Kinder von 1-4 Jahren und 5-25kg.<\/p>","protected":false},"excerpt":{"rendered":"<p>Schicker Kinderwagen ab 1 Jahr, mit Sicht- und Sonnenschutz und verstellbarer R\u00fcckenlehne. Rahmen zu 100% aus Aluminium, sehr platzsparend, hochwertig verarbeitet. Mobil mit Kind \u00fcberall auf Mallorca.<\/p>\n<p>TENGA EN CUENTA: D\u00eda de llegada + d\u00eda de salida = 2 d\u00edas completos de alquiler (ni el 1er ni el \u00faltimo d\u00eda, los productos se pueden alquilar en otro lugar).<\/p>","protected":false},"featured_media":5285,"comment_status":"open","ping_status":"closed","template":"","meta":[],"product_brand":[],"product_cat":[87,568,90],"product_tag":[187,186],"class_list":{"0":"post-1443","1":"product","2":"type-product","3":"status-publish","4":"has-post-thumbnail","6":"product_cat-baby-kind","7":"product_cat-kinderwagen","8":"product_cat-mieten","9":"product_tag-buggy","10":"product_tag-kinderwagen","12":"first","13":"outofstock","14":"taxable","15":"shipping-taxable","16":"product-type-variable","17":"has-default-attributes"},"yoast_head":"<!-- This site is optimized with the Yoast SEO plugin v27.1.1 - https:\/\/yoast.com\/product\/yoast-seo-wordpress\/ -->\n<title>Buggy Mieten Mallorca: Kinderwagen Nico | RentalPanda.es<\/title>\n<meta name=\"description\" content=\"Der g\u00fcnstige Buggyverleih auf Mallorca - mit dem Kinderwagen Nico bist du im Urlaub immer mobil und kannst deinen guten Kinderwagen getrost zuhause lassen!\" \/>\n<meta name=\"robots\" content=\"index, follow, max-snippet:-1, max-image-preview:large, max-video-preview:-1\" \/>\n<link rel=\"canonical\" href=\"https:\/\/rentalpanda.es\/es\/producto\/kinderwagen-nico\/\" \/>\n<meta property=\"og:locale\" content=\"es_ES\" \/>\n<meta property=\"og:type\" content=\"article\" \/>\n<meta property=\"og:title\" content=\"Buggy Mieten Mallorca: Kinderwagen Nico | RentalPanda.es\" \/>\n<meta property=\"og:description\" content=\"Der g\u00fcnstige Buggyverleih auf Mallorca - mit dem Kinderwagen Nico bist du im Urlaub immer mobil und kannst deinen guten Kinderwagen getrost zuhause lassen!\" \/>\n<meta property=\"og:url\" content=\"https:\/\/rentalpanda.es\/es\/producto\/kinderwagen-nico\/\" \/>\n<meta property=\"og:site_name\" content=\"RentalPanda.es\" \/>\n<meta property=\"article:publisher\" content=\"https:\/\/www.facebook.com\/rentalpandamallorca\" \/>\n<meta property=\"article:modified_time\" content=\"2024-05-31T01:13:36+00:00\" \/>\n<meta property=\"og:image\" content=\"https:\/\/rentalpanda.es\/wp-content\/uploads\/2017\/02\/kinderwagen-nico650.png\" \/>\n\t<meta property=\"og:image:width\" content=\"427\" \/>\n\t<meta property=\"og:image:height\" content=\"480\" \/>\n\t<meta property=\"og:image:type\" content=\"image\/png\" \/>\n<meta name=\"twitter:card\" content=\"summary_large_image\" \/>\n<meta name=\"twitter:label1\" content=\"Tiempo de lectura\" \/>\n\t<meta name=\"twitter:data1\" content=\"1 minuto\" \/>\n<script type=\"application\/ld+json\" class=\"yoast-schema-graph\">{\"@context\":\"https:\/\/schema.org\",\"@graph\":[{\"@type\":\"WebPage\",\"@id\":\"https:\/\/rentalpanda.es\/produkt\/kinderwagen-nico\/\",\"url\":\"https:\/\/rentalpanda.es\/produkt\/kinderwagen-nico\/\",\"name\":\"Buggy Mieten Mallorca: Kinderwagen Nico | RentalPanda.es\",\"isPartOf\":{\"@id\":\"https:\/\/rentalpanda.es\/en\/#website\"},\"primaryImageOfPage\":{\"@id\":\"https:\/\/rentalpanda.es\/produkt\/kinderwagen-nico\/#primaryimage\"},\"image\":{\"@id\":\"https:\/\/rentalpanda.es\/produkt\/kinderwagen-nico\/#primaryimage\"},\"thumbnailUrl\":\"https:\/\/rentalpanda.es\/wp-content\/uploads\/2017\/02\/kinderwagen-nico650.png\",\"datePublished\":\"2017-02-02T11:38:55+00:00\",\"dateModified\":\"2024-05-31T01:13:36+00:00\",\"description\":\"Der g\u00fcnstige Buggyverleih auf Mallorca - mit dem Kinderwagen Nico bist du im Urlaub immer mobil und kannst deinen guten Kinderwagen getrost zuhause lassen!\",\"breadcrumb\":{\"@id\":\"https:\/\/rentalpanda.es\/produkt\/kinderwagen-nico\/#breadcrumb\"},\"inLanguage\":\"es\",\"potentialAction\":[{\"@type\":\"ReadAction\",\"target\":[\"https:\/\/rentalpanda.es\/produkt\/kinderwagen-nico\/\"]}]},{\"@type\":\"ImageObject\",\"inLanguage\":\"es\",\"@id\":\"https:\/\/rentalpanda.es\/produkt\/kinderwagen-nico\/#primaryimage\",\"url\":\"https:\/\/rentalpanda.es\/wp-content\/uploads\/2017\/02\/kinderwagen-nico650.png\",\"contentUrl\":\"https:\/\/rentalpanda.es\/wp-content\/uploads\/2017\/02\/kinderwagen-nico650.png\",\"width\":427,\"height\":480,\"caption\":\"Kinderwagen mieten im Urlaub auf Mallorca\"},{\"@type\":\"BreadcrumbList\",\"@id\":\"https:\/\/rentalpanda.es\/produkt\/kinderwagen-nico\/#breadcrumb\",\"itemListElement\":[{\"@type\":\"ListItem\",\"position\":1,\"name\":\"Startseite\",\"item\":\"https:\/\/rentalpanda.es\/\"},{\"@type\":\"ListItem\",\"position\":2,\"name\":\"Shop\",\"item\":\"https:\/\/rentalpanda.es\/shop\/\"},{\"@type\":\"ListItem\",\"position\":3,\"name\":\"Kinderwagen NICO\"}]},{\"@type\":\"WebSite\",\"@id\":\"https:\/\/rentalpanda.es\/en\/#website\",\"url\":\"https:\/\/rentalpanda.es\/en\/\",\"name\":\"RentalPanda.es\",\"description\":\"Baby, Beach &amp; Holiday Gear for Rent\",\"publisher\":{\"@id\":\"https:\/\/rentalpanda.es\/en\/#organization\"},\"potentialAction\":[{\"@type\":\"SearchAction\",\"target\":{\"@type\":\"EntryPoint\",\"urlTemplate\":\"https:\/\/rentalpanda.es\/en\/?s={search_term_string}\"},\"query-input\":{\"@type\":\"PropertyValueSpecification\",\"valueRequired\":true,\"valueName\":\"search_term_string\"}}],\"inLanguage\":\"es\"},{\"@type\":\"Organization\",\"@id\":\"https:\/\/rentalpanda.es\/en\/#organization\",\"name\":\"Rentalpanda.es\",\"url\":\"https:\/\/rentalpanda.es\/en\/\",\"logo\":{\"@type\":\"ImageObject\",\"inLanguage\":\"es\",\"@id\":\"https:\/\/rentalpanda.es\/en\/#\/schema\/logo\/image\/\",\"url\":\"https:\/\/rentalpanda.es\/wp-content\/uploads\/2017\/02\/rentalpanda-logo-webseite-end.png\",\"contentUrl\":\"https:\/\/rentalpanda.es\/wp-content\/uploads\/2017\/02\/rentalpanda-logo-webseite-end.png\",\"width\":260,\"height\":71,\"caption\":\"Rentalpanda.es\"},\"image\":{\"@id\":\"https:\/\/rentalpanda.es\/en\/#\/schema\/logo\/image\/\"},\"sameAs\":[\"https:\/\/www.facebook.com\/rentalpandamallorca\"]}]}<\/script>\n<!-- \/ Yoast SEO plugin. -->","yoast_head_json":{"title":"Buggy Mieten Mallorca: Kinderwagen Nico | RentalPanda.es","description":"Alquiler econ\u00f3mico de carrito en Mallorca \u2013 Con el cochecito Nico est\u00e1s siempre m\u00f3vil y puedes dejar el tuyo en casa!","robots":{"index":"index","follow":"follow","max-snippet":"max-snippet:-1","max-image-preview":"max-image-preview:large","max-video-preview":"max-video-preview:-1"},"canonical":"https:\/\/rentalpanda.es\/es\/producto\/kinderwagen-nico\/","og_locale":"es_ES","og_type":"article","og_title":"Buggy Mieten Mallorca: Kinderwagen Nico | RentalPanda.es","og_description":"Der g\u00fcnstige Buggyverleih auf Mallorca - mit dem Kinderwagen Nico bist du im Urlaub immer mobil und kannst deinen guten Kinderwagen getrost zuhause lassen!","og_url":"https:\/\/rentalpanda.es\/es\/producto\/kinderwagen-nico\/","og_site_name":"RentalPanda.es","article_publisher":"https:\/\/www.facebook.com\/rentalpandamallorca","article_modified_time":"2024-05-31T01:13:36+00:00","og_image":[{"width":427,"height":480,"url":"https:\/\/rentalpanda.es\/wp-content\/uploads\/2017\/02\/kinderwagen-nico650.png","type":"image\/png"}],"twitter_card":"summary_large_image","twitter_misc":{"Tiempo de lectura":"1 minuto"},"schema":{"@context":"https:\/\/schema.org","@graph":[{"@type":"WebPage","@id":"https:\/\/rentalpanda.es\/produkt\/kinderwagen-nico\/","url":"https:\/\/rentalpanda.es\/produkt\/kinderwagen-nico\/","name":"Buggy Mieten Mallorca: Kinderwagen Nico | RentalPanda.es","isPartOf":{"@id":"https:\/\/rentalpanda.es\/en\/#website"},"primaryImageOfPage":{"@id":"https:\/\/rentalpanda.es\/produkt\/kinderwagen-nico\/#primaryimage"},"image":{"@id":"https:\/\/rentalpanda.es\/produkt\/kinderwagen-nico\/#primaryimage"},"thumbnailUrl":"https:\/\/rentalpanda.es\/wp-content\/uploads\/2017\/02\/kinderwagen-nico650.png","datePublished":"2017-02-02T11:38:55+00:00","dateModified":"2024-05-31T01:13:36+00:00","description":"Alquiler econ\u00f3mico de carrito en Mallorca \u2013 Con el cochecito Nico est\u00e1s siempre m\u00f3vil y puedes dejar el tuyo en casa!","breadcrumb":{"@id":"https:\/\/rentalpanda.es\/produkt\/kinderwagen-nico\/#breadcrumb"},"inLanguage":"es","potentialAction":[{"@type":"ReadAction","target":["https:\/\/rentalpanda.es\/produkt\/kinderwagen-nico\/"]}]},{"@type":"ImageObject","inLanguage":"es","@id":"https:\/\/rentalpanda.es\/produkt\/kinderwagen-nico\/#primaryimage","url":"https:\/\/rentalpanda.es\/wp-content\/uploads\/2017\/02\/kinderwagen-nico650.png","contentUrl":"https:\/\/rentalpanda.es\/wp-content\/uploads\/2017\/02\/kinderwagen-nico650.png","width":427,"height":480,"caption":"Kinderwagen mieten im Urlaub auf Mallorca"},{"@type":"BreadcrumbList","@id":"https:\/\/rentalpanda.es\/produkt\/kinderwagen-nico\/#breadcrumb","itemListElement":[{"@type":"ListItem","position":1,"name":"Startseite","item":"https:\/\/rentalpanda.es\/"},{"@type":"ListItem","position":2,"name":"Shop","item":"https:\/\/rentalpanda.es\/shop\/"},{"@type":"ListItem","position":3,"name":"Kinderwagen NICO"}]},{"@type":"WebSite","@id":"https:\/\/rentalpanda.es\/en\/#website","url":"https:\/\/rentalpanda.es\/en\/","name":"RentalPanda.es","description":"Baby, Beach &amp; Holiday Gear for Rent","publisher":{"@id":"https:\/\/rentalpanda.es\/en\/#organization"},"potentialAction":[{"@type":"SearchAction","target":{"@type":"EntryPoint","urlTemplate":"https:\/\/rentalpanda.es\/en\/?s={search_term_string}"},"query-input":{"@type":"PropertyValueSpecification","valueRequired":true,"valueName":"search_term_string"}}],"inLanguage":"es"},{"@type":"Organization","@id":"https:\/\/rentalpanda.es\/en\/#organization","name":"Rentalpanda.es","url":"https:\/\/rentalpanda.es\/en\/","logo":{"@type":"ImageObject","inLanguage":"es","@id":"https:\/\/rentalpanda.es\/en\/#\/schema\/logo\/image\/","url":"https:\/\/rentalpanda.es\/wp-content\/uploads\/2017\/02\/rentalpanda-logo-webseite-end.png","contentUrl":"https:\/\/rentalpanda.es\/wp-content\/uploads\/2017\/02\/rentalpanda-logo-webseite-end.png","width":260,"height":71,"caption":"Rentalpanda.es"},"image":{"@id":"https:\/\/rentalpanda.es\/en\/#\/schema\/logo\/image\/"},"sameAs":["https:\/\/www.facebook.com\/rentalpandamallorca"]}]}},"_links":{"self":[{"href":"https:\/\/rentalpanda.es\/es\/wp-json\/wp\/v2\/product\/1443","targetHints":{"allow":["GET"]}}],"collection":[{"href":"https:\/\/rentalpanda.es\/es\/wp-json\/wp\/v2\/product"}],"about":[{"href":"https:\/\/rentalpanda.es\/es\/wp-json\/wp\/v2\/types\/product"}],"replies":[{"embeddable":true,"href":"https:\/\/rentalpanda.es\/es\/wp-json\/wp\/v2\/comments?post=1443"}],"wp:featuredmedia":[{"embeddable":true,"href":"https:\/\/rentalpanda.es\/es\/wp-json\/wp\/v2\/media\/5285"}],"wp:attachment":[{"href":"https:\/\/rentalpanda.es\/es\/wp-json\/wp\/v2\/media?parent=1443"}],"wp:term":[{"taxonomy":"product_brand","embeddable":true,"href":"https:\/\/rentalpanda.es\/es\/wp-json\/wp\/v2\/product_brand?post=1443"},{"taxonomy":"product_cat","embeddable":true,"href":"https:\/\/rentalpanda.es\/es\/wp-json\/wp\/v2\/product_cat?post=1443"},{"taxonomy":"product_tag","embeddable":true,"href":"https:\/\/rentalpanda.es\/es\/wp-json\/wp\/v2\/product_tag?post=1443"}],"curies":[{"name":"wp","href":"https:\/\/api.w.org\/{rel}","templated":true}]}}