{"id":1419,"date":"2017-02-02T11:31:23","date_gmt":"2017-02-02T11:31:23","guid":{"rendered":"http:\/\/rentalpanda.es\/produkt\/kinderwagen-plus\/"},"modified":"2024-05-31T01:13:50","modified_gmt":"2024-05-31T01:13:50","slug":"kinderwagen-plus","status":"publish","type":"product","link":"https:\/\/rentalpanda.es\/es\/produkt\/kinderwagen-plus\/","title":{"rendered":"Kinderwagen PLUS"},"content":{"rendered":"<h2><strong>Buggy Mieten Mallorca<\/strong><\/h2>\n<p>Jetzt wird dein Familienurlaub auf Mallorca erst so richtig entspannt! Denn du musst dir nun nicht mehr die M\u00fche machen, deinen Kinderwagen mitzunehmen und kannst dir so viel Platz und Aufwand sparen. Der mit viel Liebe zum Detail verarbeitete Kinderwagen der spanischen Traditionsmarke NURSE bietet dir Komfort, Sicherheit und absolute Mobilit\u00e4t und hat zudem noch ein sehr geringes Gewicht.<\/p>\n<h2>Mallorca: Buggy Mieten<\/h2>\n<p>Eine Haube verhindert, dass Wind, Sand oder Sonne dein Kleines bedr\u00e4ngt, auf 4 Positionen l\u00e4sst sich die R\u00fcckenlehne verstellen. Die Doppelr\u00e4der hinten geben einen sehr guten Halt, die beiden R\u00e4der vorne lassen sich um 360 Grad drehen f\u00fcr perfekte Fahrkontrolle. Der Wagen l\u00e4sst sich durch die Schaumstoffgriffe sehr stabil halten und ist weich gepolstert f\u00fcr mehr Wohlgef\u00fchl f\u00fcr deine Kinder!<\/p>\n<h3>Vorteile Buggy Mieten Mallorca:<\/h3>\n<ul>\n<li>\u00dcberall auf der Insel mobil<\/li>\n<li>Muy ligero<\/li>\n<li>Einfach zusammengeklappt<\/li>\n<li>Respaldo ajustable<\/li>\n<\/ul>\n<h3>Technische Details Buggy Mallorca:<\/h3>\n<p>Peso: 7.5kg<br \/>\nAbmessung ge\u00f6ffnet HBT: 105x49x77cm<br \/>\nAbmessung zusammengeklappt HBT: 105x34x32<\/p>\n<p>F\u00fcr Kleinkinder und Kinder von 1-4 Jahren und 5-25kg.<\/p>","protected":false},"excerpt":{"rendered":"<p>Leichter und sehr praktischer Kinderwagen, zusammengeklappt nur 7kg schwer. Mit Wind-, Sonnen- und Sandschutz. Solide Verarbeitung f\u00fcr h\u00f6chste Sicherheit und perfekte Fahrkontrolle.<\/p>","protected":false},"featured_media":5277,"comment_status":"open","ping_status":"closed","template":"","meta":[],"product_brand":[],"product_cat":[87,568,90],"product_tag":[187,186],"class_list":{"0":"post-1419","1":"product","2":"type-product","3":"status-publish","4":"has-post-thumbnail","6":"product_cat-baby-kind","7":"product_cat-kinderwagen","8":"product_cat-mieten","9":"product_tag-buggy","10":"product_tag-kinderwagen","12":"first","13":"outofstock","14":"taxable","15":"shipping-taxable","16":"purchasable","17":"product-type-variable","18":"has-default-attributes"},"yoast_head":"<!-- This site is optimized with the Yoast SEO plugin v27.1.1 - https:\/\/yoast.com\/product\/yoast-seo-wordpress\/ -->\n<title>Buggy Mieten Mallorca: Kinderwagen PLUS | RentalPanda.es<\/title>\n<meta name=\"description\" content=\"Der g\u00fcnstige Kinderwagenverleih auf Mallorca - mit dem Kinderwagen Plus bist du im Urlaub immer mobil und kannst deinen Kinderwagen getrost zuhause lassen!\" \/>\n<meta name=\"robots\" content=\"index, follow, max-snippet:-1, max-image-preview:large, max-video-preview:-1\" \/>\n<link rel=\"canonical\" href=\"https:\/\/rentalpanda.es\/es\/producto\/kinderwagen-plus\/\" \/>\n<meta property=\"og:locale\" content=\"es_ES\" \/>\n<meta property=\"og:type\" content=\"article\" \/>\n<meta property=\"og:title\" content=\"Buggy Mieten Mallorca: Kinderwagen PLUS | RentalPanda.es\" \/>\n<meta property=\"og:description\" content=\"Der g\u00fcnstige Kinderwagenverleih auf Mallorca - mit dem Kinderwagen Plus bist du im Urlaub immer mobil und kannst deinen Kinderwagen getrost zuhause lassen!\" \/>\n<meta property=\"og:url\" content=\"https:\/\/rentalpanda.es\/es\/producto\/kinderwagen-plus\/\" \/>\n<meta property=\"og:site_name\" content=\"RentalPanda.es\" \/>\n<meta property=\"article:publisher\" content=\"https:\/\/www.facebook.com\/rentalpandamallorca\" \/>\n<meta property=\"article:modified_time\" content=\"2024-05-31T01:13:50+00:00\" \/>\n<meta property=\"og:image\" content=\"https:\/\/rentalpanda.es\/wp-content\/uploads\/2017\/02\/kinderwagen-plus550.png\" \/>\n\t<meta property=\"og:image:width\" content=\"427\" \/>\n\t<meta property=\"og:image:height\" content=\"480\" \/>\n\t<meta property=\"og:image:type\" content=\"image\/png\" \/>\n<meta name=\"twitter:card\" content=\"summary_large_image\" \/>\n<meta name=\"twitter:label1\" content=\"Tiempo de lectura\" \/>\n\t<meta name=\"twitter:data1\" content=\"1 minuto\" \/>\n<script type=\"application\/ld+json\" class=\"yoast-schema-graph\">{\"@context\":\"https:\/\/schema.org\",\"@graph\":[{\"@type\":\"WebPage\",\"@id\":\"https:\/\/rentalpanda.es\/produkt\/kinderwagen-plus\/\",\"url\":\"https:\/\/rentalpanda.es\/produkt\/kinderwagen-plus\/\",\"name\":\"Buggy Mieten Mallorca: Kinderwagen PLUS | RentalPanda.es\",\"isPartOf\":{\"@id\":\"https:\/\/rentalpanda.es\/en\/#website\"},\"primaryImageOfPage\":{\"@id\":\"https:\/\/rentalpanda.es\/produkt\/kinderwagen-plus\/#primaryimage\"},\"image\":{\"@id\":\"https:\/\/rentalpanda.es\/produkt\/kinderwagen-plus\/#primaryimage\"},\"thumbnailUrl\":\"https:\/\/rentalpanda.es\/wp-content\/uploads\/2017\/02\/kinderwagen-plus550.png\",\"datePublished\":\"2017-02-02T11:31:23+00:00\",\"dateModified\":\"2024-05-31T01:13:50+00:00\",\"description\":\"Der g\u00fcnstige Kinderwagenverleih auf Mallorca - mit dem Kinderwagen Plus bist du im Urlaub immer mobil und kannst deinen Kinderwagen getrost zuhause lassen!\",\"breadcrumb\":{\"@id\":\"https:\/\/rentalpanda.es\/produkt\/kinderwagen-plus\/#breadcrumb\"},\"inLanguage\":\"es\",\"potentialAction\":[{\"@type\":\"ReadAction\",\"target\":[\"https:\/\/rentalpanda.es\/produkt\/kinderwagen-plus\/\"]}]},{\"@type\":\"ImageObject\",\"inLanguage\":\"es\",\"@id\":\"https:\/\/rentalpanda.es\/produkt\/kinderwagen-plus\/#primaryimage\",\"url\":\"https:\/\/rentalpanda.es\/wp-content\/uploads\/2017\/02\/kinderwagen-plus550.png\",\"contentUrl\":\"https:\/\/rentalpanda.es\/wp-content\/uploads\/2017\/02\/kinderwagen-plus550.png\",\"width\":427,\"height\":480,\"caption\":\"Kinderwagen auf Mallorca mieten\"},{\"@type\":\"BreadcrumbList\",\"@id\":\"https:\/\/rentalpanda.es\/produkt\/kinderwagen-plus\/#breadcrumb\",\"itemListElement\":[{\"@type\":\"ListItem\",\"position\":1,\"name\":\"Startseite\",\"item\":\"https:\/\/rentalpanda.es\/\"},{\"@type\":\"ListItem\",\"position\":2,\"name\":\"Shop\",\"item\":\"https:\/\/rentalpanda.es\/shop\/\"},{\"@type\":\"ListItem\",\"position\":3,\"name\":\"Kinderwagen PLUS\"}]},{\"@type\":\"WebSite\",\"@id\":\"https:\/\/rentalpanda.es\/en\/#website\",\"url\":\"https:\/\/rentalpanda.es\/en\/\",\"name\":\"RentalPanda.es\",\"description\":\"Baby, Beach &amp; Holiday Gear for Rent\",\"publisher\":{\"@id\":\"https:\/\/rentalpanda.es\/en\/#organization\"},\"potentialAction\":[{\"@type\":\"SearchAction\",\"target\":{\"@type\":\"EntryPoint\",\"urlTemplate\":\"https:\/\/rentalpanda.es\/en\/?s={search_term_string}\"},\"query-input\":{\"@type\":\"PropertyValueSpecification\",\"valueRequired\":true,\"valueName\":\"search_term_string\"}}],\"inLanguage\":\"es\"},{\"@type\":\"Organization\",\"@id\":\"https:\/\/rentalpanda.es\/en\/#organization\",\"name\":\"Rentalpanda.es\",\"url\":\"https:\/\/rentalpanda.es\/en\/\",\"logo\":{\"@type\":\"ImageObject\",\"inLanguage\":\"es\",\"@id\":\"https:\/\/rentalpanda.es\/en\/#\/schema\/logo\/image\/\",\"url\":\"https:\/\/rentalpanda.es\/wp-content\/uploads\/2017\/02\/rentalpanda-logo-webseite-end.png\",\"contentUrl\":\"https:\/\/rentalpanda.es\/wp-content\/uploads\/2017\/02\/rentalpanda-logo-webseite-end.png\",\"width\":260,\"height\":71,\"caption\":\"Rentalpanda.es\"},\"image\":{\"@id\":\"https:\/\/rentalpanda.es\/en\/#\/schema\/logo\/image\/\"},\"sameAs\":[\"https:\/\/www.facebook.com\/rentalpandamallorca\"]}]}<\/script>\n<!-- \/ Yoast SEO plugin. -->","yoast_head_json":{"title":"Buggy Mieten Mallorca: Kinderwagen PLUS | RentalPanda.es","description":"Alquila el cochecito Plus en Mallorca. Ligero, econ\u00f3mico y perfecto para vacaciones. Deja tu cochecito en casa y disfruta. Ideal para la familia.","robots":{"index":"index","follow":"follow","max-snippet":"max-snippet:-1","max-image-preview":"max-image-preview:large","max-video-preview":"max-video-preview:-1"},"canonical":"https:\/\/rentalpanda.es\/es\/producto\/kinderwagen-plus\/","og_locale":"es_ES","og_type":"article","og_title":"Buggy Mieten Mallorca: Kinderwagen PLUS | RentalPanda.es","og_description":"Der g\u00fcnstige Kinderwagenverleih auf Mallorca - mit dem Kinderwagen Plus bist du im Urlaub immer mobil und kannst deinen Kinderwagen getrost zuhause lassen!","og_url":"https:\/\/rentalpanda.es\/es\/producto\/kinderwagen-plus\/","og_site_name":"RentalPanda.es","article_publisher":"https:\/\/www.facebook.com\/rentalpandamallorca","article_modified_time":"2024-05-31T01:13:50+00:00","og_image":[{"width":427,"height":480,"url":"https:\/\/rentalpanda.es\/wp-content\/uploads\/2017\/02\/kinderwagen-plus550.png","type":"image\/png"}],"twitter_card":"summary_large_image","twitter_misc":{"Tiempo de lectura":"1 minuto"},"schema":{"@context":"https:\/\/schema.org","@graph":[{"@type":"WebPage","@id":"https:\/\/rentalpanda.es\/produkt\/kinderwagen-plus\/","url":"https:\/\/rentalpanda.es\/produkt\/kinderwagen-plus\/","name":"Buggy Mieten Mallorca: Kinderwagen PLUS | RentalPanda.es","isPartOf":{"@id":"https:\/\/rentalpanda.es\/en\/#website"},"primaryImageOfPage":{"@id":"https:\/\/rentalpanda.es\/produkt\/kinderwagen-plus\/#primaryimage"},"image":{"@id":"https:\/\/rentalpanda.es\/produkt\/kinderwagen-plus\/#primaryimage"},"thumbnailUrl":"https:\/\/rentalpanda.es\/wp-content\/uploads\/2017\/02\/kinderwagen-plus550.png","datePublished":"2017-02-02T11:31:23+00:00","dateModified":"2024-05-31T01:13:50+00:00","description":"Alquila el cochecito Plus en Mallorca. Ligero, econ\u00f3mico y perfecto para vacaciones. Deja tu cochecito en casa y disfruta. Ideal para la familia.","breadcrumb":{"@id":"https:\/\/rentalpanda.es\/produkt\/kinderwagen-plus\/#breadcrumb"},"inLanguage":"es","potentialAction":[{"@type":"ReadAction","target":["https:\/\/rentalpanda.es\/produkt\/kinderwagen-plus\/"]}]},{"@type":"ImageObject","inLanguage":"es","@id":"https:\/\/rentalpanda.es\/produkt\/kinderwagen-plus\/#primaryimage","url":"https:\/\/rentalpanda.es\/wp-content\/uploads\/2017\/02\/kinderwagen-plus550.png","contentUrl":"https:\/\/rentalpanda.es\/wp-content\/uploads\/2017\/02\/kinderwagen-plus550.png","width":427,"height":480,"caption":"Kinderwagen auf Mallorca mieten"},{"@type":"BreadcrumbList","@id":"https:\/\/rentalpanda.es\/produkt\/kinderwagen-plus\/#breadcrumb","itemListElement":[{"@type":"ListItem","position":1,"name":"Startseite","item":"https:\/\/rentalpanda.es\/"},{"@type":"ListItem","position":2,"name":"Shop","item":"https:\/\/rentalpanda.es\/shop\/"},{"@type":"ListItem","position":3,"name":"Kinderwagen PLUS"}]},{"@type":"WebSite","@id":"https:\/\/rentalpanda.es\/en\/#website","url":"https:\/\/rentalpanda.es\/en\/","name":"RentalPanda.es","description":"Baby, Beach &amp; Holiday Gear for Rent","publisher":{"@id":"https:\/\/rentalpanda.es\/en\/#organization"},"potentialAction":[{"@type":"SearchAction","target":{"@type":"EntryPoint","urlTemplate":"https:\/\/rentalpanda.es\/en\/?s={search_term_string}"},"query-input":{"@type":"PropertyValueSpecification","valueRequired":true,"valueName":"search_term_string"}}],"inLanguage":"es"},{"@type":"Organization","@id":"https:\/\/rentalpanda.es\/en\/#organization","name":"Rentalpanda.es","url":"https:\/\/rentalpanda.es\/en\/","logo":{"@type":"ImageObject","inLanguage":"es","@id":"https:\/\/rentalpanda.es\/en\/#\/schema\/logo\/image\/","url":"https:\/\/rentalpanda.es\/wp-content\/uploads\/2017\/02\/rentalpanda-logo-webseite-end.png","contentUrl":"https:\/\/rentalpanda.es\/wp-content\/uploads\/2017\/02\/rentalpanda-logo-webseite-end.png","width":260,"height":71,"caption":"Rentalpanda.es"},"image":{"@id":"https:\/\/rentalpanda.es\/en\/#\/schema\/logo\/image\/"},"sameAs":["https:\/\/www.facebook.com\/rentalpandamallorca"]}]}},"_links":{"self":[{"href":"https:\/\/rentalpanda.es\/es\/wp-json\/wp\/v2\/product\/1419","targetHints":{"allow":["GET"]}}],"collection":[{"href":"https:\/\/rentalpanda.es\/es\/wp-json\/wp\/v2\/product"}],"about":[{"href":"https:\/\/rentalpanda.es\/es\/wp-json\/wp\/v2\/types\/product"}],"replies":[{"embeddable":true,"href":"https:\/\/rentalpanda.es\/es\/wp-json\/wp\/v2\/comments?post=1419"}],"wp:featuredmedia":[{"embeddable":true,"href":"https:\/\/rentalpanda.es\/es\/wp-json\/wp\/v2\/media\/5277"}],"wp:attachment":[{"href":"https:\/\/rentalpanda.es\/es\/wp-json\/wp\/v2\/media?parent=1419"}],"wp:term":[{"taxonomy":"product_brand","embeddable":true,"href":"https:\/\/rentalpanda.es\/es\/wp-json\/wp\/v2\/product_brand?post=1419"},{"taxonomy":"product_cat","embeddable":true,"href":"https:\/\/rentalpanda.es\/es\/wp-json\/wp\/v2\/product_cat?post=1419"},{"taxonomy":"product_tag","embeddable":true,"href":"https:\/\/rentalpanda.es\/es\/wp-json\/wp\/v2\/product_tag?post=1419"}],"curies":[{"name":"wp","href":"https:\/\/api.w.org\/{rel}","templated":true}]}}