{"id":13486,"date":"2023-07-09T04:46:01","date_gmt":"2023-07-09T04:46:01","guid":{"rendered":"https:\/\/rentalpanda.es\/?post_type=product&#038;p=13486"},"modified":"2025-09-10T12:56:17","modified_gmt":"2025-09-10T12:56:17","slug":"barrera-seguridad-escaleras","status":"publish","type":"product","link":"https:\/\/rentalpanda.es\/es\/produkt\/treppenschutzgitter-kinderschutzgitter\/","title":{"rendered":"Barrera de Seguridad para Ni\u00f1os"},"content":{"rendered":"<h2><strong>Barrera de seguridad en escaleras: \u00a1Protegiendo a tus hijos!<\/strong><\/h2>\n<p>Esta puerta de seguridad\/protege escalera para ni\u00f1os cuenta con un sistema de apertura y cierre simple que se puede ajustar f\u00e1cilmente para adaptarse a cualquier marco sin necesidad de hacer agujeros. Hecha de acero altamente duradero, se puede instalar sin necesidad de taladrar agujeros. La puerta de seguridad con abrazadera presenta una construcci\u00f3n resistente con cuatro puntos de bloqueo y un indicador de presi\u00f3n incorporado para un montaje f\u00e1cil.<\/p>\n<h2>Puerta de seguridad en escaleras para tus vacaciones<\/h2>\n<p>Esta barrera tiene un mecanismo de doble bloqueo y permite que la puerta se abra en una direcci\u00f3n o en ambas direcciones. Es adecuada para escaleras, marcos de puertas o cualquier tipo de cerramiento. Esta cerca de seguridad de f\u00e1cil instalaci\u00f3n se ajusta a aberturas de 76 a 96 cent\u00edmetros.<\/p>\n<h3>Beneficios de la Puerta de Seguridad para Beb\u00e9s en Escaleras<\/h3>\n<ul>\n<li>Construcci\u00f3n resistente y de alta calidad<\/li>\n<li>Instalaci\u00f3n con abrazadera sin necesidad de taladrar<\/li>\n<li>Apertura en ambas direcciones<\/li>\n<li>Ajuste flexible de 76 a 96 cm<\/li>\n<\/ul>\n<h3>Puerta de Seguridad para Beb\u00e9s: Detalles T\u00e9cnicos<\/h3>\n<p>Dimensiones del producto (AxAxP): 74x96x4 cm<br \/>\nMateriales: Inodoro y no t\u00f3xico<\/p>\n<p>\u00a1Alquila una barrera de seguridad para beb\u00e9s y mant\u00e9n a tus peque\u00f1os seguros en Mallorca!<\/p>","protected":false},"excerpt":{"rendered":"<p lang=\"de-DE\">Una <strong>barrera de seguridad para beb\u00e9s<\/strong> y ni\u00f1os peque\u00f1os s\u00faper segura, f\u00e1cil de instalar sin necesidad de taladrar, se ajusta a aberturas de 76 a 96 cm.<\/p>","protected":false},"featured_media":13558,"comment_status":"open","ping_status":"closed","template":"","meta":[],"product_brand":[],"product_cat":[87,90,100],"product_tag":[946,945],"class_list":{"0":"post-13486","1":"product","2":"type-product","3":"status-publish","4":"has-post-thumbnail","6":"product_cat-baby-kind","7":"product_cat-mieten","8":"product_cat-sicherheit","9":"product_tag-kinderschutzgitter","10":"product_tag-treppenschutzgitter","12":"first","13":"instock","14":"taxable","15":"shipping-taxable","16":"purchasable","17":"product-type-simple"},"yoast_head":"<!-- This site is optimized with the Yoast SEO plugin v27.1.1 - https:\/\/yoast.com\/product\/yoast-seo-wordpress\/ -->\n<title>Treppenschutzgitter | Kinderschutzgitter - RentalPanda.es<\/title>\n<meta name=\"description\" content=\"Miete dir ein Treppenschutzgitter zum Klemmen auf Mallorca: Ohne Bohren das Kinderschutzgitter im T\u00fcrrahmen anbringen und entspannt die Sicherheit genie\u00dfen!\" \/>\n<meta name=\"robots\" content=\"index, follow, max-snippet:-1, max-image-preview:large, max-video-preview:-1\" \/>\n<link rel=\"canonical\" href=\"https:\/\/rentalpanda.es\/es\/producto\/barrera-seguridad-escaleras\/\" \/>\n<meta property=\"og:locale\" content=\"es_ES\" \/>\n<meta property=\"og:type\" content=\"article\" \/>\n<meta property=\"og:title\" content=\"Treppenschutzgitter | Kinderschutzgitter - RentalPanda.es\" \/>\n<meta property=\"og:description\" content=\"Miete dir ein Treppenschutzgitter zum Klemmen auf Mallorca: Ohne Bohren das Kinderschutzgitter im T\u00fcrrahmen anbringen und entspannt die Sicherheit genie\u00dfen!\" \/>\n<meta property=\"og:url\" content=\"https:\/\/rentalpanda.es\/es\/producto\/barrera-seguridad-escaleras\/\" \/>\n<meta property=\"og:site_name\" content=\"RentalPanda.es\" \/>\n<meta property=\"article:publisher\" content=\"https:\/\/www.facebook.com\/rentalpandamallorca\" \/>\n<meta property=\"article:modified_time\" content=\"2025-09-10T12:56:17+00:00\" \/>\n<meta property=\"og:image\" content=\"https:\/\/rentalpanda.es\/wp-content\/uploads\/2023\/07\/treppenschutzgitter_kinderschutzgitter.png\" \/>\n\t<meta property=\"og:image:width\" content=\"428\" \/>\n\t<meta property=\"og:image:height\" content=\"480\" \/>\n\t<meta property=\"og:image:type\" content=\"image\/png\" \/>\n<meta name=\"twitter:card\" content=\"summary_large_image\" \/>\n<meta name=\"twitter:label1\" content=\"Tiempo de lectura\" \/>\n\t<meta name=\"twitter:data1\" content=\"1 minuto\" \/>\n<script type=\"application\/ld+json\" class=\"yoast-schema-graph\">{\"@context\":\"https:\/\/schema.org\",\"@graph\":[{\"@type\":\"WebPage\",\"@id\":\"https:\/\/rentalpanda.es\/produkt\/treppenschutzgitter-kinderschutzgitter\/\",\"url\":\"https:\/\/rentalpanda.es\/produkt\/treppenschutzgitter-kinderschutzgitter\/\",\"name\":\"Treppenschutzgitter | Kinderschutzgitter - RentalPanda.es\",\"isPartOf\":{\"@id\":\"https:\/\/rentalpanda.es\/en\/#website\"},\"primaryImageOfPage\":{\"@id\":\"https:\/\/rentalpanda.es\/produkt\/treppenschutzgitter-kinderschutzgitter\/#primaryimage\"},\"image\":{\"@id\":\"https:\/\/rentalpanda.es\/produkt\/treppenschutzgitter-kinderschutzgitter\/#primaryimage\"},\"thumbnailUrl\":\"https:\/\/rentalpanda.es\/wp-content\/uploads\/2023\/07\/treppenschutzgitter_kinderschutzgitter.png\",\"datePublished\":\"2023-07-09T04:46:01+00:00\",\"dateModified\":\"2025-09-10T12:56:17+00:00\",\"description\":\"Miete dir ein Treppenschutzgitter zum Klemmen auf Mallorca: Ohne Bohren das Kinderschutzgitter im T\u00fcrrahmen anbringen und entspannt die Sicherheit genie\u00dfen!\",\"breadcrumb\":{\"@id\":\"https:\/\/rentalpanda.es\/produkt\/treppenschutzgitter-kinderschutzgitter\/#breadcrumb\"},\"inLanguage\":\"es\",\"potentialAction\":[{\"@type\":\"ReadAction\",\"target\":[\"https:\/\/rentalpanda.es\/produkt\/treppenschutzgitter-kinderschutzgitter\/\"]}]},{\"@type\":\"ImageObject\",\"inLanguage\":\"es\",\"@id\":\"https:\/\/rentalpanda.es\/produkt\/treppenschutzgitter-kinderschutzgitter\/#primaryimage\",\"url\":\"https:\/\/rentalpanda.es\/wp-content\/uploads\/2023\/07\/treppenschutzgitter_kinderschutzgitter.png\",\"contentUrl\":\"https:\/\/rentalpanda.es\/wp-content\/uploads\/2023\/07\/treppenschutzgitter_kinderschutzgitter.png\",\"width\":428,\"height\":480,\"caption\":\"treppenschutzgitter_kinderschutzgitter\"},{\"@type\":\"BreadcrumbList\",\"@id\":\"https:\/\/rentalpanda.es\/produkt\/treppenschutzgitter-kinderschutzgitter\/#breadcrumb\",\"itemListElement\":[{\"@type\":\"ListItem\",\"position\":1,\"name\":\"Startseite\",\"item\":\"https:\/\/rentalpanda.es\/\"},{\"@type\":\"ListItem\",\"position\":2,\"name\":\"Shop\",\"item\":\"https:\/\/rentalpanda.es\/shop\/\"},{\"@type\":\"ListItem\",\"position\":3,\"name\":\"Treppenschutzgitter | Kinderschutzgitter\"}]},{\"@type\":\"WebSite\",\"@id\":\"https:\/\/rentalpanda.es\/en\/#website\",\"url\":\"https:\/\/rentalpanda.es\/en\/\",\"name\":\"RentalPanda.es\",\"description\":\"Baby, Beach &amp; Holiday Gear for Rent\",\"publisher\":{\"@id\":\"https:\/\/rentalpanda.es\/en\/#organization\"},\"potentialAction\":[{\"@type\":\"SearchAction\",\"target\":{\"@type\":\"EntryPoint\",\"urlTemplate\":\"https:\/\/rentalpanda.es\/en\/?s={search_term_string}\"},\"query-input\":{\"@type\":\"PropertyValueSpecification\",\"valueRequired\":true,\"valueName\":\"search_term_string\"}}],\"inLanguage\":\"es\"},{\"@type\":\"Organization\",\"@id\":\"https:\/\/rentalpanda.es\/en\/#organization\",\"name\":\"Rentalpanda.es\",\"url\":\"https:\/\/rentalpanda.es\/en\/\",\"logo\":{\"@type\":\"ImageObject\",\"inLanguage\":\"es\",\"@id\":\"https:\/\/rentalpanda.es\/en\/#\/schema\/logo\/image\/\",\"url\":\"https:\/\/rentalpanda.es\/wp-content\/uploads\/2017\/02\/rentalpanda-logo-webseite-end.png\",\"contentUrl\":\"https:\/\/rentalpanda.es\/wp-content\/uploads\/2017\/02\/rentalpanda-logo-webseite-end.png\",\"width\":260,\"height\":71,\"caption\":\"Rentalpanda.es\"},\"image\":{\"@id\":\"https:\/\/rentalpanda.es\/en\/#\/schema\/logo\/image\/\"},\"sameAs\":[\"https:\/\/www.facebook.com\/rentalpandamallorca\"]}]}<\/script>\n<!-- \/ Yoast SEO plugin. -->","yoast_head_json":{"title":"Treppenschutzgitter | Kinderschutzgitter - RentalPanda.es","description":"Alquila una barrera de seguridad para escaleras en Mallorca: Instala f\u00e1cilmente la barrera de protecci\u00f3n infantil en marcos de puertas sin taladrar y disfruta de la tranquilidad!","robots":{"index":"index","follow":"follow","max-snippet":"max-snippet:-1","max-image-preview":"max-image-preview:large","max-video-preview":"max-video-preview:-1"},"canonical":"https:\/\/rentalpanda.es\/es\/producto\/barrera-seguridad-escaleras\/","og_locale":"es_ES","og_type":"article","og_title":"Treppenschutzgitter | Kinderschutzgitter - RentalPanda.es","og_description":"Miete dir ein Treppenschutzgitter zum Klemmen auf Mallorca: Ohne Bohren das Kinderschutzgitter im T\u00fcrrahmen anbringen und entspannt die Sicherheit genie\u00dfen!","og_url":"https:\/\/rentalpanda.es\/es\/producto\/barrera-seguridad-escaleras\/","og_site_name":"RentalPanda.es","article_publisher":"https:\/\/www.facebook.com\/rentalpandamallorca","article_modified_time":"2025-09-10T12:56:17+00:00","og_image":[{"width":428,"height":480,"url":"https:\/\/rentalpanda.es\/wp-content\/uploads\/2023\/07\/treppenschutzgitter_kinderschutzgitter.png","type":"image\/png"}],"twitter_card":"summary_large_image","twitter_misc":{"Tiempo de lectura":"1 minuto"},"schema":{"@context":"https:\/\/schema.org","@graph":[{"@type":"WebPage","@id":"https:\/\/rentalpanda.es\/produkt\/treppenschutzgitter-kinderschutzgitter\/","url":"https:\/\/rentalpanda.es\/produkt\/treppenschutzgitter-kinderschutzgitter\/","name":"Treppenschutzgitter | Kinderschutzgitter - RentalPanda.es","isPartOf":{"@id":"https:\/\/rentalpanda.es\/en\/#website"},"primaryImageOfPage":{"@id":"https:\/\/rentalpanda.es\/produkt\/treppenschutzgitter-kinderschutzgitter\/#primaryimage"},"image":{"@id":"https:\/\/rentalpanda.es\/produkt\/treppenschutzgitter-kinderschutzgitter\/#primaryimage"},"thumbnailUrl":"https:\/\/rentalpanda.es\/wp-content\/uploads\/2023\/07\/treppenschutzgitter_kinderschutzgitter.png","datePublished":"2023-07-09T04:46:01+00:00","dateModified":"2025-09-10T12:56:17+00:00","description":"Alquila una barrera de seguridad para escaleras en Mallorca: Instala f\u00e1cilmente la barrera de protecci\u00f3n infantil en marcos de puertas sin taladrar y disfruta de la tranquilidad!","breadcrumb":{"@id":"https:\/\/rentalpanda.es\/produkt\/treppenschutzgitter-kinderschutzgitter\/#breadcrumb"},"inLanguage":"es","potentialAction":[{"@type":"ReadAction","target":["https:\/\/rentalpanda.es\/produkt\/treppenschutzgitter-kinderschutzgitter\/"]}]},{"@type":"ImageObject","inLanguage":"es","@id":"https:\/\/rentalpanda.es\/produkt\/treppenschutzgitter-kinderschutzgitter\/#primaryimage","url":"https:\/\/rentalpanda.es\/wp-content\/uploads\/2023\/07\/treppenschutzgitter_kinderschutzgitter.png","contentUrl":"https:\/\/rentalpanda.es\/wp-content\/uploads\/2023\/07\/treppenschutzgitter_kinderschutzgitter.png","width":428,"height":480,"caption":"treppenschutzgitter_kinderschutzgitter"},{"@type":"BreadcrumbList","@id":"https:\/\/rentalpanda.es\/produkt\/treppenschutzgitter-kinderschutzgitter\/#breadcrumb","itemListElement":[{"@type":"ListItem","position":1,"name":"Startseite","item":"https:\/\/rentalpanda.es\/"},{"@type":"ListItem","position":2,"name":"Shop","item":"https:\/\/rentalpanda.es\/shop\/"},{"@type":"ListItem","position":3,"name":"Treppenschutzgitter | Kinderschutzgitter"}]},{"@type":"WebSite","@id":"https:\/\/rentalpanda.es\/en\/#website","url":"https:\/\/rentalpanda.es\/en\/","name":"RentalPanda.es","description":"Baby, Beach &amp; Holiday Gear for Rent","publisher":{"@id":"https:\/\/rentalpanda.es\/en\/#organization"},"potentialAction":[{"@type":"SearchAction","target":{"@type":"EntryPoint","urlTemplate":"https:\/\/rentalpanda.es\/en\/?s={search_term_string}"},"query-input":{"@type":"PropertyValueSpecification","valueRequired":true,"valueName":"search_term_string"}}],"inLanguage":"es"},{"@type":"Organization","@id":"https:\/\/rentalpanda.es\/en\/#organization","name":"Rentalpanda.es","url":"https:\/\/rentalpanda.es\/en\/","logo":{"@type":"ImageObject","inLanguage":"es","@id":"https:\/\/rentalpanda.es\/en\/#\/schema\/logo\/image\/","url":"https:\/\/rentalpanda.es\/wp-content\/uploads\/2017\/02\/rentalpanda-logo-webseite-end.png","contentUrl":"https:\/\/rentalpanda.es\/wp-content\/uploads\/2017\/02\/rentalpanda-logo-webseite-end.png","width":260,"height":71,"caption":"Rentalpanda.es"},"image":{"@id":"https:\/\/rentalpanda.es\/en\/#\/schema\/logo\/image\/"},"sameAs":["https:\/\/www.facebook.com\/rentalpandamallorca"]}]}},"_links":{"self":[{"href":"https:\/\/rentalpanda.es\/es\/wp-json\/wp\/v2\/product\/13486","targetHints":{"allow":["GET"]}}],"collection":[{"href":"https:\/\/rentalpanda.es\/es\/wp-json\/wp\/v2\/product"}],"about":[{"href":"https:\/\/rentalpanda.es\/es\/wp-json\/wp\/v2\/types\/product"}],"replies":[{"embeddable":true,"href":"https:\/\/rentalpanda.es\/es\/wp-json\/wp\/v2\/comments?post=13486"}],"wp:featuredmedia":[{"embeddable":true,"href":"https:\/\/rentalpanda.es\/es\/wp-json\/wp\/v2\/media\/13558"}],"wp:attachment":[{"href":"https:\/\/rentalpanda.es\/es\/wp-json\/wp\/v2\/media?parent=13486"}],"wp:term":[{"taxonomy":"product_brand","embeddable":true,"href":"https:\/\/rentalpanda.es\/es\/wp-json\/wp\/v2\/product_brand?post=13486"},{"taxonomy":"product_cat","embeddable":true,"href":"https:\/\/rentalpanda.es\/es\/wp-json\/wp\/v2\/product_cat?post=13486"},{"taxonomy":"product_tag","embeddable":true,"href":"https:\/\/rentalpanda.es\/es\/wp-json\/wp\/v2\/product_tag?post=13486"}],"curies":[{"name":"wp","href":"https:\/\/api.w.org\/{rel}","templated":true}]}}