{"id":13420,"date":"2023-07-07T02:08:04","date_gmt":"2023-07-07T02:08:04","guid":{"rendered":"https:\/\/rentalpanda.es\/?post_type=product&#038;p=13420"},"modified":"2026-02-18T05:37:19","modified_gmt":"2026-02-18T05:37:19","slug":"mochila-portabebes-deuter","status":"publish","type":"product","link":"https:\/\/rentalpanda.es\/es\/produkt\/deuter-kraxe\/","title":{"rendered":"Mochila Portabeb\u00e9s Deuter"},"content":{"rendered":"<h2><strong>Portabeb\u00e9s Deuter: \u00a1Disfrute del senderismo!<\/strong><\/h2>\n<p>El portabeb\u00e9s de Deuter, que se pliega f\u00e1cilmente para transportarlo, cuenta con un resistente marco de aluminio, una durabilidad notable y una construcci\u00f3n ligera. Los tejidos tienen un recubrimiento <strong>repelente al agua libre de PFC,<\/strong>mientras que el interior es suave y cuenta con varias \u00e1reas acolchadas para brindar un confort \u00f3ptimo. El asiento y el arn\u00e9s ajustables en altura se adaptan perfectamente a ni\u00f1os de todas las tallas. Adem\u00e1s, el portabeb\u00e9s incluye una correa para el hombro transpirable y ajustable de forma individual.<\/p>\n<h2>Portabeb\u00e9s: Deuter es ejemplo de calidad<\/h2>\n<p>El innovador sistema de espalda Aircomfort garantiza una transpirabilidad excepcional, mientras que las correas de cadera y hombros suavemente acolchadas brindan la m\u00e1xima comodidad al llevarlo. Adem\u00e1s, el portabeb\u00e9s Deuter cuenta <strong>con un pr\u00e1ctico toldo,<\/strong>que sirve tanto para el sol como cubierta para la lluvia y dos bolsillos laterales de malla con cierre para elementos esenciales durante el senderismo. Un compartimento adicional con una capacidad de almacenamiento de 14 litros completa el portabeb\u00e9s.<\/p>\n<h3>Beneficios de la mochila portabeb\u00e9s Deuter<\/h3>\n<p>Plegable y ajustable en altura<br \/>\nTejido repelente al agua<br \/>\nCertificaci\u00f3n de seguridad T\u00dcV<br \/>\nFacilidad para levantar y sacar al ni\u00f1o<\/p>\n<h3>Portabeb\u00e9s: Detalles t\u00e9cnicos<\/h3>\n<p>Dimensiones del producto AxA: 72x43 cm<br \/>\nPeso: 2.8kg<br \/>\nCapacidad m\u00e1xima de peso: 22 kg<br \/>\nMaterial: Deuter Super Polytex<\/p>\n<p>\u00a1Alquila un portabeb\u00e9s Deuter y explora senderismo y paseos tranquilos con ni\u00f1os en Mallorca!<\/p>","protected":false},"excerpt":{"rendered":"<p lang=\"de-DE\">\u00a1Una resistente y c\u00f3moda <strong>mochila portabeb\u00e9s de Deuter!<\/strong>\u00a1Con el nuevo portabeb\u00e9s Kid Comfort, tus peque\u00f1os pueden embarcarse en aventuras de senderismo en la isla desde temprana edad!<\/p>","protected":false},"featured_media":13472,"comment_status":"open","ping_status":"closed","template":"","meta":[],"product_brand":[],"product_cat":[1276,87,90],"product_tag":[943,556],"class_list":{"0":"post-13420","1":"product","2":"type-product","3":"status-publish","4":"has-post-thumbnail","6":"product_cat-abenteuer","7":"product_cat-baby-kind","8":"product_cat-mieten","9":"product_tag-deuter-kraxe","10":"product_tag-kinderkraxe","12":"first","13":"instock","14":"taxable","15":"shipping-taxable","16":"purchasable","17":"product-type-simple"},"yoast_head":"<!-- This site is optimized with the Yoast SEO plugin v27.1.1 - https:\/\/yoast.com\/product\/yoast-seo-wordpress\/ -->\n<title>Deuter Kraxe f\u00fcr Kinder | RentalPanda.es<\/title>\n<meta name=\"description\" content=\"Miete die Deuter Kraxe f\u00fcr Kinder f\u00fcr dein Wanderabenteuer auf Mallorca! Zusammenklappbar, wasserabweisend und h\u00f6henverstellbar \u2013 Beste Qualit\u00e4t von Deuter!\" \/>\n<meta name=\"robots\" content=\"index, follow, max-snippet:-1, max-image-preview:large, max-video-preview:-1\" \/>\n<link rel=\"canonical\" href=\"https:\/\/rentalpanda.es\/es\/producto\/mochila-portabebes-deuter\/\" \/>\n<meta property=\"og:locale\" content=\"es_ES\" \/>\n<meta property=\"og:type\" content=\"article\" \/>\n<meta property=\"og:title\" content=\"Deuter Kraxe f\u00fcr Kinder | RentalPanda.es\" \/>\n<meta property=\"og:description\" content=\"Miete die Deuter Kraxe f\u00fcr Kinder f\u00fcr dein Wanderabenteuer auf Mallorca! Zusammenklappbar, wasserabweisend und h\u00f6henverstellbar \u2013 Beste Qualit\u00e4t von Deuter!\" \/>\n<meta property=\"og:url\" content=\"https:\/\/rentalpanda.es\/es\/producto\/mochila-portabebes-deuter\/\" \/>\n<meta property=\"og:site_name\" content=\"RentalPanda.es\" \/>\n<meta property=\"article:publisher\" content=\"https:\/\/www.facebook.com\/rentalpandamallorca\" \/>\n<meta property=\"article:modified_time\" content=\"2026-02-18T05:37:19+00:00\" \/>\n<meta property=\"og:image\" content=\"https:\/\/rentalpanda.es\/wp-content\/uploads\/2023\/07\/deuter_kraxe.png\" \/>\n\t<meta property=\"og:image:width\" content=\"428\" \/>\n\t<meta property=\"og:image:height\" content=\"480\" \/>\n\t<meta property=\"og:image:type\" content=\"image\/png\" \/>\n<meta name=\"twitter:card\" content=\"summary_large_image\" \/>\n<meta name=\"twitter:label1\" content=\"Tiempo de lectura\" \/>\n\t<meta name=\"twitter:data1\" content=\"1 minuto\" \/>\n<script type=\"application\/ld+json\" class=\"yoast-schema-graph\">{\"@context\":\"https:\/\/schema.org\",\"@graph\":[{\"@type\":\"WebPage\",\"@id\":\"https:\/\/rentalpanda.es\/produkt\/deuter-kraxe\/\",\"url\":\"https:\/\/rentalpanda.es\/produkt\/deuter-kraxe\/\",\"name\":\"Deuter Kraxe f\u00fcr Kinder | RentalPanda.es\",\"isPartOf\":{\"@id\":\"https:\/\/rentalpanda.es\/en\/#website\"},\"primaryImageOfPage\":{\"@id\":\"https:\/\/rentalpanda.es\/produkt\/deuter-kraxe\/#primaryimage\"},\"image\":{\"@id\":\"https:\/\/rentalpanda.es\/produkt\/deuter-kraxe\/#primaryimage\"},\"thumbnailUrl\":\"https:\/\/rentalpanda.es\/wp-content\/uploads\/2023\/07\/deuter_kraxe.png\",\"datePublished\":\"2023-07-07T02:08:04+00:00\",\"dateModified\":\"2026-02-18T05:37:19+00:00\",\"description\":\"Miete die Deuter Kraxe f\u00fcr Kinder f\u00fcr dein Wanderabenteuer auf Mallorca! Zusammenklappbar, wasserabweisend und h\u00f6henverstellbar \u2013 Beste Qualit\u00e4t von Deuter!\",\"breadcrumb\":{\"@id\":\"https:\/\/rentalpanda.es\/produkt\/deuter-kraxe\/#breadcrumb\"},\"inLanguage\":\"es\",\"potentialAction\":[{\"@type\":\"ReadAction\",\"target\":[\"https:\/\/rentalpanda.es\/produkt\/deuter-kraxe\/\"]}]},{\"@type\":\"ImageObject\",\"inLanguage\":\"es\",\"@id\":\"https:\/\/rentalpanda.es\/produkt\/deuter-kraxe\/#primaryimage\",\"url\":\"https:\/\/rentalpanda.es\/wp-content\/uploads\/2023\/07\/deuter_kraxe.png\",\"contentUrl\":\"https:\/\/rentalpanda.es\/wp-content\/uploads\/2023\/07\/deuter_kraxe.png\",\"width\":428,\"height\":480,\"caption\":\"deuter_kraxe\"},{\"@type\":\"BreadcrumbList\",\"@id\":\"https:\/\/rentalpanda.es\/produkt\/deuter-kraxe\/#breadcrumb\",\"itemListElement\":[{\"@type\":\"ListItem\",\"position\":1,\"name\":\"Startseite\",\"item\":\"https:\/\/rentalpanda.es\/\"},{\"@type\":\"ListItem\",\"position\":2,\"name\":\"Shop\",\"item\":\"https:\/\/rentalpanda.es\/shop\/\"},{\"@type\":\"ListItem\",\"position\":3,\"name\":\"Deuter Kraxe f\u00fcr Kinder\"}]},{\"@type\":\"WebSite\",\"@id\":\"https:\/\/rentalpanda.es\/en\/#website\",\"url\":\"https:\/\/rentalpanda.es\/en\/\",\"name\":\"RentalPanda.es\",\"description\":\"Baby, Beach &amp; Holiday Gear for Rent\",\"publisher\":{\"@id\":\"https:\/\/rentalpanda.es\/en\/#organization\"},\"potentialAction\":[{\"@type\":\"SearchAction\",\"target\":{\"@type\":\"EntryPoint\",\"urlTemplate\":\"https:\/\/rentalpanda.es\/en\/?s={search_term_string}\"},\"query-input\":{\"@type\":\"PropertyValueSpecification\",\"valueRequired\":true,\"valueName\":\"search_term_string\"}}],\"inLanguage\":\"es\"},{\"@type\":\"Organization\",\"@id\":\"https:\/\/rentalpanda.es\/en\/#organization\",\"name\":\"Rentalpanda.es\",\"url\":\"https:\/\/rentalpanda.es\/en\/\",\"logo\":{\"@type\":\"ImageObject\",\"inLanguage\":\"es\",\"@id\":\"https:\/\/rentalpanda.es\/en\/#\/schema\/logo\/image\/\",\"url\":\"https:\/\/rentalpanda.es\/wp-content\/uploads\/2017\/02\/rentalpanda-logo-webseite-end.png\",\"contentUrl\":\"https:\/\/rentalpanda.es\/wp-content\/uploads\/2017\/02\/rentalpanda-logo-webseite-end.png\",\"width\":260,\"height\":71,\"caption\":\"Rentalpanda.es\"},\"image\":{\"@id\":\"https:\/\/rentalpanda.es\/en\/#\/schema\/logo\/image\/\"},\"sameAs\":[\"https:\/\/www.facebook.com\/rentalpandamallorca\"]}]}<\/script>\n<!-- \/ Yoast SEO plugin. -->","yoast_head_json":{"title":"Mochila Portabeb\u00e9s Deuter | RentalPanda.es","description":"Alquila una mochila portabeb\u00e9s Deuter para tu aventura de senderismo en Mallorca! Plegable, resistente al agua y ajustable en altura \u2013 \u00a1m\u00e1xima calidad de Deuter!","robots":{"index":"index","follow":"follow","max-snippet":"max-snippet:-1","max-image-preview":"max-image-preview:large","max-video-preview":"max-video-preview:-1"},"canonical":"https:\/\/rentalpanda.es\/es\/producto\/mochila-portabebes-deuter\/","og_locale":"es_ES","og_type":"article","og_title":"Deuter Kraxe f\u00fcr Kinder | RentalPanda.es","og_description":"Miete die Deuter Kraxe f\u00fcr Kinder f\u00fcr dein Wanderabenteuer auf Mallorca! Zusammenklappbar, wasserabweisend und h\u00f6henverstellbar \u2013 Beste Qualit\u00e4t von Deuter!","og_url":"https:\/\/rentalpanda.es\/es\/producto\/mochila-portabebes-deuter\/","og_site_name":"RentalPanda.es","article_publisher":"https:\/\/www.facebook.com\/rentalpandamallorca","article_modified_time":"2026-02-18T05:37:19+00:00","og_image":[{"width":428,"height":480,"url":"https:\/\/rentalpanda.es\/wp-content\/uploads\/2023\/07\/deuter_kraxe.png","type":"image\/png"}],"twitter_card":"summary_large_image","twitter_misc":{"Tiempo de lectura":"1 minuto"},"schema":{"@context":"https:\/\/schema.org","@graph":[{"@type":"WebPage","@id":"https:\/\/rentalpanda.es\/produkt\/deuter-kraxe\/","url":"https:\/\/rentalpanda.es\/produkt\/deuter-kraxe\/","name":"Mochila Portabeb\u00e9s Deuter | RentalPanda.es","isPartOf":{"@id":"https:\/\/rentalpanda.es\/en\/#website"},"primaryImageOfPage":{"@id":"https:\/\/rentalpanda.es\/produkt\/deuter-kraxe\/#primaryimage"},"image":{"@id":"https:\/\/rentalpanda.es\/produkt\/deuter-kraxe\/#primaryimage"},"thumbnailUrl":"https:\/\/rentalpanda.es\/wp-content\/uploads\/2023\/07\/deuter_kraxe.png","datePublished":"2023-07-07T02:08:04+00:00","dateModified":"2026-02-18T05:37:19+00:00","description":"Alquila una mochila portabeb\u00e9s Deuter para tu aventura de senderismo en Mallorca! Plegable, resistente al agua y ajustable en altura \u2013 \u00a1m\u00e1xima calidad de Deuter!","breadcrumb":{"@id":"https:\/\/rentalpanda.es\/produkt\/deuter-kraxe\/#breadcrumb"},"inLanguage":"es","potentialAction":[{"@type":"ReadAction","target":["https:\/\/rentalpanda.es\/produkt\/deuter-kraxe\/"]}]},{"@type":"ImageObject","inLanguage":"es","@id":"https:\/\/rentalpanda.es\/produkt\/deuter-kraxe\/#primaryimage","url":"https:\/\/rentalpanda.es\/wp-content\/uploads\/2023\/07\/deuter_kraxe.png","contentUrl":"https:\/\/rentalpanda.es\/wp-content\/uploads\/2023\/07\/deuter_kraxe.png","width":428,"height":480,"caption":"deuter_kraxe"},{"@type":"BreadcrumbList","@id":"https:\/\/rentalpanda.es\/produkt\/deuter-kraxe\/#breadcrumb","itemListElement":[{"@type":"ListItem","position":1,"name":"Startseite","item":"https:\/\/rentalpanda.es\/"},{"@type":"ListItem","position":2,"name":"Shop","item":"https:\/\/rentalpanda.es\/shop\/"},{"@type":"ListItem","position":3,"name":"Deuter Kraxe f\u00fcr Kinder"}]},{"@type":"WebSite","@id":"https:\/\/rentalpanda.es\/en\/#website","url":"https:\/\/rentalpanda.es\/en\/","name":"RentalPanda.es","description":"Baby, Beach &amp; Holiday Gear for Rent","publisher":{"@id":"https:\/\/rentalpanda.es\/en\/#organization"},"potentialAction":[{"@type":"SearchAction","target":{"@type":"EntryPoint","urlTemplate":"https:\/\/rentalpanda.es\/en\/?s={search_term_string}"},"query-input":{"@type":"PropertyValueSpecification","valueRequired":true,"valueName":"search_term_string"}}],"inLanguage":"es"},{"@type":"Organization","@id":"https:\/\/rentalpanda.es\/en\/#organization","name":"Rentalpanda.es","url":"https:\/\/rentalpanda.es\/en\/","logo":{"@type":"ImageObject","inLanguage":"es","@id":"https:\/\/rentalpanda.es\/en\/#\/schema\/logo\/image\/","url":"https:\/\/rentalpanda.es\/wp-content\/uploads\/2017\/02\/rentalpanda-logo-webseite-end.png","contentUrl":"https:\/\/rentalpanda.es\/wp-content\/uploads\/2017\/02\/rentalpanda-logo-webseite-end.png","width":260,"height":71,"caption":"Rentalpanda.es"},"image":{"@id":"https:\/\/rentalpanda.es\/en\/#\/schema\/logo\/image\/"},"sameAs":["https:\/\/www.facebook.com\/rentalpandamallorca"]}]}},"_links":{"self":[{"href":"https:\/\/rentalpanda.es\/es\/wp-json\/wp\/v2\/product\/13420","targetHints":{"allow":["GET"]}}],"collection":[{"href":"https:\/\/rentalpanda.es\/es\/wp-json\/wp\/v2\/product"}],"about":[{"href":"https:\/\/rentalpanda.es\/es\/wp-json\/wp\/v2\/types\/product"}],"replies":[{"embeddable":true,"href":"https:\/\/rentalpanda.es\/es\/wp-json\/wp\/v2\/comments?post=13420"}],"wp:featuredmedia":[{"embeddable":true,"href":"https:\/\/rentalpanda.es\/es\/wp-json\/wp\/v2\/media\/13472"}],"wp:attachment":[{"href":"https:\/\/rentalpanda.es\/es\/wp-json\/wp\/v2\/media?parent=13420"}],"wp:term":[{"taxonomy":"product_brand","embeddable":true,"href":"https:\/\/rentalpanda.es\/es\/wp-json\/wp\/v2\/product_brand?post=13420"},{"taxonomy":"product_cat","embeddable":true,"href":"https:\/\/rentalpanda.es\/es\/wp-json\/wp\/v2\/product_cat?post=13420"},{"taxonomy":"product_tag","embeddable":true,"href":"https:\/\/rentalpanda.es\/es\/wp-json\/wp\/v2\/product_tag?post=13420"}],"curies":[{"name":"wp","href":"https:\/\/api.w.org\/{rel}","templated":true}]}}