{"id":13367,"date":"2023-07-07T01:05:56","date_gmt":"2023-07-07T01:05:56","guid":{"rendered":"https:\/\/rentalpanda.es\/?post_type=product&#038;p=13367"},"modified":"2026-02-18T05:43:45","modified_gmt":"2026-02-18T05:43:45","slug":"banera-plegable-con-cambiador","status":"publish","type":"product","link":"https:\/\/rentalpanda.es\/es\/produkt\/faltbare-badewanne-baby\/","title":{"rendered":"Ba\u00f1era Plegable con Cambiador para Beb\u00e9s"},"content":{"rendered":"<h2><strong>Faltbare Badewanne Baby: Planschvergn\u00fcgen pur!<\/strong><\/h2>\n<p>La nueva ba\u00f1era port\u00e1til de Plastimyr es ideal para el momento del ba\u00f1o de tu beb\u00e9. Se pliega f\u00e1cilmente para ocupar poco espacio, y una vez desplegada tiene una estructura reforzada para evitar el vuelco, as\u00ed como unos topes de goma que aseguran la estabilidad, para chapotear tranquilos! Adem\u00e1s, una vez terminado el ba\u00f1o tienes un cambiador ah\u00ed mismo.<\/p>\n<h2>Ba\u00f1era Plegable con Cambiador<\/h2>\n<p>El c\u00f3modo cambiador acolchado es ideal para cambiar pa\u00f1ales, as\u00ed como vestir a tu beb\u00e9. La s\u00f3lida estructura met\u00e1lica soporta la ba\u00f1era, que tiene un c\u00f3modo tubo de desag\u00fce y tap\u00f3n para el vaciado. As\u00ed mismo, debajo tienes una balda para poner lo que necesites tener a tu alcance. Ropita, pa\u00f1ales, jab\u00f3n, etc... A\u00f1ade funcionalidad a las vacaciones con tu beb\u00e9.<\/p>\n<h3>Beneficios de la Ba\u00f1era Plegable<\/h3>\n<p>Base estable y antideslizante<br \/>\n2 en 1: Ba\u00f1ito y Cambiador<br \/>\nBalda para almacenar cosas<br \/>\nPlegable<\/p>\n<h3>Ba\u00f1era de Beb\u00e9: Datos T\u00e9cnicos<\/h3>\n<p>Dimensiones (plegado) : 104x81x23cm<br \/>\nMateriales: Inodoro y no t\u00f3xico<br \/>\nPeso: 7.5kg<\/p>\n<p>Alquila una ba\u00f1era para tu beb\u00e9 en Mallorca. Cambiador y ba\u00f1ito facil\u00edsimo!<\/p>","protected":false},"excerpt":{"rendered":"<p lang=\"de-DE\">C\u00f3moda <strong>ba\u00f1era<\/strong>para tu beb\u00e9, con un pr\u00e1ctico cambiador, muy pr\u00e1ctica ya que es plegable!<\/p>","protected":false},"featured_media":13475,"comment_status":"open","ping_status":"closed","template":"","meta":[],"product_brand":[],"product_cat":[87,99,90],"product_tag":[940,561],"class_list":{"0":"post-13367","1":"product","2":"type-product","3":"status-publish","4":"has-post-thumbnail","6":"product_cat-baby-kind","7":"product_cat-essen","8":"product_cat-mieten","9":"product_tag-badewanne-baby","10":"product_tag-wickeltisch","12":"first","13":"instock","14":"taxable","15":"shipping-taxable","16":"purchasable","17":"product-type-simple"},"yoast_head":"<!-- This site is optimized with the Yoast SEO plugin v27.1.1 - https:\/\/yoast.com\/product\/yoast-seo-wordpress\/ -->\n<title>Faltbare Badewanne Baby mit Wickeltisch | RentalPanda.es<\/title>\n<meta name=\"description\" content=\"Faltbare Badewanne Baby mit Wickeltisch: Stabil, praktisch und platzsparend, ideal f\u00fcr den Urlaub auf Mallorca. Jetzt mieten!\" \/>\n<meta name=\"robots\" content=\"index, follow, max-snippet:-1, max-image-preview:large, max-video-preview:-1\" \/>\n<link rel=\"canonical\" href=\"https:\/\/rentalpanda.es\/es\/producto\/banera-plegable-con-cambiador\/\" \/>\n<meta property=\"og:locale\" content=\"es_ES\" \/>\n<meta property=\"og:type\" content=\"article\" \/>\n<meta property=\"og:title\" content=\"Faltbare Badewanne Baby mit Wickeltisch | RentalPanda.es\" \/>\n<meta property=\"og:description\" content=\"Faltbare Badewanne Baby mit Wickeltisch: Stabil, praktisch und platzsparend, ideal f\u00fcr den Urlaub auf Mallorca. Jetzt mieten!\" \/>\n<meta property=\"og:url\" content=\"https:\/\/rentalpanda.es\/es\/producto\/banera-plegable-con-cambiador\/\" \/>\n<meta property=\"og:site_name\" content=\"RentalPanda.es\" \/>\n<meta property=\"article:publisher\" content=\"https:\/\/www.facebook.com\/rentalpandamallorca\" \/>\n<meta property=\"article:modified_time\" content=\"2026-02-18T05:43:45+00:00\" \/>\n<meta property=\"og:image\" content=\"https:\/\/rentalpanda.es\/wp-content\/uploads\/2023\/07\/badewanne_baby_faltbar.png\" \/>\n\t<meta property=\"og:image:width\" content=\"428\" \/>\n\t<meta property=\"og:image:height\" content=\"480\" \/>\n\t<meta property=\"og:image:type\" content=\"image\/png\" \/>\n<meta name=\"twitter:card\" content=\"summary_large_image\" \/>\n<meta name=\"twitter:label1\" content=\"Tiempo de lectura\" \/>\n\t<meta name=\"twitter:data1\" content=\"1 minuto\" \/>\n<script type=\"application\/ld+json\" class=\"yoast-schema-graph\">{\"@context\":\"https:\/\/schema.org\",\"@graph\":[{\"@type\":\"WebPage\",\"@id\":\"https:\/\/rentalpanda.es\/produkt\/faltbare-badewanne-baby\/\",\"url\":\"https:\/\/rentalpanda.es\/produkt\/faltbare-badewanne-baby\/\",\"name\":\"Faltbare Badewanne Baby mit Wickeltisch | RentalPanda.es\",\"isPartOf\":{\"@id\":\"https:\/\/rentalpanda.es\/en\/#website\"},\"primaryImageOfPage\":{\"@id\":\"https:\/\/rentalpanda.es\/produkt\/faltbare-badewanne-baby\/#primaryimage\"},\"image\":{\"@id\":\"https:\/\/rentalpanda.es\/produkt\/faltbare-badewanne-baby\/#primaryimage\"},\"thumbnailUrl\":\"https:\/\/rentalpanda.es\/wp-content\/uploads\/2023\/07\/badewanne_baby_faltbar.png\",\"datePublished\":\"2023-07-07T01:05:56+00:00\",\"dateModified\":\"2026-02-18T05:43:45+00:00\",\"description\":\"Faltbare Badewanne Baby mit Wickeltisch: Stabil, praktisch und platzsparend, ideal f\u00fcr den Urlaub auf Mallorca. Jetzt mieten!\",\"breadcrumb\":{\"@id\":\"https:\/\/rentalpanda.es\/produkt\/faltbare-badewanne-baby\/#breadcrumb\"},\"inLanguage\":\"es\",\"potentialAction\":[{\"@type\":\"ReadAction\",\"target\":[\"https:\/\/rentalpanda.es\/produkt\/faltbare-badewanne-baby\/\"]}]},{\"@type\":\"ImageObject\",\"inLanguage\":\"es\",\"@id\":\"https:\/\/rentalpanda.es\/produkt\/faltbare-badewanne-baby\/#primaryimage\",\"url\":\"https:\/\/rentalpanda.es\/wp-content\/uploads\/2023\/07\/badewanne_baby_faltbar.png\",\"contentUrl\":\"https:\/\/rentalpanda.es\/wp-content\/uploads\/2023\/07\/badewanne_baby_faltbar.png\",\"width\":428,\"height\":480,\"caption\":\"badewanne_baby_faltbar\"},{\"@type\":\"BreadcrumbList\",\"@id\":\"https:\/\/rentalpanda.es\/produkt\/faltbare-badewanne-baby\/#breadcrumb\",\"itemListElement\":[{\"@type\":\"ListItem\",\"position\":1,\"name\":\"Startseite\",\"item\":\"https:\/\/rentalpanda.es\/\"},{\"@type\":\"ListItem\",\"position\":2,\"name\":\"Shop\",\"item\":\"https:\/\/rentalpanda.es\/shop\/\"},{\"@type\":\"ListItem\",\"position\":3,\"name\":\"Faltbare Badewanne Baby mit Wickeltisch\"}]},{\"@type\":\"WebSite\",\"@id\":\"https:\/\/rentalpanda.es\/en\/#website\",\"url\":\"https:\/\/rentalpanda.es\/en\/\",\"name\":\"RentalPanda.es\",\"description\":\"Baby, Beach &amp; Holiday Gear for Rent\",\"publisher\":{\"@id\":\"https:\/\/rentalpanda.es\/en\/#organization\"},\"potentialAction\":[{\"@type\":\"SearchAction\",\"target\":{\"@type\":\"EntryPoint\",\"urlTemplate\":\"https:\/\/rentalpanda.es\/en\/?s={search_term_string}\"},\"query-input\":{\"@type\":\"PropertyValueSpecification\",\"valueRequired\":true,\"valueName\":\"search_term_string\"}}],\"inLanguage\":\"es\"},{\"@type\":\"Organization\",\"@id\":\"https:\/\/rentalpanda.es\/en\/#organization\",\"name\":\"Rentalpanda.es\",\"url\":\"https:\/\/rentalpanda.es\/en\/\",\"logo\":{\"@type\":\"ImageObject\",\"inLanguage\":\"es\",\"@id\":\"https:\/\/rentalpanda.es\/en\/#\/schema\/logo\/image\/\",\"url\":\"https:\/\/rentalpanda.es\/wp-content\/uploads\/2017\/02\/rentalpanda-logo-webseite-end.png\",\"contentUrl\":\"https:\/\/rentalpanda.es\/wp-content\/uploads\/2017\/02\/rentalpanda-logo-webseite-end.png\",\"width\":260,\"height\":71,\"caption\":\"Rentalpanda.es\"},\"image\":{\"@id\":\"https:\/\/rentalpanda.es\/en\/#\/schema\/logo\/image\/\"},\"sameAs\":[\"https:\/\/www.facebook.com\/rentalpandamallorca\"]}]}<\/script>\n<!-- \/ Yoast SEO plugin. -->","yoast_head_json":{"title":"Ba\u00f1era Plegable con Cambiador para Beb\u00e9s | RentalPanda.es","description":"Alquila una ba\u00f1era plegable para beb\u00e9s con cambiador en Mallorca: Estable, pr\u00e1ctica y ahorra espacio, ideal para tus vacaciones. \u00a1Reserva ahora!","robots":{"index":"index","follow":"follow","max-snippet":"max-snippet:-1","max-image-preview":"max-image-preview:large","max-video-preview":"max-video-preview:-1"},"canonical":"https:\/\/rentalpanda.es\/es\/producto\/banera-plegable-con-cambiador\/","og_locale":"es_ES","og_type":"article","og_title":"Faltbare Badewanne Baby mit Wickeltisch | RentalPanda.es","og_description":"Faltbare Badewanne Baby mit Wickeltisch: Stabil, praktisch und platzsparend, ideal f\u00fcr den Urlaub auf Mallorca. Jetzt mieten!","og_url":"https:\/\/rentalpanda.es\/es\/producto\/banera-plegable-con-cambiador\/","og_site_name":"RentalPanda.es","article_publisher":"https:\/\/www.facebook.com\/rentalpandamallorca","article_modified_time":"2026-02-18T05:43:45+00:00","og_image":[{"width":428,"height":480,"url":"https:\/\/rentalpanda.es\/wp-content\/uploads\/2023\/07\/badewanne_baby_faltbar.png","type":"image\/png"}],"twitter_card":"summary_large_image","twitter_misc":{"Tiempo de lectura":"1 minuto"},"schema":{"@context":"https:\/\/schema.org","@graph":[{"@type":"WebPage","@id":"https:\/\/rentalpanda.es\/produkt\/faltbare-badewanne-baby\/","url":"https:\/\/rentalpanda.es\/produkt\/faltbare-badewanne-baby\/","name":"Ba\u00f1era Plegable con Cambiador para Beb\u00e9s | RentalPanda.es","isPartOf":{"@id":"https:\/\/rentalpanda.es\/en\/#website"},"primaryImageOfPage":{"@id":"https:\/\/rentalpanda.es\/produkt\/faltbare-badewanne-baby\/#primaryimage"},"image":{"@id":"https:\/\/rentalpanda.es\/produkt\/faltbare-badewanne-baby\/#primaryimage"},"thumbnailUrl":"https:\/\/rentalpanda.es\/wp-content\/uploads\/2023\/07\/badewanne_baby_faltbar.png","datePublished":"2023-07-07T01:05:56+00:00","dateModified":"2026-02-18T05:43:45+00:00","description":"Alquila una ba\u00f1era plegable para beb\u00e9s con cambiador en Mallorca: Estable, pr\u00e1ctica y ahorra espacio, ideal para tus vacaciones. \u00a1Reserva ahora!","breadcrumb":{"@id":"https:\/\/rentalpanda.es\/produkt\/faltbare-badewanne-baby\/#breadcrumb"},"inLanguage":"es","potentialAction":[{"@type":"ReadAction","target":["https:\/\/rentalpanda.es\/produkt\/faltbare-badewanne-baby\/"]}]},{"@type":"ImageObject","inLanguage":"es","@id":"https:\/\/rentalpanda.es\/produkt\/faltbare-badewanne-baby\/#primaryimage","url":"https:\/\/rentalpanda.es\/wp-content\/uploads\/2023\/07\/badewanne_baby_faltbar.png","contentUrl":"https:\/\/rentalpanda.es\/wp-content\/uploads\/2023\/07\/badewanne_baby_faltbar.png","width":428,"height":480,"caption":"badewanne_baby_faltbar"},{"@type":"BreadcrumbList","@id":"https:\/\/rentalpanda.es\/produkt\/faltbare-badewanne-baby\/#breadcrumb","itemListElement":[{"@type":"ListItem","position":1,"name":"Startseite","item":"https:\/\/rentalpanda.es\/"},{"@type":"ListItem","position":2,"name":"Shop","item":"https:\/\/rentalpanda.es\/shop\/"},{"@type":"ListItem","position":3,"name":"Faltbare Badewanne Baby mit Wickeltisch"}]},{"@type":"WebSite","@id":"https:\/\/rentalpanda.es\/en\/#website","url":"https:\/\/rentalpanda.es\/en\/","name":"RentalPanda.es","description":"Baby, Beach &amp; Holiday Gear for Rent","publisher":{"@id":"https:\/\/rentalpanda.es\/en\/#organization"},"potentialAction":[{"@type":"SearchAction","target":{"@type":"EntryPoint","urlTemplate":"https:\/\/rentalpanda.es\/en\/?s={search_term_string}"},"query-input":{"@type":"PropertyValueSpecification","valueRequired":true,"valueName":"search_term_string"}}],"inLanguage":"es"},{"@type":"Organization","@id":"https:\/\/rentalpanda.es\/en\/#organization","name":"Rentalpanda.es","url":"https:\/\/rentalpanda.es\/en\/","logo":{"@type":"ImageObject","inLanguage":"es","@id":"https:\/\/rentalpanda.es\/en\/#\/schema\/logo\/image\/","url":"https:\/\/rentalpanda.es\/wp-content\/uploads\/2017\/02\/rentalpanda-logo-webseite-end.png","contentUrl":"https:\/\/rentalpanda.es\/wp-content\/uploads\/2017\/02\/rentalpanda-logo-webseite-end.png","width":260,"height":71,"caption":"Rentalpanda.es"},"image":{"@id":"https:\/\/rentalpanda.es\/en\/#\/schema\/logo\/image\/"},"sameAs":["https:\/\/www.facebook.com\/rentalpandamallorca"]}]}},"_links":{"self":[{"href":"https:\/\/rentalpanda.es\/es\/wp-json\/wp\/v2\/product\/13367","targetHints":{"allow":["GET"]}}],"collection":[{"href":"https:\/\/rentalpanda.es\/es\/wp-json\/wp\/v2\/product"}],"about":[{"href":"https:\/\/rentalpanda.es\/es\/wp-json\/wp\/v2\/types\/product"}],"replies":[{"embeddable":true,"href":"https:\/\/rentalpanda.es\/es\/wp-json\/wp\/v2\/comments?post=13367"}],"wp:featuredmedia":[{"embeddable":true,"href":"https:\/\/rentalpanda.es\/es\/wp-json\/wp\/v2\/media\/13475"}],"wp:attachment":[{"href":"https:\/\/rentalpanda.es\/es\/wp-json\/wp\/v2\/media?parent=13367"}],"wp:term":[{"taxonomy":"product_brand","embeddable":true,"href":"https:\/\/rentalpanda.es\/es\/wp-json\/wp\/v2\/product_brand?post=13367"},{"taxonomy":"product_cat","embeddable":true,"href":"https:\/\/rentalpanda.es\/es\/wp-json\/wp\/v2\/product_cat?post=13367"},{"taxonomy":"product_tag","embeddable":true,"href":"https:\/\/rentalpanda.es\/es\/wp-json\/wp\/v2\/product_tag?post=13367"}],"curies":[{"name":"wp","href":"https:\/\/api.w.org\/{rel}","templated":true}]}}