{"id":1335,"date":"2017-01-31T09:44:52","date_gmt":"2017-01-31T09:44:52","guid":{"rendered":"http:\/\/rentalpanda.es\/produkt\/babyphone-audio\/"},"modified":"2025-02-27T06:26:41","modified_gmt":"2025-02-27T06:26:41","slug":"monitor-bebe-audio-alquilar-mallorca","status":"publish","type":"product","link":"https:\/\/rentalpanda.es\/es\/produkt\/babyphone-audio\/","title":{"rendered":"Monitor Beb\u00e9: Audio Vigilancia"},"content":{"rendered":"<h2><strong>Monitor Beb\u00e9: Audio Vigilancia en Mallorca<\/strong><\/h2>\n<p>No le gustar\u00eda tener que sentarse todo el tiempo en su habitaci\u00f3n de hotel durante sus vacaciones en Mallorca, cuidando a su hijo dormido, \u00bfverdad? \u00bfNo preferir\u00edas pasar un buen rato seguro sabiendo que a tu peque\u00f1o le est\u00e1 yendo bien y que duerme de manera segura y pac\u00edfica? Luego, h\u00e1galo de manera f\u00e1cil y alquile con RentalPanda.es un monitor de audio para beb\u00e9s, que funciona a una distancia de hasta 300 metros.<\/p>\n<h2>Para Vacaciones: Monitor Beb\u00e9<\/h2>\n<p>El monitor tiene dos canales, un receptor y una estaci\u00f3n emisora, y tambi\u00e9n se puede usar como luz nocturna en la habitaci\u00f3n de los ni\u00f1os. \u00a1Escuchar\u00e1 cualquier voz o sonido con claridad! \u00a1Con el indicador visual de sonido en el receptor, finalmente tendr\u00e1 la relajaci\u00f3n deseada en vacaciones!<\/p>\n<h3>Beneficios Monitor Beb\u00e9 Audio<\/h3>\n<ul>\n<li>Control en cualquier momento<\/li>\n<li>Ac\u00fastica confiable<\/li>\n<li>Vacaciones relajadas<\/li>\n<li>Se puede usar como luz nocturna<\/li>\n<li>Indicador visual de sonido<\/li>\n<li>TENGA CUIDADO: E monitor de b\u00e9be necesita enchufes en ambos lados para funcionar.<\/li>\n<\/ul>\n<h3>Monitor Beb\u00e9: Detalles T\u00e9cnicos<\/h3>\n<p>Peso: 0.3kg<br \/>\nDimensiones AAP: 12x6x8cm<\/p>\n<p>Apto para beb\u00e9s y ni\u00f1os de todas las edades.<\/p>","protected":false},"excerpt":{"rendered":"<p>La soluci\u00f3n simple y confiable si deseas saber si tu beb\u00e9 llora mientras duerme o si hace alg\u00fan ruido. <strong>El monitor beb\u00e9<\/strong>se puede utilizar en largas distancias de hasta 300 my tambi\u00e9n funciona como luz nocturna.<\/p>\n<p>TENGA EN CUENTA: D\u00eda de llegada + d\u00eda de salida = 2 d\u00edas completos de alquiler (ni el 1er ni el \u00faltimo d\u00eda, los productos se pueden alquilar en otro lugar).<\/p>","protected":false},"featured_media":14309,"comment_status":"open","ping_status":"closed","template":"","meta":[],"product_brand":[],"product_cat":[87,90,98,100],"product_tag":[182,862],"class_list":{"0":"post-1335","1":"product","2":"type-product","3":"status-publish","4":"has-post-thumbnail","6":"product_cat-baby-kind","7":"product_cat-mieten","8":"product_cat-schlafen","9":"product_cat-sicherheit","10":"product_tag-babyphone","11":"product_tag-babyphone-mieten","13":"first","14":"instock","15":"taxable","16":"shipping-taxable","17":"purchasable","18":"product-type-simple"},"yoast_head":"<!-- This site is optimized with the Yoast SEO plugin v27.1.1 - https:\/\/yoast.com\/product\/yoast-seo-wordpress\/ -->\n<title>Mallorca Babyphone Mieten: Audio | RentalPanda.es<\/title>\n<meta name=\"description\" content=\"Entspannt im Urlaub Babyphone mieten: Du h\u00f6rst deine Kleinen auch auf Mallorca im Ferienzimmer. Jetzt g\u00fcnstig mieten und ins Feriendomizil liefern lassen.\" \/>\n<meta name=\"robots\" content=\"index, follow, max-snippet:-1, max-image-preview:large, max-video-preview:-1\" \/>\n<link rel=\"canonical\" href=\"https:\/\/rentalpanda.es\/es\/producto\/monitor-bebe-audio-alquilar-mallorca\/\" \/>\n<meta property=\"og:locale\" content=\"es_ES\" \/>\n<meta property=\"og:type\" content=\"article\" \/>\n<meta property=\"og:title\" content=\"Mallorca Babyphone Mieten: Audio | RentalPanda.es\" \/>\n<meta property=\"og:description\" content=\"Entspannt im Urlaub Babyphone mieten: Du h\u00f6rst deine Kleinen auch auf Mallorca im Ferienzimmer. Jetzt g\u00fcnstig mieten und ins Feriendomizil liefern lassen.\" \/>\n<meta property=\"og:url\" content=\"https:\/\/rentalpanda.es\/es\/producto\/monitor-bebe-audio-alquilar-mallorca\/\" \/>\n<meta property=\"og:site_name\" content=\"RentalPanda.es\" \/>\n<meta property=\"article:publisher\" content=\"https:\/\/www.facebook.com\/rentalpandamallorca\" \/>\n<meta property=\"article:modified_time\" content=\"2025-02-27T06:26:41+00:00\" \/>\n<meta property=\"og:image\" content=\"https:\/\/rentalpanda.es\/wp-content\/uploads\/2017\/01\/babyphone-mieten.png\" \/>\n\t<meta property=\"og:image:width\" content=\"427\" \/>\n\t<meta property=\"og:image:height\" content=\"480\" \/>\n\t<meta property=\"og:image:type\" content=\"image\/png\" \/>\n<meta name=\"twitter:card\" content=\"summary_large_image\" \/>\n<meta name=\"twitter:label1\" content=\"Tiempo de lectura\" \/>\n\t<meta name=\"twitter:data1\" content=\"2 minutos\" \/>\n<script type=\"application\/ld+json\" class=\"yoast-schema-graph\">{\"@context\":\"https:\/\/schema.org\",\"@graph\":[{\"@type\":\"WebPage\",\"@id\":\"https:\/\/rentalpanda.es\/produkt\/babyphone-audio\/\",\"url\":\"https:\/\/rentalpanda.es\/produkt\/babyphone-audio\/\",\"name\":\"Mallorca Babyphone Mieten: Audio | RentalPanda.es\",\"isPartOf\":{\"@id\":\"https:\/\/rentalpanda.es\/en\/#website\"},\"primaryImageOfPage\":{\"@id\":\"https:\/\/rentalpanda.es\/produkt\/babyphone-audio\/#primaryimage\"},\"image\":{\"@id\":\"https:\/\/rentalpanda.es\/produkt\/babyphone-audio\/#primaryimage\"},\"thumbnailUrl\":\"https:\/\/rentalpanda.es\/wp-content\/uploads\/2017\/01\/babyphone-mieten.png\",\"datePublished\":\"2017-01-31T09:44:52+00:00\",\"dateModified\":\"2025-02-27T06:26:41+00:00\",\"description\":\"Entspannt im Urlaub Babyphone mieten: Du h\u00f6rst deine Kleinen auch auf Mallorca im Ferienzimmer. Jetzt g\u00fcnstig mieten und ins Feriendomizil liefern lassen.\",\"breadcrumb\":{\"@id\":\"https:\/\/rentalpanda.es\/produkt\/babyphone-audio\/#breadcrumb\"},\"inLanguage\":\"es\",\"potentialAction\":[{\"@type\":\"ReadAction\",\"target\":[\"https:\/\/rentalpanda.es\/produkt\/babyphone-audio\/\"]}]},{\"@type\":\"ImageObject\",\"inLanguage\":\"es\",\"@id\":\"https:\/\/rentalpanda.es\/produkt\/babyphone-audio\/#primaryimage\",\"url\":\"https:\/\/rentalpanda.es\/wp-content\/uploads\/2017\/01\/babyphone-mieten.png\",\"contentUrl\":\"https:\/\/rentalpanda.es\/wp-content\/uploads\/2017\/01\/babyphone-mieten.png\",\"width\":427,\"height\":480,\"caption\":\"babyphone-mieten\"},{\"@type\":\"BreadcrumbList\",\"@id\":\"https:\/\/rentalpanda.es\/produkt\/babyphone-audio\/#breadcrumb\",\"itemListElement\":[{\"@type\":\"ListItem\",\"position\":1,\"name\":\"Startseite\",\"item\":\"https:\/\/rentalpanda.es\/\"},{\"@type\":\"ListItem\",\"position\":2,\"name\":\"Shop\",\"item\":\"https:\/\/rentalpanda.es\/shop\/\"},{\"@type\":\"ListItem\",\"position\":3,\"name\":\"Babyphone Mieten: Audio Sicherheit\"}]},{\"@type\":\"WebSite\",\"@id\":\"https:\/\/rentalpanda.es\/en\/#website\",\"url\":\"https:\/\/rentalpanda.es\/en\/\",\"name\":\"RentalPanda.es\",\"description\":\"Baby, Beach &amp; Holiday Gear for Rent\",\"publisher\":{\"@id\":\"https:\/\/rentalpanda.es\/en\/#organization\"},\"potentialAction\":[{\"@type\":\"SearchAction\",\"target\":{\"@type\":\"EntryPoint\",\"urlTemplate\":\"https:\/\/rentalpanda.es\/en\/?s={search_term_string}\"},\"query-input\":{\"@type\":\"PropertyValueSpecification\",\"valueRequired\":true,\"valueName\":\"search_term_string\"}}],\"inLanguage\":\"es\"},{\"@type\":\"Organization\",\"@id\":\"https:\/\/rentalpanda.es\/en\/#organization\",\"name\":\"Rentalpanda.es\",\"url\":\"https:\/\/rentalpanda.es\/en\/\",\"logo\":{\"@type\":\"ImageObject\",\"inLanguage\":\"es\",\"@id\":\"https:\/\/rentalpanda.es\/en\/#\/schema\/logo\/image\/\",\"url\":\"https:\/\/rentalpanda.es\/wp-content\/uploads\/2017\/02\/rentalpanda-logo-webseite-end.png\",\"contentUrl\":\"https:\/\/rentalpanda.es\/wp-content\/uploads\/2017\/02\/rentalpanda-logo-webseite-end.png\",\"width\":260,\"height\":71,\"caption\":\"Rentalpanda.es\"},\"image\":{\"@id\":\"https:\/\/rentalpanda.es\/en\/#\/schema\/logo\/image\/\"},\"sameAs\":[\"https:\/\/www.facebook.com\/rentalpandamallorca\"]}]}<\/script>\n<!-- \/ Yoast SEO plugin. -->","yoast_head_json":{"title":"Alquila un Monitor Beb\u00e9 en Mallorca | RentalPanda.es","description":"Alquila un vigilabeb\u00e9s en Mallorca y disfruta de tus vacaciones con total tranquilidad. Escucha a tu beb\u00e9 en el apartamento o el hotel, tambi\u00e9n durante la siesta.","robots":{"index":"index","follow":"follow","max-snippet":"max-snippet:-1","max-image-preview":"max-image-preview:large","max-video-preview":"max-video-preview:-1"},"canonical":"https:\/\/rentalpanda.es\/es\/producto\/monitor-bebe-audio-alquilar-mallorca\/","og_locale":"es_ES","og_type":"article","og_title":"Mallorca Babyphone Mieten: Audio | RentalPanda.es","og_description":"Entspannt im Urlaub Babyphone mieten: Du h\u00f6rst deine Kleinen auch auf Mallorca im Ferienzimmer. Jetzt g\u00fcnstig mieten und ins Feriendomizil liefern lassen.","og_url":"https:\/\/rentalpanda.es\/es\/producto\/monitor-bebe-audio-alquilar-mallorca\/","og_site_name":"RentalPanda.es","article_publisher":"https:\/\/www.facebook.com\/rentalpandamallorca","article_modified_time":"2025-02-27T06:26:41+00:00","og_image":[{"width":427,"height":480,"url":"https:\/\/rentalpanda.es\/wp-content\/uploads\/2017\/01\/babyphone-mieten.png","type":"image\/png"}],"twitter_card":"summary_large_image","twitter_misc":{"Tiempo de lectura":"2 minutos"},"schema":{"@context":"https:\/\/schema.org","@graph":[{"@type":"WebPage","@id":"https:\/\/rentalpanda.es\/produkt\/babyphone-audio\/","url":"https:\/\/rentalpanda.es\/produkt\/babyphone-audio\/","name":"Alquila un Monitor Beb\u00e9 en Mallorca | RentalPanda.es","isPartOf":{"@id":"https:\/\/rentalpanda.es\/en\/#website"},"primaryImageOfPage":{"@id":"https:\/\/rentalpanda.es\/produkt\/babyphone-audio\/#primaryimage"},"image":{"@id":"https:\/\/rentalpanda.es\/produkt\/babyphone-audio\/#primaryimage"},"thumbnailUrl":"https:\/\/rentalpanda.es\/wp-content\/uploads\/2017\/01\/babyphone-mieten.png","datePublished":"2017-01-31T09:44:52+00:00","dateModified":"2025-02-27T06:26:41+00:00","description":"Alquila un vigilabeb\u00e9s en Mallorca y disfruta de tus vacaciones con total tranquilidad. Escucha a tu beb\u00e9 en el apartamento o el hotel, tambi\u00e9n durante la siesta.","breadcrumb":{"@id":"https:\/\/rentalpanda.es\/produkt\/babyphone-audio\/#breadcrumb"},"inLanguage":"es","potentialAction":[{"@type":"ReadAction","target":["https:\/\/rentalpanda.es\/produkt\/babyphone-audio\/"]}]},{"@type":"ImageObject","inLanguage":"es","@id":"https:\/\/rentalpanda.es\/produkt\/babyphone-audio\/#primaryimage","url":"https:\/\/rentalpanda.es\/wp-content\/uploads\/2017\/01\/babyphone-mieten.png","contentUrl":"https:\/\/rentalpanda.es\/wp-content\/uploads\/2017\/01\/babyphone-mieten.png","width":427,"height":480,"caption":"babyphone-mieten"},{"@type":"BreadcrumbList","@id":"https:\/\/rentalpanda.es\/produkt\/babyphone-audio\/#breadcrumb","itemListElement":[{"@type":"ListItem","position":1,"name":"Startseite","item":"https:\/\/rentalpanda.es\/"},{"@type":"ListItem","position":2,"name":"Shop","item":"https:\/\/rentalpanda.es\/shop\/"},{"@type":"ListItem","position":3,"name":"Babyphone Mieten: Audio Sicherheit"}]},{"@type":"WebSite","@id":"https:\/\/rentalpanda.es\/en\/#website","url":"https:\/\/rentalpanda.es\/en\/","name":"RentalPanda.es","description":"Baby, Beach &amp; Holiday Gear for Rent","publisher":{"@id":"https:\/\/rentalpanda.es\/en\/#organization"},"potentialAction":[{"@type":"SearchAction","target":{"@type":"EntryPoint","urlTemplate":"https:\/\/rentalpanda.es\/en\/?s={search_term_string}"},"query-input":{"@type":"PropertyValueSpecification","valueRequired":true,"valueName":"search_term_string"}}],"inLanguage":"es"},{"@type":"Organization","@id":"https:\/\/rentalpanda.es\/en\/#organization","name":"Rentalpanda.es","url":"https:\/\/rentalpanda.es\/en\/","logo":{"@type":"ImageObject","inLanguage":"es","@id":"https:\/\/rentalpanda.es\/en\/#\/schema\/logo\/image\/","url":"https:\/\/rentalpanda.es\/wp-content\/uploads\/2017\/02\/rentalpanda-logo-webseite-end.png","contentUrl":"https:\/\/rentalpanda.es\/wp-content\/uploads\/2017\/02\/rentalpanda-logo-webseite-end.png","width":260,"height":71,"caption":"Rentalpanda.es"},"image":{"@id":"https:\/\/rentalpanda.es\/en\/#\/schema\/logo\/image\/"},"sameAs":["https:\/\/www.facebook.com\/rentalpandamallorca"]}]}},"_links":{"self":[{"href":"https:\/\/rentalpanda.es\/es\/wp-json\/wp\/v2\/product\/1335","targetHints":{"allow":["GET"]}}],"collection":[{"href":"https:\/\/rentalpanda.es\/es\/wp-json\/wp\/v2\/product"}],"about":[{"href":"https:\/\/rentalpanda.es\/es\/wp-json\/wp\/v2\/types\/product"}],"replies":[{"embeddable":true,"href":"https:\/\/rentalpanda.es\/es\/wp-json\/wp\/v2\/comments?post=1335"}],"wp:featuredmedia":[{"embeddable":true,"href":"https:\/\/rentalpanda.es\/es\/wp-json\/wp\/v2\/media\/14309"}],"wp:attachment":[{"href":"https:\/\/rentalpanda.es\/es\/wp-json\/wp\/v2\/media?parent=1335"}],"wp:term":[{"taxonomy":"product_brand","embeddable":true,"href":"https:\/\/rentalpanda.es\/es\/wp-json\/wp\/v2\/product_brand?post=1335"},{"taxonomy":"product_cat","embeddable":true,"href":"https:\/\/rentalpanda.es\/es\/wp-json\/wp\/v2\/product_cat?post=1335"},{"taxonomy":"product_tag","embeddable":true,"href":"https:\/\/rentalpanda.es\/es\/wp-json\/wp\/v2\/product_tag?post=1335"}],"curies":[{"name":"wp","href":"https:\/\/api.w.org\/{rel}","templated":true}]}}