{"id":13291,"date":"2023-07-06T04:48:10","date_gmt":"2023-07-06T04:48:10","guid":{"rendered":"https:\/\/rentalpanda.es\/?post_type=product&#038;p=13291"},"modified":"2026-03-04T02:28:17","modified_gmt":"2026-03-04T02:28:17","slug":"parque-juegos-ninos-pequenos","status":"publish","type":"product","link":"https:\/\/rentalpanda.es\/es\/produkt\/laufstall-baby\/","title":{"rendered":"Parque de Juegos para Ni\u00f1os peque\u00f1os"},"content":{"rendered":"<h2><strong>Parque de juegos para ni\u00f1os peque\u00f1os: \u00a1Diversi\u00f3n interminable!<\/strong><\/h2>\n<p>El parque de juegos para ni\u00f1os peque\u00f1os de UBaby es s\u00faper genial e incre\u00edblemente pr\u00e1ctico para tus peque\u00f1os en Mallorca. Estar\u00e1n seguros y protegidos en esta \u00e1rea de juegos, mientras los padres pod\u00e9is descansar y hacer otras actividades. <strong>Es un parque de juegos plegable de alta calidad y seguro<\/strong>que cumple con las normas EN 71, hecho de materiales no t\u00f3xicos y respetuosos con el medio ambiente, y sometido a rigurosas pruebas de seguridad.<\/p>\n<h2>UBaby Destaca por la Mejor Calidad en Parques de Juegos para Ni\u00f1os Peque\u00f1os<\/h2>\n<p>Y aqu\u00ed est\u00e1 la mejor parte: puedes crear diferentes configuraciones de juego con este parque de juegos. Deja que fluya tu creatividad y dale forma a c\u00edrculos, rect\u00e1ngulos o incluso hex\u00e1gonos. Es lo suficientemente espacioso, con medidas de 150x150 cm, y las paredes tienen una altura aproximada de 63 cm. <strong>\u00a1Mucho espacio para jugar,<\/strong>descansar y apoyarse en las paredes! Para mantenerlo en su lugar, el parque de juegos viene con una pr\u00e1ctica base de goma para evitar que sea empujado o tirado por peque\u00f1os exploradores en\u00e9rgicos.<\/p>\n<h3>Beneficios del Parque de Juegos para Ni\u00f1os Peque\u00f1os<\/h3>\n<ul>\n<li>Materiales de calidad, seguros para los beb\u00e9s<\/li>\n<li>Construcci\u00f3n resistente sin deslizamiento<\/li>\n<li>Esquema de colores atractivo<\/li>\n<li>Sin posibilidad de escape para tu peque\u00f1o aventurero<\/li>\n<\/ul>\n<h3>Parque de Juegos para Ni\u00f1os Peque\u00f1os: Detalles T\u00e9cnicos<\/h3>\n<p>Dimensiones del producto AxA: 150x150 cm<br \/>\nMateriales: Inodoro y no t\u00f3xico<\/p>\n<p>\u00a1Alquila un parque de juegos para beb\u00e9s y ni\u00f1os peque\u00f1os y permite que tus peque\u00f1os se diviertan en una \"Zona para Ni\u00f1os\" segura en Mallorca!<\/p>","protected":false},"excerpt":{"rendered":"<p lang=\"de-DE\">El vers\u00e1til <strong>parque de juegos para beb\u00e9s<\/strong> y ni\u00f1os peque\u00f1os: un fant\u00e1stico centro de actividades para ni\u00f1os hecho de pl\u00e1stico seguro para beb\u00e9s en colores vibrantes (150x150 cm).<\/p>","protected":false},"featured_media":22908,"comment_status":"open","ping_status":"closed","template":"","meta":[],"product_brand":[],"product_cat":[87,90,97],"product_tag":[159,865],"class_list":{"0":"post-13291","1":"product","2":"type-product","3":"status-publish","4":"has-post-thumbnail","6":"product_cat-baby-kind","7":"product_cat-mieten","8":"product_cat-spielen","9":"product_tag-laufstall","10":"product_tag-laufstall-mieten","12":"first","13":"instock","14":"taxable","15":"shipping-taxable","16":"purchasable","17":"product-type-simple"},"yoast_head":"<!-- This site is optimized with the Yoast SEO plugin v27.1.1 - https:\/\/yoast.com\/product\/yoast-seo-wordpress\/ -->\n<title>Laufstall Baby von UBaby | RentalPanda.es<\/title>\n<meta name=\"description\" content=\"Miete dir einen sicheren Baby Laufstall auf Mallorca: Ein spannendes Aktiv-Center aus hautfreundlichem Kunststoff. Spielspa\u00df pur f\u00fcr dein Baby (150x150cm)!\" \/>\n<meta name=\"robots\" content=\"index, follow, max-snippet:-1, max-image-preview:large, max-video-preview:-1\" \/>\n<link rel=\"canonical\" href=\"https:\/\/rentalpanda.es\/es\/producto\/parque-juegos-ninos-pequenos\/\" \/>\n<meta property=\"og:locale\" content=\"es_ES\" \/>\n<meta property=\"og:type\" content=\"article\" \/>\n<meta property=\"og:title\" content=\"Laufstall Baby von UBaby | RentalPanda.es\" \/>\n<meta property=\"og:description\" content=\"Miete dir einen sicheren Baby Laufstall auf Mallorca: Ein spannendes Aktiv-Center aus hautfreundlichem Kunststoff. Spielspa\u00df pur f\u00fcr dein Baby (150x150cm)!\" \/>\n<meta property=\"og:url\" content=\"https:\/\/rentalpanda.es\/es\/producto\/parque-juegos-ninos-pequenos\/\" \/>\n<meta property=\"og:site_name\" content=\"RentalPanda.es\" \/>\n<meta property=\"article:publisher\" content=\"https:\/\/www.facebook.com\/rentalpandamallorca\" \/>\n<meta property=\"article:modified_time\" content=\"2026-03-04T02:28:17+00:00\" \/>\n<meta property=\"og:image\" content=\"https:\/\/rentalpanda.es\/wp-content\/uploads\/2023\/07\/laufstall-mieten-mallorca-2.png\" \/>\n\t<meta property=\"og:image:width\" content=\"427\" \/>\n\t<meta property=\"og:image:height\" content=\"480\" \/>\n\t<meta property=\"og:image:type\" content=\"image\/png\" \/>\n<meta name=\"twitter:card\" content=\"summary_large_image\" \/>\n<meta name=\"twitter:label1\" content=\"Tiempo de lectura\" \/>\n\t<meta name=\"twitter:data1\" content=\"1 minuto\" \/>\n<script type=\"application\/ld+json\" class=\"yoast-schema-graph\">{\"@context\":\"https:\/\/schema.org\",\"@graph\":[{\"@type\":\"WebPage\",\"@id\":\"https:\/\/rentalpanda.es\/produkt\/laufstall-baby\/\",\"url\":\"https:\/\/rentalpanda.es\/produkt\/laufstall-baby\/\",\"name\":\"Laufstall Baby von UBaby | RentalPanda.es\",\"isPartOf\":{\"@id\":\"https:\/\/rentalpanda.es\/en\/#website\"},\"primaryImageOfPage\":{\"@id\":\"https:\/\/rentalpanda.es\/produkt\/laufstall-baby\/#primaryimage\"},\"image\":{\"@id\":\"https:\/\/rentalpanda.es\/produkt\/laufstall-baby\/#primaryimage\"},\"thumbnailUrl\":\"https:\/\/rentalpanda.es\/wp-content\/uploads\/2023\/07\/laufstall-mieten-mallorca-2.png\",\"datePublished\":\"2023-07-06T04:48:10+00:00\",\"dateModified\":\"2026-03-04T02:28:17+00:00\",\"description\":\"Miete dir einen sicheren Baby Laufstall auf Mallorca: Ein spannendes Aktiv-Center aus hautfreundlichem Kunststoff. Spielspa\u00df pur f\u00fcr dein Baby (150x150cm)!\",\"breadcrumb\":{\"@id\":\"https:\/\/rentalpanda.es\/produkt\/laufstall-baby\/#breadcrumb\"},\"inLanguage\":\"es\",\"potentialAction\":[{\"@type\":\"ReadAction\",\"target\":[\"https:\/\/rentalpanda.es\/produkt\/laufstall-baby\/\"]}]},{\"@type\":\"ImageObject\",\"inLanguage\":\"es\",\"@id\":\"https:\/\/rentalpanda.es\/produkt\/laufstall-baby\/#primaryimage\",\"url\":\"https:\/\/rentalpanda.es\/wp-content\/uploads\/2023\/07\/laufstall-mieten-mallorca-2.png\",\"contentUrl\":\"https:\/\/rentalpanda.es\/wp-content\/uploads\/2023\/07\/laufstall-mieten-mallorca-2.png\",\"width\":427,\"height\":480,\"caption\":\"laufstall-mieten-mallorca\"},{\"@type\":\"BreadcrumbList\",\"@id\":\"https:\/\/rentalpanda.es\/produkt\/laufstall-baby\/#breadcrumb\",\"itemListElement\":[{\"@type\":\"ListItem\",\"position\":1,\"name\":\"Startseite\",\"item\":\"https:\/\/rentalpanda.es\/\"},{\"@type\":\"ListItem\",\"position\":2,\"name\":\"Shop\",\"item\":\"https:\/\/rentalpanda.es\/shop\/\"},{\"@type\":\"ListItem\",\"position\":3,\"name\":\"Laufstall Baby von UBaby\"}]},{\"@type\":\"WebSite\",\"@id\":\"https:\/\/rentalpanda.es\/en\/#website\",\"url\":\"https:\/\/rentalpanda.es\/en\/\",\"name\":\"RentalPanda.es\",\"description\":\"Baby, Beach &amp; Holiday Gear for Rent\",\"publisher\":{\"@id\":\"https:\/\/rentalpanda.es\/en\/#organization\"},\"potentialAction\":[{\"@type\":\"SearchAction\",\"target\":{\"@type\":\"EntryPoint\",\"urlTemplate\":\"https:\/\/rentalpanda.es\/en\/?s={search_term_string}\"},\"query-input\":{\"@type\":\"PropertyValueSpecification\",\"valueRequired\":true,\"valueName\":\"search_term_string\"}}],\"inLanguage\":\"es\"},{\"@type\":\"Organization\",\"@id\":\"https:\/\/rentalpanda.es\/en\/#organization\",\"name\":\"Rentalpanda.es\",\"url\":\"https:\/\/rentalpanda.es\/en\/\",\"logo\":{\"@type\":\"ImageObject\",\"inLanguage\":\"es\",\"@id\":\"https:\/\/rentalpanda.es\/en\/#\/schema\/logo\/image\/\",\"url\":\"https:\/\/rentalpanda.es\/wp-content\/uploads\/2017\/02\/rentalpanda-logo-webseite-end.png\",\"contentUrl\":\"https:\/\/rentalpanda.es\/wp-content\/uploads\/2017\/02\/rentalpanda-logo-webseite-end.png\",\"width\":260,\"height\":71,\"caption\":\"Rentalpanda.es\"},\"image\":{\"@id\":\"https:\/\/rentalpanda.es\/en\/#\/schema\/logo\/image\/\"},\"sameAs\":[\"https:\/\/www.facebook.com\/rentalpandamallorca\"]}]}<\/script>\n<!-- \/ Yoast SEO plugin. -->","yoast_head_json":{"title":"Parque de Juegos para Ni\u00f1os peque\u00f1os | RentalPanda.es","description":"Alquila un corralito seguro para beb\u00e9s en Mallorca: Un centro de actividades emocionante hecho de pl\u00e1stico respetuoso con la piel. \u00a1Diversi\u00f3n pura para tu beb\u00e9 (150x150cm)!","robots":{"index":"index","follow":"follow","max-snippet":"max-snippet:-1","max-image-preview":"max-image-preview:large","max-video-preview":"max-video-preview:-1"},"canonical":"https:\/\/rentalpanda.es\/es\/producto\/parque-juegos-ninos-pequenos\/","og_locale":"es_ES","og_type":"article","og_title":"Laufstall Baby von UBaby | RentalPanda.es","og_description":"Miete dir einen sicheren Baby Laufstall auf Mallorca: Ein spannendes Aktiv-Center aus hautfreundlichem Kunststoff. Spielspa\u00df pur f\u00fcr dein Baby (150x150cm)!","og_url":"https:\/\/rentalpanda.es\/es\/producto\/parque-juegos-ninos-pequenos\/","og_site_name":"RentalPanda.es","article_publisher":"https:\/\/www.facebook.com\/rentalpandamallorca","article_modified_time":"2026-03-04T02:28:17+00:00","og_image":[{"width":427,"height":480,"url":"https:\/\/rentalpanda.es\/wp-content\/uploads\/2023\/07\/laufstall-mieten-mallorca-2.png","type":"image\/png"}],"twitter_card":"summary_large_image","twitter_misc":{"Tiempo de lectura":"1 minuto"},"schema":{"@context":"https:\/\/schema.org","@graph":[{"@type":"WebPage","@id":"https:\/\/rentalpanda.es\/produkt\/laufstall-baby\/","url":"https:\/\/rentalpanda.es\/produkt\/laufstall-baby\/","name":"Parque de Juegos para Ni\u00f1os peque\u00f1os | RentalPanda.es","isPartOf":{"@id":"https:\/\/rentalpanda.es\/en\/#website"},"primaryImageOfPage":{"@id":"https:\/\/rentalpanda.es\/produkt\/laufstall-baby\/#primaryimage"},"image":{"@id":"https:\/\/rentalpanda.es\/produkt\/laufstall-baby\/#primaryimage"},"thumbnailUrl":"https:\/\/rentalpanda.es\/wp-content\/uploads\/2023\/07\/laufstall-mieten-mallorca-2.png","datePublished":"2023-07-06T04:48:10+00:00","dateModified":"2026-03-04T02:28:17+00:00","description":"Alquila un corralito seguro para beb\u00e9s en Mallorca: Un centro de actividades emocionante hecho de pl\u00e1stico respetuoso con la piel. \u00a1Diversi\u00f3n pura para tu beb\u00e9 (150x150cm)!","breadcrumb":{"@id":"https:\/\/rentalpanda.es\/produkt\/laufstall-baby\/#breadcrumb"},"inLanguage":"es","potentialAction":[{"@type":"ReadAction","target":["https:\/\/rentalpanda.es\/produkt\/laufstall-baby\/"]}]},{"@type":"ImageObject","inLanguage":"es","@id":"https:\/\/rentalpanda.es\/produkt\/laufstall-baby\/#primaryimage","url":"https:\/\/rentalpanda.es\/wp-content\/uploads\/2023\/07\/laufstall-mieten-mallorca-2.png","contentUrl":"https:\/\/rentalpanda.es\/wp-content\/uploads\/2023\/07\/laufstall-mieten-mallorca-2.png","width":427,"height":480,"caption":"laufstall-mieten-mallorca"},{"@type":"BreadcrumbList","@id":"https:\/\/rentalpanda.es\/produkt\/laufstall-baby\/#breadcrumb","itemListElement":[{"@type":"ListItem","position":1,"name":"Startseite","item":"https:\/\/rentalpanda.es\/"},{"@type":"ListItem","position":2,"name":"Shop","item":"https:\/\/rentalpanda.es\/shop\/"},{"@type":"ListItem","position":3,"name":"Laufstall Baby von UBaby"}]},{"@type":"WebSite","@id":"https:\/\/rentalpanda.es\/en\/#website","url":"https:\/\/rentalpanda.es\/en\/","name":"RentalPanda.es","description":"Baby, Beach &amp; Holiday Gear for Rent","publisher":{"@id":"https:\/\/rentalpanda.es\/en\/#organization"},"potentialAction":[{"@type":"SearchAction","target":{"@type":"EntryPoint","urlTemplate":"https:\/\/rentalpanda.es\/en\/?s={search_term_string}"},"query-input":{"@type":"PropertyValueSpecification","valueRequired":true,"valueName":"search_term_string"}}],"inLanguage":"es"},{"@type":"Organization","@id":"https:\/\/rentalpanda.es\/en\/#organization","name":"Rentalpanda.es","url":"https:\/\/rentalpanda.es\/en\/","logo":{"@type":"ImageObject","inLanguage":"es","@id":"https:\/\/rentalpanda.es\/en\/#\/schema\/logo\/image\/","url":"https:\/\/rentalpanda.es\/wp-content\/uploads\/2017\/02\/rentalpanda-logo-webseite-end.png","contentUrl":"https:\/\/rentalpanda.es\/wp-content\/uploads\/2017\/02\/rentalpanda-logo-webseite-end.png","width":260,"height":71,"caption":"Rentalpanda.es"},"image":{"@id":"https:\/\/rentalpanda.es\/en\/#\/schema\/logo\/image\/"},"sameAs":["https:\/\/www.facebook.com\/rentalpandamallorca"]}]}},"_links":{"self":[{"href":"https:\/\/rentalpanda.es\/es\/wp-json\/wp\/v2\/product\/13291","targetHints":{"allow":["GET"]}}],"collection":[{"href":"https:\/\/rentalpanda.es\/es\/wp-json\/wp\/v2\/product"}],"about":[{"href":"https:\/\/rentalpanda.es\/es\/wp-json\/wp\/v2\/types\/product"}],"replies":[{"embeddable":true,"href":"https:\/\/rentalpanda.es\/es\/wp-json\/wp\/v2\/comments?post=13291"}],"wp:featuredmedia":[{"embeddable":true,"href":"https:\/\/rentalpanda.es\/es\/wp-json\/wp\/v2\/media\/22908"}],"wp:attachment":[{"href":"https:\/\/rentalpanda.es\/es\/wp-json\/wp\/v2\/media?parent=13291"}],"wp:term":[{"taxonomy":"product_brand","embeddable":true,"href":"https:\/\/rentalpanda.es\/es\/wp-json\/wp\/v2\/product_brand?post=13291"},{"taxonomy":"product_cat","embeddable":true,"href":"https:\/\/rentalpanda.es\/es\/wp-json\/wp\/v2\/product_cat?post=13291"},{"taxonomy":"product_tag","embeddable":true,"href":"https:\/\/rentalpanda.es\/es\/wp-json\/wp\/v2\/product_tag?post=13291"}],"curies":[{"name":"wp","href":"https:\/\/api.w.org\/{rel}","templated":true}]}}