{"id":13208,"date":"2023-07-02T03:17:11","date_gmt":"2023-07-02T03:17:11","guid":{"rendered":"https:\/\/rentalpanda.es\/?post_type=product&#038;p=13208"},"modified":"2026-03-26T03:53:49","modified_gmt":"2026-03-26T02:53:49","slug":"carrito-playa-toldo","status":"publish","type":"product","link":"https:\/\/rentalpanda.es\/es\/produkt\/kesser-bollerwagen\/","title":{"rendered":"Carro de Playa con Toldo"},"content":{"rendered":"<h2><strong>Con Toldo: El Carro de Playa Perfecto<\/strong><\/h2>\n<p>\u00a1Disfruta al m\u00e1ximo del sol mallorqu\u00edn con este carro de playa! El carro Kesser, con su toldo protector y m\u00faltiples bolsillos de almacenamiento, es s\u00faper f\u00e1cil de manejar. Incluye dos asas para tirar o empujar, ruedas giratorias de 360\u00b0 y frenos. Este carro de alta calidad se monta, pliega y guarda en su bolsa de transporte en solo unos pocos pasos.<\/p>\n<h2>Carro de Playa Cubierto<\/h2>\n<p>\u00a1Ideal para vacaciones en la playa, excursiones largas, caminatas o paseos por el encantador casco antiguo de Palma! Este carro ofrece un mont\u00f3n de espacio para tus cosas de playa, comida, bebidas y, por supuesto, \u00a1para los m\u00e1s peque\u00f1os! Disfruta de la m\u00e1xima flexibilidad: las asas son ajustables y basculantes, y las ruedas delanteras giran 360\u00b0.<\/p>\n<h3>Ventajas del Carro de Playa Plegable<\/h3>\n<ul>\n<li>Asas regulables en altura para tirar o empujar con comodidad.<\/li>\n<li>Protecci\u00f3n contra rayos UV y lluvia.<\/li>\n<li>Estructura de marco extremadamente resistente.<\/li>\n<\/ul>\n<h3>Detalles T\u00e9cnicos del Carro de Playa<\/h3>\n<p>Dimensiones (Alto x Ancho x Profundidad): 94 x 52 x 108 cm<br \/>\nPeso: 12,5 kg<br \/>\nCapacidad m\u00e1xima: 80 kg<br \/>\nRuedas de goma s\u00f3lida: 4 unidades<\/p>\n<p>Alquila el carro de playa: Perfecto para llevar tu equipo de playa, salir de excursi\u00f3n o transportar a los ni\u00f1os, con un toldo que protege contra los rayos UV. \u00a1Tu compa\u00f1ero ideal para un d\u00eda inolvidable en Mallorca!<\/p>","protected":false},"excerpt":{"rendered":"<p>\u00a1Descubre este <strong>Carro de Playa de Kesser<\/strong> s\u00faper pr\u00e1ctico! Viene con una capota protectora para resguardar a los ni\u00f1os del sol o la lluvia, se pliega f\u00e1cilmente para que lo lleves a cualquier parte sin complicaciones, cuenta con ruedas de goma resistentes y puede soportar hasta 80 kg. Ideal para disfrutar de un d\u00eda en la playa en Mallorca con total comodidad.<\/p>\n<p>TENGA EN CUENTA: D\u00eda de llegada + d\u00eda de salida = 2 d\u00edas completos de alquiler (ni el 1er ni el \u00faltimo d\u00eda, los productos se pueden alquilar en otro lugar).<\/p>","protected":false},"featured_media":13333,"comment_status":"open","ping_status":"closed","template":"","meta":[],"product_brand":[],"product_cat":[1276,87,90,88],"product_tag":[216,846,217],"class_list":{"0":"post-13208","1":"product","2":"type-product","3":"status-publish","4":"has-post-thumbnail","6":"product_cat-abenteuer","7":"product_cat-baby-kind","8":"product_cat-mieten","9":"product_cat-strand","10":"product_tag-bollerwagen","11":"product_tag-strand-bollerwagen","12":"product_tag-strandwagen","14":"first","15":"instock","16":"taxable","17":"shipping-taxable","18":"purchasable","19":"product-type-simple"},"yoast_head":"<!-- This site is optimized with the Yoast SEO plugin v27.1.1 - https:\/\/yoast.com\/product\/yoast-seo-wordpress\/ -->\n<title>Kesser Bollerwagen mit Dach | RentalPanda.es<\/title>\n<meta name=\"description\" content=\"Miete den Kesser Bollerwagen mit Dach f\u00fcr Strand, Ausfl\u00fcge und Kinder-Transport: Viel Platz, mit UV-Schutz, h\u00f6henverstellbaren Griffen und Vollgummireifen.\" \/>\n<meta name=\"robots\" content=\"index, follow, max-snippet:-1, max-image-preview:large, max-video-preview:-1\" \/>\n<link rel=\"canonical\" href=\"https:\/\/rentalpanda.es\/es\/producto\/carrito-playa-toldo\/\" \/>\n<meta property=\"og:locale\" content=\"es_ES\" \/>\n<meta property=\"og:type\" content=\"article\" \/>\n<meta property=\"og:title\" content=\"Kesser Bollerwagen mit Dach | RentalPanda.es\" \/>\n<meta property=\"og:description\" content=\"Miete den Kesser Bollerwagen mit Dach f\u00fcr Strand, Ausfl\u00fcge und Kinder-Transport: Viel Platz, mit UV-Schutz, h\u00f6henverstellbaren Griffen und Vollgummireifen.\" \/>\n<meta property=\"og:url\" content=\"https:\/\/rentalpanda.es\/es\/producto\/carrito-playa-toldo\/\" \/>\n<meta property=\"og:site_name\" content=\"RentalPanda.es\" \/>\n<meta property=\"article:publisher\" content=\"https:\/\/www.facebook.com\/rentalpandamallorca\" \/>\n<meta property=\"article:modified_time\" content=\"2026-03-26T02:53:49+00:00\" \/>\n<meta property=\"og:image\" content=\"https:\/\/rentalpanda.es\/wp-content\/uploads\/2023\/07\/kesser-bollerwagen-mieten.png\" \/>\n\t<meta property=\"og:image:width\" content=\"428\" \/>\n\t<meta property=\"og:image:height\" content=\"480\" \/>\n\t<meta property=\"og:image:type\" content=\"image\/png\" \/>\n<meta name=\"twitter:card\" content=\"summary_large_image\" \/>\n<meta name=\"twitter:label1\" content=\"Tiempo de lectura\" \/>\n\t<meta name=\"twitter:data1\" content=\"1 minuto\" \/>\n<script type=\"application\/ld+json\" class=\"yoast-schema-graph\">{\"@context\":\"https:\/\/schema.org\",\"@graph\":[{\"@type\":\"WebPage\",\"@id\":\"https:\/\/rentalpanda.es\/produkt\/kesser-bollerwagen\/\",\"url\":\"https:\/\/rentalpanda.es\/produkt\/kesser-bollerwagen\/\",\"name\":\"Kesser Bollerwagen mit Dach | RentalPanda.es\",\"isPartOf\":{\"@id\":\"https:\/\/rentalpanda.es\/en\/#website\"},\"primaryImageOfPage\":{\"@id\":\"https:\/\/rentalpanda.es\/produkt\/kesser-bollerwagen\/#primaryimage\"},\"image\":{\"@id\":\"https:\/\/rentalpanda.es\/produkt\/kesser-bollerwagen\/#primaryimage\"},\"thumbnailUrl\":\"https:\/\/rentalpanda.es\/wp-content\/uploads\/2023\/07\/kesser-bollerwagen-mieten.png\",\"datePublished\":\"2023-07-02T03:17:11+00:00\",\"dateModified\":\"2026-03-26T02:53:49+00:00\",\"description\":\"Miete den Kesser Bollerwagen mit Dach f\u00fcr Strand, Ausfl\u00fcge und Kinder-Transport: Viel Platz, mit UV-Schutz, h\u00f6henverstellbaren Griffen und Vollgummireifen.\",\"breadcrumb\":{\"@id\":\"https:\/\/rentalpanda.es\/produkt\/kesser-bollerwagen\/#breadcrumb\"},\"inLanguage\":\"es\",\"potentialAction\":[{\"@type\":\"ReadAction\",\"target\":[\"https:\/\/rentalpanda.es\/produkt\/kesser-bollerwagen\/\"]}]},{\"@type\":\"ImageObject\",\"inLanguage\":\"es\",\"@id\":\"https:\/\/rentalpanda.es\/produkt\/kesser-bollerwagen\/#primaryimage\",\"url\":\"https:\/\/rentalpanda.es\/wp-content\/uploads\/2023\/07\/kesser-bollerwagen-mieten.png\",\"contentUrl\":\"https:\/\/rentalpanda.es\/wp-content\/uploads\/2023\/07\/kesser-bollerwagen-mieten.png\",\"width\":428,\"height\":480,\"caption\":\"kesser-bollerwagen-mieten\"},{\"@type\":\"BreadcrumbList\",\"@id\":\"https:\/\/rentalpanda.es\/produkt\/kesser-bollerwagen\/#breadcrumb\",\"itemListElement\":[{\"@type\":\"ListItem\",\"position\":1,\"name\":\"Startseite\",\"item\":\"https:\/\/rentalpanda.es\/\"},{\"@type\":\"ListItem\",\"position\":2,\"name\":\"Shop\",\"item\":\"https:\/\/rentalpanda.es\/shop\/\"},{\"@type\":\"ListItem\",\"position\":3,\"name\":\"Kesser Bollerwagen mit Dach\"}]},{\"@type\":\"WebSite\",\"@id\":\"https:\/\/rentalpanda.es\/en\/#website\",\"url\":\"https:\/\/rentalpanda.es\/en\/\",\"name\":\"RentalPanda.es\",\"description\":\"Baby, Beach &amp; Holiday Gear for Rent\",\"publisher\":{\"@id\":\"https:\/\/rentalpanda.es\/en\/#organization\"},\"potentialAction\":[{\"@type\":\"SearchAction\",\"target\":{\"@type\":\"EntryPoint\",\"urlTemplate\":\"https:\/\/rentalpanda.es\/en\/?s={search_term_string}\"},\"query-input\":{\"@type\":\"PropertyValueSpecification\",\"valueRequired\":true,\"valueName\":\"search_term_string\"}}],\"inLanguage\":\"es\"},{\"@type\":\"Organization\",\"@id\":\"https:\/\/rentalpanda.es\/en\/#organization\",\"name\":\"Rentalpanda.es\",\"url\":\"https:\/\/rentalpanda.es\/en\/\",\"logo\":{\"@type\":\"ImageObject\",\"inLanguage\":\"es\",\"@id\":\"https:\/\/rentalpanda.es\/en\/#\/schema\/logo\/image\/\",\"url\":\"https:\/\/rentalpanda.es\/wp-content\/uploads\/2017\/02\/rentalpanda-logo-webseite-end.png\",\"contentUrl\":\"https:\/\/rentalpanda.es\/wp-content\/uploads\/2017\/02\/rentalpanda-logo-webseite-end.png\",\"width\":260,\"height\":71,\"caption\":\"Rentalpanda.es\"},\"image\":{\"@id\":\"https:\/\/rentalpanda.es\/en\/#\/schema\/logo\/image\/\"},\"sameAs\":[\"https:\/\/www.facebook.com\/rentalpandamallorca\"]}]}<\/script>\n<!-- \/ Yoast SEO plugin. -->","yoast_head_json":{"title":"Carrito de Playa con Toldo en Mallorca | RentalPanda.es","description":"Alquila el carrito Kesser con techo para playa, excursiones y transporte de ni\u00f1os en Mallorca: Espacioso, con protecci\u00f3n UV, manijas ajustables en altura y neum\u00e1ticos de goma maciza.","robots":{"index":"index","follow":"follow","max-snippet":"max-snippet:-1","max-image-preview":"max-image-preview:large","max-video-preview":"max-video-preview:-1"},"canonical":"https:\/\/rentalpanda.es\/es\/producto\/carrito-playa-toldo\/","og_locale":"es_ES","og_type":"article","og_title":"Kesser Bollerwagen mit Dach | RentalPanda.es","og_description":"Miete den Kesser Bollerwagen mit Dach f\u00fcr Strand, Ausfl\u00fcge und Kinder-Transport: Viel Platz, mit UV-Schutz, h\u00f6henverstellbaren Griffen und Vollgummireifen.","og_url":"https:\/\/rentalpanda.es\/es\/producto\/carrito-playa-toldo\/","og_site_name":"RentalPanda.es","article_publisher":"https:\/\/www.facebook.com\/rentalpandamallorca","article_modified_time":"2026-03-26T02:53:49+00:00","og_image":[{"width":428,"height":480,"url":"https:\/\/rentalpanda.es\/wp-content\/uploads\/2023\/07\/kesser-bollerwagen-mieten.png","type":"image\/png"}],"twitter_card":"summary_large_image","twitter_misc":{"Tiempo de lectura":"1 minuto"},"schema":{"@context":"https:\/\/schema.org","@graph":[{"@type":"WebPage","@id":"https:\/\/rentalpanda.es\/produkt\/kesser-bollerwagen\/","url":"https:\/\/rentalpanda.es\/produkt\/kesser-bollerwagen\/","name":"Carrito de Playa con Toldo en Mallorca | RentalPanda.es","isPartOf":{"@id":"https:\/\/rentalpanda.es\/en\/#website"},"primaryImageOfPage":{"@id":"https:\/\/rentalpanda.es\/produkt\/kesser-bollerwagen\/#primaryimage"},"image":{"@id":"https:\/\/rentalpanda.es\/produkt\/kesser-bollerwagen\/#primaryimage"},"thumbnailUrl":"https:\/\/rentalpanda.es\/wp-content\/uploads\/2023\/07\/kesser-bollerwagen-mieten.png","datePublished":"2023-07-02T03:17:11+00:00","dateModified":"2026-03-26T02:53:49+00:00","description":"Alquila el carrito Kesser con techo para playa, excursiones y transporte de ni\u00f1os en Mallorca: Espacioso, con protecci\u00f3n UV, manijas ajustables en altura y neum\u00e1ticos de goma maciza.","breadcrumb":{"@id":"https:\/\/rentalpanda.es\/produkt\/kesser-bollerwagen\/#breadcrumb"},"inLanguage":"es","potentialAction":[{"@type":"ReadAction","target":["https:\/\/rentalpanda.es\/produkt\/kesser-bollerwagen\/"]}]},{"@type":"ImageObject","inLanguage":"es","@id":"https:\/\/rentalpanda.es\/produkt\/kesser-bollerwagen\/#primaryimage","url":"https:\/\/rentalpanda.es\/wp-content\/uploads\/2023\/07\/kesser-bollerwagen-mieten.png","contentUrl":"https:\/\/rentalpanda.es\/wp-content\/uploads\/2023\/07\/kesser-bollerwagen-mieten.png","width":428,"height":480,"caption":"kesser-bollerwagen-mieten"},{"@type":"BreadcrumbList","@id":"https:\/\/rentalpanda.es\/produkt\/kesser-bollerwagen\/#breadcrumb","itemListElement":[{"@type":"ListItem","position":1,"name":"Startseite","item":"https:\/\/rentalpanda.es\/"},{"@type":"ListItem","position":2,"name":"Shop","item":"https:\/\/rentalpanda.es\/shop\/"},{"@type":"ListItem","position":3,"name":"Kesser Bollerwagen mit Dach"}]},{"@type":"WebSite","@id":"https:\/\/rentalpanda.es\/en\/#website","url":"https:\/\/rentalpanda.es\/en\/","name":"RentalPanda.es","description":"Baby, Beach &amp; Holiday Gear for Rent","publisher":{"@id":"https:\/\/rentalpanda.es\/en\/#organization"},"potentialAction":[{"@type":"SearchAction","target":{"@type":"EntryPoint","urlTemplate":"https:\/\/rentalpanda.es\/en\/?s={search_term_string}"},"query-input":{"@type":"PropertyValueSpecification","valueRequired":true,"valueName":"search_term_string"}}],"inLanguage":"es"},{"@type":"Organization","@id":"https:\/\/rentalpanda.es\/en\/#organization","name":"Rentalpanda.es","url":"https:\/\/rentalpanda.es\/en\/","logo":{"@type":"ImageObject","inLanguage":"es","@id":"https:\/\/rentalpanda.es\/en\/#\/schema\/logo\/image\/","url":"https:\/\/rentalpanda.es\/wp-content\/uploads\/2017\/02\/rentalpanda-logo-webseite-end.png","contentUrl":"https:\/\/rentalpanda.es\/wp-content\/uploads\/2017\/02\/rentalpanda-logo-webseite-end.png","width":260,"height":71,"caption":"Rentalpanda.es"},"image":{"@id":"https:\/\/rentalpanda.es\/en\/#\/schema\/logo\/image\/"},"sameAs":["https:\/\/www.facebook.com\/rentalpandamallorca"]}]}},"_links":{"self":[{"href":"https:\/\/rentalpanda.es\/es\/wp-json\/wp\/v2\/product\/13208","targetHints":{"allow":["GET"]}}],"collection":[{"href":"https:\/\/rentalpanda.es\/es\/wp-json\/wp\/v2\/product"}],"about":[{"href":"https:\/\/rentalpanda.es\/es\/wp-json\/wp\/v2\/types\/product"}],"replies":[{"embeddable":true,"href":"https:\/\/rentalpanda.es\/es\/wp-json\/wp\/v2\/comments?post=13208"}],"wp:featuredmedia":[{"embeddable":true,"href":"https:\/\/rentalpanda.es\/es\/wp-json\/wp\/v2\/media\/13333"}],"wp:attachment":[{"href":"https:\/\/rentalpanda.es\/es\/wp-json\/wp\/v2\/media?parent=13208"}],"wp:term":[{"taxonomy":"product_brand","embeddable":true,"href":"https:\/\/rentalpanda.es\/es\/wp-json\/wp\/v2\/product_brand?post=13208"},{"taxonomy":"product_cat","embeddable":true,"href":"https:\/\/rentalpanda.es\/es\/wp-json\/wp\/v2\/product_cat?post=13208"},{"taxonomy":"product_tag","embeddable":true,"href":"https:\/\/rentalpanda.es\/es\/wp-json\/wp\/v2\/product_tag?post=13208"}],"curies":[{"name":"wp","href":"https:\/\/api.w.org\/{rel}","templated":true}]}}