{"id":13155,"date":"2023-07-02T04:34:38","date_gmt":"2023-07-02T04:34:38","guid":{"rendered":"https:\/\/rentalpanda.es\/?post_type=product&#038;p=13155"},"modified":"2026-02-18T05:38:59","modified_gmt":"2026-02-18T05:38:59","slug":"carrito-playa-ruedas-xxl","status":"publish","type":"product","link":"https:\/\/rentalpanda.es\/es\/produkt\/bollerwagen-xxl-raeder\/","title":{"rendered":"Carrito de Playa con Ruedas XXL"},"content":{"rendered":"<h2><strong>Carrito de playa: Ruedas XXL<\/strong><\/h2>\n<p>\u00a1Descubre el compa\u00f1ero definitivo para tus aventuras al aire libre: nuestro carrito de playa con ruedas XXL! Con su dise\u00f1o insuperable y caracter\u00edsticas excepcionales, har\u00e1 que tus vacaciones en Mallorca sean mucho m\u00e1s f\u00e1ciles. Su f\u00e1cil manejo te ahorra tiempo valioso: en menos de un minuto, puedes plegar o montar sin esfuerzo el carrito de playa, \u00a1d\u00e1ndote m\u00e1s tiempo para las cosas verdaderamente importantes en Mallorca!<\/p>\n<h2>Carrito de playa con ruedas XXL: \u00a1Diversi\u00f3n pura en tus vacaciones!<\/h2>\n<p>La calidad es lo primero: el carrito de playa XXL est\u00e1 equipado con un resistente sistema de direcci\u00f3n y un asa ajustable, lo que lo hace altamente resistente. El amplio espacio de carga proporciona un amplio espacio para todo lo que necesitas en Mallorca: desde toallas, elementos esenciales de playa, comida y pertenencias de los ni\u00f1os, hasta pr\u00e1cticos bolsillos laterales para zapatos, bebidas u otros objetos peque\u00f1os, siempre tienes todo al alcance. \u00a1El carrito de playa puede transportar hasta 100 kg!<\/p>\n<h3>Beneficios del carrito de playa con ruedas XXL<\/h3>\n<p>Asa ajustable<br \/>\nPlegable (f\u00e1cil transporte)<br \/>\nCon pr\u00e1cticos porta bebidas<\/p>\n<h3>Detalles t\u00e9cnicos del carrito de playa con ruedas XXL<\/h3>\n<p>Peso del producto: 10.9 kg<br \/>\nDimensiones AxAxP: 89x48x94 cm<br \/>\nMaterial: Cloruro de polivinilo (PVC) y Aluminio<\/p>\n<p>Alquila un carrito de playa XXL: Adecuado para equipo de playa y ni\u00f1os, puede transportar hasta 100 kg.<\/p>","protected":false},"excerpt":{"rendered":"<p>\u00a1Fant\u00e1stico <strong>carrito de playa con grandes ruedas XXL<\/strong>que se deslizan sin esfuerzo sobre la arena! \u00a1Se puede transportar f\u00e1cilmente cuando est\u00e1 plegado, perfecto para cualquier salida! Con pr\u00e1cticos bolsillos laterales y un asa ajustable.<\/p>\n<p>TENGA EN CUENTA: D\u00eda de llegada + d\u00eda de salida = 2 d\u00edas completos de alquiler (ni el 1er ni el \u00faltimo d\u00eda, los productos se pueden alquilar en otro lugar).<\/p>","protected":false},"featured_media":13327,"comment_status":"open","ping_status":"closed","template":"","meta":[],"product_brand":[],"product_cat":[1276,87,90,88],"product_tag":[216,846,217],"class_list":{"0":"post-13155","1":"product","2":"type-product","3":"status-publish","4":"has-post-thumbnail","6":"product_cat-abenteuer","7":"product_cat-baby-kind","8":"product_cat-mieten","9":"product_cat-strand","10":"product_tag-bollerwagen","11":"product_tag-strand-bollerwagen","12":"product_tag-strandwagen","14":"first","15":"instock","16":"taxable","17":"shipping-taxable","18":"purchasable","19":"product-type-simple"},"yoast_head":"<!-- This site is optimized with the Yoast SEO plugin v27.1.1 - https:\/\/yoast.com\/product\/yoast-seo-wordpress\/ -->\n<title>Bollerwagen XXL R\u00e4der | RentalPanda.es<\/title>\n<meta name=\"description\" content=\"Der ultimative Strand-Bollerwagen mit XXL R\u00e4dern: Leicht zu transportieren, ger\u00e4umig und belastbar bis 100kg. Perfekt f\u00fcr Strand-Equipment und Kinder.\" \/>\n<meta name=\"robots\" content=\"index, follow, max-snippet:-1, max-image-preview:large, max-video-preview:-1\" \/>\n<link rel=\"canonical\" href=\"https:\/\/rentalpanda.es\/es\/producto\/carrito-playa-ruedas-xxl\/\" \/>\n<meta property=\"og:locale\" content=\"es_ES\" \/>\n<meta property=\"og:type\" content=\"article\" \/>\n<meta property=\"og:title\" content=\"Bollerwagen XXL R\u00e4der | RentalPanda.es\" \/>\n<meta property=\"og:description\" content=\"Der ultimative Strand-Bollerwagen mit XXL R\u00e4dern: Leicht zu transportieren, ger\u00e4umig und belastbar bis 100kg. Perfekt f\u00fcr Strand-Equipment und Kinder.\" \/>\n<meta property=\"og:url\" content=\"https:\/\/rentalpanda.es\/es\/producto\/carrito-playa-ruedas-xxl\/\" \/>\n<meta property=\"og:site_name\" content=\"RentalPanda.es\" \/>\n<meta property=\"article:publisher\" content=\"https:\/\/www.facebook.com\/rentalpandamallorca\" \/>\n<meta property=\"article:modified_time\" content=\"2026-02-18T05:38:59+00:00\" \/>\n<meta property=\"og:image\" content=\"https:\/\/rentalpanda.es\/wp-content\/uploads\/2023\/07\/bollerwagen_xxl_raeder.png\" \/>\n\t<meta property=\"og:image:width\" content=\"428\" \/>\n\t<meta property=\"og:image:height\" content=\"480\" \/>\n\t<meta property=\"og:image:type\" content=\"image\/png\" \/>\n<meta name=\"twitter:card\" content=\"summary_large_image\" \/>\n<meta name=\"twitter:label1\" content=\"Tiempo de lectura\" \/>\n\t<meta name=\"twitter:data1\" content=\"1 minuto\" \/>\n<script type=\"application\/ld+json\" class=\"yoast-schema-graph\">{\"@context\":\"https:\/\/schema.org\",\"@graph\":[{\"@type\":\"WebPage\",\"@id\":\"https:\/\/rentalpanda.es\/produkt\/bollerwagen-xxl-raeder\/\",\"url\":\"https:\/\/rentalpanda.es\/produkt\/bollerwagen-xxl-raeder\/\",\"name\":\"Bollerwagen XXL R\u00e4der | RentalPanda.es\",\"isPartOf\":{\"@id\":\"https:\/\/rentalpanda.es\/en\/#website\"},\"primaryImageOfPage\":{\"@id\":\"https:\/\/rentalpanda.es\/produkt\/bollerwagen-xxl-raeder\/#primaryimage\"},\"image\":{\"@id\":\"https:\/\/rentalpanda.es\/produkt\/bollerwagen-xxl-raeder\/#primaryimage\"},\"thumbnailUrl\":\"https:\/\/rentalpanda.es\/wp-content\/uploads\/2023\/07\/bollerwagen_xxl_raeder.png\",\"datePublished\":\"2023-07-02T04:34:38+00:00\",\"dateModified\":\"2026-02-18T05:38:59+00:00\",\"description\":\"Der ultimative Strand-Bollerwagen mit XXL R\u00e4dern: Leicht zu transportieren, ger\u00e4umig und belastbar bis 100kg. Perfekt f\u00fcr Strand-Equipment und Kinder.\",\"breadcrumb\":{\"@id\":\"https:\/\/rentalpanda.es\/produkt\/bollerwagen-xxl-raeder\/#breadcrumb\"},\"inLanguage\":\"es\",\"potentialAction\":[{\"@type\":\"ReadAction\",\"target\":[\"https:\/\/rentalpanda.es\/produkt\/bollerwagen-xxl-raeder\/\"]}]},{\"@type\":\"ImageObject\",\"inLanguage\":\"es\",\"@id\":\"https:\/\/rentalpanda.es\/produkt\/bollerwagen-xxl-raeder\/#primaryimage\",\"url\":\"https:\/\/rentalpanda.es\/wp-content\/uploads\/2023\/07\/bollerwagen_xxl_raeder.png\",\"contentUrl\":\"https:\/\/rentalpanda.es\/wp-content\/uploads\/2023\/07\/bollerwagen_xxl_raeder.png\",\"width\":428,\"height\":480,\"caption\":\"bollerwagen_xxl_raeder\"},{\"@type\":\"BreadcrumbList\",\"@id\":\"https:\/\/rentalpanda.es\/produkt\/bollerwagen-xxl-raeder\/#breadcrumb\",\"itemListElement\":[{\"@type\":\"ListItem\",\"position\":1,\"name\":\"Startseite\",\"item\":\"https:\/\/rentalpanda.es\/\"},{\"@type\":\"ListItem\",\"position\":2,\"name\":\"Shop\",\"item\":\"https:\/\/rentalpanda.es\/shop\/\"},{\"@type\":\"ListItem\",\"position\":3,\"name\":\"Bollerwagen XXL R\u00e4der\"}]},{\"@type\":\"WebSite\",\"@id\":\"https:\/\/rentalpanda.es\/en\/#website\",\"url\":\"https:\/\/rentalpanda.es\/en\/\",\"name\":\"RentalPanda.es\",\"description\":\"Baby, Beach &amp; Holiday Gear for Rent\",\"publisher\":{\"@id\":\"https:\/\/rentalpanda.es\/en\/#organization\"},\"potentialAction\":[{\"@type\":\"SearchAction\",\"target\":{\"@type\":\"EntryPoint\",\"urlTemplate\":\"https:\/\/rentalpanda.es\/en\/?s={search_term_string}\"},\"query-input\":{\"@type\":\"PropertyValueSpecification\",\"valueRequired\":true,\"valueName\":\"search_term_string\"}}],\"inLanguage\":\"es\"},{\"@type\":\"Organization\",\"@id\":\"https:\/\/rentalpanda.es\/en\/#organization\",\"name\":\"Rentalpanda.es\",\"url\":\"https:\/\/rentalpanda.es\/en\/\",\"logo\":{\"@type\":\"ImageObject\",\"inLanguage\":\"es\",\"@id\":\"https:\/\/rentalpanda.es\/en\/#\/schema\/logo\/image\/\",\"url\":\"https:\/\/rentalpanda.es\/wp-content\/uploads\/2017\/02\/rentalpanda-logo-webseite-end.png\",\"contentUrl\":\"https:\/\/rentalpanda.es\/wp-content\/uploads\/2017\/02\/rentalpanda-logo-webseite-end.png\",\"width\":260,\"height\":71,\"caption\":\"Rentalpanda.es\"},\"image\":{\"@id\":\"https:\/\/rentalpanda.es\/en\/#\/schema\/logo\/image\/\"},\"sameAs\":[\"https:\/\/www.facebook.com\/rentalpandamallorca\"]}]}<\/script>\n<!-- \/ Yoast SEO plugin. -->","yoast_head_json":{"title":"Carrito de Playa con Ruedas XXL | RentalPanda.es","description":"El carrito de playa definitivo con ruedas XXL en Mallorca: F\u00e1cil de transportar, espacioso y soporta hasta 100kg. \u00a1Perfecto para equipos de playa y ni\u00f1os!","robots":{"index":"index","follow":"follow","max-snippet":"max-snippet:-1","max-image-preview":"max-image-preview:large","max-video-preview":"max-video-preview:-1"},"canonical":"https:\/\/rentalpanda.es\/es\/producto\/carrito-playa-ruedas-xxl\/","og_locale":"es_ES","og_type":"article","og_title":"Bollerwagen XXL R\u00e4der | RentalPanda.es","og_description":"Der ultimative Strand-Bollerwagen mit XXL R\u00e4dern: Leicht zu transportieren, ger\u00e4umig und belastbar bis 100kg. Perfekt f\u00fcr Strand-Equipment und Kinder.","og_url":"https:\/\/rentalpanda.es\/es\/producto\/carrito-playa-ruedas-xxl\/","og_site_name":"RentalPanda.es","article_publisher":"https:\/\/www.facebook.com\/rentalpandamallorca","article_modified_time":"2026-02-18T05:38:59+00:00","og_image":[{"width":428,"height":480,"url":"https:\/\/rentalpanda.es\/wp-content\/uploads\/2023\/07\/bollerwagen_xxl_raeder.png","type":"image\/png"}],"twitter_card":"summary_large_image","twitter_misc":{"Tiempo de lectura":"1 minuto"},"schema":{"@context":"https:\/\/schema.org","@graph":[{"@type":"WebPage","@id":"https:\/\/rentalpanda.es\/produkt\/bollerwagen-xxl-raeder\/","url":"https:\/\/rentalpanda.es\/produkt\/bollerwagen-xxl-raeder\/","name":"Carrito de Playa con Ruedas XXL | RentalPanda.es","isPartOf":{"@id":"https:\/\/rentalpanda.es\/en\/#website"},"primaryImageOfPage":{"@id":"https:\/\/rentalpanda.es\/produkt\/bollerwagen-xxl-raeder\/#primaryimage"},"image":{"@id":"https:\/\/rentalpanda.es\/produkt\/bollerwagen-xxl-raeder\/#primaryimage"},"thumbnailUrl":"https:\/\/rentalpanda.es\/wp-content\/uploads\/2023\/07\/bollerwagen_xxl_raeder.png","datePublished":"2023-07-02T04:34:38+00:00","dateModified":"2026-02-18T05:38:59+00:00","description":"El carrito de playa definitivo con ruedas XXL en Mallorca: F\u00e1cil de transportar, espacioso y soporta hasta 100kg. \u00a1Perfecto para equipos de playa y ni\u00f1os!","breadcrumb":{"@id":"https:\/\/rentalpanda.es\/produkt\/bollerwagen-xxl-raeder\/#breadcrumb"},"inLanguage":"es","potentialAction":[{"@type":"ReadAction","target":["https:\/\/rentalpanda.es\/produkt\/bollerwagen-xxl-raeder\/"]}]},{"@type":"ImageObject","inLanguage":"es","@id":"https:\/\/rentalpanda.es\/produkt\/bollerwagen-xxl-raeder\/#primaryimage","url":"https:\/\/rentalpanda.es\/wp-content\/uploads\/2023\/07\/bollerwagen_xxl_raeder.png","contentUrl":"https:\/\/rentalpanda.es\/wp-content\/uploads\/2023\/07\/bollerwagen_xxl_raeder.png","width":428,"height":480,"caption":"bollerwagen_xxl_raeder"},{"@type":"BreadcrumbList","@id":"https:\/\/rentalpanda.es\/produkt\/bollerwagen-xxl-raeder\/#breadcrumb","itemListElement":[{"@type":"ListItem","position":1,"name":"Startseite","item":"https:\/\/rentalpanda.es\/"},{"@type":"ListItem","position":2,"name":"Shop","item":"https:\/\/rentalpanda.es\/shop\/"},{"@type":"ListItem","position":3,"name":"Bollerwagen XXL R\u00e4der"}]},{"@type":"WebSite","@id":"https:\/\/rentalpanda.es\/en\/#website","url":"https:\/\/rentalpanda.es\/en\/","name":"RentalPanda.es","description":"Baby, Beach &amp; Holiday Gear for Rent","publisher":{"@id":"https:\/\/rentalpanda.es\/en\/#organization"},"potentialAction":[{"@type":"SearchAction","target":{"@type":"EntryPoint","urlTemplate":"https:\/\/rentalpanda.es\/en\/?s={search_term_string}"},"query-input":{"@type":"PropertyValueSpecification","valueRequired":true,"valueName":"search_term_string"}}],"inLanguage":"es"},{"@type":"Organization","@id":"https:\/\/rentalpanda.es\/en\/#organization","name":"Rentalpanda.es","url":"https:\/\/rentalpanda.es\/en\/","logo":{"@type":"ImageObject","inLanguage":"es","@id":"https:\/\/rentalpanda.es\/en\/#\/schema\/logo\/image\/","url":"https:\/\/rentalpanda.es\/wp-content\/uploads\/2017\/02\/rentalpanda-logo-webseite-end.png","contentUrl":"https:\/\/rentalpanda.es\/wp-content\/uploads\/2017\/02\/rentalpanda-logo-webseite-end.png","width":260,"height":71,"caption":"Rentalpanda.es"},"image":{"@id":"https:\/\/rentalpanda.es\/en\/#\/schema\/logo\/image\/"},"sameAs":["https:\/\/www.facebook.com\/rentalpandamallorca"]}]}},"_links":{"self":[{"href":"https:\/\/rentalpanda.es\/es\/wp-json\/wp\/v2\/product\/13155","targetHints":{"allow":["GET"]}}],"collection":[{"href":"https:\/\/rentalpanda.es\/es\/wp-json\/wp\/v2\/product"}],"about":[{"href":"https:\/\/rentalpanda.es\/es\/wp-json\/wp\/v2\/types\/product"}],"replies":[{"embeddable":true,"href":"https:\/\/rentalpanda.es\/es\/wp-json\/wp\/v2\/comments?post=13155"}],"wp:featuredmedia":[{"embeddable":true,"href":"https:\/\/rentalpanda.es\/es\/wp-json\/wp\/v2\/media\/13327"}],"wp:attachment":[{"href":"https:\/\/rentalpanda.es\/es\/wp-json\/wp\/v2\/media?parent=13155"}],"wp:term":[{"taxonomy":"product_brand","embeddable":true,"href":"https:\/\/rentalpanda.es\/es\/wp-json\/wp\/v2\/product_brand?post=13155"},{"taxonomy":"product_cat","embeddable":true,"href":"https:\/\/rentalpanda.es\/es\/wp-json\/wp\/v2\/product_cat?post=13155"},{"taxonomy":"product_tag","embeddable":true,"href":"https:\/\/rentalpanda.es\/es\/wp-json\/wp\/v2\/product_tag?post=13155"}],"curies":[{"name":"wp","href":"https:\/\/api.w.org\/{rel}","templated":true}]}}