{"id":1312,"date":"2017-01-31T09:01:15","date_gmt":"2017-01-31T09:01:15","guid":{"rendered":"http:\/\/rentalpanda.es\/produkt\/kinder-autositz-9-36kg\/"},"modified":"2026-01-23T05:36:01","modified_gmt":"2026-01-23T05:36:01","slug":"silla-coche-9-36kg-alquilar-mallorca","status":"publish","type":"product","link":"https:\/\/rentalpanda.es\/es\/produkt\/kinder-autositz-9-36kg\/","title":{"rendered":"Silla Coche Ni\u00f1os Arn\u00e9s"},"content":{"rendered":"<h2><strong>Silla de Coche para Ni\u00f1os de 9-36kg<\/strong><\/h2>\n<p>En Mallorca, muchas familias alquilan un autom\u00f3vil para explorar la isla. \u00a1Pero tambi\u00e9n hay que pensar en la seguridad de los ni\u00f1os! Los sillas de coche para ni\u00f1os son obligatorios en Espa\u00f1a y pueden costar mucho en las empresas de alquiler de autom\u00f3viles. \u00a1RentalPanda por lo tanto tiene la alternativa m\u00e1s inteligente y m\u00e1s barata para usted! La silla de BabyAuto tiene un dise\u00f1o ergon\u00f3mico y funciona con un sistema integrado de arn\u00e9s de 5 puntos (para ni\u00f1os peque\u00f1os) y se puede conectar f\u00e1cilmente al sistema de arn\u00e9s del autom\u00f3vil (para ni\u00f1os m\u00e1s grandes).<\/p>\n<h2>Mallorca Silla de Coche para Ni\u00f1os de 9-36kg<\/h2>\n<p>Las correas, ajustables en altura y circunferencia, est\u00e1n acolchadas, lo que proporciona una sensaci\u00f3n suave en el cuerpo y su hijo se adapta perfectamente a la forma del asiento. Debido a la protecci\u00f3n lateral reforzada y acolchada, los impactos laterales no pueden da\u00f1ar a su peque\u00f1o. La cubierta est\u00e1 hecha de material de alta calidad y se limpia y esteriliza con vapor antes de cada nuevo uso.<\/p>\n<h3>Beneficios Silla de Coche (9-36kg)<\/h3>\n<ul>\n<li>Para ni\u00f1os mayores de 2 a\u00f1os.<\/li>\n<li>Grupo 1-2-3<\/li>\n<li>Viaja segura en la isla<\/li>\n<li>Personalizable y ajustable<\/li>\n<li>Material suave pero robusto<\/li>\n<\/ul>\n<h3>Silla de Coche 9-36kg: Datos T\u00e9cnicos<\/h3>\n<p>Peso: 7.5kg<br \/>\nDimensiones AAP: 69x52x47cm<br \/>\nMaterial: polietileno, poli\u00e9ster<\/p>\n<p>Para ni\u00f1os de 2 a 12 a\u00f1os con un peso de 9 a 36 kg. Entregamos a hotel, aeropuerto o empresa de alquiler de autom\u00f3viles.<\/p>","protected":false},"excerpt":{"rendered":"<table>\n<tbody>\n<tr>\n<th>Altura Ni\u00f1o\/a<\/th>\n<td>76 cm \u2013 150 cm<\/td>\n<\/tr>\n<tr>\n<th>Con arn\u00e9s<\/th>\n<td>76 cm \u2013 105 cm<\/td>\n<\/tr>\n<tr>\n<th>Sin arn\u00e9s<\/th>\n<td>100 cm \u2013 150 cm<\/td>\n<\/tr>\n<tr>\n<th>Fijaci\u00f3n<\/th>\n<td>Cintur\u00f3n<\/td>\n<\/tr>\n<tr>\n<th>Sentido de Viaje<\/th>\n<td>Marcha<\/td>\n<\/tr>\n<tr>\n<th>Homologaci\u00f3n<\/th>\n<td>R129<\/td>\n<\/tr>\n<\/tbody>\n<\/table>\n<p><strong>Silla de coche c\u00f3moda para ni\u00f1os<\/strong> de 3 a 12 a\u00f1os (9-36 kg) que es adecuado para todos los autom\u00f3viles. Ajustable en varias posiciones de asiento, es f\u00e1cil de asegurar con el cintur\u00f3n de seguridad del autom\u00f3vil y es muy seguro. Entregamos a hotel, aeropuerto o empresa de alquiler de autom\u00f3viles.<\/p>\n<p>TENGA EN CUENTA: D\u00eda de llegada + d\u00eda de salida = 2 d\u00edas completos de alquiler (ni el 1er ni el \u00faltimo d\u00eda, los productos se pueden alquilar en otro lugar).<\/p>","protected":false},"featured_media":22862,"comment_status":"open","ping_status":"closed","template":"","meta":[],"product_brand":[],"product_cat":[567,87,90,100],"product_tag":[149,863,864,181,161,852],"class_list":{"0":"post-1312","1":"product","2":"type-product","3":"status-publish","4":"has-post-thumbnail","6":"product_cat-autositze","7":"product_cat-baby-kind","8":"product_cat-mieten","9":"product_cat-sicherheit","10":"product_tag-autositz","11":"product_tag-autositz-mieten","12":"product_tag-autositz-mieten-mallorca","13":"product_tag-gruppe-1-2-3","14":"product_tag-kindersitz-auto","15":"product_tag-kindersitz-mieten-mallorca","17":"first","18":"instock","19":"featured","20":"taxable","21":"shipping-taxable","22":"purchasable","23":"product-type-simple"},"yoast_head":"<!-- This site is optimized with the Yoast SEO plugin v27.1.1 - https:\/\/yoast.com\/product\/yoast-seo-wordpress\/ -->\n<title>Autositz Mieten Mallorca: Kindersitz 9-36kg | RentalPanda.es<\/title>\n<meta name=\"description\" content=\"Autositz mieten Mallorca leicht gemacht: Schon vor dem Urlaub buchen und Geld sparen! Dampf-sterilisierter Kindersitz, mit Lieferung zum Flughafen!\" \/>\n<meta name=\"robots\" content=\"index, follow, max-snippet:-1, max-image-preview:large, max-video-preview:-1\" \/>\n<link rel=\"canonical\" href=\"https:\/\/rentalpanda.es\/es\/producto\/silla-coche-9-36kg-alquilar-mallorca\/\" \/>\n<meta property=\"og:locale\" content=\"es_ES\" \/>\n<meta property=\"og:type\" content=\"article\" \/>\n<meta property=\"og:title\" content=\"Autositz Mieten Mallorca: Kindersitz 9-36kg | RentalPanda.es\" \/>\n<meta property=\"og:description\" content=\"Autositz mieten Mallorca leicht gemacht: Schon vor dem Urlaub buchen und Geld sparen! Dampf-sterilisierter Kindersitz, mit Lieferung zum Flughafen!\" \/>\n<meta property=\"og:url\" content=\"https:\/\/rentalpanda.es\/es\/producto\/silla-coche-9-36kg-alquilar-mallorca\/\" \/>\n<meta property=\"og:site_name\" content=\"RentalPanda.es\" \/>\n<meta property=\"article:publisher\" content=\"https:\/\/www.facebook.com\/rentalpandamallorca\" \/>\n<meta property=\"article:modified_time\" content=\"2026-01-23T05:36:01+00:00\" \/>\n<meta property=\"og:image\" content=\"https:\/\/rentalpanda.es\/wp-content\/uploads\/2017\/01\/autositz_mieten_mallorca_kinder-9-36kg.png\" \/>\n\t<meta property=\"og:image:width\" content=\"427\" \/>\n\t<meta property=\"og:image:height\" content=\"480\" \/>\n\t<meta property=\"og:image:type\" content=\"image\/png\" \/>\n<meta name=\"twitter:card\" content=\"summary_large_image\" \/>\n<meta name=\"twitter:label1\" content=\"Tiempo de lectura\" \/>\n\t<meta name=\"twitter:data1\" content=\"2 minutos\" \/>\n<script type=\"application\/ld+json\" class=\"yoast-schema-graph\">{\"@context\":\"https:\/\/schema.org\",\"@graph\":[{\"@type\":\"WebPage\",\"@id\":\"https:\/\/rentalpanda.es\/produkt\/kinder-autositz-9-36kg\/\",\"url\":\"https:\/\/rentalpanda.es\/produkt\/kinder-autositz-9-36kg\/\",\"name\":\"Autositz Mieten Mallorca: Kindersitz 9-36kg | RentalPanda.es\",\"isPartOf\":{\"@id\":\"https:\/\/rentalpanda.es\/en\/#website\"},\"primaryImageOfPage\":{\"@id\":\"https:\/\/rentalpanda.es\/produkt\/kinder-autositz-9-36kg\/#primaryimage\"},\"image\":{\"@id\":\"https:\/\/rentalpanda.es\/produkt\/kinder-autositz-9-36kg\/#primaryimage\"},\"thumbnailUrl\":\"https:\/\/rentalpanda.es\/wp-content\/uploads\/2017\/01\/autositz_mieten_mallorca_kinder-9-36kg.png\",\"datePublished\":\"2017-01-31T09:01:15+00:00\",\"dateModified\":\"2026-01-23T05:36:01+00:00\",\"description\":\"Autositz mieten Mallorca leicht gemacht: Schon vor dem Urlaub buchen und Geld sparen! Dampf-sterilisierter Kindersitz, mit Lieferung zum Flughafen!\",\"breadcrumb\":{\"@id\":\"https:\/\/rentalpanda.es\/produkt\/kinder-autositz-9-36kg\/#breadcrumb\"},\"inLanguage\":\"es\",\"potentialAction\":[{\"@type\":\"ReadAction\",\"target\":[\"https:\/\/rentalpanda.es\/produkt\/kinder-autositz-9-36kg\/\"]}]},{\"@type\":\"ImageObject\",\"inLanguage\":\"es\",\"@id\":\"https:\/\/rentalpanda.es\/produkt\/kinder-autositz-9-36kg\/#primaryimage\",\"url\":\"https:\/\/rentalpanda.es\/wp-content\/uploads\/2017\/01\/autositz_mieten_mallorca_kinder-9-36kg.png\",\"contentUrl\":\"https:\/\/rentalpanda.es\/wp-content\/uploads\/2017\/01\/autositz_mieten_mallorca_kinder-9-36kg.png\",\"width\":427,\"height\":480,\"caption\":\"autositz_mieten_mallorca_kinder-9-36kg\"},{\"@type\":\"BreadcrumbList\",\"@id\":\"https:\/\/rentalpanda.es\/produkt\/kinder-autositz-9-36kg\/#breadcrumb\",\"itemListElement\":[{\"@type\":\"ListItem\",\"position\":1,\"name\":\"Startseite\",\"item\":\"https:\/\/rentalpanda.es\/\"},{\"@type\":\"ListItem\",\"position\":2,\"name\":\"Shop\",\"item\":\"https:\/\/rentalpanda.es\/shop\/\"},{\"@type\":\"ListItem\",\"position\":3,\"name\":\"Kinder Autositz Mieten Mallorca (9-36kg)\"}]},{\"@type\":\"WebSite\",\"@id\":\"https:\/\/rentalpanda.es\/en\/#website\",\"url\":\"https:\/\/rentalpanda.es\/en\/\",\"name\":\"RentalPanda.es\",\"description\":\"Baby, Beach &amp; Holiday Gear for Rent\",\"publisher\":{\"@id\":\"https:\/\/rentalpanda.es\/en\/#organization\"},\"potentialAction\":[{\"@type\":\"SearchAction\",\"target\":{\"@type\":\"EntryPoint\",\"urlTemplate\":\"https:\/\/rentalpanda.es\/en\/?s={search_term_string}\"},\"query-input\":{\"@type\":\"PropertyValueSpecification\",\"valueRequired\":true,\"valueName\":\"search_term_string\"}}],\"inLanguage\":\"es\"},{\"@type\":\"Organization\",\"@id\":\"https:\/\/rentalpanda.es\/en\/#organization\",\"name\":\"Rentalpanda.es\",\"url\":\"https:\/\/rentalpanda.es\/en\/\",\"logo\":{\"@type\":\"ImageObject\",\"inLanguage\":\"es\",\"@id\":\"https:\/\/rentalpanda.es\/en\/#\/schema\/logo\/image\/\",\"url\":\"https:\/\/rentalpanda.es\/wp-content\/uploads\/2017\/02\/rentalpanda-logo-webseite-end.png\",\"contentUrl\":\"https:\/\/rentalpanda.es\/wp-content\/uploads\/2017\/02\/rentalpanda-logo-webseite-end.png\",\"width\":260,\"height\":71,\"caption\":\"Rentalpanda.es\"},\"image\":{\"@id\":\"https:\/\/rentalpanda.es\/en\/#\/schema\/logo\/image\/\"},\"sameAs\":[\"https:\/\/www.facebook.com\/rentalpandamallorca\"]}]}<\/script>\n<!-- \/ Yoast SEO plugin. -->","yoast_head_json":{"title":"Silla de Coche Ni\u00f1os de 9-36kg en Mallorca | RentalPanda.es","description":"Alquilar silla de coche en Mallorca es muy f\u00e1cil \u2013 \u00a1Reserva antes del viaje y ahorra dinero! Silla infantil esterilizada al vapor, con entrega directa en el aeropuerto!","robots":{"index":"index","follow":"follow","max-snippet":"max-snippet:-1","max-image-preview":"max-image-preview:large","max-video-preview":"max-video-preview:-1"},"canonical":"https:\/\/rentalpanda.es\/es\/producto\/silla-coche-9-36kg-alquilar-mallorca\/","og_locale":"es_ES","og_type":"article","og_title":"Autositz Mieten Mallorca: Kindersitz 9-36kg | RentalPanda.es","og_description":"Autositz mieten Mallorca leicht gemacht: Schon vor dem Urlaub buchen und Geld sparen! Dampf-sterilisierter Kindersitz, mit Lieferung zum Flughafen!","og_url":"https:\/\/rentalpanda.es\/es\/producto\/silla-coche-9-36kg-alquilar-mallorca\/","og_site_name":"RentalPanda.es","article_publisher":"https:\/\/www.facebook.com\/rentalpandamallorca","article_modified_time":"2026-01-23T05:36:01+00:00","og_image":[{"width":427,"height":480,"url":"https:\/\/rentalpanda.es\/wp-content\/uploads\/2017\/01\/autositz_mieten_mallorca_kinder-9-36kg.png","type":"image\/png"}],"twitter_card":"summary_large_image","twitter_misc":{"Tiempo de lectura":"2 minutos"},"schema":{"@context":"https:\/\/schema.org","@graph":[{"@type":"WebPage","@id":"https:\/\/rentalpanda.es\/produkt\/kinder-autositz-9-36kg\/","url":"https:\/\/rentalpanda.es\/produkt\/kinder-autositz-9-36kg\/","name":"Silla de Coche Ni\u00f1os de 9-36kg en Mallorca | RentalPanda.es","isPartOf":{"@id":"https:\/\/rentalpanda.es\/en\/#website"},"primaryImageOfPage":{"@id":"https:\/\/rentalpanda.es\/produkt\/kinder-autositz-9-36kg\/#primaryimage"},"image":{"@id":"https:\/\/rentalpanda.es\/produkt\/kinder-autositz-9-36kg\/#primaryimage"},"thumbnailUrl":"https:\/\/rentalpanda.es\/wp-content\/uploads\/2017\/01\/autositz_mieten_mallorca_kinder-9-36kg.png","datePublished":"2017-01-31T09:01:15+00:00","dateModified":"2026-01-23T05:36:01+00:00","description":"Alquilar silla de coche en Mallorca es muy f\u00e1cil \u2013 \u00a1Reserva antes del viaje y ahorra dinero! Silla infantil esterilizada al vapor, con entrega directa en el aeropuerto!","breadcrumb":{"@id":"https:\/\/rentalpanda.es\/produkt\/kinder-autositz-9-36kg\/#breadcrumb"},"inLanguage":"es","potentialAction":[{"@type":"ReadAction","target":["https:\/\/rentalpanda.es\/produkt\/kinder-autositz-9-36kg\/"]}]},{"@type":"ImageObject","inLanguage":"es","@id":"https:\/\/rentalpanda.es\/produkt\/kinder-autositz-9-36kg\/#primaryimage","url":"https:\/\/rentalpanda.es\/wp-content\/uploads\/2017\/01\/autositz_mieten_mallorca_kinder-9-36kg.png","contentUrl":"https:\/\/rentalpanda.es\/wp-content\/uploads\/2017\/01\/autositz_mieten_mallorca_kinder-9-36kg.png","width":427,"height":480,"caption":"autositz_mieten_mallorca_kinder-9-36kg"},{"@type":"BreadcrumbList","@id":"https:\/\/rentalpanda.es\/produkt\/kinder-autositz-9-36kg\/#breadcrumb","itemListElement":[{"@type":"ListItem","position":1,"name":"Startseite","item":"https:\/\/rentalpanda.es\/"},{"@type":"ListItem","position":2,"name":"Shop","item":"https:\/\/rentalpanda.es\/shop\/"},{"@type":"ListItem","position":3,"name":"Kinder Autositz Mieten Mallorca (9-36kg)"}]},{"@type":"WebSite","@id":"https:\/\/rentalpanda.es\/en\/#website","url":"https:\/\/rentalpanda.es\/en\/","name":"RentalPanda.es","description":"Baby, Beach &amp; Holiday Gear for Rent","publisher":{"@id":"https:\/\/rentalpanda.es\/en\/#organization"},"potentialAction":[{"@type":"SearchAction","target":{"@type":"EntryPoint","urlTemplate":"https:\/\/rentalpanda.es\/en\/?s={search_term_string}"},"query-input":{"@type":"PropertyValueSpecification","valueRequired":true,"valueName":"search_term_string"}}],"inLanguage":"es"},{"@type":"Organization","@id":"https:\/\/rentalpanda.es\/en\/#organization","name":"Rentalpanda.es","url":"https:\/\/rentalpanda.es\/en\/","logo":{"@type":"ImageObject","inLanguage":"es","@id":"https:\/\/rentalpanda.es\/en\/#\/schema\/logo\/image\/","url":"https:\/\/rentalpanda.es\/wp-content\/uploads\/2017\/02\/rentalpanda-logo-webseite-end.png","contentUrl":"https:\/\/rentalpanda.es\/wp-content\/uploads\/2017\/02\/rentalpanda-logo-webseite-end.png","width":260,"height":71,"caption":"Rentalpanda.es"},"image":{"@id":"https:\/\/rentalpanda.es\/en\/#\/schema\/logo\/image\/"},"sameAs":["https:\/\/www.facebook.com\/rentalpandamallorca"]}]}},"_links":{"self":[{"href":"https:\/\/rentalpanda.es\/es\/wp-json\/wp\/v2\/product\/1312","targetHints":{"allow":["GET"]}}],"collection":[{"href":"https:\/\/rentalpanda.es\/es\/wp-json\/wp\/v2\/product"}],"about":[{"href":"https:\/\/rentalpanda.es\/es\/wp-json\/wp\/v2\/types\/product"}],"replies":[{"embeddable":true,"href":"https:\/\/rentalpanda.es\/es\/wp-json\/wp\/v2\/comments?post=1312"}],"wp:featuredmedia":[{"embeddable":true,"href":"https:\/\/rentalpanda.es\/es\/wp-json\/wp\/v2\/media\/22862"}],"wp:attachment":[{"href":"https:\/\/rentalpanda.es\/es\/wp-json\/wp\/v2\/media?parent=1312"}],"wp:term":[{"taxonomy":"product_brand","embeddable":true,"href":"https:\/\/rentalpanda.es\/es\/wp-json\/wp\/v2\/product_brand?post=1312"},{"taxonomy":"product_cat","embeddable":true,"href":"https:\/\/rentalpanda.es\/es\/wp-json\/wp\/v2\/product_cat?post=1312"},{"taxonomy":"product_tag","embeddable":true,"href":"https:\/\/rentalpanda.es\/es\/wp-json\/wp\/v2\/product_tag?post=1312"}],"curies":[{"name":"wp","href":"https:\/\/api.w.org\/{rel}","templated":true}]}}