{"id":1227,"date":"2017-01-30T09:52:55","date_gmt":"2017-01-30T09:52:55","guid":{"rendered":"http:\/\/rentalpanda.es\/produkt\/laufstall-spielstall\/"},"modified":"2025-06-10T02:42:53","modified_gmt":"2025-06-10T02:42:53","slug":"parque-infantil-olmitos","status":"publish","type":"product","link":"https:\/\/rentalpanda.es\/es\/produkt\/laufstall-spielstall\/","title":{"rendered":"Parque Infantil Beb\u00e9"},"content":{"rendered":"<h2><strong>Parque Infantil Beb\u00e9<\/strong><\/h2>\n<p>Una amplia zona de ejercicios para beb\u00e9s. Puede hacer sus cosas en su casa de vacaciones en Mallorca, sin tener que cuidar constantemente a sus peque\u00f1os. El parque infantil de RentalPanda para ni\u00f1os contiene una alfombrilla de juego extra\u00edble, que se puede llevar a cualquier lugar en su pr\u00e1ctica bolsa de transporte. Tiene 2 ruedas, por lo que puede colocarlo f\u00e1cilmente en cualquier lugar que desee.<\/p>\n<h2>Alquila Parque Infantil Beb\u00e9<\/h2>\n<p>Es muy f\u00e1cil de abrir y cerrar, por lo que incluso se puede llevar en viajes y excursiones. El dise\u00f1o agradable y colorido es muy atractivo para los ni\u00f1os; \u00a1Ver\u00e1s que se sentir\u00e1n felices y relajados en muy poco tiempo! Antes de cada nuevo uso, el corralito se limpia a fondo y se esteriliza con vapor.<\/p>\n<h3>Beneficios Parque Infantil Beb\u00e9 Mallorca<\/h3>\n<ul>\n<li>F\u00e1cil de instalar y desmontar<\/li>\n<li>Marco estable y s\u00f3lido<\/li>\n<li>Dise\u00f1o atractivo para ni\u00f1os<\/li>\n<li>Materiales de alta calidad<\/li>\n<\/ul>\n<h3>Parque Infantil Beb\u00e9: Datos T\u00e9cnicos<\/h3>\n<p>Peso: 8.8kg<br \/>\nDimensiones AAP: 78x92x92cm<br \/>\nDimensiones del tapete: 90x90cm.<\/p>\n<p>Para beb\u00e9s y ni\u00f1os hasta 3 a\u00f1os.<\/p>","protected":false},"excerpt":{"rendered":"<p>Un <strong>parque infantil beb\u00e9<\/strong> pr\u00e1ctico y colorido para tus peque\u00f1os, con una alfombra extra\u00edble de 90x90cm. \u00a1F\u00e1cil de montar, desmontar y ligero, se puede usar en cualquier lugar! Perfecto para ni\u00f1os juguetones.<\/p>\n<p>TENGA EN CUENTA: D\u00eda de llegada + d\u00eda de salida = 2 d\u00edas completos de alquiler (ni el 1er ni el \u00faltimo d\u00eda, los productos se pueden alquilar en otro lugar).<\/p>","protected":false},"featured_media":14548,"comment_status":"open","ping_status":"closed","template":"","meta":[],"product_brand":[],"product_cat":[87,90,100,97],"product_tag":[159,865,175],"class_list":{"0":"post-1227","1":"product","2":"type-product","3":"status-publish","4":"has-post-thumbnail","6":"product_cat-baby-kind","7":"product_cat-mieten","8":"product_cat-sicherheit","9":"product_cat-spielen","10":"product_tag-laufstall","11":"product_tag-laufstall-mieten","12":"product_tag-spielstall","14":"first","15":"instock","16":"taxable","17":"shipping-taxable","18":"purchasable","19":"product-type-simple"},"yoast_head":"<!-- This site is optimized with the Yoast SEO plugin v27.1.1 - https:\/\/yoast.com\/product\/yoast-seo-wordpress\/ -->\n<title>Laufstall Mieten: Mallorca Spielstall | RentalPanda.es<\/title>\n<meta name=\"description\" content=\"Einen praktischen und bunten Laufstall mieten f\u00fcr die Kleinen - nun hast du auch im Urlaub auf Mallorca beide H\u00e4nde frei. So geht entspannter Urlaub!\" \/>\n<meta name=\"robots\" content=\"index, follow, max-snippet:-1, max-image-preview:large, max-video-preview:-1\" \/>\n<link rel=\"canonical\" href=\"https:\/\/rentalpanda.es\/es\/producto\/parque-infantil-olmitos\/\" \/>\n<meta property=\"og:locale\" content=\"es_ES\" \/>\n<meta property=\"og:type\" content=\"article\" \/>\n<meta property=\"og:title\" content=\"Laufstall Mieten: Mallorca Spielstall | RentalPanda.es\" \/>\n<meta property=\"og:description\" content=\"Einen praktischen und bunten Laufstall mieten f\u00fcr die Kleinen - nun hast du auch im Urlaub auf Mallorca beide H\u00e4nde frei. So geht entspannter Urlaub!\" \/>\n<meta property=\"og:url\" content=\"https:\/\/rentalpanda.es\/es\/producto\/parque-infantil-olmitos\/\" \/>\n<meta property=\"og:site_name\" content=\"RentalPanda.es\" \/>\n<meta property=\"article:publisher\" content=\"https:\/\/www.facebook.com\/rentalpandamallorca\" \/>\n<meta property=\"article:modified_time\" content=\"2025-06-10T02:42:53+00:00\" \/>\n<meta property=\"og:image\" content=\"https:\/\/rentalpanda.es\/wp-content\/uploads\/2017\/01\/laufstall_mieten.png\" \/>\n\t<meta property=\"og:image:width\" content=\"427\" \/>\n\t<meta property=\"og:image:height\" content=\"480\" \/>\n\t<meta property=\"og:image:type\" content=\"image\/png\" \/>\n<meta name=\"twitter:card\" content=\"summary_large_image\" \/>\n<meta name=\"twitter:label1\" content=\"Tiempo de lectura\" \/>\n\t<meta name=\"twitter:data1\" content=\"2 minutos\" \/>\n<script type=\"application\/ld+json\" class=\"yoast-schema-graph\">{\"@context\":\"https:\/\/schema.org\",\"@graph\":[{\"@type\":\"WebPage\",\"@id\":\"https:\/\/rentalpanda.es\/produkt\/laufstall-spielstall\/\",\"url\":\"https:\/\/rentalpanda.es\/produkt\/laufstall-spielstall\/\",\"name\":\"Laufstall Mieten: Mallorca Spielstall | RentalPanda.es\",\"isPartOf\":{\"@id\":\"https:\/\/rentalpanda.es\/en\/#website\"},\"primaryImageOfPage\":{\"@id\":\"https:\/\/rentalpanda.es\/produkt\/laufstall-spielstall\/#primaryimage\"},\"image\":{\"@id\":\"https:\/\/rentalpanda.es\/produkt\/laufstall-spielstall\/#primaryimage\"},\"thumbnailUrl\":\"https:\/\/rentalpanda.es\/wp-content\/uploads\/2017\/01\/laufstall_mieten.png\",\"datePublished\":\"2017-01-30T09:52:55+00:00\",\"dateModified\":\"2025-06-10T02:42:53+00:00\",\"description\":\"Einen praktischen und bunten Laufstall mieten f\u00fcr die Kleinen - nun hast du auch im Urlaub auf Mallorca beide H\u00e4nde frei. So geht entspannter Urlaub!\",\"breadcrumb\":{\"@id\":\"https:\/\/rentalpanda.es\/produkt\/laufstall-spielstall\/#breadcrumb\"},\"inLanguage\":\"es\",\"potentialAction\":[{\"@type\":\"ReadAction\",\"target\":[\"https:\/\/rentalpanda.es\/produkt\/laufstall-spielstall\/\"]}]},{\"@type\":\"ImageObject\",\"inLanguage\":\"es\",\"@id\":\"https:\/\/rentalpanda.es\/produkt\/laufstall-spielstall\/#primaryimage\",\"url\":\"https:\/\/rentalpanda.es\/wp-content\/uploads\/2017\/01\/laufstall_mieten.png\",\"contentUrl\":\"https:\/\/rentalpanda.es\/wp-content\/uploads\/2017\/01\/laufstall_mieten.png\",\"width\":427,\"height\":480,\"caption\":\"laufstall_mieten\"},{\"@type\":\"BreadcrumbList\",\"@id\":\"https:\/\/rentalpanda.es\/produkt\/laufstall-spielstall\/#breadcrumb\",\"itemListElement\":[{\"@type\":\"ListItem\",\"position\":1,\"name\":\"Startseite\",\"item\":\"https:\/\/rentalpanda.es\/\"},{\"@type\":\"ListItem\",\"position\":2,\"name\":\"Shop\",\"item\":\"https:\/\/rentalpanda.es\/shop\/\"},{\"@type\":\"ListItem\",\"position\":3,\"name\":\"Laufstall \/ Spielstall Mieten\"}]},{\"@type\":\"WebSite\",\"@id\":\"https:\/\/rentalpanda.es\/en\/#website\",\"url\":\"https:\/\/rentalpanda.es\/en\/\",\"name\":\"RentalPanda.es\",\"description\":\"Baby, Beach &amp; Holiday Gear for Rent\",\"publisher\":{\"@id\":\"https:\/\/rentalpanda.es\/en\/#organization\"},\"potentialAction\":[{\"@type\":\"SearchAction\",\"target\":{\"@type\":\"EntryPoint\",\"urlTemplate\":\"https:\/\/rentalpanda.es\/en\/?s={search_term_string}\"},\"query-input\":{\"@type\":\"PropertyValueSpecification\",\"valueRequired\":true,\"valueName\":\"search_term_string\"}}],\"inLanguage\":\"es\"},{\"@type\":\"Organization\",\"@id\":\"https:\/\/rentalpanda.es\/en\/#organization\",\"name\":\"Rentalpanda.es\",\"url\":\"https:\/\/rentalpanda.es\/en\/\",\"logo\":{\"@type\":\"ImageObject\",\"inLanguage\":\"es\",\"@id\":\"https:\/\/rentalpanda.es\/en\/#\/schema\/logo\/image\/\",\"url\":\"https:\/\/rentalpanda.es\/wp-content\/uploads\/2017\/02\/rentalpanda-logo-webseite-end.png\",\"contentUrl\":\"https:\/\/rentalpanda.es\/wp-content\/uploads\/2017\/02\/rentalpanda-logo-webseite-end.png\",\"width\":260,\"height\":71,\"caption\":\"Rentalpanda.es\"},\"image\":{\"@id\":\"https:\/\/rentalpanda.es\/en\/#\/schema\/logo\/image\/\"},\"sameAs\":[\"https:\/\/www.facebook.com\/rentalpandamallorca\"]}]}<\/script>\n<!-- \/ Yoast SEO plugin. -->","yoast_head_json":{"title":"Parque Infantil Beb\u00e9: Alquiler Mallorca | RentalPanda.es","description":"Alquila un parque infantil en Mallorca \u2013 Para que tambi\u00e9n t\u00fa disfrutes del descanso. Ideal para hoteles o apartamentos vacacionales. Entrega incluida.","robots":{"index":"index","follow":"follow","max-snippet":"max-snippet:-1","max-image-preview":"max-image-preview:large","max-video-preview":"max-video-preview:-1"},"canonical":"https:\/\/rentalpanda.es\/es\/producto\/parque-infantil-olmitos\/","og_locale":"es_ES","og_type":"article","og_title":"Laufstall Mieten: Mallorca Spielstall | RentalPanda.es","og_description":"Einen praktischen und bunten Laufstall mieten f\u00fcr die Kleinen - nun hast du auch im Urlaub auf Mallorca beide H\u00e4nde frei. So geht entspannter Urlaub!","og_url":"https:\/\/rentalpanda.es\/es\/producto\/parque-infantil-olmitos\/","og_site_name":"RentalPanda.es","article_publisher":"https:\/\/www.facebook.com\/rentalpandamallorca","article_modified_time":"2025-06-10T02:42:53+00:00","og_image":[{"width":427,"height":480,"url":"https:\/\/rentalpanda.es\/wp-content\/uploads\/2017\/01\/laufstall_mieten.png","type":"image\/png"}],"twitter_card":"summary_large_image","twitter_misc":{"Tiempo de lectura":"2 minutos"},"schema":{"@context":"https:\/\/schema.org","@graph":[{"@type":"WebPage","@id":"https:\/\/rentalpanda.es\/produkt\/laufstall-spielstall\/","url":"https:\/\/rentalpanda.es\/produkt\/laufstall-spielstall\/","name":"Parque Infantil Beb\u00e9: Alquiler Mallorca | RentalPanda.es","isPartOf":{"@id":"https:\/\/rentalpanda.es\/en\/#website"},"primaryImageOfPage":{"@id":"https:\/\/rentalpanda.es\/produkt\/laufstall-spielstall\/#primaryimage"},"image":{"@id":"https:\/\/rentalpanda.es\/produkt\/laufstall-spielstall\/#primaryimage"},"thumbnailUrl":"https:\/\/rentalpanda.es\/wp-content\/uploads\/2017\/01\/laufstall_mieten.png","datePublished":"2017-01-30T09:52:55+00:00","dateModified":"2025-06-10T02:42:53+00:00","description":"Alquila un parque infantil en Mallorca \u2013 Para que tambi\u00e9n t\u00fa disfrutes del descanso. Ideal para hoteles o apartamentos vacacionales. Entrega incluida.","breadcrumb":{"@id":"https:\/\/rentalpanda.es\/produkt\/laufstall-spielstall\/#breadcrumb"},"inLanguage":"es","potentialAction":[{"@type":"ReadAction","target":["https:\/\/rentalpanda.es\/produkt\/laufstall-spielstall\/"]}]},{"@type":"ImageObject","inLanguage":"es","@id":"https:\/\/rentalpanda.es\/produkt\/laufstall-spielstall\/#primaryimage","url":"https:\/\/rentalpanda.es\/wp-content\/uploads\/2017\/01\/laufstall_mieten.png","contentUrl":"https:\/\/rentalpanda.es\/wp-content\/uploads\/2017\/01\/laufstall_mieten.png","width":427,"height":480,"caption":"laufstall_mieten"},{"@type":"BreadcrumbList","@id":"https:\/\/rentalpanda.es\/produkt\/laufstall-spielstall\/#breadcrumb","itemListElement":[{"@type":"ListItem","position":1,"name":"Startseite","item":"https:\/\/rentalpanda.es\/"},{"@type":"ListItem","position":2,"name":"Shop","item":"https:\/\/rentalpanda.es\/shop\/"},{"@type":"ListItem","position":3,"name":"Laufstall \/ Spielstall Mieten"}]},{"@type":"WebSite","@id":"https:\/\/rentalpanda.es\/en\/#website","url":"https:\/\/rentalpanda.es\/en\/","name":"RentalPanda.es","description":"Baby, Beach &amp; Holiday Gear for Rent","publisher":{"@id":"https:\/\/rentalpanda.es\/en\/#organization"},"potentialAction":[{"@type":"SearchAction","target":{"@type":"EntryPoint","urlTemplate":"https:\/\/rentalpanda.es\/en\/?s={search_term_string}"},"query-input":{"@type":"PropertyValueSpecification","valueRequired":true,"valueName":"search_term_string"}}],"inLanguage":"es"},{"@type":"Organization","@id":"https:\/\/rentalpanda.es\/en\/#organization","name":"Rentalpanda.es","url":"https:\/\/rentalpanda.es\/en\/","logo":{"@type":"ImageObject","inLanguage":"es","@id":"https:\/\/rentalpanda.es\/en\/#\/schema\/logo\/image\/","url":"https:\/\/rentalpanda.es\/wp-content\/uploads\/2017\/02\/rentalpanda-logo-webseite-end.png","contentUrl":"https:\/\/rentalpanda.es\/wp-content\/uploads\/2017\/02\/rentalpanda-logo-webseite-end.png","width":260,"height":71,"caption":"Rentalpanda.es"},"image":{"@id":"https:\/\/rentalpanda.es\/en\/#\/schema\/logo\/image\/"},"sameAs":["https:\/\/www.facebook.com\/rentalpandamallorca"]}]}},"_links":{"self":[{"href":"https:\/\/rentalpanda.es\/es\/wp-json\/wp\/v2\/product\/1227","targetHints":{"allow":["GET"]}}],"collection":[{"href":"https:\/\/rentalpanda.es\/es\/wp-json\/wp\/v2\/product"}],"about":[{"href":"https:\/\/rentalpanda.es\/es\/wp-json\/wp\/v2\/types\/product"}],"replies":[{"embeddable":true,"href":"https:\/\/rentalpanda.es\/es\/wp-json\/wp\/v2\/comments?post=1227"}],"wp:featuredmedia":[{"embeddable":true,"href":"https:\/\/rentalpanda.es\/es\/wp-json\/wp\/v2\/media\/14548"}],"wp:attachment":[{"href":"https:\/\/rentalpanda.es\/es\/wp-json\/wp\/v2\/media?parent=1227"}],"wp:term":[{"taxonomy":"product_brand","embeddable":true,"href":"https:\/\/rentalpanda.es\/es\/wp-json\/wp\/v2\/product_brand?post=1227"},{"taxonomy":"product_cat","embeddable":true,"href":"https:\/\/rentalpanda.es\/es\/wp-json\/wp\/v2\/product_cat?post=1227"},{"taxonomy":"product_tag","embeddable":true,"href":"https:\/\/rentalpanda.es\/es\/wp-json\/wp\/v2\/product_tag?post=1227"}],"curies":[{"name":"wp","href":"https:\/\/api.w.org\/{rel}","templated":true}]}}