{"id":1185,"date":"2017-01-30T09:40:26","date_gmt":"2017-01-30T09:40:26","guid":{"rendered":"http:\/\/rentalpanda.es\/produkt\/spielmatte-krabbeldecke\/"},"modified":"2026-01-09T02:36:36","modified_gmt":"2026-01-09T02:36:36","slug":"gimnasio-tapete-bebe-alquilar-mallorca","status":"publish","type":"product","link":"https:\/\/rentalpanda.es\/es\/produkt\/spielmatte-krabbeldecke\/","title":{"rendered":"IKEA Gimnasio Beb\u00e9"},"content":{"rendered":"<h2><strong>IKEA Gimnasio Beb\u00e9<\/strong><\/h2>\n<p>Los beb\u00e9s usan sus impresiones sensuales para comprender el mundo que los rodea. Por supuesto, los sentidos a\u00fan no est\u00e1n completamente desarrollados, por eso es extremadamente importante estimularlos. \u00a1Y eso puede ser muy divertido, especialmente durante las vacaciones! Nuestro moderno centro de juegos y gimnasia para beb\u00e9s ofrece est\u00edmulos variados con sus diferentes formas, superficies y colores agradables.<\/p>\n<h2>Alquila IKEA Gimnasio Beb\u00e9<\/h2>\n<p>Se ha prestado especial atenci\u00f3n a la seguridad, ya que las piezas peque\u00f1as no se pueden soltar y no se pueden tragar. Adem\u00e1s, ni la boca ni las enc\u00edas pueden lesionarse. \u00a1Esto significa que con RentalPanda.es, tanto usted como su beb\u00e9 tendr\u00e1n mucho de qu\u00e9 re\u00edrse en sus vacaciones en Mallorca! Antes de cada uso, el gimnasio se limpia a fondo y se esteriliza con vapor.<\/p>\n<h3>Beneficios IKEA Gimnasio Beb\u00e9 Mallorca<\/h3>\n<ul>\n<li>Colores agradables y amigables para los ni\u00f1os<\/li>\n<li>Animales graciosos y figuras<\/li>\n<li>Material blando<\/li>\n<li>Se puede usar en cualquier lugar<\/li>\n<\/ul>\n<h3>IKEA Gimnasio Beb\u00e9: Datos T\u00e9cnicos<\/h3>\n<p>Peso: 1.0kg<br \/>\nDimensiones AP: 45x101cm<br \/>\nTapete: 100% algod\u00f3n.<br \/>\nJuguetes: 100% algod\u00f3n.<br \/>\nRelleno: fibras de poli\u00e9ster<\/p>\n<p>Apto para beb\u00e9s y ni\u00f1os de todas las edades<\/p>","protected":false},"excerpt":{"rendered":"<p>Este popular tapete de juego \/ IKEA gimnasio beb\u00e9 ofrece una variedad de diversi\u00f3n estimulante. \u00a1Con piezas divertidas y colores agradables, tu peque\u00f1o estar\u00e1 constantemente entretenido!<\/p>\n<p>TENGA EN CUENTA: D\u00eda de llegada + d\u00eda de salida = 2 d\u00edas completos de alquiler (ni el 1er ni el \u00faltimo d\u00eda, los productos se pueden alquilar en otro lugar).<\/p>","protected":false},"featured_media":14551,"comment_status":"open","ping_status":"closed","template":"","meta":[],"product_brand":[],"product_cat":[87,90,97],"product_tag":[171,170,168],"class_list":{"0":"post-1185","1":"product","2":"type-product","3":"status-publish","4":"has-post-thumbnail","6":"product_cat-baby-kind","7":"product_cat-mieten","8":"product_cat-spielen","9":"product_tag-krabbeldecke","10":"product_tag-spieldecke","11":"product_tag-spielmatte","13":"first","14":"instock","15":"taxable","16":"shipping-taxable","17":"purchasable","18":"product-type-simple"},"yoast_head":"<!-- This site is optimized with the Yoast SEO plugin v27.1.1 - https:\/\/yoast.com\/product\/yoast-seo-wordpress\/ -->\n<title>Babyartikel Mieten Mallorca: IKEA Spieldecke | RentalPanda<\/title>\n<meta name=\"description\" content=\"Halte dein Baby bei Laune auf Mallorca: IKEA Spieldecke \/ Krabbeldecke mieten und direkt in dein Feriendomizil liefern lassen, &amp; viele weitere Babyprodukte!\" \/>\n<meta name=\"robots\" content=\"index, follow, max-snippet:-1, max-image-preview:large, max-video-preview:-1\" \/>\n<link rel=\"canonical\" href=\"https:\/\/rentalpanda.es\/es\/producto\/gimnasio-tapete-bebe-alquilar-mallorca\/\" \/>\n<meta property=\"og:locale\" content=\"es_ES\" \/>\n<meta property=\"og:type\" content=\"article\" \/>\n<meta property=\"og:title\" content=\"Babyartikel Mieten Mallorca: IKEA Spieldecke | RentalPanda\" \/>\n<meta property=\"og:description\" content=\"Halte dein Baby bei Laune auf Mallorca: IKEA Spieldecke \/ Krabbeldecke mieten und direkt in dein Feriendomizil liefern lassen, &amp; viele weitere Babyprodukte!\" \/>\n<meta property=\"og:url\" content=\"https:\/\/rentalpanda.es\/es\/producto\/gimnasio-tapete-bebe-alquilar-mallorca\/\" \/>\n<meta property=\"og:site_name\" content=\"RentalPanda.es\" \/>\n<meta property=\"article:publisher\" content=\"https:\/\/www.facebook.com\/rentalpandamallorca\" \/>\n<meta property=\"article:modified_time\" content=\"2026-01-09T02:36:36+00:00\" \/>\n<meta property=\"og:image\" content=\"https:\/\/rentalpanda.es\/wp-content\/uploads\/2017\/01\/ikea_spieldecke.png\" \/>\n\t<meta property=\"og:image:width\" content=\"427\" \/>\n\t<meta property=\"og:image:height\" content=\"480\" \/>\n\t<meta property=\"og:image:type\" content=\"image\/png\" \/>\n<meta name=\"twitter:card\" content=\"summary_large_image\" \/>\n<meta name=\"twitter:label1\" content=\"Tiempo de lectura\" \/>\n\t<meta name=\"twitter:data1\" content=\"2 minutos\" \/>\n<script type=\"application\/ld+json\" class=\"yoast-schema-graph\">{\"@context\":\"https:\/\/schema.org\",\"@graph\":[{\"@type\":\"WebPage\",\"@id\":\"https:\/\/rentalpanda.es\/produkt\/spielmatte-krabbeldecke\/\",\"url\":\"https:\/\/rentalpanda.es\/produkt\/spielmatte-krabbeldecke\/\",\"name\":\"Babyartikel Mieten Mallorca: IKEA Spieldecke | RentalPanda\",\"isPartOf\":{\"@id\":\"https:\/\/rentalpanda.es\/en\/#website\"},\"primaryImageOfPage\":{\"@id\":\"https:\/\/rentalpanda.es\/produkt\/spielmatte-krabbeldecke\/#primaryimage\"},\"image\":{\"@id\":\"https:\/\/rentalpanda.es\/produkt\/spielmatte-krabbeldecke\/#primaryimage\"},\"thumbnailUrl\":\"https:\/\/rentalpanda.es\/wp-content\/uploads\/2017\/01\/ikea_spieldecke.png\",\"datePublished\":\"2017-01-30T09:40:26+00:00\",\"dateModified\":\"2026-01-09T02:36:36+00:00\",\"description\":\"Halte dein Baby bei Laune auf Mallorca: IKEA Spieldecke \/ Krabbeldecke mieten und direkt in dein Feriendomizil liefern lassen, & viele weitere Babyprodukte!\",\"breadcrumb\":{\"@id\":\"https:\/\/rentalpanda.es\/produkt\/spielmatte-krabbeldecke\/#breadcrumb\"},\"inLanguage\":\"es\",\"potentialAction\":[{\"@type\":\"ReadAction\",\"target\":[\"https:\/\/rentalpanda.es\/produkt\/spielmatte-krabbeldecke\/\"]}]},{\"@type\":\"ImageObject\",\"inLanguage\":\"es\",\"@id\":\"https:\/\/rentalpanda.es\/produkt\/spielmatte-krabbeldecke\/#primaryimage\",\"url\":\"https:\/\/rentalpanda.es\/wp-content\/uploads\/2017\/01\/ikea_spieldecke.png\",\"contentUrl\":\"https:\/\/rentalpanda.es\/wp-content\/uploads\/2017\/01\/ikea_spieldecke.png\",\"width\":427,\"height\":480,\"caption\":\"ikea_spieldecke\"},{\"@type\":\"BreadcrumbList\",\"@id\":\"https:\/\/rentalpanda.es\/produkt\/spielmatte-krabbeldecke\/#breadcrumb\",\"itemListElement\":[{\"@type\":\"ListItem\",\"position\":1,\"name\":\"Startseite\",\"item\":\"https:\/\/rentalpanda.es\/\"},{\"@type\":\"ListItem\",\"position\":2,\"name\":\"Shop\",\"item\":\"https:\/\/rentalpanda.es\/shop\/\"},{\"@type\":\"ListItem\",\"position\":3,\"name\":\"IKEA Spiel- und Krabbeldecke\"}]},{\"@type\":\"WebSite\",\"@id\":\"https:\/\/rentalpanda.es\/en\/#website\",\"url\":\"https:\/\/rentalpanda.es\/en\/\",\"name\":\"RentalPanda.es\",\"description\":\"Baby, Beach &amp; Holiday Gear for Rent\",\"publisher\":{\"@id\":\"https:\/\/rentalpanda.es\/en\/#organization\"},\"potentialAction\":[{\"@type\":\"SearchAction\",\"target\":{\"@type\":\"EntryPoint\",\"urlTemplate\":\"https:\/\/rentalpanda.es\/en\/?s={search_term_string}\"},\"query-input\":{\"@type\":\"PropertyValueSpecification\",\"valueRequired\":true,\"valueName\":\"search_term_string\"}}],\"inLanguage\":\"es\"},{\"@type\":\"Organization\",\"@id\":\"https:\/\/rentalpanda.es\/en\/#organization\",\"name\":\"Rentalpanda.es\",\"url\":\"https:\/\/rentalpanda.es\/en\/\",\"logo\":{\"@type\":\"ImageObject\",\"inLanguage\":\"es\",\"@id\":\"https:\/\/rentalpanda.es\/en\/#\/schema\/logo\/image\/\",\"url\":\"https:\/\/rentalpanda.es\/wp-content\/uploads\/2017\/02\/rentalpanda-logo-webseite-end.png\",\"contentUrl\":\"https:\/\/rentalpanda.es\/wp-content\/uploads\/2017\/02\/rentalpanda-logo-webseite-end.png\",\"width\":260,\"height\":71,\"caption\":\"Rentalpanda.es\"},\"image\":{\"@id\":\"https:\/\/rentalpanda.es\/en\/#\/schema\/logo\/image\/\"},\"sameAs\":[\"https:\/\/www.facebook.com\/rentalpandamallorca\"]}]}<\/script>\n<!-- \/ Yoast SEO plugin. -->","yoast_head_json":{"title":"IKEA Gimnasio Beb\u00e9: Alquiler Mallorca | RentalPanda.es","description":"Alquila una manta de juegos IKEA con entrega directa al alojamiento. Ideal para jugar, moverse y estar c\u00f3modo durante las vacaciones. Suave, colorida y limpia!","robots":{"index":"index","follow":"follow","max-snippet":"max-snippet:-1","max-image-preview":"max-image-preview:large","max-video-preview":"max-video-preview:-1"},"canonical":"https:\/\/rentalpanda.es\/es\/producto\/gimnasio-tapete-bebe-alquilar-mallorca\/","og_locale":"es_ES","og_type":"article","og_title":"Babyartikel Mieten Mallorca: IKEA Spieldecke | RentalPanda","og_description":"Halte dein Baby bei Laune auf Mallorca: IKEA Spieldecke \/ Krabbeldecke mieten und direkt in dein Feriendomizil liefern lassen, & viele weitere Babyprodukte!","og_url":"https:\/\/rentalpanda.es\/es\/producto\/gimnasio-tapete-bebe-alquilar-mallorca\/","og_site_name":"RentalPanda.es","article_publisher":"https:\/\/www.facebook.com\/rentalpandamallorca","article_modified_time":"2026-01-09T02:36:36+00:00","og_image":[{"width":427,"height":480,"url":"https:\/\/rentalpanda.es\/wp-content\/uploads\/2017\/01\/ikea_spieldecke.png","type":"image\/png"}],"twitter_card":"summary_large_image","twitter_misc":{"Tiempo de lectura":"2 minutos"},"schema":{"@context":"https:\/\/schema.org","@graph":[{"@type":"WebPage","@id":"https:\/\/rentalpanda.es\/produkt\/spielmatte-krabbeldecke\/","url":"https:\/\/rentalpanda.es\/produkt\/spielmatte-krabbeldecke\/","name":"IKEA Gimnasio Beb\u00e9: Alquiler Mallorca | RentalPanda.es","isPartOf":{"@id":"https:\/\/rentalpanda.es\/en\/#website"},"primaryImageOfPage":{"@id":"https:\/\/rentalpanda.es\/produkt\/spielmatte-krabbeldecke\/#primaryimage"},"image":{"@id":"https:\/\/rentalpanda.es\/produkt\/spielmatte-krabbeldecke\/#primaryimage"},"thumbnailUrl":"https:\/\/rentalpanda.es\/wp-content\/uploads\/2017\/01\/ikea_spieldecke.png","datePublished":"2017-01-30T09:40:26+00:00","dateModified":"2026-01-09T02:36:36+00:00","description":"Alquila una manta de juegos IKEA con entrega directa al alojamiento. Ideal para jugar, moverse y estar c\u00f3modo durante las vacaciones. Suave, colorida y limpia!","breadcrumb":{"@id":"https:\/\/rentalpanda.es\/produkt\/spielmatte-krabbeldecke\/#breadcrumb"},"inLanguage":"es","potentialAction":[{"@type":"ReadAction","target":["https:\/\/rentalpanda.es\/produkt\/spielmatte-krabbeldecke\/"]}]},{"@type":"ImageObject","inLanguage":"es","@id":"https:\/\/rentalpanda.es\/produkt\/spielmatte-krabbeldecke\/#primaryimage","url":"https:\/\/rentalpanda.es\/wp-content\/uploads\/2017\/01\/ikea_spieldecke.png","contentUrl":"https:\/\/rentalpanda.es\/wp-content\/uploads\/2017\/01\/ikea_spieldecke.png","width":427,"height":480,"caption":"ikea_spieldecke"},{"@type":"BreadcrumbList","@id":"https:\/\/rentalpanda.es\/produkt\/spielmatte-krabbeldecke\/#breadcrumb","itemListElement":[{"@type":"ListItem","position":1,"name":"Startseite","item":"https:\/\/rentalpanda.es\/"},{"@type":"ListItem","position":2,"name":"Shop","item":"https:\/\/rentalpanda.es\/shop\/"},{"@type":"ListItem","position":3,"name":"IKEA Spiel- und Krabbeldecke"}]},{"@type":"WebSite","@id":"https:\/\/rentalpanda.es\/en\/#website","url":"https:\/\/rentalpanda.es\/en\/","name":"RentalPanda.es","description":"Baby, Beach &amp; Holiday Gear for Rent","publisher":{"@id":"https:\/\/rentalpanda.es\/en\/#organization"},"potentialAction":[{"@type":"SearchAction","target":{"@type":"EntryPoint","urlTemplate":"https:\/\/rentalpanda.es\/en\/?s={search_term_string}"},"query-input":{"@type":"PropertyValueSpecification","valueRequired":true,"valueName":"search_term_string"}}],"inLanguage":"es"},{"@type":"Organization","@id":"https:\/\/rentalpanda.es\/en\/#organization","name":"Rentalpanda.es","url":"https:\/\/rentalpanda.es\/en\/","logo":{"@type":"ImageObject","inLanguage":"es","@id":"https:\/\/rentalpanda.es\/en\/#\/schema\/logo\/image\/","url":"https:\/\/rentalpanda.es\/wp-content\/uploads\/2017\/02\/rentalpanda-logo-webseite-end.png","contentUrl":"https:\/\/rentalpanda.es\/wp-content\/uploads\/2017\/02\/rentalpanda-logo-webseite-end.png","width":260,"height":71,"caption":"Rentalpanda.es"},"image":{"@id":"https:\/\/rentalpanda.es\/en\/#\/schema\/logo\/image\/"},"sameAs":["https:\/\/www.facebook.com\/rentalpandamallorca"]}]}},"_links":{"self":[{"href":"https:\/\/rentalpanda.es\/es\/wp-json\/wp\/v2\/product\/1185","targetHints":{"allow":["GET"]}}],"collection":[{"href":"https:\/\/rentalpanda.es\/es\/wp-json\/wp\/v2\/product"}],"about":[{"href":"https:\/\/rentalpanda.es\/es\/wp-json\/wp\/v2\/types\/product"}],"replies":[{"embeddable":true,"href":"https:\/\/rentalpanda.es\/es\/wp-json\/wp\/v2\/comments?post=1185"}],"wp:featuredmedia":[{"embeddable":true,"href":"https:\/\/rentalpanda.es\/es\/wp-json\/wp\/v2\/media\/14551"}],"wp:attachment":[{"href":"https:\/\/rentalpanda.es\/es\/wp-json\/wp\/v2\/media?parent=1185"}],"wp:term":[{"taxonomy":"product_brand","embeddable":true,"href":"https:\/\/rentalpanda.es\/es\/wp-json\/wp\/v2\/product_brand?post=1185"},{"taxonomy":"product_cat","embeddable":true,"href":"https:\/\/rentalpanda.es\/es\/wp-json\/wp\/v2\/product_cat?post=1185"},{"taxonomy":"product_tag","embeddable":true,"href":"https:\/\/rentalpanda.es\/es\/wp-json\/wp\/v2\/product_tag?post=1185"}],"curies":[{"name":"wp","href":"https:\/\/api.w.org\/{rel}","templated":true}]}}