{"id":1099,"date":"2017-01-28T13:48:57","date_gmt":"2017-01-28T13:48:57","guid":{"rendered":"http:\/\/rentalpanda.es\/produkt\/laufrad-zum-lernen-ohne-handbremse\/"},"modified":"2025-12-07T06:23:54","modified_gmt":"2025-12-07T06:23:54","slug":"bicicleta-sin-pedales-alquilar-mallorca","status":"publish","type":"product","link":"https:\/\/rentalpanda.es\/es\/produkt\/laufrad-zum-lernen\/","title":{"rendered":"DECATHLON Bicicleta Sin Pedales 10\u2033"},"content":{"rendered":"<h2><strong>DECATHLON Bicicleta Sin Pedales<\/strong><\/h2>\n<p>\u00a1Esta moderna bicicleta sin pedales de DECATHLON es muy divertida! Es f\u00e1cil de manejar y proporciona una experiencia de conducci\u00f3n perfectamente equilibrada. La bicicleta de equilibrio de alquiler tiene una silla de montar baja (\u00a1para un mejor control!), Un manillar ergon\u00f3micamente mejorado, un marco de acero muy estable y neum\u00e1ticos de espuma EVA s\u00f3lidos y no resbaladizos. \u00a1Sin duda, esto significa la m\u00e1xima diversi\u00f3n para su hijo en Mallorca! Una bicicleta de equilibrio es la forma ideal de inspirar a los ni\u00f1os para actividades al aire libre, incluso los recorridos, viajes o excursiones m\u00e1s largos son f\u00e1ciles.<\/p>\n<h2>Bicicleta Sin Pedales de Decathlon<\/h2>\n<p>No m\u00e1s neum\u00e1ticos desinflados: no es necesario inflar, porque los neum\u00e1ticos est\u00e1n hechos de un pl\u00e1stico especial. En general, conducir una bicicleta sin pedales de RentalPanda.es es una de las mejores formas de moverse por la isla con ni\u00f1os, sin cansarse r\u00e1pidamente. Los ni\u00f1os pueden viajar mucho m\u00e1s tiempo y m\u00e1s r\u00e1pido que con bicicletas con ruedas de apoyo. Tambi\u00e9n es ideal para aprender y prepararse para el ciclismo real, ya que, sin ruedas de apoyo, el ni\u00f1o aprende a mantener el equilibrio f\u00e1cilmente y siente la velocidad.<\/p>\n<h3>Beneficios Bicicleta Sin Pedales<\/h3>\n<ul>\n<li>F\u00e1cil de usar<\/li>\n<li>Muy ligero<\/li>\n<li>Excelente estabilidad<\/li>\n<li>F\u00e1cil de cargar<\/li>\n<li>No m\u00e1s neum\u00e1ticos pinchados<\/li>\n<li>Incluye casco de seguridad<\/li>\n<\/ul>\n<h4>DECATHLON Bicicleta Sin Pedales: Datos T\u00e9cnicos<\/h4>\n<p>Peso: 3kg.<br \/>\nDimensi\u00f3n AAP: 40x30x70cm<br \/>\nMarco 100% de acero<\/p>\n<p>La altura del sill\u00edn corresponde a la longitud de zancada del ni\u00f1o y se puede ajustar entre 33 y 41 cm.<\/p>\n<p>Para ni\u00f1os entre 2 y 4 a\u00f1os y tama\u00f1o 85-100cm. Incluido: casco de seguridad con certificaci\u00f3n T\u00dcV.<\/p>","protected":false},"excerpt":{"rendered":"<p><strong>\u00a1Esta bicicleta sin pedales<\/strong> de RentalPanda (DECATHLON) es extremadamente robusta y es una excelente manera para que su peque\u00f1o practique el equilibrio y se prepare para lo real, mientras se divierte mucho! Con un sill\u00edn y un manillar de altura ajustable, es f\u00e1cil adaptarlo a diferentes longitudes de pierna (edades 2-4).<\/p>\n<p>TENGA EN CUENTA: D\u00eda de llegada + d\u00eda de salida = 2 d\u00edas completos de alquiler (ni el 1er ni el \u00faltimo d\u00eda, los productos se pueden alquilar en otro lugar).<\/p>","protected":false},"featured_media":14554,"comment_status":"open","ping_status":"closed","template":"","meta":[],"product_brand":[],"product_cat":[87,90,97],"product_tag":[163,162,920,921,866],"class_list":{"0":"post-1099","1":"product","2":"type-product","3":"status-publish","4":"has-post-thumbnail","6":"product_cat-baby-kind","7":"product_cat-mieten","8":"product_cat-spielen","9":"product_tag-lauflernrad","10":"product_tag-laufrad","11":"product_tag-laufrad-jungs","12":"product_tag-laufrad-maedchen","13":"product_tag-laufrad-mieten","15":"first","16":"instock","17":"featured","18":"taxable","19":"shipping-taxable","20":"purchasable","21":"product-type-simple"},"yoast_head":"<!-- This site is optimized with the Yoast SEO plugin v27.1.1 - https:\/\/yoast.com\/product\/yoast-seo-wordpress\/ -->\n<title>Laufrad Mieten Mallorca: Fahrspa\u00df Pur | Rentalpanda.es<\/title>\n<meta name=\"description\" content=\"Halte dein Kind bei Laune, auch im Urlaub auf Mallorca. Tolles Laufrad mieten f\u00fcr garantierten Fahrspa\u00df in den Ferien. Lieferung zum Flughafen!\" \/>\n<meta name=\"robots\" content=\"index, follow, max-snippet:-1, max-image-preview:large, max-video-preview:-1\" \/>\n<link rel=\"canonical\" href=\"https:\/\/rentalpanda.es\/es\/producto\/bicicleta-sin-pedales-alquilar-mallorca\/\" \/>\n<meta property=\"og:locale\" content=\"es_ES\" \/>\n<meta property=\"og:type\" content=\"article\" \/>\n<meta property=\"og:title\" content=\"Laufrad Mieten Mallorca: Fahrspa\u00df Pur | Rentalpanda.es\" \/>\n<meta property=\"og:description\" content=\"Halte dein Kind bei Laune, auch im Urlaub auf Mallorca. Tolles Laufrad mieten f\u00fcr garantierten Fahrspa\u00df in den Ferien. Lieferung zum Flughafen!\" \/>\n<meta property=\"og:url\" content=\"https:\/\/rentalpanda.es\/es\/producto\/bicicleta-sin-pedales-alquilar-mallorca\/\" \/>\n<meta property=\"og:site_name\" content=\"RentalPanda.es\" \/>\n<meta property=\"article:publisher\" content=\"https:\/\/www.facebook.com\/rentalpandamallorca\" \/>\n<meta property=\"article:modified_time\" content=\"2025-12-07T06:23:54+00:00\" \/>\n<meta property=\"og:image\" content=\"https:\/\/rentalpanda.es\/wp-content\/uploads\/2017\/01\/laufrad_mieten.png\" \/>\n\t<meta property=\"og:image:width\" content=\"427\" \/>\n\t<meta property=\"og:image:height\" content=\"480\" \/>\n\t<meta property=\"og:image:type\" content=\"image\/png\" \/>\n<meta name=\"twitter:card\" content=\"summary_large_image\" \/>\n<meta name=\"twitter:label1\" content=\"Tiempo de lectura\" \/>\n\t<meta name=\"twitter:data1\" content=\"2 minutos\" \/>\n<script type=\"application\/ld+json\" class=\"yoast-schema-graph\">{\"@context\":\"https:\/\/schema.org\",\"@graph\":[{\"@type\":\"WebPage\",\"@id\":\"https:\/\/rentalpanda.es\/produkt\/laufrad-zum-lernen\/\",\"url\":\"https:\/\/rentalpanda.es\/produkt\/laufrad-zum-lernen\/\",\"name\":\"Laufrad Mieten Mallorca: Fahrspa\u00df Pur | Rentalpanda.es\",\"isPartOf\":{\"@id\":\"https:\/\/rentalpanda.es\/en\/#website\"},\"primaryImageOfPage\":{\"@id\":\"https:\/\/rentalpanda.es\/produkt\/laufrad-zum-lernen\/#primaryimage\"},\"image\":{\"@id\":\"https:\/\/rentalpanda.es\/produkt\/laufrad-zum-lernen\/#primaryimage\"},\"thumbnailUrl\":\"https:\/\/rentalpanda.es\/wp-content\/uploads\/2017\/01\/laufrad_mieten.png\",\"datePublished\":\"2017-01-28T13:48:57+00:00\",\"dateModified\":\"2025-12-07T06:23:54+00:00\",\"description\":\"Halte dein Kind bei Laune, auch im Urlaub auf Mallorca. Tolles Laufrad mieten f\u00fcr garantierten Fahrspa\u00df in den Ferien. Lieferung zum Flughafen!\",\"breadcrumb\":{\"@id\":\"https:\/\/rentalpanda.es\/produkt\/laufrad-zum-lernen\/#breadcrumb\"},\"inLanguage\":\"es\",\"potentialAction\":[{\"@type\":\"ReadAction\",\"target\":[\"https:\/\/rentalpanda.es\/produkt\/laufrad-zum-lernen\/\"]}]},{\"@type\":\"ImageObject\",\"inLanguage\":\"es\",\"@id\":\"https:\/\/rentalpanda.es\/produkt\/laufrad-zum-lernen\/#primaryimage\",\"url\":\"https:\/\/rentalpanda.es\/wp-content\/uploads\/2017\/01\/laufrad_mieten.png\",\"contentUrl\":\"https:\/\/rentalpanda.es\/wp-content\/uploads\/2017\/01\/laufrad_mieten.png\",\"width\":427,\"height\":480,\"caption\":\"laufrad_mieten\"},{\"@type\":\"BreadcrumbList\",\"@id\":\"https:\/\/rentalpanda.es\/produkt\/laufrad-zum-lernen\/#breadcrumb\",\"itemListElement\":[{\"@type\":\"ListItem\",\"position\":1,\"name\":\"Startseite\",\"item\":\"https:\/\/rentalpanda.es\/\"},{\"@type\":\"ListItem\",\"position\":2,\"name\":\"Shop\",\"item\":\"https:\/\/rentalpanda.es\/shop\/\"},{\"@type\":\"ListItem\",\"position\":3,\"name\":\"DECATHLON Laufrad Mieten\"}]},{\"@type\":\"WebSite\",\"@id\":\"https:\/\/rentalpanda.es\/en\/#website\",\"url\":\"https:\/\/rentalpanda.es\/en\/\",\"name\":\"RentalPanda.es\",\"description\":\"Baby, Beach &amp; Holiday Gear for Rent\",\"publisher\":{\"@id\":\"https:\/\/rentalpanda.es\/en\/#organization\"},\"potentialAction\":[{\"@type\":\"SearchAction\",\"target\":{\"@type\":\"EntryPoint\",\"urlTemplate\":\"https:\/\/rentalpanda.es\/en\/?s={search_term_string}\"},\"query-input\":{\"@type\":\"PropertyValueSpecification\",\"valueRequired\":true,\"valueName\":\"search_term_string\"}}],\"inLanguage\":\"es\"},{\"@type\":\"Organization\",\"@id\":\"https:\/\/rentalpanda.es\/en\/#organization\",\"name\":\"Rentalpanda.es\",\"url\":\"https:\/\/rentalpanda.es\/en\/\",\"logo\":{\"@type\":\"ImageObject\",\"inLanguage\":\"es\",\"@id\":\"https:\/\/rentalpanda.es\/en\/#\/schema\/logo\/image\/\",\"url\":\"https:\/\/rentalpanda.es\/wp-content\/uploads\/2017\/02\/rentalpanda-logo-webseite-end.png\",\"contentUrl\":\"https:\/\/rentalpanda.es\/wp-content\/uploads\/2017\/02\/rentalpanda-logo-webseite-end.png\",\"width\":260,\"height\":71,\"caption\":\"Rentalpanda.es\"},\"image\":{\"@id\":\"https:\/\/rentalpanda.es\/en\/#\/schema\/logo\/image\/\"},\"sameAs\":[\"https:\/\/www.facebook.com\/rentalpandamallorca\"]}]}<\/script>\n<!-- \/ Yoast SEO plugin. -->","yoast_head_json":{"title":"Bicicleta Sin Pedales Decathlon | Rentalpanda.es","description":"Alquila una bicicleta sin pedales en Mallorca, perfecta para ni\u00f1os peque\u00f1os. Ligera, estable y genial para las vacaciones. Entrega en el aeropuerto de Palma.","robots":{"index":"index","follow":"follow","max-snippet":"max-snippet:-1","max-image-preview":"max-image-preview:large","max-video-preview":"max-video-preview:-1"},"canonical":"https:\/\/rentalpanda.es\/es\/producto\/bicicleta-sin-pedales-alquilar-mallorca\/","og_locale":"es_ES","og_type":"article","og_title":"Laufrad Mieten Mallorca: Fahrspa\u00df Pur | Rentalpanda.es","og_description":"Halte dein Kind bei Laune, auch im Urlaub auf Mallorca. Tolles Laufrad mieten f\u00fcr garantierten Fahrspa\u00df in den Ferien. Lieferung zum Flughafen!","og_url":"https:\/\/rentalpanda.es\/es\/producto\/bicicleta-sin-pedales-alquilar-mallorca\/","og_site_name":"RentalPanda.es","article_publisher":"https:\/\/www.facebook.com\/rentalpandamallorca","article_modified_time":"2025-12-07T06:23:54+00:00","og_image":[{"width":427,"height":480,"url":"https:\/\/rentalpanda.es\/wp-content\/uploads\/2017\/01\/laufrad_mieten.png","type":"image\/png"}],"twitter_card":"summary_large_image","twitter_misc":{"Tiempo de lectura":"2 minutos"},"schema":{"@context":"https:\/\/schema.org","@graph":[{"@type":"WebPage","@id":"https:\/\/rentalpanda.es\/produkt\/laufrad-zum-lernen\/","url":"https:\/\/rentalpanda.es\/produkt\/laufrad-zum-lernen\/","name":"Bicicleta Sin Pedales Decathlon | Rentalpanda.es","isPartOf":{"@id":"https:\/\/rentalpanda.es\/en\/#website"},"primaryImageOfPage":{"@id":"https:\/\/rentalpanda.es\/produkt\/laufrad-zum-lernen\/#primaryimage"},"image":{"@id":"https:\/\/rentalpanda.es\/produkt\/laufrad-zum-lernen\/#primaryimage"},"thumbnailUrl":"https:\/\/rentalpanda.es\/wp-content\/uploads\/2017\/01\/laufrad_mieten.png","datePublished":"2017-01-28T13:48:57+00:00","dateModified":"2025-12-07T06:23:54+00:00","description":"Alquila una bicicleta sin pedales en Mallorca, perfecta para ni\u00f1os peque\u00f1os. Ligera, estable y genial para las vacaciones. Entrega en el aeropuerto de Palma.","breadcrumb":{"@id":"https:\/\/rentalpanda.es\/produkt\/laufrad-zum-lernen\/#breadcrumb"},"inLanguage":"es","potentialAction":[{"@type":"ReadAction","target":["https:\/\/rentalpanda.es\/produkt\/laufrad-zum-lernen\/"]}]},{"@type":"ImageObject","inLanguage":"es","@id":"https:\/\/rentalpanda.es\/produkt\/laufrad-zum-lernen\/#primaryimage","url":"https:\/\/rentalpanda.es\/wp-content\/uploads\/2017\/01\/laufrad_mieten.png","contentUrl":"https:\/\/rentalpanda.es\/wp-content\/uploads\/2017\/01\/laufrad_mieten.png","width":427,"height":480,"caption":"laufrad_mieten"},{"@type":"BreadcrumbList","@id":"https:\/\/rentalpanda.es\/produkt\/laufrad-zum-lernen\/#breadcrumb","itemListElement":[{"@type":"ListItem","position":1,"name":"Startseite","item":"https:\/\/rentalpanda.es\/"},{"@type":"ListItem","position":2,"name":"Shop","item":"https:\/\/rentalpanda.es\/shop\/"},{"@type":"ListItem","position":3,"name":"DECATHLON Laufrad Mieten"}]},{"@type":"WebSite","@id":"https:\/\/rentalpanda.es\/en\/#website","url":"https:\/\/rentalpanda.es\/en\/","name":"RentalPanda.es","description":"Baby, Beach &amp; Holiday Gear for Rent","publisher":{"@id":"https:\/\/rentalpanda.es\/en\/#organization"},"potentialAction":[{"@type":"SearchAction","target":{"@type":"EntryPoint","urlTemplate":"https:\/\/rentalpanda.es\/en\/?s={search_term_string}"},"query-input":{"@type":"PropertyValueSpecification","valueRequired":true,"valueName":"search_term_string"}}],"inLanguage":"es"},{"@type":"Organization","@id":"https:\/\/rentalpanda.es\/en\/#organization","name":"Rentalpanda.es","url":"https:\/\/rentalpanda.es\/en\/","logo":{"@type":"ImageObject","inLanguage":"es","@id":"https:\/\/rentalpanda.es\/en\/#\/schema\/logo\/image\/","url":"https:\/\/rentalpanda.es\/wp-content\/uploads\/2017\/02\/rentalpanda-logo-webseite-end.png","contentUrl":"https:\/\/rentalpanda.es\/wp-content\/uploads\/2017\/02\/rentalpanda-logo-webseite-end.png","width":260,"height":71,"caption":"Rentalpanda.es"},"image":{"@id":"https:\/\/rentalpanda.es\/en\/#\/schema\/logo\/image\/"},"sameAs":["https:\/\/www.facebook.com\/rentalpandamallorca"]}]}},"_links":{"self":[{"href":"https:\/\/rentalpanda.es\/es\/wp-json\/wp\/v2\/product\/1099","targetHints":{"allow":["GET"]}}],"collection":[{"href":"https:\/\/rentalpanda.es\/es\/wp-json\/wp\/v2\/product"}],"about":[{"href":"https:\/\/rentalpanda.es\/es\/wp-json\/wp\/v2\/types\/product"}],"replies":[{"embeddable":true,"href":"https:\/\/rentalpanda.es\/es\/wp-json\/wp\/v2\/comments?post=1099"}],"wp:featuredmedia":[{"embeddable":true,"href":"https:\/\/rentalpanda.es\/es\/wp-json\/wp\/v2\/media\/14554"}],"wp:attachment":[{"href":"https:\/\/rentalpanda.es\/es\/wp-json\/wp\/v2\/media?parent=1099"}],"wp:term":[{"taxonomy":"product_brand","embeddable":true,"href":"https:\/\/rentalpanda.es\/es\/wp-json\/wp\/v2\/product_brand?post=1099"},{"taxonomy":"product_cat","embeddable":true,"href":"https:\/\/rentalpanda.es\/es\/wp-json\/wp\/v2\/product_cat?post=1099"},{"taxonomy":"product_tag","embeddable":true,"href":"https:\/\/rentalpanda.es\/es\/wp-json\/wp\/v2\/product_tag?post=1099"}],"curies":[{"name":"wp","href":"https:\/\/api.w.org\/{rel}","templated":true}]}}