{"id":1077,"date":"2017-01-28T13:38:31","date_gmt":"2017-01-28T13:38:31","guid":{"rendered":"http:\/\/rentalpanda.es\/produkt\/baby-kinder-autositz-0-18kg\/"},"modified":"2026-04-19T04:47:35","modified_gmt":"2026-04-19T03:47:35","slug":"silla-coche-0-18kg-alquilar-mallorca","status":"publish","type":"product","link":"https:\/\/rentalpanda.es\/es\/produkt\/baby-kinder-autositz-0-18kg\/","title":{"rendered":"Silla Beb\u00e9s Ni\u00f1os 0-18kg"},"content":{"rendered":"<h2><strong>Silla de Coche para Beb\u00e9s y Ni\u00f1os 0-18kg<\/strong><\/h2>\n<p>Si pasa tiempo en Mallorca, podr\u00eda estar dispuesto a recorrer con un coche alquilado. Pero la seguridad siempre es lo primero, y un silla de coche para ni\u00f1os es, por supuesto, obligatorio en Espa\u00f1a. Las compa\u00f1\u00edas de alquiler de autom\u00f3viles ofrecen asientos para ni\u00f1os, pero principalmente a precios terriblemente altos. En RentalPanda Mallorca puede alquilar, en cambio, su asiento para el autom\u00f3vil por menos de 5 euros \/ d\u00eda.<\/p>\n<h2>Beb\u00e9s y Ni\u00f1os: Silla de Coche<\/h2>\n<p>Aprobado seg\u00fan el est\u00e1ndar R129, el asiento para el autom\u00f3vil es adecuado para beb\u00e9s y ni\u00f1os desde el nacimiento hasta los 18 kg. F\u00e1cilmente ajustable a varias posiciones, incluso se puede reclinar en 3 posiciones (\u00a1para un sue\u00f1o perfecto!). El asiento es muy estable y seguro y se puede montar en la direcci\u00f3n de desplazamiento y en la direcci\u00f3n opuesta. \u00a1Disfruta de largas excursiones por la isla con la m\u00e1xima comodidad para tu hijo!<\/p>\n<h3>Beneficios Silla de Coche para Beb\u00e9s y Ni\u00f1os<\/h3>\n<ul>\n<li>Para beb\u00e9s y ni\u00f1os<\/li>\n<li>Estable y seguro<\/li>\n<li>Personalizable y ajustable<\/li>\n<li>Para ambas direcciones de viaje - contramarcha hasta 10 kg<\/li>\n<li>Material suave pero robusto<\/li>\n<\/ul>\n<h3>Silla de Coche para Beb\u00e9s y Ni\u00f1os: Datos T\u00e9cnicos<\/h3>\n<p>Peso: 9.5kg<br \/>\nDimensiones AAP: 74x55x48cm<br \/>\nMaterial: polietileno, poli\u00e9ster<\/p>\n<p>Para ni\u00f1os de 0 a 4 a\u00f1os con un peso de hasta 18 kg. Entregamos a hotel, aeropuerto o empresa de alquiler de autom\u00f3viles.<\/p>","protected":false},"excerpt":{"rendered":"<table>\n<tbody>\n<tr>\n<th>Altura Ni\u00f1o\/a<\/th>\n<td>40 cm \u2013 105 cm<\/td>\n<\/tr>\n<tr>\n<th>Uso a Contramarcha<\/th>\n<td>40 cm \u2013 105 cm<\/td>\n<\/tr>\n<tr>\n<th>Uso en Sentido de Marcha<\/th>\n<td>76 cm \u2013 105 cm<\/td>\n<\/tr>\n<tr>\n<th>Fijaci\u00f3n<\/th>\n<td>Cintur\u00f3n<\/td>\n<\/tr>\n<tr>\n<th>Sentido de Viaje<\/th>\n<td>Marcha \/ Contramarcha<\/td>\n<\/tr>\n<tr>\n<th>Homologaci\u00f3n<\/th>\n<td>R129<\/td>\n<\/tr>\n<\/tbody>\n<\/table>\n<p><strong>Silla de coche para beb\u00e9s y ni\u00f1os de 0-18 kg,<\/strong> para un viaje seguro y relajado en Mallorca. Hecho de pl\u00e1stico especial, ajustable a varios posici\u00f3nes diferentes. Se puede usar en contramarcha o en marcha. Entregamos a hotel, aeropuerto o empresa de alquiler de autom\u00f3viles.<\/p>\n<p>TENGA EN CUENTA: D\u00eda de llegada + d\u00eda de salida = 2 d\u00edas completos de alquiler (ni el 1er ni el \u00faltimo d\u00eda, los productos se pueden alquilar en otro lugar).<\/p>","protected":false},"featured_media":22857,"comment_status":"open","ping_status":"closed","template":"","meta":[],"product_brand":[],"product_cat":[567,87,90,100],"product_tag":[149,160,161],"class_list":{"0":"post-1077","1":"product","2":"type-product","3":"status-publish","4":"has-post-thumbnail","6":"product_cat-autositze","7":"product_cat-baby-kind","8":"product_cat-mieten","9":"product_cat-sicherheit","10":"product_tag-autositz","11":"product_tag-gruppe-0-1","12":"product_tag-kindersitz-auto","14":"first","15":"instock","16":"featured","17":"taxable","18":"shipping-taxable","19":"purchasable","20":"product-type-simple"},"yoast_head":"<!-- This site is optimized with the Yoast SEO plugin v27.1.1 - https:\/\/yoast.com\/product\/yoast-seo-wordpress\/ -->\n<title>Mieten Mallorca: Kindersitz Auto 0-18kg | RentalPanda.es<\/title>\n<meta name=\"description\" content=\"Miete deinen Kindersitz f\u00fcrs Auto schon vor dem Urlaub und spare Geld! Neue Produkte, dampf-sterilisiert und Lieferung zum Flughafen m\u00f6glich. Jetzt mieten!\" \/>\n<meta name=\"robots\" content=\"index, follow, max-snippet:-1, max-image-preview:large, max-video-preview:-1\" \/>\n<link rel=\"canonical\" href=\"https:\/\/rentalpanda.es\/es\/producto\/silla-coche-0-18kg-alquilar-mallorca\/\" \/>\n<meta property=\"og:locale\" content=\"es_ES\" \/>\n<meta property=\"og:type\" content=\"article\" \/>\n<meta property=\"og:title\" content=\"Mieten Mallorca: Kindersitz Auto 0-18kg | RentalPanda.es\" \/>\n<meta property=\"og:description\" content=\"Miete deinen Kindersitz f\u00fcrs Auto schon vor dem Urlaub und spare Geld! Neue Produkte, dampf-sterilisiert und Lieferung zum Flughafen m\u00f6glich. Jetzt mieten!\" \/>\n<meta property=\"og:url\" content=\"https:\/\/rentalpanda.es\/es\/producto\/silla-coche-0-18kg-alquilar-mallorca\/\" \/>\n<meta property=\"og:site_name\" content=\"RentalPanda.es\" \/>\n<meta property=\"article:publisher\" content=\"https:\/\/www.facebook.com\/rentalpandamallorca\" \/>\n<meta property=\"article:modified_time\" content=\"2026-04-19T03:47:35+00:00\" \/>\n<meta property=\"og:image\" content=\"https:\/\/rentalpanda.es\/wp-content\/uploads\/2017\/01\/baby-kindersitz-autositz-0-18kg.png\" \/>\n\t<meta property=\"og:image:width\" content=\"427\" \/>\n\t<meta property=\"og:image:height\" content=\"480\" \/>\n\t<meta property=\"og:image:type\" content=\"image\/png\" \/>\n<meta name=\"twitter:card\" content=\"summary_large_image\" \/>\n<meta name=\"twitter:label1\" content=\"Tiempo de lectura\" \/>\n\t<meta name=\"twitter:data1\" content=\"2 minutos\" \/>\n<script type=\"application\/ld+json\" class=\"yoast-schema-graph\">{\"@context\":\"https:\/\/schema.org\",\"@graph\":[{\"@type\":\"WebPage\",\"@id\":\"https:\/\/rentalpanda.es\/produkt\/baby-kinder-autositz-0-18kg\/\",\"url\":\"https:\/\/rentalpanda.es\/produkt\/baby-kinder-autositz-0-18kg\/\",\"name\":\"Mieten Mallorca: Kindersitz Auto 0-18kg | RentalPanda.es\",\"isPartOf\":{\"@id\":\"https:\/\/rentalpanda.es\/en\/#website\"},\"primaryImageOfPage\":{\"@id\":\"https:\/\/rentalpanda.es\/produkt\/baby-kinder-autositz-0-18kg\/#primaryimage\"},\"image\":{\"@id\":\"https:\/\/rentalpanda.es\/produkt\/baby-kinder-autositz-0-18kg\/#primaryimage\"},\"thumbnailUrl\":\"https:\/\/rentalpanda.es\/wp-content\/uploads\/2017\/01\/baby-kindersitz-autositz-0-18kg.png\",\"datePublished\":\"2017-01-28T13:38:31+00:00\",\"dateModified\":\"2026-04-19T03:47:35+00:00\",\"description\":\"Miete deinen Kindersitz f\u00fcrs Auto schon vor dem Urlaub und spare Geld! Neue Produkte, dampf-sterilisiert und Lieferung zum Flughafen m\u00f6glich. Jetzt mieten!\",\"breadcrumb\":{\"@id\":\"https:\/\/rentalpanda.es\/produkt\/baby-kinder-autositz-0-18kg\/#breadcrumb\"},\"inLanguage\":\"es\",\"potentialAction\":[{\"@type\":\"ReadAction\",\"target\":[\"https:\/\/rentalpanda.es\/produkt\/baby-kinder-autositz-0-18kg\/\"]}]},{\"@type\":\"ImageObject\",\"inLanguage\":\"es\",\"@id\":\"https:\/\/rentalpanda.es\/produkt\/baby-kinder-autositz-0-18kg\/#primaryimage\",\"url\":\"https:\/\/rentalpanda.es\/wp-content\/uploads\/2017\/01\/baby-kindersitz-autositz-0-18kg.png\",\"contentUrl\":\"https:\/\/rentalpanda.es\/wp-content\/uploads\/2017\/01\/baby-kindersitz-autositz-0-18kg.png\",\"width\":427,\"height\":480,\"caption\":\"baby-kindersitz-autositz-0-18kg\"},{\"@type\":\"BreadcrumbList\",\"@id\":\"https:\/\/rentalpanda.es\/produkt\/baby-kinder-autositz-0-18kg\/#breadcrumb\",\"itemListElement\":[{\"@type\":\"ListItem\",\"position\":1,\"name\":\"Startseite\",\"item\":\"https:\/\/rentalpanda.es\/\"},{\"@type\":\"ListItem\",\"position\":2,\"name\":\"Shop\",\"item\":\"https:\/\/rentalpanda.es\/shop\/\"},{\"@type\":\"ListItem\",\"position\":3,\"name\":\"Baby \/ Kindersitz Auto 0-18kg\"}]},{\"@type\":\"WebSite\",\"@id\":\"https:\/\/rentalpanda.es\/en\/#website\",\"url\":\"https:\/\/rentalpanda.es\/en\/\",\"name\":\"RentalPanda.es\",\"description\":\"Baby, Beach &amp; Holiday Gear for Rent\",\"publisher\":{\"@id\":\"https:\/\/rentalpanda.es\/en\/#organization\"},\"potentialAction\":[{\"@type\":\"SearchAction\",\"target\":{\"@type\":\"EntryPoint\",\"urlTemplate\":\"https:\/\/rentalpanda.es\/en\/?s={search_term_string}\"},\"query-input\":{\"@type\":\"PropertyValueSpecification\",\"valueRequired\":true,\"valueName\":\"search_term_string\"}}],\"inLanguage\":\"es\"},{\"@type\":\"Organization\",\"@id\":\"https:\/\/rentalpanda.es\/en\/#organization\",\"name\":\"Rentalpanda.es\",\"url\":\"https:\/\/rentalpanda.es\/en\/\",\"logo\":{\"@type\":\"ImageObject\",\"inLanguage\":\"es\",\"@id\":\"https:\/\/rentalpanda.es\/en\/#\/schema\/logo\/image\/\",\"url\":\"https:\/\/rentalpanda.es\/wp-content\/uploads\/2017\/02\/rentalpanda-logo-webseite-end.png\",\"contentUrl\":\"https:\/\/rentalpanda.es\/wp-content\/uploads\/2017\/02\/rentalpanda-logo-webseite-end.png\",\"width\":260,\"height\":71,\"caption\":\"Rentalpanda.es\"},\"image\":{\"@id\":\"https:\/\/rentalpanda.es\/en\/#\/schema\/logo\/image\/\"},\"sameAs\":[\"https:\/\/www.facebook.com\/rentalpandamallorca\"]}]}<\/script>\n<!-- \/ Yoast SEO plugin. -->","yoast_head_json":{"title":"Silla de Coche Beb\u00e9s y Ni\u00f1os 0-18kg | RentalPanda.es","description":"Alquila tu silla infantil esterilizada para Mallorca con entrega en aeropuerto. Segura, limpia y econ\u00f3mica. \u00a1Ahorra y viaja tranquilo!","robots":{"index":"index","follow":"follow","max-snippet":"max-snippet:-1","max-image-preview":"max-image-preview:large","max-video-preview":"max-video-preview:-1"},"canonical":"https:\/\/rentalpanda.es\/es\/producto\/silla-coche-0-18kg-alquilar-mallorca\/","og_locale":"es_ES","og_type":"article","og_title":"Mieten Mallorca: Kindersitz Auto 0-18kg | RentalPanda.es","og_description":"Miete deinen Kindersitz f\u00fcrs Auto schon vor dem Urlaub und spare Geld! Neue Produkte, dampf-sterilisiert und Lieferung zum Flughafen m\u00f6glich. Jetzt mieten!","og_url":"https:\/\/rentalpanda.es\/es\/producto\/silla-coche-0-18kg-alquilar-mallorca\/","og_site_name":"RentalPanda.es","article_publisher":"https:\/\/www.facebook.com\/rentalpandamallorca","article_modified_time":"2026-04-19T03:47:35+00:00","og_image":[{"width":427,"height":480,"url":"https:\/\/rentalpanda.es\/wp-content\/uploads\/2017\/01\/baby-kindersitz-autositz-0-18kg.png","type":"image\/png"}],"twitter_card":"summary_large_image","twitter_misc":{"Tiempo de lectura":"2 minutos"},"schema":{"@context":"https:\/\/schema.org","@graph":[{"@type":"WebPage","@id":"https:\/\/rentalpanda.es\/produkt\/baby-kinder-autositz-0-18kg\/","url":"https:\/\/rentalpanda.es\/produkt\/baby-kinder-autositz-0-18kg\/","name":"Silla de Coche Beb\u00e9s y Ni\u00f1os 0-18kg | RentalPanda.es","isPartOf":{"@id":"https:\/\/rentalpanda.es\/en\/#website"},"primaryImageOfPage":{"@id":"https:\/\/rentalpanda.es\/produkt\/baby-kinder-autositz-0-18kg\/#primaryimage"},"image":{"@id":"https:\/\/rentalpanda.es\/produkt\/baby-kinder-autositz-0-18kg\/#primaryimage"},"thumbnailUrl":"https:\/\/rentalpanda.es\/wp-content\/uploads\/2017\/01\/baby-kindersitz-autositz-0-18kg.png","datePublished":"2017-01-28T13:38:31+00:00","dateModified":"2026-04-19T03:47:35+00:00","description":"Alquila tu silla infantil esterilizada para Mallorca con entrega en aeropuerto. Segura, limpia y econ\u00f3mica. \u00a1Ahorra y viaja tranquilo!","breadcrumb":{"@id":"https:\/\/rentalpanda.es\/produkt\/baby-kinder-autositz-0-18kg\/#breadcrumb"},"inLanguage":"es","potentialAction":[{"@type":"ReadAction","target":["https:\/\/rentalpanda.es\/produkt\/baby-kinder-autositz-0-18kg\/"]}]},{"@type":"ImageObject","inLanguage":"es","@id":"https:\/\/rentalpanda.es\/produkt\/baby-kinder-autositz-0-18kg\/#primaryimage","url":"https:\/\/rentalpanda.es\/wp-content\/uploads\/2017\/01\/baby-kindersitz-autositz-0-18kg.png","contentUrl":"https:\/\/rentalpanda.es\/wp-content\/uploads\/2017\/01\/baby-kindersitz-autositz-0-18kg.png","width":427,"height":480,"caption":"baby-kindersitz-autositz-0-18kg"},{"@type":"BreadcrumbList","@id":"https:\/\/rentalpanda.es\/produkt\/baby-kinder-autositz-0-18kg\/#breadcrumb","itemListElement":[{"@type":"ListItem","position":1,"name":"Startseite","item":"https:\/\/rentalpanda.es\/"},{"@type":"ListItem","position":2,"name":"Shop","item":"https:\/\/rentalpanda.es\/shop\/"},{"@type":"ListItem","position":3,"name":"Baby \/ Kindersitz Auto 0-18kg"}]},{"@type":"WebSite","@id":"https:\/\/rentalpanda.es\/en\/#website","url":"https:\/\/rentalpanda.es\/en\/","name":"RentalPanda.es","description":"Baby, Beach &amp; Holiday Gear for Rent","publisher":{"@id":"https:\/\/rentalpanda.es\/en\/#organization"},"potentialAction":[{"@type":"SearchAction","target":{"@type":"EntryPoint","urlTemplate":"https:\/\/rentalpanda.es\/en\/?s={search_term_string}"},"query-input":{"@type":"PropertyValueSpecification","valueRequired":true,"valueName":"search_term_string"}}],"inLanguage":"es"},{"@type":"Organization","@id":"https:\/\/rentalpanda.es\/en\/#organization","name":"Rentalpanda.es","url":"https:\/\/rentalpanda.es\/en\/","logo":{"@type":"ImageObject","inLanguage":"es","@id":"https:\/\/rentalpanda.es\/en\/#\/schema\/logo\/image\/","url":"https:\/\/rentalpanda.es\/wp-content\/uploads\/2017\/02\/rentalpanda-logo-webseite-end.png","contentUrl":"https:\/\/rentalpanda.es\/wp-content\/uploads\/2017\/02\/rentalpanda-logo-webseite-end.png","width":260,"height":71,"caption":"Rentalpanda.es"},"image":{"@id":"https:\/\/rentalpanda.es\/en\/#\/schema\/logo\/image\/"},"sameAs":["https:\/\/www.facebook.com\/rentalpandamallorca"]}]}},"_links":{"self":[{"href":"https:\/\/rentalpanda.es\/es\/wp-json\/wp\/v2\/product\/1077","targetHints":{"allow":["GET"]}}],"collection":[{"href":"https:\/\/rentalpanda.es\/es\/wp-json\/wp\/v2\/product"}],"about":[{"href":"https:\/\/rentalpanda.es\/es\/wp-json\/wp\/v2\/types\/product"}],"replies":[{"embeddable":true,"href":"https:\/\/rentalpanda.es\/es\/wp-json\/wp\/v2\/comments?post=1077"}],"wp:featuredmedia":[{"embeddable":true,"href":"https:\/\/rentalpanda.es\/es\/wp-json\/wp\/v2\/media\/22857"}],"wp:attachment":[{"href":"https:\/\/rentalpanda.es\/es\/wp-json\/wp\/v2\/media?parent=1077"}],"wp:term":[{"taxonomy":"product_brand","embeddable":true,"href":"https:\/\/rentalpanda.es\/es\/wp-json\/wp\/v2\/product_brand?post=1077"},{"taxonomy":"product_cat","embeddable":true,"href":"https:\/\/rentalpanda.es\/es\/wp-json\/wp\/v2\/product_cat?post=1077"},{"taxonomy":"product_tag","embeddable":true,"href":"https:\/\/rentalpanda.es\/es\/wp-json\/wp\/v2\/product_tag?post=1077"}],"curies":[{"name":"wp","href":"https:\/\/api.w.org\/{rel}","templated":true}]}}