{"id":1056,"date":"2017-01-24T12:34:28","date_gmt":"2017-01-24T12:34:28","guid":{"rendered":"http:\/\/rentalpanda.es\/produkt\/reisebett-babybett\/"},"modified":"2026-01-27T06:30:51","modified_gmt":"2026-01-27T06:30:51","slug":"cuna-viaje-para-alquilar-mallorca","status":"publish","type":"product","link":"https:\/\/rentalpanda.es\/es\/produkt\/reisebett-babybett\/","title":{"rendered":"HAUCK Cuna de Viaje para Beb\u00e9s y Ni\u00f1os"},"content":{"rendered":"<h2><strong>HAUCK Cuna de Viaje para Beb\u00e9s y Ni\u00f1os<\/strong><\/h2>\n<p>La pr\u00e1ctica cuna de viaje de la marca alemana de confianza HAUCK es su compa\u00f1ero ideal cuando viaja y est\u00e1 de viaje de vacaciones. Principalmente, se usa, por supuesto, para dormir: simplemente inserte el colch\u00f3n incluido (le proporcionaremos una s\u00e1bana ajustable) y su peque\u00f1o dormir\u00e1 tranquilamente. Pero se puede convertir en un corralito, para que mam\u00e1 y pap\u00e1 tengan unos minutos para ellos en su casa de vacaciones.<\/p>\n<h2>Cuna de Viaje HAUCK: Beb\u00e9s y Ni\u00f1os<\/h2>\n<p>No es necesario preocuparse constantemente de d\u00f3nde est\u00e1 el beb\u00e9, \u00a1qu\u00e9 pr\u00e1ctico! La cuna de alquiler de RentalPanda tiene grandes ventanas de visualizaci\u00f3n y se puede construir y plegar f\u00e1cilmente, adem\u00e1s de ser f\u00e1cil de almacenar, ocupando un espacio m\u00ednimo. Proporciona a su hijo la seguridad necesaria en sus viajes. La cama de viaje ser\u00e1 nueva io casi nueva, y bien limpiada y esterilizada.<\/p>\n<h3>Beneficios Cuna de Viaje HAUCK<\/h3>\n<ul>\n<li>Construcci\u00f3n simple<\/li>\n<li>Plegable con bolsa de transporte<\/li>\n<li>Muy estable y seguro<\/li>\n<li>Se puede usar como corralito<\/li>\n<\/ul>\n<h3>HAUCK Cuna de Viaje: Datos T\u00e9cnicos<\/h3>\n<p>Peso: 8.4kg<br \/>\nDimensiones (Construido) AAP: 76x65x125cm<br \/>\nDimensiones de dormir: 120x60cm<br \/>\nPolos materiales: acero<\/p>\n<p>Para beb\u00e9s y ni\u00f1os a partir de 1 mes, hasta 16 kg.<\/p>","protected":false},"excerpt":{"rendered":"<p>\u00a1Ideal para su apartamento de vacaciones, hotel o finca en Mallorca! Esta <strong>HAUCK cuna de viaje<\/strong> es segura, resistente y f\u00e1cil de instalar y plegable. Para beb\u00e9s \/ ni\u00f1os es la compa\u00f1era perfecta para las noches relajadas de vacaciones. Con un c\u00f3modo colch\u00f3n y flexibilidad para usar en casi cualquier lugar, tambi\u00e9n puedes usarlo como corralito. Se proporcionan colchones y 2 sabanas.<\/p>\n<p>TENGA EN CUENTA: D\u00eda de llegada + d\u00eda de salida = 2 d\u00edas completos de alquiler (ni el 1er ni el \u00faltimo d\u00eda, los productos se pueden alquilar en otro lugar).<\/p>","protected":false},"featured_media":22892,"comment_status":"open","ping_status":"closed","template":"","meta":[],"product_brand":[],"product_cat":[87,90,98,100],"product_tag":[158,877,159,157,876],"class_list":{"0":"post-1056","1":"product","2":"type-product","3":"status-publish","4":"has-post-thumbnail","6":"product_cat-baby-kind","7":"product_cat-mieten","8":"product_cat-schlafen","9":"product_cat-sicherheit","10":"product_tag-babybett","11":"product_tag-hauck-reisebett","12":"product_tag-laufstall","13":"product_tag-reisebett","14":"product_tag-reisebett-hauck","16":"first","17":"instock","18":"featured","19":"taxable","20":"shipping-taxable","21":"purchasable","22":"product-type-simple"},"yoast_head":"<!-- This site is optimized with the Yoast SEO plugin v27.1.1 - https:\/\/yoast.com\/product\/yoast-seo-wordpress\/ -->\n<title>Reisebett Hauck Mieten mit Matratze + Laken | RentalPanda.es<\/title>\n<meta name=\"description\" content=\"Ideal f\u00fcr dein Urlaubsdomizil auf Mallorca: Das sterilisierte und neuwertige Reisebett HAUCK ist sicher, robust und leicht aufzubauen. Jetzt mieten!\" \/>\n<meta name=\"robots\" content=\"index, follow, max-snippet:-1, max-image-preview:large, max-video-preview:-1\" \/>\n<link rel=\"canonical\" href=\"https:\/\/rentalpanda.es\/es\/producto\/cuna-viaje-para-alquilar-mallorca\/\" \/>\n<meta property=\"og:locale\" content=\"es_ES\" \/>\n<meta property=\"og:type\" content=\"article\" \/>\n<meta property=\"og:title\" content=\"Reisebett Hauck Mieten mit Matratze + Laken | RentalPanda.es\" \/>\n<meta property=\"og:description\" content=\"Ideal f\u00fcr dein Urlaubsdomizil auf Mallorca: Das sterilisierte und neuwertige Reisebett HAUCK ist sicher, robust und leicht aufzubauen. Jetzt mieten!\" \/>\n<meta property=\"og:url\" content=\"https:\/\/rentalpanda.es\/es\/producto\/cuna-viaje-para-alquilar-mallorca\/\" \/>\n<meta property=\"og:site_name\" content=\"RentalPanda.es\" \/>\n<meta property=\"article:publisher\" content=\"https:\/\/www.facebook.com\/rentalpandamallorca\" \/>\n<meta property=\"article:modified_time\" content=\"2026-01-27T06:30:51+00:00\" \/>\n<meta property=\"og:image\" content=\"https:\/\/rentalpanda.es\/wp-content\/uploads\/2017\/01\/reisebett-hauck-mieten-mallorca.png\" \/>\n\t<meta property=\"og:image:width\" content=\"427\" \/>\n\t<meta property=\"og:image:height\" content=\"480\" \/>\n\t<meta property=\"og:image:type\" content=\"image\/png\" \/>\n<meta name=\"twitter:card\" content=\"summary_large_image\" \/>\n<meta name=\"twitter:label1\" content=\"Tiempo de lectura\" \/>\n\t<meta name=\"twitter:data1\" content=\"1 minuto\" \/>\n<script type=\"application\/ld+json\" class=\"yoast-schema-graph\">{\"@context\":\"https:\/\/schema.org\",\"@graph\":[{\"@type\":\"WebPage\",\"@id\":\"https:\/\/rentalpanda.es\/produkt\/reisebett-babybett\/\",\"url\":\"https:\/\/rentalpanda.es\/produkt\/reisebett-babybett\/\",\"name\":\"Reisebett Hauck Mieten mit Matratze + Laken | RentalPanda.es\",\"isPartOf\":{\"@id\":\"https:\/\/rentalpanda.es\/en\/#website\"},\"primaryImageOfPage\":{\"@id\":\"https:\/\/rentalpanda.es\/produkt\/reisebett-babybett\/#primaryimage\"},\"image\":{\"@id\":\"https:\/\/rentalpanda.es\/produkt\/reisebett-babybett\/#primaryimage\"},\"thumbnailUrl\":\"https:\/\/rentalpanda.es\/wp-content\/uploads\/2017\/01\/reisebett-hauck-mieten-mallorca.png\",\"datePublished\":\"2017-01-24T12:34:28+00:00\",\"dateModified\":\"2026-01-27T06:30:51+00:00\",\"description\":\"Ideal f\u00fcr dein Urlaubsdomizil auf Mallorca: Das sterilisierte und neuwertige Reisebett HAUCK ist sicher, robust und leicht aufzubauen. Jetzt mieten!\",\"breadcrumb\":{\"@id\":\"https:\/\/rentalpanda.es\/produkt\/reisebett-babybett\/#breadcrumb\"},\"inLanguage\":\"es\",\"potentialAction\":[{\"@type\":\"ReadAction\",\"target\":[\"https:\/\/rentalpanda.es\/produkt\/reisebett-babybett\/\"]}]},{\"@type\":\"ImageObject\",\"inLanguage\":\"es\",\"@id\":\"https:\/\/rentalpanda.es\/produkt\/reisebett-babybett\/#primaryimage\",\"url\":\"https:\/\/rentalpanda.es\/wp-content\/uploads\/2017\/01\/reisebett-hauck-mieten-mallorca.png\",\"contentUrl\":\"https:\/\/rentalpanda.es\/wp-content\/uploads\/2017\/01\/reisebett-hauck-mieten-mallorca.png\",\"width\":427,\"height\":480,\"caption\":\"reisebett-hauck-mieten-mallorca\"},{\"@type\":\"BreadcrumbList\",\"@id\":\"https:\/\/rentalpanda.es\/produkt\/reisebett-babybett\/#breadcrumb\",\"itemListElement\":[{\"@type\":\"ListItem\",\"position\":1,\"name\":\"Startseite\",\"item\":\"https:\/\/rentalpanda.es\/\"},{\"@type\":\"ListItem\",\"position\":2,\"name\":\"Shop\",\"item\":\"https:\/\/rentalpanda.es\/shop\/\"},{\"@type\":\"ListItem\",\"position\":3,\"name\":\"Reisebett HAUCK f\u00fcr Babys und Kinder\"}]},{\"@type\":\"WebSite\",\"@id\":\"https:\/\/rentalpanda.es\/en\/#website\",\"url\":\"https:\/\/rentalpanda.es\/en\/\",\"name\":\"RentalPanda.es\",\"description\":\"Baby, Beach &amp; Holiday Gear for Rent\",\"publisher\":{\"@id\":\"https:\/\/rentalpanda.es\/en\/#organization\"},\"potentialAction\":[{\"@type\":\"SearchAction\",\"target\":{\"@type\":\"EntryPoint\",\"urlTemplate\":\"https:\/\/rentalpanda.es\/en\/?s={search_term_string}\"},\"query-input\":{\"@type\":\"PropertyValueSpecification\",\"valueRequired\":true,\"valueName\":\"search_term_string\"}}],\"inLanguage\":\"es\"},{\"@type\":\"Organization\",\"@id\":\"https:\/\/rentalpanda.es\/en\/#organization\",\"name\":\"Rentalpanda.es\",\"url\":\"https:\/\/rentalpanda.es\/en\/\",\"logo\":{\"@type\":\"ImageObject\",\"inLanguage\":\"es\",\"@id\":\"https:\/\/rentalpanda.es\/en\/#\/schema\/logo\/image\/\",\"url\":\"https:\/\/rentalpanda.es\/wp-content\/uploads\/2017\/02\/rentalpanda-logo-webseite-end.png\",\"contentUrl\":\"https:\/\/rentalpanda.es\/wp-content\/uploads\/2017\/02\/rentalpanda-logo-webseite-end.png\",\"width\":260,\"height\":71,\"caption\":\"Rentalpanda.es\"},\"image\":{\"@id\":\"https:\/\/rentalpanda.es\/en\/#\/schema\/logo\/image\/\"},\"sameAs\":[\"https:\/\/www.facebook.com\/rentalpandamallorca\"]}]}<\/script>\n<!-- \/ Yoast SEO plugin. -->","yoast_head_json":{"title":"HAUCK Cuna de Viaje Alquiler Mallorca  | RentalPanda.es","description":"Alquila la cuna de viaje Hauck esterilizada en Mallorca. Segura, resistente y f\u00e1cil de montar. \u00a1Entrega en alojamiento vacacional y aeropuerto!","robots":{"index":"index","follow":"follow","max-snippet":"max-snippet:-1","max-image-preview":"max-image-preview:large","max-video-preview":"max-video-preview:-1"},"canonical":"https:\/\/rentalpanda.es\/es\/producto\/cuna-viaje-para-alquilar-mallorca\/","og_locale":"es_ES","og_type":"article","og_title":"Reisebett Hauck Mieten mit Matratze + Laken | RentalPanda.es","og_description":"Ideal f\u00fcr dein Urlaubsdomizil auf Mallorca: Das sterilisierte und neuwertige Reisebett HAUCK ist sicher, robust und leicht aufzubauen. Jetzt mieten!","og_url":"https:\/\/rentalpanda.es\/es\/producto\/cuna-viaje-para-alquilar-mallorca\/","og_site_name":"RentalPanda.es","article_publisher":"https:\/\/www.facebook.com\/rentalpandamallorca","article_modified_time":"2026-01-27T06:30:51+00:00","og_image":[{"width":427,"height":480,"url":"https:\/\/rentalpanda.es\/wp-content\/uploads\/2017\/01\/reisebett-hauck-mieten-mallorca.png","type":"image\/png"}],"twitter_card":"summary_large_image","twitter_misc":{"Tiempo de lectura":"1 minuto"},"schema":{"@context":"https:\/\/schema.org","@graph":[{"@type":"WebPage","@id":"https:\/\/rentalpanda.es\/produkt\/reisebett-babybett\/","url":"https:\/\/rentalpanda.es\/produkt\/reisebett-babybett\/","name":"HAUCK Cuna de Viaje Alquiler Mallorca  | RentalPanda.es","isPartOf":{"@id":"https:\/\/rentalpanda.es\/en\/#website"},"primaryImageOfPage":{"@id":"https:\/\/rentalpanda.es\/produkt\/reisebett-babybett\/#primaryimage"},"image":{"@id":"https:\/\/rentalpanda.es\/produkt\/reisebett-babybett\/#primaryimage"},"thumbnailUrl":"https:\/\/rentalpanda.es\/wp-content\/uploads\/2017\/01\/reisebett-hauck-mieten-mallorca.png","datePublished":"2017-01-24T12:34:28+00:00","dateModified":"2026-01-27T06:30:51+00:00","description":"Alquila la cuna de viaje Hauck esterilizada en Mallorca. Segura, resistente y f\u00e1cil de montar. \u00a1Entrega en alojamiento vacacional y aeropuerto!","breadcrumb":{"@id":"https:\/\/rentalpanda.es\/produkt\/reisebett-babybett\/#breadcrumb"},"inLanguage":"es","potentialAction":[{"@type":"ReadAction","target":["https:\/\/rentalpanda.es\/produkt\/reisebett-babybett\/"]}]},{"@type":"ImageObject","inLanguage":"es","@id":"https:\/\/rentalpanda.es\/produkt\/reisebett-babybett\/#primaryimage","url":"https:\/\/rentalpanda.es\/wp-content\/uploads\/2017\/01\/reisebett-hauck-mieten-mallorca.png","contentUrl":"https:\/\/rentalpanda.es\/wp-content\/uploads\/2017\/01\/reisebett-hauck-mieten-mallorca.png","width":427,"height":480,"caption":"reisebett-hauck-mieten-mallorca"},{"@type":"BreadcrumbList","@id":"https:\/\/rentalpanda.es\/produkt\/reisebett-babybett\/#breadcrumb","itemListElement":[{"@type":"ListItem","position":1,"name":"Startseite","item":"https:\/\/rentalpanda.es\/"},{"@type":"ListItem","position":2,"name":"Shop","item":"https:\/\/rentalpanda.es\/shop\/"},{"@type":"ListItem","position":3,"name":"Reisebett HAUCK f\u00fcr Babys und Kinder"}]},{"@type":"WebSite","@id":"https:\/\/rentalpanda.es\/en\/#website","url":"https:\/\/rentalpanda.es\/en\/","name":"RentalPanda.es","description":"Baby, Beach &amp; Holiday Gear for Rent","publisher":{"@id":"https:\/\/rentalpanda.es\/en\/#organization"},"potentialAction":[{"@type":"SearchAction","target":{"@type":"EntryPoint","urlTemplate":"https:\/\/rentalpanda.es\/en\/?s={search_term_string}"},"query-input":{"@type":"PropertyValueSpecification","valueRequired":true,"valueName":"search_term_string"}}],"inLanguage":"es"},{"@type":"Organization","@id":"https:\/\/rentalpanda.es\/en\/#organization","name":"Rentalpanda.es","url":"https:\/\/rentalpanda.es\/en\/","logo":{"@type":"ImageObject","inLanguage":"es","@id":"https:\/\/rentalpanda.es\/en\/#\/schema\/logo\/image\/","url":"https:\/\/rentalpanda.es\/wp-content\/uploads\/2017\/02\/rentalpanda-logo-webseite-end.png","contentUrl":"https:\/\/rentalpanda.es\/wp-content\/uploads\/2017\/02\/rentalpanda-logo-webseite-end.png","width":260,"height":71,"caption":"Rentalpanda.es"},"image":{"@id":"https:\/\/rentalpanda.es\/en\/#\/schema\/logo\/image\/"},"sameAs":["https:\/\/www.facebook.com\/rentalpandamallorca"]}]}},"_links":{"self":[{"href":"https:\/\/rentalpanda.es\/es\/wp-json\/wp\/v2\/product\/1056","targetHints":{"allow":["GET"]}}],"collection":[{"href":"https:\/\/rentalpanda.es\/es\/wp-json\/wp\/v2\/product"}],"about":[{"href":"https:\/\/rentalpanda.es\/es\/wp-json\/wp\/v2\/types\/product"}],"replies":[{"embeddable":true,"href":"https:\/\/rentalpanda.es\/es\/wp-json\/wp\/v2\/comments?post=1056"}],"wp:featuredmedia":[{"embeddable":true,"href":"https:\/\/rentalpanda.es\/es\/wp-json\/wp\/v2\/media\/22892"}],"wp:attachment":[{"href":"https:\/\/rentalpanda.es\/es\/wp-json\/wp\/v2\/media?parent=1056"}],"wp:term":[{"taxonomy":"product_brand","embeddable":true,"href":"https:\/\/rentalpanda.es\/es\/wp-json\/wp\/v2\/product_brand?post=1056"},{"taxonomy":"product_cat","embeddable":true,"href":"https:\/\/rentalpanda.es\/es\/wp-json\/wp\/v2\/product_cat?post=1056"},{"taxonomy":"product_tag","embeddable":true,"href":"https:\/\/rentalpanda.es\/es\/wp-json\/wp\/v2\/product_tag?post=1056"}],"curies":[{"name":"wp","href":"https:\/\/api.w.org\/{rel}","templated":true}]}}