{"id":845,"date":"2017-01-20T12:46:50","date_gmt":"2017-01-20T12:46:50","guid":{"rendered":"http:\/\/rentalpanda.es\/?page_id=845"},"modified":"2024-04-18T02:29:28","modified_gmt":"2024-04-18T02:29:28","slug":"terminos-de-servicio","status":"publish","type":"page","link":"https:\/\/rentalpanda.es\/es\/agbs\/","title":{"rendered":"AGBs"},"content":{"rendered":"<div class=\"wpb-content-wrapper\"><div class=\"vc_row wpb_row row top-row wpb_custom_034b39d9bc6c6b310d69e39f0ccf274f\"><div class=\"vc_column_container col-md-12\"><div class=\"wpb_wrapper vc_column-inner\"><h2  class=\"vc_custom_heading vc_do_custom_heading m-t wpb_custom_aa365bd5046e8294520b4e73732b9d15 align-left\" >T\u00e9rminos de Servicio<\/h2><\/div><\/div><\/div><div class=\"vc_row wpb_row row top-row wpb_custom_034b39d9bc6c6b310d69e39f0ccf274f\"><div class=\"vc_column_container col-md-12\"><div class=\"wpb_wrapper vc_column-inner\">\r\n\t<div class=\"wpb_text_column wpb_content_element wpb_custom_7c91d232724f73626cc933bd95b25ff0\" >\r\n\t\t<div class=\"wpb_wrapper\">\r\n\t\t\t<p>Los T\u00e9rminos de servicio est\u00e1n sujetos a la legislaci\u00f3n espa\u00f1ola aplicable y se refieren a la relaci\u00f3n entre la empresa de alquiler RentalPanda.es, en lo sucesivo denominada RP, y el arrendatario. El uso de esta oferta requiere la aceptaci\u00f3n expl\u00edcita e incondicional de estos t\u00e9rminos de servicio. Cualquier uso de los servicios de RP requiere que el usuario acepte los t\u00e9rminos de uso como se describe en los T\u00e9rminos de Servicio y las Preguntas Frecuentes. RP se reserva el derecho de cambiar estos t\u00e9rminos en cualquier momento sin previo aviso.<\/p>\n<p><strong>Descripciones de productos<\/strong><\/p>\n<p>Mantendremos las descripciones de nuestros productos para beb\u00e9s, playa o vacaciones para comprar o alquilar de la manera m\u00e1s precisa y correcta posible. Sin embargo, RP no se hace responsable de descripciones err\u00f3neas, ni de errores en las descripciones del fabricante, ni de cambios en el producto o cambios en el fabricante. RP se reserva el derecho de ofrecer productos que difieran de las descripciones.<\/p>\n<p><strong>Responsabilidad<\/strong><\/p>\n<p>RentalPanda.es, incluidos sus empleados, accionistas, socios de agencias, socios afiliados y propietarios, no asume responsabilidad alguna por los da\u00f1os que puedan surgir en relaci\u00f3n con el uso de los productos alquilados (incluidos los costos judiciales o legales). El arrendatario es responsable de cualquier da\u00f1o que pueda resultar del uso de los art\u00edculos de alquiler. Sin embargo, los operadores de Rentalpanda.es est\u00e1n cubiertos por un seguro de responsabilidad civil con una suma de \u20ac 200,000 por reclamo. El arrendatario es consciente de que existe el riesgo de lesiones personales como resultado del uso (o mal uso) de los art\u00edculos alquilados para beb\u00e9s, playa o vacaciones y, por lo tanto, asume toda la responsabilidad del uso adecuado de los productos durante el per\u00edodo de alquiler. Rentalpanda Baby, Beach and Holiday Equipment Rentals Mallorca no se hace responsable bajo ninguna circunstancia de lesiones personales resultantes del uso de productos de alquiler. Adem\u00e1s, el arrendatario acepta eximir de responsabilidad a RP y sus afiliados, empleados, propietarios o socios con respecto a cualquier reclamo que surja de p\u00e9rdidas, indemnizaciones o honorarios legales de cualquier tercero que pueda estar vinculado a la oferta de RP. Adem\u00e1s, no somos responsables de los da\u00f1os causados \u200b\u200bpor virus, troyanos, gusanos u otro malware.<\/p>\n<p><strong>Dep\u00f3sito de seguridad y condici\u00f3n del producto.<\/strong><\/p>\n<p>Antes de cada alquiler de productos, el arrendatario debe pagar un dep\u00f3sito que se basa en el valor de los productos de alquiler. El monto del dep\u00f3sito se comunicar\u00e1 al arrendatario tras la confirmaci\u00f3n de la reserva. El dep\u00f3sito sirve para proteger RentalPanda, en caso de que el producto sea robado, perdido, da\u00f1ado o destruido durante el per\u00edodo de alquiler. En este caso, si es necesario, nos reservamos el derecho de retener el dep\u00f3sito. El arrendatario es responsable de confirmar la condici\u00f3n adecuada y segura de los productos antes del inicio del per\u00edodo de alquiler (en la pr\u00e1ctica: al entregar los productos), o de comunicar quejas. Si se confirma la condici\u00f3n adecuada, el arrendatario acepta todos los t\u00e9rminos de uso como se describe en los T\u00e9rminos de servicio y las Preguntas frecuentes. Si se presentan quejas despu\u00e9s de la entrega, RP debe asumir que la queja no fue causada por RP sino por el arrendatario. Si se producen deficiencias reales del producto durante el per\u00edodo de alquiler, le pedimos al arrendatario que lo comunique de inmediato, para reemplazar el producto con uno nuevo si es necesario. Los art\u00edculos de beb\u00e9 alquilados, art\u00edculos de playa o art\u00edculos de vacaciones deben ser devueltos al final del per\u00edodo de alquiler por el arrendatario en condiciones adecuadas. El dep\u00f3sito se reembolsar\u00e1 en su totalidad a su regreso.<\/p>\n<p><strong>Entrega del producto en el aeropuerto.<\/strong><\/p>\n<p>Si no se puede contactar al cliente dentro de las 1.5 horas posteriores al aterrizaje (WhatsApp, tel\u00e9fono, correo electr\u00f3nico), el conductor debe abandonar el aeropuerto y el pedido caducar\u00e1, sin derecho a un reembolso de los montos ya pagados. Sin embargo, en este caso, el cliente puede recoger los productos en Coll den Rabassa el mismo d\u00eda o al d\u00eda siguiente. Si el tiempo real de llegada es despu\u00e9s de las horas de trabajo, el conductor no esperar\u00e1 m\u00e1s de 50 minutos despu\u00e9s del aterrizaje real. El horario laboral es de 6:00 a 23:00.<\/p>\n<p><strong>Uso por terceros<\/strong><\/p>\n<p>Nuestros art\u00edculos de alquiler para beb\u00e9s, playa y vacaciones solo pueden ser utilizados por el inquilino y no por terceros. Si los productos alquilados son da\u00f1ados por terceros, el inquilino ser\u00e1 responsable de esto y deber\u00e1 esperar que RP se quede con el dep\u00f3sito.<\/p>\n<p><strong>Propiedad de productos y contenido<\/strong><\/p>\n<p>Todo el equipamiento para beb\u00e9s y los productos de alquiler de playa o vacaciones son propiedad de RentalPanda Mallorca en cualquier momento. Adem\u00e1s, cualquier contenido que se muestre en el sitio web RentalPanda.es, incluidos, entre otros, textos, gr\u00e1ficos, fotos, marcas, dise\u00f1os, enlaces, videos o c\u00f3digos fuente, est\u00e1n protegidos por derechos de autor. Se proh\u00edbe cualquier reutilizaci\u00f3n o mal uso del contenido publicado por parte de terceros. Esto significa que nadie copiar\u00e1 y \/ o reproducir\u00e1, publicar\u00e1, alterar\u00e1 ni utilizar\u00e1 de ninguna otra forma ning\u00fan contenido del sitio web sin imponer un delito penal. Sin el consentimiento previo por escrito de RP, quedan excluidos otros derechos.<\/p>\n<p><strong>Implementaci\u00f3n de cookies<\/strong><\/p>\n<p>El usuario de RentalPanda.es acepta el uso de cookies para mejorar la experiencia web. Las cookies simplifican el almacenamiento de informaci\u00f3n para recibir ofertas mejoradas en el futuro y hacen que el uso de los servicios sea lo m\u00e1s c\u00f3modo posible. El usuario tiene la posibilidad de configurar el uso de cookies mediante la modificaci\u00f3n de la configuraci\u00f3n del navegador, que, sin embargo, puede tener un efecto en el funcionamiento \u00f3ptimo del sitio web.<\/p>\n<p><strong>Accesibilidad<\/strong><\/p>\n<p>Nuestro sitio web es generalmente accesible las 24 horas del d\u00eda, los siete d\u00edas de la semana, a menos que no est\u00e9 disponible por mantenimiento, renovaci\u00f3n o fuerza mayor. No somos responsables de ninguna consecuencia que pueda resultar de la falta de disponibilidad, y no podemos ser responsables de esto.<\/p>\n<p><strong>Contacto<\/strong><\/p>\n<p>C\/Illa Corfu 1<br \/>\n07007 Palma de Mallorca<br \/>\n+34-685414260<br \/>\ninfo (at) rentalpanda . es<\/p>\n\r\n\t\t<\/div>\r\n\t<\/div>\r\n<\/div><\/div><\/div><div class=\"vc_row wpb_row row top-row wpb_custom_034b39d9bc6c6b310d69e39f0ccf274f\"><div class=\"vc_column_container col-md-12\"><div class=\"wpb_wrapper vc_column-inner\"><div class=\"vc_empty_space\"   style=\"height: 32px\"><span class=\"vc_empty_space_inner\"><\/span><\/div><div class=\"porto-separator\"><hr class=\"separator-line  wpb_content_element align_center\" style=\"background-image: -webkit-linear-gradient(left, transparent, grey, transparent); background-image: linear-gradient(to right, transparent, grey, transparent);\"><\/div><div class=\"vc_empty_space\"   style=\"height: 32px\"><span class=\"vc_empty_space_inner\"><\/span><\/div>\r\n\t<div class=\"wpb_text_column wpb_content_element wpb_custom_7c91d232724f73626cc933bd95b25ff0\" >\r\n\t\t<div class=\"wpb_wrapper\">\r\n\t\t\t<p><strong>Derechos de imagen de las fotos utilizadas<\/strong><\/p>\n<p>Panda del Logotipo:<br \/>\n@ brandlogo \/ creativemarket <a href=\"http:\/\/www.creativemarket.com\">creativemarket<\/a><\/p>\n<p>Categor\u00eda Imagen Beb\u00e9 y Ni\u00f1o:<br \/>\n@ <a href=\"http:\/\/www.123rf.com\/profile_mavoimage\">@ mavoimage \/ 123RF Stock Photo<\/a><\/p>\n<p>Categor\u00eda Imagen Beb\u00e9 y Ni\u00f1o \/ Movilidad:<br \/>\n@ <a href=\"http:\/\/www.123rf.com\/profile_didesign021\">@ didesign021 \/ 123RF Stock Photo<\/a><\/p>\n<p>Categor\u00eda Imagen Beb\u00e9 y Ni\u00f1o \/ Hora de Dormir:<br \/>\n@ <a href=\"http:\/\/www.123rf.com\/profile_oksun70\">@ oksun70 \/ 123RF Stock Photo<\/a><\/p>\n<p>Categor\u00eda Imagen Beb\u00e9 y Ni\u00f1o \/ Hora de Comer:<br \/>\n@ <a href=\"http:\/\/www.123rf.com\/profile_oksun70\">@ oksun70 \/ 123RF Stock Photo<\/a><\/p>\n<p>Categor\u00eda Imagen Beb\u00e9 y Ni\u00f1o \/ Seguridad:<br \/>\n@ <a href=\"http:\/\/www.123rf.com\/profile_da161\">@ da161 \/ 123RF Stock Photo<\/a><\/p>\n<p>Categor\u00eda Imagen Beb\u00e9 y Ni\u00f1o \/ Juguetes:<br \/>\n@ <a href=\"http:\/\/www.123rf.com\/profile_famveldman\">@ famveldman \/ 123RF Stock Photo<\/a><\/p>\n<p>Categor\u00eda Imagen Playa:<br \/>\n@ <a href=\"http:\/\/www.123rf.com\/profile_kritchanut\">@ kritchanut \/ 123RF Stock Photo<\/a><\/p>\n<p>Categor\u00eda Imagen Vacaciones:<br \/>\n@ <a href=\"http:\/\/www.123rf.com\/profile_naturestudio\">@ naturestudio \/ 123RF Stock Photo<\/a><\/p>\n\r\n\t\t<\/div>\r\n\t<\/div>\r\n<div class=\"vc_empty_space\"   style=\"height: 32px\"><span class=\"vc_empty_space_inner\"><\/span><\/div><div class=\"porto-separator\"><hr class=\"separator-line  wpb_content_element align_center\" style=\"background-image: -webkit-linear-gradient(left, transparent, grey, transparent); background-image: linear-gradient(to right, transparent, grey, transparent);\"><\/div><div class=\"vc_empty_space\"   style=\"height: 32px\"><span class=\"vc_empty_space_inner\"><\/span><\/div><\/div><\/div><\/div>\n<\/div>","protected":false},"excerpt":{"rendered":"Allgemeine Gesch\u00e4ftsbedingungen Die Allgemeinen Gesch\u00e4ftsbedingungen (AGB\u2019s) unterliegen den geltenden spanischen Rechtsvorschriften und regeln die Beziehungen zwischen dem Vermieter RentalPanda.es, nachfolgend auch RP genannt, und dem Mieter. Die Nutzung dieses Angebots setzt ausdr\u00fcckliche und vorbehaltlose Annahme dieser Gesch\u00e4ftsbedingungen voraus. Jegliche Verwendung der von RentalPanda angebotenen Leistungen und Dienste setzt voraus, dass der Mieter den Bedingungen zustimmt, [...]","protected":false},"author":1,"featured_media":0,"parent":0,"menu_order":0,"comment_status":"closed","ping_status":"closed","template":"","meta":{"footnotes":""},"class_list":["post-845","page","type-page","status-publish","hentry"],"yoast_head":"<!-- This site is optimized with the Yoast SEO plugin v27.1.1 - https:\/\/yoast.com\/product\/yoast-seo-wordpress\/ -->\n<title>Allgemeine Gesch\u00e4ftsbedingungen (AGBs) | RentalPanda.es<\/title>\n<meta name=\"description\" content=\"Hier geht&#039;s zu den AGBs (Allgemein Gesch\u00e4ftsbedingungen) von RentalPanda.es\" \/>\n<meta name=\"robots\" content=\"noindex, nofollow\" \/>\n<meta property=\"og:locale\" content=\"es_ES\" \/>\n<meta property=\"og:type\" content=\"article\" \/>\n<meta property=\"og:title\" content=\"Allgemeine Gesch\u00e4ftsbedingungen (AGBs) | RentalPanda.es\" \/>\n<meta property=\"og:description\" content=\"Hier geht&#039;s zu den AGBs (Allgemein Gesch\u00e4ftsbedingungen) von RentalPanda.es\" \/>\n<meta property=\"og:url\" content=\"https:\/\/rentalpanda.es\/es\/terminos-de-servicio\/\" \/>\n<meta property=\"og:site_name\" content=\"RentalPanda.es\" \/>\n<meta property=\"article:publisher\" content=\"https:\/\/www.facebook.com\/rentalpandamallorca\" \/>\n<meta property=\"article:modified_time\" content=\"2024-04-18T02:29:28+00:00\" \/>\n<meta name=\"twitter:card\" content=\"summary_large_image\" \/>\n<meta name=\"twitter:label1\" content=\"Tiempo de lectura\" \/>\n\t<meta name=\"twitter:data1\" content=\"6 minutos\" \/>\n<script type=\"application\/ld+json\" class=\"yoast-schema-graph\">{\"@context\":\"https:\/\/schema.org\",\"@graph\":[{\"@type\":\"WebPage\",\"@id\":\"https:\/\/rentalpanda.es\/agbs\/\",\"url\":\"https:\/\/rentalpanda.es\/agbs\/\",\"name\":\"Allgemeine Gesch\u00e4ftsbedingungen (AGBs) | RentalPanda.es\",\"isPartOf\":{\"@id\":\"https:\/\/rentalpanda.es\/en\/#website\"},\"datePublished\":\"2017-01-20T12:46:50+00:00\",\"dateModified\":\"2024-04-18T02:29:28+00:00\",\"description\":\"Hier geht's zu den AGBs (Allgemein Gesch\u00e4ftsbedingungen) von RentalPanda.es\",\"breadcrumb\":{\"@id\":\"https:\/\/rentalpanda.es\/agbs\/#breadcrumb\"},\"inLanguage\":\"es\",\"potentialAction\":[{\"@type\":\"ReadAction\",\"target\":[\"https:\/\/rentalpanda.es\/agbs\/\"]}]},{\"@type\":\"BreadcrumbList\",\"@id\":\"https:\/\/rentalpanda.es\/agbs\/#breadcrumb\",\"itemListElement\":[{\"@type\":\"ListItem\",\"position\":1,\"name\":\"Startseite\",\"item\":\"https:\/\/rentalpanda.es\/\"},{\"@type\":\"ListItem\",\"position\":2,\"name\":\"AGBs\"}]},{\"@type\":\"WebSite\",\"@id\":\"https:\/\/rentalpanda.es\/en\/#website\",\"url\":\"https:\/\/rentalpanda.es\/en\/\",\"name\":\"RentalPanda.es\",\"description\":\"Baby, Beach &amp; Holiday Gear for Rent\",\"publisher\":{\"@id\":\"https:\/\/rentalpanda.es\/en\/#organization\"},\"potentialAction\":[{\"@type\":\"SearchAction\",\"target\":{\"@type\":\"EntryPoint\",\"urlTemplate\":\"https:\/\/rentalpanda.es\/en\/?s={search_term_string}\"},\"query-input\":{\"@type\":\"PropertyValueSpecification\",\"valueRequired\":true,\"valueName\":\"search_term_string\"}}],\"inLanguage\":\"es\"},{\"@type\":\"Organization\",\"@id\":\"https:\/\/rentalpanda.es\/en\/#organization\",\"name\":\"Rentalpanda.es\",\"url\":\"https:\/\/rentalpanda.es\/en\/\",\"logo\":{\"@type\":\"ImageObject\",\"inLanguage\":\"es\",\"@id\":\"https:\/\/rentalpanda.es\/en\/#\/schema\/logo\/image\/\",\"url\":\"https:\/\/rentalpanda.es\/wp-content\/uploads\/2017\/02\/rentalpanda-logo-webseite-end.png\",\"contentUrl\":\"https:\/\/rentalpanda.es\/wp-content\/uploads\/2017\/02\/rentalpanda-logo-webseite-end.png\",\"width\":260,\"height\":71,\"caption\":\"Rentalpanda.es\"},\"image\":{\"@id\":\"https:\/\/rentalpanda.es\/en\/#\/schema\/logo\/image\/\"},\"sameAs\":[\"https:\/\/www.facebook.com\/rentalpandamallorca\"]}]}<\/script>\n<!-- \/ Yoast SEO plugin. -->","yoast_head_json":{"title":"T\u00e9rminos de Servicio | RentalPanda.es","description":"Hier geht's zu den AGBs (Allgemein Gesch\u00e4ftsbedingungen) von RentalPanda.es","robots":{"index":"noindex","follow":"nofollow"},"og_locale":"es_ES","og_type":"article","og_title":"Allgemeine Gesch\u00e4ftsbedingungen (AGBs) | RentalPanda.es","og_description":"Hier geht's zu den AGBs (Allgemein Gesch\u00e4ftsbedingungen) von RentalPanda.es","og_url":"https:\/\/rentalpanda.es\/es\/terminos-de-servicio\/","og_site_name":"RentalPanda.es","article_publisher":"https:\/\/www.facebook.com\/rentalpandamallorca","article_modified_time":"2024-04-18T02:29:28+00:00","twitter_card":"summary_large_image","twitter_misc":{"Tiempo de lectura":"6 minutos"},"schema":{"@context":"https:\/\/schema.org","@graph":[{"@type":"WebPage","@id":"https:\/\/rentalpanda.es\/agbs\/","url":"https:\/\/rentalpanda.es\/agbs\/","name":"T\u00e9rminos de Servicio | RentalPanda.es","isPartOf":{"@id":"https:\/\/rentalpanda.es\/en\/#website"},"datePublished":"2017-01-20T12:46:50+00:00","dateModified":"2024-04-18T02:29:28+00:00","description":"Hier geht's zu den AGBs (Allgemein Gesch\u00e4ftsbedingungen) von RentalPanda.es","breadcrumb":{"@id":"https:\/\/rentalpanda.es\/agbs\/#breadcrumb"},"inLanguage":"es","potentialAction":[{"@type":"ReadAction","target":["https:\/\/rentalpanda.es\/agbs\/"]}]},{"@type":"BreadcrumbList","@id":"https:\/\/rentalpanda.es\/agbs\/#breadcrumb","itemListElement":[{"@type":"ListItem","position":1,"name":"Startseite","item":"https:\/\/rentalpanda.es\/"},{"@type":"ListItem","position":2,"name":"AGBs"}]},{"@type":"WebSite","@id":"https:\/\/rentalpanda.es\/en\/#website","url":"https:\/\/rentalpanda.es\/en\/","name":"RentalPanda.es","description":"Baby, Beach &amp; Holiday Gear for Rent","publisher":{"@id":"https:\/\/rentalpanda.es\/en\/#organization"},"potentialAction":[{"@type":"SearchAction","target":{"@type":"EntryPoint","urlTemplate":"https:\/\/rentalpanda.es\/en\/?s={search_term_string}"},"query-input":{"@type":"PropertyValueSpecification","valueRequired":true,"valueName":"search_term_string"}}],"inLanguage":"es"},{"@type":"Organization","@id":"https:\/\/rentalpanda.es\/en\/#organization","name":"Rentalpanda.es","url":"https:\/\/rentalpanda.es\/en\/","logo":{"@type":"ImageObject","inLanguage":"es","@id":"https:\/\/rentalpanda.es\/en\/#\/schema\/logo\/image\/","url":"https:\/\/rentalpanda.es\/wp-content\/uploads\/2017\/02\/rentalpanda-logo-webseite-end.png","contentUrl":"https:\/\/rentalpanda.es\/wp-content\/uploads\/2017\/02\/rentalpanda-logo-webseite-end.png","width":260,"height":71,"caption":"Rentalpanda.es"},"image":{"@id":"https:\/\/rentalpanda.es\/en\/#\/schema\/logo\/image\/"},"sameAs":["https:\/\/www.facebook.com\/rentalpandamallorca"]}]}},"_links":{"self":[{"href":"https:\/\/rentalpanda.es\/es\/wp-json\/wp\/v2\/pages\/845","targetHints":{"allow":["GET"]}}],"collection":[{"href":"https:\/\/rentalpanda.es\/es\/wp-json\/wp\/v2\/pages"}],"about":[{"href":"https:\/\/rentalpanda.es\/es\/wp-json\/wp\/v2\/types\/page"}],"author":[{"embeddable":true,"href":"https:\/\/rentalpanda.es\/es\/wp-json\/wp\/v2\/users\/1"}],"replies":[{"embeddable":true,"href":"https:\/\/rentalpanda.es\/es\/wp-json\/wp\/v2\/comments?post=845"}],"version-history":[{"count":3,"href":"https:\/\/rentalpanda.es\/es\/wp-json\/wp\/v2\/pages\/845\/revisions"}],"predecessor-version":[{"id":15868,"href":"https:\/\/rentalpanda.es\/es\/wp-json\/wp\/v2\/pages\/845\/revisions\/15868"}],"wp:attachment":[{"href":"https:\/\/rentalpanda.es\/es\/wp-json\/wp\/v2\/media?parent=845"}],"curies":[{"name":"wp","href":"https:\/\/api.w.org\/{rel}","templated":true}]}}