{"id":709,"date":"2017-01-16T11:51:48","date_gmt":"2017-01-16T11:51:48","guid":{"rendered":"http:\/\/rentalpanda.es\/?page_id=709"},"modified":"2026-03-30T05:05:26","modified_gmt":"2026-03-30T04:05:26","slug":"entrega","status":"publish","type":"page","link":"https:\/\/rentalpanda.es\/es\/lieferung\/","title":{"rendered":"Entrega"},"content":{"rendered":"<div class=\"wpb-content-wrapper\"><div class=\"vc_row wpb_row row top-row wpb_custom_034b39d9bc6c6b310d69e39f0ccf274f\"><div class=\"vc_column_container col-md-7\"><div class=\"wpb_wrapper vc_column-inner\"><h2  class=\"vc_custom_heading vc_do_custom_heading wpb_custom_aa365bd5046e8294520b4e73732b9d15 align-left\" ><strong>Entrega<\/strong><\/h2>\r\n\t<div class=\"wpb_text_column wpb_content_element lead wpb_custom_7c91d232724f73626cc933bd95b25ff0\" >\r\n\t\t<div class=\"wpb_wrapper\">\r\n\t\t\t<p>Nuestro servicio de entrega de RentalPanda.es entrega sus art\u00edculos alquilados directamente a su casa de vacaciones en Mallorca (hoteles, apartamentos, fincas, etc.), as\u00ed como al aeropuerto de Palma o estaciones de alquiler de coches.<\/p>\n\r\n\t\t<\/div>\r\n\t<\/div>\r\n\r\n\t<div class=\"wpb_text_column wpb_content_element wpb_custom_7c91d232724f73626cc933bd95b25ff0\" >\r\n\t\t<div class=\"wpb_wrapper\">\r\n\t\t\t<p>La cita con respecto a la entrega de los productos de alquiler se comunica convenientemente por correo electr\u00f3nico, tel\u00e9fono y WhatsApp, para que se pueda realizar una entrega perfecta de los productos.<\/p>\n\r\n\t\t<\/div>\r\n\t<\/div>\r\n<\/div><\/div><div class=\"vc_column_container col-md-4\"><div class=\"wpb_wrapper vc_column-inner\"><div class=\"vc_empty_space\"   style=\"height: 50px\"><span class=\"vc_empty_space_inner\"><\/span><\/div>\r\n\t<div class=\"wpb_single_image wpb_content_element vc_align_center wpb_content_element  vc_custom_1484573553874 wpb_custom_81a4f7ef9830bf958462581aa01150fb\"><div class=\"wpb_wrapper\">\r\n\t\t\t\r\n\t\t\t<div class=\"vc_single_image-wrapper   vc_box_border_grey\"><img decoding=\"async\" width=\"300\" height=\"148\" src=\"https:\/\/rentalpanda.es\/wp-content\/uploads\/2017\/01\/rentalpanda-lieferung-2-300x148.jpg\" class=\"vc_single_image-img attachment-medium\" alt=\"Lieferung RentalPanda.es\" title=\"rentalpanda-lieferung\" \/><\/div>\r\n\t\t<\/div>\r\n\t<\/div>\r\n<\/div><\/div><\/div><div class=\"vc_row wpb_row row top-row wpb_custom_034b39d9bc6c6b310d69e39f0ccf274f\"><div class=\"vc_column_container col-md-12\"><div class=\"wpb_wrapper vc_column-inner\"><div class=\"porto-separator tall\"><hr class=\"separator-line  wpb_content_element align_center\"><\/div><\/div><\/div><\/div><div class=\"vc_row wpb_row row top-row wpb_custom_034b39d9bc6c6b310d69e39f0ccf274f\"><div class=\"vc_column_container col-md-3\"><div class=\"wpb_wrapper vc_column-inner\"><div class=\"porto-content-box featured-boxes wpb_content_element  featured-boxes-flat\"><div class=\"featured-box featured-box-primary featured-box-effect-2\"><div class=\"box-content\" style=\"\"><i class=\"icon-featured icon-image\"><img decoding=\"async\" alt=\"Zona de entrega A Rentalpanda\" src=\"\/\/rentalpanda.es\/wp-content\/uploads\/2017\/01\/lieferbereich-a.jpg\"><\/i>\r\n\t<div class=\"wpb_text_column wpb_content_element wpb_custom_7c91d232724f73626cc933bd95b25ff0\" >\r\n\t\t<div class=\"wpb_wrapper\">\r\n\t\t\t<p><strong>\u00c1rea de entrega A <\/strong>(tiempo de entrega 05:00-23:00)<\/p>\n<p>Aeropuerto Palma de Mallorca<\/p>\n<p><strong>Costos de entrega: 10 \u20ac por pedido<\/strong><\/p>\n<p>Valor m\u00ednimo de pedido EUR 13,00 = TOTAL EUR 23,00<\/p>\n\r\n\t\t<\/div>\r\n\t<\/div>\r\n<\/div><\/div><\/div><\/div><\/div><div class=\"vc_column_container col-md-3\"><div class=\"wpb_wrapper vc_column-inner\"><div class=\"porto-content-box featured-boxes wpb_content_element  featured-boxes-flat\"><div class=\"featured-box featured-box-secondary featured-box-effect-2\"><div class=\"box-content\" style=\"\"><i class=\"icon-featured icon-image\"><img decoding=\"async\" alt=\"Zona de entrega B Rentalpanda\" src=\"\/\/rentalpanda.es\/wp-content\/uploads\/2017\/01\/lieferbereich-b.jpg\"><\/i><\/div><\/div><\/div>\r\n\t<div class=\"wpb_text_column wpb_content_element wpb_custom_7c91d232724f73626cc933bd95b25ff0\" >\r\n\t\t<div class=\"wpb_wrapper\">\r\n\t\t\t<p><strong>\u00c1rea de entrega B\u00a0<\/strong>(tiempo de entrega 08:00-22:00)<\/p>\n<p>Palma, Ca'n Pastilla, Arenal, Son Ver\u00ed, Cala Blava, Bad\u00eda Gran, Marratx\u00ed, Son Sardina, Son Espanyol, Genova, Cala Major.<\/p>\n<p><strong>Costos de entrega: 10 \u20ac por pedido<\/strong><\/p>\n<p>Valor m\u00ednimo de pedido EUR 13,00 = TOTAL EUR 23,00<\/p>\n\r\n\t\t<\/div>\r\n\t<\/div>\r\n<\/div><\/div><div class=\"vc_column_container col-md-3\"><div class=\"wpb_wrapper vc_column-inner\"><div class=\"porto-content-box featured-boxes wpb_content_element  featured-boxes-flat\"><div class=\"featured-box featured-box-tertiary featured-box-effect-2\"><div class=\"box-content\" style=\"\"><i class=\"icon-featured icon-image\"><img decoding=\"async\" alt=\"Zona de entrega C Rentalpanda\" src=\"\/\/rentalpanda.es\/wp-content\/uploads\/2017\/01\/lieferbereich-c.jpg\"><\/i>\r\n\t<div class=\"wpb_text_column wpb_content_element wpb_custom_7c91d232724f73626cc933bd95b25ff0\" >\r\n\t\t<div class=\"wpb_wrapper\">\r\n\t\t\t<p><strong>\u00c1rea de entrega C <\/strong>(tiempo de entrega 08:00-22:00, solo bajo solicitud)<\/p>\n<p>Illetas, Ca's Catal\u00e0, Bendinat, Portals Nous, Palmanova, Magaluf, El Toro, Santa Pon\u00e7a, Paguera, Calvi\u00e0, Algaida, Portol, Santa Maria, Tolleric.<\/p>\n<p><strong>SOLO BAJO SOLICITUD<\/strong><\/p>\n<p>Mindestbestellwert EUR 19,00 = TOTAL EUR 32,00<\/p>\n\r\n\t\t<\/div>\r\n\t<\/div>\r\n<\/div><\/div><\/div><\/div><\/div><div class=\"vc_column_container col-md-3\"><div class=\"wpb_wrapper vc_column-inner\"><div class=\"porto-content-box featured-boxes wpb_content_element  featured-boxes-flat\"><div class=\"featured-box featured-box-quaternary featured-box-effect-2\"><div class=\"box-content\" style=\"\"><i class=\"icon-featured icon-image\"><img decoding=\"async\" alt=\"Zona de entraga D Rentalpanda\" src=\"\/\/rentalpanda.es\/wp-content\/uploads\/2017\/01\/lieferbereich-d.jpg\"><\/i>\r\n\t<div class=\"wpb_text_column wpb_content_element wpb_custom_7c91d232724f73626cc933bd95b25ff0\" >\r\n\t\t<div class=\"wpb_wrapper\">\r\n\t\t\t<p><strong>\u00c1rea de entrega D <\/strong>(tiempo de entrega 08:00-22:00, solo bajo solicitud)<\/p>\n<p>Todos los lugares de Mallorca fuera de las zonas de entrega A, B y C.<\/p>\n<p><strong>SOLO BAJO SOLICITUD<\/strong><\/p>\n<p>Valor m\u00ednimo de pedido de 50,00 EUR, m\u00e1s costes de entrega adicionales de 25,00 a 60,00 EUR (seg\u00fan la ubicaci\u00f3n).<\/p>\n\r\n\t\t<\/div>\r\n\t<\/div>\r\n<\/div><\/div><\/div><\/div><\/div><\/div>\n<\/div>","protected":false},"excerpt":{"rendered":"Lieferung Unser Lieferservice von RentalPanda.es \u2013 Baby. Beach. Holiday Gear. liefert dir deine gemieteten Artikel direkt in dein Feriendomizil auf Mallorca (Hotels, Apartments, Fincas etc.), sowie an den Flughafen Palma oder dortige Mietwagenstationen. In Bezug auf Adresse und Zeitpunkt kommunizieren wir mit dir per Email, Telefon und WhatsApp, so dass eine einwandfreie \u00dcbergabe der Produkte [...]","protected":false},"author":1,"featured_media":0,"parent":0,"menu_order":0,"comment_status":"closed","ping_status":"closed","template":"","meta":{"footnotes":""},"class_list":["post-709","page","type-page","status-publish","hentry"],"yoast_head":"<!-- This site is optimized with the Yoast SEO plugin v27.1.1 - https:\/\/yoast.com\/product\/yoast-seo-wordpress\/ -->\n<title>Lieferung: Unsere Liefergebiete auf Mallorca | RentalPanda.es<\/title>\n<meta name=\"description\" content=\"RentalPanda liefert die gemieteten Baby-, Strand- und Urlaubsartikel direkt ins Hotel auf Mallorca. Und zum Flughafen + Mietwagenstationen!\" \/>\n<meta name=\"robots\" content=\"index, follow, max-snippet:-1, max-image-preview:large, max-video-preview:-1\" \/>\n<link rel=\"canonical\" href=\"https:\/\/rentalpanda.es\/es\/entrega\/\" \/>\n<meta property=\"og:locale\" content=\"es_ES\" \/>\n<meta property=\"og:type\" content=\"article\" \/>\n<meta property=\"og:title\" content=\"Lieferung: Unsere Liefergebiete auf Mallorca | RentalPanda.es\" \/>\n<meta property=\"og:description\" content=\"RentalPanda liefert die gemieteten Baby-, Strand- und Urlaubsartikel direkt ins Hotel auf Mallorca. Und zum Flughafen + Mietwagenstationen!\" \/>\n<meta property=\"og:url\" content=\"https:\/\/rentalpanda.es\/es\/entrega\/\" \/>\n<meta property=\"og:site_name\" content=\"RentalPanda.es\" \/>\n<meta property=\"article:publisher\" content=\"https:\/\/www.facebook.com\/rentalpandamallorca\" \/>\n<meta property=\"article:modified_time\" content=\"2026-03-30T04:05:26+00:00\" \/>\n<meta name=\"twitter:card\" content=\"summary_large_image\" \/>\n<meta name=\"twitter:label1\" content=\"Tiempo de lectura\" \/>\n\t<meta name=\"twitter:data1\" content=\"2 minutos\" \/>\n<script type=\"application\/ld+json\" class=\"yoast-schema-graph\">{\"@context\":\"https:\/\/schema.org\",\"@graph\":[{\"@type\":\"WebPage\",\"@id\":\"https:\/\/rentalpanda.es\/lieferung\/\",\"url\":\"https:\/\/rentalpanda.es\/lieferung\/\",\"name\":\"Lieferung: Unsere Liefergebiete auf Mallorca | RentalPanda.es\",\"isPartOf\":{\"@id\":\"https:\/\/rentalpanda.es\/en\/#website\"},\"datePublished\":\"2017-01-16T11:51:48+00:00\",\"dateModified\":\"2026-03-30T04:05:26+00:00\",\"description\":\"RentalPanda liefert die gemieteten Baby-, Strand- und Urlaubsartikel direkt ins Hotel auf Mallorca. Und zum Flughafen + Mietwagenstationen!\",\"breadcrumb\":{\"@id\":\"https:\/\/rentalpanda.es\/lieferung\/#breadcrumb\"},\"inLanguage\":\"es\",\"potentialAction\":[{\"@type\":\"ReadAction\",\"target\":[\"https:\/\/rentalpanda.es\/lieferung\/\"]}]},{\"@type\":\"BreadcrumbList\",\"@id\":\"https:\/\/rentalpanda.es\/lieferung\/#breadcrumb\",\"itemListElement\":[{\"@type\":\"ListItem\",\"position\":1,\"name\":\"Startseite\",\"item\":\"https:\/\/rentalpanda.es\/\"},{\"@type\":\"ListItem\",\"position\":2,\"name\":\"Lieferung\"}]},{\"@type\":\"WebSite\",\"@id\":\"https:\/\/rentalpanda.es\/en\/#website\",\"url\":\"https:\/\/rentalpanda.es\/en\/\",\"name\":\"RentalPanda.es\",\"description\":\"Baby, Beach &amp; Holiday Gear for Rent\",\"publisher\":{\"@id\":\"https:\/\/rentalpanda.es\/en\/#organization\"},\"potentialAction\":[{\"@type\":\"SearchAction\",\"target\":{\"@type\":\"EntryPoint\",\"urlTemplate\":\"https:\/\/rentalpanda.es\/en\/?s={search_term_string}\"},\"query-input\":{\"@type\":\"PropertyValueSpecification\",\"valueRequired\":true,\"valueName\":\"search_term_string\"}}],\"inLanguage\":\"es\"},{\"@type\":\"Organization\",\"@id\":\"https:\/\/rentalpanda.es\/en\/#organization\",\"name\":\"Rentalpanda.es\",\"url\":\"https:\/\/rentalpanda.es\/en\/\",\"logo\":{\"@type\":\"ImageObject\",\"inLanguage\":\"es\",\"@id\":\"https:\/\/rentalpanda.es\/en\/#\/schema\/logo\/image\/\",\"url\":\"https:\/\/rentalpanda.es\/wp-content\/uploads\/2017\/02\/rentalpanda-logo-webseite-end.png\",\"contentUrl\":\"https:\/\/rentalpanda.es\/wp-content\/uploads\/2017\/02\/rentalpanda-logo-webseite-end.png\",\"width\":260,\"height\":71,\"caption\":\"Rentalpanda.es\"},\"image\":{\"@id\":\"https:\/\/rentalpanda.es\/en\/#\/schema\/logo\/image\/\"},\"sameAs\":[\"https:\/\/www.facebook.com\/rentalpandamallorca\"]}]}<\/script>\n<!-- \/ Yoast SEO plugin. -->","yoast_head_json":{"title":"Entrega: Nuestra \u00c1reas de Entrega en Mallorca | RentalPanda.es","description":"RentalPanda liefert die gemieteten Baby-, Strand- und Urlaubsartikel direkt ins Hotel auf Mallorca. Und zum Flughafen + Mietwagenstationen!","robots":{"index":"index","follow":"follow","max-snippet":"max-snippet:-1","max-image-preview":"max-image-preview:large","max-video-preview":"max-video-preview:-1"},"canonical":"https:\/\/rentalpanda.es\/es\/entrega\/","og_locale":"es_ES","og_type":"article","og_title":"Lieferung: Unsere Liefergebiete auf Mallorca | RentalPanda.es","og_description":"RentalPanda liefert die gemieteten Baby-, Strand- und Urlaubsartikel direkt ins Hotel auf Mallorca. Und zum Flughafen + Mietwagenstationen!","og_url":"https:\/\/rentalpanda.es\/es\/entrega\/","og_site_name":"RentalPanda.es","article_publisher":"https:\/\/www.facebook.com\/rentalpandamallorca","article_modified_time":"2026-03-30T04:05:26+00:00","twitter_card":"summary_large_image","twitter_misc":{"Tiempo de lectura":"2 minutos"},"schema":{"@context":"https:\/\/schema.org","@graph":[{"@type":"WebPage","@id":"https:\/\/rentalpanda.es\/lieferung\/","url":"https:\/\/rentalpanda.es\/lieferung\/","name":"Entrega: Nuestra \u00c1reas de Entrega en Mallorca | RentalPanda.es","isPartOf":{"@id":"https:\/\/rentalpanda.es\/en\/#website"},"datePublished":"2017-01-16T11:51:48+00:00","dateModified":"2026-03-30T04:05:26+00:00","description":"RentalPanda liefert die gemieteten Baby-, Strand- und Urlaubsartikel direkt ins Hotel auf Mallorca. Und zum Flughafen + Mietwagenstationen!","breadcrumb":{"@id":"https:\/\/rentalpanda.es\/lieferung\/#breadcrumb"},"inLanguage":"es","potentialAction":[{"@type":"ReadAction","target":["https:\/\/rentalpanda.es\/lieferung\/"]}]},{"@type":"BreadcrumbList","@id":"https:\/\/rentalpanda.es\/lieferung\/#breadcrumb","itemListElement":[{"@type":"ListItem","position":1,"name":"Startseite","item":"https:\/\/rentalpanda.es\/"},{"@type":"ListItem","position":2,"name":"Lieferung"}]},{"@type":"WebSite","@id":"https:\/\/rentalpanda.es\/en\/#website","url":"https:\/\/rentalpanda.es\/en\/","name":"RentalPanda.es","description":"Baby, Beach &amp; Holiday Gear for Rent","publisher":{"@id":"https:\/\/rentalpanda.es\/en\/#organization"},"potentialAction":[{"@type":"SearchAction","target":{"@type":"EntryPoint","urlTemplate":"https:\/\/rentalpanda.es\/en\/?s={search_term_string}"},"query-input":{"@type":"PropertyValueSpecification","valueRequired":true,"valueName":"search_term_string"}}],"inLanguage":"es"},{"@type":"Organization","@id":"https:\/\/rentalpanda.es\/en\/#organization","name":"Rentalpanda.es","url":"https:\/\/rentalpanda.es\/en\/","logo":{"@type":"ImageObject","inLanguage":"es","@id":"https:\/\/rentalpanda.es\/en\/#\/schema\/logo\/image\/","url":"https:\/\/rentalpanda.es\/wp-content\/uploads\/2017\/02\/rentalpanda-logo-webseite-end.png","contentUrl":"https:\/\/rentalpanda.es\/wp-content\/uploads\/2017\/02\/rentalpanda-logo-webseite-end.png","width":260,"height":71,"caption":"Rentalpanda.es"},"image":{"@id":"https:\/\/rentalpanda.es\/en\/#\/schema\/logo\/image\/"},"sameAs":["https:\/\/www.facebook.com\/rentalpandamallorca"]}]}},"_links":{"self":[{"href":"https:\/\/rentalpanda.es\/es\/wp-json\/wp\/v2\/pages\/709","targetHints":{"allow":["GET"]}}],"collection":[{"href":"https:\/\/rentalpanda.es\/es\/wp-json\/wp\/v2\/pages"}],"about":[{"href":"https:\/\/rentalpanda.es\/es\/wp-json\/wp\/v2\/types\/page"}],"author":[{"embeddable":true,"href":"https:\/\/rentalpanda.es\/es\/wp-json\/wp\/v2\/users\/1"}],"replies":[{"embeddable":true,"href":"https:\/\/rentalpanda.es\/es\/wp-json\/wp\/v2\/comments?post=709"}],"version-history":[{"count":9,"href":"https:\/\/rentalpanda.es\/es\/wp-json\/wp\/v2\/pages\/709\/revisions"}],"predecessor-version":[{"id":23520,"href":"https:\/\/rentalpanda.es\/es\/wp-json\/wp\/v2\/pages\/709\/revisions\/23520"}],"wp:attachment":[{"href":"https:\/\/rentalpanda.es\/es\/wp-json\/wp\/v2\/media?parent=709"}],"curies":[{"name":"wp","href":"https:\/\/api.w.org\/{rel}","templated":true}]}}