{"id":6878,"date":"2018-04-03T11:59:31","date_gmt":"2018-04-03T11:59:31","guid":{"rendered":"https:\/\/rentalpanda.es\/?page_id=6878"},"modified":"2023-07-28T04:26:33","modified_gmt":"2023-07-28T04:26:33","slug":"alquiler-de-coches","status":"publish","type":"page","link":"https:\/\/rentalpanda.es\/es\/mietwagen-informationen\/","title":{"rendered":"Sobre alquiler de coches"},"content":{"rendered":"<div class=\"wpb-content-wrapper\"><div class=\"vc_row wpb_row row top-row wpb_custom_034b39d9bc6c6b310d69e39f0ccf274f\"><div class=\"vc_column_container col-md-12\"><div class=\"wpb_wrapper vc_column-inner\"><h3  class=\"vc_custom_heading vc_do_custom_heading wpb_custom_aa365bd5046e8294520b4e73732b9d15 align-left\" ><strong>Alquiler de<\/strong>-coches<\/h3>\r\n\t<div class=\"wpb_text_column wpb_content_element wpb_custom_7c91d232724f73626cc933bd95b25ff0\" >\r\n\t\t<div class=\"wpb_wrapper\">\r\n\t\t\t<p>Estimados clientes de RentalPanda,<\/p>\n<p>Hemos recibido varias veces informaci\u00f3n de que puede haber problemas con la reserva de coches de alquiler para tus vacaciones en Mallorca. Por ejemplo, quienes reservan a trav\u00e9s de portales conocidos suelen fijarse primero en el precio antes que en la calidad, lo cual es totalmente comprensible.<\/p>\n<p>PERO, aqu\u00ed viene un gran \u201cpero\u201d: no todos los proveedores de alquiler de coches en Mallorca ofrecen un buen servicio. Hemos recibido m\u00faltiples informes de que algunos proveedores pr\u00e1cticamente \u201cobligan\u201d a sus clientes a contratar seguros adicionales, a menudo innecesarios, lo que puede generar costes extra significativos, \u00a1a veces de varios cientos de euros!<\/p>\n<p>Nuestro consejo: no te dejes convencer en la recogida de tu coche de alquiler en Mallorca para contratar este o aquel seguro adicional. Inf\u00f3rmate bien de antemano, especialmente al hacer la reserva online, sobre qu\u00e9 incluye la cobertura del seguro y qu\u00e9 no.<\/p>\n<p><strong>NUESTRA RECOMENDACI\u00d3N<\/strong>: En <a href=\"https:\/\/www.awin1.com\/awclick.php?gid=332966&amp;mid=9364&amp;awinaffid=509828&amp;linkid=2126249&amp;clickref=\" target=\"_blank\" rel=\"noopener\">Check24.es<\/a> no solo encontrar\u00e1s excelentes ofertas de las principales empresas de alquiler de coches, sino que tambi\u00e9n se indica claramente qu\u00e9 proveedores han recibido malas valoraciones en el pasado y, por lo tanto, deber\u00edas evitar. \u00a1As\u00ed podr\u00e1s reservar tu coche de alquiler en Mallorca de forma segura y sin costes adicionales inesperados!<\/p>\n<p><a href=\"https:\/\/www.awin1.com\/cread.php?s=2126235&amp;v=9364&amp;q=332961&amp;r=509828\"><img decoding=\"async\" src=\"https:\/\/www.awin1.com\/cshow.php?s=2126235&amp;v=9364&amp;q=332961&amp;r=509828\" border=\"0\" \/><\/a><\/p>\n<p>&nbsp;<\/p>\n<hr \/>\n<p>&nbsp;<\/p>\n<p><strong>La Magia de Mallorca<\/strong><\/p>\n<p>Alquila un coche en Mallorca y visita algunas de las atracciones m\u00e1s inusuales y sorprendentes de Europa, incluidas las pintorescas ruinas del Castillo de Alar\u00f3 y la inolvidable belleza g\u00f3tica de la Catedral de Palma, ubicada en la vibrante capital. Tambi\u00e9n es muy recomendable hacer una excursi\u00f3n a Magaluf (ideal para ni\u00f1os y parques acu\u00e1ticos) o a la Playa de Palma. Explora todos los puntos destacados de la isla con tu coche de alquiler en Mallorca.<\/p>\n<p><strong>Mallorca: Parque de Aventuras Naturales<\/strong><\/p>\n<p>Con espect\u00e1culos naturales verdaderamente asombrosos e impresionantes, Mallorca es ideal para explorar la isla en coche. No te pierdas los lagos turquesas en el noroeste, los humedales del Parque Natural de Mondrag\u00f3 o la costa protegida de Punta de n'Amer. No importa a d\u00f3nde viajes en Mallorca, normalmente siempre est\u00e1n disponibles los \u00faltimos modelos de coches de alquiler, ya sea que busques un coche peque\u00f1o o mediano, un sed\u00e1n, una minivan, un veh\u00edculo familiar espacioso o incluso un coche de lujo.<\/p>\n<p>Un coche de alquiler en Mallorca te acerca a la belleza de la mayor de las Islas Baleares: descubre sitios hist\u00f3ricos, calas solitarias, pueblos encantadores y aldeas so\u00f1adoras. Mallorca encanta y har\u00e1 que tu viaje sea inolvidable con vistas espectaculares y un clima maravilloso.<\/p>\n<p>Mallorca ofrece resorts amigables y personalizados, hoteles o villas remotas y lujosas, as\u00ed como algunas de las mejores ofertas de Europa para viajeros de paquetes tur\u00edsticos: \u00a1esta isla es simplemente un destino fant\u00e1stico para todo tipo de viajeros! Sum\u00e9rgete en la belleza natural de esta isla, explora las magn\u00edficas playas, prueba los deliciosos mariscos y aprende m\u00e1s sobre la rica historia cultural de Mallorca. Pero cuidado: \u00a1podr\u00edas enamorarte perdidamente de la fascinante isla de Mallorca! \u00a1Reserva un coche econ\u00f3mico en Mallorca y explora la isla a fondo!<\/p>\n<p><strong>Alquiler de Coches en Mallorca<\/strong><\/p>\n<p>La popularidad de Mallorca como destino tur\u00edstico ha crecido constantemente desde los primeros a\u00f1os del turismo. Muchos artistas, acad\u00e9micos y miles de personas \u201ccomo t\u00fa y yo\u201d han decidido no solo visitar la isla, sino tambi\u00e9n vivir aqu\u00ed permanentemente. Naturalmente, la econom\u00eda de Mallorca depende en gran medida de la industria del turismo. Especialmente en el este de Mallorca, los meses de invierno suelen ser muy tranquilos. Raz\u00f3n de m\u00e1s para, cuando finalmente est\u00e9s aqu\u00ed, alquilar un coche y recorrer la isla para descubrir las bellezas de Mallorca.<\/p>\n<p>\u00a1Reserva tu coche de alquiler en Mallorca online y ahorra una cantidad significativa de dinero y tiempo en comparaci\u00f3n con alquilar un coche directamente en Mallorca!<\/p>\n<p><a href=\"https:\/\/www.awin1.com\/cread.php?s=2126235&amp;v=9364&amp;q=332961&amp;r=509828\"><img decoding=\"async\" src=\"https:\/\/www.awin1.com\/cshow.php?s=2126235&amp;v=9364&amp;q=332961&amp;r=509828\" border=\"0\" \/><\/a><\/p>\n\r\n\t\t<\/div>\r\n\t<\/div>\r\n<\/div><\/div><\/div>\n<\/div>","protected":false},"excerpt":{"rendered":"Mietwagen-Informationen Liebe RentalPanda-Kunden, uns ist nun schon mehrfach zu Ohren gekommen, dass es zu Problemen bei der Mietwagen-Buchung f\u00fcr deinen Mallorca-Urlaub kommen kann. Wer beispielsweise \u00fcber die bekannten Mietwagen-Portale wie Billiger-Mietwagen.de oder Check24.de bucht, schaut meistens eher erst einmal auf den Preis, als auf die Qualit\u00e4t \u2013 was nat\u00fcrlich v\u00f6llig verst\u00e4ndlich ist. ABER, hier kommt [...]","protected":false},"author":1,"featured_media":0,"parent":0,"menu_order":0,"comment_status":"closed","ping_status":"closed","template":"","meta":{"footnotes":""},"class_list":["post-6878","page","type-page","status-publish","hentry"],"yoast_head":"<!-- This site is optimized with the Yoast SEO plugin v27.1.1 - https:\/\/yoast.com\/product\/yoast-seo-wordpress\/ -->\n<title>Mietwagen-Infos f\u00fcr deinen Urlaub auf Mallorca | RentalPanda.es<\/title>\n<meta name=\"description\" content=\"Buche online deinen Mietwagen auf Mallorca und spare dadurch einiges an Geld im Vergleich zur Mietwagenbuchung vor Ort auf Mallorca!\" \/>\n<meta name=\"robots\" content=\"index, follow, max-snippet:-1, max-image-preview:large, max-video-preview:-1\" \/>\n<link rel=\"canonical\" href=\"https:\/\/rentalpanda.es\/es\/alquiler-de-coches\/\" \/>\n<meta property=\"og:locale\" content=\"es_ES\" \/>\n<meta property=\"og:type\" content=\"article\" \/>\n<meta property=\"og:title\" content=\"Mietwagen-Infos f\u00fcr deinen Urlaub auf Mallorca | RentalPanda.es\" \/>\n<meta property=\"og:description\" content=\"Buche online deinen Mietwagen auf Mallorca und spare dadurch einiges an Geld im Vergleich zur Mietwagenbuchung vor Ort auf Mallorca!\" \/>\n<meta property=\"og:url\" content=\"https:\/\/rentalpanda.es\/es\/alquiler-de-coches\/\" \/>\n<meta property=\"og:site_name\" content=\"RentalPanda.es\" \/>\n<meta property=\"article:publisher\" content=\"https:\/\/www.facebook.com\/rentalpandamallorca\" \/>\n<meta property=\"article:modified_time\" content=\"2023-07-28T04:26:33+00:00\" \/>\n<meta property=\"og:image\" content=\"https:\/\/www.awin1.com\/cshow.php?s=2126235&amp;v=9364&amp;q=332961&amp;r=509828\" \/>\n<meta name=\"twitter:card\" content=\"summary_large_image\" \/>\n<meta name=\"twitter:label1\" content=\"Tiempo de lectura\" \/>\n\t<meta name=\"twitter:data1\" content=\"4 minutos\" \/>\n<script type=\"application\/ld+json\" class=\"yoast-schema-graph\">{\"@context\":\"https:\/\/schema.org\",\"@graph\":[{\"@type\":\"WebPage\",\"@id\":\"https:\/\/rentalpanda.es\/mietwagen-informationen\/\",\"url\":\"https:\/\/rentalpanda.es\/mietwagen-informationen\/\",\"name\":\"Mietwagen-Infos f\u00fcr deinen Urlaub auf Mallorca | RentalPanda.es\",\"isPartOf\":{\"@id\":\"https:\/\/rentalpanda.es\/en\/#website\"},\"primaryImageOfPage\":{\"@id\":\"https:\/\/rentalpanda.es\/mietwagen-informationen\/#primaryimage\"},\"image\":{\"@id\":\"https:\/\/rentalpanda.es\/mietwagen-informationen\/#primaryimage\"},\"thumbnailUrl\":\"https:\/\/www.awin1.com\/cshow.php?s=2126235&amp;v=9364&amp;q=332961&amp;r=509828\",\"datePublished\":\"2018-04-03T11:59:31+00:00\",\"dateModified\":\"2023-07-28T04:26:33+00:00\",\"description\":\"Buche online deinen Mietwagen auf Mallorca und spare dadurch einiges an Geld im Vergleich zur Mietwagenbuchung vor Ort auf Mallorca!\",\"breadcrumb\":{\"@id\":\"https:\/\/rentalpanda.es\/mietwagen-informationen\/#breadcrumb\"},\"inLanguage\":\"es\",\"potentialAction\":[{\"@type\":\"ReadAction\",\"target\":[\"https:\/\/rentalpanda.es\/mietwagen-informationen\/\"]}]},{\"@type\":\"ImageObject\",\"inLanguage\":\"es\",\"@id\":\"https:\/\/rentalpanda.es\/mietwagen-informationen\/#primaryimage\",\"url\":\"https:\/\/www.awin1.com\/cshow.php?s=2126235&amp;v=9364&amp;q=332961&amp;r=509828\",\"contentUrl\":\"https:\/\/www.awin1.com\/cshow.php?s=2126235&amp;v=9364&amp;q=332961&amp;r=509828\"},{\"@type\":\"BreadcrumbList\",\"@id\":\"https:\/\/rentalpanda.es\/mietwagen-informationen\/#breadcrumb\",\"itemListElement\":[{\"@type\":\"ListItem\",\"position\":1,\"name\":\"Startseite\",\"item\":\"https:\/\/rentalpanda.es\/\"},{\"@type\":\"ListItem\",\"position\":2,\"name\":\"Mietwagen-Informationen\"}]},{\"@type\":\"WebSite\",\"@id\":\"https:\/\/rentalpanda.es\/en\/#website\",\"url\":\"https:\/\/rentalpanda.es\/en\/\",\"name\":\"RentalPanda.es\",\"description\":\"Baby, Beach &amp; Holiday Gear for Rent\",\"publisher\":{\"@id\":\"https:\/\/rentalpanda.es\/en\/#organization\"},\"potentialAction\":[{\"@type\":\"SearchAction\",\"target\":{\"@type\":\"EntryPoint\",\"urlTemplate\":\"https:\/\/rentalpanda.es\/en\/?s={search_term_string}\"},\"query-input\":{\"@type\":\"PropertyValueSpecification\",\"valueRequired\":true,\"valueName\":\"search_term_string\"}}],\"inLanguage\":\"es\"},{\"@type\":\"Organization\",\"@id\":\"https:\/\/rentalpanda.es\/en\/#organization\",\"name\":\"Rentalpanda.es\",\"url\":\"https:\/\/rentalpanda.es\/en\/\",\"logo\":{\"@type\":\"ImageObject\",\"inLanguage\":\"es\",\"@id\":\"https:\/\/rentalpanda.es\/en\/#\/schema\/logo\/image\/\",\"url\":\"https:\/\/rentalpanda.es\/wp-content\/uploads\/2017\/02\/rentalpanda-logo-webseite-end.png\",\"contentUrl\":\"https:\/\/rentalpanda.es\/wp-content\/uploads\/2017\/02\/rentalpanda-logo-webseite-end.png\",\"width\":260,\"height\":71,\"caption\":\"Rentalpanda.es\"},\"image\":{\"@id\":\"https:\/\/rentalpanda.es\/en\/#\/schema\/logo\/image\/\"},\"sameAs\":[\"https:\/\/www.facebook.com\/rentalpandamallorca\"]}]}<\/script>\n<!-- \/ Yoast SEO plugin. -->","yoast_head_json":{"title":"Mietwagen-Infos f\u00fcr deinen Urlaub auf Mallorca | RentalPanda.es","description":"Buche online deinen Mietwagen auf Mallorca und spare dadurch einiges an Geld im Vergleich zur Mietwagenbuchung vor Ort auf Mallorca!","robots":{"index":"index","follow":"follow","max-snippet":"max-snippet:-1","max-image-preview":"max-image-preview:large","max-video-preview":"max-video-preview:-1"},"canonical":"https:\/\/rentalpanda.es\/es\/alquiler-de-coches\/","og_locale":"es_ES","og_type":"article","og_title":"Mietwagen-Infos f\u00fcr deinen Urlaub auf Mallorca | RentalPanda.es","og_description":"Buche online deinen Mietwagen auf Mallorca und spare dadurch einiges an Geld im Vergleich zur Mietwagenbuchung vor Ort auf Mallorca!","og_url":"https:\/\/rentalpanda.es\/es\/alquiler-de-coches\/","og_site_name":"RentalPanda.es","article_publisher":"https:\/\/www.facebook.com\/rentalpandamallorca","article_modified_time":"2023-07-28T04:26:33+00:00","og_image":[{"url":"https:\/\/www.awin1.com\/cshow.php?s=2126235&amp;v=9364&amp;q=332961&amp;r=509828","type":"","width":"","height":""}],"twitter_card":"summary_large_image","twitter_misc":{"Tiempo de lectura":"4 minutos"},"schema":{"@context":"https:\/\/schema.org","@graph":[{"@type":"WebPage","@id":"https:\/\/rentalpanda.es\/mietwagen-informationen\/","url":"https:\/\/rentalpanda.es\/mietwagen-informationen\/","name":"Mietwagen-Infos f\u00fcr deinen Urlaub auf Mallorca | RentalPanda.es","isPartOf":{"@id":"https:\/\/rentalpanda.es\/en\/#website"},"primaryImageOfPage":{"@id":"https:\/\/rentalpanda.es\/mietwagen-informationen\/#primaryimage"},"image":{"@id":"https:\/\/rentalpanda.es\/mietwagen-informationen\/#primaryimage"},"thumbnailUrl":"https:\/\/www.awin1.com\/cshow.php?s=2126235&amp;v=9364&amp;q=332961&amp;r=509828","datePublished":"2018-04-03T11:59:31+00:00","dateModified":"2023-07-28T04:26:33+00:00","description":"Buche online deinen Mietwagen auf Mallorca und spare dadurch einiges an Geld im Vergleich zur Mietwagenbuchung vor Ort auf Mallorca!","breadcrumb":{"@id":"https:\/\/rentalpanda.es\/mietwagen-informationen\/#breadcrumb"},"inLanguage":"es","potentialAction":[{"@type":"ReadAction","target":["https:\/\/rentalpanda.es\/mietwagen-informationen\/"]}]},{"@type":"ImageObject","inLanguage":"es","@id":"https:\/\/rentalpanda.es\/mietwagen-informationen\/#primaryimage","url":"https:\/\/www.awin1.com\/cshow.php?s=2126235&amp;v=9364&amp;q=332961&amp;r=509828","contentUrl":"https:\/\/www.awin1.com\/cshow.php?s=2126235&amp;v=9364&amp;q=332961&amp;r=509828"},{"@type":"BreadcrumbList","@id":"https:\/\/rentalpanda.es\/mietwagen-informationen\/#breadcrumb","itemListElement":[{"@type":"ListItem","position":1,"name":"Startseite","item":"https:\/\/rentalpanda.es\/"},{"@type":"ListItem","position":2,"name":"Mietwagen-Informationen"}]},{"@type":"WebSite","@id":"https:\/\/rentalpanda.es\/en\/#website","url":"https:\/\/rentalpanda.es\/en\/","name":"RentalPanda.es","description":"Baby, Beach &amp; Holiday Gear for Rent","publisher":{"@id":"https:\/\/rentalpanda.es\/en\/#organization"},"potentialAction":[{"@type":"SearchAction","target":{"@type":"EntryPoint","urlTemplate":"https:\/\/rentalpanda.es\/en\/?s={search_term_string}"},"query-input":{"@type":"PropertyValueSpecification","valueRequired":true,"valueName":"search_term_string"}}],"inLanguage":"es"},{"@type":"Organization","@id":"https:\/\/rentalpanda.es\/en\/#organization","name":"Rentalpanda.es","url":"https:\/\/rentalpanda.es\/en\/","logo":{"@type":"ImageObject","inLanguage":"es","@id":"https:\/\/rentalpanda.es\/en\/#\/schema\/logo\/image\/","url":"https:\/\/rentalpanda.es\/wp-content\/uploads\/2017\/02\/rentalpanda-logo-webseite-end.png","contentUrl":"https:\/\/rentalpanda.es\/wp-content\/uploads\/2017\/02\/rentalpanda-logo-webseite-end.png","width":260,"height":71,"caption":"Rentalpanda.es"},"image":{"@id":"https:\/\/rentalpanda.es\/en\/#\/schema\/logo\/image\/"},"sameAs":["https:\/\/www.facebook.com\/rentalpandamallorca"]}]}},"_links":{"self":[{"href":"https:\/\/rentalpanda.es\/es\/wp-json\/wp\/v2\/pages\/6878","targetHints":{"allow":["GET"]}}],"collection":[{"href":"https:\/\/rentalpanda.es\/es\/wp-json\/wp\/v2\/pages"}],"about":[{"href":"https:\/\/rentalpanda.es\/es\/wp-json\/wp\/v2\/types\/page"}],"author":[{"embeddable":true,"href":"https:\/\/rentalpanda.es\/es\/wp-json\/wp\/v2\/users\/1"}],"replies":[{"embeddable":true,"href":"https:\/\/rentalpanda.es\/es\/wp-json\/wp\/v2\/comments?post=6878"}],"version-history":[{"count":1,"href":"https:\/\/rentalpanda.es\/es\/wp-json\/wp\/v2\/pages\/6878\/revisions"}],"predecessor-version":[{"id":13917,"href":"https:\/\/rentalpanda.es\/es\/wp-json\/wp\/v2\/pages\/6878\/revisions\/13917"}],"wp:attachment":[{"href":"https:\/\/rentalpanda.es\/es\/wp-json\/wp\/v2\/media?parent=6878"}],"curies":[{"name":"wp","href":"https:\/\/api.w.org\/{rel}","templated":true}]}}