{"id":58,"date":"2016-06-13T16:11:07","date_gmt":"2016-06-13T16:11:07","guid":{"rendered":"http:\/\/sw-themes.com\/porto_dummy\/?page_id=58"},"modified":"2023-07-28T04:46:01","modified_gmt":"2023-07-28T04:46:01","slug":"sobre-nosotros","status":"publish","type":"page","link":"https:\/\/rentalpanda.es\/es\/ueber-uns\/","title":{"rendered":"Sobre Nosotros"},"content":{"rendered":"<div class=\"wpb-content-wrapper\"><div class=\"vc_row wpb_row row top-row wpb_custom_034b39d9bc6c6b310d69e39f0ccf274f\"><div class=\"vc_column_container col-md-12\"><div class=\"wpb_wrapper vc_column-inner\"><h3  class=\"vc_custom_heading vc_do_custom_heading wpb_custom_aa365bd5046e8294520b4e73732b9d15 align-left\" ><strong>Sobre<\/strong> nosotros<\/h3>\r\n\t<div class=\"wpb_text_column wpb_content_element wpb_custom_7c91d232724f73626cc933bd95b25ff0\" >\r\n\t\t<div class=\"wpb_wrapper\">\r\n\t\t\t<p><img decoding=\"async\" class=\"alignright wp-image-2197 size-medium\" src=\"https:\/\/rentalpanda.es\/wp-content\/uploads\/2017\/02\/kategorie-strand-300x300.jpg\" alt=\"Kategorie Strand\" width=\"300\" height=\"300\" \/><\/p>\n<p>Como padres que a\u00fan adoran viajar, sabemos lo dif\u00edcil que puede ser viajar con dos ni\u00f1os activos y amantes de la diversi\u00f3n. En casa o de vacaciones, \u00a1siempre queremos cuidar a nuestros peque\u00f1os y mantenerlos c\u00f3modos y entretenidos en todo momento!<\/p>\n<p>\u00a1Es por eso que RentalPanda est\u00e1 aqu\u00ed! \u00a1No solo simplificamos su equipaje antes de las vacaciones y lo ayudamos a evitar costos adicionales de la aerol\u00ednea, sino que tambi\u00e9n nos aseguramos de que pueda relajarse completamente y disfrutar de su estancia de vacaciones en Mallorca!<\/p>\n<p>Queremos facilitar que las familias, las parejas y los solteros viajen m\u00e1s livianos y sin estr\u00e9s - <i><b>proporcionando una gama completa de elementos esenciales para las vacaciones dif\u00edciles de empacar, que incluyen equipo para beb\u00e9s, as\u00ed como equipos de playa y para vacaciones.<\/b><\/i><\/p>\n<p>No se preocupe por las sillas de coche, las sillas de paseo o las cunas, o si habr\u00e1 una trona disponible o con qu\u00e9 jugar\u00e1n sus peque\u00f1os.<\/p>\n<p>No se preocupe si recibir\u00e1 una silla de playa por la ma\u00f1ana o sobre los altos precios que tendr\u00e1 que pagar por ellos. \u00a1Todos los art\u00edculos que alquila con nosotros son limpios, seguros y de buena calidad para que no tenga que preocuparse por nada en sus merecidas vacaciones aqu\u00ed en la hermosa isla de Mallorca!<\/p>\n<p>\u00a1Te ayudamos a preocuparte menos y relajarte m\u00e1s! <strong>\u00a1Ahorrar\u00e1s mucho peso en el equipaje!<\/strong> RentalPanda.es proporciona a los hu\u00e9spedes de hoteles, propiedades de alquiler de vacaciones y residencias privadas en Mallorca con el equipo de la m\u00e1s alta calidad que necesitan para disfrutar de unas vacaciones completamente libres de estr\u00e9s.<\/p>\n<p>No deber\u00edas tener que preocuparte por si a\u00fan podr\u00e1s conseguir una tumbona libre por la ma\u00f1ana ni por cu\u00e1nto dinero de tus vacaciones tendr\u00e1s que gastar en ello. <strong>Para los m\u00e1s peque\u00f1os, alquilamos una amplia gama de art\u00edculos para beb\u00e9s,<\/strong> incluyendo sillas de coche para beb\u00e9s y ni\u00f1os, cunas de viaje, cochecitos, tronas, bicicletas de equilibrio, patinetes, productos de seguridad y mucho m\u00e1s.<\/p>\n<p>Los amantes de la playa pueden alquilar, por ejemplo, sillas de playa, tumbonas plegables, mantas de playa y tiendas de playa. <strong>Hacemos entregas en el Aeropuerto de Palma (y en las estaciones de alquiler de coches del aeropuerto)<\/strong> y recogemos tus productos antes de que vueles de regreso a casa.<\/p>\n<p>Tambi\u00e9n entregamos tu equipamiento de vacaciones en tu casa de vacaciones, hotel, apartamento o finca. <strong>\u00a1Servicio completo para ti!<\/strong> \u00a1Y mucho m\u00e1s!<\/p>\n<p>Si no encuentras lo que necesitas en nuestra p\u00e1gina web, no dudes en contactarnos en cualquier momento y haremos todo lo posible por cumplir tus solicitudes especiales.<\/p>\n<p>\u00a1Gracias y FELICES VACACIONES!<\/p>\n<p>Tu equipo de Rentalpanda<\/p>\n\r\n\t\t<\/div>\r\n\t<\/div>\r\n<div class=\"vc_empty_space\"   style=\"height: 32px\"><span class=\"vc_empty_space_inner\"><\/span><\/div><div class=\"porto-separator\"><style>.separator0b4048a7d648636085ac7b1d3ff7ccae:after {border-color:grey !important;}<\/style><hr class=\"separator-line  wpb_content_element align_center dashed separator0b4048a7d648636085ac7b1d3ff7ccae\"><\/div><div class=\"vc_empty_space\"   style=\"height: 32px\"><span class=\"vc_empty_space_inner\"><\/span><\/div><h5  class=\"vc_custom_heading vc_do_custom_heading wpb_custom_aa365bd5046e8294520b4e73732b9d15 align-left\" >Ein toller <strong>Tipp f\u00fcr Eltern<\/strong><\/h5>\r\n\t<div class=\"wpb_text_column wpb_content_element wpb_custom_7c91d232724f73626cc933bd95b25ff0\" >\r\n\t\t<div class=\"wpb_wrapper\">\r\n\t\t\t<p>Sie suchen nach einem ganz besonderem Geschenk f\u00fcr ihr Kind oder ein Geschenk f\u00fcr eine Taufe, einen Geburtstag oder wollen einem kleinen Schatz einfach nur so eine riesige Freude machen?<\/p>\n<p>Dann schauen Sie doch mal in der <strong>mi Galerie<\/strong>\u00a0vorbei - hier finden Sie handbemalte Kinderaccessoires, Illustrationen, und viele weitere personalisierte Geschenke f\u00fcr Klein und Gro\u00df! Jessica F\u00fcllenbach verkauft keine Massenware, sondern mit Liebe gestaltete Produkte, qualitativ hochwertig und hergestellt in Deutschland.<\/p>\n<p><a href=\"http:\/\/www.migalerie.de\/\" target=\"_blank\" rel=\"noopener noreferrer\"><img decoding=\"async\" class=\"alignnone wp-image-7718 size-medium\" src=\"https:\/\/rentalpanda.es\/wp-content\/uploads\/2018\/10\/mi-galerie-300x133.png\" alt=\"Mi Galerie Kinderaccessoires handgemacht\" width=\"300\" height=\"133\" \/><\/a><\/p>\n\r\n\t\t<\/div>\r\n\t<\/div>\r\n<\/div><\/div><\/div>\n<\/div>","protected":false},"excerpt":{"rendered":"\u00dcber Uns Als zweifache und immer noch sehr reiselustige Eltern wissen wir ganz genau, wie schwierig es sein kann mit zwei aktiven und anspruchsvollen Kindern in den Urlaub zu fahren. Ob zu Hause oder im Urlaub sind wir ja auch stets darauf bedacht, unsere kleinen Lieblinge zu besch\u00fctzen, zu umsorgen und sie dabei auch noch [...]","protected":false},"author":1,"featured_media":0,"parent":0,"menu_order":0,"comment_status":"closed","ping_status":"closed","template":"","meta":{"footnotes":""},"class_list":["post-58","page","type-page","status-publish","hentry"],"yoast_head":"<!-- This site is optimized with the Yoast SEO plugin v27.1.1 - https:\/\/yoast.com\/product\/yoast-seo-wordpress\/ -->\n<title>\u00dcber uns - Produkte Mieten auf Mallorca | RentalPanda.es<\/title>\n<meta name=\"description\" content=\"Wir vermieten eine gro\u00dfe Auswahl an Produkten f\u00fcr Baby &amp; Kind, f\u00fcr den Strand oder das Feriendomizil. Urlaub mit allen Extras &amp; ohne Stress!\" \/>\n<meta name=\"robots\" content=\"index, follow, max-snippet:-1, max-image-preview:large, max-video-preview:-1\" \/>\n<link rel=\"canonical\" href=\"https:\/\/rentalpanda.es\/es\/sobre-nosotros\/\" \/>\n<meta property=\"og:locale\" content=\"es_ES\" \/>\n<meta property=\"og:type\" content=\"article\" \/>\n<meta property=\"og:title\" content=\"\u00dcber uns - Produkte Mieten auf Mallorca | RentalPanda.es\" \/>\n<meta property=\"og:description\" content=\"Wir vermieten eine gro\u00dfe Auswahl an Produkten f\u00fcr Baby &amp; Kind, f\u00fcr den Strand oder das Feriendomizil. Urlaub mit allen Extras &amp; ohne Stress!\" \/>\n<meta property=\"og:url\" content=\"https:\/\/rentalpanda.es\/es\/sobre-nosotros\/\" \/>\n<meta property=\"og:site_name\" content=\"RentalPanda.es\" \/>\n<meta property=\"article:publisher\" content=\"https:\/\/www.facebook.com\/rentalpandamallorca\" \/>\n<meta property=\"article:modified_time\" content=\"2023-07-28T04:46:01+00:00\" \/>\n<meta property=\"og:image\" content=\"https:\/\/rentalpanda.es\/wp-content\/uploads\/2017\/02\/kategorie-strand-300x300.jpg\" \/>\n<meta name=\"twitter:card\" content=\"summary_large_image\" \/>\n<meta name=\"twitter:label1\" content=\"Tiempo de lectura\" \/>\n\t<meta name=\"twitter:data1\" content=\"4 minutos\" \/>\n<script type=\"application\/ld+json\" class=\"yoast-schema-graph\">{\"@context\":\"https:\/\/schema.org\",\"@graph\":[{\"@type\":\"WebPage\",\"@id\":\"https:\/\/rentalpanda.es\/ueber-uns\/\",\"url\":\"https:\/\/rentalpanda.es\/ueber-uns\/\",\"name\":\"\u00dcber uns - Produkte Mieten auf Mallorca | RentalPanda.es\",\"isPartOf\":{\"@id\":\"https:\/\/rentalpanda.es\/en\/#website\"},\"primaryImageOfPage\":{\"@id\":\"https:\/\/rentalpanda.es\/ueber-uns\/#primaryimage\"},\"image\":{\"@id\":\"https:\/\/rentalpanda.es\/ueber-uns\/#primaryimage\"},\"thumbnailUrl\":\"https:\/\/rentalpanda.es\/wp-content\/uploads\/2017\/02\/kategorie-strand-300x300.jpg\",\"datePublished\":\"2016-06-13T16:11:07+00:00\",\"dateModified\":\"2023-07-28T04:46:01+00:00\",\"description\":\"Wir vermieten eine gro\u00dfe Auswahl an Produkten f\u00fcr Baby & Kind, f\u00fcr den Strand oder das Feriendomizil. Urlaub mit allen Extras & ohne Stress!\",\"breadcrumb\":{\"@id\":\"https:\/\/rentalpanda.es\/ueber-uns\/#breadcrumb\"},\"inLanguage\":\"es\",\"potentialAction\":[{\"@type\":\"ReadAction\",\"target\":[\"https:\/\/rentalpanda.es\/ueber-uns\/\"]}]},{\"@type\":\"ImageObject\",\"inLanguage\":\"es\",\"@id\":\"https:\/\/rentalpanda.es\/ueber-uns\/#primaryimage\",\"url\":\"https:\/\/rentalpanda.es\/wp-content\/uploads\/2017\/02\/kategorie-strand-300x300.jpg\",\"contentUrl\":\"https:\/\/rentalpanda.es\/wp-content\/uploads\/2017\/02\/kategorie-strand-300x300.jpg\"},{\"@type\":\"BreadcrumbList\",\"@id\":\"https:\/\/rentalpanda.es\/ueber-uns\/#breadcrumb\",\"itemListElement\":[{\"@type\":\"ListItem\",\"position\":1,\"name\":\"Startseite\",\"item\":\"https:\/\/rentalpanda.es\/\"},{\"@type\":\"ListItem\",\"position\":2,\"name\":\"\u00dcber Uns\"}]},{\"@type\":\"WebSite\",\"@id\":\"https:\/\/rentalpanda.es\/en\/#website\",\"url\":\"https:\/\/rentalpanda.es\/en\/\",\"name\":\"RentalPanda.es\",\"description\":\"Baby, Beach &amp; Holiday Gear for Rent\",\"publisher\":{\"@id\":\"https:\/\/rentalpanda.es\/en\/#organization\"},\"potentialAction\":[{\"@type\":\"SearchAction\",\"target\":{\"@type\":\"EntryPoint\",\"urlTemplate\":\"https:\/\/rentalpanda.es\/en\/?s={search_term_string}\"},\"query-input\":{\"@type\":\"PropertyValueSpecification\",\"valueRequired\":true,\"valueName\":\"search_term_string\"}}],\"inLanguage\":\"es\"},{\"@type\":\"Organization\",\"@id\":\"https:\/\/rentalpanda.es\/en\/#organization\",\"name\":\"Rentalpanda.es\",\"url\":\"https:\/\/rentalpanda.es\/en\/\",\"logo\":{\"@type\":\"ImageObject\",\"inLanguage\":\"es\",\"@id\":\"https:\/\/rentalpanda.es\/en\/#\/schema\/logo\/image\/\",\"url\":\"https:\/\/rentalpanda.es\/wp-content\/uploads\/2017\/02\/rentalpanda-logo-webseite-end.png\",\"contentUrl\":\"https:\/\/rentalpanda.es\/wp-content\/uploads\/2017\/02\/rentalpanda-logo-webseite-end.png\",\"width\":260,\"height\":71,\"caption\":\"Rentalpanda.es\"},\"image\":{\"@id\":\"https:\/\/rentalpanda.es\/en\/#\/schema\/logo\/image\/\"},\"sameAs\":[\"https:\/\/www.facebook.com\/rentalpandamallorca\"]}]}<\/script>\n<!-- \/ Yoast SEO plugin. -->","yoast_head_json":{"title":"Sobre nostros - Alquiler Productos para Beb\u00e9s en Mallorca | RentalPanda.es","description":"Wir vermieten eine gro\u00dfe Auswahl an Produkten f\u00fcr Baby & Kind, f\u00fcr den Strand oder das Feriendomizil. Urlaub mit allen Extras & ohne Stress!","robots":{"index":"index","follow":"follow","max-snippet":"max-snippet:-1","max-image-preview":"max-image-preview:large","max-video-preview":"max-video-preview:-1"},"canonical":"https:\/\/rentalpanda.es\/es\/sobre-nosotros\/","og_locale":"es_ES","og_type":"article","og_title":"\u00dcber uns - Produkte Mieten auf Mallorca | RentalPanda.es","og_description":"Wir vermieten eine gro\u00dfe Auswahl an Produkten f\u00fcr Baby & Kind, f\u00fcr den Strand oder das Feriendomizil. Urlaub mit allen Extras & ohne Stress!","og_url":"https:\/\/rentalpanda.es\/es\/sobre-nosotros\/","og_site_name":"RentalPanda.es","article_publisher":"https:\/\/www.facebook.com\/rentalpandamallorca","article_modified_time":"2023-07-28T04:46:01+00:00","og_image":[{"url":"https:\/\/rentalpanda.es\/wp-content\/uploads\/2017\/02\/kategorie-strand-300x300.jpg","type":"","width":"","height":""}],"twitter_card":"summary_large_image","twitter_misc":{"Tiempo de lectura":"4 minutos"},"schema":{"@context":"https:\/\/schema.org","@graph":[{"@type":"WebPage","@id":"https:\/\/rentalpanda.es\/ueber-uns\/","url":"https:\/\/rentalpanda.es\/ueber-uns\/","name":"Sobre nostros - Alquiler Productos para Beb\u00e9s en Mallorca | RentalPanda.es","isPartOf":{"@id":"https:\/\/rentalpanda.es\/en\/#website"},"primaryImageOfPage":{"@id":"https:\/\/rentalpanda.es\/ueber-uns\/#primaryimage"},"image":{"@id":"https:\/\/rentalpanda.es\/ueber-uns\/#primaryimage"},"thumbnailUrl":"https:\/\/rentalpanda.es\/wp-content\/uploads\/2017\/02\/kategorie-strand-300x300.jpg","datePublished":"2016-06-13T16:11:07+00:00","dateModified":"2023-07-28T04:46:01+00:00","description":"Wir vermieten eine gro\u00dfe Auswahl an Produkten f\u00fcr Baby & Kind, f\u00fcr den Strand oder das Feriendomizil. Urlaub mit allen Extras & ohne Stress!","breadcrumb":{"@id":"https:\/\/rentalpanda.es\/ueber-uns\/#breadcrumb"},"inLanguage":"es","potentialAction":[{"@type":"ReadAction","target":["https:\/\/rentalpanda.es\/ueber-uns\/"]}]},{"@type":"ImageObject","inLanguage":"es","@id":"https:\/\/rentalpanda.es\/ueber-uns\/#primaryimage","url":"https:\/\/rentalpanda.es\/wp-content\/uploads\/2017\/02\/kategorie-strand-300x300.jpg","contentUrl":"https:\/\/rentalpanda.es\/wp-content\/uploads\/2017\/02\/kategorie-strand-300x300.jpg"},{"@type":"BreadcrumbList","@id":"https:\/\/rentalpanda.es\/ueber-uns\/#breadcrumb","itemListElement":[{"@type":"ListItem","position":1,"name":"Startseite","item":"https:\/\/rentalpanda.es\/"},{"@type":"ListItem","position":2,"name":"\u00dcber Uns"}]},{"@type":"WebSite","@id":"https:\/\/rentalpanda.es\/en\/#website","url":"https:\/\/rentalpanda.es\/en\/","name":"RentalPanda.es","description":"Baby, Beach &amp; Holiday Gear for Rent","publisher":{"@id":"https:\/\/rentalpanda.es\/en\/#organization"},"potentialAction":[{"@type":"SearchAction","target":{"@type":"EntryPoint","urlTemplate":"https:\/\/rentalpanda.es\/en\/?s={search_term_string}"},"query-input":{"@type":"PropertyValueSpecification","valueRequired":true,"valueName":"search_term_string"}}],"inLanguage":"es"},{"@type":"Organization","@id":"https:\/\/rentalpanda.es\/en\/#organization","name":"Rentalpanda.es","url":"https:\/\/rentalpanda.es\/en\/","logo":{"@type":"ImageObject","inLanguage":"es","@id":"https:\/\/rentalpanda.es\/en\/#\/schema\/logo\/image\/","url":"https:\/\/rentalpanda.es\/wp-content\/uploads\/2017\/02\/rentalpanda-logo-webseite-end.png","contentUrl":"https:\/\/rentalpanda.es\/wp-content\/uploads\/2017\/02\/rentalpanda-logo-webseite-end.png","width":260,"height":71,"caption":"Rentalpanda.es"},"image":{"@id":"https:\/\/rentalpanda.es\/en\/#\/schema\/logo\/image\/"},"sameAs":["https:\/\/www.facebook.com\/rentalpandamallorca"]}]}},"_links":{"self":[{"href":"https:\/\/rentalpanda.es\/es\/wp-json\/wp\/v2\/pages\/58","targetHints":{"allow":["GET"]}}],"collection":[{"href":"https:\/\/rentalpanda.es\/es\/wp-json\/wp\/v2\/pages"}],"about":[{"href":"https:\/\/rentalpanda.es\/es\/wp-json\/wp\/v2\/types\/page"}],"author":[{"embeddable":true,"href":"https:\/\/rentalpanda.es\/es\/wp-json\/wp\/v2\/users\/1"}],"replies":[{"embeddable":true,"href":"https:\/\/rentalpanda.es\/es\/wp-json\/wp\/v2\/comments?post=58"}],"version-history":[{"count":2,"href":"https:\/\/rentalpanda.es\/es\/wp-json\/wp\/v2\/pages\/58\/revisions"}],"predecessor-version":[{"id":13921,"href":"https:\/\/rentalpanda.es\/es\/wp-json\/wp\/v2\/pages\/58\/revisions\/13921"}],"wp:attachment":[{"href":"https:\/\/rentalpanda.es\/es\/wp-json\/wp\/v2\/media?parent=58"}],"curies":[{"name":"wp","href":"https:\/\/api.w.org\/{rel}","templated":true}]}}