{"id":805,"date":"2017-01-19T12:27:21","date_gmt":"2017-01-19T12:27:21","guid":{"rendered":"http:\/\/rentalpanda.es\/?page_id=805"},"modified":"2017-03-10T14:45:27","modified_gmt":"2017-03-10T14:45:27","slug":"deals","status":"publish","type":"page","link":"https:\/\/rentalpanda.es\/en\/deals\/","title":{"rendered":"Deals"},"content":{"rendered":"<p>In K\u00fcrze finden Sie hier tolle Deals...<\/p>","protected":false},"excerpt":{"rendered":"<p>In K\u00fcrze finden Sie hier tolle Deals...<\/p>","protected":false},"author":1,"featured_media":0,"parent":0,"menu_order":0,"comment_status":"closed","ping_status":"closed","template":"","meta":{"footnotes":""},"class_list":["post-805","page","type-page","status-publish","hentry"],"yoast_head":"<!-- This site is optimized with the Yoast SEO plugin v27.1.1 - https:\/\/yoast.com\/product\/yoast-seo-wordpress\/ -->\n<title>Unsere aktuellen Deals | RentalPanda.es<\/title>\n<meta name=\"description\" content=\"Hier finden Sie aktuelle Deals und Schn\u00e4ppchen wie z.B. leicht besch\u00e4digte oder abgenutzte Produkte, die wir nicht mehr vermieten aber sehr g\u00fcnstig abgeben.\" \/>\n<meta name=\"robots\" content=\"index, follow, max-snippet:-1, max-image-preview:large, max-video-preview:-1\" \/>\n<link rel=\"canonical\" href=\"https:\/\/rentalpanda.es\/en\/deals\/\" \/>\n<meta property=\"og:locale\" content=\"en_GB\" \/>\n<meta property=\"og:type\" content=\"article\" \/>\n<meta property=\"og:title\" content=\"Unsere aktuellen Deals | RentalPanda.es\" \/>\n<meta property=\"og:description\" content=\"Hier finden Sie aktuelle Deals und Schn\u00e4ppchen wie z.B. leicht besch\u00e4digte oder abgenutzte Produkte, die wir nicht mehr vermieten aber sehr g\u00fcnstig abgeben.\" \/>\n<meta property=\"og:url\" content=\"https:\/\/rentalpanda.es\/en\/deals\/\" \/>\n<meta property=\"og:site_name\" content=\"RentalPanda.es\" \/>\n<meta property=\"article:publisher\" content=\"https:\/\/www.facebook.com\/rentalpandamallorca\" \/>\n<meta property=\"article:modified_time\" content=\"2017-03-10T14:45:27+00:00\" \/>\n<meta name=\"twitter:card\" content=\"summary_large_image\" \/>\n<script type=\"application\/ld+json\" class=\"yoast-schema-graph\">{\"@context\":\"https:\/\/schema.org\",\"@graph\":[{\"@type\":\"WebPage\",\"@id\":\"https:\/\/rentalpanda.es\/deals\/\",\"url\":\"https:\/\/rentalpanda.es\/deals\/\",\"name\":\"Unsere aktuellen Deals | RentalPanda.es\",\"isPartOf\":{\"@id\":\"https:\/\/rentalpanda.es\/en\/#website\"},\"datePublished\":\"2017-01-19T12:27:21+00:00\",\"dateModified\":\"2017-03-10T14:45:27+00:00\",\"description\":\"Hier finden Sie aktuelle Deals und Schn\u00e4ppchen wie z.B. leicht besch\u00e4digte oder abgenutzte Produkte, die wir nicht mehr vermieten aber sehr g\u00fcnstig abgeben.\",\"breadcrumb\":{\"@id\":\"https:\/\/rentalpanda.es\/deals\/#breadcrumb\"},\"inLanguage\":\"en-GB\",\"potentialAction\":[{\"@type\":\"ReadAction\",\"target\":[\"https:\/\/rentalpanda.es\/deals\/\"]}]},{\"@type\":\"BreadcrumbList\",\"@id\":\"https:\/\/rentalpanda.es\/deals\/#breadcrumb\",\"itemListElement\":[{\"@type\":\"ListItem\",\"position\":1,\"name\":\"Startseite\",\"item\":\"https:\/\/rentalpanda.es\/\"},{\"@type\":\"ListItem\",\"position\":2,\"name\":\"Deals\"}]},{\"@type\":\"WebSite\",\"@id\":\"https:\/\/rentalpanda.es\/en\/#website\",\"url\":\"https:\/\/rentalpanda.es\/en\/\",\"name\":\"RentalPanda.es\",\"description\":\"Baby, Beach &amp; Holiday Gear for Rent\",\"publisher\":{\"@id\":\"https:\/\/rentalpanda.es\/en\/#organization\"},\"potentialAction\":[{\"@type\":\"SearchAction\",\"target\":{\"@type\":\"EntryPoint\",\"urlTemplate\":\"https:\/\/rentalpanda.es\/en\/?s={search_term_string}\"},\"query-input\":{\"@type\":\"PropertyValueSpecification\",\"valueRequired\":true,\"valueName\":\"search_term_string\"}}],\"inLanguage\":\"en-GB\"},{\"@type\":\"Organization\",\"@id\":\"https:\/\/rentalpanda.es\/en\/#organization\",\"name\":\"Rentalpanda.es\",\"url\":\"https:\/\/rentalpanda.es\/en\/\",\"logo\":{\"@type\":\"ImageObject\",\"inLanguage\":\"en-GB\",\"@id\":\"https:\/\/rentalpanda.es\/en\/#\/schema\/logo\/image\/\",\"url\":\"https:\/\/rentalpanda.es\/wp-content\/uploads\/2017\/02\/rentalpanda-logo-webseite-end.png\",\"contentUrl\":\"https:\/\/rentalpanda.es\/wp-content\/uploads\/2017\/02\/rentalpanda-logo-webseite-end.png\",\"width\":260,\"height\":71,\"caption\":\"Rentalpanda.es\"},\"image\":{\"@id\":\"https:\/\/rentalpanda.es\/en\/#\/schema\/logo\/image\/\"},\"sameAs\":[\"https:\/\/www.facebook.com\/rentalpandamallorca\"]}]}<\/script>\n<!-- \/ Yoast SEO plugin. -->","yoast_head_json":{"title":"Unsere aktuellen Deals | RentalPanda.es","description":"Hier finden Sie aktuelle Deals und Schn\u00e4ppchen wie z.B. leicht besch\u00e4digte oder abgenutzte Produkte, die wir nicht mehr vermieten aber sehr g\u00fcnstig abgeben.","robots":{"index":"index","follow":"follow","max-snippet":"max-snippet:-1","max-image-preview":"max-image-preview:large","max-video-preview":"max-video-preview:-1"},"canonical":"https:\/\/rentalpanda.es\/en\/deals\/","og_locale":"en_GB","og_type":"article","og_title":"Unsere aktuellen Deals | RentalPanda.es","og_description":"Hier finden Sie aktuelle Deals und Schn\u00e4ppchen wie z.B. leicht besch\u00e4digte oder abgenutzte Produkte, die wir nicht mehr vermieten aber sehr g\u00fcnstig abgeben.","og_url":"https:\/\/rentalpanda.es\/en\/deals\/","og_site_name":"RentalPanda.es","article_publisher":"https:\/\/www.facebook.com\/rentalpandamallorca","article_modified_time":"2017-03-10T14:45:27+00:00","twitter_card":"summary_large_image","schema":{"@context":"https:\/\/schema.org","@graph":[{"@type":"WebPage","@id":"https:\/\/rentalpanda.es\/deals\/","url":"https:\/\/rentalpanda.es\/deals\/","name":"Unsere aktuellen Deals | RentalPanda.es","isPartOf":{"@id":"https:\/\/rentalpanda.es\/en\/#website"},"datePublished":"2017-01-19T12:27:21+00:00","dateModified":"2017-03-10T14:45:27+00:00","description":"Hier finden Sie aktuelle Deals und Schn\u00e4ppchen wie z.B. leicht besch\u00e4digte oder abgenutzte Produkte, die wir nicht mehr vermieten aber sehr g\u00fcnstig abgeben.","breadcrumb":{"@id":"https:\/\/rentalpanda.es\/deals\/#breadcrumb"},"inLanguage":"en-GB","potentialAction":[{"@type":"ReadAction","target":["https:\/\/rentalpanda.es\/deals\/"]}]},{"@type":"BreadcrumbList","@id":"https:\/\/rentalpanda.es\/deals\/#breadcrumb","itemListElement":[{"@type":"ListItem","position":1,"name":"Startseite","item":"https:\/\/rentalpanda.es\/"},{"@type":"ListItem","position":2,"name":"Deals"}]},{"@type":"WebSite","@id":"https:\/\/rentalpanda.es\/en\/#website","url":"https:\/\/rentalpanda.es\/en\/","name":"RentalPanda.es","description":"Baby, Beach &amp; Holiday Gear for Rent","publisher":{"@id":"https:\/\/rentalpanda.es\/en\/#organization"},"potentialAction":[{"@type":"SearchAction","target":{"@type":"EntryPoint","urlTemplate":"https:\/\/rentalpanda.es\/en\/?s={search_term_string}"},"query-input":{"@type":"PropertyValueSpecification","valueRequired":true,"valueName":"search_term_string"}}],"inLanguage":"en-GB"},{"@type":"Organization","@id":"https:\/\/rentalpanda.es\/en\/#organization","name":"Rentalpanda.es","url":"https:\/\/rentalpanda.es\/en\/","logo":{"@type":"ImageObject","inLanguage":"en-GB","@id":"https:\/\/rentalpanda.es\/en\/#\/schema\/logo\/image\/","url":"https:\/\/rentalpanda.es\/wp-content\/uploads\/2017\/02\/rentalpanda-logo-webseite-end.png","contentUrl":"https:\/\/rentalpanda.es\/wp-content\/uploads\/2017\/02\/rentalpanda-logo-webseite-end.png","width":260,"height":71,"caption":"Rentalpanda.es"},"image":{"@id":"https:\/\/rentalpanda.es\/en\/#\/schema\/logo\/image\/"},"sameAs":["https:\/\/www.facebook.com\/rentalpandamallorca"]}]}},"_links":{"self":[{"href":"https:\/\/rentalpanda.es\/en\/wp-json\/wp\/v2\/pages\/805","targetHints":{"allow":["GET"]}}],"collection":[{"href":"https:\/\/rentalpanda.es\/en\/wp-json\/wp\/v2\/pages"}],"about":[{"href":"https:\/\/rentalpanda.es\/en\/wp-json\/wp\/v2\/types\/page"}],"author":[{"embeddable":true,"href":"https:\/\/rentalpanda.es\/en\/wp-json\/wp\/v2\/users\/1"}],"replies":[{"embeddable":true,"href":"https:\/\/rentalpanda.es\/en\/wp-json\/wp\/v2\/comments?post=805"}],"version-history":[{"count":0,"href":"https:\/\/rentalpanda.es\/en\/wp-json\/wp\/v2\/pages\/805\/revisions"}],"wp:attachment":[{"href":"https:\/\/rentalpanda.es\/en\/wp-json\/wp\/v2\/media?parent=805"}],"curies":[{"name":"wp","href":"https:\/\/api.w.org\/{rel}","templated":true}]}}